{"id":859,"date":"2025-05-06T16:38:50","date_gmt":"2025-05-06T08:38:50","guid":{"rendered":"https:\/\/gigapa.com\/?post_type=product&#038;p=859"},"modified":"2025-11-05T09:11:50","modified_gmt":"2025-11-05T01:11:50","slug":"semi-automatic-baling-machines","status":"publish","type":"product","link":"https:\/\/www.gigapa.com\/fr\/product\/semi-automatic-baling-machines\/","title":{"rendered":"Machines \u00e0 balles semi-automatiques GSB-S"},"content":{"rendered":"<h3>Introduction de l'\u00e9quipement :<\/h3>\n<p>La presse \u00e0 balles verticale semi-automatique comprime les mat\u00e9riaux en entra\u00eenant la t\u00eate de pressage \u00e0 l'aide d'un cylindre hydraulique, r\u00e9duisant ainsi leur volume et augmentant leur densit\u00e9. Par rapport \u00e0 la presse \u00e0 balles verticale ordinaire, elle utilise un cadre soud\u00e9 et deux cylindres principaux pour la compression. Elle ajoute \u00e9galement un cylindre hydraulique d'ouverture de porte et un cylindre hydraulique de pouss\u00e9e. La force de compression est ainsi sup\u00e9rieure \u00e0 celle de la presse \u00e0 balles verticale ordinaire, ce qui permet \u00e9galement d'obtenir de meilleurs effets de pressage et des blocs plus denses. La facilit\u00e9 d'ouverture de la porte et de d\u00e9chargement des blocs permet d'\u00e9conomiser du temps et des efforts. Par cons\u00e9quent, elle peut \u00eatre utilis\u00e9e non seulement comme une machine \u00e0 balles verticales ordinaire, mais elle est \u00e9galement particuli\u00e8rement adapt\u00e9e \u00e0 la mise en balles des d\u00e9chets m\u00e9talliques.<\/p>\n<h3>Gamme d'applications :<\/h3>\n<table style=\"border-collapse: collapse; width: 1296px; height: 311px;\" border=\"0\" width=\"1391\" cellspacing=\"0\" cellpadding=\"0\">\n<tbody>\n<tr style=\"height: 13.50pt;\">\n<td style=\"height: 13.50pt; width: 134.25pt;\" width=\"179\" height=\"18\">M\u00e9taux<\/td>\n<td style=\"width: 909.00pt;\" width=\"1212\">Canettes en aluminium, seaux en fer-blanc, profil\u00e9s en aluminium, d\u00e9chets d'acier inoxydable l\u00e9ger, t\u00f4les de fer minces, cadres de fen\u00eatres en aluminium, etc.<\/td>\n<\/tr>\n<tr style=\"height: 13.50pt;\">\n<td style=\"height: 13.50pt;\" height=\"18\">Papier<\/td>\n<td>Journaux, magazines, livres, papier d'emballage, carton ondul\u00e9, bo\u00eetes en carton, bo\u00eetes en papier, papier publicitaire,<\/p>\n<p>divers d\u00e9chets de papeterie, etc.<\/td>\n<\/tr>\n<tr style=\"height: 13.50pt;\">\n<td style=\"height: 13.50pt;\" height=\"18\">Plastiques<\/td>\n<td>Sacs en plastique, emballages en plastique, bouteilles en plastique, bouteilles de boissons, films de couverture, films en plastique, sacs tiss\u00e9s, seaux en plastique, etc.<\/td>\n<\/tr>\n<tr style=\"height: 13.50pt;\">\n<td style=\"height: 13.50pt;\" height=\"18\">Tissu et cuir<\/td>\n<td>D\u00e9chets de cuir, d\u00e9chets d'usines textiles, d\u00e9chets d'usines de v\u00eatements, tapis, v\u00eatements, rideaux, jouets en peluche, etc.<\/td>\n<\/tr>\n<tr style=\"height: 13.50pt;\">\n<td style=\"height: 13.50pt;\" height=\"18\">Plantes<\/td>\n<td>Diverses pailles, branches d'arbre, balles de riz, etc.<\/td>\n<\/tr>\n<tr style=\"height: 13.50pt;\">\n<td style=\"height: 13.50pt;\" height=\"18\">Autres<\/td>\n<td>Ordures m\u00e9nag\u00e8res, \u00e9ponges, bandes de caoutchouc, tuiles en acier color\u00e9, etc.<\/td>\n<\/tr>\n<\/tbody>\n<\/table>\n<h3>Param\u00e8tres du mod\u00e8le :<\/h3>\n<table style=\"border-collapse: collapse; width: 1076px; height: 403px;\" border=\"0\" width=\"827\" cellspacing=\"0\" cellpadding=\"0\">\n<tbody>\n<tr style=\"height: 13.50pt;\">\n<td class=\"et2\" style=\"height: 13.50pt; width: 204.00pt;\" width=\"272\" height=\"18\">Mod\u00e8le<\/td>\n<td class=\"et2\" style=\"width: 140.25pt;\" width=\"187\">GSB-S1111<\/td>\n<td class=\"et2\" style=\"width: 135.75pt;\" width=\"181\">GSB-S1311<\/td>\n<td class=\"et2\" style=\"width: 140.25pt;\" width=\"187\">GSB-S1511<\/td>\n<\/tr>\n<tr style=\"height: 13.50pt;\">\n<td class=\"et2\" style=\"height: 13.50pt;\" height=\"18\">Taille de l'emballage (L\u00d7L\u00d7H)(mm)<\/td>\n<td class=\"et2\">1100\u00d71100\u00d7600-1000<\/td>\n<td class=\"et2\">1300\u00d71100\u00d7600-1000<\/td>\n<td class=\"et2\">1500\u00d71100\u00d7600-1000<\/td>\n<\/tr>\n<tr style=\"height: 13.50pt;\">\n<td class=\"et2\" style=\"height: 13.50pt;\" height=\"18\">Nombre de passes de reliure (PCS)<\/td>\n<td class=\"et2\">4<\/td>\n<td class=\"et2\">5<\/td>\n<td class=\"et2\">6<\/td>\n<\/tr>\n<tr style=\"height: 13.50pt;\">\n<td class=\"et2\" style=\"height: 13.50pt;\" height=\"18\">Pression du cylindre principal (T)<\/td>\n<td class=\"et2\">80\u00d72<\/td>\n<td class=\"et2\">100\u00d72<\/td>\n<td class=\"et2\">125\u00d72<\/td>\n<\/tr>\n<tr style=\"height: 13.50pt;\">\n<td class=\"et2\" style=\"height: 13.50pt;\" height=\"18\">Puissance hydraulique (kW)<\/td>\n<td class=\"et2\">30<\/td>\n<td class=\"et2\">37<\/td>\n<td class=\"et2\">45<\/td>\n<\/tr>\n<tr style=\"height: 13.50pt;\">\n<td class=\"et2\" style=\"height: 13.50pt;\" height=\"18\">Taille de l'h\u00f4te (L\u00d7L\u00d7H)(mm)<\/td>\n<td class=\"et2\">1640\u00d72430\u00d74140<\/td>\n<td class=\"et2\">1860\u00d72450\u00d74160<\/td>\n<td class=\"et2\">2080\u00d72480\u00d74180<\/td>\n<\/tr>\n<tr style=\"height: 13.50pt;\">\n<td class=\"et2\" style=\"height: 13.50pt;\" height=\"18\">Poids total (kg)<\/td>\n<td class=\"et2\">Environ 7500<\/td>\n<td class=\"et2\">Environ 8500<\/td>\n<td class=\"et2\">Environ 9800<\/td>\n<\/tr>\n<\/tbody>\n<\/table>\n<p>Les mod\u00e8les ci-dessus sont des mod\u00e8les universels standard. Si vous avez besoin d'autres mod\u00e8les, veuillez contacter notre personnel. Nous pouvons \u00e9galement fournir des services personnalis\u00e9s en fonction de vos besoins.<\/p>\n<h3>Faits saillants techniques :<\/h3>\n<p>1. Durable et robuste<br \/>\nToutes les structures sont constitu\u00e9es de plaques d'acier \u00e9paisses de haute qualit\u00e9 soud\u00e9es entre elles, offrant une grande r\u00e9sistance, une bonne rigidit\u00e9 et une longue dur\u00e9e de vie.<\/p>\n<p>2. Stable et fiable<br \/>\nLe cylindre principal et les cylindres d'ouverture de porte sont tous deux dot\u00e9s d'une structure de guidage, ce qui garantit un fonctionnement en douceur et \u00e9vite les chargements d\u00e9centr\u00e9s.<\/p>\n<p>3. Conception anti-fausse man\u0153uvre<br \/>\nLes mouvements de verrouillage des cylindres \u00e9vitent les dommages caus\u00e9s \u00e0 l'\u00e9quipement par un mauvais fonctionnement accidentel.<\/p>\n<p><img fetchpriority=\"high\" decoding=\"async\" class=\"alignnone wp-image-1024\" title=\"Machines \u00e0 balles semi-automatiques\" src=\"https:\/\/www.gigapa.com\/wp-content\/uploads\/2025\/05\/\u7eba\u7ec7\u54c12.jpg\" alt=\"Machines \u00e0 balles semi-automatiques\" width=\"500\" height=\"314\" srcset=\"https:\/\/www.gigapa.com\/wp-content\/uploads\/2025\/05\/\u7eba\u7ec7\u54c12.jpg 1034w, https:\/\/www.gigapa.com\/wp-content\/uploads\/2025\/05\/\u7eba\u7ec7\u54c12-300x188.jpg 300w, https:\/\/www.gigapa.com\/wp-content\/uploads\/2025\/05\/\u7eba\u7ec7\u54c12-1024x643.jpg 1024w, https:\/\/www.gigapa.com\/wp-content\/uploads\/2025\/05\/\u7eba\u7ec7\u54c12-768x482.jpg 768w, https:\/\/www.gigapa.com\/wp-content\/uploads\/2025\/05\/\u7eba\u7ec7\u54c12-600x377.jpg 600w\" sizes=\"(max-width: 500px) 100vw, 500px\" \/> <img decoding=\"async\" class=\"alignnone wp-image-1025\" title=\"Machines \u00e0 balles semi-automatiques\" src=\"https:\/\/www.gigapa.com\/wp-content\/uploads\/2025\/05\/\u5e9f\u7eb81.jpg\" alt=\"Machines \u00e0 balles semi-automatiques\" width=\"500\" height=\"314\" srcset=\"https:\/\/www.gigapa.com\/wp-content\/uploads\/2025\/05\/\u5e9f\u7eb81.jpg 1034w, https:\/\/www.gigapa.com\/wp-content\/uploads\/2025\/05\/\u5e9f\u7eb81-300x188.jpg 300w, https:\/\/www.gigapa.com\/wp-content\/uploads\/2025\/05\/\u5e9f\u7eb81-1024x643.jpg 1024w, https:\/\/www.gigapa.com\/wp-content\/uploads\/2025\/05\/\u5e9f\u7eb81-768x482.jpg 768w, https:\/\/www.gigapa.com\/wp-content\/uploads\/2025\/05\/\u5e9f\u7eb81-600x377.jpg 600w\" sizes=\"(max-width: 500px) 100vw, 500px\" \/><\/p>\n<p><img decoding=\"async\" class=\"alignnone wp-image-1026\" title=\"Machines \u00e0 balles semi-automatiques\" src=\"https:\/\/www.gigapa.com\/wp-content\/uploads\/2025\/05\/\u94dd\u578b\u6750\u6253\u5305.jpg\" alt=\"Machines \u00e0 balles semi-automatiques\" width=\"500\" height=\"314\" srcset=\"https:\/\/www.gigapa.com\/wp-content\/uploads\/2025\/05\/\u94dd\u578b\u6750\u6253\u5305.jpg 1034w, https:\/\/www.gigapa.com\/wp-content\/uploads\/2025\/05\/\u94dd\u578b\u6750\u6253\u5305-300x188.jpg 300w, https:\/\/www.gigapa.com\/wp-content\/uploads\/2025\/05\/\u94dd\u578b\u6750\u6253\u5305-1024x643.jpg 1024w, https:\/\/www.gigapa.com\/wp-content\/uploads\/2025\/05\/\u94dd\u578b\u6750\u6253\u5305-768x482.jpg 768w, https:\/\/www.gigapa.com\/wp-content\/uploads\/2025\/05\/\u94dd\u578b\u6750\u6253\u5305-600x377.jpg 600w\" sizes=\"(max-width: 500px) 100vw, 500px\" \/> <img loading=\"lazy\" decoding=\"async\" class=\"alignnone wp-image-1027\" title=\"Machines \u00e0 balles semi-automatiques\" src=\"https:\/\/www.gigapa.com\/wp-content\/uploads\/2025\/05\/\u5851\u6599\u74f62.jpg\" alt=\"Machines \u00e0 balles semi-automatiques\" width=\"500\" height=\"314\" srcset=\"https:\/\/www.gigapa.com\/wp-content\/uploads\/2025\/05\/\u5851\u6599\u74f62.jpg 1034w, https:\/\/www.gigapa.com\/wp-content\/uploads\/2025\/05\/\u5851\u6599\u74f62-300x188.jpg 300w, https:\/\/www.gigapa.com\/wp-content\/uploads\/2025\/05\/\u5851\u6599\u74f62-1024x643.jpg 1024w, https:\/\/www.gigapa.com\/wp-content\/uploads\/2025\/05\/\u5851\u6599\u74f62-768x482.jpg 768w, https:\/\/www.gigapa.com\/wp-content\/uploads\/2025\/05\/\u5851\u6599\u74f62-600x377.jpg 600w\" sizes=\"(max-width: 500px) 100vw, 500px\" \/><\/p>\n<h3 data-start=\"390\" data-end=\"422\" data-immersive-translate-walked=\"40357c79-c106-4c09-86f8-23e2f7edd479\" data-immersive-translate-paragraph=\"1\">Principe de fonctionnement<\/h3>\n<p data-start=\"390\" data-end=\"422\" data-immersive-translate-walked=\"40357c79-c106-4c09-86f8-23e2f7edd479\" data-immersive-translate-paragraph=\"1\"><strong>1. Compression des mat\u00e9riaux<\/strong><\/p>\n<p data-start=\"426\" data-end=\"865\" data-immersive-translate-walked=\"40357c79-c106-4c09-86f8-23e2f7edd479\" data-immersive-translate-paragraph=\"1\">Le syst\u00e8me hydraulique actionne le plateau (ou la t\u00eate) de compression pour appliquer une force au mat\u00e9riau. Le mat\u00e9riau p\u00e9n\u00e8tre dans la chambre de compression de la machine, o\u00f9 la t\u00eate de compression se d\u00e9place vers le bas pour comprimer le mat\u00e9riau, r\u00e9duisant son volume et augmentant sa densit\u00e9. Ce processus garantit que le mat\u00e9riau est compact\u00e9 en un bloc uniforme et bien tass\u00e9. Le cylindre hydraulique g\u00e9n\u00e8re la force n\u00e9cessaire pour r\u00e9aliser cette compression.<\/p>\n<p data-start=\"867\" data-end=\"928\" data-immersive-translate-walked=\"40357c79-c106-4c09-86f8-23e2f7edd479\" data-immersive-translate-paragraph=\"1\"><strong>2. Deux v\u00e9rins hydrauliques pour une meilleure compression<\/strong><\/p>\n<p data-start=\"932\" data-end=\"1259\" data-immersive-translate-walked=\"40357c79-c106-4c09-86f8-23e2f7edd479\" data-immersive-translate-paragraph=\"1\">Contrairement aux presses \u00e0 balles verticales traditionnelles, la presse \u00e0 balles verticales semi-automatique est \u00e9quip\u00e9e de deux cylindres principaux, ce qui lui conf\u00e8re une plus grande puissance de compression. Cette conception \u00e0 deux cylindres permet d'obtenir une force de compression plus \u00e9lev\u00e9e, ce qui se traduit par des balles plus denses. La puissance suppl\u00e9mentaire permet de comprimer efficacement les mat\u00e9riaux les plus durs.<\/p>\n<p data-start=\"1261\" data-end=\"1309\" data-immersive-translate-walked=\"40357c79-c106-4c09-86f8-23e2f7edd479\" data-immersive-translate-paragraph=\"1\"><strong>3. Cadre soud\u00e9 pour une meilleure durabilit\u00e9<\/strong><\/p>\n<p data-start=\"1313\" data-end=\"1619\" data-immersive-translate-walked=\"40357c79-c106-4c09-86f8-23e2f7edd479\" data-immersive-translate-paragraph=\"1\">Le ch\u00e2ssis soud\u00e9 de la machine lui conf\u00e8re une plus grande stabilit\u00e9 et une plus grande durabilit\u00e9 pendant son fonctionnement. Il est con\u00e7u pour r\u00e9sister aux forces plus importantes g\u00e9n\u00e9r\u00e9es pendant le processus de compression, ce qui garantit un fonctionnement r\u00e9gulier et une dur\u00e9e de vie plus longue que les presses \u00e0 balles standard dont les ch\u00e2ssis sont moins robustes.<\/p>\n<p data-start=\"1621\" data-end=\"1691\" data-immersive-translate-walked=\"40357c79-c106-4c09-86f8-23e2f7edd479\" data-immersive-translate-paragraph=\"1\"><strong>4. V\u00e9rins hydrauliques pour l'ouverture des portes et l'\u00e9jection des mat\u00e9riaux<\/strong><\/p>\n<p data-start=\"1695\" data-end=\"1902\" data-immersive-translate-walked=\"40357c79-c106-4c09-86f8-23e2f7edd479\" data-immersive-translate-paragraph=\"1\">La machine int\u00e8gre \u00e9galement un cylindre hydraulique d'ouverture de porte et un cylindre hydraulique d'\u00e9jection des mat\u00e9riaux. Ces deux v\u00e9rins fonctionnent ensemble pour rendre le processus de chargement et de d\u00e9chargement plus efficace :<\/p>\n<ul>\n<li data-start=\"1908\" data-end=\"2065\" data-immersive-translate-walked=\"40357c79-c106-4c09-86f8-23e2f7edd479\" data-immersive-translate-paragraph=\"1\">Le cylindre hydraulique d'ouverture de la porte permet \u00e0 la porte de la machine de s'ouvrir automatiquement apr\u00e8s la compression, ce qui facilite l'enl\u00e8vement des balles compress\u00e9es.<\/li>\n<li data-start=\"2071\" data-end=\"2222\" data-immersive-translate-walked=\"40357c79-c106-4c09-86f8-23e2f7edd479\" data-immersive-translate-paragraph=\"1\">Le v\u00e9rin hydraulique d'\u00e9jection de la mati\u00e8re pousse la mati\u00e8re compact\u00e9e hors de la chambre, ce qui garantit une manipulation ais\u00e9e des balles finies.<\/li>\n<\/ul>\n<p data-start=\"2224\" data-end=\"2258\" data-immersive-translate-walked=\"40357c79-c106-4c09-86f8-23e2f7edd479\" data-immersive-translate-paragraph=\"1\"><strong>5. Am\u00e9lioration de l'effet de la mise en balle<\/strong><\/p>\n<p data-start=\"2262\" data-end=\"2614\" data-immersive-translate-walked=\"40357c79-c106-4c09-86f8-23e2f7edd479\" data-immersive-translate-paragraph=\"1\">Gr\u00e2ce aux deux v\u00e9rins hydrauliques et aux composants hydrauliques suppl\u00e9mentaires, la presse \u00e0 balles verticale semi-automatique produit des balles d'une densit\u00e9 plus \u00e9lev\u00e9e et d'une forme plus uniforme. La force de compression accrue permet d'obtenir des balles plus serr\u00e9es, plus faciles \u00e0 stocker et \u00e0 transporter, ce qui r\u00e9duit les co\u00fbts de manutention et am\u00e9liore l'efficacit\u00e9 globale de l'emballage.<\/p>\n<h3 data-start=\"2616\" data-end=\"2635\" data-immersive-translate-walked=\"40357c79-c106-4c09-86f8-23e2f7edd479\" data-immersive-translate-paragraph=\"1\">Principaux avantages :<\/h3>\n<ol>\n<li data-start=\"2639\" data-end=\"2750\" data-immersive-translate-walked=\"40357c79-c106-4c09-86f8-23e2f7edd479\" data-immersive-translate-paragraph=\"1\">Force de compression accrue : Les deux cylindres principaux fournissent plus de puissance, assurant une plus grande compression des mat\u00e9riaux.<\/li>\n<li data-start=\"2754\" data-end=\"2869\" data-immersive-translate-walked=\"40357c79-c106-4c09-86f8-23e2f7edd479\" data-immersive-translate-paragraph=\"1\">Meilleur effet de mise en balles : des balles de plus haute densit\u00e9, bien tass\u00e9es, qui am\u00e9liorent l'efficacit\u00e9 du stockage et du transport.<\/li>\n<li data-start=\"2873\" data-end=\"2974\" data-immersive-translate-walked=\"40357c79-c106-4c09-86f8-23e2f7edd479\" data-immersive-translate-paragraph=\"1\">Cadre soud\u00e9 : La structure renforc\u00e9e assure une plus grande durabilit\u00e9 et une meilleure r\u00e9sistance \u00e0 l'usure.<\/li>\n<li data-start=\"2978\" data-end=\"3123\" data-immersive-translate-walked=\"40357c79-c106-4c09-86f8-23e2f7edd479\" data-immersive-translate-paragraph=\"1\">Efficacit\u00e9 op\u00e9rationnelle accrue : Les syst\u00e8mes d'ouverture automatique des portes et d'\u00e9jection des mat\u00e9riaux r\u00e9duisent le travail manuel et augmentent la vitesse op\u00e9rationnelle.<\/li>\n<li data-start=\"3127\" data-end=\"3298\" data-immersive-translate-walked=\"40357c79-c106-4c09-86f8-23e2f7edd479\" data-immersive-translate-paragraph=\"1\">Polyvalence : Convient \u00e0 une large gamme de mat\u00e9riaux, y compris les mat\u00e9riaux souples et r\u00e9sistants, ce qui en fait un outil id\u00e9al pour les industries telles que le recyclage des d\u00e9chets et la fabrication.<\/li>\n<\/ol>","protected":false},"excerpt":{"rendered":"<p>La presse \u00e0 balles semi-automatique est une solution efficace pour comprimer et mettre en balles des mat\u00e9riaux tels que le carton, le plastique, le papier et les textiles. Elle combine des fonctions automatis\u00e9es et des op\u00e9rations manuelles, ce qui permet aux utilisateurs d'alimenter les mat\u00e9riaux, de les comprimer et de lier les balles avec un minimum d'effort. Cette machine am\u00e9liore la productivit\u00e9 en r\u00e9duisant les co\u00fbts de main-d'\u0153uvre et le temps de manutention, tout en offrant une grande flexibilit\u00e9 dans la taille des balles.<\/p>","protected":false},"featured_media":2651,"template":"","meta":{"site-sidebar-layout":"default","site-content-layout":"","ast-site-content-layout":"default","site-content-style":"default","site-sidebar-style":"default","ast-global-header-display":"","ast-banner-title-visibility":"","ast-main-header-display":"","ast-hfb-above-header-display":"","ast-hfb-below-header-display":"","ast-hfb-mobile-header-display":"","site-post-title":"","ast-breadcrumbs-content":"","ast-featured-img":"","footer-sml-layout":"","ast-disable-related-posts":"","theme-transparent-header-meta":"default","adv-header-id-meta":"","stick-header-meta":"","header-above-stick-meta":"","header-main-stick-meta":"","header-below-stick-meta":"","astra-migrate-meta-layouts":"set","ast-page-background-enabled":"default","ast-page-background-meta":{"desktop":{"background-color":"var(--ast-global-color-5)","background-image":"","background-repeat":"repeat","background-position":"center center","background-size":"auto","background-attachment":"scroll","background-type":"","background-media":"","overlay-type":"","overlay-color":"","overlay-opacity":"","overlay-gradient":""},"tablet":{"background-color":"","background-image":"","background-repeat":"repeat","background-position":"center center","background-size":"auto","background-attachment":"scroll","background-type":"","background-media":"","overlay-type":"","overlay-color":"","overlay-opacity":"","overlay-gradient":""},"mobile":{"background-color":"","background-image":"","background-repeat":"repeat","background-position":"center center","background-size":"auto","background-attachment":"scroll","background-type":"","background-media":"","overlay-type":"","overlay-color":"","overlay-opacity":"","overlay-gradient":""}},"ast-content-background-meta":{"desktop":{"background-color":"var(--ast-global-color-4)","background-image":"","background-repeat":"repeat","background-position":"center center","background-size":"auto","background-attachment":"scroll","background-type":"","background-media":"","overlay-type":"","overlay-color":"","overlay-opacity":"","overlay-gradient":""},"tablet":{"background-color":"var(--ast-global-color-4)","background-image":"","background-repeat":"repeat","background-position":"center center","background-size":"auto","background-attachment":"scroll","background-type":"","background-media":"","overlay-type":"","overlay-color":"","overlay-opacity":"","overlay-gradient":""},"mobile":{"background-color":"var(--ast-global-color-4)","background-image":"","background-repeat":"repeat","background-position":"center center","background-size":"auto","background-attachment":"scroll","background-type":"","background-media":"","overlay-type":"","overlay-color":"","overlay-opacity":"","overlay-gradient":""}}},"product_brand":[],"product_cat":[21,152],"product_tag":[85,83,82,87,86,84],"class_list":{"0":"post-859","1":"product","2":"type-product","3":"status-publish","4":"has-post-thumbnail","6":"product_cat-baling-machine","7":"product_cat-vertical-baler","8":"product_tag-china-semi-automatic-baler","9":"product_tag-horizontal-semi-auto-baler","10":"product_tag-semi-auto-balers-for-recycling-waste","11":"product_tag-semi-auto-baling-machine-manufacturer","12":"product_tag-semi-automatic-baler-factory","13":"product_tag-semi-automatic-textile-baler","14":"desktop-align-left","15":"tablet-align-left","16":"mobile-align-left","18":"first","19":"instock","20":"featured","21":"shipping-taxable","22":"product-type-simple"},"_links":{"self":[{"href":"https:\/\/www.gigapa.com\/fr\/wp-json\/wp\/v2\/product\/859","targetHints":{"allow":["GET"]}}],"collection":[{"href":"https:\/\/www.gigapa.com\/fr\/wp-json\/wp\/v2\/product"}],"about":[{"href":"https:\/\/www.gigapa.com\/fr\/wp-json\/wp\/v2\/types\/product"}],"version-history":[{"count":10,"href":"https:\/\/www.gigapa.com\/fr\/wp-json\/wp\/v2\/product\/859\/revisions"}],"predecessor-version":[{"id":2801,"href":"https:\/\/www.gigapa.com\/fr\/wp-json\/wp\/v2\/product\/859\/revisions\/2801"}],"wp:featuredmedia":[{"embeddable":true,"href":"https:\/\/www.gigapa.com\/fr\/wp-json\/wp\/v2\/media\/2651"}],"wp:attachment":[{"href":"https:\/\/www.gigapa.com\/fr\/wp-json\/wp\/v2\/media?parent=859"}],"wp:term":[{"taxonomy":"product_brand","embeddable":true,"href":"https:\/\/www.gigapa.com\/fr\/wp-json\/wp\/v2\/product_brand?post=859"},{"taxonomy":"product_cat","embeddable":true,"href":"https:\/\/www.gigapa.com\/fr\/wp-json\/wp\/v2\/product_cat?post=859"},{"taxonomy":"product_tag","embeddable":true,"href":"https:\/\/www.gigapa.com\/fr\/wp-json\/wp\/v2\/product_tag?post=859"}],"curies":[{"name":"wp","href":"https:\/\/api.w.org\/{rel}","templated":true}]}}