{"id":860,"date":"2025-05-06T16:39:26","date_gmt":"2025-05-06T08:39:26","guid":{"rendered":"https:\/\/gigapa.com\/?post_type=product&#038;p=860"},"modified":"2025-10-13T09:21:08","modified_gmt":"2025-10-13T01:21:08","slug":"bagging-baling-machines","status":"publish","type":"product","link":"https:\/\/www.gigapa.com\/fr\/product\/bagging-baling-machines\/","title":{"rendered":"Machines d'ensachage et de mise en balles GBB-H"},"content":{"rendered":"<h3>Introduction de l'\u00e9quipement :<\/h3>\n<p>La machine d'ensachage et de mise en balles utilise un cylindre hydraulique pour comprimer le mat\u00e9riau dans la chambre de compression plusieurs fois dans diff\u00e9rentes directions avant de le pousser dans le sac. La machine d'ensachage et de mise en balles est principalement utilis\u00e9e pour les mat\u00e9riaux qui ne peuvent pas \u00eatre mis en balles ou pour les mat\u00e9riaux qui ont des exigences sp\u00e9cifiques en mati\u00e8re de stockage. Les blocs de mat\u00e9riaux emball\u00e9s ont une forme rectangulaire standard, qui est \u00e0 la fois esth\u00e9tique et pratique pour l'empilage et la mise en bo\u00eete, et qui ne se renversera pas pendant le transport. Si les sacs en plastique PE sont utilis\u00e9s en conjonction avec l'emballage sous vide, ils peuvent emp\u00eacher efficacement le mat\u00e9riau de devenir humide et de moisir pendant le transport et le stockage. Lorsqu'ils sont utilis\u00e9s avec un convoyeur de pesage, ils peuvent contr\u00f4ler avec pr\u00e9cision le poids de chaque sac, et lorsqu'ils sont combin\u00e9s avec une d\u00e9chiqueteuse, une cribleuse, etc., ils peuvent former une ligne compl\u00e8te de production et d'emballage pour les copeaux de bois.<\/p>\n<div class=\"ast-oembed-container\" style=\"height: 100%;\"><iframe title=\"Machine \u00e0 ensacher horizontale\" width=\"500\" height=\"375\" src=\"https:\/\/www.youtube.com\/embed\/kUY5Pt-0R4Y?feature=oembed\" frameborder=\"0\" allow=\"accelerometer; autoplay; clipboard-write; encrypted-media; gyroscope; picture-in-picture; web-share\" referrerpolicy=\"strict-origin-when-cross-origin\" allowfullscreen><\/iframe><\/div>\n<h3>Gamme d'applications :<\/h3>\n<table style=\"border-collapse: collapse; width: 546.02pt;\" border=\"0\" width=\"728\" cellspacing=\"0\" cellpadding=\"0\">\n<tbody>\n<tr style=\"height: 13.50pt;\">\n<td style=\"height: 13.50pt; width: 129.00pt;\" width=\"172\" height=\"18\">Bois<\/td>\n<td style=\"width: 417.00pt;\" width=\"556\">Copeaux de bois, sciure de bois, etc.<\/td>\n<\/tr>\n<tr style=\"height: 13.50pt;\">\n<td style=\"height: 13.50pt;\" height=\"18\">Tissu et cuir<\/td>\n<td>V\u00eatements, chiffons, chutes d'usine, d\u00e9chets textiles, d\u00e9chets de cuir, etc.<\/td>\n<\/tr>\n<tr style=\"height: 13.50pt;\">\n<td style=\"height: 13.50pt;\" height=\"18\">Plantes<\/td>\n<td>Coques de riz, luzerne, aliments pour animaux ensil\u00e9s, coques de graines de coton, etc.<\/td>\n<\/tr>\n<tr style=\"height: 13.50pt;\">\n<td style=\"height: 13.50pt;\" height=\"18\">Papier<\/td>\n<td>Monnaie d\u00e9chiquet\u00e9e, bouts de papier, etc.<\/td>\n<\/tr>\n<tr style=\"height: 13.50pt;\">\n<td style=\"height: 13.50pt;\" height=\"18\">Sol<\/td>\n<td>Terre de tourbe, terre de coco, etc.<\/td>\n<\/tr>\n<tr style=\"height: 13.50pt;\">\n<td style=\"height: 13.50pt;\" height=\"18\">Autres<\/td>\n<td>Granul\u00e9s de caoutchouc, \u00e9ponge, mousse, latex, etc.<\/td>\n<\/tr>\n<\/tbody>\n<\/table>\n<h3>Param\u00e8tres du mod\u00e8le :<\/h3>\n<table style=\"border-collapse: collapse; width: 1141px; height: 403px;\" border=\"0\" width=\"1007\" cellspacing=\"0\" cellpadding=\"0\">\n<tbody>\n<tr style=\"height: 13.50pt;\">\n<td class=\"et2\" style=\"height: 13.50pt; width: 204.00pt;\" width=\"272\" height=\"18\">Mod\u00e8le<\/td>\n<td class=\"et2\" style=\"width: 140.25pt;\" width=\"187\">GBB-H2515<\/td>\n<td class=\"et2\" style=\"width: 135.75pt;\" width=\"181\">GBB-H3323<\/td>\n<td class=\"et2\" style=\"width: 140.25pt;\" width=\"187\">GBB-H4030<\/td>\n<td class=\"et2\" style=\"width: 135.00pt;\" width=\"180\">GBB-H5050<\/td>\n<\/tr>\n<tr style=\"height: 13.50pt;\">\n<td class=\"et2\" style=\"height: 13.50pt;\" height=\"18\">Dimensions de l'emballage (L\u00d7H\u00d7h)(mm)<\/td>\n<td class=\"et2\">250\u00d7150\u00d7(600-800)<\/td>\n<td class=\"et2\">330\u00d7230\u00d7(350-600)<\/td>\n<td class=\"et2\">400\u00d7300\u00d7(450-600)<\/td>\n<td class=\"et2\">500\u00d7500\u00d7(550-800)<\/td>\n<\/tr>\n<tr style=\"height: 13.50pt;\">\n<td class=\"et2\" style=\"height: 13.50pt;\" height=\"18\">Pression du cylindre principal (T)<\/td>\n<td class=\"et2\">10<\/td>\n<td class=\"et2\">20<\/td>\n<td class=\"et2\">31.5<\/td>\n<td class=\"et2\">63<\/td>\n<\/tr>\n<tr style=\"height: 13.50pt;\">\n<td class=\"et2\" style=\"height: 13.50pt;\" height=\"18\">Pression sous-cylindrique (T)<\/td>\n<td class=\"et2\">10<\/td>\n<td class=\"et2\">16<\/td>\n<td class=\"et2\">20<\/td>\n<td class=\"et2\">50<\/td>\n<\/tr>\n<tr style=\"height: 13.50pt;\">\n<td class=\"et2\" style=\"height: 13.50pt;\" height=\"18\">Puissance hydraulique (kW)<\/td>\n<td class=\"et2\">5.5<\/td>\n<td class=\"et2\">7.5<\/td>\n<td class=\"et2\">11<\/td>\n<td class=\"et2\">30<\/td>\n<\/tr>\n<tr style=\"height: 13.50pt;\">\n<td class=\"et2\" style=\"height: 13.50pt;\" height=\"18\">Dimensions (L\u00d7L\u00d7H)(mm)<\/td>\n<td class=\"et2\">2510\u00d72060\u00d72100<\/td>\n<td class=\"et2\">2660\u00d72360\u00d72100<\/td>\n<td class=\"et2\">2810\u00d72750\u00d72350<\/td>\n<td class=\"et2\">3210\u00d73210\u00d72680<\/td>\n<\/tr>\n<tr style=\"height: 13.50pt;\">\n<td class=\"et2\" style=\"height: 13.50pt;\" height=\"18\">Poids total (kg)<\/td>\n<td class=\"et2\">Environ 1300<\/td>\n<td class=\"et2\">Environ 1600<\/td>\n<td class=\"et2\">Environ 2100<\/td>\n<td class=\"et2\">Environ 3500<\/td>\n<\/tr>\n<\/tbody>\n<\/table>\n<p>Les mod\u00e8les ci-dessus sont des mod\u00e8les universels standard. Si vous avez besoin d'autres mod\u00e8les, veuillez contacter notre personnel. Nous pouvons \u00e9galement fournir des services personnalis\u00e9s en fonction de vos besoins.<\/p>\n<h3>Faits saillants techniques :<\/h3>\n<p>1. Fonctionnement simple<br \/>\nD\u00e9marrage en trois \u00e9tapes, conception intelligente du programme de contr\u00f4le PLC par les ing\u00e9nieurs pour assurer un fonctionnement optimal de l'\u00e9quipement.<\/p>\n<p>2. Ensachage facile<br \/>\nCon\u00e7ue selon des principes ergonomiques, elle facilite les op\u00e9rations d'ensachage et r\u00e9duit la fatigue.<\/p>\n<p>3. Param\u00e8tres ajustables<br \/>\nCommutation ais\u00e9e entre le fonctionnement \u00e0 temps unique et le fonctionnement continu ; ajustement libre entre les r\u00e9glages \"press-loose\" et \"press-tight\".<\/p>\n<p><img fetchpriority=\"high\" decoding=\"async\" class=\"alignnone wp-image-1029\" title=\"Ensachage Machines \u00e0 balles\" src=\"https:\/\/www.gigapa.com\/wp-content\/uploads\/2025\/05\/\u6728\u5c51\u5957\u888b\u6253\u5305.jpg\" alt=\"Ensachage Machines \u00e0 balles\" width=\"500\" height=\"314\" srcset=\"https:\/\/www.gigapa.com\/wp-content\/uploads\/2025\/05\/\u6728\u5c51\u5957\u888b\u6253\u5305.jpg 1034w, https:\/\/www.gigapa.com\/wp-content\/uploads\/2025\/05\/\u6728\u5c51\u5957\u888b\u6253\u5305-300x188.jpg 300w, https:\/\/www.gigapa.com\/wp-content\/uploads\/2025\/05\/\u6728\u5c51\u5957\u888b\u6253\u5305-1024x643.jpg 1024w, https:\/\/www.gigapa.com\/wp-content\/uploads\/2025\/05\/\u6728\u5c51\u5957\u888b\u6253\u5305-768x482.jpg 768w, https:\/\/www.gigapa.com\/wp-content\/uploads\/2025\/05\/\u6728\u5c51\u5957\u888b\u6253\u5305-600x377.jpg 600w\" sizes=\"(max-width: 500px) 100vw, 500px\" \/> <img decoding=\"async\" class=\"alignnone wp-image-1030\" title=\"Ensachage Machines \u00e0 balles\" src=\"https:\/\/www.gigapa.com\/wp-content\/uploads\/2025\/05\/\u6ce1\u6cab\u5957\u888b\u6253\u5305.jpg\" alt=\"Ensachage Machines \u00e0 balles\" width=\"500\" height=\"314\" srcset=\"https:\/\/www.gigapa.com\/wp-content\/uploads\/2025\/05\/\u6ce1\u6cab\u5957\u888b\u6253\u5305.jpg 1034w, https:\/\/www.gigapa.com\/wp-content\/uploads\/2025\/05\/\u6ce1\u6cab\u5957\u888b\u6253\u5305-300x188.jpg 300w, https:\/\/www.gigapa.com\/wp-content\/uploads\/2025\/05\/\u6ce1\u6cab\u5957\u888b\u6253\u5305-1024x643.jpg 1024w, https:\/\/www.gigapa.com\/wp-content\/uploads\/2025\/05\/\u6ce1\u6cab\u5957\u888b\u6253\u5305-768x482.jpg 768w, https:\/\/www.gigapa.com\/wp-content\/uploads\/2025\/05\/\u6ce1\u6cab\u5957\u888b\u6253\u5305-600x377.jpg 600w\" sizes=\"(max-width: 500px) 100vw, 500px\" \/><\/p>\n<p><img decoding=\"async\" class=\"alignnone wp-image-1031\" title=\"Ensachage Machines \u00e0 balles\" src=\"https:\/\/www.gigapa.com\/wp-content\/uploads\/2025\/05\/\u788e\u5e03\u5957\u888b\u6253\u5305.jpg\" alt=\"Ensachage Machines \u00e0 balles\" width=\"500\" height=\"314\" srcset=\"https:\/\/www.gigapa.com\/wp-content\/uploads\/2025\/05\/\u788e\u5e03\u5957\u888b\u6253\u5305.jpg 1034w, https:\/\/www.gigapa.com\/wp-content\/uploads\/2025\/05\/\u788e\u5e03\u5957\u888b\u6253\u5305-300x188.jpg 300w, https:\/\/www.gigapa.com\/wp-content\/uploads\/2025\/05\/\u788e\u5e03\u5957\u888b\u6253\u5305-1024x643.jpg 1024w, https:\/\/www.gigapa.com\/wp-content\/uploads\/2025\/05\/\u788e\u5e03\u5957\u888b\u6253\u5305-768x482.jpg 768w, https:\/\/www.gigapa.com\/wp-content\/uploads\/2025\/05\/\u788e\u5e03\u5957\u888b\u6253\u5305-600x377.jpg 600w\" sizes=\"(max-width: 500px) 100vw, 500px\" \/> <img loading=\"lazy\" decoding=\"async\" class=\"alignnone wp-image-1032\" title=\"Ensachage Machines \u00e0 balles\" src=\"https:\/\/www.gigapa.com\/wp-content\/uploads\/2025\/05\/\u5957\u888b\u673a\u5228\u82b1\u673a\u6253\u53052.jpg\" alt=\"Ensachage Machines \u00e0 balles\" width=\"500\" height=\"314\" srcset=\"https:\/\/www.gigapa.com\/wp-content\/uploads\/2025\/05\/\u5957\u888b\u673a\u5228\u82b1\u673a\u6253\u53052.jpg 1034w, https:\/\/www.gigapa.com\/wp-content\/uploads\/2025\/05\/\u5957\u888b\u673a\u5228\u82b1\u673a\u6253\u53052-300x188.jpg 300w, https:\/\/www.gigapa.com\/wp-content\/uploads\/2025\/05\/\u5957\u888b\u673a\u5228\u82b1\u673a\u6253\u53052-1024x643.jpg 1024w, https:\/\/www.gigapa.com\/wp-content\/uploads\/2025\/05\/\u5957\u888b\u673a\u5228\u82b1\u673a\u6253\u53052-768x482.jpg 768w, https:\/\/www.gigapa.com\/wp-content\/uploads\/2025\/05\/\u5957\u888b\u673a\u5228\u82b1\u673a\u6253\u53052-600x377.jpg 600w\" sizes=\"(max-width: 500px) 100vw, 500px\" \/><\/p>\n<h3>FAQ<\/h3>\n<p>1. Quels sont les mat\u00e9riaux qui peuvent \u00eatre transform\u00e9s ?<br \/>\nLes mat\u00e9riaux courants comprennent les copeaux de bois, les d\u00e9chets agricoles, le plastique, le papier, les textiles et d'autres mat\u00e9riaux en vrac ou encombrants.<\/p>\n<p>2. La machine d'ensachage et de mise en balles peut-elle \u00eatre utilis\u00e9e dans une cha\u00eene de production ?<br \/>\nOui ! Lorsqu'elle est int\u00e9gr\u00e9e \u00e0 d'autres machines telles qu'une d\u00e9chiqueteuse, un crible ou un convoyeur, la machine d'ensachage et de mise en balles peut former une ligne compl\u00e8te de production et d'emballage. Ceci est particuli\u00e8rement avantageux pour les industries telles que la production de copeaux de bois, o\u00f9 l'automatisation et l'efficacit\u00e9 sont cruciales.<\/p>\n<p>3. Quels sont les avantages de l'utilisation de sacs en plastique PE pour le stockage ?<br \/>\nL'utilisation de sacs en plastique PE, en particulier en association avec un emballage sous vide, r\u00e9duit consid\u00e9rablement le risque d'humidit\u00e9 et de moisissure pendant le transport et le stockage des mat\u00e9riaux. Ceci est particuli\u00e8rement important pour les industries traitant des mat\u00e9riaux sensibles qui n\u00e9cessitent des conditions s\u00e8ches.<\/p>\n<p>4. La machine d'ensachage et de mise en balles peut-elle \u00eatre personnalis\u00e9e ?<br \/>\nOui, la machine peut \u00eatre personnalis\u00e9e pour r\u00e9pondre aux exigences sp\u00e9cifiques de vos mat\u00e9riaux et de votre processus de production. Les personnalisations peuvent porter sur la taille de la chambre de compression, les dimensions des sacs et l'int\u00e9gration avec d'autres \u00e9quipements tels que les syst\u00e8mes de d\u00e9chiquetage et de convoyage.<\/p>\n<p>5. L'\u00e9quipement est-il complexe \u00e0 utiliser ?<br \/>\nNos \u00e9quipements sont dot\u00e9s d'un syst\u00e8me de contr\u00f4le automatis\u00e9 avec une interface utilisateur simple et facile \u00e0 comprendre, ce qui permet aux op\u00e9rateurs d'utiliser g\u00e9n\u00e9ralement l'\u00e9quipement avec une formation minimale.<\/p>\n<p>6. L'\u00e9quipement est-il s\u00fbr pendant son fonctionnement ?<br \/>\nL'\u00e9quipement est \u00e9quip\u00e9 de nombreux dispositifs de s\u00e9curit\u00e9, y compris l'arr\u00eat automatique et la protection contre les surcharges, afin de garantir un fonctionnement s\u00fbr.<\/p>\n<p>7. Quel est le prix du produit ?<br \/>\nLes prix de nos produits varient en fonction des sp\u00e9cifications et des configurations. Des prix sp\u00e9cifiques peuvent \u00eatre obtenus en contactant notre \u00e9quipe de vente.<\/p>\n<p>8. Quel est le d\u00e9lai de livraison du produit ?<br \/>\nLe d\u00e9lai de livraison de l'\u00e9quipement standard est de quatre semaines. Le d\u00e9lai de livraison des \u00e9quipements personnalis\u00e9s varie en fonction des besoins sp\u00e9cifiques.<\/p>\n<h3>Principe de fonctionnement<\/h3>\n<p>La machine \u00e0 ensacher hydraulique r\u00e9alise une compression efficace et un emballage standardis\u00e9 des mat\u00e9riaux en vrac gr\u00e2ce \u00e0 un syst\u00e8me hydraulique intelligent et \u00e0 une conception modulaire. Son processus technique peut \u00eatre divis\u00e9 en quatre \u00e9tapes cl\u00e9s :<\/p>\n<p><strong>1. Etage de compression multidirectionnelle<\/strong><br \/>\nSyst\u00e8me de pr\u00e9compression tridimensionnel<br \/>\nLe cylindre hydraulique principal (pression comprise entre 20 et 50MPa) entra\u00eene la t\u00eate de pression pour effectuer une compression cyclique multidirectionnelle dans la chambre de compression (g\u00e9n\u00e9ralement 3 \u00e0 5 fois). En alternant le sens d'application de la force, les mat\u00e9riaux en vrac tels que les copeaux de bois et les fibres peuvent atteindre une densit\u00e9 uniforme (300-800kg\/m\u00b3 ajustable).<\/p>\n<p>Contr\u00f4le intelligent de la pression<br \/>\nLe syst\u00e8me PLC surveille la pression de l'huile et les donn\u00e9es du capteur de d\u00e9placement en temps r\u00e9el, ajuste dynamiquement le nombre de compressions et le temps de maintien (5-30 secondes), et veille \u00e0 ce que des mat\u00e9riaux ayant des taux d'humidit\u00e9 diff\u00e9rents (15%-45%) puissent former des blocs stables.<\/p>\n<p><strong>2. \u00c9tape de formage et d'ensachage<\/strong><br \/>\nFormage de moules rectangulaires<br \/>\nLe mat\u00e9riau comprim\u00e9 est pouss\u00e9 dans le moule de sortie rectangulaire standard (taille courante 600\u00d7400\u00d7300 mm). La conception modulaire permet de remplacer rapidement les moules pour r\u00e9pondre \u00e0 diff\u00e9rentes sp\u00e9cifications.<\/p>\n<p>Dispositif d'ensachage automatique<br \/>\nLe capteur photo\u00e9lectrique d\u00e9clenche le m\u00e9canisme d'ensachage automatique du sac en PE (interface d'\u00e9vacuation du vide en option) et coop\u00e8re avec le dispositif de thermoscellage pour achever la fermeture du sac. Le niveau de r\u00e9sistance \u00e0 l'humidit\u00e9 peut atteindre IP65 (en combinaison avec l'emballage sous vide).<\/p>\n<p><strong>3. Contr\u00f4le int\u00e9gr\u00e9<\/strong><br \/>\nSyst\u00e8me de mesure pr\u00e9cis<br \/>\nLorsqu'il est associ\u00e9 au convoyeur de pes\u00e9e, le poids de chaque emballage est contr\u00f4l\u00e9 par une cellule de charge de haute pr\u00e9cision (erreur de \u00b10,5 kg), et le verrouillage de la valeur pr\u00e9d\u00e9finie dans la plage de 25 \u00e0 1 000 kg est possible.<\/p>\n<p>Collaboration sur la cha\u00eene de production<br \/>\nLorsqu'une ligne de production intelligente est constitu\u00e9e d'un concasseur et d'un crible, la synchronisation de la vitesse est assur\u00e9e par un bus industriel (tel que PROFINET), et la capacit\u00e9 de traitement peut atteindre 5 \u00e0 20 tonnes par heure.<\/p>\n<p><strong>4. Conception d'applications sp\u00e9ciales<\/strong><br \/>\nSolution anti-humidit\u00e9 et anti-corrosion<br \/>\nUtiliser des sacs PE composites multicouches (\u00e9paisseur 0,15-0,3mm en option) + groupe de pompe \u00e0 vide (en option) pour rendre l'humidit\u00e9 interne de l'emballage \u226410%, adapt\u00e9 aux environnements humides tels que le transport maritime.<\/p>\n<p>Caract\u00e9ristiques de s\u00e9curit\u00e9 et de stabilit\u00e9<br \/>\n\u00c9quip\u00e9 d'une soupape de protection contre les surcharges et d'un bouton de retour d'urgence, il rel\u00e2che automatiquement la pression en cas de surcharge par 160%, et le bruit de l'\u00e9quipement est contr\u00f4l\u00e9 en dessous de 75dB(A) (avec un couvercle insonoris\u00e9).<\/p>","protected":false},"excerpt":{"rendered":"<p>Les machines d'ensachage et de mise en balles sont principalement utilis\u00e9es pour les mat\u00e9riaux volumineux et en vrac qui doivent \u00eatre regroup\u00e9s pour conserver leur forme apr\u00e8s compression, tels que les d\u00e9chets de papier, les bouteilles de boisson, les films, les sacs tiss\u00e9s, les d\u00e9chets de tissu, la paille, etc. Les produits comprennent des machines verticales, horizontales, enti\u00e8rement automatiques, semi-automatiques, etc.<\/p>","protected":false},"featured_media":573,"template":"","meta":{"site-sidebar-layout":"default","site-content-layout":"","ast-site-content-layout":"default","site-content-style":"default","site-sidebar-style":"default","ast-global-header-display":"","ast-banner-title-visibility":"","ast-main-header-display":"","ast-hfb-above-header-display":"","ast-hfb-below-header-display":"","ast-hfb-mobile-header-display":"","site-post-title":"","ast-breadcrumbs-content":"","ast-featured-img":"","footer-sml-layout":"","ast-disable-related-posts":"","theme-transparent-header-meta":"default","adv-header-id-meta":"","stick-header-meta":"","header-above-stick-meta":"","header-main-stick-meta":"","header-below-stick-meta":"","astra-migrate-meta-layouts":"set","ast-page-background-enabled":"default","ast-page-background-meta":{"desktop":{"background-color":"var(--ast-global-color-5)","background-image":"","background-repeat":"repeat","background-position":"center center","background-size":"auto","background-attachment":"scroll","background-type":"","background-media":"","overlay-type":"","overlay-color":"","overlay-opacity":"","overlay-gradient":""},"tablet":{"background-color":"","background-image":"","background-repeat":"repeat","background-position":"center center","background-size":"auto","background-attachment":"scroll","background-type":"","background-media":"","overlay-type":"","overlay-color":"","overlay-opacity":"","overlay-gradient":""},"mobile":{"background-color":"","background-image":"","background-repeat":"repeat","background-position":"center center","background-size":"auto","background-attachment":"scroll","background-type":"","background-media":"","overlay-type":"","overlay-color":"","overlay-opacity":"","overlay-gradient":""}},"ast-content-background-meta":{"desktop":{"background-color":"var(--ast-global-color-4)","background-image":"","background-repeat":"repeat","background-position":"center center","background-size":"auto","background-attachment":"scroll","background-type":"","background-media":"","overlay-type":"","overlay-color":"","overlay-opacity":"","overlay-gradient":""},"tablet":{"background-color":"var(--ast-global-color-4)","background-image":"","background-repeat":"repeat","background-position":"center center","background-size":"auto","background-attachment":"scroll","background-type":"","background-media":"","overlay-type":"","overlay-color":"","overlay-opacity":"","overlay-gradient":""},"mobile":{"background-color":"var(--ast-global-color-4)","background-image":"","background-repeat":"repeat","background-position":"center center","background-size":"auto","background-attachment":"scroll","background-type":"","background-media":"","overlay-type":"","overlay-color":"","overlay-opacity":"","overlay-gradient":""}}},"product_brand":[],"product_cat":[21,154],"product_tag":[130,89,88,91,90,128,129,92],"class_list":{"0":"post-860","1":"product","2":"type-product","3":"status-publish","4":"has-post-thumbnail","6":"product_cat-baling-machine","7":"product_cat-bagging-baler","8":"product_tag-alfalfa-baler","9":"product_tag-bagging-baling-machine-manufacturer","10":"product_tag-china-wood-shaving-baler","11":"product_tag-hydraulic-bagging-baling-machine","12":"product_tag-rag-bagging-baler-machine","13":"product_tag-silage-bagging-baler","14":"product_tag-straw-baler","15":"product_tag-waste-foam-bagging-baler","16":"desktop-align-left","17":"tablet-align-left","18":"mobile-align-left","20":"first","21":"instock","22":"featured","23":"shipping-taxable","24":"product-type-simple"},"_links":{"self":[{"href":"https:\/\/www.gigapa.com\/fr\/wp-json\/wp\/v2\/product\/860","targetHints":{"allow":["GET"]}}],"collection":[{"href":"https:\/\/www.gigapa.com\/fr\/wp-json\/wp\/v2\/product"}],"about":[{"href":"https:\/\/www.gigapa.com\/fr\/wp-json\/wp\/v2\/types\/product"}],"version-history":[{"count":10,"href":"https:\/\/www.gigapa.com\/fr\/wp-json\/wp\/v2\/product\/860\/revisions"}],"predecessor-version":[{"id":2658,"href":"https:\/\/www.gigapa.com\/fr\/wp-json\/wp\/v2\/product\/860\/revisions\/2658"}],"wp:featuredmedia":[{"embeddable":true,"href":"https:\/\/www.gigapa.com\/fr\/wp-json\/wp\/v2\/media\/573"}],"wp:attachment":[{"href":"https:\/\/www.gigapa.com\/fr\/wp-json\/wp\/v2\/media?parent=860"}],"wp:term":[{"taxonomy":"product_brand","embeddable":true,"href":"https:\/\/www.gigapa.com\/fr\/wp-json\/wp\/v2\/product_brand?post=860"},{"taxonomy":"product_cat","embeddable":true,"href":"https:\/\/www.gigapa.com\/fr\/wp-json\/wp\/v2\/product_cat?post=860"},{"taxonomy":"product_tag","embeddable":true,"href":"https:\/\/www.gigapa.com\/fr\/wp-json\/wp\/v2\/product_tag?post=860"}],"curies":[{"name":"wp","href":"https:\/\/api.w.org\/{rel}","templated":true}]}}