{"id":861,"date":"2025-05-06T16:40:41","date_gmt":"2025-05-06T08:40:41","guid":{"rendered":"https:\/\/gigapa.com\/?post_type=product&#038;p=861"},"modified":"2025-10-13T09:21:02","modified_gmt":"2025-10-13T01:21:02","slug":"door-covered-metal-baling-machines","status":"publish","type":"product","link":"https:\/\/www.gigapa.com\/fr\/product\/door-covered-metal-baling-machines\/","title":{"rendered":"GFB-P Presses \u00e0 balles de m\u00e9taux \u00e0 porte couverte"},"content":{"rendered":"<h3>Introduction de l'\u00e9quipement :<\/h3>\n<p>La presse \u00e0 balles de m\u00e9taux \u00e0 couvercle de porte, \u00e9galement connue sous le nom de machine \u00e0 briqueter les m\u00e9taux \u00e0 couvercle de porte, se compose d'un cadre, d'un couvercle de porte, d'un cylindre hydraulique, d'une t\u00eate de pressage, d'une porte d'emballage, d'une station hydraulique et d'autres composants. Le cylindre du couvercle de la porte, le cylindre lat\u00e9ral et le cylindre principal compriment le mat\u00e9riau m\u00e9tallique dans trois directions, respectivement, pour finalement le presser en un prisme rectangulaire compact. Cela permet de r\u00e9duire le volume et d'augmenter la densit\u00e9 en vrac. Les blocs comprim\u00e9s sont faciles \u00e0 charger et \u00e0 d\u00e9charger, \u00e0 stocker et \u00e0 transporter, et \u00e0 charger dans les fours, ce qui r\u00e9duit consid\u00e9rablement les co\u00fbts tout au long de la cha\u00eene de l'industrie du recyclage et de la r\u00e9g\u00e9n\u00e9ration des m\u00e9taux, en particulier les co\u00fbts de transport et de stockage. Cet \u00e9quipement est donc particuli\u00e8rement utilis\u00e9 dans le domaine du recyclage et de la r\u00e9g\u00e9n\u00e9ration des m\u00e9taux.<\/p>\n<div class=\"ast-oembed-container\" style=\"height: 100%;\"><iframe title=\"Cette presse \u00e0 balles pour m\u00e9taux est un MONSTRE ! Regardez-la \u00e9craser la ferraille comme du papier ! #balermachine #balanceuse de m\u00e9taux\" width=\"500\" height=\"281\" src=\"https:\/\/www.youtube.com\/embed\/DQgiCDZwxDk?feature=oembed\" frameborder=\"0\" allow=\"accelerometer; autoplay; clipboard-write; encrypted-media; gyroscope; picture-in-picture; web-share\" referrerpolicy=\"strict-origin-when-cross-origin\" allowfullscreen><\/iframe><\/div>\n<h3>Gamme d'applications :<\/h3>\n<table style=\"border-collapse: collapse; width: 1348px; height: 343px;\" border=\"0\" width=\"1428\" cellspacing=\"0\" cellpadding=\"0\">\n<tbody>\n<tr style=\"height: 13.50pt;\">\n<td style=\"height: 13.50pt; width: 177.00pt;\" width=\"236\" height=\"18\">D\u00e9chets m\u00e9talliques g\u00e9n\u00e9raux<\/td>\n<td style=\"width: 894.00pt;\" width=\"1192\">Canettes en aluminium, ferraille d'acier, ferraille, d\u00e9chets d'aluminium, d\u00e9chets de cuivre, d\u00e9chets de tuiles en acier color\u00e9, d\u00e9chets de barres d'armature de construction, d\u00e9chets de profil\u00e9s en aluminium<\/td>\n<\/tr>\n<tr style=\"height: 13.50pt;\">\n<td style=\"height: 13.50pt;\" height=\"18\">Granul\u00e9s de m\u00e9taux ferreux<\/td>\n<td>Copeaux d'acier inoxydable granul\u00e9s, copeaux d'acier granul\u00e9s, copeaux de fer granul\u00e9s, d\u00e9chets d'emboutissage<\/td>\n<\/tr>\n<tr style=\"height: 13.50pt;\">\n<td style=\"height: 13.50pt;\" height=\"18\">Granul\u00e9s de m\u00e9taux non ferreux<\/td>\n<td>Copeaux d'aluminium granul\u00e9s, copeaux de titane granul\u00e9s<\/td>\n<\/tr>\n<tr style=\"height: 13.50pt;\">\n<td style=\"height: 13.50pt;\" height=\"18\">D\u00e9chets m\u00e9talliques structurels<\/td>\n<td>Coquilles de voitures, d'appareils m\u00e9nagers et d'ordinateurs d\u00e9mont\u00e9s ; feuilles d'aluminium tri\u00e9es \u00e0 partir de feuilles d'\u00e9lectrodes de batteries au lithium<\/td>\n<\/tr>\n<tr style=\"height: 13.50pt;\">\n<td style=\"height: 13.50pt;\" height=\"18\">Sous-produits de fabrication<\/td>\n<td>Copeaux granul\u00e9s produits lors de la fabrication de plaques raffin\u00e9es<\/td>\n<\/tr>\n<tr style=\"height: 13.50pt;\">\n<td style=\"height: 13.50pt;\" height=\"18\">D\u00e9chets m\u00e9talliques divers<\/td>\n<td>D\u00e9bris de t\u00f4le d'acier au silicium, filtres \u00e0 huile, f\u00fbts d'huile, bidons de peinture, d\u00e9chets de produits en feuille d'aluminium<\/td>\n<\/tr>\n<\/tbody>\n<\/table>\n<h3>Param\u00e8tres du mod\u00e8le :<\/h3>\n<table style=\"border-collapse: collapse; width: 980px; height: 453px;\" border=\"0\" width=\"822\" cellspacing=\"0\" cellpadding=\"0\">\n<tbody>\n<tr style=\"height: 13.50pt;\">\n<td style=\"height: 13.50pt; width: 187.50pt;\" width=\"250\" height=\"18\">Mod\u00e8le<\/td>\n<td style=\"width: 107.25pt;\" width=\"143\">GFB-P2512<\/td>\n<td style=\"width: 107.25pt;\" width=\"143\">GFB-P3512<\/td>\n<td style=\"width: 107.25pt;\" width=\"143\">GFB-P4016<\/td>\n<td style=\"width: 107.25pt;\" width=\"143\">GFB-P5025<\/td>\n<\/tr>\n<tr style=\"height: 13.50pt;\">\n<td class=\"et2\" style=\"height: 13.50pt;\" height=\"18\">Taille de l'emballage (L\u00d7H\u00d7L)(mm)<\/td>\n<td class=\"et2\">1200\u00d7700\u00d7600<\/td>\n<td class=\"et2\">1400\u00d7900\u00d7700<\/td>\n<td class=\"et2\">1600\u00d71000\u00d7800<\/td>\n<td class=\"et2\">2000\u00d71400\u00d71000<\/td>\n<\/tr>\n<tr style=\"height: 13.50pt;\">\n<td style=\"height: 13.50pt;\" height=\"18\">Pression du cylindre principal (T)<\/td>\n<td class=\"et2\">250\u00d7250<\/td>\n<td class=\"et2\">350\u00d7350<\/td>\n<td class=\"et2\">400\u00d7400<\/td>\n<td class=\"et2\">500\u00d7500<\/td>\n<\/tr>\n<tr style=\"height: 13.50pt;\">\n<td style=\"height: 13.50pt;\" height=\"18\">Pression sous-cylindrique (T)<\/td>\n<td class=\"et2\">125<\/td>\n<td class=\"et2\">125<\/td>\n<td class=\"et2\">160<\/td>\n<td class=\"et2\">250<\/td>\n<\/tr>\n<tr style=\"height: 13.50pt;\">\n<td style=\"height: 13.50pt;\" height=\"18\">Puissance hydraulique (kW)<\/td>\n<td class=\"et2\">11<\/td>\n<td class=\"et2\">15<\/td>\n<td class=\"et2\">22<\/td>\n<td class=\"et2\">45<\/td>\n<\/tr>\n<tr style=\"height: 13.50pt;\">\n<td style=\"height: 13.50pt;\" height=\"18\">Dimensions (L\u00d7L\u00d7H)(mm)<\/td>\n<td class=\"et2\">3200\u00d72800\u00d72000<\/td>\n<td class=\"et2\">3500\u00d73200\u00d72300<\/td>\n<td class=\"et2\">4100\u00d73700\u00d72600<\/td>\n<td class=\"et2\">4900\u00d74650\u00d73150<\/td>\n<\/tr>\n<tr style=\"height: 13.50pt;\">\n<td style=\"height: 13.50pt;\" height=\"18\">Poids total (kg)<\/td>\n<td class=\"et2\">Environ 6000<\/td>\n<td class=\"et2\">Environ 8400<\/td>\n<td class=\"et2\">Environ 11300<\/td>\n<td class=\"et2\">Environ 21100<\/td>\n<\/tr>\n<\/tbody>\n<\/table>\n<p>Les mod\u00e8les ci-dessus sont des mod\u00e8les universels standard. Si vous avez besoin d'autres mod\u00e8les, veuillez contacter notre personnel. Nous pouvons \u00e9galement fournir des services personnalis\u00e9s en fonction de vos besoins.<\/p>\n<h3>Faits saillants techniques :<\/h3>\n<p>1. Durable et fiable<br \/>\nToutes les surfaces en contact avec les mat\u00e9riaux sont recouvertes de plaques r\u00e9sistantes \u00e0 l'usure, et les principales positions de stress sont con\u00e7ues avec un important facteur de s\u00e9curit\u00e9.<\/p>\n<p>2. Stable et fiable<br \/>\nDes roulements sont ajout\u00e9s aux points d'articulation pour am\u00e9liorer la stabilit\u00e9 et la fiabilit\u00e9 du fonctionnement de l'\u00e9quipement.<\/p>\n<p>3. Anti-sabotage intelligent<br \/>\nLe programme PLC intelligent, m\u00e9ticuleusement con\u00e7u par les ing\u00e9nieurs, pr\u00e9vient efficacement les dommages caus\u00e9s \u00e0 l'\u00e9quipement par des op\u00e9rations accidentelles.<\/p>\n<p><img fetchpriority=\"high\" decoding=\"async\" class=\"alignnone wp-image-1034\" title=\"Machines \u00e0 empaqueter les m\u00e9taux avec porte\" src=\"https:\/\/www.gigapa.com\/wp-content\/uploads\/2025\/05\/\u5e9f\u65e7\u6cb9\u6f06\u6876\u6253\u5305\u538b\u7f29.jpg\" alt=\"Machines \u00e0 empaqueter les m\u00e9taux avec porte\" width=\"500\" height=\"314\" srcset=\"https:\/\/www.gigapa.com\/wp-content\/uploads\/2025\/05\/\u5e9f\u65e7\u6cb9\u6f06\u6876\u6253\u5305\u538b\u7f29.jpg 1034w, https:\/\/www.gigapa.com\/wp-content\/uploads\/2025\/05\/\u5e9f\u65e7\u6cb9\u6f06\u6876\u6253\u5305\u538b\u7f29-300x188.jpg 300w, https:\/\/www.gigapa.com\/wp-content\/uploads\/2025\/05\/\u5e9f\u65e7\u6cb9\u6f06\u6876\u6253\u5305\u538b\u7f29-1024x643.jpg 1024w, https:\/\/www.gigapa.com\/wp-content\/uploads\/2025\/05\/\u5e9f\u65e7\u6cb9\u6f06\u6876\u6253\u5305\u538b\u7f29-768x482.jpg 768w, https:\/\/www.gigapa.com\/wp-content\/uploads\/2025\/05\/\u5e9f\u65e7\u6cb9\u6f06\u6876\u6253\u5305\u538b\u7f29-600x377.jpg 600w\" sizes=\"(max-width: 500px) 100vw, 500px\" \/> <img decoding=\"async\" class=\"alignnone wp-image-1035\" title=\"Machines \u00e0 empaqueter les m\u00e9taux avec porte\" src=\"https:\/\/www.gigapa.com\/wp-content\/uploads\/2025\/05\/\u65e7\u91d1\u5c5e.png\" alt=\"Machines \u00e0 empaqueter les m\u00e9taux avec porte\" width=\"500\" height=\"314\" srcset=\"https:\/\/www.gigapa.com\/wp-content\/uploads\/2025\/05\/\u65e7\u91d1\u5c5e.png 1034w, https:\/\/www.gigapa.com\/wp-content\/uploads\/2025\/05\/\u65e7\u91d1\u5c5e-300x188.png 300w, https:\/\/www.gigapa.com\/wp-content\/uploads\/2025\/05\/\u65e7\u91d1\u5c5e-1024x643.png 1024w, https:\/\/www.gigapa.com\/wp-content\/uploads\/2025\/05\/\u65e7\u91d1\u5c5e-768x482.png 768w, https:\/\/www.gigapa.com\/wp-content\/uploads\/2025\/05\/\u65e7\u91d1\u5c5e-600x377.png 600w\" sizes=\"(max-width: 500px) 100vw, 500px\" \/><\/p>\n<p><img decoding=\"async\" class=\"alignnone wp-image-1036\" title=\"Machines \u00e0 empaqueter les m\u00e9taux avec porte\" src=\"https:\/\/www.gigapa.com\/wp-content\/uploads\/2025\/05\/\u94c1\u5c51.png\" alt=\"Machines \u00e0 empaqueter les m\u00e9taux avec porte\" width=\"500\" height=\"314\" srcset=\"https:\/\/www.gigapa.com\/wp-content\/uploads\/2025\/05\/\u94c1\u5c51.png 1034w, https:\/\/www.gigapa.com\/wp-content\/uploads\/2025\/05\/\u94c1\u5c51-300x188.png 300w, https:\/\/www.gigapa.com\/wp-content\/uploads\/2025\/05\/\u94c1\u5c51-1024x643.png 1024w, https:\/\/www.gigapa.com\/wp-content\/uploads\/2025\/05\/\u94c1\u5c51-768x482.png 768w, https:\/\/www.gigapa.com\/wp-content\/uploads\/2025\/05\/\u94c1\u5c51-600x377.png 600w\" sizes=\"(max-width: 500px) 100vw, 500px\" \/> <img loading=\"lazy\" decoding=\"async\" class=\"alignnone wp-image-1037\" title=\"Machines \u00e0 empaqueter les m\u00e9taux avec porte\" src=\"https:\/\/www.gigapa.com\/wp-content\/uploads\/2025\/05\/\u6613\u62c9\u7f501.png\" alt=\"Machines \u00e0 empaqueter les m\u00e9taux avec porte\" width=\"500\" height=\"314\" srcset=\"https:\/\/www.gigapa.com\/wp-content\/uploads\/2025\/05\/\u6613\u62c9\u7f501.png 1034w, https:\/\/www.gigapa.com\/wp-content\/uploads\/2025\/05\/\u6613\u62c9\u7f501-300x188.png 300w, https:\/\/www.gigapa.com\/wp-content\/uploads\/2025\/05\/\u6613\u62c9\u7f501-1024x643.png 1024w, https:\/\/www.gigapa.com\/wp-content\/uploads\/2025\/05\/\u6613\u62c9\u7f501-768x482.png 768w, https:\/\/www.gigapa.com\/wp-content\/uploads\/2025\/05\/\u6613\u62c9\u7f501-600x377.png 600w\" sizes=\"(max-width: 500px) 100vw, 500px\" \/><\/p>\n<h3>Processus de travail :<\/h3>\n<ul>\n<li>Alimentation : Les d\u00e9chets m\u00e9talliques sont charg\u00e9s dans la chambre de compression manuellement ou \u00e0 l'aide d'un convoyeur.<\/li>\n<li>Compression : Le cylindre hydraulique applique une pression de 100 \u00e0 300 tonnes pour des compressions multiples.<\/li>\n<li>Formage : Formage de blocs rectangulaires de haute densit\u00e9 (densit\u00e9 de 2 \u00e0 5 tonnes\/m\u00b3)<\/li>\n<li>Pouss\u00e9e : Un dispositif unique de pouss\u00e9e lat\u00e9rale permet de faire sortir compl\u00e8tement les blocs finis.<\/li>\n<li>D\u00e9chargement : Les blocs peuvent \u00eatre transport\u00e9s par un chariot \u00e9l\u00e9vateur \u00e0 fourche ou une bande transporteuse.<\/li>\n<li>R\u00e9initialisation : L'appareil se r\u00e9initialise automatiquement et se pr\u00e9pare pour le cycle suivant.<\/li>\n<\/ul>\n<h3>Principaux avantages de la machine \u00e0 empaqueter les couvertures de portes en m\u00e9tal :<\/h3>\n<p><strong>Production \u00e0 haut rendement<\/strong><\/p>\n<ul>\n<li>Capable de mettre en balles des dizaines de sacs de ferraille par heure, ce qui d\u00e9passe de loin l'efficacit\u00e9 du traitement manuel.<\/li>\n<\/ul>\n<p><strong>Optimisation des co\u00fbts<\/strong><\/p>\n<ul>\n<li>La compression r\u00e9duit le volume de plus de 80%, ce qui r\u00e9duit consid\u00e9rablement les co\u00fbts de stockage.<\/li>\n<li>Les balles r\u00e9gularis\u00e9es facilitent le transport, r\u00e9duisant les co\u00fbts de transport de 30%-50%<\/li>\n<\/ul>\n<p><strong>Avantages \u00e0 valeur ajout\u00e9e<\/strong><\/p>\n<ul>\n<li>Les balles de m\u00e9tal pur \u00e0 haute densit\u00e9 augmentent les prix du recyclage de 15%-20%<\/li>\n<\/ul>\n<p><strong>Conformit\u00e9 environnementale<\/strong><\/p>\n<ul>\n<li>La mise en balles ferm\u00e9e r\u00e9duit les risques de contamination<\/li>\n<li>Enti\u00e8rement conforme aux derni\u00e8res r\u00e9glementations environnementales<\/li>\n<\/ul>\n<p><strong>Am\u00e9lioration de la gestion<\/strong><\/p>\n<ul>\n<li>Les balles standardis\u00e9es facilitent le stockage et la gestion<\/li>\n<li>Renforcer l'image de production verte de l'entreprise<\/li>\n<\/ul>\n<p>(La capacit\u00e9 de traitement de l'\u00e9quipement peut \u00eatre personnalis\u00e9e en fonction des besoins)<\/p>\n<h3>FAQ<\/h3>\n<p>1. Q : \u00cates-vous un fabricant de machines hydrauliques de recyclage de la ferraille ?<br \/>\nR : Oui, GIGAPA est un fabricant professionnel de machines de recyclage de la ferraille qui se concentre sur la conception et la production de divers types de machines de mise en balles de la ferraille, de d\u00e9chiqueteuses, de machines de briquetage de la ferraille et d'autres \u00e9quipements m\u00e9caniques. Nous avons de nombreuses ann\u00e9es d'exp\u00e9rience dans l'industrie et d'accumulation technique, et nous fournissons des services OEM et ODM.<\/p>\n<p>2. Q : Pouvez-vous fournir des services personnalis\u00e9s ?<br \/>\nR : Oui, nous avons une grande exp\u00e9rience de la personnalisation et nous pouvons concevoir et fabriquer des produits en fonction des besoins sp\u00e9cifiques des clients.<\/p>\n<p>3. Q : Quelle est la quantit\u00e9 minimale de commande ?<br \/>\nR : La quantit\u00e9 minimale de commande est de 1 jeu.<\/p>\n<p>4. Q : Comment contr\u00f4lez-vous la qualit\u00e9 des produits ?<br \/>\nR : Nous disposons d'un syst\u00e8me strict de contr\u00f4le de la qualit\u00e9 et tous les produits sont soumis \u00e0 un contr\u00f4le de qualit\u00e9 rigoureux avant d'\u00eatre emball\u00e9s. Si le client n'est pas satisfait du produit de quelque mani\u00e8re que ce soit, nous r\u00e9agirons rapidement et vous proposerons une solution.<\/p>\n<p>5. Q : Comment passer une commande ?<br \/>\nR : Le client s\u00e9lectionne le produit et nous indique la quantit\u00e9 requise. Apr\u00e8s confirmation des d\u00e9tails, nous \u00e9tablissons un devis. Une fois que le client a confirm\u00e9 et indiqu\u00e9 l'adresse de livraison, nous \u00e9tablissons une facture pro forma et attendons que le client paie.<\/p>\n<p>6. Q : Quels sont les modes de paiement ?<br \/>\nR : Le mode de paiement que nous acceptons est le transfert t\u00e9l\u00e9graphique (T\/T).<\/p>","protected":false},"excerpt":{"rendered":"<p>La machine \u00e0 balles de m\u00e9taux \u00e0 porte est sp\u00e9cialement con\u00e7ue pour comprimer et mettre en balles efficacement les d\u00e9chets m\u00e9talliques, notamment l'aluminium, l'acier et le cuivre. Dot\u00e9e d'une porte robuste, cette machine offre une s\u00e9curit\u00e9 accrue et permet de contenir les mat\u00e9riaux pendant le processus de mise en balles. Elle est id\u00e9ale pour les parcs \u00e0 ferraille, les centres de recyclage et les usines de traitement des m\u00e9taux, car elle offre des performances puissantes et une densit\u00e9 de balles \u00e9lev\u00e9e. Le couvercle de la porte garantit une manipulation s\u00fbre des mat\u00e9riaux, r\u00e9duisant le risque de dispersion des d\u00e9bris et am\u00e9liorant la s\u00e9curit\u00e9 sur le lieu de travail.<\/p>","protected":false},"featured_media":1907,"template":"","meta":{"site-sidebar-layout":"default","site-content-layout":"","ast-site-content-layout":"default","site-content-style":"default","site-sidebar-style":"default","ast-global-header-display":"","ast-banner-title-visibility":"","ast-main-header-display":"","ast-hfb-above-header-display":"","ast-hfb-below-header-display":"","ast-hfb-mobile-header-display":"","site-post-title":"","ast-breadcrumbs-content":"","ast-featured-img":"","footer-sml-layout":"","ast-disable-related-posts":"","theme-transparent-header-meta":"default","adv-header-id-meta":"","stick-header-meta":"","header-above-stick-meta":"","header-main-stick-meta":"","header-below-stick-meta":"","astra-migrate-meta-layouts":"set","ast-page-background-enabled":"default","ast-page-background-meta":{"desktop":{"background-color":"var(--ast-global-color-5)","background-image":"","background-repeat":"repeat","background-position":"center center","background-size":"auto","background-attachment":"scroll","background-type":"","background-media":"","overlay-type":"","overlay-color":"","overlay-opacity":"","overlay-gradient":""},"tablet":{"background-color":"","background-image":"","background-repeat":"repeat","background-position":"center center","background-size":"auto","background-attachment":"scroll","background-type":"","background-media":"","overlay-type":"","overlay-color":"","overlay-opacity":"","overlay-gradient":""},"mobile":{"background-color":"","background-image":"","background-repeat":"repeat","background-position":"center center","background-size":"auto","background-attachment":"scroll","background-type":"","background-media":"","overlay-type":"","overlay-color":"","overlay-opacity":"","overlay-gradient":""}},"ast-content-background-meta":{"desktop":{"background-color":"var(--ast-global-color-4)","background-image":"","background-repeat":"repeat","background-position":"center center","background-size":"auto","background-attachment":"scroll","background-type":"","background-media":"","overlay-type":"","overlay-color":"","overlay-opacity":"","overlay-gradient":""},"tablet":{"background-color":"var(--ast-global-color-4)","background-image":"","background-repeat":"repeat","background-position":"center center","background-size":"auto","background-attachment":"scroll","background-type":"","background-media":"","overlay-type":"","overlay-color":"","overlay-opacity":"","overlay-gradient":""},"mobile":{"background-color":"var(--ast-global-color-4)","background-image":"","background-repeat":"repeat","background-position":"center center","background-size":"auto","background-attachment":"scroll","background-type":"","background-media":"","overlay-type":"","overlay-color":"","overlay-opacity":"","overlay-gradient":""}}},"product_brand":[],"product_cat":[21,155],"product_tag":[95,98,97,94,96,93],"class_list":{"0":"post-861","1":"product","2":"type-product","3":"status-publish","4":"has-post-thumbnail","6":"product_cat-baling-machine","7":"product_cat-metal-baler","8":"product_tag-china-door-covered-metal-baler","9":"product_tag-door-covered-metal-baler-factory","10":"product_tag-door-covered-metal-baler-for-sale","11":"product_tag-door-covered-metal-baler-manufacturer","12":"product_tag-door-covered-metal-baler-price","13":"product_tag-door-covered-metal-baling-machine-supplier","14":"desktop-align-left","15":"tablet-align-left","16":"mobile-align-left","18":"first","19":"instock","20":"featured","21":"shipping-taxable","22":"product-type-simple"},"_links":{"self":[{"href":"https:\/\/www.gigapa.com\/fr\/wp-json\/wp\/v2\/product\/861","targetHints":{"allow":["GET"]}}],"collection":[{"href":"https:\/\/www.gigapa.com\/fr\/wp-json\/wp\/v2\/product"}],"about":[{"href":"https:\/\/www.gigapa.com\/fr\/wp-json\/wp\/v2\/types\/product"}],"version-history":[{"count":11,"href":"https:\/\/www.gigapa.com\/fr\/wp-json\/wp\/v2\/product\/861\/revisions"}],"predecessor-version":[{"id":2515,"href":"https:\/\/www.gigapa.com\/fr\/wp-json\/wp\/v2\/product\/861\/revisions\/2515"}],"wp:featuredmedia":[{"embeddable":true,"href":"https:\/\/www.gigapa.com\/fr\/wp-json\/wp\/v2\/media\/1907"}],"wp:attachment":[{"href":"https:\/\/www.gigapa.com\/fr\/wp-json\/wp\/v2\/media?parent=861"}],"wp:term":[{"taxonomy":"product_brand","embeddable":true,"href":"https:\/\/www.gigapa.com\/fr\/wp-json\/wp\/v2\/product_brand?post=861"},{"taxonomy":"product_cat","embeddable":true,"href":"https:\/\/www.gigapa.com\/fr\/wp-json\/wp\/v2\/product_cat?post=861"},{"taxonomy":"product_tag","embeddable":true,"href":"https:\/\/www.gigapa.com\/fr\/wp-json\/wp\/v2\/product_tag?post=861"}],"curies":[{"name":"wp","href":"https:\/\/api.w.org\/{rel}","templated":true}]}}