{"id":862,"date":"2025-05-06T16:41:20","date_gmt":"2025-05-06T08:41:20","guid":{"rendered":"https:\/\/gigapa.com\/?post_type=product&#038;p=862"},"modified":"2025-10-13T09:20:56","modified_gmt":"2025-10-13T01:20:56","slug":"continuous-metal-baling-machines","status":"publish","type":"product","link":"https:\/\/www.gigapa.com\/fr\/product\/continuous-metal-baling-machines\/","title":{"rendered":"GFB-C Machines \u00e0 empaqueter les m\u00e9taux en continu"},"content":{"rendered":"<h3>Introduction de l'\u00e9quipement :<\/h3>\n<p>Les machines \u00e0 empiler les m\u00e9taux en continu sont \u00e9galement connues sous le nom de presses \u00e0 briqueter \u00e0 tr\u00e9mie. Elles sont principalement utilis\u00e9es pour comprimer la ferraille en blocs. Elles peuvent expulser une partie du liquide, augmenter la densit\u00e9 en vrac, faciliter l'empilage et le recyclage. Elles sont particuli\u00e8rement adapt\u00e9es aux mat\u00e9riaux dont la densit\u00e9 apparente d'origine est \u00e9lev\u00e9e. En utilisant une tr\u00e9mie pour le stockage des mat\u00e9riaux, ils permettent une alimentation et une compression continues, ce qui r\u00e9duit les temps d'arr\u00eat pour le chargement et am\u00e9liore l'efficacit\u00e9 de la production. Associ\u00e9s \u00e0 des convoyeurs, ils s'int\u00e8grent facilement \u00e0 l'\u00e9quipement de production existant pour former une ligne de traitement automatis\u00e9e. Ils sont donc largement utilis\u00e9s dans les situations o\u00f9 les mat\u00e9riaux sont difficiles \u00e0 comprimer, o\u00f9 un degr\u00e9 \u00e9lev\u00e9 d'automatisation est requis et o\u00f9 ils doivent former une ligne de production avec d'autres \u00e9quipements.<\/p>\n<div class=\"ast-oembed-container\" style=\"height: 100%;\"><iframe title=\"Presse \u00e0 balles automatique pour m\u00e9taux comprimant des bo\u00eetes en aluminium #metalbaler\" width=\"500\" height=\"281\" src=\"https:\/\/www.youtube.com\/embed\/yoVsOgq1rH8?feature=oembed\" frameborder=\"0\" allow=\"accelerometer; autoplay; clipboard-write; encrypted-media; gyroscope; picture-in-picture; web-share\" referrerpolicy=\"strict-origin-when-cross-origin\" allowfullscreen><\/iframe><\/div>\n<h3>Gamme d'applications :<\/h3>\n<table style=\"border-collapse: collapse; width: 1354px; height: 397px;\" border=\"0\" width=\"1470\" cellspacing=\"0\" cellpadding=\"0\">\n<tbody>\n<tr style=\"height: 13.50pt;\">\n<td style=\"height: 13.50pt; width: 177.00pt;\" width=\"236\" height=\"18\">D\u00e9chets m\u00e9talliques g\u00e9n\u00e9raux<\/td>\n<td style=\"width: 925.50pt;\" width=\"1234\">Canettes en aluminium, ferraille d'acier, ferraille, d\u00e9chets d'aluminium, d\u00e9chets de cuivre, d\u00e9chets de tuiles d'acier color\u00e9es, d\u00e9chets de barres d'armature de construction, d\u00e9chets de profil\u00e9s en aluminium<\/td>\n<\/tr>\n<tr style=\"height: 13.50pt;\">\n<td style=\"height: 13.50pt;\" height=\"18\">Granul\u00e9s de m\u00e9taux ferreux<\/td>\n<td>Copeaux d'acier inoxydable granul\u00e9s, copeaux d'acier granul\u00e9s, copeaux de fer granul\u00e9s, d\u00e9chets d'emboutissage<\/td>\n<\/tr>\n<tr style=\"height: 13.50pt;\">\n<td style=\"height: 13.50pt;\" height=\"18\">Granul\u00e9s de m\u00e9taux non ferreux<\/td>\n<td>Copeaux d'aluminium granul\u00e9s, copeaux de titane granul\u00e9s<\/td>\n<\/tr>\n<tr style=\"height: 13.50pt;\">\n<td style=\"height: 13.50pt;\" height=\"18\">D\u00e9chets m\u00e9talliques structurels<\/td>\n<td>Carrosseries de voitures d\u00e9mont\u00e9es, coques d'appareils m\u00e9nagers, coques de bo\u00eetiers d'ordinateurs ; feuilles d'aluminium tri\u00e9es \u00e0 partir de morceaux d'\u00e9lectrodes de batteries au lithium<\/td>\n<\/tr>\n<tr style=\"height: 13.50pt;\">\n<td style=\"height: 13.50pt;\" height=\"18\">Sous-produits de fabrication<\/td>\n<td>Copeaux granul\u00e9s provenant de la production de plaques raffin\u00e9es, t\u00f4les d'aluminium \u00e9paisses et d\u00e9chets d'aluminium provenant de l'usinage grossier<\/td>\n<\/tr>\n<tr style=\"height: 13.50pt;\">\n<td style=\"height: 13.50pt;\" height=\"18\">D\u00e9chets m\u00e9talliques divers<\/td>\n<td>D\u00e9bris de t\u00f4le d'acier au silicium, filtres \u00e0 huile, f\u00fbts d'huile, bidons de peinture, d\u00e9chets de produits en feuille d'aluminium<\/td>\n<\/tr>\n<tr style=\"height: 13.50pt;\">\n<td style=\"height: 13.50pt;\" height=\"18\">Industries d'application<\/td>\n<td>Recyclage des m\u00e9taux, fabrication d'automobiles, a\u00e9rospatiale, r\u00e9g\u00e9n\u00e9ration des ressources, fusion des m\u00e9taux, autres industries<\/td>\n<\/tr>\n<\/tbody>\n<\/table>\n<h3>Param\u00e8tres du mod\u00e8le :<\/h3>\n<table style=\"border-collapse: collapse; width: 708.77pt;\" border=\"0\" width=\"945\" cellspacing=\"0\" cellpadding=\"0\">\n<tbody>\n<tr style=\"height: 13.50pt;\">\n<td class=\"et2\" style=\"height: 13.50pt; width: 177.00pt;\" width=\"236\" height=\"18\">Mod\u00e8le<\/td>\n<td class=\"et2\" style=\"width: 120.75pt;\" width=\"161\">GFB-C2510<\/td>\n<td class=\"et2\" style=\"width: 135.75pt;\" width=\"181\">GFB-C3016<\/td>\n<td class=\"et2\" style=\"width: 140.25pt;\" width=\"187\">GFB-C3520<\/td>\n<td class=\"et2\" style=\"width: 135.00pt;\" width=\"180\">GFB-C4020<\/td>\n<\/tr>\n<tr style=\"height: 13.50pt;\">\n<td class=\"et2\" style=\"height: 13.50pt;\" height=\"18\">Taille de l'emballage (L\u00d7H)(mm)<\/td>\n<td class=\"et2\">250\u00d7250<\/td>\n<td class=\"et2\">300\u00d7300<\/td>\n<td class=\"et2\">350\u00d7350<\/td>\n<td class=\"et2\">400\u00d7400<\/td>\n<\/tr>\n<tr style=\"height: 13.50pt;\">\n<td class=\"et2\" style=\"height: 13.50pt;\" height=\"18\">Pression du cylindre principal (T)<\/td>\n<td class=\"et2\">100<\/td>\n<td class=\"et2\">160<\/td>\n<td class=\"et2\">200<\/td>\n<td class=\"et2\">250<\/td>\n<\/tr>\n<tr style=\"height: 13.50pt;\">\n<td class=\"et2\" style=\"height: 13.50pt;\" height=\"18\">Pression sous-cylindrique (T)<\/td>\n<td class=\"et2\">50\u00d72<\/td>\n<td class=\"et2\">80\u00d72<\/td>\n<td class=\"et2\">100\u00d72<\/td>\n<td class=\"et2\">125\u00d72<\/td>\n<\/tr>\n<tr style=\"height: 13.50pt;\">\n<td class=\"et2\" style=\"height: 13.50pt;\" height=\"18\">Puissance hydraulique (kW)<\/td>\n<td class=\"et2\">22<\/td>\n<td class=\"et2\">45<\/td>\n<td class=\"et2\">30\u00d72<\/td>\n<td class=\"et2\">45\u00d72<\/td>\n<\/tr>\n<tr style=\"height: 13.50pt;\">\n<td class=\"et2\" style=\"height: 13.50pt;\" height=\"18\">Taille de l'h\u00f4te (L\u00d7L\u00d7H)(mm)<\/td>\n<td class=\"et2\">3150\u00d73300\u00d72150<\/td>\n<td class=\"et2\">3530\u00d73700\u00d72150<\/td>\n<td class=\"et2\">3950\u00d74130\u00d72450<\/td>\n<td class=\"et2\">4500\u00d74600\u00d72450<\/td>\n<\/tr>\n<tr style=\"height: 13.50pt;\">\n<td class=\"et2\" style=\"height: 13.50pt;\" height=\"18\">Poids total (kg)<\/td>\n<td class=\"et2\">Environ 6300<\/td>\n<td class=\"et2\">Environ 7500<\/td>\n<td class=\"et2\">Environ 9000<\/td>\n<td class=\"et2\">Environ 11100<\/td>\n<\/tr>\n<\/tbody>\n<\/table>\n<p>Les mod\u00e8les ci-dessus sont des mod\u00e8les universels standard. Si vous avez besoin d'autres mod\u00e8les, veuillez contacter notre personnel. Nous pouvons \u00e9galement fournir des services personnalis\u00e9s en fonction de vos besoins.<\/p>\n<h3>Faits saillants techniques :<\/h3>\n<p>1. Une force infinie<br \/>\nL'utilisation d'un cylindre \u00e0 double compression permet d'augmenter la pression de compression et d'am\u00e9liorer l'effet de compression.<\/p>\n<p>2. Canal des liquides r\u00e9siduaires<br \/>\nDes canaux uniques pour les liquides et les d\u00e9bris garantissent une surface de sol propre et nette.<\/p>\n<p>3. Contr\u00f4le intelligent<br \/>\nLes ing\u00e9nieurs ont con\u00e7u un programme PLC intelligent qui permet une int\u00e9gration ais\u00e9e avec d'autres \u00e9quipements.<\/p>\n<p><img fetchpriority=\"high\" decoding=\"async\" class=\"alignnone wp-image-1039\" title=\"Machines \u00e0 empaqueter les m\u00e9taux en continu\" src=\"https:\/\/www.gigapa.com\/wp-content\/uploads\/2025\/05\/\u5e9f\u94a2\u7b4b\u4e00\u4f53\u6210\u578b.jpg\" alt=\"Machines \u00e0 empaqueter les m\u00e9taux en continu\" width=\"500\" height=\"314\" srcset=\"https:\/\/www.gigapa.com\/wp-content\/uploads\/2025\/05\/\u5e9f\u94a2\u7b4b\u4e00\u4f53\u6210\u578b.jpg 1034w, https:\/\/www.gigapa.com\/wp-content\/uploads\/2025\/05\/\u5e9f\u94a2\u7b4b\u4e00\u4f53\u6210\u578b-300x188.jpg 300w, https:\/\/www.gigapa.com\/wp-content\/uploads\/2025\/05\/\u5e9f\u94a2\u7b4b\u4e00\u4f53\u6210\u578b-1024x643.jpg 1024w, https:\/\/www.gigapa.com\/wp-content\/uploads\/2025\/05\/\u5e9f\u94a2\u7b4b\u4e00\u4f53\u6210\u578b-768x482.jpg 768w, https:\/\/www.gigapa.com\/wp-content\/uploads\/2025\/05\/\u5e9f\u94a2\u7b4b\u4e00\u4f53\u6210\u578b-600x377.jpg 600w\" sizes=\"(max-width: 500px) 100vw, 500px\" \/> <img decoding=\"async\" class=\"alignnone wp-image-1040\" title=\"Machines \u00e0 empaqueter les m\u00e9taux en continu\" src=\"https:\/\/www.gigapa.com\/wp-content\/uploads\/2025\/05\/\u5e9f\u94dd\u5c51\u4e00\u4f53\u6210\u578b.jpg\" alt=\"Machines \u00e0 empaqueter les m\u00e9taux en continu\" width=\"500\" height=\"314\" srcset=\"https:\/\/www.gigapa.com\/wp-content\/uploads\/2025\/05\/\u5e9f\u94dd\u5c51\u4e00\u4f53\u6210\u578b.jpg 1034w, https:\/\/www.gigapa.com\/wp-content\/uploads\/2025\/05\/\u5e9f\u94dd\u5c51\u4e00\u4f53\u6210\u578b-300x188.jpg 300w, https:\/\/www.gigapa.com\/wp-content\/uploads\/2025\/05\/\u5e9f\u94dd\u5c51\u4e00\u4f53\u6210\u578b-1024x643.jpg 1024w, https:\/\/www.gigapa.com\/wp-content\/uploads\/2025\/05\/\u5e9f\u94dd\u5c51\u4e00\u4f53\u6210\u578b-768x482.jpg 768w, https:\/\/www.gigapa.com\/wp-content\/uploads\/2025\/05\/\u5e9f\u94dd\u5c51\u4e00\u4f53\u6210\u578b-600x377.jpg 600w\" sizes=\"(max-width: 500px) 100vw, 500px\" \/><\/p>\n<p><img decoding=\"async\" class=\"alignnone wp-image-1041\" title=\"Machines \u00e0 empaqueter les m\u00e9taux en continu\" src=\"https:\/\/www.gigapa.com\/wp-content\/uploads\/2025\/05\/\u5e9f\u94dc\u7ebf.png\" alt=\"Machines \u00e0 empaqueter les m\u00e9taux en continu\" width=\"500\" height=\"314\" srcset=\"https:\/\/www.gigapa.com\/wp-content\/uploads\/2025\/05\/\u5e9f\u94dc\u7ebf.png 1034w, https:\/\/www.gigapa.com\/wp-content\/uploads\/2025\/05\/\u5e9f\u94dc\u7ebf-300x188.png 300w, https:\/\/www.gigapa.com\/wp-content\/uploads\/2025\/05\/\u5e9f\u94dc\u7ebf-1024x643.png 1024w, https:\/\/www.gigapa.com\/wp-content\/uploads\/2025\/05\/\u5e9f\u94dc\u7ebf-768x482.png 768w, https:\/\/www.gigapa.com\/wp-content\/uploads\/2025\/05\/\u5e9f\u94dc\u7ebf-600x377.png 600w\" sizes=\"(max-width: 500px) 100vw, 500px\" \/> <img loading=\"lazy\" decoding=\"async\" class=\"alignnone wp-image-1042\" title=\"Machines \u00e0 empaqueter les m\u00e9taux en continu\" src=\"https:\/\/www.gigapa.com\/wp-content\/uploads\/2025\/05\/\u6613\u62c9\u7f502.jpg\" alt=\"Machines \u00e0 empaqueter les m\u00e9taux en continu\" width=\"500\" height=\"314\" srcset=\"https:\/\/www.gigapa.com\/wp-content\/uploads\/2025\/05\/\u6613\u62c9\u7f502.jpg 1034w, https:\/\/www.gigapa.com\/wp-content\/uploads\/2025\/05\/\u6613\u62c9\u7f502-300x188.jpg 300w, https:\/\/www.gigapa.com\/wp-content\/uploads\/2025\/05\/\u6613\u62c9\u7f502-1024x643.jpg 1024w, https:\/\/www.gigapa.com\/wp-content\/uploads\/2025\/05\/\u6613\u62c9\u7f502-768x482.jpg 768w, https:\/\/www.gigapa.com\/wp-content\/uploads\/2025\/05\/\u6613\u62c9\u7f502-600x377.jpg 600w\" sizes=\"(max-width: 500px) 100vw, 500px\" \/><\/p>\n<h3>Principe de fonctionnement<\/h3>\n<p data-start=\"548\" data-end=\"586\">1. <strong data-start=\"556\" data-end=\"586\">Chargement par la tr\u00e9mie<\/strong><\/p>\n<p data-start=\"590\" data-end=\"919\">La ferraille est d'abord charg\u00e9e dans la tr\u00e9mie de la machine, soit manuellement, soit par l'interm\u00e9diaire d'un convoyeur. La tr\u00e9mie fournit un espace de stockage pour la ferraille et veille \u00e0 ce qu'elle p\u00e9n\u00e8tre uniform\u00e9ment dans la chambre de compression. La taille de la tr\u00e9mie peut varier en fonction du mod\u00e8le, ce qui d\u00e9termine la quantit\u00e9 de ferraille qu'elle peut contenir en m\u00eame temps.<\/p>\n<p data-start=\"921\" data-end=\"952\">2. <strong data-start=\"929\" data-end=\"952\">Processus de compression<\/strong><\/p>\n<ul>\n<li data-start=\"958\" data-end=\"1241\"><strong data-start=\"958\" data-end=\"981\">Chambre de compression<\/strong>: Lorsque la ferraille p\u00e9n\u00e8tre dans la chambre de compression, le syst\u00e8me hydraulique est activ\u00e9 pour pousser un piston qui comprime le mat\u00e9riau en un bloc compact. La force de compression est appliqu\u00e9e par un cylindre hydraulique pour comprimer la ferraille en un bloc dense.<\/li>\n<li data-start=\"1247\" data-end=\"1583\"><strong data-start=\"1247\" data-end=\"1267\">Syst\u00e8me hydraulique<\/strong>: Le syst\u00e8me hydraulique est au c\u0153ur du processus de compression. L'huile hydraulique \u00e0 haute pression entra\u00eene le piston, qui force la ferraille \u00e0 se compacter en un bloc tr\u00e8s serr\u00e9. Au cours de ce processus, la ferraille est comprim\u00e9e \u00e0 une densit\u00e9 \u00e9lev\u00e9e, ce qui donne g\u00e9n\u00e9ralement des blocs de forme rectangulaire ou cylindrique.<\/li>\n<li data-start=\"1589\" data-end=\"1822\"><strong data-start=\"1589\" data-end=\"1610\">Contr\u00f4le automatique<\/strong>: La plupart des presses \u00e0 balles m\u00e9talliques en continu sont \u00e9quip\u00e9es d'un syst\u00e8me de contr\u00f4le automatique. Ce syst\u00e8me contr\u00f4le la force et le temps de compression en fonction de la taille de la balle, ce qui permet d'obtenir une densit\u00e9 et une taille homog\u00e8nes pour chaque balle.<\/li>\n<\/ul>\n<p data-start=\"1824\" data-end=\"1855\">3. <strong data-start=\"1832\" data-end=\"1855\">Mise en balles et \u00e9jection<\/strong><\/p>\n<p data-start=\"1859\" data-end=\"2127\">Une fois que la ferraille a \u00e9t\u00e9 comprim\u00e9e au volume et \u00e0 la densit\u00e9 souhait\u00e9s, la machine active le syst\u00e8me de liage. Le syst\u00e8me de liage utilise g\u00e9n\u00e9ralement du fil d'acier ou des sangles en plastique pour lier le bloc compress\u00e9 en forme. Apr\u00e8s le liage, la balle est \u00e9ject\u00e9e de la machine.<\/p>\n<ul>\n<li data-start=\"2134\" data-end=\"2302\"><strong data-start=\"2134\" data-end=\"2150\">Syst\u00e8me d'attache<\/strong>: Des fils d'acier ou des sangles en plastique sont utilis\u00e9s par un bras m\u00e9canique ou hydraulique pour fixer la balle, garantissant qu'elle reste intacte pendant le transport et le stockage.<\/li>\n<li data-start=\"2308\" data-end=\"2500\"><strong data-start=\"2308\" data-end=\"2327\">Syst\u00e8me d'\u00e9jection<\/strong>: Une fois la balle li\u00e9e, elle est automatiquement pouss\u00e9e hors de la machine par un syst\u00e8me d'\u00e9jection hydraulique ou m\u00e9canique, pr\u00eate \u00e0 \u00eatre transform\u00e9e, transport\u00e9e ou vendue.<\/li>\n<\/ul>\n<p data-start=\"2502\" data-end=\"2549\">4. <strong data-start=\"2510\" data-end=\"2549\">Fonctionnement continu et automatisation<\/strong><\/p>\n<p data-start=\"2553\" data-end=\"2823\">La nature \"continue\" de la presse \u00e0 balles m\u00e9talliques en continu lui permet de fonctionner sans interruption. Gr\u00e2ce \u00e0 un syst\u00e8me de contr\u00f4le automatis\u00e9, la machine peut effectuer en continu les fonctions de chargement, de compression, de liage et d'\u00e9jection, ce qui am\u00e9liore consid\u00e9rablement l'efficacit\u00e9 de la production.<\/p>\n<h3 data-start=\"2825\" data-end=\"2844\">Principaux \u00e9l\u00e9ments<\/h3>\n<ol>\n<li data-start=\"2848\" data-end=\"2967\"><strong data-start=\"2848\" data-end=\"2868\">Syst\u00e8me hydraulique<\/strong>: Fournit l'\u00e9nergie \u00e0 la machine, en utilisant des cylindres et des pistons hydrauliques pour comprimer la ferraille.<\/li>\n<li data-start=\"2971\" data-end=\"3052\"><strong data-start=\"2971\" data-end=\"2981\">Tr\u00e9mie<\/strong>: Zone o\u00f9 la ferraille est stock\u00e9e et charg\u00e9e dans la machine.<\/li>\n<li data-start=\"3056\" data-end=\"3161\"><strong data-start=\"3056\" data-end=\"3079\">Chambre de compression<\/strong>: Zone o\u00f9 la ferraille est compact\u00e9e sous haute pression pour former un bloc.<\/li>\n<li data-start=\"3165\" data-end=\"3272\"><strong data-start=\"3165\" data-end=\"3181\">Syst\u00e8me d'attache<\/strong>: Lier le bloc compact\u00e9 avec du fil d'acier ou des sangles en plastique pour l'emp\u00eacher de se d\u00e9tacher.<\/li>\n<li data-start=\"3276\" data-end=\"3359\"><strong data-start=\"3276\" data-end=\"3295\">Dispositif d'\u00e9jection<\/strong>: Pousse le bloc li\u00e9 hors de la machine en vue d'une manipulation ult\u00e9rieure.<\/li>\n<\/ol>","protected":false},"excerpt":{"rendered":"<p>La machine \u00e0 empaqueter les m\u00e9taux en continu est une solution \u00e0 haut rendement pour comprimer et empaqueter la ferraille en continu, sans interruption. Con\u00e7ue pour traiter de gros volumes de mat\u00e9riaux tels que l'aluminium, l'acier et le cuivre, elle fonctionne avec un minimum de temps d'arr\u00eat, ce qui garantit un flux de travail rationalis\u00e9. Id\u00e9ale pour les parcs \u00e0 ferraille, les installations de recyclage et les usines de traitement des m\u00e9taux, cette machine se caract\u00e9rise par une construction robuste, un d\u00e9bit \u00e9lev\u00e9 et une excellente densit\u00e9 de balles. Son fonctionnement continu r\u00e9duit les co\u00fbts de main-d'\u0153uvre, augmente la productivit\u00e9 et renforce la s\u00e9curit\u00e9 en contenant les mat\u00e9riaux pendant le processus de mise en balles.<\/p>","protected":false},"featured_media":1733,"template":"","meta":{"site-sidebar-layout":"default","site-content-layout":"","ast-site-content-layout":"default","site-content-style":"default","site-sidebar-style":"default","ast-global-header-display":"","ast-banner-title-visibility":"","ast-main-header-display":"","ast-hfb-above-header-display":"","ast-hfb-below-header-display":"","ast-hfb-mobile-header-display":"","site-post-title":"","ast-breadcrumbs-content":"","ast-featured-img":"","footer-sml-layout":"","ast-disable-related-posts":"","theme-transparent-header-meta":"default","adv-header-id-meta":"","stick-header-meta":"","header-above-stick-meta":"","header-main-stick-meta":"","header-below-stick-meta":"","astra-migrate-meta-layouts":"set","ast-page-background-enabled":"default","ast-page-background-meta":{"desktop":{"background-color":"var(--ast-global-color-5)","background-image":"","background-repeat":"repeat","background-position":"center center","background-size":"auto","background-attachment":"scroll","background-type":"","background-media":"","overlay-type":"","overlay-color":"","overlay-opacity":"","overlay-gradient":""},"tablet":{"background-color":"","background-image":"","background-repeat":"repeat","background-position":"center center","background-size":"auto","background-attachment":"scroll","background-type":"","background-media":"","overlay-type":"","overlay-color":"","overlay-opacity":"","overlay-gradient":""},"mobile":{"background-color":"","background-image":"","background-repeat":"repeat","background-position":"center center","background-size":"auto","background-attachment":"scroll","background-type":"","background-media":"","overlay-type":"","overlay-color":"","overlay-opacity":"","overlay-gradient":""}},"ast-content-background-meta":{"desktop":{"background-color":"var(--ast-global-color-4)","background-image":"","background-repeat":"repeat","background-position":"center center","background-size":"auto","background-attachment":"scroll","background-type":"","background-media":"","overlay-type":"","overlay-color":"","overlay-opacity":"","overlay-gradient":""},"tablet":{"background-color":"var(--ast-global-color-4)","background-image":"","background-repeat":"repeat","background-position":"center center","background-size":"auto","background-attachment":"scroll","background-type":"","background-media":"","overlay-type":"","overlay-color":"","overlay-opacity":"","overlay-gradient":""},"mobile":{"background-color":"var(--ast-global-color-4)","background-image":"","background-repeat":"repeat","background-position":"center center","background-size":"auto","background-attachment":"scroll","background-type":"","background-media":"","overlay-type":"","overlay-color":"","overlay-opacity":"","overlay-gradient":""}}},"product_brand":[],"product_cat":[21,155],"product_tag":[104,103,101,102,100,99],"class_list":{"0":"post-862","1":"product","2":"type-product","3":"status-publish","4":"has-post-thumbnail","6":"product_cat-baling-machine","7":"product_cat-metal-baler","8":"product_tag-china-continuous-metal-baler-factory","9":"product_tag-china-continuous-metal-baling-machine","10":"product_tag-continuous-baler-for-aluminum-shaving","11":"product_tag-continuous-baler-for-ubc","12":"product_tag-continuous-hydraulic-baler-machine","13":"product_tag-continuous-scrap-metal-baler","14":"desktop-align-left","15":"tablet-align-left","16":"mobile-align-left","18":"first","19":"instock","20":"featured","21":"shipping-taxable","22":"product-type-simple"},"_links":{"self":[{"href":"https:\/\/www.gigapa.com\/fr\/wp-json\/wp\/v2\/product\/862","targetHints":{"allow":["GET"]}}],"collection":[{"href":"https:\/\/www.gigapa.com\/fr\/wp-json\/wp\/v2\/product"}],"about":[{"href":"https:\/\/www.gigapa.com\/fr\/wp-json\/wp\/v2\/types\/product"}],"version-history":[{"count":7,"href":"https:\/\/www.gigapa.com\/fr\/wp-json\/wp\/v2\/product\/862\/revisions"}],"predecessor-version":[{"id":2483,"href":"https:\/\/www.gigapa.com\/fr\/wp-json\/wp\/v2\/product\/862\/revisions\/2483"}],"wp:featuredmedia":[{"embeddable":true,"href":"https:\/\/www.gigapa.com\/fr\/wp-json\/wp\/v2\/media\/1733"}],"wp:attachment":[{"href":"https:\/\/www.gigapa.com\/fr\/wp-json\/wp\/v2\/media?parent=862"}],"wp:term":[{"taxonomy":"product_brand","embeddable":true,"href":"https:\/\/www.gigapa.com\/fr\/wp-json\/wp\/v2\/product_brand?post=862"},{"taxonomy":"product_cat","embeddable":true,"href":"https:\/\/www.gigapa.com\/fr\/wp-json\/wp\/v2\/product_cat?post=862"},{"taxonomy":"product_tag","embeddable":true,"href":"https:\/\/www.gigapa.com\/fr\/wp-json\/wp\/v2\/product_tag?post=862"}],"curies":[{"name":"wp","href":"https:\/\/api.w.org\/{rel}","templated":true}]}}