{"id":864,"date":"2025-05-06T16:44:45","date_gmt":"2025-05-06T08:44:45","guid":{"rendered":"https:\/\/gigapa.com\/?post_type=product&#038;p=864"},"modified":"2025-10-28T08:28:35","modified_gmt":"2025-10-28T00:28:35","slug":"hydraulic-cylinder","status":"publish","type":"product","link":"https:\/\/www.gigapa.com\/fr\/product\/hydraulic-cylinder\/","title":{"rendered":"Cylindre hydraulique"},"content":{"rendered":"<h3>Introduction de l'\u00e9quipement :<\/h3>\n<p>Un v\u00e9rin hydraulique est un dispositif qui convertit l'\u00e9nergie hydraulique en \u00e9nergie m\u00e9canique, principalement utilis\u00e9e pour g\u00e9n\u00e9rer un mouvement lin\u00e9aire et une force. Il est largement utilis\u00e9 dans les \u00e9quipements hydrauliques, les machines de construction, les \u00e9quipements m\u00e9tallurgiques, les navires, l'a\u00e9rospatiale et d'autres domaines. Notre soci\u00e9t\u00e9 est une usine originale dot\u00e9e de fraiseuses CNC \u00e0 portique et de plusieurs grands tours. Elle poss\u00e8de une grande exp\u00e9rience dans la production et la fabrication de cylindres \u00e0 huile de grande taille. Nous poss\u00e9dons \u00e9galement des capacit\u00e9s de communication technique et de conception, ce qui nous permet de personnaliser en profondeur divers cylindres hydrauliques non standard pour vous.<\/p>\n<div style=\"width: 1280px;\" class=\"wp-video\"><!--[if lt IE 9]><script>document.createElement('video');<\/script><![endif]-->\n<video class=\"wp-video-shortcode\" id=\"video-864-1\" width=\"1280\" height=\"720\" preload=\"metadata\" controls=\"controls\"><source type=\"video\/mp4\" src=\"https:\/\/www.gigapa.com\/wp-content\/uploads\/2025\/05\/\u6db2\u538b\u7f38.mp4?_=1\" \/><a href=\"https:\/\/www.gigapa.com\/wp-content\/uploads\/2025\/05\/\u6db2\u538b\u7f38.mp4\">https:\/\/www.gigapa.com\/wp-content\/uploads\/2025\/05\/\u6db2\u538b\u7f38.mp4<\/a><\/video><\/div>\n<h3><\/h3>\n<h3>Gamme d'applications :<\/h3>\n<table style=\"border-collapse: collapse; width: 795.02pt;\" border=\"0\" width=\"1060\" cellspacing=\"0\" cellpadding=\"0\">\n<tbody>\n<tr style=\"height: 13.50pt;\">\n<td style=\"height: 13.50pt; width: 155.25pt;\" width=\"207\" height=\"18\">Presses \u00e0 balles et cisailles<\/td>\n<td style=\"width: 639.75pt;\" width=\"853\">Presses \u00e0 balles pour voitures, presses \u00e0 balles pour m\u00e9taux, presses \u00e0 balles verticales, presses \u00e0 balles horizontales, cisailles \u00e0 portique, cisailles \u00e0 bo\u00eetes, cisailles \u00e0 crochets<\/td>\n<\/tr>\n<tr style=\"height: 13.50pt;\">\n<td style=\"height: 13.50pt;\" height=\"18\">Machines de construction<\/td>\n<td>Pelles, bulldozers, chargeurs<\/td>\n<\/tr>\n<tr style=\"height: 13.50pt;\">\n<td style=\"height: 13.50pt;\" height=\"18\">Traitement des m\u00e9taux<\/td>\n<td>Laminoirs, machines de coul\u00e9e continue, presses \u00e0 forger<\/td>\n<\/tr>\n<tr style=\"height: 13.50pt;\">\n<td style=\"height: 13.50pt;\" height=\"18\">Machines industrielles<\/td>\n<td>Machines de cisaillement, machines de poin\u00e7onnage, machines de moulage par injection<\/td>\n<\/tr>\n<tr style=\"height: 13.50pt;\">\n<td style=\"height: 13.50pt;\" height=\"18\">Composants a\u00e9rospatiaux<\/td>\n<td>Train d'atterrissage, commande de gouvernail<\/td>\n<\/tr>\n<tr style=\"height: 13.50pt;\">\n<td style=\"height: 13.50pt;\" height=\"18\">Autres \u00e9quipements<\/td>\n<td>Presses, plates-formes de levage<\/td>\n<\/tr>\n<\/tbody>\n<\/table>\n<h3>Faits saillants techniques :<\/h3>\n<p>1. Tonneau de cylindre \u00e0 forgeage int\u00e9gral :<br \/>\nLe corps des grands cylindres \u00e0 huile est fabriqu\u00e9 par forgeage int\u00e9gral, ce qui le rend solide, sans risque de fuite d'huile, s\u00fbr et fiable.<\/p>\n<p>2. Rev\u00eatement en alliage \u00e0 base de cuivre :<br \/>\nLa position du piston de la tige de piston int\u00e9gr\u00e9e adopte le processus de soudage au cuivre, ce qui permet non seulement de garantir la solidit\u00e9 de la tige de piston elle-m\u00eame, mais aussi d'obtenir une surface de travail avec de bonnes performances de glissement, am\u00e9liorant ainsi la dur\u00e9e de vie du v\u00e9rin hydraulique.<\/p>\n<p>3. Services de personnalisation professionnelle :<br \/>\nR\u00e9ponse rapide, consultation technique professionnelle, conception personnalis\u00e9e et services d'adaptation en fonction des besoins, pour r\u00e9pondre \u00e0 des sc\u00e9narios d'application sp\u00e9ciaux.<\/p>","protected":false},"excerpt":{"rendered":"<p>Un v\u00e9rin hydraulique est un actionneur m\u00e9canique robuste qui convertit l'\u00e9nergie hydraulique en force et en mouvement lin\u00e9aires. Con\u00e7u pour durer, il se compose d'un piston, d'une tige, d'un barillet et de joints d'\u00e9tanch\u00e9it\u00e9, ce qui garantit un fonctionnement sans heurts dans des conditions de haute pression. Largement utilis\u00e9s dans les secteurs de la construction, de la fabrication et de l'agriculture, les v\u00e9rins hydrauliques excellent dans le levage, la pouss\u00e9e et la traction de charges lourdes avec pr\u00e9cision. Leurs principales caract\u00e9ristiques sont des mat\u00e9riaux r\u00e9sistants \u00e0 la corrosion, des longueurs de course personnalisables et une capacit\u00e9 de charge \u00e9lev\u00e9e. Que ce soit pour des machines industrielles, des excavateurs ou des presses hydrauliques, nos v\u00e9rins offrent fiabilit\u00e9, efficacit\u00e9 et longue dur\u00e9e de vie.<\/p>","protected":false},"featured_media":1335,"template":"","meta":{"site-sidebar-layout":"default","site-content-layout":"","ast-site-content-layout":"default","site-content-style":"default","site-sidebar-style":"default","ast-global-header-display":"","ast-banner-title-visibility":"","ast-main-header-display":"","ast-hfb-above-header-display":"","ast-hfb-below-header-display":"","ast-hfb-mobile-header-display":"","site-post-title":"","ast-breadcrumbs-content":"","ast-featured-img":"","footer-sml-layout":"","ast-disable-related-posts":"","theme-transparent-header-meta":"default","adv-header-id-meta":"","stick-header-meta":"","header-above-stick-meta":"","header-main-stick-meta":"","header-below-stick-meta":"","astra-migrate-meta-layouts":"set","ast-page-background-enabled":"default","ast-page-background-meta":{"desktop":{"background-color":"var(--ast-global-color-5)","background-image":"","background-repeat":"repeat","background-position":"center center","background-size":"auto","background-attachment":"scroll","background-type":"","background-media":"","overlay-type":"","overlay-color":"","overlay-opacity":"","overlay-gradient":""},"tablet":{"background-color":"","background-image":"","background-repeat":"repeat","background-position":"center center","background-size":"auto","background-attachment":"scroll","background-type":"","background-media":"","overlay-type":"","overlay-color":"","overlay-opacity":"","overlay-gradient":""},"mobile":{"background-color":"","background-image":"","background-repeat":"repeat","background-position":"center center","background-size":"auto","background-attachment":"scroll","background-type":"","background-media":"","overlay-type":"","overlay-color":"","overlay-opacity":"","overlay-gradient":""}},"ast-content-background-meta":{"desktop":{"background-color":"var(--ast-global-color-4)","background-image":"","background-repeat":"repeat","background-position":"center center","background-size":"auto","background-attachment":"scroll","background-type":"","background-media":"","overlay-type":"","overlay-color":"","overlay-opacity":"","overlay-gradient":""},"tablet":{"background-color":"var(--ast-global-color-4)","background-image":"","background-repeat":"repeat","background-position":"center center","background-size":"auto","background-attachment":"scroll","background-type":"","background-media":"","overlay-type":"","overlay-color":"","overlay-opacity":"","overlay-gradient":""},"mobile":{"background-color":"var(--ast-global-color-4)","background-image":"","background-repeat":"repeat","background-position":"center center","background-size":"auto","background-attachment":"scroll","background-type":"","background-media":"","overlay-type":"","overlay-color":"","overlay-opacity":"","overlay-gradient":""}}},"product_brand":[],"product_cat":[19],"product_tag":[31,34,35,33,32],"class_list":{"0":"post-864","1":"product","2":"type-product","3":"status-publish","4":"has-post-thumbnail","6":"product_cat-hydraulic-components","7":"product_tag-china-hydraulic-cylinder","8":"product_tag-hydraulic-cylinder-factory","9":"product_tag-hydraulic-cylinder-for-sale","10":"product_tag-hydraulic-cylinder-manufacturer","11":"product_tag-hydraulic-cylinder-supplier","12":"desktop-align-left","13":"tablet-align-left","14":"mobile-align-left","16":"first","17":"instock","18":"shipping-taxable","19":"product-type-simple"},"_links":{"self":[{"href":"https:\/\/www.gigapa.com\/fr\/wp-json\/wp\/v2\/product\/864","targetHints":{"allow":["GET"]}}],"collection":[{"href":"https:\/\/www.gigapa.com\/fr\/wp-json\/wp\/v2\/product"}],"about":[{"href":"https:\/\/www.gigapa.com\/fr\/wp-json\/wp\/v2\/types\/product"}],"version-history":[{"count":6,"href":"https:\/\/www.gigapa.com\/fr\/wp-json\/wp\/v2\/product\/864\/revisions"}],"predecessor-version":[{"id":2773,"href":"https:\/\/www.gigapa.com\/fr\/wp-json\/wp\/v2\/product\/864\/revisions\/2773"}],"wp:featuredmedia":[{"embeddable":true,"href":"https:\/\/www.gigapa.com\/fr\/wp-json\/wp\/v2\/media\/1335"}],"wp:attachment":[{"href":"https:\/\/www.gigapa.com\/fr\/wp-json\/wp\/v2\/media?parent=864"}],"wp:term":[{"taxonomy":"product_brand","embeddable":true,"href":"https:\/\/www.gigapa.com\/fr\/wp-json\/wp\/v2\/product_brand?post=864"},{"taxonomy":"product_cat","embeddable":true,"href":"https:\/\/www.gigapa.com\/fr\/wp-json\/wp\/v2\/product_cat?post=864"},{"taxonomy":"product_tag","embeddable":true,"href":"https:\/\/www.gigapa.com\/fr\/wp-json\/wp\/v2\/product_tag?post=864"}],"curies":[{"name":"wp","href":"https:\/\/api.w.org\/{rel}","templated":true}]}}