{"id":865,"date":"2025-05-06T16:44:31","date_gmt":"2025-05-06T08:44:31","guid":{"rendered":"https:\/\/gigapa.com\/?post_type=product&#038;p=865"},"modified":"2025-10-28T08:29:29","modified_gmt":"2025-10-28T00:29:29","slug":"hydraulic-power-unit","status":"publish","type":"product","link":"https:\/\/www.gigapa.com\/fr\/product\/hydraulic-power-unit\/","title":{"rendered":"Unit\u00e9 de puissance hydraulique"},"content":{"rendered":"<h3>Introduction de l'\u00e9quipement :<\/h3>\n<p>La station hydraulique est le \"c\u0153ur\" du syst\u00e8me hydraulique, principalement utilis\u00e9 pour fournir l'\u00e9nergie hydraulique n\u00e9cessaire \u00e0 l'\u00e9quipement hydraulique. Elle tire l'huile hydraulique du r\u00e9servoir d'huile en entra\u00eenant la pompe \u00e0 huile \u00e0 l'aide d'un moteur \u00e9lectrique ou d'un moteur \u00e0 combustion interne. La pompe \u00e0 huile convertit l'\u00e9nergie m\u00e9canique du moteur \u00e9lectrique ou du moteur \u00e0 combustion interne en \u00e9nergie hydraulique, qui est ensuite transmise aux v\u00e9rins hydrauliques, aux moteurs hydrauliques et \u00e0 d'autres actionneurs par l'interm\u00e9diaire de composants tels que les vannes de contr\u00f4le de la pression, les vannes de contr\u00f4le directionnel et la tuyauterie, afin de leur permettre d'effectuer diverses actions m\u00e9caniques.<\/p>\n<h3>Gamme d'applications :<\/h3>\n<table style=\"border-collapse: collapse; width: 980px; height: 352px;\" border=\"0\" width=\"733\" cellspacing=\"0\" cellpadding=\"0\">\n<tbody>\n<tr style=\"height: 13.50pt;\">\n<td style=\"height: 13.50pt; width: 155.25pt;\" width=\"207\" height=\"18\">Presses \u00e0 balles<\/td>\n<td style=\"width: 394.50pt;\" width=\"526\">Presses \u00e0 balles pour voitures, presses \u00e0 balles pour m\u00e9taux, presses \u00e0 balles verticales, presses \u00e0 balles horizontales<\/td>\n<\/tr>\n<tr style=\"height: 13.50pt;\">\n<td style=\"height: 13.50pt;\" height=\"18\">Cisailles et broyeurs<\/td>\n<td>Cisailles \u00e0 portique, cisailles \u00e0 caisson, cisailles \u00e0 crocodile, broyeurs hydrauliques<\/td>\n<\/tr>\n<tr style=\"height: 13.50pt;\">\n<td style=\"height: 13.50pt;\" height=\"18\">\u00c9quipement de forgeage<\/td>\n<td>Machines de forgeage, machines de moulage sous pression<\/td>\n<\/tr>\n<tr style=\"height: 13.50pt;\">\n<td style=\"height: 13.50pt;\" height=\"18\">Machines \u00e0 bois<\/td>\n<td>Raboteuses, scies, fraiseuses<\/td>\n<\/tr>\n<tr style=\"height: 13.50pt;\">\n<td style=\"height: 13.50pt;\" height=\"18\">\u00c9quipement de traitement<\/td>\n<td>Cisailles, poin\u00e7onneuses<\/td>\n<\/tr>\n<tr style=\"height: 13.50pt;\">\n<td style=\"height: 13.50pt;\" height=\"18\">Machines en plastique<\/td>\n<td>Machines de moulage par injection<\/td>\n<\/tr>\n<tr style=\"height: 13.50pt;\">\n<td style=\"height: 13.50pt;\" height=\"18\">Autres domaines<\/td>\n<td>Presses, plates-formes de levage<\/td>\n<\/tr>\n<\/tbody>\n<\/table>\n<h3>Faits saillants techniques :<\/h3>\n<p>1. Conception personnalis\u00e9e :<br \/>\nUne conception professionnelle personnalis\u00e9e est fournie en fonction des sc\u00e9narios d'application, des exigences de charge, des sch\u00e9mas de contr\u00f4le et du travail.<\/p>\n<p>2. Support technique :<br \/>\nUne assistance technique et une formation compl\u00e8tes sont propos\u00e9es pour aider les utilisateurs \u00e0 se familiariser avec l'utilisation et l'entretien des stations hydrauliques.<\/p>\n<p>3. Assistance apr\u00e8s-vente :<br \/>\nUn service apr\u00e8s-vente \u00e0 long terme est assur\u00e9 pour garantir le fonctionnement stable des stations hydrauliques.<\/p>","protected":false},"excerpt":{"rendered":"<p>L'unit\u00e9 de puissance hydraulique (HPU) est un composant crucial utilis\u00e9 dans les syst\u00e8mes hydrauliques pour fournir la puissance n\u00e9cessaire \u00e0 diverses applications industrielles. Elle se compose d'un moteur, d'une pompe, d'un r\u00e9servoir et de valves de contr\u00f4le, qui travaillent ensemble pour g\u00e9n\u00e9rer, stocker et r\u00e9guler la pression hydraulique. Les HPU sont couramment utilis\u00e9s dans des machines telles que les presses \u00e0 balles, les presses et les ascenseurs, o\u00f9 ils offrent une grande efficacit\u00e9 et une grande fiabilit\u00e9. Con\u00e7ues pour durer, elles sont capables de supporter des op\u00e9rations lourdes, garantissant des performances fluides et continues.<\/p>","protected":false},"featured_media":1906,"template":"","meta":{"site-sidebar-layout":"default","site-content-layout":"","ast-site-content-layout":"default","site-content-style":"default","site-sidebar-style":"default","ast-global-header-display":"","ast-banner-title-visibility":"","ast-main-header-display":"","ast-hfb-above-header-display":"","ast-hfb-below-header-display":"","ast-hfb-mobile-header-display":"","site-post-title":"","ast-breadcrumbs-content":"","ast-featured-img":"","footer-sml-layout":"","ast-disable-related-posts":"","theme-transparent-header-meta":"default","adv-header-id-meta":"","stick-header-meta":"","header-above-stick-meta":"","header-main-stick-meta":"","header-below-stick-meta":"","astra-migrate-meta-layouts":"set","ast-page-background-enabled":"default","ast-page-background-meta":{"desktop":{"background-color":"var(--ast-global-color-5)","background-image":"","background-repeat":"repeat","background-position":"center center","background-size":"auto","background-attachment":"scroll","background-type":"","background-media":"","overlay-type":"","overlay-color":"","overlay-opacity":"","overlay-gradient":""},"tablet":{"background-color":"","background-image":"","background-repeat":"repeat","background-position":"center center","background-size":"auto","background-attachment":"scroll","background-type":"","background-media":"","overlay-type":"","overlay-color":"","overlay-opacity":"","overlay-gradient":""},"mobile":{"background-color":"","background-image":"","background-repeat":"repeat","background-position":"center center","background-size":"auto","background-attachment":"scroll","background-type":"","background-media":"","overlay-type":"","overlay-color":"","overlay-opacity":"","overlay-gradient":""}},"ast-content-background-meta":{"desktop":{"background-color":"var(--ast-global-color-4)","background-image":"","background-repeat":"repeat","background-position":"center center","background-size":"auto","background-attachment":"scroll","background-type":"","background-media":"","overlay-type":"","overlay-color":"","overlay-opacity":"","overlay-gradient":""},"tablet":{"background-color":"var(--ast-global-color-4)","background-image":"","background-repeat":"repeat","background-position":"center center","background-size":"auto","background-attachment":"scroll","background-type":"","background-media":"","overlay-type":"","overlay-color":"","overlay-opacity":"","overlay-gradient":""},"mobile":{"background-color":"var(--ast-global-color-4)","background-image":"","background-repeat":"repeat","background-position":"center center","background-size":"auto","background-attachment":"scroll","background-type":"","background-media":"","overlay-type":"","overlay-color":"","overlay-opacity":"","overlay-gradient":""}}},"product_brand":[],"product_cat":[19],"product_tag":[36,39,41,38,40,37],"class_list":{"0":"post-865","1":"product","2":"type-product","3":"status-publish","4":"has-post-thumbnail","6":"product_cat-hydraulic-components","7":"product_tag-china-hydraulic-power-unit","8":"product_tag-hydraulic-power-unit-factory","9":"product_tag-hydraulic-power-unit-for-sale","10":"product_tag-hydraulic-power-unit-manufacturer","11":"product_tag-hydraulic-power-unit-price","12":"product_tag-hydraulic-power-unit-supplier","13":"desktop-align-left","14":"tablet-align-left","15":"mobile-align-left","17":"first","18":"instock","19":"shipping-taxable","20":"product-type-simple"},"_links":{"self":[{"href":"https:\/\/www.gigapa.com\/fr\/wp-json\/wp\/v2\/product\/865","targetHints":{"allow":["GET"]}}],"collection":[{"href":"https:\/\/www.gigapa.com\/fr\/wp-json\/wp\/v2\/product"}],"about":[{"href":"https:\/\/www.gigapa.com\/fr\/wp-json\/wp\/v2\/types\/product"}],"version-history":[{"count":4,"href":"https:\/\/www.gigapa.com\/fr\/wp-json\/wp\/v2\/product\/865\/revisions"}],"predecessor-version":[{"id":2774,"href":"https:\/\/www.gigapa.com\/fr\/wp-json\/wp\/v2\/product\/865\/revisions\/2774"}],"wp:featuredmedia":[{"embeddable":true,"href":"https:\/\/www.gigapa.com\/fr\/wp-json\/wp\/v2\/media\/1906"}],"wp:attachment":[{"href":"https:\/\/www.gigapa.com\/fr\/wp-json\/wp\/v2\/media?parent=865"}],"wp:term":[{"taxonomy":"product_brand","embeddable":true,"href":"https:\/\/www.gigapa.com\/fr\/wp-json\/wp\/v2\/product_brand?post=865"},{"taxonomy":"product_cat","embeddable":true,"href":"https:\/\/www.gigapa.com\/fr\/wp-json\/wp\/v2\/product_cat?post=865"},{"taxonomy":"product_tag","embeddable":true,"href":"https:\/\/www.gigapa.com\/fr\/wp-json\/wp\/v2\/product_tag?post=865"}],"curies":[{"name":"wp","href":"https:\/\/api.w.org\/{rel}","templated":true}]}}