{"id":2034,"date":"2025-06-17T15:40:28","date_gmt":"2025-06-17T07:40:28","guid":{"rendered":"https:\/\/www.gigapa.com\/?page_id=2034"},"modified":"2025-07-07T15:33:32","modified_gmt":"2025-07-07T07:33:32","slug":"gts-e-dual-shaft-shredder","status":"publish","type":"page","link":"https:\/\/www.gigapa.com\/pt\/gts-e-dual-shaft-shredder\/","title":{"rendered":"\u3010Momento poderoso, sa\u00edda eficiente\u3011 - Triturador de eixo duplo GTS-E"},"content":{"rendered":"<div data-elementor-type=\"wp-page\" data-elementor-id=\"2034\" class=\"elementor elementor-2034\" data-elementor-post-type=\"page\">\n\t\t\t\t<div class=\"elementor-element elementor-element-f4ffe10 e-flex e-con-boxed e-con e-parent\" data-id=\"f4ffe10\" data-element_type=\"container\" data-e-type=\"container\">\n\t\t\t\t\t<div class=\"e-con-inner\">\n\t\t\t\t<div class=\"elementor-element elementor-element-c199ab4 elementor-widget elementor-widget-heading\" data-id=\"c199ab4\" data-element_type=\"widget\" data-e-type=\"widget\" data-widget_type=\"heading.default\">\n\t\t\t\t<div class=\"elementor-widget-container\">\n\t\t\t\t\t<h1 class=\"elementor-heading-title elementor-size-default\">\u3010Momento poderoso, sa\u00edda eficiente\u3011- Triturador de eixo duplo GTS-E<\/h1>\t\t\t\t<\/div>\n\t\t\t\t<\/div>\n\t\t\t\t<div class=\"elementor-element elementor-element-09e8edd elementor-widget elementor-widget-woocommerce-breadcrumb\" data-id=\"09e8edd\" data-element_type=\"widget\" data-e-type=\"widget\" data-widget_type=\"woocommerce-breadcrumb.default\">\n\t\t\t\t<div class=\"elementor-widget-container\">\n\t\t\t\t\t<nav class=\"woocommerce-breadcrumb\" aria-label=\"Breadcrumb\" data-no-translation=\"\" data-trp-gettext=\"\">In\u00edcio<\/nav>\t\t\t\t<\/div>\n\t\t\t\t<\/div>\n\t\t\t\t<div class=\"elementor-element elementor-element-9bcabc6 elementor-widget elementor-widget-text-editor\" data-id=\"9bcabc6\" data-element_type=\"widget\" data-e-type=\"widget\" data-widget_type=\"text-editor.default\">\n\t\t\t\t<div class=\"elementor-widget-container\">\n\t\t\t\t\t\t\t\t\t<p><strong><b>Nome do projeto: <\/b><\/strong>Destrui\u00e7\u00e3o e elimina\u00e7\u00e3o de res\u00edduos m\u00e9dicos em Tianjin<br \/><strong><b>Cliente:<\/b><\/strong>\u00a0Uma empresa de elimina\u00e7\u00e3o de res\u00edduos m\u00e9dicos em Tianjin<br \/><strong><b>Localiza\u00e7\u00e3o: <\/b><\/strong>Tianjin, China<\/p><h2><strong><b>Antecedentes do projeto:<\/b><\/strong><\/h2><p>A pandemia levou \u00e0 produ\u00e7\u00e3o de uma grande quantidade de res\u00edduos hospitalares carregados de v\u00edrus, sendo o sistema de sa\u00fade o que produz o maior volume e o que enfrenta a procura mais urgente. Embora a utiliza\u00e7\u00e3o na linha da frente seja cr\u00edtica, a elimina\u00e7\u00e3o atempada na retaguarda \u00e9 igualmente essencial para evitar a propaga\u00e7\u00e3o de v\u00edrus. O triturador de eixo duplo de alto desempenho \u00e9 utilizado para triturar itens como seringas, fatos de prote\u00e7\u00e3o, \u00f3culos de prote\u00e7\u00e3o e luvas m\u00e9dicas. Os res\u00edduos m\u00e9dicos de pl\u00e1stico, como as seringas, podem ainda ser triturados em pequenas part\u00edculas (assegurando que o equipamento \u00e9 selado para evitar a dispers\u00e3o de aeross\u00f3is). Os fragmentos de pl\u00e1stico completamente desinfectados (por exemplo, polipropileno PP, polietileno PE) podem ser entregues a empresas licenciadas de reciclagem de res\u00edduos hospitalares para fus\u00e3o e regenera\u00e7\u00e3o, sendo reutilizados para fins n\u00e3o m\u00e9dicos (como vasos de flores ou placas de pl\u00e1stico). As agulhas devem ser recolhidas separadamente, sendo os agentes patog\u00e9nicos destru\u00eddos por fundi\u00e7\u00e3o a alta temperatura (\u22651200\u00b0C) antes da recupera\u00e7\u00e3o do metal. Os restantes res\u00edduos s\u00e3o enviados para instala\u00e7\u00f5es de incinera\u00e7\u00e3o de res\u00edduos hospitalares para tratamento.<\/p><p><img fetchpriority=\"high\" decoding=\"async\" class=\"aligncenter wp-image-2038\" src=\"https:\/\/www.gigapa.com\/wp-content\/uploads\/2025\/06\/\u56fe\u72471.png\" alt=\"\" width=\"800\" height=\"534\" srcset=\"https:\/\/www.gigapa.com\/wp-content\/uploads\/2025\/06\/\u56fe\u72471.png 1003w, https:\/\/www.gigapa.com\/wp-content\/uploads\/2025\/06\/\u56fe\u72471-300x200.png 300w, https:\/\/www.gigapa.com\/wp-content\/uploads\/2025\/06\/\u56fe\u72471-768x512.png 768w, https:\/\/www.gigapa.com\/wp-content\/uploads\/2025\/06\/\u56fe\u72471-18x12.png 18w, https:\/\/www.gigapa.com\/wp-content\/uploads\/2025\/06\/\u56fe\u72471-600x400.png 600w\" sizes=\"(max-width: 800px) 100vw, 800px\" \/><\/p><p><img decoding=\"async\" class=\"aligncenter wp-image-2039\" src=\"https:\/\/www.gigapa.com\/wp-content\/uploads\/2025\/06\/\u56fe\u72472.png\" alt=\"\" width=\"800\" height=\"533\" srcset=\"https:\/\/www.gigapa.com\/wp-content\/uploads\/2025\/06\/\u56fe\u72472.png 1017w, https:\/\/www.gigapa.com\/wp-content\/uploads\/2025\/06\/\u56fe\u72472-300x200.png 300w, https:\/\/www.gigapa.com\/wp-content\/uploads\/2025\/06\/\u56fe\u72472-768x512.png 768w, https:\/\/www.gigapa.com\/wp-content\/uploads\/2025\/06\/\u56fe\u72472-18x12.png 18w, https:\/\/www.gigapa.com\/wp-content\/uploads\/2025\/06\/\u56fe\u72472-600x400.png 600w\" sizes=\"(max-width: 800px) 100vw, 800px\" \/><\/p><h2><strong><b>Requisitos do cliente:<\/b><\/strong><\/h2><p>\u00c9 necess\u00e1rio um processamento urgente com uma grande produ\u00e7\u00e3o di\u00e1ria para evitar a acumula\u00e7\u00e3o que poderia levar \u00e0 propaga\u00e7\u00e3o de v\u00edrus e a riscos de seguran\u00e7a. \u00c9 necess\u00e1rio um sistema de tritura\u00e7\u00e3o fechado para evitar a liberta\u00e7\u00e3o de aeross\u00f3is durante a tritura\u00e7\u00e3o. O material deve ser triturado t\u00e3o finamente quanto poss\u00edvel para uma incinera\u00e7\u00e3o mais eficiente com um tempo de combust\u00e3o reduzido. Tritura\u00e7\u00e3o de uma s\u00f3 passagem - sem ciclos m\u00faltiplos de tritura\u00e7\u00e3o - para poupar tempo e obter resultados \u00f3ptimos num s\u00f3 passo. A automatiza\u00e7\u00e3o e os sistemas inteligentes s\u00e3o essenciais para minimizar o contacto humano durante a pandemia.<\/p><h2><strong><b>Solu\u00e7\u00e3o:<\/b><\/strong><\/h2><p>A nossa equipa t\u00e9cnica respondeu prontamente \u00e0s necessidades e desenvolveu uma solu\u00e7\u00e3o eficaz e racional utilizando a <a href=\"https:\/\/www.gigapa.com\/pt\/produto\/trituradores-de-duplo-eixo\/\">Triturador de veio duplo GTS-E<\/a>\u00a0com: Espa\u00e7o de trabalho fechado \u00e0 medida Sistema de controlo automatizado inteligente com PLC Siemens, componentes Schneider Electric e programas de controlo inteligentes Funcionamento est\u00e1vel com controlos f\u00e1ceis de aprender<\/p><p>Durante a pandemia de escassez de pessoal, o sistema permite a opera\u00e7\u00e3o segura do equipamento mesmo por trabalhadores com forma\u00e7\u00e3o m\u00ednima ou n\u00edveis de educa\u00e7\u00e3o inferiores atrav\u00e9s de forma\u00e7\u00e3o de curta dura\u00e7\u00e3o. L\u00e2minas especialmente concebidas para proporcionar a m\u00e1xima efici\u00eancia: L\u00e2minas de a\u00e7o de alta liga importadas que combinam dureza e resist\u00eancia L\u00e2minas repar\u00e1veis com perfil de dentes optimizado para uma tritura\u00e7\u00e3o mais eficaz A liga\u00e7\u00e3o direta do motor \u00e0 caixa de velocidades e do veio da caixa de velocidades ao cortador assegura uma transmiss\u00e3o suave e uma elevada efici\u00eancia.<\/p><p><div style=\"width: 1620px;\" class=\"wp-video\"><!--[if lt IE 9]><script>document.createElement('video');<\/script><![endif]-->\n<video class=\"wp-video-shortcode\" id=\"video-2034-1\" width=\"1620\" height=\"1080\" preload=\"auto\" controls=\"controls\"><source type=\"video\/mp4\" src=\"https:\/\/www.gigapa.com\/wp-content\/uploads\/2025\/06\/\u533b\u7597\u5783\u573e\u7834\u788e.mp4?_=1\" \/><a href=\"https:\/\/www.gigapa.com\/wp-content\/uploads\/2025\/06\/\u533b\u7597\u5783\u573e\u7834\u788e.mp4\">https:\/\/www.gigapa.com\/wp-content\/uploads\/2025\/06\/\u533b\u7597\u5783\u573e\u7834\u788e.mp4<\/a><\/video><\/div><\/p><p><img decoding=\"async\" class=\"wp-image-524 size-full aligncenter\" src=\"https:\/\/www.gigapa.com\/wp-content\/uploads\/2025\/02\/\u56fe\u72479-6.png\" alt=\"Trituradores de duplo eixo\" width=\"500\" height=\"253\" srcset=\"https:\/\/www.gigapa.com\/wp-content\/uploads\/2025\/02\/\u56fe\u72479-6.png 500w, https:\/\/www.gigapa.com\/wp-content\/uploads\/2025\/02\/\u56fe\u72479-6-300x152.png 300w\" sizes=\"(max-width: 500px) 100vw, 500px\" \/><\/p><p><img loading=\"lazy\" decoding=\"async\" class=\"wp-image-990 aligncenter\" src=\"https:\/\/www.gigapa.com\/wp-content\/uploads\/2025\/05\/\u533b\u7597\u5783\u573e5.jpg\" alt=\"Trituradores de duplo eixo\" width=\"800\" height=\"502\" srcset=\"https:\/\/www.gigapa.com\/wp-content\/uploads\/2025\/05\/\u533b\u7597\u5783\u573e5.jpg 1034w, https:\/\/www.gigapa.com\/wp-content\/uploads\/2025\/05\/\u533b\u7597\u5783\u573e5-300x188.jpg 300w, https:\/\/www.gigapa.com\/wp-content\/uploads\/2025\/05\/\u533b\u7597\u5783\u573e5-1024x643.jpg 1024w, https:\/\/www.gigapa.com\/wp-content\/uploads\/2025\/05\/\u533b\u7597\u5783\u573e5-768x482.jpg 768w, https:\/\/www.gigapa.com\/wp-content\/uploads\/2025\/05\/\u533b\u7597\u5783\u573e5-600x377.jpg 600w\" sizes=\"(max-width: 800px) 100vw, 800px\" \/><\/p><p>O GIGAPA est\u00e1 empenhado em colocar os clientes em primeiro lugar. Baseamos os nossos servi\u00e7os e solu\u00e7\u00f5es na satisfa\u00e7\u00e3o das necessidades dos clientes, ao mesmo tempo que abordamos quest\u00f5es sociais, contribuindo com a nossa parte para a sociedade. Ao compreendermos profundamente os problemas e preocupa\u00e7\u00f5es dos nossos clientes, fornecemos solu\u00e7\u00f5es direcionadas para os ajudar a ultrapassar os desafios. Ao longo da implementa\u00e7\u00e3o do projeto, mantemos uma comunica\u00e7\u00e3o constante com os clientes, construindo uma confian\u00e7a m\u00fatua e alcan\u00e7ando uma coopera\u00e7\u00e3o bem sucedida. Juntos, aproveitamos o poder do GIGAPA para estabelecer padr\u00f5es de refer\u00eancia no sector!<\/p>\t\t\t\t\t\t\t\t<\/div>\n\t\t\t\t<\/div>\n\t\t\t\t\t<\/div>\n\t\t\t\t<\/div>\n\t\t<div class=\"elementor-element elementor-element-5d031fa e-flex e-con-boxed e-con e-parent\" data-id=\"5d031fa\" data-element_type=\"container\" data-e-type=\"container\">\n\t\t\t\t\t<div class=\"e-con-inner\">\n\t\t\t\t<div class=\"elementor-element elementor-element-696a70c elementor-widget elementor-widget-wpforms\" data-id=\"696a70c\" data-element_type=\"widget\" data-e-type=\"widget\" data-widget_type=\"wpforms.default\">\n\t\t\t\t<div class=\"elementor-widget-container\">\n\t\t\t\t\t<style id=\"wpforms-css-vars-elementor-widget-696a70c\">\n\t\t\t\t.elementor-widget-wpforms.elementor-element-696a70c {\n\t\t\t\t--wpforms-field-size-input-height: 43px;\n--wpforms-field-size-input-spacing: 15px;\n--wpforms-field-size-font-size: 16px;\n--wpforms-field-size-line-height: 19px;\n--wpforms-field-size-padding-h: 14px;\n--wpforms-field-size-checkbox-size: 16px;\n--wpforms-field-size-sublabel-spacing: 5px;\n--wpforms-field-size-icon-size: 1;\n--wpforms-label-size-font-size: 16px;\n--wpforms-label-size-line-height: 19px;\n--wpforms-label-size-sublabel-font-size: 14px;\n--wpforms-label-size-sublabel-line-height: 17px;\n--wpforms-button-size-font-size: 17px;\n--wpforms-button-size-height: 41px;\n--wpforms-button-size-padding-h: 15px;\n--wpforms-button-size-margin-top: 10px;\n\n\t\t\t}\n\t\t\t<\/style><div class=\"wpforms-container wpforms-container-full wpforms-render-modern\" id=\"wpforms-992\"><form id=\"wpforms-form-992\" class=\"wpforms-validate wpforms-form wpforms-ajax-form\" data-formid=\"992\" method=\"post\" enctype=\"multipart\/form-data\" action=\"\/pt\/wp-json\/wp\/v2\/pages\/2034\" data-token=\"9961e7faa026da46425181d1fadce9bc\" data-token-time=\"1779030261\" data-trp-original-action=\"\/pt\/wp-json\/wp\/v2\/pages\/2034\"><noscript class=\"wpforms-error-noscript\">Active o JavaScript no seu browser para preencher este formul\u00e1rio.<\/noscript><div class=\"wpforms-hidden\" id=\"wpforms-error-noscript\">Active o JavaScript no seu browser para preencher este formul\u00e1rio.<\/div><div class=\"wpforms-field-container\"><div id=\"wpforms-992-field_6-container\" class=\"wpforms-field wpforms-field-text\" data-field-id=\"6\"><label class=\"wpforms-field-label\" for=\"wpforms-992-field_6\">Nome<\/label><input type=\"text\" id=\"wpforms-992-field_6\" class=\"wpforms-field-large\" name=\"wpforms[fields][6]\" aria-errormessage=\"wpforms-992-field_6-error\" ><\/div><div id=\"wpforms-992-field_4-container\" class=\"wpforms-field wpforms-field-email\" data-field-id=\"4\"><label class=\"wpforms-field-label\" for=\"wpforms-992-field_4\">Correio eletr\u00f3nico <span class=\"wpforms-required-label\" aria-hidden=\"true\">*<\/span><\/label><input type=\"email\" id=\"wpforms-992-field_4\" class=\"wpforms-field-large wpforms-field-required\" name=\"wpforms[fields][4]\" spellcheck=\"false\" aria-errormessage=\"wpforms-992-field_4-error\" required><\/div><div id=\"wpforms-992-field_2-container\" class=\"wpforms-field wpforms-field-text\" data-field-id=\"2\"><label class=\"wpforms-field-label\" for=\"wpforms-992-field_2\">Telefone <span class=\"wpforms-required-label\" aria-hidden=\"true\">*<\/span><\/label><input type=\"text\" id=\"wpforms-992-field_2\" class=\"wpforms-field-large wpforms-field-required\" name=\"wpforms[fields][2]\" aria-errormessage=\"wpforms-992-field_2-error\" required><\/div><div id=\"wpforms-992-field_5-container\" class=\"wpforms-field wpforms-field-textarea\" data-field-id=\"5\"><label class=\"wpforms-field-label\" for=\"wpforms-992-field_5\">Mensagem <span class=\"wpforms-required-label\" aria-hidden=\"true\">*<\/span><\/label><textarea id=\"wpforms-992-field_5\" class=\"wpforms-field-medium wpforms-field-required\" name=\"wpforms[fields][5]\" aria-errormessage=\"wpforms-992-field_5-error\" required><\/textarea><\/div><div id=\"wpforms-992-field_10-container\" class=\"wpforms-field wpforms-field-text hide-page-url\" data-field-id=\"10\"><label class=\"wpforms-field-label\" for=\"wpforms-992-field_10\">P\u00e1gina de apresenta\u00e7\u00e3o<\/label><input type=\"text\" id=\"wpforms-992-field_10\" class=\"wpforms-field-large\" name=\"wpforms[fields][10]\" value=\"https:\/\/www.gigapa.com\/pt\/wp-json\/wp\/v2\/pages\/2034\" aria-errormessage=\"wpforms-992-field_10-error\" ><\/div><div id=\"wpforms-992-field_11-container\" class=\"wpforms-field wpforms-field-text hidden-ip\" data-field-id=\"11\"><label class=\"wpforms-field-label\" for=\"wpforms-992-field_11\">IP do cliente<\/label><input type=\"text\" id=\"wpforms-992-field_11\" class=\"wpforms-field-large\" name=\"wpforms[fields][11]\" value=\"216.73.216.229\" aria-errormessage=\"wpforms-992-field_11-error\" ><\/div><\/div><!-- .wpforms-field-container --><div class=\"wpforms-recaptcha-container wpforms-is-recaptcha wpforms-is-recaptcha-type-invisible\" ><div class=\"g-recaptcha\" data-sitekey=\"6LdEtWsrAAAAAEmzxiBRi6AAl-KXXavWAmEJdn-a\" data-size=\"invisible\"><\/div><\/div><div class=\"wpforms-submit-container\" ><input type=\"hidden\" name=\"wpforms[id]\" value=\"992\"><input type=\"hidden\" name=\"page_title\" value=\"\"><input type=\"hidden\" name=\"page_url\" value=\"https:\/\/www.gigapa.com\/pt\/wp-json\/wp\/v2\/pages\/2034\"><button type=\"submit\" name=\"wpforms[submit]\" id=\"wpforms-submit-992\" class=\"wpforms-submit\" data-alt-text=\"Sending...\" data-submit-text=\"Get Free Quote\" aria-live=\"assertive\" value=\"wpforms-submit\">Obter um or\u00e7amento gratuito<\/button><img loading=\"lazy\" decoding=\"async\" src=\"https:\/\/www.gigapa.com\/wp-content\/plugins\/wpforms\/assets\/images\/submit-spin.svg\" class=\"wpforms-submit-spinner\" style=\"display: none;\" width=\"26\" height=\"26\" alt=\"Carregamento\"><\/div><input type=\"hidden\" name=\"trp-form-language\" value=\"pt\"\/><\/form><\/div>  <!-- .wpforms-container -->\t\t\t\t<\/div>\n\t\t\t\t<\/div>\n\t\t\t\t\t<\/div>\n\t\t\t\t<\/div>\n\t\t\t\t<\/div>","protected":false},"excerpt":{"rendered":"<p>\u3010Powerful Momentum, Efficient Output\u3011- Triturador de eixo duplo GTS-E Nome do projeto: Tritura\u00e7\u00e3o e elimina\u00e7\u00e3o de res\u00edduos m\u00e9dicos em TianjinCliente: Uma empresa de elimina\u00e7\u00e3o de res\u00edduos m\u00e9dicos [...]<\/p>","protected":false},"author":1,"featured_media":0,"parent":0,"menu_order":0,"comment_status":"closed","ping_status":"closed","template":"","meta":{"site-sidebar-layout":"no-sidebar","site-content-layout":"","ast-site-content-layout":"full-width-container","site-content-style":"default","site-sidebar-style":"default","ast-global-header-display":"","ast-banner-title-visibility":"","ast-main-header-display":"","ast-hfb-above-header-display":"","ast-hfb-below-header-display":"","ast-hfb-mobile-header-display":"","site-post-title":"disabled","ast-breadcrumbs-content":"","ast-featured-img":"disabled","footer-sml-layout":"","ast-disable-related-posts":"","theme-transparent-header-meta":"default","adv-header-id-meta":"","stick-header-meta":"","header-above-stick-meta":"","header-main-stick-meta":"","header-below-stick-meta":"","astra-migrate-meta-layouts":"set","ast-page-background-enabled":"default","ast-page-background-meta":{"desktop":{"background-color":"var(--ast-global-color-5)","background-image":"","background-repeat":"repeat","background-position":"center center","background-size":"auto","background-attachment":"scroll","background-type":"","background-media":"","overlay-type":"","overlay-color":"","overlay-opacity":"","overlay-gradient":""},"tablet":{"background-color":"","background-image":"","background-repeat":"repeat","background-position":"center center","background-size":"auto","background-attachment":"scroll","background-type":"","background-media":"","overlay-type":"","overlay-color":"","overlay-opacity":"","overlay-gradient":""},"mobile":{"background-color":"","background-image":"","background-repeat":"repeat","background-position":"center center","background-size":"auto","background-attachment":"scroll","background-type":"","background-media":"","overlay-type":"","overlay-color":"","overlay-opacity":"","overlay-gradient":""}},"ast-content-background-meta":{"desktop":{"background-color":"var(--ast-global-color-4)","background-image":"","background-repeat":"repeat","background-position":"center center","background-size":"auto","background-attachment":"scroll","background-type":"","background-media":"","overlay-type":"","overlay-color":"","overlay-opacity":"","overlay-gradient":""},"tablet":{"background-color":"var(--ast-global-color-4)","background-image":"","background-repeat":"repeat","background-position":"center center","background-size":"auto","background-attachment":"scroll","background-type":"","background-media":"","overlay-type":"","overlay-color":"","overlay-opacity":"","overlay-gradient":""},"mobile":{"background-color":"var(--ast-global-color-4)","background-image":"","background-repeat":"repeat","background-position":"center center","background-size":"auto","background-attachment":"scroll","background-type":"","background-media":"","overlay-type":"","overlay-color":"","overlay-opacity":"","overlay-gradient":""}},"footnotes":""},"class_list":["post-2034","page","type-page","status-publish","hentry"],"_hostinger_reach_plugin_has_subscription_block":false,"_hostinger_reach_plugin_is_elementor":false,"_links":{"self":[{"href":"https:\/\/www.gigapa.com\/pt\/wp-json\/wp\/v2\/pages\/2034","targetHints":{"allow":["GET"]}}],"collection":[{"href":"https:\/\/www.gigapa.com\/pt\/wp-json\/wp\/v2\/pages"}],"about":[{"href":"https:\/\/www.gigapa.com\/pt\/wp-json\/wp\/v2\/types\/page"}],"author":[{"embeddable":true,"href":"https:\/\/www.gigapa.com\/pt\/wp-json\/wp\/v2\/users\/1"}],"replies":[{"embeddable":true,"href":"https:\/\/www.gigapa.com\/pt\/wp-json\/wp\/v2\/comments?post=2034"}],"version-history":[{"count":21,"href":"https:\/\/www.gigapa.com\/pt\/wp-json\/wp\/v2\/pages\/2034\/revisions"}],"predecessor-version":[{"id":2342,"href":"https:\/\/www.gigapa.com\/pt\/wp-json\/wp\/v2\/pages\/2034\/revisions\/2342"}],"wp:attachment":[{"href":"https:\/\/www.gigapa.com\/pt\/wp-json\/wp\/v2\/media?parent=2034"}],"curies":[{"name":"wp","href":"https:\/\/api.w.org\/{rel}","templated":true}]}}