{"id":2055,"date":"2025-06-17T15:40:26","date_gmt":"2025-06-17T07:40:26","guid":{"rendered":"https:\/\/www.gigapa.com\/?page_id=2055"},"modified":"2025-06-25T09:35:40","modified_gmt":"2025-06-25T01:35:40","slug":"gfb-h-metal-press-machine","status":"publish","type":"page","link":"https:\/\/www.gigapa.com\/pt\/gfb-h-metal-press-machine\/","title":{"rendered":"\u3010Briquetagem com um clique, transformar sucata em ouro\u3011- M\u00e1quina de prensa de metal GFB-H"},"content":{"rendered":"<div data-elementor-type=\"wp-page\" data-elementor-id=\"2055\" class=\"elementor elementor-2055\" data-elementor-post-type=\"page\">\n\t\t\t\t<div class=\"elementor-element elementor-element-b48e396 e-flex e-con-boxed e-con e-parent\" data-id=\"b48e396\" data-element_type=\"container\" data-e-type=\"container\">\n\t\t\t\t\t<div class=\"e-con-inner\">\n\t\t\t\t<div class=\"elementor-element elementor-element-1ca5b55 elementor-widget elementor-widget-heading\" data-id=\"1ca5b55\" data-element_type=\"widget\" data-e-type=\"widget\" data-widget_type=\"heading.default\">\n\t\t\t\t<div class=\"elementor-widget-container\">\n\t\t\t\t\t<h1 class=\"elementor-heading-title elementor-size-default\">\u3010Briquetagem com um clique, transformar sucata em ouro\u3011-- M\u00e1quina de prensa de metal GFB-H<\/h1>\t\t\t\t<\/div>\n\t\t\t\t<\/div>\n\t\t\t\t<div class=\"elementor-element elementor-element-c172df1 elementor-widget elementor-widget-woocommerce-breadcrumb\" data-id=\"c172df1\" data-element_type=\"widget\" data-e-type=\"widget\" data-widget_type=\"woocommerce-breadcrumb.default\">\n\t\t\t\t<div class=\"elementor-widget-container\">\n\t\t\t\t\t<nav class=\"woocommerce-breadcrumb\" aria-label=\"Breadcrumb\" data-no-translation=\"\" data-trp-gettext=\"\">In\u00edcio<\/nav>\t\t\t\t<\/div>\n\t\t\t\t<\/div>\n\t\t\t\t<div class=\"elementor-element elementor-element-a6f74a9 elementor-widget elementor-widget-text-editor\" data-id=\"a6f74a9\" data-element_type=\"widget\" data-e-type=\"widget\" data-widget_type=\"text-editor.default\">\n\t\t\t\t<div class=\"elementor-widget-container\">\n\t\t\t\t\t\t\t\t\t<p><strong><b>Nome do projeto<\/b><\/strong>: Projeto de processamento de sucata de ferro de Taizhou<br \/><strong><b>Cliente<\/b><\/strong>: Uma empresa de reciclagem de metais de Taizhou<br \/><strong><b>Localiza\u00e7\u00e3o:\u00a0<\/b><\/strong>Taizhou, prov\u00edncia de Jiangsu<\/p><h2><strong><b>Antecedentes do projeto:<\/b><\/strong><\/h2><p>A empresa \u00e9 especializada na recupera\u00e7\u00e3o de recursos renov\u00e1veis. Ao briquetar a sucata de ferro, o seu objetivo \u00e9 aumentar o valor do material por unidade. Reduzir o espa\u00e7o de armazenamento. Poupar nos custos de transporte. A sucata de ferro processada e as aparas de ferro s\u00e3o comprimidas em briquetes e vendidas a siderurgias para reciclagem. Grandes volumes requerem um processamento centralizado. Requisitos do cliente: M\u00e1quina de briquetagem de alta efici\u00eancia com grande capacidade Produtos finais densos que n\u00e3o se partem quando caem de 4 metros.<\/p><h2><strong><b>Solu\u00e7\u00e3o:<\/b><\/strong><\/h2><p>Com base nas necessidades di\u00e1rias de processamento e nos principais requisitos, selecion\u00e1mos a <a href=\"https:\/\/www.gigapa.com\/pt\/produto\/prensa-de-briquetagem\/\">M\u00e1quina de briquetagem GFB-H<\/a> com alimenta\u00e7\u00e3o hidr\u00e1ulica. A alimenta\u00e7\u00e3o hidr\u00e1ulica proporciona uma pr\u00e9-compacta\u00e7\u00e3o. O cilindro principal assegura que a densidade do briquete cumpre as especifica\u00e7\u00f5es. Este m\u00e9todo de alimenta\u00e7\u00e3o melhora a efici\u00eancia, aumenta a produ\u00e7\u00e3o e reduz os custos de processamento.<\/p><p><div class=\"ast-oembed-container\" style=\"height: 100%;\"><iframe title=\"M\u00e1quina de briquetagem horizontal para servi\u00e7o pesado | Compactador de metal industrial\" width=\"500\" height=\"375\" src=\"https:\/\/www.youtube.com\/embed\/KTYaIJnoSMo?feature=oembed\" frameborder=\"0\" allow=\"accelerometer; autoplay; clipboard-write; encrypted-media; gyroscope; picture-in-picture; web-share\" referrerpolicy=\"strict-origin-when-cross-origin\" allowfullscreen><\/iframe><\/div><\/p><p><img fetchpriority=\"high\" decoding=\"async\" class=\"aligncenter wp-image-749\" src=\"https:\/\/www.gigapa.com\/wp-content\/uploads\/2025\/04\/BAI\u538b\u997c\u673a.pngxiugai.png\" alt=\"Prensa de briquetagem\" width=\"1000\" height=\"1016\" srcset=\"https:\/\/www.gigapa.com\/wp-content\/uploads\/2025\/04\/BAI\u538b\u997c\u673a.pngxiugai.png 1468w, https:\/\/www.gigapa.com\/wp-content\/uploads\/2025\/04\/BAI\u538b\u997c\u673a.pngxiugai-600x610.png 600w, https:\/\/www.gigapa.com\/wp-content\/uploads\/2025\/04\/BAI\u538b\u997c\u673a.pngxiugai-295x300.png 295w, https:\/\/www.gigapa.com\/wp-content\/uploads\/2025\/04\/BAI\u538b\u997c\u673a.pngxiugai-1008x1024.png 1008w, https:\/\/www.gigapa.com\/wp-content\/uploads\/2025\/04\/BAI\u538b\u997c\u673a.pngxiugai-768x781.png 768w\" sizes=\"(max-width: 1000px) 100vw, 1000px\" \/><\/p><p><img decoding=\"async\" class=\"wp-image-1047 size-full\" src=\"https:\/\/www.gigapa.com\/wp-content\/uploads\/2025\/05\/\u94c1\u5228\u82b1\u538b\u997c\u6253\u5305.jpg\" alt=\"Enfardadeira para embalagem de bolo prensado de aparas de ferro\" width=\"1034\" height=\"649\" srcset=\"https:\/\/www.gigapa.com\/wp-content\/uploads\/2025\/05\/\u94c1\u5228\u82b1\u538b\u997c\u6253\u5305.jpg 1034w, https:\/\/www.gigapa.com\/wp-content\/uploads\/2025\/05\/\u94c1\u5228\u82b1\u538b\u997c\u6253\u5305-300x188.jpg 300w, https:\/\/www.gigapa.com\/wp-content\/uploads\/2025\/05\/\u94c1\u5228\u82b1\u538b\u997c\u6253\u5305-1024x643.jpg 1024w, https:\/\/www.gigapa.com\/wp-content\/uploads\/2025\/05\/\u94c1\u5228\u82b1\u538b\u997c\u6253\u5305-768x482.jpg 768w, https:\/\/www.gigapa.com\/wp-content\/uploads\/2025\/05\/\u94c1\u5228\u82b1\u538b\u997c\u6253\u5305-600x377.jpg 600w\" sizes=\"(max-width: 1034px) 100vw, 1034px\" \/><\/p><p>O GIGAPA est\u00e1 empenhado em colocar os clientes em primeiro lugar. Baseamos os nossos servi\u00e7os e solu\u00e7\u00f5es na satisfa\u00e7\u00e3o das necessidades dos clientes, ao mesmo tempo que abordamos quest\u00f5es sociais, contribuindo com a nossa parte para a sociedade. Ao compreendermos profundamente os problemas e preocupa\u00e7\u00f5es dos nossos clientes, fornecemos solu\u00e7\u00f5es direcionadas para os ajudar a ultrapassar os desafios. Ao longo da implementa\u00e7\u00e3o do projeto, mantemos uma comunica\u00e7\u00e3o constante com os clientes, construindo uma confian\u00e7a m\u00fatua e alcan\u00e7ando uma coopera\u00e7\u00e3o bem sucedida. Juntos, aproveitamos o poder do GIGAPA para estabelecer padr\u00f5es de refer\u00eancia no sector!<\/p>\t\t\t\t\t\t\t\t<\/div>\n\t\t\t\t<\/div>\n\t\t\t\t\t<\/div>\n\t\t\t\t<\/div>\n\t\t<div class=\"elementor-element elementor-element-91896e7 e-flex e-con-boxed e-con e-parent\" data-id=\"91896e7\" data-element_type=\"container\" data-e-type=\"container\">\n\t\t\t\t\t<div class=\"e-con-inner\">\n\t\t\t\t<div class=\"elementor-element elementor-element-1e171e8 elementor-widget elementor-widget-wpforms\" data-id=\"1e171e8\" data-element_type=\"widget\" data-e-type=\"widget\" data-widget_type=\"wpforms.default\">\n\t\t\t\t<div class=\"elementor-widget-container\">\n\t\t\t\t\t<style id=\"wpforms-css-vars-elementor-widget-1e171e8\">\n\t\t\t\t.elementor-widget-wpforms.elementor-element-1e171e8 {\n\t\t\t\t--wpforms-field-size-input-height: 43px;\n--wpforms-field-size-input-spacing: 15px;\n--wpforms-field-size-font-size: 16px;\n--wpforms-field-size-line-height: 19px;\n--wpforms-field-size-padding-h: 14px;\n--wpforms-field-size-checkbox-size: 16px;\n--wpforms-field-size-sublabel-spacing: 5px;\n--wpforms-field-size-icon-size: 1;\n--wpforms-label-size-font-size: 16px;\n--wpforms-label-size-line-height: 19px;\n--wpforms-label-size-sublabel-font-size: 14px;\n--wpforms-label-size-sublabel-line-height: 17px;\n--wpforms-button-size-font-size: 17px;\n--wpforms-button-size-height: 41px;\n--wpforms-button-size-padding-h: 15px;\n--wpforms-button-size-margin-top: 10px;\n\n\t\t\t}\n\t\t\t<\/style><div class=\"wpforms-container wpforms-container-full wpforms-render-modern\" id=\"wpforms-992\"><form id=\"wpforms-form-992\" class=\"wpforms-validate wpforms-form wpforms-ajax-form\" data-formid=\"992\" method=\"post\" enctype=\"multipart\/form-data\" action=\"\/pt\/wp-json\/wp\/v2\/pages\/2055\" data-token=\"c152dce4215ee2ef94c434abd5ba120d\" data-token-time=\"1777651836\" data-trp-original-action=\"\/pt\/wp-json\/wp\/v2\/pages\/2055\"><noscript class=\"wpforms-error-noscript\">Active o JavaScript no seu browser para preencher este formul\u00e1rio.<\/noscript><div class=\"wpforms-hidden\" id=\"wpforms-error-noscript\">Active o JavaScript no seu browser para preencher este formul\u00e1rio.<\/div><div class=\"wpforms-field-container\"><div id=\"wpforms-992-field_6-container\" class=\"wpforms-field wpforms-field-text\" data-field-id=\"6\"><label class=\"wpforms-field-label\" for=\"wpforms-992-field_6\">Nome<\/label><input type=\"text\" id=\"wpforms-992-field_6\" class=\"wpforms-field-large\" name=\"wpforms[fields][6]\" aria-errormessage=\"wpforms-992-field_6-error\" ><\/div><div id=\"wpforms-992-field_4-container\" class=\"wpforms-field wpforms-field-email\" data-field-id=\"4\"><label class=\"wpforms-field-label\" for=\"wpforms-992-field_4\">Correio eletr\u00f3nico <span class=\"wpforms-required-label\" aria-hidden=\"true\">*<\/span><\/label><input type=\"email\" id=\"wpforms-992-field_4\" class=\"wpforms-field-large wpforms-field-required\" name=\"wpforms[fields][4]\" spellcheck=\"false\" aria-errormessage=\"wpforms-992-field_4-error\" required><\/div><div id=\"wpforms-992-field_2-container\" class=\"wpforms-field wpforms-field-text\" data-field-id=\"2\"><label class=\"wpforms-field-label\" for=\"wpforms-992-field_2\">Telefone <span class=\"wpforms-required-label\" aria-hidden=\"true\">*<\/span><\/label><input type=\"text\" id=\"wpforms-992-field_2\" class=\"wpforms-field-large wpforms-field-required\" name=\"wpforms[fields][2]\" aria-errormessage=\"wpforms-992-field_2-error\" required><\/div><div id=\"wpforms-992-field_5-container\" class=\"wpforms-field wpforms-field-textarea\" data-field-id=\"5\"><label class=\"wpforms-field-label\" for=\"wpforms-992-field_5\">Mensagem <span class=\"wpforms-required-label\" aria-hidden=\"true\">*<\/span><\/label><textarea id=\"wpforms-992-field_5\" class=\"wpforms-field-medium wpforms-field-required\" name=\"wpforms[fields][5]\" aria-errormessage=\"wpforms-992-field_5-error\" required><\/textarea><\/div><div id=\"wpforms-992-field_10-container\" class=\"wpforms-field wpforms-field-text hide-page-url\" data-field-id=\"10\"><label class=\"wpforms-field-label\" for=\"wpforms-992-field_10\">P\u00e1gina de apresenta\u00e7\u00e3o<\/label><input type=\"text\" id=\"wpforms-992-field_10\" class=\"wpforms-field-large\" name=\"wpforms[fields][10]\" value=\"https:\/\/www.gigapa.com\/pt\/wp-json\/wp\/v2\/pages\/2055\" aria-errormessage=\"wpforms-992-field_10-error\" ><\/div><div id=\"wpforms-992-field_11-container\" class=\"wpforms-field wpforms-field-text hidden-ip\" data-field-id=\"11\"><label class=\"wpforms-field-label\" for=\"wpforms-992-field_11\">IP do cliente<\/label><input type=\"text\" id=\"wpforms-992-field_11\" class=\"wpforms-field-large\" name=\"wpforms[fields][11]\" value=\"216.73.216.61\" aria-errormessage=\"wpforms-992-field_11-error\" ><\/div><\/div><!-- .wpforms-field-container --><div class=\"wpforms-recaptcha-container wpforms-is-recaptcha wpforms-is-recaptcha-type-invisible\" ><div class=\"g-recaptcha\" data-sitekey=\"6LdEtWsrAAAAAEmzxiBRi6AAl-KXXavWAmEJdn-a\" data-size=\"invisible\"><\/div><\/div><div class=\"wpforms-submit-container\" ><input type=\"hidden\" name=\"wpforms[id]\" value=\"992\"><input type=\"hidden\" name=\"page_title\" value=\"\"><input type=\"hidden\" name=\"page_url\" value=\"https:\/\/www.gigapa.com\/pt\/wp-json\/wp\/v2\/pages\/2055\"><button type=\"submit\" name=\"wpforms[submit]\" id=\"wpforms-submit-992\" class=\"wpforms-submit\" data-alt-text=\"Sending...\" data-submit-text=\"Get Free Quote\" aria-live=\"assertive\" value=\"wpforms-submit\">Obter um or\u00e7amento gratuito<\/button><img decoding=\"async\" src=\"https:\/\/www.gigapa.com\/wp-content\/plugins\/wpforms\/assets\/images\/submit-spin.svg\" class=\"wpforms-submit-spinner\" style=\"display: none;\" width=\"26\" height=\"26\" alt=\"Carregamento\"><\/div><input type=\"hidden\" name=\"trp-form-language\" value=\"pt\"\/><\/form><\/div>  <!-- .wpforms-container -->\t\t\t\t<\/div>\n\t\t\t\t<\/div>\n\t\t\t\t\t<\/div>\n\t\t\t\t<\/div>\n\t\t\t\t<\/div>","protected":false},"excerpt":{"rendered":"<p>\u3010Briquetagem com um clique, transformar sucata em ouro\u3011- M\u00e1quina de prensa de metal GFB-H Nome do projeto: Projeto de Processamento de Ferro de Sucata de TaizhouCliente: Uma empresa de reciclagem de metais de TaizhouLocaliza\u00e7\u00e3o: Taizhou, [...]<\/p>","protected":false},"author":1,"featured_media":0,"parent":0,"menu_order":0,"comment_status":"closed","ping_status":"closed","template":"","meta":{"site-sidebar-layout":"no-sidebar","site-content-layout":"","ast-site-content-layout":"full-width-container","site-content-style":"default","site-sidebar-style":"default","ast-global-header-display":"","ast-banner-title-visibility":"","ast-main-header-display":"","ast-hfb-above-header-display":"","ast-hfb-below-header-display":"","ast-hfb-mobile-header-display":"","site-post-title":"disabled","ast-breadcrumbs-content":"","ast-featured-img":"disabled","footer-sml-layout":"","ast-disable-related-posts":"","theme-transparent-header-meta":"default","adv-header-id-meta":"","stick-header-meta":"","header-above-stick-meta":"","header-main-stick-meta":"","header-below-stick-meta":"","astra-migrate-meta-layouts":"set","ast-page-background-enabled":"default","ast-page-background-meta":{"desktop":{"background-color":"var(--ast-global-color-5)","background-image":"","background-repeat":"repeat","background-position":"center center","background-size":"auto","background-attachment":"scroll","background-type":"","background-media":"","overlay-type":"","overlay-color":"","overlay-opacity":"","overlay-gradient":""},"tablet":{"background-color":"","background-image":"","background-repeat":"repeat","background-position":"center center","background-size":"auto","background-attachment":"scroll","background-type":"","background-media":"","overlay-type":"","overlay-color":"","overlay-opacity":"","overlay-gradient":""},"mobile":{"background-color":"","background-image":"","background-repeat":"repeat","background-position":"center center","background-size":"auto","background-attachment":"scroll","background-type":"","background-media":"","overlay-type":"","overlay-color":"","overlay-opacity":"","overlay-gradient":""}},"ast-content-background-meta":{"desktop":{"background-color":"var(--ast-global-color-4)","background-image":"","background-repeat":"repeat","background-position":"center center","background-size":"auto","background-attachment":"scroll","background-type":"","background-media":"","overlay-type":"","overlay-color":"","overlay-opacity":"","overlay-gradient":""},"tablet":{"background-color":"var(--ast-global-color-4)","background-image":"","background-repeat":"repeat","background-position":"center center","background-size":"auto","background-attachment":"scroll","background-type":"","background-media":"","overlay-type":"","overlay-color":"","overlay-opacity":"","overlay-gradient":""},"mobile":{"background-color":"var(--ast-global-color-4)","background-image":"","background-repeat":"repeat","background-position":"center center","background-size":"auto","background-attachment":"scroll","background-type":"","background-media":"","overlay-type":"","overlay-color":"","overlay-opacity":"","overlay-gradient":""}},"footnotes":""},"class_list":["post-2055","page","type-page","status-publish","hentry"],"_hostinger_reach_plugin_has_subscription_block":false,"_hostinger_reach_plugin_is_elementor":false,"_links":{"self":[{"href":"https:\/\/www.gigapa.com\/pt\/wp-json\/wp\/v2\/pages\/2055","targetHints":{"allow":["GET"]}}],"collection":[{"href":"https:\/\/www.gigapa.com\/pt\/wp-json\/wp\/v2\/pages"}],"about":[{"href":"https:\/\/www.gigapa.com\/pt\/wp-json\/wp\/v2\/types\/page"}],"author":[{"embeddable":true,"href":"https:\/\/www.gigapa.com\/pt\/wp-json\/wp\/v2\/users\/1"}],"replies":[{"embeddable":true,"href":"https:\/\/www.gigapa.com\/pt\/wp-json\/wp\/v2\/comments?post=2055"}],"version-history":[{"count":10,"href":"https:\/\/www.gigapa.com\/pt\/wp-json\/wp\/v2\/pages\/2055\/revisions"}],"predecessor-version":[{"id":2250,"href":"https:\/\/www.gigapa.com\/pt\/wp-json\/wp\/v2\/pages\/2055\/revisions\/2250"}],"wp:attachment":[{"href":"https:\/\/www.gigapa.com\/pt\/wp-json\/wp\/v2\/media?parent=2055"}],"curies":[{"name":"wp","href":"https:\/\/api.w.org\/{rel}","templated":true}]}}