{"id":2066,"date":"2025-06-17T15:40:23","date_gmt":"2025-06-17T07:40:23","guid":{"rendered":"https:\/\/www.gigapa.com\/?page_id=2066"},"modified":"2025-06-25T09:44:50","modified_gmt":"2025-06-25T01:44:50","slug":"gbw-c-wood-shaving-machine","status":"publish","type":"page","link":"https:\/\/www.gigapa.com\/pt\/gbw-c-wood-shaving-machine\/","title":{"rendered":"\u3010Aumentar os lucros, dobrar a efici\u00eancia\u3011- M\u00e1quina de barbear para madeira GBW-C"},"content":{"rendered":"<div data-elementor-type=\"wp-page\" data-elementor-id=\"2066\" class=\"elementor elementor-2066\" data-elementor-post-type=\"page\">\n\t\t\t\t<div class=\"elementor-element elementor-element-7fb157f e-flex e-con-boxed e-con e-parent\" data-id=\"7fb157f\" data-element_type=\"container\" data-e-type=\"container\">\n\t\t\t\t\t<div class=\"e-con-inner\">\n\t\t\t\t<div class=\"elementor-element elementor-element-fbb8596 elementor-widget elementor-widget-heading\" data-id=\"fbb8596\" data-element_type=\"widget\" data-e-type=\"widget\" data-widget_type=\"heading.default\">\n\t\t\t\t<div class=\"elementor-widget-container\">\n\t\t\t\t\t<h1 class=\"elementor-heading-title elementor-size-default\">\u3010Aumentar os lucros, dobrar a efici\u00eancia\u3011-- M\u00e1quina de barbear para madeira GBW-C<\/h1>\t\t\t\t<\/div>\n\t\t\t\t<\/div>\n\t\t\t\t<div class=\"elementor-element elementor-element-a505098 elementor-widget elementor-widget-woocommerce-breadcrumb\" data-id=\"a505098\" data-element_type=\"widget\" data-e-type=\"widget\" data-widget_type=\"woocommerce-breadcrumb.default\">\n\t\t\t\t<div class=\"elementor-widget-container\">\n\t\t\t\t\t<nav class=\"woocommerce-breadcrumb\" aria-label=\"Breadcrumb\" data-no-translation=\"\" data-trp-gettext=\"\">In\u00edcio<\/nav>\t\t\t\t<\/div>\n\t\t\t\t<\/div>\n\t\t\t\t<div class=\"elementor-element elementor-element-a71d8a9 elementor-widget elementor-widget-text-editor\" data-id=\"a71d8a9\" data-element_type=\"widget\" data-e-type=\"widget\" data-widget_type=\"text-editor.default\">\n\t\t\t\t<div class=\"elementor-widget-container\">\n\t\t\t\t\t\t\t\t\t<p><strong><b>Nome do projeto:<\/b><\/strong>\u00a0Projeto de linha de produ\u00e7\u00e3o de madeira para barbear em Dongguan<br \/><strong><b>Cliente:<\/b><\/strong>\u00a0Uma empresa de roupa de cama para barbear com sede em Dongguan<br \/><strong><b>Localiza\u00e7\u00e3o:<\/b><\/strong>\u00a0Dongguan<\/p><h2><strong><b>Antecedentes do projeto:<\/b><\/strong><\/h2><p>O cliente \u00e9 um fabricante profissional de camas de aparas de madeira, fornecendo principalmente aparas a centros equestres e quintas de cavalos. A capacidade atual do seu equipamento j\u00e1 n\u00e3o conseguia satisfazer a procura, necessitando de m\u00e1quinas de maior rendimento.<\/p><h2><strong><b>Requisitos do cliente:<\/b><\/strong><\/h2><p>Capacidade de produ\u00e7\u00e3o que atinge T\/h, comprimento das aparas de madeira \u2265 5 cm, peso do fardo mais exato e densidade do fardo control\u00e1vel.<\/p><h2><strong><b>Solu\u00e7\u00e3o:<\/b><\/strong><\/h2><p>Com base nas necessidades di\u00e1rias de processamento e nos principais requisitos, concebemos recentemente a m\u00e1quina de seis eixos <a href=\"https:\/\/www.gigapa.com\/pt\/produto\/trituradores-de-madeira\/\">M\u00e1quina de barbear da s\u00e9rie GBW-C<\/a> com fun\u00e7\u00f5es melhoradas: Funcionamento est\u00e1vel com elevado rendimento e um sistema de pesagem e ensacamento modificado de acordo com as especifica\u00e7\u00f5es do cliente. A linha de produ\u00e7\u00e3o completa cumpre as normas t\u00e9cnicas e os requisitos operacionais, criando valor econ\u00f3mico para o cliente.<\/p><p><div class=\"ast-oembed-container\" style=\"height: 100%;\"><iframe title=\"M\u00e1quina de cortar madeira de alta efici\u00eancia para cama de animais #woodshavings\" width=\"500\" height=\"281\" src=\"https:\/\/www.youtube.com\/embed\/Cy-jHySpj0Y?feature=oembed\" frameborder=\"0\" allow=\"accelerometer; autoplay; clipboard-write; encrypted-media; gyroscope; picture-in-picture; web-share\" referrerpolicy=\"strict-origin-when-cross-origin\" allowfullscreen><\/iframe><\/div><\/p><p><img fetchpriority=\"high\" decoding=\"async\" class=\"wp-image-1955 size-full aligncenter\" src=\"https:\/\/www.gigapa.com\/wp-content\/uploads\/2025\/06\/\u5fae\u4fe1\u56fe\u7247_20250616091927.png\" alt=\"\" width=\"800\" height=\"800\" srcset=\"https:\/\/www.gigapa.com\/wp-content\/uploads\/2025\/06\/\u5fae\u4fe1\u56fe\u7247_20250616091927.png 800w, https:\/\/www.gigapa.com\/wp-content\/uploads\/2025\/06\/\u5fae\u4fe1\u56fe\u7247_20250616091927-300x300.png 300w, https:\/\/www.gigapa.com\/wp-content\/uploads\/2025\/06\/\u5fae\u4fe1\u56fe\u7247_20250616091927-150x150.png 150w, https:\/\/www.gigapa.com\/wp-content\/uploads\/2025\/06\/\u5fae\u4fe1\u56fe\u7247_20250616091927-768x768.png 768w, https:\/\/www.gigapa.com\/wp-content\/uploads\/2025\/06\/\u5fae\u4fe1\u56fe\u7247_20250616091927-12x12.png 12w, https:\/\/www.gigapa.com\/wp-content\/uploads\/2025\/06\/\u5fae\u4fe1\u56fe\u7247_20250616091927-600x600.png 600w, https:\/\/www.gigapa.com\/wp-content\/uploads\/2025\/06\/\u5fae\u4fe1\u56fe\u7247_20250616091927-100x100.png 100w\" sizes=\"(max-width: 800px) 100vw, 800px\" \/><\/p><p><img decoding=\"async\" class=\"aligncenter wp-image-1007\" src=\"https:\/\/www.gigapa.com\/wp-content\/uploads\/2025\/05\/\u6728\u67501.jpg\" alt=\"Picadores de madeira\" width=\"800\" height=\"502\" srcset=\"https:\/\/www.gigapa.com\/wp-content\/uploads\/2025\/05\/\u6728\u67501.jpg 1034w, https:\/\/www.gigapa.com\/wp-content\/uploads\/2025\/05\/\u6728\u67501-300x188.jpg 300w, https:\/\/www.gigapa.com\/wp-content\/uploads\/2025\/05\/\u6728\u67501-1024x643.jpg 1024w, https:\/\/www.gigapa.com\/wp-content\/uploads\/2025\/05\/\u6728\u67501-768x482.jpg 768w, https:\/\/www.gigapa.com\/wp-content\/uploads\/2025\/05\/\u6728\u67501-600x377.jpg 600w\" sizes=\"(max-width: 800px) 100vw, 800px\" \/><\/p><p><img decoding=\"async\" class=\"aligncenter wp-image-1032\" src=\"https:\/\/www.gigapa.com\/wp-content\/uploads\/2025\/05\/\u5957\u888b\u673a\u5228\u82b1\u673a\u6253\u53052.jpg\" alt=\"M\u00e1quinas de ensacamento e enfardamento\" width=\"800\" height=\"502\" srcset=\"https:\/\/www.gigapa.com\/wp-content\/uploads\/2025\/05\/\u5957\u888b\u673a\u5228\u82b1\u673a\u6253\u53052.jpg 1034w, https:\/\/www.gigapa.com\/wp-content\/uploads\/2025\/05\/\u5957\u888b\u673a\u5228\u82b1\u673a\u6253\u53052-300x188.jpg 300w, https:\/\/www.gigapa.com\/wp-content\/uploads\/2025\/05\/\u5957\u888b\u673a\u5228\u82b1\u673a\u6253\u53052-1024x643.jpg 1024w, https:\/\/www.gigapa.com\/wp-content\/uploads\/2025\/05\/\u5957\u888b\u673a\u5228\u82b1\u673a\u6253\u53052-768x482.jpg 768w, https:\/\/www.gigapa.com\/wp-content\/uploads\/2025\/05\/\u5957\u888b\u673a\u5228\u82b1\u673a\u6253\u53052-600x377.jpg 600w\" sizes=\"(max-width: 800px) 100vw, 800px\" \/><\/p><p>O GIGAPA est\u00e1 empenhado em colocar os clientes em primeiro lugar. Baseamos os nossos servi\u00e7os e solu\u00e7\u00f5es na satisfa\u00e7\u00e3o das necessidades dos clientes, ao mesmo tempo que abordamos as quest\u00f5es sociais, contribuindo com a nossa parte para a sociedade. Ao compreendermos profundamente os pontos fracos e as preocupa\u00e7\u00f5es dos nossos clientes, fornecemos solu\u00e7\u00f5es direcionadas para os ajudar a ultrapassar os desafios. Durante a implementa\u00e7\u00e3o do projeto, mantemos uma comunica\u00e7\u00e3o constante com os clientes, construindo uma confian\u00e7a m\u00fatua e alcan\u00e7ando uma coopera\u00e7\u00e3o bem sucedida.<\/p>\t\t\t\t\t\t\t\t<\/div>\n\t\t\t\t<\/div>\n\t\t\t\t\t<\/div>\n\t\t\t\t<\/div>\n\t\t<div class=\"elementor-element elementor-element-6903bb6 e-flex e-con-boxed e-con e-parent\" data-id=\"6903bb6\" data-element_type=\"container\" data-e-type=\"container\">\n\t\t\t\t\t<div class=\"e-con-inner\">\n\t\t\t\t<div class=\"elementor-element elementor-element-01f3a39 elementor-widget elementor-widget-wpforms\" data-id=\"01f3a39\" data-element_type=\"widget\" data-e-type=\"widget\" data-widget_type=\"wpforms.default\">\n\t\t\t\t<div class=\"elementor-widget-container\">\n\t\t\t\t\t<style id=\"wpforms-css-vars-elementor-widget-01f3a39\">\n\t\t\t\t.elementor-widget-wpforms.elementor-element-01f3a39 {\n\t\t\t\t--wpforms-field-size-input-height: 43px;\n--wpforms-field-size-input-spacing: 15px;\n--wpforms-field-size-font-size: 16px;\n--wpforms-field-size-line-height: 19px;\n--wpforms-field-size-padding-h: 14px;\n--wpforms-field-size-checkbox-size: 16px;\n--wpforms-field-size-sublabel-spacing: 5px;\n--wpforms-field-size-icon-size: 1;\n--wpforms-label-size-font-size: 16px;\n--wpforms-label-size-line-height: 19px;\n--wpforms-label-size-sublabel-font-size: 14px;\n--wpforms-label-size-sublabel-line-height: 17px;\n--wpforms-button-size-font-size: 17px;\n--wpforms-button-size-height: 41px;\n--wpforms-button-size-padding-h: 15px;\n--wpforms-button-size-margin-top: 10px;\n\n\t\t\t}\n\t\t\t<\/style><div class=\"wpforms-container wpforms-container-full wpforms-render-modern\" id=\"wpforms-992\"><form id=\"wpforms-form-992\" class=\"wpforms-validate wpforms-form wpforms-ajax-form\" data-formid=\"992\" method=\"post\" enctype=\"multipart\/form-data\" action=\"\/pt\/wp-json\/wp\/v2\/pages\/2066\" data-token=\"e222e14b642e66d528c567c6e9f9d64d\" data-token-time=\"1778857613\" data-trp-original-action=\"\/pt\/wp-json\/wp\/v2\/pages\/2066\"><noscript class=\"wpforms-error-noscript\">Active o JavaScript no seu browser para preencher este formul\u00e1rio.<\/noscript><div class=\"wpforms-hidden\" id=\"wpforms-error-noscript\">Active o JavaScript no seu browser para preencher este formul\u00e1rio.<\/div><div class=\"wpforms-field-container\"><div id=\"wpforms-992-field_6-container\" class=\"wpforms-field wpforms-field-text\" data-field-id=\"6\"><label class=\"wpforms-field-label\" for=\"wpforms-992-field_6\">Nome<\/label><input type=\"text\" id=\"wpforms-992-field_6\" class=\"wpforms-field-large\" name=\"wpforms[fields][6]\" aria-errormessage=\"wpforms-992-field_6-error\" ><\/div><div id=\"wpforms-992-field_4-container\" class=\"wpforms-field wpforms-field-email\" data-field-id=\"4\"><label class=\"wpforms-field-label\" for=\"wpforms-992-field_4\">Correio eletr\u00f3nico <span class=\"wpforms-required-label\" aria-hidden=\"true\">*<\/span><\/label><input type=\"email\" id=\"wpforms-992-field_4\" class=\"wpforms-field-large wpforms-field-required\" name=\"wpforms[fields][4]\" spellcheck=\"false\" aria-errormessage=\"wpforms-992-field_4-error\" required><\/div><div id=\"wpforms-992-field_2-container\" class=\"wpforms-field wpforms-field-text\" data-field-id=\"2\"><label class=\"wpforms-field-label\" for=\"wpforms-992-field_2\">Telefone <span class=\"wpforms-required-label\" aria-hidden=\"true\">*<\/span><\/label><input type=\"text\" id=\"wpforms-992-field_2\" class=\"wpforms-field-large wpforms-field-required\" name=\"wpforms[fields][2]\" aria-errormessage=\"wpforms-992-field_2-error\" required><\/div><div id=\"wpforms-992-field_5-container\" class=\"wpforms-field wpforms-field-textarea\" data-field-id=\"5\"><label class=\"wpforms-field-label\" for=\"wpforms-992-field_5\">Mensagem <span class=\"wpforms-required-label\" aria-hidden=\"true\">*<\/span><\/label><textarea id=\"wpforms-992-field_5\" class=\"wpforms-field-medium wpforms-field-required\" name=\"wpforms[fields][5]\" aria-errormessage=\"wpforms-992-field_5-error\" required><\/textarea><\/div><div id=\"wpforms-992-field_10-container\" class=\"wpforms-field wpforms-field-text hide-page-url\" data-field-id=\"10\"><label class=\"wpforms-field-label\" for=\"wpforms-992-field_10\">P\u00e1gina de apresenta\u00e7\u00e3o<\/label><input type=\"text\" id=\"wpforms-992-field_10\" class=\"wpforms-field-large\" name=\"wpforms[fields][10]\" value=\"https:\/\/www.gigapa.com\/pt\/wp-json\/wp\/v2\/pages\/2066\" aria-errormessage=\"wpforms-992-field_10-error\" ><\/div><div id=\"wpforms-992-field_11-container\" class=\"wpforms-field wpforms-field-text hidden-ip\" data-field-id=\"11\"><label class=\"wpforms-field-label\" for=\"wpforms-992-field_11\">IP do cliente<\/label><input type=\"text\" id=\"wpforms-992-field_11\" class=\"wpforms-field-large\" name=\"wpforms[fields][11]\" value=\"216.73.217.73\" aria-errormessage=\"wpforms-992-field_11-error\" ><\/div><\/div><!-- .wpforms-field-container --><div class=\"wpforms-recaptcha-container wpforms-is-recaptcha wpforms-is-recaptcha-type-invisible\" ><div class=\"g-recaptcha\" data-sitekey=\"6LdEtWsrAAAAAEmzxiBRi6AAl-KXXavWAmEJdn-a\" data-size=\"invisible\"><\/div><\/div><div class=\"wpforms-submit-container\" ><input type=\"hidden\" name=\"wpforms[id]\" value=\"992\"><input type=\"hidden\" name=\"page_title\" value=\"\"><input type=\"hidden\" name=\"page_url\" value=\"https:\/\/www.gigapa.com\/pt\/wp-json\/wp\/v2\/pages\/2066\"><button type=\"submit\" name=\"wpforms[submit]\" id=\"wpforms-submit-992\" class=\"wpforms-submit\" data-alt-text=\"Sending...\" data-submit-text=\"Get Free Quote\" aria-live=\"assertive\" value=\"wpforms-submit\">Obter um or\u00e7amento gratuito<\/button><img loading=\"lazy\" decoding=\"async\" src=\"https:\/\/www.gigapa.com\/wp-content\/plugins\/wpforms\/assets\/images\/submit-spin.svg\" class=\"wpforms-submit-spinner\" style=\"display: none;\" width=\"26\" height=\"26\" alt=\"Carregamento\"><\/div><input type=\"hidden\" name=\"trp-form-language\" value=\"pt\"\/><\/form><\/div>  <!-- .wpforms-container -->\t\t\t\t<\/div>\n\t\t\t\t<\/div>\n\t\t\t\t\t<\/div>\n\t\t\t\t<\/div>\n\t\t\t\t<\/div>","protected":false},"excerpt":{"rendered":"<p>\u3010Aumentar os lucros, dobrar a efici\u00eancia\u3011- GBW-C M\u00e1quina de barbear madeira Nome do projeto: Projeto de linha de produ\u00e7\u00e3o de barbear de madeira de DongguanCliente: Uma empresa de cama de barbear de madeira com sede em DongguanLocaliza\u00e7\u00e3o: Dongguan [...]<\/p>","protected":false},"author":1,"featured_media":0,"parent":0,"menu_order":0,"comment_status":"closed","ping_status":"closed","template":"","meta":{"site-sidebar-layout":"no-sidebar","site-content-layout":"","ast-site-content-layout":"full-width-container","site-content-style":"default","site-sidebar-style":"default","ast-global-header-display":"","ast-banner-title-visibility":"","ast-main-header-display":"","ast-hfb-above-header-display":"","ast-hfb-below-header-display":"","ast-hfb-mobile-header-display":"","site-post-title":"disabled","ast-breadcrumbs-content":"","ast-featured-img":"disabled","footer-sml-layout":"","ast-disable-related-posts":"","theme-transparent-header-meta":"default","adv-header-id-meta":"","stick-header-meta":"","header-above-stick-meta":"","header-main-stick-meta":"","header-below-stick-meta":"","astra-migrate-meta-layouts":"set","ast-page-background-enabled":"default","ast-page-background-meta":{"desktop":{"background-color":"var(--ast-global-color-5)","background-image":"","background-repeat":"repeat","background-position":"center center","background-size":"auto","background-attachment":"scroll","background-type":"","background-media":"","overlay-type":"","overlay-color":"","overlay-opacity":"","overlay-gradient":""},"tablet":{"background-color":"","background-image":"","background-repeat":"repeat","background-position":"center center","background-size":"auto","background-attachment":"scroll","background-type":"","background-media":"","overlay-type":"","overlay-color":"","overlay-opacity":"","overlay-gradient":""},"mobile":{"background-color":"","background-image":"","background-repeat":"repeat","background-position":"center center","background-size":"auto","background-attachment":"scroll","background-type":"","background-media":"","overlay-type":"","overlay-color":"","overlay-opacity":"","overlay-gradient":""}},"ast-content-background-meta":{"desktop":{"background-color":"var(--ast-global-color-4)","background-image":"","background-repeat":"repeat","background-position":"center center","background-size":"auto","background-attachment":"scroll","background-type":"","background-media":"","overlay-type":"","overlay-color":"","overlay-opacity":"","overlay-gradient":""},"tablet":{"background-color":"var(--ast-global-color-4)","background-image":"","background-repeat":"repeat","background-position":"center center","background-size":"auto","background-attachment":"scroll","background-type":"","background-media":"","overlay-type":"","overlay-color":"","overlay-opacity":"","overlay-gradient":""},"mobile":{"background-color":"var(--ast-global-color-4)","background-image":"","background-repeat":"repeat","background-position":"center center","background-size":"auto","background-attachment":"scroll","background-type":"","background-media":"","overlay-type":"","overlay-color":"","overlay-opacity":"","overlay-gradient":""}},"footnotes":""},"class_list":["post-2066","page","type-page","status-publish","hentry"],"_hostinger_reach_plugin_has_subscription_block":false,"_hostinger_reach_plugin_is_elementor":false,"_links":{"self":[{"href":"https:\/\/www.gigapa.com\/pt\/wp-json\/wp\/v2\/pages\/2066","targetHints":{"allow":["GET"]}}],"collection":[{"href":"https:\/\/www.gigapa.com\/pt\/wp-json\/wp\/v2\/pages"}],"about":[{"href":"https:\/\/www.gigapa.com\/pt\/wp-json\/wp\/v2\/types\/page"}],"author":[{"embeddable":true,"href":"https:\/\/www.gigapa.com\/pt\/wp-json\/wp\/v2\/users\/1"}],"replies":[{"embeddable":true,"href":"https:\/\/www.gigapa.com\/pt\/wp-json\/wp\/v2\/comments?post=2066"}],"version-history":[{"count":13,"href":"https:\/\/www.gigapa.com\/pt\/wp-json\/wp\/v2\/pages\/2066\/revisions"}],"predecessor-version":[{"id":2270,"href":"https:\/\/www.gigapa.com\/pt\/wp-json\/wp\/v2\/pages\/2066\/revisions\/2270"}],"wp:attachment":[{"href":"https:\/\/www.gigapa.com\/pt\/wp-json\/wp\/v2\/media?parent=2066"}],"curies":[{"name":"wp","href":"https:\/\/api.w.org\/{rel}","templated":true}]}}