{"id":2191,"date":"2025-06-25T08:38:23","date_gmt":"2025-06-25T00:38:23","guid":{"rendered":"https:\/\/www.gigapa.com\/?page_id=2191"},"modified":"2025-06-25T11:48:29","modified_gmt":"2025-06-25T03:48:29","slug":"ghp-series-hydraulic-press","status":"publish","type":"page","link":"https:\/\/www.gigapa.com\/pt\/ghp-series-hydraulic-press\/","title":{"rendered":"\u3010CNC inteligente, controle de press\u00e3o na ponta dos dedos\u3011 - Prensa hidr\u00e1ulica da s\u00e9rie GHP"},"content":{"rendered":"<div data-elementor-type=\"wp-page\" data-elementor-id=\"2191\" class=\"elementor elementor-2191\" data-elementor-post-type=\"page\">\n\t\t\t\t<div class=\"elementor-element elementor-element-a5d68a5 e-flex e-con-boxed e-con e-parent\" data-id=\"a5d68a5\" data-element_type=\"container\" data-e-type=\"container\">\n\t\t\t\t\t<div class=\"e-con-inner\">\n\t\t<div class=\"elementor-element elementor-element-292fd23 e-con-full e-flex e-con e-child\" data-id=\"292fd23\" data-element_type=\"container\" data-e-type=\"container\">\n\t\t<div class=\"elementor-element elementor-element-0b41bb6 e-con-full e-flex e-con e-child\" data-id=\"0b41bb6\" data-element_type=\"container\" data-e-type=\"container\">\n\t\t\t\t<div class=\"elementor-element elementor-element-0c0c225 elementor-widget elementor-widget-heading\" data-id=\"0c0c225\" data-element_type=\"widget\" data-e-type=\"widget\" data-widget_type=\"heading.default\">\n\t\t\t\t<div class=\"elementor-widget-container\">\n\t\t\t\t\t<h1 class=\"elementor-heading-title elementor-size-default\">\u3010CNC inteligente, controle de press\u00e3o na ponta dos dedos\u3011 - Prensa hidr\u00e1ulica da s\u00e9rie GHP<\/h1>\t\t\t\t<\/div>\n\t\t\t\t<\/div>\n\t\t\t\t<div class=\"elementor-element elementor-element-b3fccd6 elementor-widget elementor-widget-woocommerce-breadcrumb\" data-id=\"b3fccd6\" data-element_type=\"widget\" data-e-type=\"widget\" data-widget_type=\"woocommerce-breadcrumb.default\">\n\t\t\t\t<div class=\"elementor-widget-container\">\n\t\t\t\t\t<nav class=\"woocommerce-breadcrumb\" aria-label=\"Breadcrumb\" data-no-translation=\"\" data-trp-gettext=\"\">In\u00edcio<\/nav>\t\t\t\t<\/div>\n\t\t\t\t<\/div>\n\t\t\t\t<div class=\"elementor-element elementor-element-d91c5cc elementor-widget elementor-widget-text-editor\" data-id=\"d91c5cc\" data-element_type=\"widget\" data-e-type=\"widget\" data-widget_type=\"text-editor.default\">\n\t\t\t\t<div class=\"elementor-widget-container\">\n\t\t\t\t\t\t\t\t\t<p><strong><b>Nome do projeto: <\/b><\/strong>Prensa hidr\u00e1ulica para testes em Zhangjiagang<br \/><strong><b>Nome do cliente: <\/b><\/strong>Uma nova empresa de materiais em Zhangjiagang<br \/><strong><b>Localiza\u00e7\u00e3o do projeto: <\/b><\/strong>Zhangjiagang, prov\u00edncia de Jiangsu<\/p><h2><strong><b>Antecedentes do projeto<\/b><\/strong><strong><b><br \/><\/b><\/strong><\/h2><p>Os materiais comp\u00f3sitos requerem ensaios de desempenho antes da produ\u00e7\u00e3o em massa formal.<\/p><p><img fetchpriority=\"high\" decoding=\"async\" class=\"alignnone wp-image-2196\" src=\"https:\/\/www.gigapa.com\/wp-content\/uploads\/2025\/06\/Hydraulic-Press-for-Testing-in-Zhangjiagang.png\" alt=\"\" width=\"435\" height=\"390\" srcset=\"https:\/\/www.gigapa.com\/wp-content\/uploads\/2025\/06\/Hydraulic-Press-for-Testing-in-Zhangjiagang.png 540w, https:\/\/www.gigapa.com\/wp-content\/uploads\/2025\/06\/Hydraulic-Press-for-Testing-in-Zhangjiagang-300x269.png 300w, https:\/\/www.gigapa.com\/wp-content\/uploads\/2025\/06\/Hydraulic-Press-for-Testing-in-Zhangjiagang-13x12.png 13w\" sizes=\"(max-width: 435px) 100vw, 435px\" \/> <img decoding=\"async\" class=\"alignnone wp-image-2197\" src=\"https:\/\/www.gigapa.com\/wp-content\/uploads\/2025\/06\/Hydraulic-Press-for-Testing-in-Zhangjiagang2.png\" alt=\"\" width=\"540\" height=\"390\" srcset=\"https:\/\/www.gigapa.com\/wp-content\/uploads\/2025\/06\/Hydraulic-Press-for-Testing-in-Zhangjiagang2.png 668w, https:\/\/www.gigapa.com\/wp-content\/uploads\/2025\/06\/Hydraulic-Press-for-Testing-in-Zhangjiagang2-300x217.png 300w, https:\/\/www.gigapa.com\/wp-content\/uploads\/2025\/06\/Hydraulic-Press-for-Testing-in-Zhangjiagang2-18x12.png 18w, https:\/\/www.gigapa.com\/wp-content\/uploads\/2025\/06\/Hydraulic-Press-for-Testing-in-Zhangjiagang2-600x434.png 600w\" sizes=\"(max-width: 540px) 100vw, 540px\" \/><\/p><h2><strong><b>Requisitos do cliente:<\/b><\/strong><\/h2><p>O equipamento deve incluir a funcionalidade de aquecimento com controlo preciso da temperatura, press\u00e3o de prensagem ajust\u00e1vel, defini\u00e7\u00f5es de curso personaliz\u00e1veis e um sistema hidr\u00e1ulico de dupla velocidade.<\/p><h2><strong><b>Solu\u00e7\u00e3o:<\/b><\/strong><\/h2><p>Com base numa estrutura de prensa hidr\u00e1ulica padr\u00e3o, os nossos engenheiros personalizaram um sistema hidr\u00e1ulico dedicado, adaptado \u00e0s necessidades do cliente. Ao integrar uma programa\u00e7\u00e3o PLC especializada, cumprimos com sucesso todos os requisitos especificados.<\/p><p><img decoding=\"async\" class=\"wp-image-2211 aligncenter\" src=\"https:\/\/www.gigapa.com\/wp-content\/uploads\/2025\/06\/Hydraulic-Press-for-Testing-in-Zhangjiagang3.png\" alt=\"\" width=\"1000\" height=\"750\" srcset=\"https:\/\/www.gigapa.com\/wp-content\/uploads\/2025\/06\/Hydraulic-Press-for-Testing-in-Zhangjiagang3.png 1267w, https:\/\/www.gigapa.com\/wp-content\/uploads\/2025\/06\/Hydraulic-Press-for-Testing-in-Zhangjiagang3-300x225.png 300w, https:\/\/www.gigapa.com\/wp-content\/uploads\/2025\/06\/Hydraulic-Press-for-Testing-in-Zhangjiagang3-1024x768.png 1024w, https:\/\/www.gigapa.com\/wp-content\/uploads\/2025\/06\/Hydraulic-Press-for-Testing-in-Zhangjiagang3-768x576.png 768w, https:\/\/www.gigapa.com\/wp-content\/uploads\/2025\/06\/Hydraulic-Press-for-Testing-in-Zhangjiagang3-16x12.png 16w, https:\/\/www.gigapa.com\/wp-content\/uploads\/2025\/06\/Hydraulic-Press-for-Testing-in-Zhangjiagang3-600x450.png 600w\" sizes=\"(max-width: 1000px) 100vw, 1000px\" \/><\/p><p>O GIGAPA est\u00e1 empenhado em colocar os clientes em primeiro lugar. Baseamos os nossos servi\u00e7os e solu\u00e7\u00f5es na satisfa\u00e7\u00e3o das necessidades dos clientes, ao mesmo tempo que abordamos quest\u00f5es sociais, contribuindo com a nossa parte para a sociedade. Ao compreendermos profundamente os pontos fracos e as preocupa\u00e7\u00f5es dos nossos clientes, fornecemos solu\u00e7\u00f5es direcionadas para os ajudar a ultrapassar os desafios. Ao longo da implementa\u00e7\u00e3o do projeto, mantemos uma comunica\u00e7\u00e3o constante com os clientes, construindo uma confian\u00e7a m\u00fatua e alcan\u00e7ando uma coopera\u00e7\u00e3o bem sucedida. Juntos, aproveitamos o poder do GIGAPA para estabelecer padr\u00f5es de refer\u00eancia no sector!<\/p>\t\t\t\t\t\t\t\t<\/div>\n\t\t\t\t<\/div>\n\t\t\t\t<\/div>\n\t\t\t\t<\/div>\n\t\t\t\t\t<\/div>\n\t\t\t\t<\/div>\n\t\t\t\t<\/div>","protected":false},"excerpt":{"rendered":"<p>\u3010Intelligent CNC, controle de press\u00e3o na ponta dos dedos\u3011 - Prensa Hidr\u00e1ulica S\u00e9rie GHP Nome do Projeto: Prensa Hidr\u00e1ulica para Testes em ZhangjiagangCliente [...]<\/p>","protected":false},"author":1,"featured_media":0,"parent":0,"menu_order":0,"comment_status":"closed","ping_status":"closed","template":"","meta":{"site-sidebar-layout":"no-sidebar","site-content-layout":"","ast-site-content-layout":"full-width-container","site-content-style":"default","site-sidebar-style":"default","ast-global-header-display":"","ast-banner-title-visibility":"","ast-main-header-display":"","ast-hfb-above-header-display":"","ast-hfb-below-header-display":"","ast-hfb-mobile-header-display":"","site-post-title":"disabled","ast-breadcrumbs-content":"","ast-featured-img":"disabled","footer-sml-layout":"","ast-disable-related-posts":"","theme-transparent-header-meta":"default","adv-header-id-meta":"","stick-header-meta":"","header-above-stick-meta":"","header-main-stick-meta":"","header-below-stick-meta":"","astra-migrate-meta-layouts":"set","ast-page-background-enabled":"default","ast-page-background-meta":{"desktop":{"background-color":"var(--ast-global-color-5)","background-image":"","background-repeat":"repeat","background-position":"center center","background-size":"auto","background-attachment":"scroll","background-type":"","background-media":"","overlay-type":"","overlay-color":"","overlay-opacity":"","overlay-gradient":""},"tablet":{"background-color":"","background-image":"","background-repeat":"repeat","background-position":"center center","background-size":"auto","background-attachment":"scroll","background-type":"","background-media":"","overlay-type":"","overlay-color":"","overlay-opacity":"","overlay-gradient":""},"mobile":{"background-color":"","background-image":"","background-repeat":"repeat","background-position":"center center","background-size":"auto","background-attachment":"scroll","background-type":"","background-media":"","overlay-type":"","overlay-color":"","overlay-opacity":"","overlay-gradient":""}},"ast-content-background-meta":{"desktop":{"background-color":"var(--ast-global-color-4)","background-image":"","background-repeat":"repeat","background-position":"center center","background-size":"auto","background-attachment":"scroll","background-type":"","background-media":"","overlay-type":"","overlay-color":"","overlay-opacity":"","overlay-gradient":""},"tablet":{"background-color":"var(--ast-global-color-4)","background-image":"","background-repeat":"repeat","background-position":"center center","background-size":"auto","background-attachment":"scroll","background-type":"","background-media":"","overlay-type":"","overlay-color":"","overlay-opacity":"","overlay-gradient":""},"mobile":{"background-color":"var(--ast-global-color-4)","background-image":"","background-repeat":"repeat","background-position":"center center","background-size":"auto","background-attachment":"scroll","background-type":"","background-media":"","overlay-type":"","overlay-color":"","overlay-opacity":"","overlay-gradient":""}},"footnotes":""},"class_list":["post-2191","page","type-page","status-publish","hentry"],"_hostinger_reach_plugin_has_subscription_block":false,"_hostinger_reach_plugin_is_elementor":false,"_links":{"self":[{"href":"https:\/\/www.gigapa.com\/pt\/wp-json\/wp\/v2\/pages\/2191","targetHints":{"allow":["GET"]}}],"collection":[{"href":"https:\/\/www.gigapa.com\/pt\/wp-json\/wp\/v2\/pages"}],"about":[{"href":"https:\/\/www.gigapa.com\/pt\/wp-json\/wp\/v2\/types\/page"}],"author":[{"embeddable":true,"href":"https:\/\/www.gigapa.com\/pt\/wp-json\/wp\/v2\/users\/1"}],"replies":[{"embeddable":true,"href":"https:\/\/www.gigapa.com\/pt\/wp-json\/wp\/v2\/comments?post=2191"}],"version-history":[{"count":12,"href":"https:\/\/www.gigapa.com\/pt\/wp-json\/wp\/v2\/pages\/2191\/revisions"}],"predecessor-version":[{"id":2288,"href":"https:\/\/www.gigapa.com\/pt\/wp-json\/wp\/v2\/pages\/2191\/revisions\/2288"}],"wp:attachment":[{"href":"https:\/\/www.gigapa.com\/pt\/wp-json\/wp\/v2\/media?parent=2191"}],"curies":[{"name":"wp","href":"https:\/\/api.w.org\/{rel}","templated":true}]}}