{"id":2193,"date":"2025-06-25T08:45:01","date_gmt":"2025-06-25T00:45:01","guid":{"rendered":"https:\/\/www.gigapa.com\/?page_id=2193"},"modified":"2025-06-25T11:48:20","modified_gmt":"2025-06-25T03:48:20","slug":"intelligent-control-minimal-maintenance-continuous-metal-baler-for-profit-and-efficiency-win-win-gfb-c-metal-baler","status":"publish","type":"page","link":"https:\/\/www.gigapa.com\/pt\/intelligent-control-minimal-maintenance-continuous-metal-baler-for-profit-and-efficiency-win-win-gfb-c-metal-baler\/","title":{"rendered":"\u3010Controle inteligente, manuten\u00e7\u00e3o m\u00ednima - enfardadeira de metal cont\u00ednua para lucro e efici\u00eancia ganha-ganha!"},"content":{"rendered":"<div data-elementor-type=\"wp-page\" data-elementor-id=\"2193\" class=\"elementor elementor-2193\" data-elementor-post-type=\"page\">\n\t\t\t\t<div class=\"elementor-element elementor-element-a39659c e-flex e-con-boxed e-con e-parent\" data-id=\"a39659c\" data-element_type=\"container\" data-e-type=\"container\">\n\t\t\t\t\t<div class=\"e-con-inner\">\n\t\t<div class=\"elementor-element elementor-element-7ff47c5 e-con-full e-flex e-con e-child\" data-id=\"7ff47c5\" data-element_type=\"container\" data-e-type=\"container\">\n\t\t\t\t<div class=\"elementor-element elementor-element-bd05d06 elementor-widget elementor-widget-heading\" data-id=\"bd05d06\" data-element_type=\"widget\" data-e-type=\"widget\" data-widget_type=\"heading.default\">\n\t\t\t\t<div class=\"elementor-widget-container\">\n\t\t\t\t\t<h1 class=\"elementor-heading-title elementor-size-default\">\u3010Controle inteligente, manuten\u00e7\u00e3o m\u00ednima - enfardadeira de metal cont\u00ednua para lucro e efici\u00eancia ganha-ganha!<\/h1>\t\t\t\t<\/div>\n\t\t\t\t<\/div>\n\t\t\t\t<div class=\"elementor-element elementor-element-f9ae4a7 elementor-widget elementor-widget-woocommerce-breadcrumb\" data-id=\"f9ae4a7\" data-element_type=\"widget\" data-e-type=\"widget\" data-widget_type=\"woocommerce-breadcrumb.default\">\n\t\t\t\t<div class=\"elementor-widget-container\">\n\t\t\t\t\t<nav class=\"woocommerce-breadcrumb\" aria-label=\"Breadcrumb\" data-no-translation=\"\" data-trp-gettext=\"\">In\u00edcio<\/nav>\t\t\t\t<\/div>\n\t\t\t\t<\/div>\n\t\t\t\t<div class=\"elementor-element elementor-element-8cdc039 elementor-widget elementor-widget-text-editor\" data-id=\"8cdc039\" data-element_type=\"widget\" data-e-type=\"widget\" data-widget_type=\"text-editor.default\">\n\t\t\t\t<div class=\"elementor-widget-container\">\n\t\t\t\t\t\t\t\t\t<p><strong><b>Nome do projeto: <\/b><\/strong>Compacta\u00e7\u00e3o de sucata de alum\u00ednio no M\u00e9xico<br><strong><b>Nome do cliente: <\/b><\/strong>Uma empresa mexicana de reciclagem de sucata met\u00e1lica<br><strong><b>Localiza\u00e7\u00e3o do projeto: <\/b><\/strong>M\u00e9xico<\/p>\n<h2><strong><b>Antecedentes do projeto:<\/b><\/strong><\/h2>\n<p>O cliente \u00e9 um processador de recursos de reciclagem, sendo o alum\u00ednio uma das suas principais categorias de reciclagem. A acumula\u00e7\u00e3o de v\u00e1rias sucatas de alum\u00ednio ocupa um espa\u00e7o significativo e complica a log\u00edstica, necessitando de enfardamento para aumentar a densidade e reduzir os custos de transporte.<\/p>\n<p><img fetchpriority=\"high\" decoding=\"async\" class=\"alignnone wp-image-2194 size-full\" src=\"https:\/\/www.gigapa.com\/wp-content\/uploads\/2025\/06\/Aluminum-Scrap-Compaction-in-Mexico.png\" alt=\"\" width=\"500\" height=\"667\" srcset=\"https:\/\/www.gigapa.com\/wp-content\/uploads\/2025\/06\/Aluminum-Scrap-Compaction-in-Mexico.png 500w, https:\/\/www.gigapa.com\/wp-content\/uploads\/2025\/06\/Aluminum-Scrap-Compaction-in-Mexico-225x300.png 225w, https:\/\/www.gigapa.com\/wp-content\/uploads\/2025\/06\/Aluminum-Scrap-Compaction-in-Mexico-9x12.png 9w\" sizes=\"(max-width: 500px) 100vw, 500px\" \/> <img decoding=\"async\" class=\"alignnone wp-image-2195\" src=\"https:\/\/www.gigapa.com\/wp-content\/uploads\/2025\/06\/Aluminum-Scrap-Compaction-in-Mexico2.png\" alt=\"\" width=\"587\" height=\"667\" srcset=\"https:\/\/www.gigapa.com\/wp-content\/uploads\/2025\/06\/Aluminum-Scrap-Compaction-in-Mexico2.png 559w, https:\/\/www.gigapa.com\/wp-content\/uploads\/2025\/06\/Aluminum-Scrap-Compaction-in-Mexico2-264x300.png 264w, https:\/\/www.gigapa.com\/wp-content\/uploads\/2025\/06\/Aluminum-Scrap-Compaction-in-Mexico2-11x12.png 11w\" sizes=\"(max-width: 587px) 100vw, 587px\" \/><\/p>\n<h2><strong><b>Requisitos do cliente:<\/b><\/strong><\/h2>\n<p>O equipamento deve lidar com v\u00e1rios tipos de sucata de alum\u00ednio, produzindo fardos bem compactados que resistem \u00e0 quebra. Requer uma opera\u00e7\u00e3o totalmente automatizada, sistemas hidr\u00e1ulicos e el\u00e9ctricos fi\u00e1veis e cilindros hidr\u00e1ulicos que n\u00e3o apresentem fugas sob alta press\u00e3o. Ap\u00f3s uso prolongado, n\u00e3o deve haver deforma\u00e7\u00e3o permanente ou abaulamento.<\/p>\n<h2><strong><b>Solu\u00e7\u00e3o:<\/b><\/strong><\/h2>\n<p>Ao receber as exig\u00eancias do cliente, a nossa equipa t\u00e9cnica respondeu rapidamente com uma solu\u00e7\u00e3o eficaz e racional: o&nbsp;<a href=\"https:\/\/www.gigapa.com\/pt\/produto\/maquinas-de-enfardamento-continuo-de-metais\/\">Enfardadeira de metal cont\u00ednua GFB-C<\/a>. Com um sistema de controlo inteligente e automatizado com PLC Siemens, componentes Schneider Electric e programa\u00e7\u00e3o de controlo inteligente, garante um funcionamento est\u00e1vel e um manuseamento seguro e de f\u00e1cil utiliza\u00e7\u00e3o para os trabalhadores. As defini\u00e7\u00f5es de press\u00e3o s\u00e3o optimizadas para o material, maximizando a efici\u00eancia.<\/p>\n<p><img decoding=\"async\" class=\"wp-image-1733 aligncenter\" src=\"https:\/\/www.gigapa.com\/wp-content\/uploads\/2025\/05\/\u56fe2.png\" alt=\"M\u00e1quinas de enfardar metais em cont\u00ednuo\" width=\"1000\" height=\"1000\" srcset=\"https:\/\/www.gigapa.com\/wp-content\/uploads\/2025\/05\/\u56fe2.png 2672w, https:\/\/www.gigapa.com\/wp-content\/uploads\/2025\/05\/\u56fe2-300x300.png 300w, https:\/\/www.gigapa.com\/wp-content\/uploads\/2025\/05\/\u56fe2-1024x1024.png 1024w, https:\/\/www.gigapa.com\/wp-content\/uploads\/2025\/05\/\u56fe2-150x150.png 150w, https:\/\/www.gigapa.com\/wp-content\/uploads\/2025\/05\/\u56fe2-768x768.png 768w, https:\/\/www.gigapa.com\/wp-content\/uploads\/2025\/05\/\u56fe2-1536x1536.png 1536w, https:\/\/www.gigapa.com\/wp-content\/uploads\/2025\/05\/\u56fe2-2048x2048.png 2048w, https:\/\/www.gigapa.com\/wp-content\/uploads\/2025\/05\/\u56fe2-12x12.png 12w, https:\/\/www.gigapa.com\/wp-content\/uploads\/2025\/05\/\u56fe2-600x600.png 600w, https:\/\/www.gigapa.com\/wp-content\/uploads\/2025\/05\/\u56fe2-100x100.png 100w\" sizes=\"(max-width: 1000px) 100vw, 1000px\" \/><\/p>\n<p>Os cilindros hidr\u00e1ulicos padr\u00e3o GIGAPA s\u00e3o constru\u00eddos com tubos de a\u00e7o sem costura de paredes espessas de fator de seguran\u00e7a elevado ou forjamento integral, proporcionando um desempenho est\u00e1vel e uma compress\u00e3o poderosa - estabelecendo um novo padr\u00e3o industrial para a densidade!<\/p>\n<p>O GIGAPA est\u00e1 empenhado em colocar os clientes em primeiro lugar. Baseamos os nossos servi\u00e7os e solu\u00e7\u00f5es na satisfa\u00e7\u00e3o das necessidades dos clientes, ao mesmo tempo que abordamos quest\u00f5es sociais, contribuindo com a nossa parte para a sociedade. Ao compreendermos profundamente os problemas e preocupa\u00e7\u00f5es dos nossos clientes, fornecemos solu\u00e7\u00f5es direcionadas para os ajudar a ultrapassar os desafios. Ao longo da implementa\u00e7\u00e3o do projeto, mantemos uma comunica\u00e7\u00e3o constante com os clientes, construindo uma confian\u00e7a m\u00fatua e alcan\u00e7ando uma coopera\u00e7\u00e3o bem sucedida. Juntos, aproveitamos o poder do GIGAPA para estabelecer padr\u00f5es de refer\u00eancia no sector!<\/p>\t\t\t\t\t\t\t\t<\/div>\n\t\t\t\t<\/div>\n\t\t\t\t<\/div>\n\t\t\t\t\t<\/div>\n\t\t\t\t<\/div>\n\t\t\t\t<\/div>","protected":false},"excerpt":{"rendered":"<p>\u3010Controle Inteligente, Manuten\u00e7\u00e3o M\u00ednima - Enfardadeira de Metal Cont\u00ednua para Lucro e Efici\u00eancia Win-Win!\u3011 - Nome do Projeto da Enfardadeira de Metal GFB-C: Alum\u00ednio [...]<\/p>","protected":false},"author":1,"featured_media":0,"parent":0,"menu_order":0,"comment_status":"closed","ping_status":"closed","template":"","meta":{"site-sidebar-layout":"no-sidebar","site-content-layout":"","ast-site-content-layout":"full-width-container","site-content-style":"default","site-sidebar-style":"default","ast-global-header-display":"","ast-banner-title-visibility":"","ast-main-header-display":"","ast-hfb-above-header-display":"","ast-hfb-below-header-display":"","ast-hfb-mobile-header-display":"","site-post-title":"disabled","ast-breadcrumbs-content":"","ast-featured-img":"disabled","footer-sml-layout":"","ast-disable-related-posts":"","theme-transparent-header-meta":"default","adv-header-id-meta":"","stick-header-meta":"","header-above-stick-meta":"","header-main-stick-meta":"","header-below-stick-meta":"","astra-migrate-meta-layouts":"set","ast-page-background-enabled":"default","ast-page-background-meta":{"desktop":{"background-color":"var(--ast-global-color-5)","background-image":"","background-repeat":"repeat","background-position":"center center","background-size":"auto","background-attachment":"scroll","background-type":"","background-media":"","overlay-type":"","overlay-color":"","overlay-opacity":"","overlay-gradient":""},"tablet":{"background-color":"","background-image":"","background-repeat":"repeat","background-position":"center center","background-size":"auto","background-attachment":"scroll","background-type":"","background-media":"","overlay-type":"","overlay-color":"","overlay-opacity":"","overlay-gradient":""},"mobile":{"background-color":"","background-image":"","background-repeat":"repeat","background-position":"center center","background-size":"auto","background-attachment":"scroll","background-type":"","background-media":"","overlay-type":"","overlay-color":"","overlay-opacity":"","overlay-gradient":""}},"ast-content-background-meta":{"desktop":{"background-color":"var(--ast-global-color-4)","background-image":"","background-repeat":"repeat","background-position":"center center","background-size":"auto","background-attachment":"scroll","background-type":"","background-media":"","overlay-type":"","overlay-color":"","overlay-opacity":"","overlay-gradient":""},"tablet":{"background-color":"var(--ast-global-color-4)","background-image":"","background-repeat":"repeat","background-position":"center center","background-size":"auto","background-attachment":"scroll","background-type":"","background-media":"","overlay-type":"","overlay-color":"","overlay-opacity":"","overlay-gradient":""},"mobile":{"background-color":"var(--ast-global-color-4)","background-image":"","background-repeat":"repeat","background-position":"center center","background-size":"auto","background-attachment":"scroll","background-type":"","background-media":"","overlay-type":"","overlay-color":"","overlay-opacity":"","overlay-gradient":""}},"footnotes":""},"class_list":["post-2193","page","type-page","status-publish","hentry"],"_hostinger_reach_plugin_has_subscription_block":false,"_hostinger_reach_plugin_is_elementor":false,"_links":{"self":[{"href":"https:\/\/www.gigapa.com\/pt\/wp-json\/wp\/v2\/pages\/2193","targetHints":{"allow":["GET"]}}],"collection":[{"href":"https:\/\/www.gigapa.com\/pt\/wp-json\/wp\/v2\/pages"}],"about":[{"href":"https:\/\/www.gigapa.com\/pt\/wp-json\/wp\/v2\/types\/page"}],"author":[{"embeddable":true,"href":"https:\/\/www.gigapa.com\/pt\/wp-json\/wp\/v2\/users\/1"}],"replies":[{"embeddable":true,"href":"https:\/\/www.gigapa.com\/pt\/wp-json\/wp\/v2\/comments?post=2193"}],"version-history":[{"count":14,"href":"https:\/\/www.gigapa.com\/pt\/wp-json\/wp\/v2\/pages\/2193\/revisions"}],"predecessor-version":[{"id":2285,"href":"https:\/\/www.gigapa.com\/pt\/wp-json\/wp\/v2\/pages\/2193\/revisions\/2285"}],"wp:attachment":[{"href":"https:\/\/www.gigapa.com\/pt\/wp-json\/wp\/v2\/media?parent=2193"}],"curies":[{"name":"wp","href":"https:\/\/api.w.org\/{rel}","templated":true}]}}