{"id":2222,"date":"2025-06-25T09:13:23","date_gmt":"2025-06-25T01:13:23","guid":{"rendered":"https:\/\/www.gigapa.com\/?page_id=2222"},"modified":"2025-06-25T11:48:43","modified_gmt":"2025-06-25T03:48:43","slug":"turning-waste-tires-into-black-gold-dual-shaft-shredder","status":"publish","type":"page","link":"https:\/\/www.gigapa.com\/pt\/turning-waste-tires-into-black-gold-dual-shaft-shredder\/","title":{"rendered":"\u3010Transformando res\u00edduos de pneus em ouro negro - Novo poder para a economia circular\u3011 - Triturador de eixo duplo GTS-E"},"content":{"rendered":"<div data-elementor-type=\"wp-page\" data-elementor-id=\"2222\" class=\"elementor elementor-2222\" data-elementor-post-type=\"page\">\n\t\t\t\t<div class=\"elementor-element elementor-element-e03285b e-flex e-con-boxed e-con e-parent\" data-id=\"e03285b\" data-element_type=\"container\">\n\t\t\t\t\t<div class=\"e-con-inner\">\n\t\t<div class=\"elementor-element elementor-element-325c1ab e-con-full e-flex e-con e-child\" data-id=\"325c1ab\" data-element_type=\"container\">\n\t\t\t\t<div class=\"elementor-element elementor-element-7e14318 elementor-widget elementor-widget-heading\" data-id=\"7e14318\" data-element_type=\"widget\" data-widget_type=\"heading.default\">\n\t\t\t\t<div class=\"elementor-widget-container\">\n\t\t\t\t\t<h1 class=\"elementor-heading-title elementor-size-default\">\u3010Transformando res\u00edduos de pneus em ouro negro - Novo poder para a economia circular\u3011 - Triturador de eixo duplo GTS-E<\/h1>\t\t\t\t<\/div>\n\t\t\t\t<\/div>\n\t\t\t\t<div class=\"elementor-element elementor-element-bf9657e elementor-widget elementor-widget-woocommerce-breadcrumb\" data-id=\"bf9657e\" data-element_type=\"widget\" data-widget_type=\"woocommerce-breadcrumb.default\">\n\t\t\t\t<div class=\"elementor-widget-container\">\n\t\t\t\t\t<nav class=\"woocommerce-breadcrumb\" aria-label=\"Breadcrumb\" data-no-translation=\"\" data-trp-gettext=\"\">In\u00edcio<\/nav>\t\t\t\t<\/div>\n\t\t\t\t<\/div>\n\t\t\t\t<div class=\"elementor-element elementor-element-47bc7b0 elementor-widget elementor-widget-text-editor\" data-id=\"47bc7b0\" data-element_type=\"widget\" data-widget_type=\"text-editor.default\">\n\t\t\t\t<div class=\"elementor-widget-container\">\n\t\t\t\t\t\t\t\t\t<p><strong><b>Nome do projeto:<\/b><\/strong>\u00a0Projeto de tritura\u00e7\u00e3o de res\u00edduos de pneus nos EUA<br \/><strong><b>Nome do cliente:<\/b><\/strong>\u00a0Uma empresa de reciclagem de pneus dos EUA<br \/><strong><b>Localiza\u00e7\u00e3o do projeto:<\/b><\/strong>\u00a0Estados Unidos<\/p><h2><strong><b>Antecedentes do projeto:<\/b><\/strong><\/h2><p>O cliente \u00e9 uma empresa de reciclagem de pneus que necessita de triturar os pneus recolhidos para posterior processamento para extrair fios de a\u00e7o e gr\u00e2nulos de borracha.<\/p><p><img fetchpriority=\"high\" decoding=\"async\" class=\"wp-image-2200 size-full aligncenter\" src=\"https:\/\/www.gigapa.com\/wp-content\/uploads\/2025\/06\/U.S.-Waste-Tire-Shredding-Project.png\" alt=\"\" width=\"660\" height=\"494\" srcset=\"https:\/\/www.gigapa.com\/wp-content\/uploads\/2025\/06\/U.S.-Waste-Tire-Shredding-Project.png 660w, https:\/\/www.gigapa.com\/wp-content\/uploads\/2025\/06\/U.S.-Waste-Tire-Shredding-Project-300x225.png 300w, https:\/\/www.gigapa.com\/wp-content\/uploads\/2025\/06\/U.S.-Waste-Tire-Shredding-Project-16x12.png 16w, https:\/\/www.gigapa.com\/wp-content\/uploads\/2025\/06\/U.S.-Waste-Tire-Shredding-Project-600x449.png 600w\" sizes=\"(max-width: 660px) 100vw, 660px\" \/><\/p><h2><strong><b>Requisitos do cliente:<\/b><\/strong><\/h2><p>Principalmente para pneus de cami\u00e3o, capacidade de processamento n\u00e3o inferior a 100 pneus\/hora, tamanho de sa\u00edda 50-300mm.<\/p><h2><strong><b>Solu\u00e7\u00e3o:<\/b><\/strong><\/h2><p>Com base na capacidade e nas especifica\u00e7\u00f5es necess\u00e1rias, o <a href=\"https:\/\/www.gigapa.com\/pt\/produto\/trituradores-de-duplo-eixo\/\">Triturador de veio duplo GTS-E<\/a> foi selecionada, apresentando um funcionamento est\u00e1vel, um elevado rendimento e l\u00e2minas ultra-resistentes ao desgaste para minimizar o desgaste e prolongar a vida \u00fatil.<\/p><p><div class=\"ast-oembed-container\" style=\"height: 100%;\"><iframe title=\"Triturador de eixo duplo destr\u00f3i pneus em segundos!  #shredder #tireshredder\" width=\"500\" height=\"375\" src=\"https:\/\/www.youtube.com\/embed\/OHpXRHd357s?feature=oembed\" frameborder=\"0\" allow=\"accelerometer; autoplay; clipboard-write; encrypted-media; gyroscope; picture-in-picture; web-share\" referrerpolicy=\"strict-origin-when-cross-origin\" allowfullscreen><\/iframe><\/div><\/p><p><img decoding=\"async\" class=\"wp-image-1002 size-full aligncenter\" src=\"https:\/\/www.gigapa.com\/wp-content\/uploads\/2025\/05\/\u5e9f\u8f6e\u80ce\u7834\u788e.jpg\" alt=\"Trituradores de veio \u00fanico\" width=\"1034\" height=\"649\" srcset=\"https:\/\/www.gigapa.com\/wp-content\/uploads\/2025\/05\/\u5e9f\u8f6e\u80ce\u7834\u788e.jpg 1034w, https:\/\/www.gigapa.com\/wp-content\/uploads\/2025\/05\/\u5e9f\u8f6e\u80ce\u7834\u788e-300x188.jpg 300w, https:\/\/www.gigapa.com\/wp-content\/uploads\/2025\/05\/\u5e9f\u8f6e\u80ce\u7834\u788e-1024x643.jpg 1024w, https:\/\/www.gigapa.com\/wp-content\/uploads\/2025\/05\/\u5e9f\u8f6e\u80ce\u7834\u788e-768x482.jpg 768w, https:\/\/www.gigapa.com\/wp-content\/uploads\/2025\/05\/\u5e9f\u8f6e\u80ce\u7834\u788e-600x377.jpg 600w\" sizes=\"(max-width: 1034px) 100vw, 1034px\" \/><\/p><p>O GIGAPA est\u00e1 empenhado em colocar os clientes em primeiro lugar. Baseamos os nossos servi\u00e7os e solu\u00e7\u00f5es na satisfa\u00e7\u00e3o das necessidades dos clientes, ao mesmo tempo que abordamos quest\u00f5es sociais, contribuindo com a nossa parte para a sociedade. Ao compreendermos os problemas e preocupa\u00e7\u00f5es dos nossos clientes, oferecemos solu\u00e7\u00f5es direcionadas para os ajudar a ultrapassar os desafios. Ao longo da implementa\u00e7\u00e3o do projeto, mantemos uma comunica\u00e7\u00e3o constante com os clientes, construindo uma confian\u00e7a m\u00fatua e alcan\u00e7ando uma coopera\u00e7\u00e3o bem sucedida. Juntos, aproveitamos o poder do GIGAPA para estabelecer padr\u00f5es de refer\u00eancia no sector!<\/p>\t\t\t\t\t\t\t\t<\/div>\n\t\t\t\t<\/div>\n\t\t\t\t<\/div>\n\t\t\t\t\t<\/div>\n\t\t\t\t<\/div>\n\t\t\t\t<\/div>","protected":false},"excerpt":{"rendered":"<p>\u3010Tornando res\u00edduos de pneus em ouro negro - Novo poder para a economia circular\u3011 - Triturador de eixo duplo GTS-E Nome do projeto: U.S. Waste Tire [...]<\/p>","protected":false},"author":1,"featured_media":0,"parent":0,"menu_order":0,"comment_status":"closed","ping_status":"closed","template":"","meta":{"site-sidebar-layout":"no-sidebar","site-content-layout":"","ast-site-content-layout":"full-width-container","site-content-style":"default","site-sidebar-style":"default","ast-global-header-display":"","ast-banner-title-visibility":"","ast-main-header-display":"","ast-hfb-above-header-display":"","ast-hfb-below-header-display":"","ast-hfb-mobile-header-display":"","site-post-title":"disabled","ast-breadcrumbs-content":"","ast-featured-img":"disabled","footer-sml-layout":"","theme-transparent-header-meta":"default","adv-header-id-meta":"","stick-header-meta":"","header-above-stick-meta":"","header-main-stick-meta":"","header-below-stick-meta":"","astra-migrate-meta-layouts":"set","ast-page-background-enabled":"default","ast-page-background-meta":{"desktop":{"background-color":"var(--ast-global-color-5)","background-image":"","background-repeat":"repeat","background-position":"center center","background-size":"auto","background-attachment":"scroll","background-type":"","background-media":"","overlay-type":"","overlay-color":"","overlay-opacity":"","overlay-gradient":""},"tablet":{"background-color":"","background-image":"","background-repeat":"repeat","background-position":"center center","background-size":"auto","background-attachment":"scroll","background-type":"","background-media":"","overlay-type":"","overlay-color":"","overlay-opacity":"","overlay-gradient":""},"mobile":{"background-color":"","background-image":"","background-repeat":"repeat","background-position":"center center","background-size":"auto","background-attachment":"scroll","background-type":"","background-media":"","overlay-type":"","overlay-color":"","overlay-opacity":"","overlay-gradient":""}},"ast-content-background-meta":{"desktop":{"background-color":"var(--ast-global-color-4)","background-image":"","background-repeat":"repeat","background-position":"center center","background-size":"auto","background-attachment":"scroll","background-type":"","background-media":"","overlay-type":"","overlay-color":"","overlay-opacity":"","overlay-gradient":""},"tablet":{"background-color":"var(--ast-global-color-4)","background-image":"","background-repeat":"repeat","background-position":"center center","background-size":"auto","background-attachment":"scroll","background-type":"","background-media":"","overlay-type":"","overlay-color":"","overlay-opacity":"","overlay-gradient":""},"mobile":{"background-color":"var(--ast-global-color-4)","background-image":"","background-repeat":"repeat","background-position":"center center","background-size":"auto","background-attachment":"scroll","background-type":"","background-media":"","overlay-type":"","overlay-color":"","overlay-opacity":"","overlay-gradient":""}},"footnotes":""},"class_list":["post-2222","page","type-page","status-publish","hentry"],"_hostinger_reach_plugin_has_subscription_block":false,"_hostinger_reach_plugin_is_elementor":false,"_links":{"self":[{"href":"https:\/\/www.gigapa.com\/pt\/wp-json\/wp\/v2\/pages\/2222","targetHints":{"allow":["GET"]}}],"collection":[{"href":"https:\/\/www.gigapa.com\/pt\/wp-json\/wp\/v2\/pages"}],"about":[{"href":"https:\/\/www.gigapa.com\/pt\/wp-json\/wp\/v2\/types\/page"}],"author":[{"embeddable":true,"href":"https:\/\/www.gigapa.com\/pt\/wp-json\/wp\/v2\/users\/1"}],"replies":[{"embeddable":true,"href":"https:\/\/www.gigapa.com\/pt\/wp-json\/wp\/v2\/comments?post=2222"}],"version-history":[{"count":12,"href":"https:\/\/www.gigapa.com\/pt\/wp-json\/wp\/v2\/pages\/2222\/revisions"}],"predecessor-version":[{"id":2291,"href":"https:\/\/www.gigapa.com\/pt\/wp-json\/wp\/v2\/pages\/2222\/revisions\/2291"}],"wp:attachment":[{"href":"https:\/\/www.gigapa.com\/pt\/wp-json\/wp\/v2\/media?parent=2222"}],"curies":[{"name":"wp","href":"https:\/\/api.w.org\/{rel}","templated":true}]}}