{"id":889,"date":"2025-05-06T15:27:16","date_gmt":"2025-05-06T07:27:16","guid":{"rendered":"https:\/\/gigapa.com\/?page_id=889"},"modified":"2025-07-24T17:09:10","modified_gmt":"2025-07-24T09:09:10","slug":"sobre-nos","status":"publish","type":"page","link":"https:\/\/www.gigapa.com\/pt\/sobre-nos\/","title":{"rendered":"Sobre n\u00f3s"},"content":{"rendered":"<div data-elementor-type=\"wp-page\" data-elementor-id=\"889\" class=\"elementor elementor-889\" data-elementor-post-type=\"page\">\n\t\t\t\t<div class=\"elementor-element elementor-element-ba014eb e-flex e-con-boxed e-con e-parent\" data-id=\"ba014eb\" data-element_type=\"container\" data-e-type=\"container\" data-settings=\"{&quot;background_background&quot;:&quot;classic&quot;}\">\n\t\t\t\t\t<div class=\"e-con-inner\">\n\t\t\t\t\t<\/div>\n\t\t\t\t<\/div>\n\t\t<div class=\"elementor-element elementor-element-7209166 e-flex e-con-boxed e-con e-parent\" data-id=\"7209166\" data-element_type=\"container\" data-e-type=\"container\">\n\t\t\t\t\t<div class=\"e-con-inner\">\n\t\t\t\t<div class=\"elementor-element elementor-element-41c5ec0 elementor-widget elementor-widget-heading\" data-id=\"41c5ec0\" data-element_type=\"widget\" data-e-type=\"widget\" data-widget_type=\"heading.default\">\n\t\t\t\t<div class=\"elementor-widget-container\">\n\t\t\t\t\t<h1 class=\"elementor-heading-title elementor-size-default\">Sobre n\u00f3s<\/h1>\t\t\t\t<\/div>\n\t\t\t\t<\/div>\n\t\t\t\t<div class=\"elementor-element elementor-element-6b3c410 elementor-widget elementor-widget-woocommerce-breadcrumb\" data-id=\"6b3c410\" data-element_type=\"widget\" data-e-type=\"widget\" data-widget_type=\"woocommerce-breadcrumb.default\">\n\t\t\t\t<div class=\"elementor-widget-container\">\n\t\t\t\t\t<nav class=\"woocommerce-breadcrumb\" aria-label=\"Breadcrumb\" data-no-translation=\"\" data-trp-gettext=\"\">In\u00edcio<\/nav>\t\t\t\t<\/div>\n\t\t\t\t<\/div>\n\t\t\t\t\t<\/div>\n\t\t\t\t<\/div>\n\t\t<div class=\"elementor-element elementor-element-a7cdb2f e-flex e-con-boxed e-con e-parent\" data-id=\"a7cdb2f\" data-element_type=\"container\" data-e-type=\"container\">\n\t\t\t\t\t<div class=\"e-con-inner\">\n\t\t<div class=\"elementor-element elementor-element-1314fc7 e-con-full e-flex e-con e-child\" data-id=\"1314fc7\" data-element_type=\"container\" data-e-type=\"container\">\n\t\t\t\t<div class=\"elementor-element elementor-element-aaf34bf elementor-widget elementor-widget-heading\" data-id=\"aaf34bf\" data-element_type=\"widget\" data-e-type=\"widget\" data-widget_type=\"heading.default\">\n\t\t\t\t<div class=\"elementor-widget-container\">\n\t\t\t\t\t<h2 class=\"elementor-heading-title elementor-size-default\">Perfil da empresa<\/h2>\t\t\t\t<\/div>\n\t\t\t\t<\/div>\n\t\t\t\t<div class=\"elementor-element elementor-element-9b72aba elementor-widget elementor-widget-text-editor\" data-id=\"9b72aba\" data-element_type=\"widget\" data-e-type=\"widget\" data-widget_type=\"text-editor.default\">\n\t\t\t\t<div class=\"elementor-widget-container\">\n\t\t\t\t\t\t\t\t\t<p>Nantong GIGAPA Technology Co., Ltd. centra-se no campo da maquinaria, principalmente envolvida na investiga\u00e7\u00e3o e desenvolvimento, produ\u00e7\u00e3o e vendas de equipamento hidr\u00e1ulico, equipamento de prote\u00e7\u00e3o ambiental, equipamento de processamento de recursos renov\u00e1veis, equipamento de recursos de res\u00edduos s\u00f3lidos, cilindros hidr\u00e1ulicos personalizados, esta\u00e7\u00f5es hidr\u00e1ulicas personalizadas e outros produtos. A equipa da empresa tem mais de dez anos de experi\u00eancia em investiga\u00e7\u00e3o e desenvolvimento e fabrico em \u00e1reas relacionadas. A empresa est\u00e1 localizada na cidade de Rugao, prov\u00edncia de Jiangsu, a cidade natal da longevidade no mundo. Os escrit\u00f3rios de I&amp;D e vendas est\u00e3o localizados no Parque de Ci\u00eancia e Tecnologia de Rugao Smart Valley, e a f\u00e1brica est\u00e1 localizada na cidade de Baipu, uma cidade forte de fabrico industrial.<\/p><p>Com base em mais de dez anos de experi\u00eancia e experi\u00eancia pessoal na comunica\u00e7\u00e3o com muitos clientes, compreendemos profundamente as preocupa\u00e7\u00f5es e os problemas dos clientes no processo de aquisi\u00e7\u00e3o e utiliza\u00e7\u00e3o de equipamento. A nossa exist\u00eancia consiste em colmatar a lacuna do mercado, para que os clientes deixem de ter dificuldade em escolher o equipamento e para facilitar a utiliza\u00e7\u00e3o do equipamento pelos clientes, reduzir as preocupa\u00e7\u00f5es das empresas e reduzir a carga pesada dos trabalhadores.<\/p><p>A empresa est\u00e1 ansiosa por realizar o valor social da empresa, ganhar a confian\u00e7a e o reconhecimento dos utilizadores, e tomar \"resolver os problemas dos clientes e realizar os sonhos dos clientes\" como sua miss\u00e3o, e est\u00e1 determinada a tornar-se uma empresa conhecida pela sua integridade e responsabilidade. Para tal, todos n\u00f3s no GIGAPA devemos unificar o nosso pensamento e esfor\u00e7armo-nos por praticar os valores de \"sermos honestos e fi\u00e1veis, sinceros e respons\u00e1veis, criando valor para os clientes, trabalhando em conjunto, lutando pelo progresso e criando um futuro para n\u00f3s pr\u00f3prios\".<\/p>\t\t\t\t\t\t\t\t<\/div>\n\t\t\t\t<\/div>\n\t\t\t\t<\/div>\n\t\t<div class=\"elementor-element elementor-element-47faafe e-con-full e-flex e-con e-child\" data-id=\"47faafe\" data-element_type=\"container\" data-e-type=\"container\">\n\t\t\t\t<div class=\"elementor-element elementor-element-504c299 elementor-widget elementor-widget-image\" data-id=\"504c299\" data-element_type=\"widget\" data-e-type=\"widget\" data-widget_type=\"image.default\">\n\t\t\t\t<div class=\"elementor-widget-container\">\n\t\t\t\t\t\t\t\t\t\t\t\t\t\t\t<img fetchpriority=\"high\" decoding=\"async\" width=\"768\" height=\"1024\" src=\"https:\/\/www.gigapa.com\/wp-content\/uploads\/2025\/07\/\u56fe\u72471-768x1024-1.jpg\" class=\"attachment-large size-large wp-image-2441\" alt=\"espet\u00e1culo da empresa\" srcset=\"https:\/\/www.gigapa.com\/wp-content\/uploads\/2025\/07\/\u56fe\u72471-768x1024-1.jpg 768w, https:\/\/www.gigapa.com\/wp-content\/uploads\/2025\/07\/\u56fe\u72471-768x1024-1-225x300.jpg 225w, https:\/\/www.gigapa.com\/wp-content\/uploads\/2025\/07\/\u56fe\u72471-768x1024-1-9x12.jpg 9w, https:\/\/www.gigapa.com\/wp-content\/uploads\/2025\/07\/\u56fe\u72471-768x1024-1-600x800.jpg 600w\" sizes=\"(max-width: 768px) 100vw, 768px\" \/>\t\t\t\t\t\t\t\t\t\t\t\t\t\t\t<\/div>\n\t\t\t\t<\/div>\n\t\t\t\t<\/div>\n\t\t\t\t\t<\/div>\n\t\t\t\t<\/div>\n\t\t<div class=\"elementor-element elementor-element-306cbb9 e-flex e-con-boxed e-con e-parent\" data-id=\"306cbb9\" data-element_type=\"container\" data-e-type=\"container\">\n\t\t\t\t\t<div class=\"e-con-inner\">\n\t\t\t\t<div class=\"elementor-element elementor-element-68358ae elementor-widget elementor-widget-text-editor\" data-id=\"68358ae\" data-element_type=\"widget\" data-e-type=\"widget\" data-widget_type=\"text-editor.default\">\n\t\t\t\t<div class=\"elementor-widget-container\">\n\t\t\t\t\t\t\t\t\t<h2 class=\"elementor-heading-title elementor-size-default elementor-inline-editing pen\" contenteditable=\"true\" spellcheck=\"false\" data-elementor-setting-key=\"title\" data-pen-placeholder=\"Type Here...\" data-qb-tmp-id=\"lt-215963\" data-gramm=\"false\">Cultura empresarial<\/h2><p>Miss\u00e3o da empresa:<br \/>Resolver os problemas dos clientes e realizar os seus sonhos<\/p><p>Vis\u00e3o da empresa:<br \/>Tornar-se uma empresa conhecida pela sua integridade e responsabilidade<\/p><p>Valores fundamentais:<br \/>Ser honesto e fi\u00e1vel, sincero e respons\u00e1vel, criar valor para os clientes<br \/>Unir-se e cooperar, lutar pelo progresso e criar um futuro para si pr\u00f3prio<\/p><h2>Hist\u00f3ria do desenvolvimento<\/h2><p>2008: Arranque<br \/>No ano dos Jogos Ol\u00edmpicos de Pequim, que traz a mem\u00f3ria da na\u00e7\u00e3o, estabelecemos uma f\u00e1brica de processamento de pe\u00e7as sobressalentes como uma empresa individual. Embora a escala seja limitada, lan\u00e7\u00e1mos as bases para o desenvolvimento com artesanato requintado e gest\u00e3o honesta, e torn\u00e1mo-nos o primeiro fornecedor profissional de pe\u00e7as para m\u00e1quinas na \u00e1rea local.<\/p><p>2016: Transforma\u00e7\u00e3o e atualiza\u00e7\u00e3o<br \/>Formalmente registada e estabelecida a empresa, dando o salto do processamento de pe\u00e7as sobressalentes para o fabrico de equipamento completo. Em 2017, aproveit\u00e1mos a oportunidade das novas pol\u00edticas energ\u00e9ticas e desenvolvemos de forma independente prensas para bolos 630T para produzir em massa mais de 20 conjuntos em meio ano. A equipa t\u00e9cnica completou a atualiza\u00e7\u00e3o do processo principal em combate real e obteve uma s\u00e9rie de certifica\u00e7\u00f5es de patentes pr\u00e1ticas.<\/p><p>2017: Deslocaliza\u00e7\u00e3o estrat\u00e9gica<br \/>Devido \u00e0s necessidades de expans\u00e3o do neg\u00f3cio, a mudan\u00e7a geral para a nova f\u00e1brica na cidade melhorou significativamente as condi\u00e7\u00f5es log\u00edsticas e o ambiente de produ\u00e7\u00e3o, lan\u00e7ando as bases para a aceita\u00e7\u00e3o de encomendas maiores.<\/p><p>2024: Otimiza\u00e7\u00e3o do sistema<br \/>Implementar o funcionamento profissional dos segmentos de neg\u00f3cio, separar as empresas de I&amp;D e de vendas, melhorar a efici\u00eancia da gest\u00e3o atrav\u00e9s da otimiza\u00e7\u00e3o organizacional e formar uma estrutura de neg\u00f3cio mais clara.<\/p><p>Perspectivas para o futuro: Grupo Hongji<br \/>Continuar a promover a via do desenvolvimento profissional e, ap\u00f3s a maturidade de cada unidade de neg\u00f3cio, integrar e estabelecer o Grupo Hongji para conseguir uma gest\u00e3o intensiva e um desenvolvimento coordenado.<\/p><h2>Ambiente de trabalho<\/h2>\t\t\t\t\t\t\t\t<\/div>\n\t\t\t\t<\/div>\n\t\t\t\t\t<\/div>\n\t\t\t\t<\/div>\n\t\t<div class=\"elementor-element elementor-element-10b72c1 e-flex e-con-boxed e-con e-parent\" data-id=\"10b72c1\" data-element_type=\"container\" data-e-type=\"container\">\n\t\t\t\t\t<div class=\"e-con-inner\">\n\t\t<div class=\"elementor-element elementor-element-3973897 e-con-full e-flex e-con e-child\" data-id=\"3973897\" data-element_type=\"container\" data-e-type=\"container\">\n\t\t\t\t<div class=\"elementor-element elementor-element-fdb47aa elementor-widget elementor-widget-image\" data-id=\"fdb47aa\" data-element_type=\"widget\" data-e-type=\"widget\" data-widget_type=\"image.default\">\n\t\t\t\t<div class=\"elementor-widget-container\">\n\t\t\t\t\t\t\t\t\t\t\t\t\t\t\t<img decoding=\"async\" width=\"791\" height=\"531\" src=\"https:\/\/www.gigapa.com\/wp-content\/uploads\/2025\/05\/Work-Environment1.jpg\" class=\"attachment-large size-large wp-image-1171\" alt=\"Sobre n\u00f3s\" srcset=\"https:\/\/www.gigapa.com\/wp-content\/uploads\/2025\/05\/Work-Environment1.jpg 791w, https:\/\/www.gigapa.com\/wp-content\/uploads\/2025\/05\/Work-Environment1-300x201.jpg 300w, https:\/\/www.gigapa.com\/wp-content\/uploads\/2025\/05\/Work-Environment1-768x516.jpg 768w, https:\/\/www.gigapa.com\/wp-content\/uploads\/2025\/05\/Work-Environment1-600x403.jpg 600w\" sizes=\"(max-width: 791px) 100vw, 791px\" \/>\t\t\t\t\t\t\t\t\t\t\t\t\t\t\t<\/div>\n\t\t\t\t<\/div>\n\t\t\t\t<\/div>\n\t\t<div class=\"elementor-element elementor-element-9f18b96 e-con-full e-flex e-con e-child\" data-id=\"9f18b96\" data-element_type=\"container\" data-e-type=\"container\">\n\t\t\t\t<div class=\"elementor-element elementor-element-37ebfba elementor-widget elementor-widget-image\" data-id=\"37ebfba\" data-element_type=\"widget\" data-e-type=\"widget\" data-widget_type=\"image.default\">\n\t\t\t\t<div class=\"elementor-widget-container\">\n\t\t\t\t\t\t\t\t\t\t\t\t\t\t\t<img decoding=\"async\" width=\"854\" height=\"562\" src=\"https:\/\/www.gigapa.com\/wp-content\/uploads\/2025\/05\/work1.jpg\" class=\"attachment-large size-large wp-image-1174\" alt=\"Sobre n\u00f3s\" srcset=\"https:\/\/www.gigapa.com\/wp-content\/uploads\/2025\/05\/work1.jpg 854w, https:\/\/www.gigapa.com\/wp-content\/uploads\/2025\/05\/work1-300x197.jpg 300w, https:\/\/www.gigapa.com\/wp-content\/uploads\/2025\/05\/work1-768x505.jpg 768w, https:\/\/www.gigapa.com\/wp-content\/uploads\/2025\/05\/work1-600x395.jpg 600w\" sizes=\"(max-width: 854px) 100vw, 854px\" \/>\t\t\t\t\t\t\t\t\t\t\t\t\t\t\t<\/div>\n\t\t\t\t<\/div>\n\t\t\t\t<\/div>\n\t\t\t\t\t<\/div>\n\t\t\t\t<\/div>\n\t\t<div class=\"elementor-element elementor-element-bc88f72 e-flex e-con-boxed e-con e-parent\" data-id=\"bc88f72\" data-element_type=\"container\" data-e-type=\"container\">\n\t\t\t\t\t<div class=\"e-con-inner\">\n\t\t\t\t<div class=\"elementor-element elementor-element-dae968e elementor-widget elementor-widget-heading\" data-id=\"dae968e\" data-element_type=\"widget\" data-e-type=\"widget\" data-widget_type=\"heading.default\">\n\t\t\t\t<div class=\"elementor-widget-container\">\n\t\t\t\t\t<h2 class=\"elementor-heading-title elementor-size-default\">Visita \u00e0 f\u00e1brica<\/h2>\t\t\t\t<\/div>\n\t\t\t\t<\/div>\n\t\t\t\t<div class=\"elementor-element elementor-element-aaf1a3c elementor-widget elementor-widget-text-editor\" data-id=\"aaf1a3c\" data-element_type=\"widget\" data-e-type=\"widget\" data-widget_type=\"text-editor.default\">\n\t\t\t\t<div class=\"elementor-widget-container\">\n\t\t\t\t\t\t\t\t\t<p>Localizada na cidade de Baipu, a nossa f\u00e1brica est\u00e1 equipada com avan\u00e7ados centros de maquina\u00e7\u00e3o CNC, equipamento de soldadura de precis\u00e3o e uma for\u00e7a de trabalho qualificada que garante que cada m\u00e1quina de enfardamento cumpre os mais elevados padr\u00f5es. Desde o corte da mat\u00e9ria-prima at\u00e9 \u00e0 montagem final e inspe\u00e7\u00e3o de qualidade, todos os processos s\u00e3o cuidadosamente monitorizados para garantir um desempenho e durabilidade consistentes. A nossa equipa de engenharia interna trabalha em estreita colabora\u00e7\u00e3o com a produ\u00e7\u00e3o para garantir uma personaliza\u00e7\u00e3o eficiente e uma entrega r\u00e1pida.<\/p>\t\t\t\t\t\t\t\t<\/div>\n\t\t\t\t<\/div>\n\t\t\t\t\t<\/div>\n\t\t\t\t<\/div>\n\t\t<div class=\"elementor-element elementor-element-1110161 e-flex e-con-boxed e-con e-parent\" data-id=\"1110161\" data-element_type=\"container\" data-e-type=\"container\">\n\t\t\t\t\t<div class=\"e-con-inner\">\n\t\t<div class=\"elementor-element elementor-element-821bd03 e-con-full e-flex e-con e-child\" data-id=\"821bd03\" data-element_type=\"container\" data-e-type=\"container\">\n\t\t\t\t<div class=\"elementor-element elementor-element-52d7f29 elementor-widget elementor-widget-image\" data-id=\"52d7f29\" data-element_type=\"widget\" data-e-type=\"widget\" data-widget_type=\"image.default\">\n\t\t\t\t<div class=\"elementor-widget-container\">\n\t\t\t\t\t\t\t\t\t\t\t\t\t\t\t<img loading=\"lazy\" decoding=\"async\" width=\"1024\" height=\"768\" src=\"https:\/\/www.gigapa.com\/wp-content\/uploads\/2025\/07\/\u5fae\u4fe1\u56fe\u7247_20250122085450-1024x768.jpg\" class=\"attachment-large size-large wp-image-2413\" alt=\"visita \u00e0 f\u00e1brica\" srcset=\"https:\/\/www.gigapa.com\/wp-content\/uploads\/2025\/07\/\u5fae\u4fe1\u56fe\u7247_20250122085450-1024x768.jpg 1024w, https:\/\/www.gigapa.com\/wp-content\/uploads\/2025\/07\/\u5fae\u4fe1\u56fe\u7247_20250122085450-300x225.jpg 300w, https:\/\/www.gigapa.com\/wp-content\/uploads\/2025\/07\/\u5fae\u4fe1\u56fe\u7247_20250122085450-768x576.jpg 768w, https:\/\/www.gigapa.com\/wp-content\/uploads\/2025\/07\/\u5fae\u4fe1\u56fe\u7247_20250122085450-1536x1152.jpg 1536w, https:\/\/www.gigapa.com\/wp-content\/uploads\/2025\/07\/\u5fae\u4fe1\u56fe\u7247_20250122085450-2048x1536.jpg 2048w, https:\/\/www.gigapa.com\/wp-content\/uploads\/2025\/07\/\u5fae\u4fe1\u56fe\u7247_20250122085450-16x12.jpg 16w, https:\/\/www.gigapa.com\/wp-content\/uploads\/2025\/07\/\u5fae\u4fe1\u56fe\u7247_20250122085450-600x450.jpg 600w\" sizes=\"(max-width: 1024px) 100vw, 1024px\" \/>\t\t\t\t\t\t\t\t\t\t\t\t\t\t\t<\/div>\n\t\t\t\t<\/div>\n\t\t\t\t<\/div>\n\t\t<div class=\"elementor-element elementor-element-ed3abaf e-con-full e-flex e-con e-child\" data-id=\"ed3abaf\" data-element_type=\"container\" data-e-type=\"container\">\n\t\t\t\t<div class=\"elementor-element elementor-element-de721b4 elementor-widget elementor-widget-image\" data-id=\"de721b4\" data-element_type=\"widget\" data-e-type=\"widget\" data-widget_type=\"image.default\">\n\t\t\t\t<div class=\"elementor-widget-container\">\n\t\t\t\t\t\t\t\t\t\t\t\t\t\t\t<img loading=\"lazy\" decoding=\"async\" width=\"1024\" height=\"768\" src=\"https:\/\/www.gigapa.com\/wp-content\/uploads\/2025\/07\/\u5fae\u4fe1\u56fe\u7247_20250122085510-1024x768.jpg\" class=\"attachment-large size-large wp-image-2414\" alt=\"visita \u00e0 f\u00e1brica\" srcset=\"https:\/\/www.gigapa.com\/wp-content\/uploads\/2025\/07\/\u5fae\u4fe1\u56fe\u7247_20250122085510-1024x768.jpg 1024w, https:\/\/www.gigapa.com\/wp-content\/uploads\/2025\/07\/\u5fae\u4fe1\u56fe\u7247_20250122085510-300x225.jpg 300w, https:\/\/www.gigapa.com\/wp-content\/uploads\/2025\/07\/\u5fae\u4fe1\u56fe\u7247_20250122085510-768x576.jpg 768w, https:\/\/www.gigapa.com\/wp-content\/uploads\/2025\/07\/\u5fae\u4fe1\u56fe\u7247_20250122085510-1536x1152.jpg 1536w, https:\/\/www.gigapa.com\/wp-content\/uploads\/2025\/07\/\u5fae\u4fe1\u56fe\u7247_20250122085510-2048x1536.jpg 2048w, https:\/\/www.gigapa.com\/wp-content\/uploads\/2025\/07\/\u5fae\u4fe1\u56fe\u7247_20250122085510-16x12.jpg 16w, https:\/\/www.gigapa.com\/wp-content\/uploads\/2025\/07\/\u5fae\u4fe1\u56fe\u7247_20250122085510-600x450.jpg 600w\" sizes=\"(max-width: 1024px) 100vw, 1024px\" \/>\t\t\t\t\t\t\t\t\t\t\t\t\t\t\t<\/div>\n\t\t\t\t<\/div>\n\t\t\t\t<\/div>\n\t\t<div class=\"elementor-element elementor-element-62cefe1 e-con-full e-flex e-con e-child\" data-id=\"62cefe1\" data-element_type=\"container\" data-e-type=\"container\">\n\t\t\t\t<div class=\"elementor-element elementor-element-7e3e122 elementor-widget elementor-widget-image\" data-id=\"7e3e122\" data-element_type=\"widget\" data-e-type=\"widget\" data-widget_type=\"image.default\">\n\t\t\t\t<div class=\"elementor-widget-container\">\n\t\t\t\t\t\t\t\t\t\t\t\t\t\t\t<img loading=\"lazy\" decoding=\"async\" width=\"1024\" height=\"768\" src=\"https:\/\/www.gigapa.com\/wp-content\/uploads\/2025\/07\/\u5fae\u4fe1\u56fe\u7247_20250122085550-1024x768.jpg\" class=\"attachment-large size-large wp-image-2415\" alt=\"visita \u00e0 f\u00e1brica\" srcset=\"https:\/\/www.gigapa.com\/wp-content\/uploads\/2025\/07\/\u5fae\u4fe1\u56fe\u7247_20250122085550-1024x768.jpg 1024w, https:\/\/www.gigapa.com\/wp-content\/uploads\/2025\/07\/\u5fae\u4fe1\u56fe\u7247_20250122085550-300x225.jpg 300w, https:\/\/www.gigapa.com\/wp-content\/uploads\/2025\/07\/\u5fae\u4fe1\u56fe\u7247_20250122085550-768x576.jpg 768w, https:\/\/www.gigapa.com\/wp-content\/uploads\/2025\/07\/\u5fae\u4fe1\u56fe\u7247_20250122085550-1536x1152.jpg 1536w, https:\/\/www.gigapa.com\/wp-content\/uploads\/2025\/07\/\u5fae\u4fe1\u56fe\u7247_20250122085550-2048x1536.jpg 2048w, https:\/\/www.gigapa.com\/wp-content\/uploads\/2025\/07\/\u5fae\u4fe1\u56fe\u7247_20250122085550-16x12.jpg 16w, https:\/\/www.gigapa.com\/wp-content\/uploads\/2025\/07\/\u5fae\u4fe1\u56fe\u7247_20250122085550-600x450.jpg 600w\" sizes=\"(max-width: 1024px) 100vw, 1024px\" \/>\t\t\t\t\t\t\t\t\t\t\t\t\t\t\t<\/div>\n\t\t\t\t<\/div>\n\t\t\t\t<\/div>\n\t\t<div class=\"elementor-element elementor-element-4ceacb8 e-con-full e-flex e-con e-child\" data-id=\"4ceacb8\" data-element_type=\"container\" data-e-type=\"container\">\n\t\t\t\t<div class=\"elementor-element elementor-element-da2f503 elementor-widget elementor-widget-image\" data-id=\"da2f503\" data-element_type=\"widget\" data-e-type=\"widget\" data-widget_type=\"image.default\">\n\t\t\t\t<div class=\"elementor-widget-container\">\n\t\t\t\t\t\t\t\t\t\t\t\t\t\t\t<img loading=\"lazy\" decoding=\"async\" width=\"1024\" height=\"768\" src=\"https:\/\/www.gigapa.com\/wp-content\/uploads\/2025\/07\/\u5fae\u4fe1\u56fe\u7247_20250122085559-1024x768.jpg\" class=\"attachment-large size-large wp-image-2416\" alt=\"visita \u00e0 f\u00e1brica\" srcset=\"https:\/\/www.gigapa.com\/wp-content\/uploads\/2025\/07\/\u5fae\u4fe1\u56fe\u7247_20250122085559-1024x768.jpg 1024w, https:\/\/www.gigapa.com\/wp-content\/uploads\/2025\/07\/\u5fae\u4fe1\u56fe\u7247_20250122085559-300x225.jpg 300w, https:\/\/www.gigapa.com\/wp-content\/uploads\/2025\/07\/\u5fae\u4fe1\u56fe\u7247_20250122085559-768x576.jpg 768w, https:\/\/www.gigapa.com\/wp-content\/uploads\/2025\/07\/\u5fae\u4fe1\u56fe\u7247_20250122085559-1536x1152.jpg 1536w, https:\/\/www.gigapa.com\/wp-content\/uploads\/2025\/07\/\u5fae\u4fe1\u56fe\u7247_20250122085559-2048x1536.jpg 2048w, https:\/\/www.gigapa.com\/wp-content\/uploads\/2025\/07\/\u5fae\u4fe1\u56fe\u7247_20250122085559-16x12.jpg 16w, https:\/\/www.gigapa.com\/wp-content\/uploads\/2025\/07\/\u5fae\u4fe1\u56fe\u7247_20250122085559-600x450.jpg 600w\" sizes=\"(max-width: 1024px) 100vw, 1024px\" \/>\t\t\t\t\t\t\t\t\t\t\t\t\t\t\t<\/div>\n\t\t\t\t<\/div>\n\t\t\t\t<\/div>\n\t\t\t\t\t<\/div>\n\t\t\t\t<\/div>\n\t\t\t\t<\/div>","protected":false},"excerpt":{"rendered":"<p>Sobre n\u00f3s Perfil da empresa A Nantong GIGAPA Technology Co., Ltd. centra-se no dom\u00ednio da maquinaria, dedicando-se principalmente \u00e0 investiga\u00e7\u00e3o [...]<\/p>","protected":false},"author":1,"featured_media":707,"parent":0,"menu_order":0,"comment_status":"closed","ping_status":"closed","template":"","meta":{"site-sidebar-layout":"right-sidebar","site-content-layout":"","ast-site-content-layout":"default","site-content-style":"default","site-sidebar-style":"default","ast-global-header-display":"","ast-banner-title-visibility":"","ast-main-header-display":"","ast-hfb-above-header-display":"","ast-hfb-below-header-display":"","ast-hfb-mobile-header-display":"","site-post-title":"","ast-breadcrumbs-content":"","ast-featured-img":"","footer-sml-layout":"","ast-disable-related-posts":"","theme-transparent-header-meta":"default","adv-header-id-meta":"","stick-header-meta":"","header-above-stick-meta":"","header-main-stick-meta":"","header-below-stick-meta":"","astra-migrate-meta-layouts":"set","ast-page-background-enabled":"default","ast-page-background-meta":{"desktop":{"background-color":"var(--ast-global-color-5)","background-image":"","background-repeat":"repeat","background-position":"center center","background-size":"auto","background-attachment":"scroll","background-type":"","background-media":"","overlay-type":"","overlay-color":"","overlay-opacity":"","overlay-gradient":""},"tablet":{"background-color":"","background-image":"","background-repeat":"repeat","background-position":"center center","background-size":"auto","background-attachment":"scroll","background-type":"","background-media":"","overlay-type":"","overlay-color":"","overlay-opacity":"","overlay-gradient":""},"mobile":{"background-color":"","background-image":"","background-repeat":"repeat","background-position":"center center","background-size":"auto","background-attachment":"scroll","background-type":"","background-media":"","overlay-type":"","overlay-color":"","overlay-opacity":"","overlay-gradient":""}},"ast-content-background-meta":{"desktop":{"background-color":"var(--ast-global-color-4)","background-image":"","background-repeat":"repeat","background-position":"center center","background-size":"auto","background-attachment":"scroll","background-type":"","background-media":"","overlay-type":"","overlay-color":"","overlay-opacity":"","overlay-gradient":""},"tablet":{"background-color":"var(--ast-global-color-4)","background-image":"","background-repeat":"repeat","background-position":"center center","background-size":"auto","background-attachment":"scroll","background-type":"","background-media":"","overlay-type":"","overlay-color":"","overlay-opacity":"","overlay-gradient":""},"mobile":{"background-color":"var(--ast-global-color-4)","background-image":"","background-repeat":"repeat","background-position":"center center","background-size":"auto","background-attachment":"scroll","background-type":"","background-media":"","overlay-type":"","overlay-color":"","overlay-opacity":"","overlay-gradient":""}},"footnotes":""},"class_list":["post-889","page","type-page","status-publish","has-post-thumbnail","hentry"],"_hostinger_reach_plugin_has_subscription_block":false,"_hostinger_reach_plugin_is_elementor":false,"_links":{"self":[{"href":"https:\/\/www.gigapa.com\/pt\/wp-json\/wp\/v2\/pages\/889","targetHints":{"allow":["GET"]}}],"collection":[{"href":"https:\/\/www.gigapa.com\/pt\/wp-json\/wp\/v2\/pages"}],"about":[{"href":"https:\/\/www.gigapa.com\/pt\/wp-json\/wp\/v2\/types\/page"}],"author":[{"embeddable":true,"href":"https:\/\/www.gigapa.com\/pt\/wp-json\/wp\/v2\/users\/1"}],"replies":[{"embeddable":true,"href":"https:\/\/www.gigapa.com\/pt\/wp-json\/wp\/v2\/comments?post=889"}],"version-history":[{"count":69,"href":"https:\/\/www.gigapa.com\/pt\/wp-json\/wp\/v2\/pages\/889\/revisions"}],"predecessor-version":[{"id":2564,"href":"https:\/\/www.gigapa.com\/pt\/wp-json\/wp\/v2\/pages\/889\/revisions\/2564"}],"wp:featuredmedia":[{"embeddable":true,"href":"https:\/\/www.gigapa.com\/pt\/wp-json\/wp\/v2\/media\/707"}],"wp:attachment":[{"href":"https:\/\/www.gigapa.com\/pt\/wp-json\/wp\/v2\/media?parent=889"}],"curies":[{"name":"wp","href":"https:\/\/api.w.org\/{rel}","templated":true}]}}