{"id":1807,"date":"2025-05-19T10:56:55","date_gmt":"2025-05-19T02:56:55","guid":{"rendered":"https:\/\/www.gigapa.com\/?post_type=product&#038;p=1807"},"modified":"2025-10-13T09:20:32","modified_gmt":"2025-10-13T01:20:32","slug":"maquina-de-enfardamento-de-residuos-marinhos","status":"publish","type":"product","link":"https:\/\/www.gigapa.com\/pt\/produto\/maquina-de-enfardamento-de-residuos-marinhos\/","title":{"rendered":"M\u00e1quina de enfardamento de res\u00edduos marinhos"},"content":{"rendered":"<p>A m\u00e1quina de enfardamento de res\u00edduos marinhos \u00e9 uma solu\u00e7\u00e3o inovadora e resistente, concebida para comprimir e enfardar eficazmente v\u00e1rios tipos de res\u00edduos marinhos. Isto inclui pl\u00e1sticos, redes de pesca, cordas, latas de alum\u00ednio e outros materiais recicl\u00e1veis recolhidos nos oceanos, portos e navios. Com as crescentes preocupa\u00e7\u00f5es sobre a polui\u00e7\u00e3o marinha e a necessidade de uma gest\u00e3o eficaz dos res\u00edduos na ind\u00fastria mar\u00edtima, esta m\u00e1quina fornece uma solu\u00e7\u00e3o robusta e sustent\u00e1vel para reduzir o impacto ambiental da elimina\u00e7\u00e3o de res\u00edduos.<\/p>\n<p>O lixo marinho \u00e9 um desafio significativo, com a polui\u00e7\u00e3o por pl\u00e1sticos e as artes de pesca descartadas a amea\u00e7ar a sa\u00fade dos ecossistemas marinhos. A nossa m\u00e1quina de enfardamento de res\u00edduos marinhos n\u00e3o s\u00f3 apoia a gest\u00e3o adequada dos res\u00edduos, como tamb\u00e9m desempenha um papel fundamental na redu\u00e7\u00e3o do volume de res\u00edduos, optimizando o armazenamento e o transporte e promovendo os esfor\u00e7os de reciclagem. Ao converter res\u00edduos soltos em fardos bem comprimidos, aumenta a efici\u00eancia do manuseamento de res\u00edduos, minimiza os requisitos de espa\u00e7o de armazenamento e facilita o transporte seguro e f\u00e1cil de res\u00edduos para reciclagem ou elimina\u00e7\u00e3o.<\/p>\n<h3 data-immersive-translate-walked=\"00e44dcb-682a-4379-afe2-db426b6f6b1a\"><strong data-immersive-translate-walked=\"00e44dcb-682a-4379-afe2-db426b6f6b1a\" data-immersive-translate-paragraph=\"1\">Principais carater\u00edsticas e vantagens<\/strong><\/h3>\n<ul>\n<li data-immersive-translate-walked=\"00e44dcb-682a-4379-afe2-db426b6f6b1a\"><strong data-immersive-translate-walked=\"00e44dcb-682a-4379-afe2-db426b6f6b1a\">For\u00e7a de compress\u00e3o elevada<\/strong> - O potente sistema hidr\u00e1ulico garante a m\u00e1xima compacta\u00e7\u00e3o dos res\u00edduos, reduzindo o volume at\u00e9 80%.<\/li>\n<li class=\"ds-markdown-paragraph\" data-immersive-translate-walked=\"00e44dcb-682a-4379-afe2-db426b6f6b1a\" data-immersive-translate-paragraph=\"1\"><strong data-immersive-translate-walked=\"00e44dcb-682a-4379-afe2-db426b6f6b1a\">Constru\u00e7\u00e3o duradoura<\/strong> - Fabricado com materiais de alta qualidade e resistentes \u00e0 corros\u00e3o para suportar ambientes mar\u00edtimos adversos.<\/li>\n<li class=\"ds-markdown-paragraph\" data-immersive-translate-walked=\"00e44dcb-682a-4379-afe2-db426b6f6b1a\" data-immersive-translate-paragraph=\"1\"><strong data-immersive-translate-walked=\"00e44dcb-682a-4379-afe2-db426b6f6b1a\">Processamento vers\u00e1til<\/strong> - Capaz de tratar diferentes tipos de res\u00edduos (pl\u00e1sticos, redes, cordas, latas de alum\u00ednio, etc.).<\/li>\n<li class=\"ds-markdown-paragraph\" data-immersive-translate-walked=\"00e44dcb-682a-4379-afe2-db426b6f6b1a\" data-immersive-translate-paragraph=\"1\"><strong data-immersive-translate-walked=\"00e44dcb-682a-4379-afe2-db426b6f6b1a\">Funcionamento amigo do ambiente<\/strong> - Apoia os esfor\u00e7os de reciclagem, convertendo os res\u00edduos soltos em fardos compactos e manej\u00e1veis.<\/li>\n<li class=\"ds-markdown-paragraph\" data-immersive-translate-walked=\"00e44dcb-682a-4379-afe2-db426b6f6b1a\" data-immersive-translate-paragraph=\"1\"><strong data-immersive-translate-walked=\"00e44dcb-682a-4379-afe2-db426b6f6b1a\">Design de baixa manuten\u00e7\u00e3o<\/strong> - A engenharia robusta garante uma fiabilidade a longo prazo com um m\u00ednimo de manuten\u00e7\u00e3o.<\/li>\n<li class=\"ds-markdown-paragraph\" data-immersive-translate-walked=\"00e44dcb-682a-4379-afe2-db426b6f6b1a\" data-immersive-translate-paragraph=\"1\"><strong data-immersive-translate-walked=\"00e44dcb-682a-4379-afe2-db426b6f6b1a\">Tamanhos de fardos personaliz\u00e1veis<\/strong> - Defini\u00e7\u00f5es ajust\u00e1veis para diferentes dimens\u00f5es de fardos com base nas necessidades de armazenamento e log\u00edstica.<\/li>\n<li class=\"ds-markdown-paragraph\" data-immersive-translate-walked=\"00e44dcb-682a-4379-afe2-db426b6f6b1a\" data-immersive-translate-paragraph=\"1\"><strong data-immersive-translate-walked=\"00e44dcb-682a-4379-afe2-db426b6f6b1a\">Controlos f\u00e1ceis de utilizar<\/strong>\u00a0- Funcionamento simples com op\u00e7\u00f5es automatizadas ou semi-automatizadas para maior efici\u00eancia.<\/li>\n<\/ul>\n<h3 data-immersive-translate-walked=\"00e44dcb-682a-4379-afe2-db426b6f6b1a\"><strong data-immersive-translate-walked=\"00e44dcb-682a-4379-afe2-db426b6f6b1a\" data-immersive-translate-paragraph=\"1\">Aplica\u00e7\u00f5es<\/strong><\/h3>\n<p class=\"ds-markdown-paragraph\" data-immersive-translate-walked=\"00e44dcb-682a-4379-afe2-db426b6f6b1a\" data-immersive-translate-paragraph=\"1\">A m\u00e1quina de enfardamento de res\u00edduos marinhos \u00e9 ideal para:<\/p>\n<ul>\n<li class=\"ds-markdown-paragraph\" data-immersive-translate-walked=\"00e44dcb-682a-4379-afe2-db426b6f6b1a\" data-immersive-translate-paragraph=\"1\"><strong data-immersive-translate-walked=\"00e44dcb-682a-4379-afe2-db426b6f6b1a\">Empresas de pesca e transporte<\/strong>\u00a0- Gerir eficazmente os res\u00edduos a bordo e nas docas.<\/li>\n<li class=\"ds-markdown-paragraph\" data-immersive-translate-walked=\"00e44dcb-682a-4379-afe2-db426b6f6b1a\" data-immersive-translate-paragraph=\"1\"><strong data-immersive-translate-walked=\"00e44dcb-682a-4379-afe2-db426b6f6b1a\">Autoridades portu\u00e1rias e colectores de res\u00edduos<\/strong>\u00a0- Processamento de detritos marinhos para reciclagem ou elimina\u00e7\u00e3o.<\/li>\n<li class=\"ds-markdown-paragraph\" data-immersive-translate-walked=\"00e44dcb-682a-4379-afe2-db426b6f6b1a\" data-immersive-translate-paragraph=\"1\"><strong data-immersive-translate-walked=\"00e44dcb-682a-4379-afe2-db426b6f6b1a\">Organiza\u00e7\u00f5es ambientais<\/strong>\u00a0- Apoio a iniciativas de limpeza dos oceanos atrav\u00e9s da compacta\u00e7\u00e3o dos res\u00edduos recolhidos.<\/li>\n<li class=\"ds-markdown-paragraph\" data-immersive-translate-walked=\"00e44dcb-682a-4379-afe2-db426b6f6b1a\" data-immersive-translate-paragraph=\"1\"><strong data-immersive-translate-walked=\"00e44dcb-682a-4379-afe2-db426b6f6b1a\">Instala\u00e7\u00f5es de reciclagem<\/strong>\u00a0- Prepara\u00e7\u00e3o de res\u00edduos pl\u00e1sticos marinhos para processos de reciclagem posteriores.<\/li>\n<\/ul>\n<p>&nbsp;<\/p>\n<p><img fetchpriority=\"high\" decoding=\"async\" class=\"alignnone size-medium wp-image-1809\" src=\"https:\/\/www.gigapa.com\/wp-content\/uploads\/2025\/05\/\u56fe\u72471-1-297x300.png\" alt=\"\" width=\"297\" height=\"300\" srcset=\"https:\/\/www.gigapa.com\/wp-content\/uploads\/2025\/05\/\u56fe\u72471-1-297x300.png 297w, https:\/\/www.gigapa.com\/wp-content\/uploads\/2025\/05\/\u56fe\u72471-1-12x12.png 12w, https:\/\/www.gigapa.com\/wp-content\/uploads\/2025\/05\/\u56fe\u72471-1-600x607.png 600w, https:\/\/www.gigapa.com\/wp-content\/uploads\/2025\/05\/\u56fe\u72471-1-100x100.png 100w, https:\/\/www.gigapa.com\/wp-content\/uploads\/2025\/05\/\u56fe\u72471-1.png 700w\" sizes=\"(max-width: 297px) 100vw, 297px\" \/><\/p>\n<p>&nbsp;<\/p>\n<h3>Especifica\u00e7\u00f5es t\u00e9cnicas<\/h3>\n<table style=\"border-collapse: collapse; width: 525.77pt;\" border=\"0\" width=\"701\" cellspacing=\"0\" cellpadding=\"0\">\n<tbody>\n<tr style=\"height: 13.50pt;\">\n<td class=\"et3\" style=\"height: 13.50pt; width: 195.75pt;\" width=\"261\" height=\"18\">Especifica\u00e7\u00e3o<\/td>\n<td class=\"et3\" style=\"width: 165.35pt;\" width=\"220\">GBB-G0312<\/td>\n<td class=\"et3\" style=\"width: 165.35pt;\" width=\"220\">GSB-G0512<\/td>\n<\/tr>\n<tr style=\"height: 13.50pt;\">\n<td class=\"et4\" style=\"height: 13.50pt; width: 195.75pt;\" width=\"261\" height=\"18\">Tamanho da porta de alimenta\u00e7\u00e3o (L\u00d7H) (mm)<\/td>\n<td class=\"et4\" style=\"width: 165.35pt;\" width=\"220\">350\u00d7220<\/td>\n<td class=\"et4\" style=\"width: 165.35pt;\" width=\"220\">500\u00d7220<\/td>\n<\/tr>\n<tr style=\"height: 13.50pt;\">\n<td class=\"et4\" style=\"height: 13.50pt; width: 195.75pt;\" width=\"261\" height=\"18\">Tamanho da tremonha (C\u00d7L\u00d7A) (mm)<\/td>\n<td class=\"et4\" style=\"width: 165.35pt;\" width=\"220\">350\u00d7350\u00d7400<\/td>\n<td class=\"et4\" style=\"width: 165.35pt;\" width=\"220\">500\u00d7500\u00d7550<\/td>\n<\/tr>\n<tr style=\"height: 13.50pt;\">\n<td class=\"et4\" style=\"height: 13.50pt; width: 195.75pt;\" width=\"261\" height=\"18\">Tempo de ciclo (s)<\/td>\n<td class=\"et4\" style=\"width: 165.35pt;\" width=\"220\">25<\/td>\n<td class=\"et4\" style=\"width: 165.35pt;\" width=\"220\">25<\/td>\n<\/tr>\n<tr style=\"height: 13.50pt;\">\n<td class=\"et4\" style=\"height: 13.50pt; width: 195.75pt;\" width=\"261\" height=\"18\">Di\u00e2metro da rampa principal (mm)<\/td>\n<td class=\"et4\" style=\"width: 165.35pt;\" width=\"220\">\u03c680<\/td>\n<td class=\"et4\" style=\"width: 165.35pt;\" width=\"220\">\u03c680<\/td>\n<\/tr>\n<tr style=\"height: 13.50pt;\">\n<td class=\"et4\" style=\"height: 13.50pt; width: 195.75pt;\" width=\"261\" height=\"18\">N\u00famero de carneiros (PCS)<\/td>\n<td class=\"et4\" style=\"width: 165.35pt;\" width=\"220\">1<\/td>\n<td class=\"et4\" style=\"width: 165.35pt;\" width=\"220\">1<\/td>\n<\/tr>\n<tr style=\"height: 13.50pt;\">\n<td class=\"et4\" style=\"height: 13.50pt; width: 195.75pt;\" width=\"261\" height=\"18\">Press\u00e3o de ar\u00edete principal (T)<\/td>\n<td class=\"et4\" style=\"width: 165.35pt;\" width=\"220\">12.82281633<\/td>\n<td class=\"et4\" style=\"width: 165.35pt;\" width=\"220\">12.82281633<\/td>\n<\/tr>\n<tr style=\"height: 13.50pt;\">\n<td class=\"et4\" style=\"height: 13.50pt; width: 195.75pt;\" width=\"261\" height=\"18\">Press\u00e3o de ar\u00edete auxiliar (T)<\/td>\n<td class=\"et4\" style=\"width: 165.35pt;\" width=\"220\">12.5<\/td>\n<td class=\"et4\" style=\"width: 165.35pt;\" width=\"220\">12.5<\/td>\n<\/tr>\n<tr style=\"height: 13.50pt;\">\n<td class=\"et4\" style=\"height: 13.50pt; width: 195.75pt;\" width=\"261\" height=\"18\">Pot\u00eancia hidr\u00e1ulica (kW)<\/td>\n<td class=\"et4\" style=\"width: 165.35pt;\" width=\"220\">1.5<\/td>\n<td class=\"et4\" style=\"width: 165.35pt;\" width=\"220\">1.5<\/td>\n<\/tr>\n<tr style=\"height: 13.50pt;\">\n<td class=\"et4\" style=\"height: 13.50pt; width: 195.75pt;\" width=\"261\" height=\"18\">Dimens\u00f5es (C\u00d7L\u00d7A) (mm)<\/td>\n<td class=\"et4\" style=\"width: 165.35pt;\" width=\"220\">760\u00d7700\u00d71650<\/td>\n<td class=\"et4\" style=\"width: 165.35pt;\" width=\"220\">840\u00d7700\u00d71800<\/td>\n<\/tr>\n<tr style=\"height: 13.50pt;\">\n<td class=\"et4\" style=\"height: 13.50pt; width: 195.75pt;\" width=\"261\" height=\"18\">Peso total (kg)<\/td>\n<td class=\"et4\" style=\"width: 165.35pt;\" width=\"220\">Aprox. 400<\/td>\n<td class=\"et4\" style=\"width: 165.35pt;\" width=\"220\">Aprox. 500<\/td>\n<\/tr>\n<\/tbody>\n<\/table>\n<p>Os modelos acima s\u00e3o modelos universais padr\u00e3o. Se necessitar de outros modelos, contacte o nosso pessoal, e tamb\u00e9m podemos fornecer servi\u00e7os personalizados de acordo com as suas necessidades.<\/p>\n<h3 data-immersive-translate-walked=\"00e44dcb-682a-4379-afe2-db426b6f6b1a\"><strong data-immersive-translate-walked=\"00e44dcb-682a-4379-afe2-db426b6f6b1a\" data-immersive-translate-paragraph=\"1\">Porqu\u00ea escolher a nossa m\u00e1quina de enfardamento de res\u00edduos marinhos<\/strong><\/h3>\n<ul>\n<li data-immersive-translate-walked=\"00e44dcb-682a-4379-afe2-db426b6f6b1a\"><strong data-immersive-translate-walked=\"00e44dcb-682a-4379-afe2-db426b6f6b1a\">Efici\u00eancia comprovada<\/strong> - Reduz os custos de tratamento dos res\u00edduos e melhora a log\u00edstica.<\/li>\n<li data-immersive-translate-walked=\"00e44dcb-682a-4379-afe2-db426b6f6b1a\"><strong data-immersive-translate-walked=\"00e44dcb-682a-4379-afe2-db426b6f6b1a\">Impacto sustent\u00e1vel<\/strong> - Contribui para oceanos mais limpos e para uma gest\u00e3o respons\u00e1vel dos res\u00edduos.<\/li>\n<li data-immersive-translate-walked=\"00e44dcb-682a-4379-afe2-db426b6f6b1a\"><strong data-immersive-translate-walked=\"00e44dcb-682a-4379-afe2-db426b6f6b1a\">Conformidade global<\/strong> - Cumpre as normas internacionais em mat\u00e9ria de ambiente e seguran\u00e7a.<\/li>\n<li data-immersive-translate-walked=\"00e44dcb-682a-4379-afe2-db426b6f6b1a\"><strong data-immersive-translate-walked=\"00e44dcb-682a-4379-afe2-db426b6f6b1a\">Apoio p\u00f3s-venda<\/strong>\u00a0- Servi\u00e7o t\u00e9cnico e disponibilidade de pe\u00e7as sobresselentes a n\u00edvel mundial.<\/li>\n<\/ul>\n<h3 class=\"\" data-start=\"2755\" data-end=\"2787\"><strong data-start=\"2762\" data-end=\"2787\">Tipos de res\u00edduos suportados<\/strong><\/h3>\n<ul>\n<li data-start=\"2791\" data-end=\"2817\">Garrafas de pl\u00e1stico, embalagens<\/li>\n<li data-start=\"2820\" data-end=\"2844\">Res\u00edduos alimentares (com sacos de lixo)<\/li>\n<li data-start=\"2847\" data-end=\"2863\">Cart\u00e3o, papel<\/li>\n<li data-start=\"2866\" data-end=\"2886\">Redes e cordas de pesca<\/li>\n<li data-start=\"2889\" data-end=\"2924\">Latas de alum\u00ednio e outros materiais recicl\u00e1veis<\/li>\n<\/ul>\n<p>Com a sua combina\u00e7\u00e3o de resist\u00eancia, durabilidade e benef\u00edcios ambientais, a m\u00e1quina de enfardar res\u00edduos mar\u00edtimos \u00e9 a solu\u00e7\u00e3o definitiva para a gest\u00e3o sustent\u00e1vel de res\u00edduos no sector mar\u00edtimo. Quer pretenda melhorar o manuseamento de res\u00edduos num navio ou melhorar as opera\u00e7\u00f5es portu\u00e1rias, a nossa m\u00e1quina oferece a efici\u00eancia e a fiabilidade de que necessita. Contacte-nos hoje para saber mais ou solicitar um or\u00e7amento.<\/p>","protected":false},"excerpt":{"rendered":"<p>A m\u00e1quina de enfardamento de res\u00edduos marinhos \u00e9 um compactador hidr\u00e1ulico para trabalhos pesados, concebido para processar e enfardar res\u00edduos marinhos, incluindo pl\u00e1sticos, redes de pesca, cordas e outros res\u00edduos recicl\u00e1veis. Ao comprimir os res\u00edduos soltos em fardos densos e manej\u00e1veis, reduz o espa\u00e7o de armazenamento, diminui os custos de transporte e apoia os esfor\u00e7os sustent\u00e1veis de limpeza dos oceanos. Constru\u00edda com materiais resistentes \u00e0 corros\u00e3o para ambientes marinhos adversos, esta m\u00e1quina \u00e9 ideal para frotas de pesca, autoridades portu\u00e1rias, instala\u00e7\u00f5es de reciclagem e organiza\u00e7\u00f5es ambientais.<\/p>","protected":false},"featured_media":1808,"template":"","meta":{"site-sidebar-layout":"default","site-content-layout":"","ast-site-content-layout":"default","site-content-style":"default","site-sidebar-style":"default","ast-global-header-display":"","ast-banner-title-visibility":"","ast-main-header-display":"","ast-hfb-above-header-display":"","ast-hfb-below-header-display":"","ast-hfb-mobile-header-display":"","site-post-title":"","ast-breadcrumbs-content":"","ast-featured-img":"","footer-sml-layout":"","ast-disable-related-posts":"","theme-transparent-header-meta":"default","adv-header-id-meta":"","stick-header-meta":"","header-above-stick-meta":"","header-main-stick-meta":"","header-below-stick-meta":"","astra-migrate-meta-layouts":"set","ast-page-background-enabled":"default","ast-page-background-meta":{"desktop":{"background-color":"var(--ast-global-color-5)","background-image":"","background-repeat":"repeat","background-position":"center center","background-size":"auto","background-attachment":"scroll","background-type":"","background-media":"","overlay-type":"","overlay-color":"","overlay-opacity":"","overlay-gradient":""},"tablet":{"background-color":"","background-image":"","background-repeat":"repeat","background-position":"center center","background-size":"auto","background-attachment":"scroll","background-type":"","background-media":"","overlay-type":"","overlay-color":"","overlay-opacity":"","overlay-gradient":""},"mobile":{"background-color":"","background-image":"","background-repeat":"repeat","background-position":"center center","background-size":"auto","background-attachment":"scroll","background-type":"","background-media":"","overlay-type":"","overlay-color":"","overlay-opacity":"","overlay-gradient":""}},"ast-content-background-meta":{"desktop":{"background-color":"var(--ast-global-color-4)","background-image":"","background-repeat":"repeat","background-position":"center center","background-size":"auto","background-attachment":"scroll","background-type":"","background-media":"","overlay-type":"","overlay-color":"","overlay-opacity":"","overlay-gradient":""},"tablet":{"background-color":"var(--ast-global-color-4)","background-image":"","background-repeat":"repeat","background-position":"center center","background-size":"auto","background-attachment":"scroll","background-type":"","background-media":"","overlay-type":"","overlay-color":"","overlay-opacity":"","overlay-gradient":""},"mobile":{"background-color":"var(--ast-global-color-4)","background-image":"","background-repeat":"repeat","background-position":"center center","background-size":"auto","background-attachment":"scroll","background-type":"","background-media":"","overlay-type":"","overlay-color":"","overlay-opacity":"","overlay-gradient":""}}},"product_brand":[],"product_cat":[21,152],"product_tag":[117,118,116,115,119,120],"class_list":{"0":"post-1807","1":"product","2":"type-product","3":"status-publish","4":"has-post-thumbnail","6":"product_cat-baling-machine","7":"product_cat-vertical-baler","8":"product_tag-china-marine-waste-baling-machine","9":"product_tag-hydraulic-marine-baler-for-sale","10":"product_tag-hydraulic-marine-garbage-baling-machine","11":"product_tag-marine-baler","12":"product_tag-marine-waste-baling-machine-factory","13":"product_tag-vertical-marine-baling-machine","14":"desktop-align-left","15":"tablet-align-left","16":"mobile-align-left","18":"first","19":"instock","20":"shipping-taxable","21":"product-type-simple"},"_links":{"self":[{"href":"https:\/\/www.gigapa.com\/pt\/wp-json\/wp\/v2\/product\/1807","targetHints":{"allow":["GET"]}}],"collection":[{"href":"https:\/\/www.gigapa.com\/pt\/wp-json\/wp\/v2\/product"}],"about":[{"href":"https:\/\/www.gigapa.com\/pt\/wp-json\/wp\/v2\/types\/product"}],"version-history":[{"count":2,"href":"https:\/\/www.gigapa.com\/pt\/wp-json\/wp\/v2\/product\/1807\/revisions"}],"predecessor-version":[{"id":1811,"href":"https:\/\/www.gigapa.com\/pt\/wp-json\/wp\/v2\/product\/1807\/revisions\/1811"}],"wp:featuredmedia":[{"embeddable":true,"href":"https:\/\/www.gigapa.com\/pt\/wp-json\/wp\/v2\/media\/1808"}],"wp:attachment":[{"href":"https:\/\/www.gigapa.com\/pt\/wp-json\/wp\/v2\/media?parent=1807"}],"wp:term":[{"taxonomy":"product_brand","embeddable":true,"href":"https:\/\/www.gigapa.com\/pt\/wp-json\/wp\/v2\/product_brand?post=1807"},{"taxonomy":"product_cat","embeddable":true,"href":"https:\/\/www.gigapa.com\/pt\/wp-json\/wp\/v2\/product_cat?post=1807"},{"taxonomy":"product_tag","embeddable":true,"href":"https:\/\/www.gigapa.com\/pt\/wp-json\/wp\/v2\/product_tag?post=1807"}],"curies":[{"name":"wp","href":"https:\/\/api.w.org\/{rel}","templated":true}]}}