{"id":1965,"date":"2025-06-17T10:00:13","date_gmt":"2025-06-17T02:00:13","guid":{"rendered":"https:\/\/www.gigapa.com\/?post_type=product&#038;p=1965"},"modified":"2025-11-05T08:58:17","modified_gmt":"2025-11-05T00:58:17","slug":"fully-auto-paper-horizontal-baler","status":"publish","type":"product","link":"https:\/\/www.gigapa.com\/pt\/produto\/fully-auto-paper-horizontal-baler\/","title":{"rendered":"Enfardadeira Horizontal de Papel Semi-autom\u00e1tica"},"content":{"rendered":"<p data-start=\"271\" data-end=\"650\" data-immersive-translate-walked=\"d6c50565-1c91-4fe6-a895-3ab0b069ade5\" data-immersive-translate-paragraph=\"1\">A enfardadeira horizontal semi-autom\u00e1tica de papel \u00e9 uma solu\u00e7\u00e3o de compacta\u00e7\u00e3o de res\u00edduos de \u00faltima gera\u00e7\u00e3o, concebida para ambientes de reciclagem de elevado volume. Concebida especificamente para o processamento de papel, cart\u00e3o e materiais fibrosos semelhantes, esta enfardadeira proporciona um desempenho semi-autom\u00e1tico, uma qualidade de fardo consistente e uma efici\u00eancia optimizada para opera\u00e7\u00f5es industriais, comerciais e de reciclagem.<\/p>\n<h3 data-start=\"652\" data-end=\"676\" data-immersive-translate-walked=\"d6c50565-1c91-4fe6-a895-3ab0b069ade5\">Vis\u00e3o geral do produto<\/h3>\n<p data-start=\"678\" data-end=\"1224\" data-immersive-translate-walked=\"d6c50565-1c91-4fe6-a895-3ab0b069ade5\" data-immersive-translate-paragraph=\"1\">Como as ind\u00fastrias continuam a gerar grandes volumes de res\u00edduos de papel e cart\u00e3o, um sistema de enfardamento eficaz \u00e9 essencial para otimizar o manuseamento de res\u00edduos, reduzir o espa\u00e7o de armazenamento e melhorar a log\u00edstica. A enfardadeira horizontal de papel semi-autom\u00e1tica oferece uma solu\u00e7\u00e3o robusta e fi\u00e1vel com alimenta\u00e7\u00e3o, compress\u00e3o, enfardamento e atamento autom\u00e1ticos - tudo controlado por um sistema PLC inteligente. Quer se trate de uma f\u00e1brica de reciclagem, de uma tipografia, de um centro de log\u00edstica ou de uma f\u00e1brica de papel, esta enfardadeira transforma os res\u00edduos soltos em fardos densos e uniformes, prontos para transporte ou revenda.<\/p>\n<h3 data-start=\"1226\" data-end=\"1246\" data-immersive-translate-walked=\"d6c50565-1c91-4fe6-a895-3ab0b069ade5\">Carater\u00edsticas principais<\/h3>\n<p data-start=\"1248\" data-end=\"1284\" data-immersive-translate-walked=\"d6c50565-1c91-4fe6-a895-3ab0b069ade5\" data-immersive-translate-paragraph=\"1\"><strong>Funcionamento semi-autom\u00e1tico<\/strong><\/p>\n<p data-start=\"1285\" data-end=\"1565\" data-immersive-translate-walked=\"d6c50565-1c91-4fe6-a895-3ab0b069ade5\" data-immersive-translate-paragraph=\"1\">Esta enfardadeira est\u00e1 equipada com um sistema de controlo inteligente que gere todo o processo de enfardamento, desde a alimenta\u00e7\u00e3o do material at\u00e9 \u00e0 eje\u00e7\u00e3o do fardo. Uma vez configurada a m\u00e1quina, \u00e9 necess\u00e1ria uma interven\u00e7\u00e3o m\u00ednima do operador, o que reduz significativamente os custos de m\u00e3o de obra e aumenta a efici\u00eancia do local de trabalho.<\/p>\n<p data-start=\"1567\" data-end=\"1602\" data-immersive-translate-walked=\"d6c50565-1c91-4fe6-a895-3ab0b069ade5\" data-immersive-translate-paragraph=\"1\"><strong>Elevada capacidade de produ\u00e7\u00e3o<\/strong><\/p>\n<p data-start=\"1603\" data-end=\"1906\" data-immersive-translate-walked=\"d6c50565-1c91-4fe6-a895-3ab0b069ade5\" data-immersive-translate-paragraph=\"1\">Com o seu design de alimenta\u00e7\u00e3o horizontal cont\u00ednua, a enfardadeira horizontal de papel semi-autom\u00e1tica pode manusear grandes volumes de papel e cart\u00e3o a um ritmo r\u00e1pido. O sistema hidr\u00e1ulico de alta velocidade assegura tempos de ciclo r\u00e1pidos, permitindo que a enfardadeira produza v\u00e1rios fardos por hora, consoante o material e a configura\u00e7\u00e3o.<\/p>\n<p data-start=\"1908\" data-end=\"1939\" data-immersive-translate-walked=\"d6c50565-1c91-4fe6-a895-3ab0b069ade5\" data-immersive-translate-paragraph=\"1\"><strong>Constru\u00e7\u00e3o duradoura<\/strong><\/p>\n<p data-start=\"1940\" data-end=\"2229\" data-immersive-translate-walked=\"d6c50565-1c91-4fe6-a895-3ab0b069ade5\" data-immersive-translate-paragraph=\"1\">A m\u00e1quina \u00e9 constru\u00edda utilizando a\u00e7o de alta resist\u00eancia e t\u00e9cnicas de soldadura de precis\u00e3o para garantir uma durabilidade a longo prazo e resist\u00eancia ao desgaste, mesmo em opera\u00e7\u00f5es pesadas. Todos os componentes, incluindo os cilindros hidr\u00e1ulicos e as placas de desgaste, foram concebidos para uma elevada resist\u00eancia e baixa manuten\u00e7\u00e3o.<\/p>\n<p data-start=\"2231\" data-end=\"2263\" data-immersive-translate-walked=\"d6c50565-1c91-4fe6-a895-3ab0b069ade5\" data-immersive-translate-paragraph=\"1\"><strong>Tamanhos de fardos ajust\u00e1veis<\/strong><\/p>\n<p data-start=\"2264\" data-end=\"2442\" data-immersive-translate-walked=\"d6c50565-1c91-4fe6-a895-3ab0b069ade5\" data-immersive-translate-paragraph=\"1\">Os operadores podem ajustar facilmente o tamanho e o peso do fardo de acordo com as necessidades de armazenamento ou transporte. Esta flexibilidade assegura a compatibilidade com v\u00e1rios requisitos de embalagem e expedi\u00e7\u00e3o.<\/p>\n<p data-start=\"2444\" data-end=\"2482\" data-immersive-translate-walked=\"d6c50565-1c91-4fe6-a895-3ab0b069ade5\" data-immersive-translate-paragraph=\"1\"><strong>Sistema autom\u00e1tico de amarra\u00e7\u00e3o de fios<\/strong><\/p>\n<p data-start=\"2483\" data-end=\"2651\" data-immersive-translate-walked=\"d6c50565-1c91-4fe6-a895-3ab0b069ade5\" data-immersive-translate-paragraph=\"1\">A unidade autom\u00e1tica de atamento de arame integrada ata cada fardo de forma firme e consistente, reduzindo o risco de quebra do fardo e garantindo um manuseamento mais seguro durante o transporte.<\/p>\n<p data-start=\"2653\" data-end=\"2685\" data-immersive-translate-walked=\"d6c50565-1c91-4fe6-a895-3ab0b069ade5\" data-immersive-translate-paragraph=\"1\"><strong>Seguran\u00e7a e conformidade<\/strong><\/p>\n<p data-start=\"2686\" data-end=\"2958\" data-immersive-translate-walked=\"d6c50565-1c91-4fe6-a895-3ab0b069ade5\" data-immersive-translate-paragraph=\"1\">Constru\u00edda com carater\u00edsticas de seguran\u00e7a abrangentes, tais como bot\u00f5es de paragem de emerg\u00eancia, sensores de porta e prote\u00e7\u00e3o contra sobrecarga, esta enfardadeira cumpre as normas internacionais de seguran\u00e7a das m\u00e1quinas. Tamb\u00e9m suporta medidas de controlo de poeiras e ru\u00eddo para garantir um ambiente de trabalho mais limpo e seguro.<\/p>\n<h3 data-start=\"2965\" data-end=\"3021\" data-immersive-translate-walked=\"d6c50565-1c91-4fe6-a895-3ab0b069ade5\">Especifica\u00e7\u00f5es t\u00e9cnicas (configura\u00e7\u00e3o de exemplo)<\/h3>\n<div class=\"_tableContainer_16hzy_1\" data-immersive-translate-walked=\"d6c50565-1c91-4fe6-a895-3ab0b069ade5\">\n<div class=\"_tableWrapper_16hzy_14 group flex w-fit flex-col-reverse\" tabindex=\"-1\" data-immersive-translate-walked=\"d6c50565-1c91-4fe6-a895-3ab0b069ade5\">\n<table class=\"w-fit min-w-(--thread-content-width)\" data-start=\"3023\" data-end=\"3763\" data-immersive-translate-walked=\"d6c50565-1c91-4fe6-a895-3ab0b069ade5\">\n<thead data-start=\"3023\" data-end=\"3097\" data-immersive-translate-walked=\"d6c50565-1c91-4fe6-a895-3ab0b069ade5\">\n<tr data-start=\"3023\" data-end=\"3097\" data-immersive-translate-walked=\"d6c50565-1c91-4fe6-a895-3ab0b069ade5\">\n<th style=\"text-align: left;\" data-start=\"3023\" data-end=\"3055\" data-col-size=\"sm\" data-immersive-translate-walked=\"d6c50565-1c91-4fe6-a895-3ab0b069ade5\" data-immersive-translate-paragraph=\"1\">Par\u00e2metro<\/th>\n<th style=\"text-align: left;\" data-start=\"3055\" data-end=\"3097\" data-col-size=\"sm\" data-immersive-translate-walked=\"d6c50565-1c91-4fe6-a895-3ab0b069ade5\" data-immersive-translate-paragraph=\"1\">Especifica\u00e7\u00e3o<\/th>\n<\/tr>\n<\/thead>\n<tbody data-start=\"3172\" data-end=\"3763\" data-immersive-translate-walked=\"d6c50565-1c91-4fe6-a895-3ab0b069ade5\">\n<tr data-start=\"3172\" data-end=\"3245\" data-immersive-translate-walked=\"d6c50565-1c91-4fe6-a895-3ab0b069ade5\">\n<td data-start=\"3172\" data-end=\"3203\" data-col-size=\"sm\" data-immersive-translate-walked=\"d6c50565-1c91-4fe6-a895-3ab0b069ade5\" data-immersive-translate-paragraph=\"1\">For\u00e7a de press\u00e3o<\/td>\n<td data-col-size=\"sm\" data-start=\"3203\" data-end=\"3245\" data-immersive-translate-walked=\"d6c50565-1c91-4fe6-a895-3ab0b069ade5\" data-immersive-translate-paragraph=\"1\">80 - 200 Toneladas (ajust\u00e1vel por modelo)<\/td>\n<\/tr>\n<tr data-start=\"3246\" data-end=\"3319\" data-immersive-translate-walked=\"d6c50565-1c91-4fe6-a895-3ab0b069ade5\">\n<td data-start=\"3246\" data-end=\"3277\" data-col-size=\"sm\" data-immersive-translate-walked=\"d6c50565-1c91-4fe6-a895-3ab0b069ade5\" data-immersive-translate-paragraph=\"1\">Tamanho do fardo<\/td>\n<td data-col-size=\"sm\" data-start=\"3277\" data-end=\"3319\" data-immersive-translate-walked=\"d6c50565-1c91-4fe6-a895-3ab0b069ade5\" data-immersive-translate-paragraph=\"1\">1100 x 1100 x Comprimento vari\u00e1vel (mm)<\/td>\n<\/tr>\n<tr data-start=\"3320\" data-end=\"3393\" data-immersive-translate-walked=\"d6c50565-1c91-4fe6-a895-3ab0b069ade5\">\n<td data-start=\"3320\" data-end=\"3351\" data-col-size=\"sm\" data-immersive-translate-walked=\"d6c50565-1c91-4fe6-a895-3ab0b069ade5\" data-immersive-translate-paragraph=\"1\">Peso do fardo<\/td>\n<td data-col-size=\"sm\" data-start=\"3351\" data-end=\"3393\" data-immersive-translate-walked=\"d6c50565-1c91-4fe6-a895-3ab0b069ade5\" data-immersive-translate-paragraph=\"1\">At\u00e9 1000 kg<\/td>\n<\/tr>\n<tr data-start=\"3394\" data-end=\"3467\" data-immersive-translate-walked=\"d6c50565-1c91-4fe6-a895-3ab0b069ade5\">\n<td data-start=\"3394\" data-end=\"3425\" data-col-size=\"sm\" data-immersive-translate-walked=\"d6c50565-1c91-4fe6-a895-3ab0b069ade5\" data-immersive-translate-paragraph=\"1\">Capacidade<\/td>\n<td data-col-size=\"sm\" data-start=\"3425\" data-end=\"3467\" data-immersive-translate-walked=\"d6c50565-1c91-4fe6-a895-3ab0b069ade5\" data-immersive-translate-paragraph=\"1\">3 - 15 toneladas por hora<\/td>\n<\/tr>\n<tr data-start=\"3468\" data-end=\"3541\" data-immersive-translate-walked=\"d6c50565-1c91-4fe6-a895-3ab0b069ade5\">\n<td data-start=\"3468\" data-end=\"3499\" data-col-size=\"sm\" data-immersive-translate-walked=\"d6c50565-1c91-4fe6-a895-3ab0b069ade5\" data-immersive-translate-paragraph=\"1\">Pot\u00eancia do motor<\/td>\n<td data-col-size=\"sm\" data-start=\"3499\" data-end=\"3541\" data-immersive-translate-walked=\"d6c50565-1c91-4fe6-a895-3ab0b069ade5\" data-immersive-translate-paragraph=\"1\">30 - 90 kW<\/td>\n<\/tr>\n<tr data-start=\"3542\" data-end=\"3615\" data-immersive-translate-walked=\"d6c50565-1c91-4fe6-a895-3ab0b069ade5\">\n<td data-start=\"3542\" data-end=\"3573\" data-col-size=\"sm\" data-immersive-translate-walked=\"d6c50565-1c91-4fe6-a895-3ab0b069ade5\" data-immersive-translate-paragraph=\"1\">Sistema hidr\u00e1ulico<\/td>\n<td data-col-size=\"sm\" data-start=\"3573\" data-end=\"3615\" data-immersive-translate-walked=\"d6c50565-1c91-4fe6-a895-3ab0b069ade5\" data-immersive-translate-paragraph=\"1\">Bomba dupla com sistema de arrefecimento a \u00f3leo<\/td>\n<\/tr>\n<tr data-start=\"3616\" data-end=\"3689\" data-immersive-translate-walked=\"d6c50565-1c91-4fe6-a895-3ab0b069ade5\">\n<td data-start=\"3616\" data-end=\"3647\" data-col-size=\"sm\" data-immersive-translate-walked=\"d6c50565-1c91-4fe6-a895-3ab0b069ade5\" data-immersive-translate-paragraph=\"1\">Sistema de amarra\u00e7\u00e3o<\/td>\n<td data-col-size=\"sm\" data-start=\"3647\" data-end=\"3689\" data-immersive-translate-walked=\"d6c50565-1c91-4fe6-a895-3ab0b069ade5\" data-immersive-translate-paragraph=\"1\">Amarra\u00e7\u00e3o horizontal autom\u00e1tica de fios<\/td>\n<\/tr>\n<tr data-start=\"3690\" data-end=\"3763\" data-immersive-translate-walked=\"d6c50565-1c91-4fe6-a895-3ab0b069ade5\">\n<td data-start=\"3690\" data-end=\"3721\" data-col-size=\"sm\" data-immersive-translate-walked=\"d6c50565-1c91-4fe6-a895-3ab0b069ade5\" data-immersive-translate-paragraph=\"1\">Sistema de controlo<\/td>\n<td data-col-size=\"sm\" data-start=\"3721\" data-end=\"3763\" data-immersive-translate-walked=\"d6c50565-1c91-4fe6-a895-3ab0b069ade5\" data-immersive-translate-paragraph=\"1\">PLC Siemens + Interface de ecr\u00e3 t\u00e1til<\/td>\n<\/tr>\n<\/tbody>\n<\/table>\n<\/div>\n<\/div>\n<h3 data-start=\"3770\" data-end=\"3790\" data-immersive-translate-walked=\"d6c50565-1c91-4fe6-a895-3ab0b069ade5\">Aplica\u00e7\u00f5es<\/h3>\n<p data-start=\"3792\" data-end=\"3843\" data-immersive-translate-walked=\"d6c50565-1c91-4fe6-a895-3ab0b069ade5\" data-immersive-translate-paragraph=\"1\">A enfardadeira horizontal de papel semi-autom\u00e1tica \u00e9 ideal para:<\/p>\n<ul>\n<li data-start=\"3847\" data-end=\"3872\" data-immersive-translate-walked=\"d6c50565-1c91-4fe6-a895-3ab0b069ade5\" data-immersive-translate-paragraph=\"1\">Centros de reciclagem de papel<\/li>\n<li data-start=\"3875\" data-end=\"3910\" data-immersive-translate-walked=\"d6c50565-1c91-4fe6-a895-3ab0b069ade5\" data-immersive-translate-paragraph=\"1\">Empresas de impress\u00e3o e edi\u00e7\u00e3o<\/li>\n<li data-start=\"3913\" data-end=\"3948\" data-immersive-translate-walked=\"d6c50565-1c91-4fe6-a895-3ab0b069ade5\" data-immersive-translate-paragraph=\"1\">Fabricantes de embalagens de cart\u00e3o<\/li>\n<li data-start=\"3951\" data-end=\"3993\" data-immersive-translate-walked=\"d6c50565-1c91-4fe6-a895-3ab0b069ade5\" data-immersive-translate-paragraph=\"1\">Supermercados e armaz\u00e9ns de distribui\u00e7\u00e3o<\/li>\n<li data-start=\"3996\" data-end=\"4033\" data-immersive-translate-walked=\"d6c50565-1c91-4fe6-a895-3ab0b069ade5\" data-immersive-translate-paragraph=\"1\">Centros de gest\u00e3o de res\u00edduos e de log\u00edstica<\/li>\n<li data-start=\"4036\" data-end=\"4070\" data-immersive-translate-walked=\"d6c50565-1c91-4fe6-a895-3ab0b069ade5\" data-immersive-translate-paragraph=\"1\">Instala\u00e7\u00f5es de produ\u00e7\u00e3o industrial<\/li>\n<\/ul>\n<p data-start=\"4072\" data-end=\"4100\" data-immersive-translate-walked=\"d6c50565-1c91-4fe6-a895-3ab0b069ade5\" data-immersive-translate-paragraph=\"1\">Pode comprimir eficazmente:<\/p>\n<ul>\n<li data-start=\"4104\" data-end=\"4126\" data-immersive-translate-walked=\"d6c50565-1c91-4fe6-a895-3ab0b069ade5\" data-immersive-translate-paragraph=\"1\">Jornais antigos (ONP)<\/li>\n<li data-start=\"4129\" data-end=\"4162\" data-immersive-translate-walked=\"d6c50565-1c91-4fe6-a895-3ab0b069ade5\" data-immersive-translate-paragraph=\"1\">Contentores antigos de cart\u00e3o canelado (OCC)<\/li>\n<li data-start=\"4165\" data-end=\"4185\" data-immersive-translate-walked=\"d6c50565-1c91-4fe6-a895-3ab0b069ade5\" data-immersive-translate-paragraph=\"1\">Res\u00edduos de papel de escrit\u00f3rio<\/li>\n<li data-start=\"4188\" data-end=\"4237\" data-immersive-translate-walked=\"d6c50565-1c91-4fe6-a895-3ab0b069ade5\" data-immersive-translate-paragraph=\"1\">Materiais de embalagem mistos \u00e0 base de papel e fibra<\/li>\n<\/ul>\n<h3 data-start=\"4244\" data-end=\"4277\" data-immersive-translate-walked=\"d6c50565-1c91-4fe6-a895-3ab0b069ade5\">Benef\u00edcios para a sua empresa<\/h3>\n<ul>\n<li data-start=\"4281\" data-end=\"4338\" data-immersive-translate-walked=\"d6c50565-1c91-4fe6-a895-3ab0b069ade5\" data-immersive-translate-paragraph=\"1\">Aumento da efici\u00eancia operacional atrav\u00e9s da automatiza\u00e7\u00e3o<\/li>\n<li data-start=\"4341\" data-end=\"4392\" data-immersive-translate-walked=\"d6c50565-1c91-4fe6-a895-3ab0b069ade5\" data-immersive-translate-paragraph=\"1\">Custos de m\u00e3o de obra reduzidos gra\u00e7as ao funcionamento sem m\u00e3os<\/li>\n<li data-start=\"4395\" data-end=\"4454\" data-immersive-translate-walked=\"d6c50565-1c91-4fe6-a895-3ab0b069ade5\" data-immersive-translate-paragraph=\"1\">Despesas log\u00edsticas mais baixas gra\u00e7as aos fardos de alta densidade<\/li>\n<li data-start=\"4457\" data-end=\"4504\" data-immersive-translate-walked=\"d6c50565-1c91-4fe6-a895-3ab0b069ade5\">Melhoria da seguran\u00e7a e da limpeza do local de trabalho<\/li>\n<li data-start=\"4507\" data-end=\"4550\" data-immersive-translate-walked=\"d6c50565-1c91-4fe6-a895-3ab0b069ade5\">Maximiza\u00e7\u00e3o da utiliza\u00e7\u00e3o do espa\u00e7o do armaz\u00e9m<\/li>\n<li data-start=\"4553\" data-end=\"4617\" data-immersive-translate-walked=\"d6c50565-1c91-4fe6-a895-3ab0b069ade5\" data-immersive-translate-paragraph=\"1\">Conformidade ambiental melhorada com reciclagem optimizada<\/li>\n<\/ul>\n<h3 data-start=\"4624\" data-end=\"4646\" data-immersive-translate-walked=\"d6c50565-1c91-4fe6-a895-3ab0b069ade5\">Porqu\u00ea escolher-nos?<\/h3>\n<p data-start=\"4648\" data-end=\"5035\" data-immersive-translate-walked=\"d6c50565-1c91-4fe6-a895-3ab0b069ade5\" data-immersive-translate-paragraph=\"1\">Como fornecedor de confian\u00e7a de equipamento de reciclagem industrial, fornecemos maquinaria de alto desempenho e solu\u00e7\u00f5es personalizadas adaptadas \u00e0s suas necessidades espec\u00edficas de manuseamento de materiais. As nossas enfardadeiras horizontais de papel semi-autom\u00e1ticas s\u00e3o apoiadas por um suporte t\u00e9cnico abrangente, servi\u00e7os de instala\u00e7\u00e3o profissionais e assist\u00eancia p\u00f3s-venda global para garantir que as suas opera\u00e7\u00f5es decorrem sem problemas.<\/p>","protected":false},"excerpt":{"rendered":"<p data-start=\"71\" data-end=\"317\">Uma solu\u00e7\u00e3o de enfardamento eficiente e semi-autom\u00e1tica para res\u00edduos de papel e cart\u00e3o. Ideal para opera\u00e7\u00f5es de grande volume, inclui alimenta\u00e7\u00e3o, prensagem e atamento autom\u00e1ticos para produzir fardos densos e uniformes - poupando trabalho e maximizando a efici\u00eancia da reciclagem.<\/p>","protected":false},"featured_media":1961,"template":"","meta":{"site-sidebar-layout":"default","site-content-layout":"","ast-site-content-layout":"default","site-content-style":"default","site-sidebar-style":"default","ast-global-header-display":"","ast-banner-title-visibility":"","ast-main-header-display":"","ast-hfb-above-header-display":"","ast-hfb-below-header-display":"","ast-hfb-mobile-header-display":"","site-post-title":"","ast-breadcrumbs-content":"","ast-featured-img":"","footer-sml-layout":"","ast-disable-related-posts":"","theme-transparent-header-meta":"default","adv-header-id-meta":"","stick-header-meta":"","header-above-stick-meta":"","header-main-stick-meta":"","header-below-stick-meta":"","astra-migrate-meta-layouts":"set","ast-page-background-enabled":"default","ast-page-background-meta":{"desktop":{"background-color":"var(--ast-global-color-5)","background-image":"","background-repeat":"repeat","background-position":"center center","background-size":"auto","background-attachment":"scroll","background-type":"","background-media":"","overlay-type":"","overlay-color":"","overlay-opacity":"","overlay-gradient":""},"tablet":{"background-color":"","background-image":"","background-repeat":"repeat","background-position":"center center","background-size":"auto","background-attachment":"scroll","background-type":"","background-media":"","overlay-type":"","overlay-color":"","overlay-opacity":"","overlay-gradient":""},"mobile":{"background-color":"","background-image":"","background-repeat":"repeat","background-position":"center center","background-size":"auto","background-attachment":"scroll","background-type":"","background-media":"","overlay-type":"","overlay-color":"","overlay-opacity":"","overlay-gradient":""}},"ast-content-background-meta":{"desktop":{"background-color":"var(--ast-global-color-4)","background-image":"","background-repeat":"repeat","background-position":"center center","background-size":"auto","background-attachment":"scroll","background-type":"","background-media":"","overlay-type":"","overlay-color":"","overlay-opacity":"","overlay-gradient":""},"tablet":{"background-color":"var(--ast-global-color-4)","background-image":"","background-repeat":"repeat","background-position":"center center","background-size":"auto","background-attachment":"scroll","background-type":"","background-media":"","overlay-type":"","overlay-color":"","overlay-opacity":"","overlay-gradient":""},"mobile":{"background-color":"var(--ast-global-color-4)","background-image":"","background-repeat":"repeat","background-position":"center center","background-size":"auto","background-attachment":"scroll","background-type":"","background-media":"","overlay-type":"","overlay-color":"","overlay-opacity":"","overlay-gradient":""}}},"product_brand":[],"product_cat":[21,153],"product_tag":[],"class_list":{"0":"post-1965","1":"product","2":"type-product","3":"status-publish","4":"has-post-thumbnail","6":"product_cat-baling-machine","7":"product_cat-horizontal-baler","8":"desktop-align-left","9":"tablet-align-left","10":"mobile-align-left","12":"first","13":"instock","14":"shipping-taxable","15":"product-type-simple"},"_links":{"self":[{"href":"https:\/\/www.gigapa.com\/pt\/wp-json\/wp\/v2\/product\/1965","targetHints":{"allow":["GET"]}}],"collection":[{"href":"https:\/\/www.gigapa.com\/pt\/wp-json\/wp\/v2\/product"}],"about":[{"href":"https:\/\/www.gigapa.com\/pt\/wp-json\/wp\/v2\/types\/product"}],"version-history":[{"count":4,"href":"https:\/\/www.gigapa.com\/pt\/wp-json\/wp\/v2\/product\/1965\/revisions"}],"predecessor-version":[{"id":2798,"href":"https:\/\/www.gigapa.com\/pt\/wp-json\/wp\/v2\/product\/1965\/revisions\/2798"}],"wp:featuredmedia":[{"embeddable":true,"href":"https:\/\/www.gigapa.com\/pt\/wp-json\/wp\/v2\/media\/1961"}],"wp:attachment":[{"href":"https:\/\/www.gigapa.com\/pt\/wp-json\/wp\/v2\/media?parent=1965"}],"wp:term":[{"taxonomy":"product_brand","embeddable":true,"href":"https:\/\/www.gigapa.com\/pt\/wp-json\/wp\/v2\/product_brand?post=1965"},{"taxonomy":"product_cat","embeddable":true,"href":"https:\/\/www.gigapa.com\/pt\/wp-json\/wp\/v2\/product_cat?post=1965"},{"taxonomy":"product_tag","embeddable":true,"href":"https:\/\/www.gigapa.com\/pt\/wp-json\/wp\/v2\/product_tag?post=1965"}],"curies":[{"name":"wp","href":"https:\/\/api.w.org\/{rel}","templated":true}]}}