{"id":1969,"date":"2025-06-17T10:34:57","date_gmt":"2025-06-17T02:34:57","guid":{"rendered":"https:\/\/www.gigapa.com\/?post_type=product&#038;p=1969"},"modified":"2025-10-13T09:20:16","modified_gmt":"2025-10-13T01:20:16","slug":"fully-auto-plastic-horizontal-baler","status":"publish","type":"product","link":"https:\/\/www.gigapa.com\/pt\/produto\/fully-auto-plastic-horizontal-baler\/","title":{"rendered":"Enfardadeira Horizontal para Pl\u00e1stico Totalmente Autom\u00e1tica"},"content":{"rendered":"<h3 data-immersive-translate-walked=\"8568c6e5-cd47-46f2-928d-6bdcbffb2f39\">Introdu\u00e7\u00e3o<\/h3>\n<p class=\"ds-markdown-paragraph\" data-immersive-translate-walked=\"8568c6e5-cd47-46f2-928d-6bdcbffb2f39\" data-immersive-translate-paragraph=\"1\">A enfardadeira horizontal de pl\u00e1stico totalmente autom\u00e1tica \u00e9 uma m\u00e1quina de enfardamento hidr\u00e1ulica avan\u00e7ada concebida para comprimir res\u00edduos de pl\u00e1stico, pel\u00edculas, garrafas e outros materiais recicl\u00e1veis em fardos compactos. Esta m\u00e1quina melhora a efici\u00eancia do armazenamento, reduz os custos de transporte e melhora as opera\u00e7\u00f5es de reciclagem com o seu funcionamento totalmente automatizado, elevada for\u00e7a de compress\u00e3o e constru\u00e7\u00e3o duradoura. Ideal para centros de reciclagem, instala\u00e7\u00f5es de gest\u00e3o de res\u00edduos e f\u00e1bricas, esta enfardadeira assegura o processamento cont\u00ednuo de grandes volumes de res\u00edduos de pl\u00e1stico.<\/p>\n<h3 data-immersive-translate-walked=\"8568c6e5-cd47-46f2-928d-6bdcbffb2f39\">Carater\u00edsticas principais<\/h3>\n<p data-immersive-translate-walked=\"8568c6e5-cd47-46f2-928d-6bdcbffb2f39\"><strong>1. Funcionamento totalmente automatizado<\/strong><\/p>\n<ul>\n<li class=\"ds-markdown-paragraph\" data-immersive-translate-walked=\"8568c6e5-cd47-46f2-928d-6bdcbffb2f39\" data-immersive-translate-paragraph=\"1\">Equipado com um sistema de controlo PLC para alimenta\u00e7\u00e3o autom\u00e1tica, compress\u00e3o, encaderna\u00e7\u00e3o e eje\u00e7\u00e3o.<\/li>\n<li class=\"ds-markdown-paragraph\" data-immersive-translate-walked=\"8568c6e5-cd47-46f2-928d-6bdcbffb2f39\" data-immersive-translate-paragraph=\"1\">Reduz o trabalho manual e aumenta a produtividade com uma interven\u00e7\u00e3o m\u00ednima do operador.<\/li>\n<li class=\"ds-markdown-paragraph\" data-immersive-translate-walked=\"8568c6e5-cd47-46f2-928d-6bdcbffb2f39\" data-immersive-translate-paragraph=\"1\">Interface de ecr\u00e3 t\u00e1til de f\u00e1cil utiliza\u00e7\u00e3o para ajustes e monitoriza\u00e7\u00e3o f\u00e1ceis.<\/li>\n<\/ul>\n<p data-immersive-translate-walked=\"8568c6e5-cd47-46f2-928d-6bdcbffb2f39\"><strong>2. Elevada for\u00e7a de compress\u00e3o e efici\u00eancia<\/strong><\/p>\n<ul>\n<li class=\"ds-markdown-paragraph\" data-immersive-translate-walked=\"8568c6e5-cd47-46f2-928d-6bdcbffb2f39\" data-immersive-translate-paragraph=\"1\">O potente sistema hidr\u00e1ulico gera uma press\u00e3o elevada, garantindo fardos bem embalados.<\/li>\n<li class=\"ds-markdown-paragraph\" data-immersive-translate-walked=\"8568c6e5-cd47-46f2-928d-6bdcbffb2f39\" data-immersive-translate-paragraph=\"1\">Maximiza a densidade do material, reduzindo o espa\u00e7o de armazenamento e os custos log\u00edsticos.<\/li>\n<li class=\"ds-markdown-paragraph\" data-immersive-translate-walked=\"8568c6e5-cd47-46f2-928d-6bdcbffb2f39\" data-immersive-translate-paragraph=\"1\">Processa uma vasta gama de pl\u00e1sticos, incluindo garrafas PET, PEAD, pel\u00edculas PEBD e res\u00edduos de PP.<\/li>\n<\/ul>\n<p data-immersive-translate-walked=\"8568c6e5-cd47-46f2-928d-6bdcbffb2f39\"><strong>3. Constru\u00e7\u00e3o robusta e duradoura<\/strong><\/p>\n<ul>\n<li class=\"ds-markdown-paragraph\" data-immersive-translate-walked=\"8568c6e5-cd47-46f2-928d-6bdcbffb2f39\" data-immersive-translate-paragraph=\"1\">Estrutura de a\u00e7o resistente e c\u00e2mara de compress\u00e3o refor\u00e7ada para um desempenho duradouro.<\/li>\n<li class=\"ds-markdown-paragraph\" data-immersive-translate-walked=\"8568c6e5-cd47-46f2-928d-6bdcbffb2f39\" data-immersive-translate-paragraph=\"1\">Componentes resistentes ao desgaste para suportar o funcionamento cont\u00ednuo em ambientes exigentes.<\/li>\n<li class=\"ds-markdown-paragraph\" data-immersive-translate-walked=\"8568c6e5-cd47-46f2-928d-6bdcbffb2f39\" data-immersive-translate-paragraph=\"1\">Design de baixa manuten\u00e7\u00e3o com pe\u00e7as de f\u00e1cil acesso para manuten\u00e7\u00e3o.<\/li>\n<\/ul>\n<p data-immersive-translate-walked=\"8568c6e5-cd47-46f2-928d-6bdcbffb2f39\"><strong>4. Seguran\u00e7a e fiabilidade<\/strong><\/p>\n<ul>\n<li class=\"ds-markdown-paragraph\" data-immersive-translate-walked=\"8568c6e5-cd47-46f2-928d-6bdcbffb2f39\" data-immersive-translate-paragraph=\"1\">Bot\u00e3o de paragem de emerg\u00eancia e sensores de seguran\u00e7a para evitar acidentes.<\/li>\n<li class=\"ds-markdown-paragraph\" data-immersive-translate-walked=\"8568c6e5-cd47-46f2-928d-6bdcbffb2f39\" data-immersive-translate-paragraph=\"1\">Portas de bloqueio e prote\u00e7\u00e3o contra sobrecarga para um funcionamento seguro.<\/li>\n<li class=\"ds-markdown-paragraph\" data-immersive-translate-walked=\"8568c6e5-cd47-46f2-928d-6bdcbffb2f39\" data-immersive-translate-paragraph=\"1\">Em conformidade com as normas de seguran\u00e7a internacionais (certifica\u00e7\u00e3o CE, ISO).<\/li>\n<\/ul>\n<p data-immersive-translate-walked=\"8568c6e5-cd47-46f2-928d-6bdcbffb2f39\"><strong>5. Tamanho e sa\u00edda do fardo personaliz\u00e1veis<\/strong><\/p>\n<ul>\n<li class=\"ds-markdown-paragraph\" data-immersive-translate-walked=\"8568c6e5-cd47-46f2-928d-6bdcbffb2f39\" data-immersive-translate-paragraph=\"1\">Dimens\u00f5es ajust\u00e1veis do fardo para satisfazer necessidades espec\u00edficas de reciclagem.<\/li>\n<li class=\"ds-markdown-paragraph\" data-immersive-translate-walked=\"8568c6e5-cd47-46f2-928d-6bdcbffb2f39\" data-immersive-translate-paragraph=\"1\">Sistema de amarra\u00e7\u00e3o autom\u00e1tica opcional (arame ou cinta) para uma amarra\u00e7\u00e3o segura do fardo.<\/li>\n<\/ul>\n<h3 data-immersive-translate-walked=\"8568c6e5-cd47-46f2-928d-6bdcbffb2f39\">Aplica\u00e7\u00f5es<\/h3>\n<p class=\"ds-markdown-paragraph\" data-immersive-translate-walked=\"8568c6e5-cd47-46f2-928d-6bdcbffb2f39\" data-immersive-translate-paragraph=\"1\">A enfardadeira horizontal de pl\u00e1stico totalmente autom\u00e1tica \u00e9 amplamente utilizada em..:<\/p>\n<ol>\n<li class=\"ds-markdown-paragraph\" data-immersive-translate-walked=\"8568c6e5-cd47-46f2-928d-6bdcbffb2f39\" data-immersive-translate-paragraph=\"1\">Instala\u00e7\u00f5es de reciclagem de pl\u00e1stico - Compress\u00e3o de PET, HDPE, PVC e outros res\u00edduos de pl\u00e1stico.<\/li>\n<li class=\"ds-markdown-paragraph\" data-immersive-translate-walked=\"8568c6e5-cd47-46f2-928d-6bdcbffb2f39\" data-immersive-translate-paragraph=\"1\">Instala\u00e7\u00f5es de gest\u00e3o de res\u00edduos - Processar res\u00edduos pl\u00e1sticos p\u00f3s-consumo e industriais.<\/li>\n<li class=\"ds-markdown-paragraph\" data-immersive-translate-walked=\"8568c6e5-cd47-46f2-928d-6bdcbffb2f39\" data-immersive-translate-paragraph=\"1\">Unidades de fabrico - Manusear os restos de produ\u00e7\u00e3o, os produtos defeituosos e os materiais de embalagem.<\/li>\n<li class=\"ds-markdown-paragraph\" data-immersive-translate-walked=\"8568c6e5-cd47-46f2-928d-6bdcbffb2f39\" data-immersive-translate-paragraph=\"1\">Centros de log\u00edstica e distribui\u00e7\u00e3o - Reduzir o volume de res\u00edduos para uma elimina\u00e7\u00e3o econ\u00f3mica.<\/li>\n<\/ol>\n<h3 data-immersive-translate-walked=\"8568c6e5-cd47-46f2-928d-6bdcbffb2f39\">Por que escolher a nossa enfardadeira horizontal para pl\u00e1stico totalmente autom\u00e1tica<\/h3>\n<p class=\"ds-markdown-paragraph\" data-immersive-translate-walked=\"8568c6e5-cd47-46f2-928d-6bdcbffb2f39\" data-immersive-translate-paragraph=\"1\">Maior produtividade - O fluxo de trabalho automatizado acelera o enfardamento, poupando tempo e trabalho.<br data-immersive-translate-walked=\"8568c6e5-cd47-46f2-928d-6bdcbffb2f39\" \/>Poupan\u00e7a de custos - Fardos compactos significam menos despesas de armazenamento e de transporte.<br data-immersive-translate-walked=\"8568c6e5-cd47-46f2-928d-6bdcbffb2f39\" \/>Amigo do ambiente - Apoia a reciclagem sustent\u00e1vel atrav\u00e9s da otimiza\u00e7\u00e3o do processamento de res\u00edduos.<br data-immersive-translate-walked=\"8568c6e5-cd47-46f2-928d-6bdcbffb2f39\" \/>Manuten\u00e7\u00e3o reduzida - Os componentes duradouros minimizam o tempo de inatividade e os custos de repara\u00e7\u00e3o.<\/p>\n<h3 data-immersive-translate-walked=\"8568c6e5-cd47-46f2-928d-6bdcbffb2f39\">Especifica\u00e7\u00f5es t\u00e9cnicas<\/h3>\n<div data-immersive-translate-walked=\"8568c6e5-cd47-46f2-928d-6bdcbffb2f39\">\n<table border=\"0\" width=\"989\" cellspacing=\"0\" cellpadding=\"0\">\n<tbody>\n<tr>\n<td class=\"et2\" width=\"266\" height=\"18\">Modelo<\/td>\n<td class=\"et2\" width=\"175\">GSB-F0707<\/td>\n<td class=\"et2\" width=\"181\">GSB-F1107<\/td>\n<td class=\"et2\" width=\"187\">GSB-F1111<\/td>\n<td class=\"et2\" width=\"180\">GSB-F1112<\/td>\n<\/tr>\n<tr>\n<td class=\"et2\" height=\"18\">Tamanho da embalagem (L\u00d7A\u00d7U) (mm)<\/td>\n<td class=\"et2\">720\u00d7720\u00d7(500-1500)<\/td>\n<td class=\"et2\">1100\u00d7750\u00d7(500-1500)<\/td>\n<td class=\"et2\">1100\u00d71100\u00d7(500-1800)<\/td>\n<td class=\"et2\">1100\u00d71250\u00d7(500-1800)<\/td>\n<\/tr>\n<tr>\n<td class=\"et2\" height=\"18\">N\u00famero de passagens de encaderna\u00e7\u00e3o (PCs)<\/td>\n<td class=\"et2\">4<\/td>\n<td class=\"et2\">4<\/td>\n<td class=\"et2\">5<\/td>\n<td class=\"et2\">5<\/td>\n<\/tr>\n<tr>\n<td class=\"et2\" height=\"18\">Press\u00e3o do cilindro principal (T)<\/td>\n<td class=\"et2\">63<\/td>\n<td class=\"et2\">63<\/td>\n<td class=\"et2\">100<\/td>\n<td class=\"et2\">112<\/td>\n<\/tr>\n<tr>\n<td class=\"et2\" height=\"18\">Pot\u00eancia hidr\u00e1ulica (kW)<\/td>\n<td class=\"et2\">22<\/td>\n<td class=\"et2\">22<\/td>\n<td class=\"et2\">45<\/td>\n<td class=\"et2\">55<\/td>\n<\/tr>\n<tr>\n<td class=\"et2\" height=\"18\">Tamanho do hospedeiro (C\u00d7L\u00d7A) (mm)<\/td>\n<td class=\"et2\">6780\u00d73000\u00d73600<\/td>\n<td class=\"et2\">6880\u00d73800\u00d73600<\/td>\n<td class=\"et2\">8560\u00d73910\u00d74500<\/td>\n<td class=\"et2\">9260\u00d74120\u00d74850<\/td>\n<\/tr>\n<tr>\n<td class=\"et2\" height=\"18\">Peso total (kg)<\/td>\n<td class=\"et2\">Aproximadamente 6800<\/td>\n<td class=\"et2\">Aproximadamente 9100<\/td>\n<td class=\"et2\">Aprox. 18600<\/td>\n<td class=\"et2\">Aproximadamente 21300<\/td>\n<\/tr>\n<\/tbody>\n<\/table>\n<\/div>\n<p class=\"ds-markdown-paragraph\" data-immersive-translate-walked=\"8568c6e5-cd47-46f2-928d-6bdcbffb2f39\"><em data-immersive-translate-walked=\"8568c6e5-cd47-46f2-928d-6bdcbffb2f39\" data-immersive-translate-paragraph=\"1\">(Configura\u00e7\u00f5es personalizadas dispon\u00edveis mediante pedido).<\/em><\/p>\n<h3 data-immersive-translate-walked=\"8568c6e5-cd47-46f2-928d-6bdcbffb2f39\">Conclus\u00e3o<\/h3>\n<p class=\"ds-markdown-paragraph\" data-immersive-translate-walked=\"8568c6e5-cd47-46f2-928d-6bdcbffb2f39\" data-immersive-translate-paragraph=\"1\">A enfardadeira horizontal de pl\u00e1stico totalmente autom\u00e1tica \u00e9 uma solu\u00e7\u00e3o inteligente, eficiente e fi\u00e1vel para a compacta\u00e7\u00e3o de res\u00edduos de pl\u00e1stico. Com automa\u00e7\u00e3o, elevado poder de compress\u00e3o e baixos custos operacionais, \u00e9 a escolha ideal para empresas que procuram otimizar os processos de reciclagem e reduzir as despesas de manuseamento de res\u00edduos.<\/p>","protected":false},"excerpt":{"rendered":"<p>Comprime eficazmente PET, HDPE e outros res\u00edduos pl\u00e1sticos, completando automaticamente todo o processo de alimenta\u00e7\u00e3o, compress\u00e3o e agrupamento. Acionado hidraulicamente, com forte press\u00e3o e elevada densidade de embalagem, poupando custos de armazenamento e transporte. Adequado para esta\u00e7\u00f5es de reciclagem e f\u00e1bricas de processamento de pl\u00e1stico, melhorando a efici\u00eancia do tratamento de res\u00edduos em mais de 30%.<\/p>","protected":false},"featured_media":1959,"template":"","meta":{"site-sidebar-layout":"default","site-content-layout":"","ast-site-content-layout":"default","site-content-style":"default","site-sidebar-style":"default","ast-global-header-display":"","ast-banner-title-visibility":"","ast-main-header-display":"","ast-hfb-above-header-display":"","ast-hfb-below-header-display":"","ast-hfb-mobile-header-display":"","site-post-title":"","ast-breadcrumbs-content":"","ast-featured-img":"","footer-sml-layout":"","ast-disable-related-posts":"","theme-transparent-header-meta":"default","adv-header-id-meta":"","stick-header-meta":"","header-above-stick-meta":"","header-main-stick-meta":"","header-below-stick-meta":"","astra-migrate-meta-layouts":"set","ast-page-background-enabled":"default","ast-page-background-meta":{"desktop":{"background-color":"var(--ast-global-color-5)","background-image":"","background-repeat":"repeat","background-position":"center center","background-size":"auto","background-attachment":"scroll","background-type":"","background-media":"","overlay-type":"","overlay-color":"","overlay-opacity":"","overlay-gradient":""},"tablet":{"background-color":"","background-image":"","background-repeat":"repeat","background-position":"center center","background-size":"auto","background-attachment":"scroll","background-type":"","background-media":"","overlay-type":"","overlay-color":"","overlay-opacity":"","overlay-gradient":""},"mobile":{"background-color":"","background-image":"","background-repeat":"repeat","background-position":"center center","background-size":"auto","background-attachment":"scroll","background-type":"","background-media":"","overlay-type":"","overlay-color":"","overlay-opacity":"","overlay-gradient":""}},"ast-content-background-meta":{"desktop":{"background-color":"var(--ast-global-color-4)","background-image":"","background-repeat":"repeat","background-position":"center center","background-size":"auto","background-attachment":"scroll","background-type":"","background-media":"","overlay-type":"","overlay-color":"","overlay-opacity":"","overlay-gradient":""},"tablet":{"background-color":"var(--ast-global-color-4)","background-image":"","background-repeat":"repeat","background-position":"center center","background-size":"auto","background-attachment":"scroll","background-type":"","background-media":"","overlay-type":"","overlay-color":"","overlay-opacity":"","overlay-gradient":""},"mobile":{"background-color":"var(--ast-global-color-4)","background-image":"","background-repeat":"repeat","background-position":"center center","background-size":"auto","background-attachment":"scroll","background-type":"","background-media":"","overlay-type":"","overlay-color":"","overlay-opacity":"","overlay-gradient":""}}},"product_brand":[],"product_cat":[21,153],"product_tag":[],"class_list":{"0":"post-1969","1":"product","2":"type-product","3":"status-publish","4":"has-post-thumbnail","6":"product_cat-baling-machine","7":"product_cat-horizontal-baler","8":"desktop-align-left","9":"tablet-align-left","10":"mobile-align-left","12":"first","13":"instock","14":"shipping-taxable","15":"product-type-simple"},"_links":{"self":[{"href":"https:\/\/www.gigapa.com\/pt\/wp-json\/wp\/v2\/product\/1969","targetHints":{"allow":["GET"]}}],"collection":[{"href":"https:\/\/www.gigapa.com\/pt\/wp-json\/wp\/v2\/product"}],"about":[{"href":"https:\/\/www.gigapa.com\/pt\/wp-json\/wp\/v2\/types\/product"}],"version-history":[{"count":4,"href":"https:\/\/www.gigapa.com\/pt\/wp-json\/wp\/v2\/product\/1969\/revisions"}],"predecessor-version":[{"id":2386,"href":"https:\/\/www.gigapa.com\/pt\/wp-json\/wp\/v2\/product\/1969\/revisions\/2386"}],"wp:featuredmedia":[{"embeddable":true,"href":"https:\/\/www.gigapa.com\/pt\/wp-json\/wp\/v2\/media\/1959"}],"wp:attachment":[{"href":"https:\/\/www.gigapa.com\/pt\/wp-json\/wp\/v2\/media?parent=1969"}],"wp:term":[{"taxonomy":"product_brand","embeddable":true,"href":"https:\/\/www.gigapa.com\/pt\/wp-json\/wp\/v2\/product_brand?post=1969"},{"taxonomy":"product_cat","embeddable":true,"href":"https:\/\/www.gigapa.com\/pt\/wp-json\/wp\/v2\/product_cat?post=1969"},{"taxonomy":"product_tag","embeddable":true,"href":"https:\/\/www.gigapa.com\/pt\/wp-json\/wp\/v2\/product_tag?post=1969"}],"curies":[{"name":"wp","href":"https:\/\/api.w.org\/{rel}","templated":true}]}}