{"id":1976,"date":"2025-06-19T09:49:20","date_gmt":"2025-06-19T01:49:20","guid":{"rendered":"https:\/\/www.gigapa.com\/?post_type=product&#038;p=1976"},"modified":"2026-05-08T17:27:17","modified_gmt":"2026-05-08T09:27:17","slug":"fully-auto-textile-horizontal-baler","status":"publish","type":"product","link":"https:\/\/www.gigapa.com\/pt\/produto\/fully-auto-textile-horizontal-baler\/","title":{"rendered":"Enfardadeira Horizontal Semi-autom\u00e1tica para T\u00eaxteis"},"content":{"rendered":"<p data-start=\"304\" data-end=\"670\">A enfardadeira horizontal semi-autom\u00e1tica para t\u00eaxteis \u00e9 uma solu\u00e7\u00e3o de enfardamento de elevada efici\u00eancia concebida especificamente para a ind\u00fastria t\u00eaxtil. Quer se trate de restos de algod\u00e3o, restos de tecidos, desperd\u00edcios de fios ou materiais n\u00e3o tecidos, esta m\u00e1quina automatiza todo o processo de enfardamento para ajudar as empresas a maximizar a produtividade, reduzir os custos de m\u00e3o de obra e melhorar a efici\u00eancia do armazenamento.<\/p>\n<h3 data-start=\"672\" data-end=\"722\">O que \u00e9 uma enfardadeira horizontal semi-autom\u00e1tica para t\u00eaxteis?<\/h3>\n<p data-start=\"724\" data-end=\"1184\">Uma enfardadeira horizontal semi-autom\u00e1tica de t\u00eaxteis \u00e9 um tipo de compactador de res\u00edduos concebido para comprimir materiais t\u00eaxteis em fardos densos e manej\u00e1veis. Ao contr\u00e1rio dos modelos manuais ou semi-autom\u00e1ticos, esta enfardadeira apresenta uma semi-automa\u00e7\u00e3o na alimenta\u00e7\u00e3o de material, compress\u00e3o, atamento e eje\u00e7\u00e3o de fardos. O seu design horizontal torna-a ideal para alimenta\u00e7\u00e3o cont\u00ednua e opera\u00e7\u00f5es de grande volume, tornando-a a escolha preferida para centros de reciclagem de t\u00eaxteis, f\u00e1bricas de vestu\u00e1rio e f\u00e1bricas de tecidos.<\/p>\n<h3 data-start=\"1186\" data-end=\"1215\">Principais carater\u00edsticas e vantagens<\/h3>\n<p data-start=\"1217\" data-end=\"1254\"><strong>1. Funcionamento semi-autom\u00e1tico<\/strong><\/p>\n<p data-start=\"1255\" data-end=\"1481\">Com controlo PLC e sensores automatizados, a m\u00e1quina requer uma interven\u00e7\u00e3o manual m\u00ednima. Os processos de alimenta\u00e7\u00e3o, compress\u00e3o e amarra\u00e7\u00e3o s\u00e3o conclu\u00eddos automaticamente, garantindo um funcionamento cont\u00ednuo e reduzindo a depend\u00eancia de m\u00e3o de obra.<\/p>\n<p data-start=\"1483\" data-end=\"1527\"><strong>2. Tratamento eficiente dos res\u00edduos t\u00eaxteis<\/strong><\/p>\n<p data-start=\"1528\" data-end=\"1783\">Esta enfardadeira foi concebida para lidar com uma grande variedade de res\u00edduos t\u00eaxteis, incluindo algod\u00e3o, l\u00e3, poli\u00e9ster, feltro, ganga e outras fibras sint\u00e9ticas ou misturadas. Garante um tamanho e peso consistentes do fardo, melhorando a efici\u00eancia do carregamento para armazenamento ou transporte.<\/p>\n<p data-start=\"1785\" data-end=\"1829\"><strong>3. Elevado rendimento e produtividade<\/strong><\/p>\n<p data-start=\"1830\" data-end=\"2076\">A enfardadeira horizontal semi autom\u00e1tica para t\u00eaxteis foi concebida para linhas de produ\u00e7\u00e3o de alta capacidade. Possui uma ampla tremonha de alimenta\u00e7\u00e3o e um forte sistema hidr\u00e1ulico para comprimir rapidamente grandes volumes de res\u00edduos, ideal para instala\u00e7\u00f5es de produ\u00e7\u00e3o t\u00eaxtil em grande escala.<\/p>\n<p data-start=\"2078\" data-end=\"2113\"><strong>4. Tamanhos de fardos que poupam espa\u00e7o<\/strong><\/p>\n<p data-start=\"2114\" data-end=\"2319\">A m\u00e1quina comprime os res\u00edduos t\u00eaxteis soltos em fardos compactos, reduzindo significativamente o espa\u00e7o de armazenamento. Os fardos densos s\u00e3o mais f\u00e1ceis de empilhar, transportar e reciclar, tornando a gest\u00e3o do armaz\u00e9m mais eficiente.<\/p>\n<p data-start=\"2321\" data-end=\"2368\"><strong>5. Estrutura dur\u00e1vel e longa vida \u00fatil<\/strong><\/p>\n<p data-start=\"2369\" data-end=\"2596\">Constru\u00edda com estruturas de a\u00e7o refor\u00e7ado e componentes resistentes ao desgaste, esta enfardadeira foi concebida para um funcionamento a longo prazo em ambientes industriais exigentes. O seu sistema hidr\u00e1ulico robusto garante um desempenho est\u00e1vel durante anos de utiliza\u00e7\u00e3o.<\/p>\n<p data-start=\"2598\" data-end=\"2629\"><strong>6. Design personaliz\u00e1vel<\/strong><\/p>\n<p data-start=\"2630\" data-end=\"2853\">A m\u00e1quina pode ser personalizada de acordo com o tamanho e o tipo de res\u00edduos t\u00eaxteis que manuseia. O tamanho do fardo, a for\u00e7a de prensagem e o m\u00e9todo de amarra\u00e7\u00e3o (cintagem autom\u00e1tica de arame ou de pl\u00e1stico) podem ser ajustados de acordo com as suas necessidades operacionais.<\/p>\n<h3 data-start=\"2855\" data-end=\"2895\">Aplica\u00e7\u00f5es na ind\u00fastria t\u00eaxtil<\/h3>\n<p data-start=\"2897\" data-end=\"2968\">A enfardadeira horizontal autom\u00e1tica para res\u00edduos t\u00eaxteis \u00e9 amplamente utilizada em..:<\/p>\n<ul>\n<li data-start=\"2972\" data-end=\"3000\">F\u00e1bricas de vestu\u00e1rio<\/li>\n<li data-start=\"3003\" data-end=\"3031\">Instala\u00e7\u00f5es de reciclagem de t\u00eaxteis<\/li>\n<li data-start=\"3034\" data-end=\"3060\">F\u00e1bricas de fia\u00e7\u00e3o e tecelagem<\/li>\n<li data-start=\"3063\" data-end=\"3089\">Produtores de n\u00e3o-tecidos<\/li>\n<li data-start=\"3092\" data-end=\"3118\">Esta\u00e7\u00f5es de embalagem de armaz\u00e9m<\/li>\n<\/ul>\n<p data-start=\"3120\" data-end=\"3254\">\u00c9 especialmente eficaz para as empresas que pretendem reduzir os custos operacionais, mantendo um sistema de gest\u00e3o de res\u00edduos amigo do ambiente.<\/p>\n<h3 data-start=\"3256\" data-end=\"3311\">Porqu\u00ea escolher a nossa enfardadeira horizontal semi autom\u00e1tica para t\u00eaxteis?<\/h3>\n<ul>\n<li data-start=\"3315\" data-end=\"3369\">Poupan\u00e7a de m\u00e3o de obra: Reduz a carga de trabalho manual em mais de 80%.<\/li>\n<li data-start=\"3372\" data-end=\"3442\">Efici\u00eancia melhorada: At\u00e9 50% mais produtivo do que as enfardadeiras manuais.<\/li>\n<li data-start=\"3445\" data-end=\"3543\">Qualidade consistente dos fardos: O tamanho uniforme do fardo torna o transporte e a reciclagem mais c\u00f3modos.<\/li>\n<li data-start=\"3546\" data-end=\"3649\">Manuten\u00e7\u00e3o f\u00e1cil: O design modular garante um acesso r\u00e1pido aos componentes para inspe\u00e7\u00e3o e manuten\u00e7\u00e3o.<\/li>\n<li data-start=\"3652\" data-end=\"3743\">Amigo do ambiente: Incentiva a reciclagem de t\u00eaxteis e ajuda a reduzir os res\u00edduos de aterro.<\/li>\n<\/ul>\n<h3 data-start=\"3745\" data-end=\"3778\">Assist\u00eancia t\u00e9cnica e servi\u00e7o<\/h3>\n<p data-start=\"3780\" data-end=\"4066\">Fornecemos um apoio p\u00f3s-venda abrangente para a nossa m\u00e1quina enfardadeira horizontal de t\u00eaxteis, incluindo orienta\u00e7\u00e3o de instala\u00e7\u00e3o, forma\u00e7\u00e3o de operadores, hor\u00e1rios de manuten\u00e7\u00e3o regulares e uma garantia de um ano. A nossa equipa t\u00e9cnica est\u00e1 dispon\u00edvel para resolu\u00e7\u00e3o de problemas remota ou no local, sempre que necess\u00e1rio.<\/p>\n<h3 data-start=\"4068\" data-end=\"4086\">Considera\u00e7\u00f5es finais<\/h3>\n<p data-start=\"4088\" data-end=\"4476\">A enfardadeira horizontal semi-autom\u00e1tica de t\u00eaxteis \u00e9 mais do que uma simples m\u00e1quina de compacta\u00e7\u00e3o de res\u00edduos; \u00e9 um investimento inteligente que contribui para a poupan\u00e7a de custos, para uma produ\u00e7\u00e3o optimizada e para uma gest\u00e3o sustent\u00e1vel dos res\u00edduos t\u00eaxteis. Para fabricantes e recicladores que procuram otimizar o espa\u00e7o, melhorar a seguran\u00e7a e aumentar a efici\u00eancia operacional, esta enfardadeira semi-autom\u00e1tica oferece uma solu\u00e7\u00e3o ideal a longo prazo.<\/p>\n<p data-start=\"4478\" data-end=\"4594\">Contacte-nos hoje para saber mais sobre como a enfardadeira horizontal semi-autom\u00e1tica de t\u00eaxteis pode beneficiar a sua empresa.<\/p>","protected":false},"excerpt":{"rendered":"<p>A enfardadeira horizontal semi-autom\u00e1tica para t\u00eaxteis foi concebida para a compacta\u00e7\u00e3o eficiente de res\u00edduos t\u00eaxteis, incluindo restos de tecidos, vestu\u00e1rio usado e desperd\u00edcios de produ\u00e7\u00e3o. Com alimenta\u00e7\u00e3o semi-autom\u00e1tica, compacta\u00e7\u00e3o, cintagem e eje\u00e7\u00e3o de fardos, reduz significativamente a m\u00e3o de obra e aumenta a produ\u00e7\u00e3o. Ideal para f\u00e1bricas de vestu\u00e1rio, f\u00e1bricas t\u00eaxteis e instala\u00e7\u00f5es de reciclagem, esta m\u00e1quina cria fardos densos e uniformes que s\u00e3o f\u00e1ceis de manusear e transportar. Constru\u00edda para um funcionamento cont\u00ednuo, possui um sistema de controlo PLC, uma constru\u00e7\u00e3o robusta em a\u00e7o e defini\u00e7\u00f5es personaliz\u00e1veis para se adequar a v\u00e1rios tipos e volumes de materiais. Uma solu\u00e7\u00e3o perfeita para a gest\u00e3o de res\u00edduos t\u00eaxteis em grande escala.<\/p>","protected":false},"featured_media":1956,"template":"","meta":{"site-sidebar-layout":"default","site-content-layout":"","ast-site-content-layout":"default","site-content-style":"default","site-sidebar-style":"default","ast-global-header-display":"","ast-banner-title-visibility":"","ast-main-header-display":"","ast-hfb-above-header-display":"","ast-hfb-below-header-display":"","ast-hfb-mobile-header-display":"","site-post-title":"","ast-breadcrumbs-content":"","ast-featured-img":"","footer-sml-layout":"","ast-disable-related-posts":"","theme-transparent-header-meta":"default","adv-header-id-meta":"","stick-header-meta":"","header-above-stick-meta":"","header-main-stick-meta":"","header-below-stick-meta":"","astra-migrate-meta-layouts":"set","ast-page-background-enabled":"default","ast-page-background-meta":{"desktop":{"background-color":"var(--ast-global-color-5)","background-image":"","background-repeat":"repeat","background-position":"center center","background-size":"auto","background-attachment":"scroll","background-type":"","background-media":"","overlay-type":"","overlay-color":"","overlay-opacity":"","overlay-gradient":""},"tablet":{"background-color":"","background-image":"","background-repeat":"repeat","background-position":"center center","background-size":"auto","background-attachment":"scroll","background-type":"","background-media":"","overlay-type":"","overlay-color":"","overlay-opacity":"","overlay-gradient":""},"mobile":{"background-color":"","background-image":"","background-repeat":"repeat","background-position":"center center","background-size":"auto","background-attachment":"scroll","background-type":"","background-media":"","overlay-type":"","overlay-color":"","overlay-opacity":"","overlay-gradient":""}},"ast-content-background-meta":{"desktop":{"background-color":"var(--ast-global-color-4)","background-image":"","background-repeat":"repeat","background-position":"center center","background-size":"auto","background-attachment":"scroll","background-type":"","background-media":"","overlay-type":"","overlay-color":"","overlay-opacity":"","overlay-gradient":""},"tablet":{"background-color":"var(--ast-global-color-4)","background-image":"","background-repeat":"repeat","background-position":"center center","background-size":"auto","background-attachment":"scroll","background-type":"","background-media":"","overlay-type":"","overlay-color":"","overlay-opacity":"","overlay-gradient":""},"mobile":{"background-color":"var(--ast-global-color-4)","background-image":"","background-repeat":"repeat","background-position":"center center","background-size":"auto","background-attachment":"scroll","background-type":"","background-media":"","overlay-type":"","overlay-color":"","overlay-opacity":"","overlay-gradient":""}}},"product_brand":[],"product_cat":[21,153],"product_tag":[199,198,200,195,202,201,196,194,203,197],"class_list":{"0":"post-1976","1":"product","2":"type-product","3":"status-publish","4":"has-post-thumbnail","6":"product_cat-baling-machine","7":"product_cat-horizontal-baler","8":"product_tag-clothes-baler-machine","9":"product_tag-fabric-baling-press","10":"product_tag-garment-waste-baler","11":"product_tag-horizontal-textile-baler","12":"product_tag-hydraulic-textile-baler","13":"product_tag-industrial-textile-baler","14":"product_tag-semi-automatic-baler-machine","15":"product_tag-textile-baling-machine","16":"product_tag-textile-recycling-baler","17":"product_tag-textile-waste-baler","18":"desktop-align-left","19":"tablet-align-left","20":"mobile-align-left","22":"first","23":"instock","24":"shipping-taxable","25":"product-type-simple"},"_links":{"self":[{"href":"https:\/\/www.gigapa.com\/pt\/wp-json\/wp\/v2\/product\/1976","targetHints":{"allow":["GET"]}}],"collection":[{"href":"https:\/\/www.gigapa.com\/pt\/wp-json\/wp\/v2\/product"}],"about":[{"href":"https:\/\/www.gigapa.com\/pt\/wp-json\/wp\/v2\/types\/product"}],"version-history":[{"count":4,"href":"https:\/\/www.gigapa.com\/pt\/wp-json\/wp\/v2\/product\/1976\/revisions"}],"predecessor-version":[{"id":2794,"href":"https:\/\/www.gigapa.com\/pt\/wp-json\/wp\/v2\/product\/1976\/revisions\/2794"}],"wp:featuredmedia":[{"embeddable":true,"href":"https:\/\/www.gigapa.com\/pt\/wp-json\/wp\/v2\/media\/1956"}],"wp:attachment":[{"href":"https:\/\/www.gigapa.com\/pt\/wp-json\/wp\/v2\/media?parent=1976"}],"wp:term":[{"taxonomy":"product_brand","embeddable":true,"href":"https:\/\/www.gigapa.com\/pt\/wp-json\/wp\/v2\/product_brand?post=1976"},{"taxonomy":"product_cat","embeddable":true,"href":"https:\/\/www.gigapa.com\/pt\/wp-json\/wp\/v2\/product_cat?post=1976"},{"taxonomy":"product_tag","embeddable":true,"href":"https:\/\/www.gigapa.com\/pt\/wp-json\/wp\/v2\/product_tag?post=1976"}],"curies":[{"name":"wp","href":"https:\/\/api.w.org\/{rel}","templated":true}]}}