{"id":1978,"date":"2025-06-17T11:48:05","date_gmt":"2025-06-17T03:48:05","guid":{"rendered":"https:\/\/www.gigapa.com\/?post_type=product&#038;p=1978"},"modified":"2026-03-16T14:51:49","modified_gmt":"2026-03-16T06:51:49","slug":"animal-bedding-shavings-machine","status":"publish","type":"product","link":"https:\/\/www.gigapa.com\/pt\/produto\/animal-bedding-shavings-machine\/","title":{"rendered":"M\u00e1quina de aparas para cama de animais"},"content":{"rendered":"<p data-start=\"207\" data-end=\"684\" data-immersive-translate-walked=\"0e74255f-0271-4f05-bd9c-3cfa8dc97462\" data-immersive-translate-paragraph=\"1\">A m\u00e1quina de aparas para camas de animais \u00e9 uma unidade de processamento de madeira especializada, concebida para converter toros, restos de madeira ou blocos de madeira em aparas de madeira macias, fofas e consistentes, ideais para camas de animais. Quer se trate da ind\u00fastria pecu\u00e1ria, da gest\u00e3o de instala\u00e7\u00f5es equinas ou de uma empresa comercial de produ\u00e7\u00e3o de camas, esta m\u00e1quina assegura um fornecimento fi\u00e1vel e higi\u00e9nico de aparas de alta qualidade, contribuindo para melhorar o conforto, a sa\u00fade e a higiene dos animais.<\/p>\n<p data-start=\"686\" data-end=\"1012\" data-immersive-translate-walked=\"0e74255f-0271-4f05-bd9c-3cfa8dc97462\" data-immersive-translate-paragraph=\"1\">Com o aumento da procura de camas limpas e absorventes para animais, a necessidade de produ\u00e7\u00e3o de aparas automatizada e de alta capacidade nunca foi t\u00e3o grande. Esta m\u00e1quina responde a essa procura com uma produtividade superior, produ\u00e7\u00e3o uniforme e manuseamento manual m\u00ednimo, ajudando-o a poupar trabalho, a reduzir custos e a garantir um fornecimento consistente de material de cama.<\/p>\n<h3><strong>Ficha de especifica\u00e7\u00f5es t\u00e9cnicas<\/strong><\/h3>\n<table>\n<tbody>\n<tr>\n<td width=\"73\"><strong><b>M<\/b><\/strong><strong><b>odel<\/b><\/strong><\/td>\n<td width=\"95\"><strong><b>T<\/b><\/strong><strong><b>produ\u00e7\u00e3o total<\/b><\/strong><\/td>\n<td width=\"132\"><strong><b>F<\/b><\/strong><strong><b>Tamanho da abertura necess\u00e1ria<\/b><\/strong><\/td>\n<td width=\"97\"><strong><b>O<\/b><\/strong><strong><b>sa\u00edda<\/b><\/strong><\/td>\n<td width=\"83\"><strong><b>W<\/b><\/strong><strong><b>oito<\/b><\/strong><\/td>\n<td width=\"139\"><strong><b>O<\/b><\/strong><strong><b>dimens\u00f5es da linha de corte<\/b><\/strong><\/td>\n<\/tr>\n<tr>\n<td width=\"73\"><strong><b>GSW-S105<\/b><\/strong><\/td>\n<td width=\"95\"><strong><b>11,5kw<\/b><\/strong><\/td>\n<td width=\"132\"><b>100 * 50 cm<\/b><\/td>\n<td width=\"97\"><strong><b>150-200kg\/h<\/b><\/strong><\/td>\n<td width=\"83\"><b>1.100 kg<\/b><\/td>\n<td width=\"139\"><strong><b>320*100*140cm<\/b><\/strong><\/td>\n<\/tr>\n<tr>\n<td width=\"73\"><strong><b>GSW-T135<\/b><\/strong><\/td>\n<td width=\"95\"><strong><b>19kw<\/b><\/strong><\/td>\n<td width=\"132\"><strong><b>130*50cm<\/b><\/strong><\/td>\n<td width=\"97\"><strong><b>200-300kg\/h<\/b><\/strong><\/td>\n<td width=\"83\"><b>1.600 kg<\/b><\/td>\n<td width=\"139\"><strong><b>380*100*160cm<\/b><\/strong><\/td>\n<\/tr>\n<tr>\n<td width=\"73\"><strong><b>GSW-F145<\/b><\/strong><\/td>\n<td width=\"95\"><b>34,1 kW<\/b><\/td>\n<td width=\"132\"><strong><b>140*50cm<\/b><\/strong><\/td>\n<td width=\"97\"><strong><b>800-1000kg\/h<\/b><\/strong><\/td>\n<td width=\"83\"><b>2100 kg<\/b><\/td>\n<td width=\"139\"><strong><b>390*135*140cm<\/b><\/strong><\/td>\n<\/tr>\n<tr>\n<td width=\"73\"><strong><b>GCW-T146<\/b><\/strong><\/td>\n<td width=\"95\"><strong><b>21,1kw<\/b><\/strong><\/td>\n<td width=\"132\"><strong><b>140*60cm<\/b><\/strong><\/td>\n<td width=\"97\"><strong><b>600-800kg\/h<\/b><\/strong><\/td>\n<td width=\"83\"><strong><b>2800kg<\/b><\/strong><\/td>\n<td width=\"139\"><strong><b>330*165*150cm<\/b><\/strong><\/td>\n<\/tr>\n<tr>\n<td width=\"73\"><strong><b>GCW-F146<\/b><\/strong><\/td>\n<td width=\"95\"><b>35,1 kW<\/b><\/td>\n<td width=\"132\"><strong><b>140*60cm<\/b><\/strong><\/td>\n<td width=\"97\"><strong><b>1200-1500kg\/h<\/b><\/strong><\/td>\n<td width=\"83\"><b>3300 kg<\/b><\/td>\n<td width=\"139\"><strong><b>380*165*155cm<\/b><\/strong><\/td>\n<\/tr>\n<tr>\n<td width=\"73\"><strong><b>GSW-F149<\/b><\/strong><\/td>\n<td width=\"95\"><b>53 kW<\/b><\/td>\n<td width=\"132\"><strong><b>140*90cm<\/b><\/strong><\/td>\n<td width=\"97\"><strong><b>1500-2000kg\/h<\/b><\/strong><\/td>\n<td width=\"83\"><b>5800 kg<\/b><\/td>\n<td width=\"139\"><strong><b>530*210*220cm<\/b><\/strong><\/td>\n<\/tr>\n<tr>\n<td width=\"73\"><strong><b>GSW-F209<\/b><\/strong><\/td>\n<td width=\"95\"><b>53 kW<\/b><\/td>\n<td width=\"132\"><strong><b>200*90cm<\/b><\/strong><\/td>\n<td width=\"97\"><strong><b>2000-2500kg\/h<\/b><\/strong><\/td>\n<td width=\"83\"><b>6600 kg<\/b><\/td>\n<td width=\"139\"><strong><b>560*210*220cm<\/b><\/strong><\/td>\n<\/tr>\n<tr>\n<td width=\"73\"><strong><b>GSW-B269<\/b><\/strong><\/td>\n<td width=\"95\"><b>99 kW<\/b><\/td>\n<td width=\"132\"><strong><b>260*90cm<\/b><\/strong><\/td>\n<td width=\"97\"><strong><b>3000kg\/h<\/b><\/strong><\/td>\n<td width=\"83\"><b>7000 kg<\/b><\/td>\n<td width=\"139\"><strong><b>660*210*240cm<\/b><\/strong><\/td>\n<\/tr>\n<tr>\n<td width=\"73\"><strong><b>GSW-E349<\/b><\/strong><\/td>\n<td width=\"95\"><b>100,5 kW<\/b><\/td>\n<td width=\"132\"><strong><b>340*90cm<\/b><\/strong><\/td>\n<td width=\"97\"><strong><b>4000kg\/h<\/b><\/strong><\/td>\n<td width=\"83\"><b>8500 kg<\/b><\/td>\n<td width=\"139\"><strong><b>810*210*240cm<\/b><\/strong><\/td>\n<\/tr>\n<\/tbody>\n<\/table>\n<h3 data-start=\"1019\" data-end=\"1035\" data-immersive-translate-walked=\"0e74255f-0271-4f05-bd9c-3cfa8dc97462\" data-immersive-translate-paragraph=\"1\">Carater\u00edsticas principais<\/h3>\n<p data-start=\"1037\" data-end=\"1389\" data-immersive-translate-walked=\"0e74255f-0271-4f05-bd9c-3cfa8dc97462\" data-immersive-translate-paragraph=\"1\">Corte de madeira de alta efici\u00eancia<br data-start=\"1069\" data-end=\"1072\" data-immersive-translate-walked=\"0e74255f-0271-4f05-bd9c-3cfa8dc97462\" \/>A m\u00e1quina possui uma s\u00e9rie de l\u00e2minas afiadas e duradouras montadas num tambor rotativo. \u00c0 medida que a madeira passa, as l\u00e2minas cortam-na em aparas finas e uniformes sem gerar p\u00f3 ou lascas. Este processo preserva a suavidade e a absor\u00e7\u00e3o naturais da madeira, tornando as aparas resultantes ideais para a cama.<\/p>\n<p data-start=\"1391\" data-end=\"1706\" data-immersive-translate-walked=\"0e74255f-0271-4f05-bd9c-3cfa8dc97462\" data-immersive-translate-paragraph=\"1\">Espessura de barbear ajust\u00e1vel<br data-start=\"1423\" data-end=\"1426\" data-immersive-translate-walked=\"0e74255f-0271-4f05-bd9c-3cfa8dc97462\" \/>Os operadores podem ajustar facilmente a espessura das aparas, que normalmente varia entre 0,5 mm e 2 mm, consoante o tipo de animal e as prefer\u00eancias de cama. As aparas finas s\u00e3o ideais para aves de capoeira e pequenos animais, enquanto as aparas mais espessas e resistentes s\u00e3o preferidas para cavalos e gado.<\/p>\n<p data-start=\"1708\" data-end=\"2035\" data-immersive-translate-walked=\"0e74255f-0271-4f05-bd9c-3cfa8dc97462\" data-immersive-translate-paragraph=\"1\">Constru\u00e7\u00e3o robusta para utiliza\u00e7\u00e3o cont\u00ednua<br data-start=\"1750\" data-end=\"1753\" data-immersive-translate-walked=\"0e74255f-0271-4f05-bd9c-3cfa8dc97462\" \/>Constru\u00edda com uma estrutura de a\u00e7o resistente, rolamentos de n\u00edvel industrial e componentes resistentes ao desgaste, a m\u00e1quina de aparas para camas de animais foi concebida para funcionar 24 horas por dia, 7 dias por semana, em ambientes exigentes. Pode processar v\u00e1rios tipos de madeira macia e dura, como pinho, choupo, abeto ou b\u00e9tula.<\/p>\n<p data-start=\"2037\" data-end=\"2360\" data-immersive-translate-walked=\"0e74255f-0271-4f05-bd9c-3cfa8dc97462\" data-immersive-translate-paragraph=\"1\">Alimenta\u00e7\u00e3o e sa\u00edda autom\u00e1ticas<br data-start=\"2069\" data-end=\"2072\" data-immersive-translate-walked=\"0e74255f-0271-4f05-bd9c-3cfa8dc97462\" \/>Equipada com sistemas de alimenta\u00e7\u00e3o de toros hidr\u00e1ulicos ou alimentados por tapete rolante, a m\u00e1quina oferece um funcionamento autom\u00e1tico para uma produ\u00e7\u00e3o consistente. As aparas processadas podem ser descarregadas diretamente nos transportadores ou nos sistemas de embalagem, reduzindo o trabalho e melhorando a higiene durante a recolha e o transporte.<\/p>\n<p data-start=\"2362\" data-end=\"2628\" data-immersive-translate-walked=\"0e74255f-0271-4f05-bd9c-3cfa8dc97462\" data-immersive-translate-paragraph=\"1\">Baixo ru\u00eddo e carater\u00edsticas de seguran\u00e7a<br data-start=\"2395\" data-end=\"2398\" data-immersive-translate-walked=\"0e74255f-0271-4f05-bd9c-3cfa8dc97462\" \/>Apesar da sua elevada capacidade, a m\u00e1quina funciona com ru\u00eddo e vibra\u00e7\u00e3o relativamente baixos. As carater\u00edsticas de seguran\u00e7a incorporadas, como os interruptores de paragem de emerg\u00eancia, a prote\u00e7\u00e3o contra sobrecargas e as coberturas de prote\u00e7\u00e3o, garantem um funcionamento seguro para o pessoal da f\u00e1brica.<\/p>\n<h3 data-start=\"3045\" data-end=\"3061\" data-immersive-translate-walked=\"0e74255f-0271-4f05-bd9c-3cfa8dc97462\" data-immersive-translate-paragraph=\"1\">Aplica\u00e7\u00f5es<\/h3>\n<p data-start=\"3063\" data-end=\"3117\" data-immersive-translate-walked=\"0e74255f-0271-4f05-bd9c-3cfa8dc97462\" data-immersive-translate-paragraph=\"1\">A m\u00e1quina de aparas para cama de animais \u00e9 amplamente utilizada em:<\/p>\n<ul>\n<li data-start=\"3121\" data-end=\"3207\" data-immersive-translate-walked=\"0e74255f-0271-4f05-bd9c-3cfa8dc97462\" data-immersive-translate-paragraph=\"1\">Explora\u00e7\u00f5es av\u00edcolas - para fornecer camas secas e higi\u00e9nicas a galinhas, patos e perus<\/li>\n<li data-start=\"3210\" data-end=\"3292\" data-immersive-translate-walked=\"0e74255f-0271-4f05-bd9c-3cfa8dc97462\" data-immersive-translate-paragraph=\"1\">Est\u00e1bulos para cavalos - oferecendo camas confort\u00e1veis e almofadadas para a sa\u00fade dos equ\u00eddeos<\/li>\n<li data-start=\"3295\" data-end=\"3374\" data-immersive-translate-walked=\"0e74255f-0271-4f05-bd9c-3cfa8dc97462\" data-immersive-translate-paragraph=\"1\">Explora\u00e7\u00f5es leiteiras e pecu\u00e1rias - melhorar a higiene do \u00fabere e reduzir os odores de amon\u00edaco<\/li>\n<li data-start=\"3377\" data-end=\"3467\" data-immersive-translate-walked=\"0e74255f-0271-4f05-bd9c-3cfa8dc97462\" data-immersive-translate-paragraph=\"1\">Criadores de animais de estima\u00e7\u00e3o e jardins zool\u00f3gicos - para roupa de cama segura e macia para pequenos animais e esp\u00e9cies ex\u00f3ticas<\/li>\n<li data-start=\"3470\" data-end=\"3559\" data-immersive-translate-walked=\"0e74255f-0271-4f05-bd9c-3cfa8dc97462\" data-immersive-translate-paragraph=\"1\">Fabricantes de material de cama - para produ\u00e7\u00e3o a granel e embalagem de aparas ensacadas<\/li>\n<\/ul>\n<p data-start=\"3561\" data-end=\"3677\" data-immersive-translate-walked=\"0e74255f-0271-4f05-bd9c-3cfa8dc97462\" data-immersive-translate-paragraph=\"1\">Tamb\u00e9m \u00e9 adequado para a produ\u00e7\u00e3o de material de cama para utiliza\u00e7\u00e3o em cl\u00ednicas veterin\u00e1rias, laborat\u00f3rios e abrigos para animais.<\/p>\n<h3 data-start=\"3684\" data-end=\"3705\" data-immersive-translate-walked=\"0e74255f-0271-4f05-bd9c-3cfa8dc97462\" data-immersive-translate-paragraph=\"1\">Benef\u00edcios comerciais<\/h3>\n<ul>\n<li data-start=\"3709\" data-end=\"3819\" data-immersive-translate-walked=\"0e74255f-0271-4f05-bd9c-3cfa8dc97462\" data-immersive-translate-paragraph=\"1\">Produ\u00e7\u00e3o de qualidade consistente - Assegura aparas uniformes em cada lote, ideal para embalagens de roupa de cama de marca<\/li>\n<li data-start=\"3822\" data-end=\"3897\" data-immersive-translate-walked=\"0e74255f-0271-4f05-bd9c-3cfa8dc97462\" data-immersive-translate-paragraph=\"1\">Redu\u00e7\u00e3o de custos - Converte madeira barata ou res\u00edduos em produtos de elevado valor<\/li>\n<li data-start=\"3900\" data-end=\"3996\" data-immersive-translate-walked=\"0e74255f-0271-4f05-bd9c-3cfa8dc97462\" data-immersive-translate-paragraph=\"1\">Produ\u00e7\u00e3o higi\u00e9nica - As camas sem p\u00f3 e resistentes ao bolor ajudam a evitar infec\u00e7\u00f5es nos animais<\/li>\n<li data-start=\"3999\" data-end=\"4116\" data-immersive-translate-walked=\"0e74255f-0271-4f05-bd9c-3cfa8dc97462\" data-immersive-translate-paragraph=\"1\">Design personaliz\u00e1vel - Dispon\u00edvel em diferentes tamanhos e capacidades para corresponder a pequenas explora\u00e7\u00f5es agr\u00edcolas ou f\u00e1bricas de grande dimens\u00e3o<\/li>\n<li data-start=\"4119\" data-end=\"4242\" data-immersive-translate-walked=\"0e74255f-0271-4f05-bd9c-3cfa8dc97462\" data-immersive-translate-paragraph=\"1\">Amigo do ambiente - Incentiva a reciclagem de subprodutos da madeira e reduz a depend\u00eancia de materiais de cama sint\u00e9ticos<\/li>\n<\/ul>\n<h3 data-start=\"4249\" data-end=\"4263\" data-immersive-translate-walked=\"0e74255f-0271-4f05-bd9c-3cfa8dc97462\" data-immersive-translate-paragraph=\"1\">Conclus\u00e3o<\/h3>\n<p data-start=\"4265\" data-end=\"4783\" data-immersive-translate-walked=\"0e74255f-0271-4f05-bd9c-3cfa8dc97462\" data-immersive-translate-paragraph=\"1\">A m\u00e1quina de aparas para cama de animais \u00e9 indispens\u00e1vel para qualquer empresa ou quinta que necessite de um fornecimento constante de cama limpa, consistente e segura para os animais. O seu design dur\u00e1vel, a elevada produ\u00e7\u00e3o e o ajuste flex\u00edvel da raspagem fazem dela uma solu\u00e7\u00e3o fi\u00e1vel tanto para opera\u00e7\u00f5es de pequena escala como para produ\u00e7\u00e3o comercial em grande escala. Ao automatizar o processo e manter uma qualidade consistente, esta m\u00e1quina n\u00e3o s\u00f3 melhora o conforto e a higiene dos seus animais, como tamb\u00e9m aumenta a sua efici\u00eancia operacional e rentabilidade.<\/p>","protected":false},"excerpt":{"rendered":"<p>A m\u00e1quina de aparas para camas de animais transforma troncos e restos de madeira em aparas macias e sem p\u00f3 para cavalos, aves e gado. Proporciona uma qualidade consistente, uma espessura ajust\u00e1vel e um elevado rendimento - ideal para quintas, est\u00e1bulos e fornecedores comerciais de material de cama.<\/p>","protected":false},"featured_media":1955,"template":"","meta":{"site-sidebar-layout":"default","site-content-layout":"","ast-site-content-layout":"default","site-content-style":"default","site-sidebar-style":"default","ast-global-header-display":"","ast-banner-title-visibility":"","ast-main-header-display":"","ast-hfb-above-header-display":"","ast-hfb-below-header-display":"","ast-hfb-mobile-header-display":"","site-post-title":"","ast-breadcrumbs-content":"","ast-featured-img":"","footer-sml-layout":"","ast-disable-related-posts":"","theme-transparent-header-meta":"default","adv-header-id-meta":"","stick-header-meta":"","header-above-stick-meta":"","header-main-stick-meta":"","header-below-stick-meta":"","astra-migrate-meta-layouts":"set","ast-page-background-enabled":"default","ast-page-background-meta":{"desktop":{"background-color":"var(--ast-global-color-5)","background-image":"","background-repeat":"repeat","background-position":"center center","background-size":"auto","background-attachment":"scroll","background-type":"","background-media":"","overlay-type":"","overlay-color":"","overlay-opacity":"","overlay-gradient":""},"tablet":{"background-color":"","background-image":"","background-repeat":"repeat","background-position":"center center","background-size":"auto","background-attachment":"scroll","background-type":"","background-media":"","overlay-type":"","overlay-color":"","overlay-opacity":"","overlay-gradient":""},"mobile":{"background-color":"","background-image":"","background-repeat":"repeat","background-position":"center center","background-size":"auto","background-attachment":"scroll","background-type":"","background-media":"","overlay-type":"","overlay-color":"","overlay-opacity":"","overlay-gradient":""}},"ast-content-background-meta":{"desktop":{"background-color":"var(--ast-global-color-4)","background-image":"","background-repeat":"repeat","background-position":"center center","background-size":"auto","background-attachment":"scroll","background-type":"","background-media":"","overlay-type":"","overlay-color":"","overlay-opacity":"","overlay-gradient":""},"tablet":{"background-color":"var(--ast-global-color-4)","background-image":"","background-repeat":"repeat","background-position":"center center","background-size":"auto","background-attachment":"scroll","background-type":"","background-media":"","overlay-type":"","overlay-color":"","overlay-opacity":"","overlay-gradient":""},"mobile":{"background-color":"var(--ast-global-color-4)","background-image":"","background-repeat":"repeat","background-position":"center center","background-size":"auto","background-attachment":"scroll","background-type":"","background-media":"","overlay-type":"","overlay-color":"","overlay-opacity":"","overlay-gradient":""}}},"product_brand":[],"product_cat":[20,150],"product_tag":[],"class_list":{"0":"post-1978","1":"product","2":"type-product","3":"status-publish","4":"has-post-thumbnail","6":"product_cat-shredding-and-crushing-machine","7":"product_cat-wood-shavings-machine","8":"desktop-align-left","9":"tablet-align-left","10":"mobile-align-left","12":"first","13":"instock","14":"shipping-taxable","15":"product-type-simple"},"_links":{"self":[{"href":"https:\/\/www.gigapa.com\/pt\/wp-json\/wp\/v2\/product\/1978","targetHints":{"allow":["GET"]}}],"collection":[{"href":"https:\/\/www.gigapa.com\/pt\/wp-json\/wp\/v2\/product"}],"about":[{"href":"https:\/\/www.gigapa.com\/pt\/wp-json\/wp\/v2\/types\/product"}],"version-history":[{"count":6,"href":"https:\/\/www.gigapa.com\/pt\/wp-json\/wp\/v2\/product\/1978\/revisions"}],"predecessor-version":[{"id":2977,"href":"https:\/\/www.gigapa.com\/pt\/wp-json\/wp\/v2\/product\/1978\/revisions\/2977"}],"wp:featuredmedia":[{"embeddable":true,"href":"https:\/\/www.gigapa.com\/pt\/wp-json\/wp\/v2\/media\/1955"}],"wp:attachment":[{"href":"https:\/\/www.gigapa.com\/pt\/wp-json\/wp\/v2\/media?parent=1978"}],"wp:term":[{"taxonomy":"product_brand","embeddable":true,"href":"https:\/\/www.gigapa.com\/pt\/wp-json\/wp\/v2\/product_brand?post=1978"},{"taxonomy":"product_cat","embeddable":true,"href":"https:\/\/www.gigapa.com\/pt\/wp-json\/wp\/v2\/product_cat?post=1978"},{"taxonomy":"product_tag","embeddable":true,"href":"https:\/\/www.gigapa.com\/pt\/wp-json\/wp\/v2\/product_tag?post=1978"}],"curies":[{"name":"wp","href":"https:\/\/api.w.org\/{rel}","templated":true}]}}