{"id":1980,"date":"2025-06-17T14:30:58","date_gmt":"2025-06-17T06:30:58","guid":{"rendered":"https:\/\/www.gigapa.com\/?post_type=product&#038;p=1980"},"modified":"2025-10-13T09:19:54","modified_gmt":"2025-10-13T01:19:54","slug":"dual-shaft-scrap-metal-shredder","status":"publish","type":"product","link":"https:\/\/www.gigapa.com\/pt\/produto\/dual-shaft-scrap-metal-shredder\/","title":{"rendered":"Triturador de sucata de eixo duplo"},"content":{"rendered":"<p data-start=\"221\" data-end=\"784\">O triturador de sucata de metal de veio duplo \u00e9 uma m\u00e1quina de tritura\u00e7\u00e3o de n\u00edvel industrial concebida para processar uma vasta gama de res\u00edduos de metais ferrosos e n\u00e3o ferrosos. Concebida com veios duplos e um potente bin\u00e1rio de sa\u00edda, permite uma redu\u00e7\u00e3o eficiente do tamanho de materiais met\u00e1licos duros, incluindo perfis de alum\u00ednio, tambores de a\u00e7o, tubos de cobre, radiadores, carca\u00e7as de ve\u00edculos, aparelhos de sucata e muito mais. Quer seja utilizado em centros de reciclagem, f\u00e1bricas de processamento de metais ou instala\u00e7\u00f5es de tratamento de res\u00edduos, este triturador maximiza a recupera\u00e7\u00e3o de materiais e reduz os custos de transporte e elimina\u00e7\u00e3o.<\/p>\n<h3 data-start=\"791\" data-end=\"811\">Carater\u00edsticas principais<\/h3>\n<p data-start=\"813\" data-end=\"1175\">1. Design de veio duplo de elevado bin\u00e1rio<br data-start=\"849\" data-end=\"852\" \/>Equipada com dois veios paralelos acionados por motores de engrenagem de alta pot\u00eancia, esta trituradora produz uma for\u00e7a de corte e de rasgamento enorme. Pode fragmentar sucata met\u00e1lica volumosa e dif\u00edcil de processar em peda\u00e7os manej\u00e1veis sem vibra\u00e7\u00e3o ou ru\u00eddo excessivos. Os veios em contra-rota\u00e7\u00e3o asseguram uma alimenta\u00e7\u00e3o cont\u00ednua e um tamanho de sa\u00edda consistente.<\/p>\n<p data-start=\"1177\" data-end=\"1294\">2. Manuseamento vers\u00e1til de res\u00edduos met\u00e1licos<br data-start=\"1214\" data-end=\"1217\" \/>O triturador \u00e9 capaz de processar uma grande variedade de materiais, incluindo:<\/p>\n<ul>\n<li data-start=\"1298\" data-end=\"1328\">Perfis e chapas de alum\u00ednio<\/li>\n<li data-start=\"1331\" data-end=\"1362\">Radiadores de cobre e alum\u00ednio<\/li>\n<li data-start=\"1365\" data-end=\"1393\">Tambores e contentores de a\u00e7o<\/li>\n<li data-start=\"1396\" data-end=\"1422\">Torneados e aparas de metal<\/li>\n<li data-start=\"1425\" data-end=\"1486\">Sucata de bicicletas, m\u00e1quinas de lavar roupa e aparelhos el\u00e9ctricos<\/li>\n<li data-start=\"1489\" data-end=\"1520\">Conjuntos e chassis de autom\u00f3veis<\/li>\n<li data-start=\"1523\" data-end=\"1574\">Res\u00edduos electr\u00f3nicos (e-waste) com componentes met\u00e1licos<\/li>\n<\/ul>\n<p data-start=\"1576\" data-end=\"1830\">3. L\u00e2minas resistentes ao desgaste<br data-start=\"1604\" data-end=\"1607\" \/>As l\u00e2minas s\u00e3o feitas de a\u00e7o-liga endurecido ou a\u00e7o-ferramenta com elevado teor de cr\u00f3mio para uma resist\u00eancia superior \u00e0 abras\u00e3o e ao impacto. S\u00e3o modulares, substitu\u00edveis e podem ser personalizadas com base nas necessidades espec\u00edficas da aplica\u00e7\u00e3o e no tamanho da sa\u00edda.<\/p>\n<p data-start=\"1832\" data-end=\"2149\">4. Desempenho a baixa velocidade e elevado bin\u00e1rio<br data-start=\"1873\" data-end=\"1876\" \/>Ao contr\u00e1rio dos trituradores de alta velocidade, este modelo de veio duplo funciona a uma velocidade de rota\u00e7\u00e3o baixa, o que minimiza a produ\u00e7\u00e3o de poeiras, reduz o ru\u00eddo e prolonga a vida \u00fatil dos componentes principais. \u00c9 especialmente ideal para o manuseamento de metais duros que requerem uma desagrega\u00e7\u00e3o gradual e de elevada for\u00e7a.<\/p>\n<p data-start=\"2151\" data-end=\"2467\">5. Sistema de controlo inteligente<br data-start=\"2184\" data-end=\"2187\" \/>Integrada com um PLC (Programmable Logic Controller), a m\u00e1quina possui rota\u00e7\u00e3o inversa autom\u00e1tica em caso de sobrecarga ou encravamento, o que evita danos e garante um funcionamento seguro e ininterrupto. Os pain\u00e9is de controlo podem ser adaptados com ecr\u00e3s t\u00e1cteis e sistemas de monitoriza\u00e7\u00e3o remota.<\/p>\n<h3 data-start=\"2474\" data-end=\"2515\">Especifica\u00e7\u00f5es t\u00e9cnicas (amostra)<\/h3>\n<ul>\n<li data-start=\"2519\" data-end=\"2562\">Pot\u00eancia do motor: 30-150 kW (personaliz\u00e1vel)<\/li>\n<li data-start=\"2565\" data-end=\"2607\">Capacidade de tritura\u00e7\u00e3o: 1 - 15 toneladas\/hora<\/li>\n<li data-start=\"2610\" data-end=\"2638\">Velocidade do veio: 10-30 rpm<\/li>\n<li data-start=\"2641\" data-end=\"2679\">Material da l\u00e2mina: 9CrSi \/ H13 \/ D2<\/li>\n<li data-start=\"2682\" data-end=\"2740\">Sistema de controlo: PLC Siemens com prote\u00e7\u00e3o contra sobrecarga<\/li>\n<li data-start=\"2743\" data-end=\"2806\">Sistema de alimenta\u00e7\u00e3o: Manual, alimentado por transportador ou empurrador hidr\u00e1ulico<\/li>\n<li data-start=\"2809\" data-end=\"2851\">Descarga: Transportador ou tremonha personalizada<\/li>\n<li data-start=\"2854\" data-end=\"2924\">Complementos opcionais: Separador magn\u00e9tico, controlo de poeiras, sistema de arrefecimento<\/li>\n<\/ul>\n<h3 data-start=\"2931\" data-end=\"2964\">Aplica\u00e7\u00f5es e benef\u00edcios<\/h3>\n<p data-start=\"2966\" data-end=\"3020\">O triturador de sucata de metal de eixo duplo \u00e9 amplamente utilizado em:<\/p>\n<ul>\n<li data-start=\"3024\" data-end=\"3109\">Estaleiros de reciclagem de metais - Para redu\u00e7\u00e3o de tamanho antes da separa\u00e7\u00e3o ou fus\u00e3o posterior<\/li>\n<li data-start=\"3112\" data-end=\"3205\">Instala\u00e7\u00f5es de elimina\u00e7\u00e3o de res\u00edduos electr\u00f3nicos - Para destruir e reduzir em seguran\u00e7a os produtos electr\u00f3nicos com pe\u00e7as met\u00e1licas<\/li>\n<li data-start=\"3208\" data-end=\"3295\">Instala\u00e7\u00f5es de desmantelamento de ve\u00edculos autom\u00f3veis - Para o pr\u00e9-processamento de cascos de ve\u00edculos e pe\u00e7as sobressalentes<\/li>\n<li data-start=\"3298\" data-end=\"3408\">Gest\u00e3o de res\u00edduos industriais - Para tratar grandes volumes de sucata met\u00e1lica de f\u00e1bricas e linhas de produ\u00e7\u00e3o<\/li>\n<li data-start=\"3411\" data-end=\"3506\">Siderurgias e fundi\u00e7\u00f5es - Para reprocessamento e recupera\u00e7\u00e3o do valor met\u00e1lico dos res\u00edduos de produ\u00e7\u00e3o<\/li>\n<\/ul>\n<p data-start=\"3508\" data-end=\"3529\">Os benef\u00edcios incluem:<\/p>\n<ul>\n<li data-start=\"3533\" data-end=\"3575\">Redu\u00e7\u00e3o eficiente de res\u00edduos met\u00e1licos volumosos<\/li>\n<li data-start=\"3578\" data-end=\"3625\">Aumento das taxas de recupera\u00e7\u00e3o de metais recicl\u00e1veis<\/li>\n<li data-start=\"3628\" data-end=\"3667\">Redu\u00e7\u00e3o da m\u00e3o de obra e do trabalho de corte manual<\/li>\n<li data-start=\"3670\" data-end=\"3702\">Seguran\u00e7a e automatiza\u00e7\u00e3o melhoradas<\/li>\n<li data-start=\"3705\" data-end=\"3739\">Custos de transporte e de deposi\u00e7\u00e3o em aterro mais baixos<\/li>\n<\/ul>\n<h3 data-start=\"3746\" data-end=\"3795\">Porqu\u00ea escolher o nosso triturador de metal de eixo duplo?<\/h3>\n<ul>\n<li data-start=\"3799\" data-end=\"3856\">Estrutura resistente para um funcionamento industrial a longo prazo<\/li>\n<li data-start=\"3859\" data-end=\"3940\">Configura\u00e7\u00f5es personaliz\u00e1veis para se adaptarem a diferentes metais e volumes de processamento<\/li>\n<li data-start=\"3943\" data-end=\"4025\">Os motores energeticamente eficientes reduzem o consumo de energia sem comprometer o bin\u00e1rio<\/li>\n<li data-start=\"4028\" data-end=\"4132\">Desempenho comprovado em mercados globais, incluindo o Sudeste Asi\u00e1tico, a Europa de Leste e o M\u00e9dio Oriente<\/li>\n<li data-start=\"4135\" data-end=\"4207\">Suporte responsivo e pe\u00e7as sobressalentes dispon\u00edveis para manuten\u00e7\u00e3o a longo prazo<\/li>\n<\/ul>\n<h3 data-start=\"4214\" data-end=\"4232\">Conclus\u00e3o<\/h3>\n<p data-start=\"4234\" data-end=\"4622\">Se a sua atividade envolve a reciclagem ou a gest\u00e3o de res\u00edduos met\u00e1licos, a Trituradora de Sucata de Eixo Duplo \u00e9 um investimento inteligente. Com a sua constru\u00e7\u00e3o duradoura, bin\u00e1rio potente e automa\u00e7\u00e3o inteligente, garante uma tritura\u00e7\u00e3o segura e eficiente de uma grande variedade de materiais de sucata. Aumente a sua produtividade, melhore a efici\u00eancia do manuseamento de materiais e reduza os custos operacionais globais.<\/p>","protected":false},"excerpt":{"rendered":"<p>Este triturador de sucata de metal de veio duplo foi constru\u00eddo para utiliza\u00e7\u00e3o industrial pesada. Lida facilmente com v\u00e1rios res\u00edduos met\u00e1licos, como tambores de a\u00e7o, folhas de alum\u00ednio e res\u00edduos electr\u00f3nicos, proporcionando um bin\u00e1rio elevado e um desempenho de tritura\u00e7\u00e3o fi\u00e1vel.<\/p>","protected":false},"featured_media":2011,"template":"","meta":{"site-sidebar-layout":"default","site-content-layout":"","ast-site-content-layout":"default","site-content-style":"default","site-sidebar-style":"default","ast-global-header-display":"","ast-banner-title-visibility":"","ast-main-header-display":"","ast-hfb-above-header-display":"","ast-hfb-below-header-display":"","ast-hfb-mobile-header-display":"","site-post-title":"","ast-breadcrumbs-content":"","ast-featured-img":"","footer-sml-layout":"","ast-disable-related-posts":"","theme-transparent-header-meta":"default","adv-header-id-meta":"","stick-header-meta":"","header-above-stick-meta":"","header-main-stick-meta":"","header-below-stick-meta":"","astra-migrate-meta-layouts":"set","ast-page-background-enabled":"default","ast-page-background-meta":{"desktop":{"background-color":"var(--ast-global-color-5)","background-image":"","background-repeat":"repeat","background-position":"center center","background-size":"auto","background-attachment":"scroll","background-type":"","background-media":"","overlay-type":"","overlay-color":"","overlay-opacity":"","overlay-gradient":""},"tablet":{"background-color":"","background-image":"","background-repeat":"repeat","background-position":"center center","background-size":"auto","background-attachment":"scroll","background-type":"","background-media":"","overlay-type":"","overlay-color":"","overlay-opacity":"","overlay-gradient":""},"mobile":{"background-color":"","background-image":"","background-repeat":"repeat","background-position":"center center","background-size":"auto","background-attachment":"scroll","background-type":"","background-media":"","overlay-type":"","overlay-color":"","overlay-opacity":"","overlay-gradient":""}},"ast-content-background-meta":{"desktop":{"background-color":"var(--ast-global-color-4)","background-image":"","background-repeat":"repeat","background-position":"center center","background-size":"auto","background-attachment":"scroll","background-type":"","background-media":"","overlay-type":"","overlay-color":"","overlay-opacity":"","overlay-gradient":""},"tablet":{"background-color":"var(--ast-global-color-4)","background-image":"","background-repeat":"repeat","background-position":"center center","background-size":"auto","background-attachment":"scroll","background-type":"","background-media":"","overlay-type":"","overlay-color":"","overlay-opacity":"","overlay-gradient":""},"mobile":{"background-color":"var(--ast-global-color-4)","background-image":"","background-repeat":"repeat","background-position":"center center","background-size":"auto","background-attachment":"scroll","background-type":"","background-media":"","overlay-type":"","overlay-color":"","overlay-opacity":"","overlay-gradient":""}}},"product_brand":[],"product_cat":[20,149],"product_tag":[141,139,140,142],"class_list":{"0":"post-1980","1":"product","2":"type-product","3":"status-publish","4":"has-post-thumbnail","6":"product_cat-shredding-and-crushing-machine","7":"product_cat-double-shaft-shredder","8":"product_tag-bamboo-shredder","9":"product_tag-metal-shredder","10":"product_tag-tire-shredder","11":"product_tag-wood-shredder","12":"desktop-align-left","13":"tablet-align-left","14":"mobile-align-left","16":"first","17":"instock","18":"shipping-taxable","19":"product-type-simple"},"_links":{"self":[{"href":"https:\/\/www.gigapa.com\/pt\/wp-json\/wp\/v2\/product\/1980","targetHints":{"allow":["GET"]}}],"collection":[{"href":"https:\/\/www.gigapa.com\/pt\/wp-json\/wp\/v2\/product"}],"about":[{"href":"https:\/\/www.gigapa.com\/pt\/wp-json\/wp\/v2\/types\/product"}],"version-history":[{"count":2,"href":"https:\/\/www.gigapa.com\/pt\/wp-json\/wp\/v2\/product\/1980\/revisions"}],"predecessor-version":[{"id":2029,"href":"https:\/\/www.gigapa.com\/pt\/wp-json\/wp\/v2\/product\/1980\/revisions\/2029"}],"wp:featuredmedia":[{"embeddable":true,"href":"https:\/\/www.gigapa.com\/pt\/wp-json\/wp\/v2\/media\/2011"}],"wp:attachment":[{"href":"https:\/\/www.gigapa.com\/pt\/wp-json\/wp\/v2\/media?parent=1980"}],"wp:term":[{"taxonomy":"product_brand","embeddable":true,"href":"https:\/\/www.gigapa.com\/pt\/wp-json\/wp\/v2\/product_brand?post=1980"},{"taxonomy":"product_cat","embeddable":true,"href":"https:\/\/www.gigapa.com\/pt\/wp-json\/wp\/v2\/product_cat?post=1980"},{"taxonomy":"product_tag","embeddable":true,"href":"https:\/\/www.gigapa.com\/pt\/wp-json\/wp\/v2\/product_tag?post=1980"}],"curies":[{"name":"wp","href":"https:\/\/api.w.org\/{rel}","templated":true}]}}