{"id":1982,"date":"2025-06-19T09:32:27","date_gmt":"2025-06-19T01:32:27","guid":{"rendered":"https:\/\/www.gigapa.com\/?post_type=product&#038;p=1982"},"modified":"2025-10-13T09:15:09","modified_gmt":"2025-10-13T01:15:09","slug":"twin-shaft-e-waste-shredder","status":"publish","type":"product","link":"https:\/\/www.gigapa.com\/pt\/produto\/twin-shaft-e-waste-shredder\/","title":{"rendered":"Triturador de res\u00edduos electr\u00f3nicos de veio duplo"},"content":{"rendered":"<p data-start=\"216\" data-end=\"746\">\u00c0 medida que o mundo gera mais res\u00edduos electr\u00f3nicos do que nunca, a elimina\u00e7\u00e3o adequada de res\u00edduos electr\u00f3nicos tornou-se uma necessidade ambiental e um requisito regulamentar. O triturador de res\u00edduos electr\u00f3nicos de veio duplo foi especificamente concebido para enfrentar os desafios da reciclagem de produtos electr\u00f3nicos de forma segura e eficiente. Quer esteja a processar placas de circuito impresso, cabos, discos r\u00edgidos ou electrodom\u00e9sticos fora de uso, esta potente destruidora garante uma redu\u00e7\u00e3o consistente do tamanho, destrui\u00e7\u00e3o de dados e separa\u00e7\u00e3o de materiais - tudo numa solu\u00e7\u00e3o compacta.<\/p>\n<p data-start=\"748\" data-end=\"974\">Com um design duradouro de veio duplo, desempenho de bin\u00e1rio elevado a baixa velocidade e carater\u00edsticas de seguran\u00e7a avan\u00e7adas, esta m\u00e1quina \u00e9 a escolha ideal para instala\u00e7\u00f5es de reciclagem de res\u00edduos electr\u00f3nicos, fabricantes de produtos electr\u00f3nicos e fornecedores de servi\u00e7os ambientais.<\/p>\n<h3 data-start=\"981\" data-end=\"1026\">O que \u00e9 um triturador de res\u00edduos electr\u00f3nicos de veio duplo?<\/h3>\n<p data-start=\"1028\" data-end=\"1433\">Um triturador de res\u00edduos electr\u00f3nicos de eixo duplo \u00e9 uma m\u00e1quina de n\u00edvel industrial equipada com dois eixos rotativos com l\u00e2minas interligadas. Estes eixos funcionam a baixas velocidades e fornecem um bin\u00e1rio elevado, permitindo-lhes rasgar, cisalhar e esmagar o lixo eletr\u00f3nico em peda\u00e7os pequenos e manej\u00e1veis. Ao contr\u00e1rio dos trituradores de alta velocidade, este design de baixa velocidade reduz o p\u00f3 e o ru\u00eddo, minimiza o risco de inc\u00eandio e prolonga a vida \u00fatil da m\u00e1quina.<\/p>\n<p data-start=\"1435\" data-end=\"1610\">Este triturador \u00e9 ideal para o pr\u00e9-processamento de v\u00e1rios tipos de res\u00edduos electr\u00f3nicos para posterior separa\u00e7\u00e3o e reciclagem, tais como metais, pl\u00e1sticos e componentes valiosos de terras raras.<\/p>\n<h3 data-start=\"1617\" data-end=\"1671\">Principais carater\u00edsticas do triturador de res\u00edduos electr\u00f3nicos de veio duplo<\/h3>\n<p data-start=\"1673\" data-end=\"1715\"><strong>Mecanismo de veio duplo resistente<\/strong><\/p>\n<p data-start=\"1716\" data-end=\"1961\">A m\u00e1quina possui dois eixos contra-rotativos com l\u00e2minas de a\u00e7o endurecido, capazes de processar materiais de res\u00edduos electr\u00f3nicos r\u00edgidos, mistos ou compostos. A configura\u00e7\u00e3o do eixo permite ac\u00e7\u00f5es eficazes de rasgar e puxar, em vez de apenas cortar.<\/p>\n<p data-start=\"1963\" data-end=\"1996\"><strong>Bin\u00e1rio elevado, baixa velocidade<\/strong><\/p>\n<p data-start=\"1997\" data-end=\"2146\">A baixa velocidade de rota\u00e7\u00e3o combinada com um bin\u00e1rio elevado permite que o triturador destrua componentes electr\u00f3nicos dif\u00edceis sem sobreaquecer ou gerar p\u00f3 excessivo.<\/p>\n<p data-start=\"2148\" data-end=\"2185\"><strong>Sistema de controlo inteligente<\/strong><\/p>\n<p data-start=\"2186\" data-end=\"2409\">Equipada com um sistema PLC (Programmable Logic Controller), a trituradora oferece arranque\/paragem autom\u00e1ticos, fun\u00e7\u00e3o de invers\u00e3o em caso de encravamento de material e prote\u00e7\u00e3o contra sobrecarga. \u00c9 de f\u00e1cil utiliza\u00e7\u00e3o, fi\u00e1vel e segura de operar.<\/p>\n<p data-start=\"2411\" data-end=\"2446\"><strong>Seguran\u00e7a e controlo de poeiras<\/strong><\/p>\n<p data-start=\"2447\" data-end=\"2627\">Concebida a pensar na seguran\u00e7a do operador, a trituradora possui uma c\u00e2mara fechada, bot\u00f5es de paragem de emerg\u00eancia e interfaces de extra\u00e7\u00e3o de poeiras opcionais para minimizar os contaminantes transportados pelo ar.<\/p>\n<p data-start=\"2629\" data-end=\"2667\"><strong>Manuseamento vers\u00e1til de materiais<\/strong><\/p>\n<p data-start=\"2668\" data-end=\"2741\">Este triturador de res\u00edduos electr\u00f3nicos pode processar uma grande variedade de materiais, incluindo:<\/p>\n<ul>\n<li data-start=\"2745\" data-end=\"2776\">Placas de circuitos impressos (PCB)<\/li>\n<li data-start=\"2779\" data-end=\"2809\">Cabos e fios el\u00e9ctricos<\/li>\n<li data-start=\"2812\" data-end=\"2839\">Telem\u00f3veis e tablets<\/li>\n<li data-start=\"2842\" data-end=\"2872\">Discos r\u00edgidos e unidades de mem\u00f3ria<\/li>\n<li data-start=\"2875\" data-end=\"2903\">Pequenos electrodom\u00e9sticos<\/li>\n<li data-start=\"2906\" data-end=\"2935\">Conchas e teclados para computadores port\u00e1teis<\/li>\n<li data-start=\"2938\" data-end=\"2968\">Sucata eletr\u00f3nica com mistura de metal\/pl\u00e1stico<\/li>\n<\/ul>\n<h3 data-start=\"2975\" data-end=\"3031\">Vantagens da utiliza\u00e7\u00e3o do triturador de res\u00edduos electr\u00f3nicos de veio duplo<\/h3>\n<p data-start=\"3033\" data-end=\"3071\"><strong>Reparti\u00e7\u00e3o eficiente do material<\/strong><\/p>\n<p data-start=\"3072\" data-end=\"3258\">O design de veio duplo garante que os res\u00edduos electr\u00f3nicos s\u00e3o triturados uniformemente, preparando-os para outros processos de separa\u00e7\u00e3o mec\u00e2nica ou manual. O material triturado \u00e9 mais f\u00e1cil de manusear e selecionar.<\/p>\n<p data-start=\"3260\" data-end=\"3293\"><strong>Destrui\u00e7\u00e3o segura de dados<\/strong><\/p>\n<p data-start=\"3294\" data-end=\"3449\">Para discos r\u00edgidos, smartphones ou dispositivos de armazenamento de dados, esta destruidora oferece uma destrui\u00e7\u00e3o f\u00edsica que cumpre as normas globais de seguran\u00e7a e privacidade de dados.<\/p>\n<p data-start=\"3451\" data-end=\"3499\"><strong>Ecologicamente correto e em conformidade com a regulamenta\u00e7\u00e3o<\/strong><\/p>\n<p data-start=\"3500\" data-end=\"3651\">O processamento adequado dos res\u00edduos electr\u00f3nicos reduz o impacto ambiental nocivo e garante a conformidade com regulamentos como o WEEE, RoHS e leis locais relativas a res\u00edduos perigosos.<\/p>\n<p data-start=\"3653\" data-end=\"3700\"><strong>Custos operacionais e de manuten\u00e7\u00e3o mais baixos<\/strong><\/p>\n<p data-start=\"3701\" data-end=\"3854\">Gra\u00e7as \u00e0 sua constru\u00e7\u00e3o robusta e \u00e0 prote\u00e7\u00e3o inteligente contra sobrecargas, o triturador minimiza o tempo de inatividade e prolonga a vida \u00fatil das l\u00e2minas e dos componentes internos.<\/p>\n<p data-start=\"3856\" data-end=\"3893\"><strong>Personaliz\u00e1vel para as suas necessidades<\/strong><\/p>\n<p data-start=\"3894\" data-end=\"4083\">Dependendo da sua aplica\u00e7\u00e3o, a m\u00e1quina pode ser configurada para diferentes capacidades de produ\u00e7\u00e3o, espessura da l\u00e2mina, tamanho da c\u00e2mara e op\u00e7\u00f5es de descarga (correia transportadora, rosca transportadora, etc.).<\/p>\n<h3 data-start=\"4090\" data-end=\"4149\">Aplica\u00e7\u00f5es nas ind\u00fastrias de res\u00edduos electr\u00f3nicos e de reciclagem<\/h3>\n<p data-start=\"4151\" data-end=\"4205\">O triturador de lixo eletr\u00f3nico de eixo duplo \u00e9 amplamente utilizado em:<\/p>\n<ul>\n<li data-start=\"4209\" data-end=\"4235\">Instala\u00e7\u00f5es de reciclagem de res\u00edduos electr\u00f3nicos<\/li>\n<li data-start=\"4238\" data-end=\"4276\">Instala\u00e7\u00f5es de fabrico de produtos electr\u00f3nicos<\/li>\n<li data-start=\"4279\" data-end=\"4314\">Servi\u00e7os de elimina\u00e7\u00e3o de activos inform\u00e1ticos (ITAD)<\/li>\n<li data-start=\"4317\" data-end=\"4350\">Tratamento de res\u00edduos s\u00f3lidos urbanos<\/li>\n<li data-start=\"4353\" data-end=\"4414\">Processadores de res\u00edduos de equipamentos el\u00e9ctricos e electr\u00f3nicos (REEE)<\/li>\n<li data-start=\"4417\" data-end=\"4453\">Centros de recupera\u00e7\u00e3o e reciclagem<\/li>\n<\/ul>\n<p data-start=\"4455\" data-end=\"4547\">Desde pequenos aparelhos electr\u00f3nicos a dispositivos compostos complexos, este triturador trata de tudo com facilidade.<\/p>\n<h3 data-start=\"4554\" data-end=\"4598\">Constru\u00eddo para durar: Qualidade e durabilidade<\/h3>\n<p data-start=\"4600\" data-end=\"4748\">Fabricamos os nossos trituradores com engenharia de precis\u00e3o e materiais de alta qualidade para garantir um desempenho duradouro. As principais carater\u00edsticas de qualidade incluem:<\/p>\n<ul>\n<li data-start=\"4752\" data-end=\"4785\">L\u00e2minas em liga de a\u00e7o com tratamento t\u00e9rmico<\/li>\n<li data-start=\"4788\" data-end=\"4812\">Estrutura de a\u00e7o refor\u00e7ada<\/li>\n<li data-start=\"4815\" data-end=\"4841\">Base amortecedora de vibra\u00e7\u00f5es<\/li>\n<li data-start=\"4844\" data-end=\"4893\">Caixas de velocidades e motores para trabalhos pesados das melhores marcas<\/li>\n<li data-start=\"4896\" data-end=\"4929\">Produ\u00e7\u00e3o com certifica\u00e7\u00e3o CE e ISO<\/li>\n<\/ul>\n<p data-start=\"4931\" data-end=\"5055\">Cada m\u00e1quina \u00e9 submetida a rigorosos testes de qualidade antes da entrega para garantir que cumpre as expectativas de seguran\u00e7a e desempenho.<\/p>\n<h3>Suporte e servi\u00e7os p\u00f3s-venda<\/h3>\n<p data-start=\"5103\" data-end=\"5201\">Quando compra a Trituradora de Lixo Eletr\u00f3nico de Eixo Duplo, tem o apoio de uma equipa dedicada que oferece:<\/p>\n<ul>\n<li data-start=\"5205\" data-end=\"5246\">Guia de instala\u00e7\u00e3o e coloca\u00e7\u00e3o em funcionamento<\/li>\n<li data-start=\"5249\" data-end=\"5288\">Forma\u00e7\u00e3o de operadores e tutoriais em v\u00eddeo<\/li>\n<li data-start=\"5291\" data-end=\"5318\">Pe\u00e7as sobresselentes de entrega r\u00e1pida<\/li>\n<li data-start=\"5321\" data-end=\"5345\">Suporte t\u00e9cnico 24\/7<\/li>\n<li data-start=\"5348\" data-end=\"5379\">Planeamento do programa de manuten\u00e7\u00e3o<\/li>\n<li data-start=\"5382\" data-end=\"5408\">Consultoria de personaliza\u00e7\u00e3o<\/li>\n<\/ul>\n<h3 data-start=\"5415\" data-end=\"5432\">Conclus\u00e3o<\/h3>\n<p data-start=\"5434\" data-end=\"5800\">Numa \u00e9poca em que os res\u00edduos electr\u00f3nicos est\u00e3o a crescer exponencialmente, investir no triturador de res\u00edduos electr\u00f3nicos de veio duplo \u00e9 uma escolha inteligente e com vis\u00e3o de futuro, tanto para as empresas como para as opera\u00e7\u00f5es de reciclagem. Com a sua constru\u00e7\u00e3o robusta, capacidades vers\u00e1teis e design ecol\u00f3gico, fornece uma solu\u00e7\u00e3o eficiente, segura e escal\u00e1vel para enfrentar os desafios modernos dos res\u00edduos electr\u00f3nicos.<\/p>\n<p data-start=\"5802\" data-end=\"5985\">Se pretende reduzir o impacto ambiental, cumprir os regulamentos e recuperar materiais valiosos do lixo eletr\u00f3nico, este triturador \u00e9 a solu\u00e7\u00e3o de que estava \u00e0 espera.<\/p>","protected":false},"excerpt":{"rendered":"<p>O triturador de res\u00edduos electr\u00f3nicos de eixo duplo foi concebido para processar res\u00edduos electr\u00f3nicos de forma segura e eficiente. Lida facilmente com placas de circuito, fios, discos r\u00edgidos e pequenos aparelhos, reduzindo-os em peda\u00e7os manej\u00e1veis para posterior reciclagem. Com um funcionamento de bin\u00e1rio elevado e baixa velocidade e cortadores de a\u00e7o robustos, assegura uma tritura\u00e7\u00e3o precisa, minimizando o p\u00f3 e o ru\u00eddo. Ideal para centros de reciclagem e fabricantes de produtos electr\u00f3nicos, este triturador apoia o manuseamento ecol\u00f3gico de res\u00edduos, melhora a recupera\u00e7\u00e3o de materiais e cumpre os regulamentos relativos a res\u00edduos electr\u00f3nicos. O seu design duradouro e a prote\u00e7\u00e3o inteligente contra sobrecargas garantem um desempenho est\u00e1vel em ambientes exigentes.<\/p>","protected":false},"featured_media":1953,"template":"","meta":{"site-sidebar-layout":"default","site-content-layout":"","ast-site-content-layout":"default","site-content-style":"default","site-sidebar-style":"default","ast-global-header-display":"","ast-banner-title-visibility":"","ast-main-header-display":"","ast-hfb-above-header-display":"","ast-hfb-below-header-display":"","ast-hfb-mobile-header-display":"","site-post-title":"","ast-breadcrumbs-content":"","ast-featured-img":"","footer-sml-layout":"","theme-transparent-header-meta":"default","adv-header-id-meta":"","stick-header-meta":"","header-above-stick-meta":"","header-main-stick-meta":"","header-below-stick-meta":"","astra-migrate-meta-layouts":"set","ast-page-background-enabled":"default","ast-page-background-meta":{"desktop":{"background-color":"var(--ast-global-color-5)","background-image":"","background-repeat":"repeat","background-position":"center center","background-size":"auto","background-attachment":"scroll","background-type":"","background-media":"","overlay-type":"","overlay-color":"","overlay-opacity":"","overlay-gradient":""},"tablet":{"background-color":"","background-image":"","background-repeat":"repeat","background-position":"center center","background-size":"auto","background-attachment":"scroll","background-type":"","background-media":"","overlay-type":"","overlay-color":"","overlay-opacity":"","overlay-gradient":""},"mobile":{"background-color":"","background-image":"","background-repeat":"repeat","background-position":"center center","background-size":"auto","background-attachment":"scroll","background-type":"","background-media":"","overlay-type":"","overlay-color":"","overlay-opacity":"","overlay-gradient":""}},"ast-content-background-meta":{"desktop":{"background-color":"var(--ast-global-color-4)","background-image":"","background-repeat":"repeat","background-position":"center center","background-size":"auto","background-attachment":"scroll","background-type":"","background-media":"","overlay-type":"","overlay-color":"","overlay-opacity":"","overlay-gradient":""},"tablet":{"background-color":"var(--ast-global-color-4)","background-image":"","background-repeat":"repeat","background-position":"center center","background-size":"auto","background-attachment":"scroll","background-type":"","background-media":"","overlay-type":"","overlay-color":"","overlay-opacity":"","overlay-gradient":""},"mobile":{"background-color":"var(--ast-global-color-4)","background-image":"","background-repeat":"repeat","background-position":"center center","background-size":"auto","background-attachment":"scroll","background-type":"","background-media":"","overlay-type":"","overlay-color":"","overlay-opacity":"","overlay-gradient":""}}},"product_brand":[],"product_cat":[20,149],"product_tag":[],"class_list":{"0":"post-1982","1":"product","2":"type-product","3":"status-publish","4":"has-post-thumbnail","6":"product_cat-shredding-and-crushing-machine","7":"product_cat-double-shaft-shredder","8":"desktop-align-left","9":"tablet-align-left","10":"mobile-align-left","12":"first","13":"instock","14":"shipping-taxable","15":"product-type-simple"},"_links":{"self":[{"href":"https:\/\/www.gigapa.com\/pt\/wp-json\/wp\/v2\/product\/1982","targetHints":{"allow":["GET"]}}],"collection":[{"href":"https:\/\/www.gigapa.com\/pt\/wp-json\/wp\/v2\/product"}],"about":[{"href":"https:\/\/www.gigapa.com\/pt\/wp-json\/wp\/v2\/types\/product"}],"version-history":[{"count":3,"href":"https:\/\/www.gigapa.com\/pt\/wp-json\/wp\/v2\/product\/1982\/revisions"}],"predecessor-version":[{"id":2979,"href":"https:\/\/www.gigapa.com\/pt\/wp-json\/wp\/v2\/product\/1982\/revisions\/2979"}],"wp:featuredmedia":[{"embeddable":true,"href":"https:\/\/www.gigapa.com\/pt\/wp-json\/wp\/v2\/media\/1953"}],"wp:attachment":[{"href":"https:\/\/www.gigapa.com\/pt\/wp-json\/wp\/v2\/media?parent=1982"}],"wp:term":[{"taxonomy":"product_brand","embeddable":true,"href":"https:\/\/www.gigapa.com\/pt\/wp-json\/wp\/v2\/product_brand?post=1982"},{"taxonomy":"product_cat","embeddable":true,"href":"https:\/\/www.gigapa.com\/pt\/wp-json\/wp\/v2\/product_cat?post=1982"},{"taxonomy":"product_tag","embeddable":true,"href":"https:\/\/www.gigapa.com\/pt\/wp-json\/wp\/v2\/product_tag?post=1982"}],"curies":[{"name":"wp","href":"https:\/\/api.w.org\/{rel}","templated":true}]}}