{"id":1984,"date":"2025-06-19T09:22:04","date_gmt":"2025-06-19T01:22:04","guid":{"rendered":"https:\/\/www.gigapa.com\/?post_type=product&#038;p=1984"},"modified":"2025-10-13T09:15:17","modified_gmt":"2025-10-13T01:15:17","slug":"heavy-duty-twin-shaft-shredder","status":"publish","type":"product","link":"https:\/\/www.gigapa.com\/pt\/produto\/heavy-duty-twin-shaft-shredder\/","title":{"rendered":"Triturador de eixo duplo para trabalhos pesados"},"content":{"rendered":"<p data-start=\"243\" data-end=\"712\" data-immersive-translate-walked=\"f13ecb9b-f395-4d73-8ba2-14988f63f557\" data-immersive-translate-paragraph=\"1\">A redu\u00e7\u00e3o eficiente e fi\u00e1vel dos res\u00edduos \u00e9 um aspeto cr\u00edtico das opera\u00e7\u00f5es industriais modernas. O triturador de veio duplo para trabalhos pesados foi concebido para enfrentar as tarefas de tritura\u00e7\u00e3o mais exigentes numa vasta gama de ind\u00fastrias. Quer se trate de res\u00edduos volumosos, detritos de constru\u00e7\u00e3o, tambores de metal, borracha, madeira, res\u00edduos electr\u00f3nicos ou mesmo materiais perigosos, esta trituradora de veio duplo foi concebida para proporcionar um bin\u00e1rio elevado, baixa velocidade e um desempenho potente, dia ap\u00f3s dia.<\/p>\n<p data-start=\"714\" data-end=\"1053\" data-immersive-translate-walked=\"f13ecb9b-f395-4d73-8ba2-14988f63f557\" data-immersive-translate-paragraph=\"1\">Constru\u00eddo para um funcionamento cont\u00ednuo e em grande escala, este robusto sistema de tritura\u00e7\u00e3o transforma materiais complexos e de grandes dimens\u00f5es em pe\u00e7as ger\u00edveis e uniformes, adequadas para reciclagem, incinera\u00e7\u00e3o ou elimina\u00e7\u00e3o. Se as suas instala\u00e7\u00f5es requerem um processamento de res\u00edduos de elevada capacidade com um tempo de inatividade m\u00ednimo, o triturador de veio duplo para trabalhos pesados \u00e9 a solu\u00e7\u00e3o perfeita.<\/p>\n<h3 data-start=\"1060\" data-end=\"1108\" data-immersive-translate-walked=\"f13ecb9b-f395-4d73-8ba2-14988f63f557\">O que \u00e9 um triturador de eixo duplo para trabalhos pesados?<\/h3>\n<p data-start=\"1110\" data-end=\"1508\" data-immersive-translate-walked=\"f13ecb9b-f395-4d73-8ba2-14988f63f557\" data-immersive-translate-paragraph=\"1\">Um triturador de veio duplo \u00e9 uma m\u00e1quina de n\u00edvel industrial que utiliza dois veios paralelos equipados com l\u00e2minas em contra-rota\u00e7\u00e3o. Estas l\u00e2minas agarram, rasgam e cortam os materiais em peda\u00e7os mais pequenos utilizando o bin\u00e1rio em vez do corte a alta velocidade. Ao contr\u00e1rio dos trituradores de eixo \u00fanico, os sistemas de eixo duplo s\u00e3o ideais para a tritura\u00e7\u00e3o grosseira de materiais demasiado grandes, duros ou contaminados para processadores mais finos.<\/p>\n<p data-start=\"1510\" data-end=\"1711\" data-immersive-translate-walked=\"f13ecb9b-f395-4d73-8ba2-14988f63f557\" data-immersive-translate-paragraph=\"1\">Este modelo espec\u00edfico para trabalhos pesados \u00e9 constru\u00eddo com uma caixa de a\u00e7o refor\u00e7ado, cortadores de liga endurecida e um sistema de controlo inteligente, tornando-o adequado para as aplica\u00e7\u00f5es mais agressivas.<\/p>\n<h3 data-start=\"1718\" data-end=\"1776\" data-immersive-translate-walked=\"f13ecb9b-f395-4d73-8ba2-14988f63f557\">Principais carater\u00edsticas do triturador de eixo duplo para trabalhos pesados<\/h3>\n<p data-start=\"1778\" data-end=\"1821\" data-immersive-translate-walked=\"f13ecb9b-f395-4d73-8ba2-14988f63f557\" data-immersive-translate-paragraph=\"1\"><strong>Funcionamento a alto bin\u00e1rio e baixa velocidade<\/strong><\/p>\n<p data-start=\"1822\" data-end=\"2044\" data-immersive-translate-walked=\"f13ecb9b-f395-4d73-8ba2-14988f63f557\" data-immersive-translate-paragraph=\"1\">O triturador funciona a baixas velocidades de rota\u00e7\u00e3o, mas proporciona um bin\u00e1rio elevado. Este design assegura a efici\u00eancia energ\u00e9tica, um funcionamento silencioso e uma produ\u00e7\u00e3o reduzida de poeiras e calor - ao mesmo tempo que rasga facilmente res\u00edduos duros ou volumosos.<\/p>\n<p data-start=\"2046\" data-end=\"2094\" data-immersive-translate-walked=\"f13ecb9b-f395-4d73-8ba2-14988f63f557\" data-immersive-translate-paragraph=\"1\"><strong>Constru\u00e7\u00e3o robusta para utiliza\u00e7\u00e3o a longo prazo<\/strong><\/p>\n<p data-start=\"2095\" data-end=\"2279\" data-immersive-translate-walked=\"f13ecb9b-f395-4d73-8ba2-14988f63f557\" data-immersive-translate-paragraph=\"1\">Toda a estrutura \u00e9 feita de a\u00e7o soldado para trabalhos pesados, refor\u00e7ada com almofadas anti-vibra\u00e7\u00e3o e pain\u00e9is de prote\u00e7\u00e3o. Foi concebida para resistir \u00e0 deforma\u00e7\u00e3o e ao desgaste em ambientes de elevada tens\u00e3o.<\/p>\n<p data-start=\"2281\" data-end=\"2322\" data-immersive-translate-walked=\"f13ecb9b-f395-4d73-8ba2-14988f63f557\" data-immersive-translate-paragraph=\"1\"><strong>L\u00e2minas de corte resistentes ao desgaste<\/strong><\/p>\n<p data-start=\"2323\" data-end=\"2535\" data-immersive-translate-walked=\"f13ecb9b-f395-4d73-8ba2-14988f63f557\" data-immersive-translate-paragraph=\"1\">Cada veio \u00e9 revestido com fresas substitu\u00edveis de a\u00e7o-liga de alta qualidade, tratadas termicamente para resist\u00eancia ao desgaste e longa vida \u00fatil. Est\u00e3o dispon\u00edveis diferentes configura\u00e7\u00f5es de fresas, consoante o tipo de material.<\/p>\n<p data-start=\"2537\" data-end=\"2574\" data-immersive-translate-walked=\"f13ecb9b-f395-4d73-8ba2-14988f63f557\" data-immersive-translate-paragraph=\"1\"><strong>Sistema de controlo inteligente (PLC)<\/strong><\/p>\n<p data-start=\"2575\" data-end=\"2794\" data-immersive-translate-walked=\"f13ecb9b-f395-4d73-8ba2-14988f63f557\" data-immersive-translate-paragraph=\"1\">Um sistema de controlo PLC integrado permite o arranque\/paragem autom\u00e1tico, a rota\u00e7\u00e3o inversa em caso de sobrecarga e a funcionalidade de paragem de emerg\u00eancia. O sistema tamb\u00e9m monitoriza o bin\u00e1rio da l\u00e2mina, a velocidade e a temperatura do motor em tempo real.<\/p>\n<p data-start=\"2796\" data-end=\"2841\" data-immersive-translate-walked=\"f13ecb9b-f395-4d73-8ba2-14988f63f557\" data-immersive-translate-paragraph=\"1\"><strong>Dimensionamento e rendimento personaliz\u00e1veis<\/strong><\/p>\n<p data-start=\"2842\" data-end=\"2989\" data-immersive-translate-walked=\"f13ecb9b-f395-4d73-8ba2-14988f63f557\" data-immersive-translate-paragraph=\"1\">Dependendo dos seus requisitos de capacidade de tritura\u00e7\u00e3o, a m\u00e1quina pode ser personalizada em termos de pot\u00eancia do motor, comprimento do eixo, espessura do cortador e tamanho da c\u00e2mara.<\/p>\n<p data-start=\"2991\" data-end=\"3025\" data-immersive-translate-walked=\"f13ecb9b-f395-4d73-8ba2-14988f63f557\" data-immersive-translate-paragraph=\"1\"><strong>Prote\u00e7\u00e3o Auto-Reverso<\/strong><\/p>\n<p data-start=\"3026\" data-end=\"3198\" data-immersive-translate-walked=\"f13ecb9b-f395-4d73-8ba2-14988f63f557\" data-immersive-translate-paragraph=\"1\">Para evitar o encravamento, o triturador inverte automaticamente a dire\u00e7\u00e3o do veio quando detecta um bloqueio de material e retoma o funcionamento normal assim que o material \u00e9 removido.<\/p>\n<h3 data-start=\"3205\" data-end=\"3262\" data-immersive-translate-walked=\"f13ecb9b-f395-4d73-8ba2-14988f63f557\">Vantagens da utiliza\u00e7\u00e3o de um triturador de veio duplo para trabalhos pesados<\/h3>\n<p data-start=\"3264\" data-end=\"3303\" data-immersive-translate-walked=\"f13ecb9b-f395-4d73-8ba2-14988f63f557\" data-immersive-translate-paragraph=\"1\"><strong>1. Versatilidade em todos os materiais<\/strong><\/p>\n<p data-start=\"3304\" data-end=\"3513\" data-immersive-translate-walked=\"f13ecb9b-f395-4d73-8ba2-14988f63f557\" data-immersive-translate-paragraph=\"1\">Desde barris de pl\u00e1stico a pneus de autom\u00f3veis, sucata de alum\u00ednio e at\u00e9 mesmo res\u00edduos electr\u00f3nicos, este triturador pode lidar com um amplo espetro de materiais dif\u00edceis de processar. \u00c9 uma solu\u00e7\u00e3o tudo-em-um para fluxos de res\u00edduos complexos.<\/p>\n<p data-start=\"3515\" data-end=\"3558\" data-immersive-translate-walked=\"f13ecb9b-f395-4d73-8ba2-14988f63f557\" data-immersive-translate-paragraph=\"1\"><strong>2. Aumento da efici\u00eancia operacional<\/strong><\/p>\n<p data-start=\"3559\" data-end=\"3750\" data-immersive-translate-walked=\"f13ecb9b-f395-4d73-8ba2-14988f63f557\" data-immersive-translate-paragraph=\"1\">A grande capacidade e a capacidade de alimenta\u00e7\u00e3o cont\u00ednua ajudam a aumentar a produtividade geral. Com o m\u00ednimo de supervis\u00e3o necess\u00e1ria, os operadores podem concentrar-se noutras tarefas enquanto a destruidora funciona em segundo plano.<\/p>\n<p data-start=\"3752\" data-end=\"3793\" data-immersive-translate-walked=\"f13ecb9b-f395-4d73-8ba2-14988f63f557\" data-immersive-translate-paragraph=\"1\"><strong>3. Melhoria da seguran\u00e7a e da conformidade<\/strong><\/p>\n<p data-start=\"3794\" data-end=\"3972\" data-immersive-translate-walked=\"f13ecb9b-f395-4d73-8ba2-14988f63f557\" data-immersive-translate-paragraph=\"1\">Ao reduzir o tamanho dos res\u00edduos, a m\u00e1quina ajuda a garantir a conformidade com os regulamentos locais e internacionais de processamento de res\u00edduos, ao mesmo tempo que minimiza os perigos de inc\u00eandio e os riscos de contamina\u00e7\u00e3o.<\/p>\n<p data-start=\"3974\" data-end=\"4025\" data-immersive-translate-walked=\"f13ecb9b-f395-4d73-8ba2-14988f63f557\" data-immersive-translate-paragraph=\"1\"><strong>4. Apoio \u00e0 reciclagem e \u00e0 valoriza\u00e7\u00e3o de res\u00edduos<\/strong><\/p>\n<p data-start=\"4026\" data-end=\"4218\" data-immersive-translate-walked=\"f13ecb9b-f395-4d73-8ba2-14988f63f557\" data-immersive-translate-paragraph=\"1\">A produ\u00e7\u00e3o triturada \u00e9 perfeita para processamento posterior, quer se trate de triagem, incinera\u00e7\u00e3o ou reciclagem direta - ajudando as empresas a minimizar a utiliza\u00e7\u00e3o de aterros e a recuperar materiais secund\u00e1rios valiosos.<\/p>\n<p data-start=\"4220\" data-end=\"4254\" data-immersive-translate-walked=\"f13ecb9b-f395-4d73-8ba2-14988f63f557\" data-immersive-translate-paragraph=\"1\"><strong>5. Custos de manuten\u00e7\u00e3o mais baixos<\/strong><\/p>\n<p data-start=\"4255\" data-end=\"4414\" data-immersive-translate-walked=\"f13ecb9b-f395-4d73-8ba2-14988f63f557\" data-immersive-translate-paragraph=\"1\">Gra\u00e7as \u00e0 sua constru\u00e7\u00e3o robusta e \u00e0 prote\u00e7\u00e3o autom\u00e1tica contra sobrecargas, o tempo de inatividade \u00e9 minimizado. O design modular das pe\u00e7as tamb\u00e9m permite a substitui\u00e7\u00e3o r\u00e1pida dos componentes de desgaste.<\/p>\n<h3 data-start=\"4421\" data-end=\"4467\" data-immersive-translate-walked=\"f13ecb9b-f395-4d73-8ba2-14988f63f557\">Aplica\u00e7\u00f5es t\u00edpicas e tipos de materiais<\/h3>\n<p data-start=\"4469\" data-end=\"4551\" data-immersive-translate-walked=\"f13ecb9b-f395-4d73-8ba2-14988f63f557\" data-immersive-translate-paragraph=\"1\">O triturador de eixo duplo para servi\u00e7o pesado \u00e9 amplamente utilizado nas seguintes ind\u00fastrias:<\/p>\n<ul>\n<li data-start=\"4555\" data-end=\"4635\" data-immersive-translate-walked=\"f13ecb9b-f395-4d73-8ba2-14988f63f557\" data-immersive-translate-paragraph=\"1\">Processamento de res\u00edduos urbanos - Lixo dom\u00e9stico, res\u00edduos org\u00e2nicos, objectos volumosos<\/li>\n<li data-start=\"4638\" data-end=\"4712\" data-immersive-translate-walked=\"f13ecb9b-f395-4d73-8ba2-14988f63f557\" data-immersive-translate-paragraph=\"1\">Constru\u00e7\u00e3o e Demoli\u00e7\u00e3o - Madeira, peda\u00e7os de bet\u00e3o, placas de isolamento<\/li>\n<li data-start=\"4715\" data-end=\"4789\" data-immersive-translate-walked=\"f13ecb9b-f395-4d73-8ba2-14988f63f557\" data-immersive-translate-paragraph=\"1\">Reciclagem de sucata met\u00e1lica - Folhas de alum\u00ednio, tambores de a\u00e7o, aparas de metal<\/li>\n<li data-start=\"4792\" data-end=\"4856\" data-immersive-translate-walked=\"f13ecb9b-f395-4d73-8ba2-14988f63f557\" data-immersive-translate-paragraph=\"1\">Ind\u00fastria de pl\u00e1sticos - Recipientes de pl\u00e1stico, tubos, pe\u00e7as moldadas<\/li>\n<li data-start=\"4859\" data-end=\"4922\" data-immersive-translate-walked=\"f13ecb9b-f395-4d73-8ba2-14988f63f557\" data-immersive-translate-paragraph=\"1\">Borracha e pneus - Pneus para autom\u00f3veis, correias transportadoras, folhas de borracha<\/li>\n<li data-start=\"4925\" data-end=\"4992\" data-immersive-translate-walked=\"f13ecb9b-f395-4d73-8ba2-14988f63f557\" data-immersive-translate-paragraph=\"1\">Gest\u00e3o de res\u00edduos electr\u00f3nicos - Placas de circuitos, cabos, pequenos aparelhos<\/li>\n<li data-start=\"4995\" data-end=\"5065\" data-immersive-translate-walked=\"f13ecb9b-f395-4d73-8ba2-14988f63f557\" data-immersive-translate-paragraph=\"1\">Retalhamento de t\u00eaxteis e tecidos - Res\u00edduos de vestu\u00e1rio, t\u00eaxteis industriais<\/li>\n<li data-start=\"5068\" data-end=\"5135\" data-immersive-translate-walked=\"f13ecb9b-f395-4d73-8ba2-14988f63f557\" data-immersive-translate-paragraph=\"1\">Res\u00edduos agr\u00edcolas - Biomassa, cascas de coco, res\u00edduos de cana-de-a\u00e7\u00facar<\/li>\n<\/ul>\n<p data-start=\"5137\" data-end=\"5236\" data-immersive-translate-walked=\"f13ecb9b-f395-4d73-8ba2-14988f63f557\" data-immersive-translate-paragraph=\"1\">Seja qual for o seu sector, se o seu material for duro, emaranhado ou de grandes dimens\u00f5es, esta m\u00e1quina consegue lidar com ele.<\/p>\n<h3 data-start=\"5243\" data-end=\"5271\" data-immersive-translate-walked=\"f13ecb9b-f395-4d73-8ba2-14988f63f557\">Op\u00e7\u00f5es de personaliza\u00e7\u00e3o<\/h3>\n<p data-start=\"5273\" data-end=\"5369\" data-immersive-translate-walked=\"f13ecb9b-f395-4d73-8ba2-14988f63f557\" data-immersive-translate-paragraph=\"1\">Compreendemos que cada aplica\u00e7\u00e3o \u00e9 diferente. \u00c9 por isso que oferecemos v\u00e1rias funcionalidades personalizadas:<\/p>\n<ul>\n<li data-start=\"5373\" data-end=\"5411\" data-immersive-translate-walked=\"f13ecb9b-f395-4d73-8ba2-14988f63f557\" data-immersive-translate-paragraph=\"1\">Op\u00e7\u00f5es de pot\u00eancia do motor (30kW a 200kW+)<\/li>\n<li data-start=\"5414\" data-end=\"5463\" data-immersive-translate-walked=\"f13ecb9b-f395-4d73-8ba2-14988f63f557\" data-immersive-translate-paragraph=\"1\">Espessura do cortador (15mm-100mm) e tipo de material<\/li>\n<li data-start=\"5466\" data-end=\"5512\" data-immersive-translate-walked=\"f13ecb9b-f395-4d73-8ba2-14988f63f557\" data-immersive-translate-paragraph=\"1\">Dimens\u00f5es da c\u00e2mara adaptadas ao tamanho do material<\/li>\n<li data-start=\"5515\" data-end=\"5544\" data-immersive-translate-walked=\"f13ecb9b-f395-4d73-8ba2-14988f63f557\" data-immersive-translate-paragraph=\"1\">Integra\u00e7\u00e3o do transportador de sa\u00edda<\/li>\n<li data-start=\"5547\" data-end=\"5574\" data-immersive-translate-walked=\"f13ecb9b-f395-4d73-8ba2-14988f63f557\" data-immersive-translate-paragraph=\"1\">Interface de recolha de poeiras<\/li>\n<li data-start=\"5577\" data-end=\"5624\" data-immersive-translate-walked=\"f13ecb9b-f395-4d73-8ba2-14988f63f557\" data-immersive-translate-paragraph=\"1\">Monitoriza\u00e7\u00e3o remota e sistemas de alerta automatizados<\/li>\n<\/ul>\n<p data-start=\"5626\" data-end=\"5738\" data-immersive-translate-walked=\"f13ecb9b-f395-4d73-8ba2-14988f63f557\" data-immersive-translate-paragraph=\"1\">Os nossos engenheiros trabalham consigo para criar a configura\u00e7\u00e3o certa para o seu tipo de res\u00edduos, volume e objectivos de processamento.<\/p>\n<hr data-start=\"5740\" data-end=\"5743\" data-immersive-translate-walked=\"f13ecb9b-f395-4d73-8ba2-14988f63f557\" \/>\n<h3 data-start=\"5745\" data-end=\"5788\" data-immersive-translate-walked=\"f13ecb9b-f395-4d73-8ba2-14988f63f557\">Certifica\u00e7\u00f5es e garantia de qualidade<\/h3>\n<p data-start=\"5790\" data-end=\"5855\" data-immersive-translate-walked=\"f13ecb9b-f395-4d73-8ba2-14988f63f557\" data-immersive-translate-paragraph=\"1\">As nossas m\u00e1quinas s\u00e3o constru\u00eddas de acordo com normas internacionais rigorosas:<\/p>\n<ul>\n<li data-start=\"5859\" data-end=\"5873\" data-immersive-translate-walked=\"f13ecb9b-f395-4d73-8ba2-14988f63f557\" data-immersive-translate-paragraph=\"1\">Certificado CE<\/li>\n<li data-start=\"5876\" data-end=\"5896\" data-immersive-translate-walked=\"f13ecb9b-f395-4d73-8ba2-14988f63f557\" data-immersive-translate-paragraph=\"1\">Conformidade com a norma ISO 9001<\/li>\n<li data-start=\"5899\" data-end=\"5931\" data-immersive-translate-walked=\"f13ecb9b-f395-4d73-8ba2-14988f63f557\" data-immersive-translate-paragraph=\"1\">Testado na f\u00e1brica antes do envio<\/li>\n<li data-start=\"5934\" data-end=\"5979\" data-immersive-translate-walked=\"f13ecb9b-f395-4d73-8ba2-14988f63f557\" data-immersive-translate-paragraph=\"1\">Inclui relat\u00f3rios de inspe\u00e7\u00e3o e v\u00eddeos de testes<\/li>\n<\/ul>\n<p data-start=\"5981\" data-end=\"6105\" data-immersive-translate-walked=\"f13ecb9b-f395-4d73-8ba2-14988f63f557\" data-immersive-translate-paragraph=\"1\">Utilizamos apenas componentes de qualidade industrial de marcas globais de confian\u00e7a (Siemens, SKF, etc.) para garantir fiabilidade e desempenho.<\/p>\n<h3 data-start=\"6112\" data-end=\"6160\" data-immersive-translate-walked=\"f13ecb9b-f395-4d73-8ba2-14988f63f557\">Servi\u00e7o p\u00f3s-venda e assist\u00eancia t\u00e9cnica<\/h3>\n<p data-start=\"6162\" data-end=\"6220\" data-immersive-translate-walked=\"f13ecb9b-f395-4d73-8ba2-14988f63f557\" data-immersive-translate-paragraph=\"1\">O seu investimento est\u00e1 protegido pelo nosso s\u00f3lido sistema de apoio:<\/p>\n<ul>\n<li data-start=\"6224\" data-end=\"6280\" data-immersive-translate-walked=\"f13ecb9b-f395-4d73-8ba2-14988f63f557\" data-immersive-translate-paragraph=\"1\">Orienta\u00e7\u00e3o profissional para a instala\u00e7\u00e3o (no local ou \u00e0 dist\u00e2ncia)<\/li>\n<li data-start=\"6283\" data-end=\"6331\" data-immersive-translate-walked=\"f13ecb9b-f395-4d73-8ba2-14988f63f557\" data-immersive-translate-paragraph=\"1\">Instru\u00e7\u00f5es de forma\u00e7\u00e3o e manuten\u00e7\u00e3o do operador<\/li>\n<li data-start=\"6334\" data-end=\"6378\" data-immersive-translate-walked=\"f13ecb9b-f395-4d73-8ba2-14988f63f557\" data-immersive-translate-paragraph=\"1\">Disponibilidade de pe\u00e7as sobresselentes e entrega r\u00e1pida<\/li>\n<li data-start=\"6381\" data-end=\"6435\" data-immersive-translate-walked=\"f13ecb9b-f395-4d73-8ba2-14988f63f557\" data-immersive-translate-paragraph=\"1\">Linha de apoio ao cliente 24\/7 e resolu\u00e7\u00e3o de problemas por v\u00eddeo<\/li>\n<li data-start=\"6438\" data-end=\"6490\" data-immersive-translate-walked=\"f13ecb9b-f395-4d73-8ba2-14988f63f557\" data-immersive-translate-paragraph=\"1\">Contratos de servi\u00e7o a longo prazo para clientes industriais<\/li>\n<\/ul>\n<h3 data-start=\"6497\" data-end=\"6514\" data-immersive-translate-walked=\"f13ecb9b-f395-4d73-8ba2-14988f63f557\">Conclus\u00e3o<\/h3>\n<p data-start=\"6516\" data-end=\"6837\" data-immersive-translate-walked=\"f13ecb9b-f395-4d73-8ba2-14988f63f557\" data-immersive-translate-paragraph=\"1\">O triturador de veio duplo para trabalhos pesados n\u00e3o \u00e9 apenas mais um triturador industrial - \u00e9 um parceiro fi\u00e1vel na redu\u00e7\u00e3o de res\u00edduos, recupera\u00e7\u00e3o de recursos e responsabilidade ambiental. A sua constru\u00e7\u00e3o potente, carater\u00edsticas de automatiza\u00e7\u00e3o e versatilidade de aplica\u00e7\u00e3o tornam-na ideal para empresas que lidam com res\u00edduos grandes ou dif\u00edceis.<\/p>\n<p data-start=\"6839\" data-end=\"7010\" data-immersive-translate-walked=\"f13ecb9b-f395-4d73-8ba2-14988f63f557\" data-immersive-translate-paragraph=\"1\">Quer esteja a operar uma instala\u00e7\u00e3o de res\u00edduos urbanos, uma f\u00e1brica de reciclagem ou uma linha de produ\u00e7\u00e3o, este triturador fornece a for\u00e7a e a intelig\u00eancia de que a sua opera\u00e7\u00e3o necessita.<\/p>","protected":false},"excerpt":{"rendered":"<p>A trituradora de eixo duplo para trabalhos pesados foi concebida para aplica\u00e7\u00f5es industriais extremas, com motores duplos de 30-200 kW que processam sem esfor\u00e7o metais, pneus e res\u00edduos electr\u00f3nicos com um rendimento de 50-100 T\/hora. As suas l\u00e2minas de a\u00e7o endurecido oferecem uma vida \u00fatil 3x mais longa do que as trituradoras normais, enquanto os tamanhos de ecr\u00e3 personaliz\u00e1veis garantem uma classifica\u00e7\u00e3o precisa da produ\u00e7\u00e3o. O sistema inclui prote\u00e7\u00e3o contra sobrecarga, invers\u00e3o autom\u00e1tica e alertas de lubrifica\u00e7\u00e3o para um funcionamento ininterrupto. Perfeita para f\u00e1bricas de reciclagem de metais, instala\u00e7\u00f5es de processamento de pneus e linhas de desmantelamento de res\u00edduos electr\u00f3nicos, esta m\u00e1quina com certifica\u00e7\u00e3o CE e ISO oferece a m\u00e1xima durabilidade com o m\u00ednimo de manuten\u00e7\u00e3o.<\/p>","protected":false},"featured_media":2147,"template":"","meta":{"site-sidebar-layout":"default","site-content-layout":"","ast-site-content-layout":"default","site-content-style":"default","site-sidebar-style":"default","ast-global-header-display":"","ast-banner-title-visibility":"","ast-main-header-display":"","ast-hfb-above-header-display":"","ast-hfb-below-header-display":"","ast-hfb-mobile-header-display":"","site-post-title":"","ast-breadcrumbs-content":"","ast-featured-img":"","footer-sml-layout":"","theme-transparent-header-meta":"default","adv-header-id-meta":"","stick-header-meta":"","header-above-stick-meta":"","header-main-stick-meta":"","header-below-stick-meta":"","astra-migrate-meta-layouts":"set","ast-page-background-enabled":"default","ast-page-background-meta":{"desktop":{"background-color":"var(--ast-global-color-5)","background-image":"","background-repeat":"repeat","background-position":"center center","background-size":"auto","background-attachment":"scroll","background-type":"","background-media":"","overlay-type":"","overlay-color":"","overlay-opacity":"","overlay-gradient":""},"tablet":{"background-color":"","background-image":"","background-repeat":"repeat","background-position":"center center","background-size":"auto","background-attachment":"scroll","background-type":"","background-media":"","overlay-type":"","overlay-color":"","overlay-opacity":"","overlay-gradient":""},"mobile":{"background-color":"","background-image":"","background-repeat":"repeat","background-position":"center center","background-size":"auto","background-attachment":"scroll","background-type":"","background-media":"","overlay-type":"","overlay-color":"","overlay-opacity":"","overlay-gradient":""}},"ast-content-background-meta":{"desktop":{"background-color":"var(--ast-global-color-4)","background-image":"","background-repeat":"repeat","background-position":"center center","background-size":"auto","background-attachment":"scroll","background-type":"","background-media":"","overlay-type":"","overlay-color":"","overlay-opacity":"","overlay-gradient":""},"tablet":{"background-color":"var(--ast-global-color-4)","background-image":"","background-repeat":"repeat","background-position":"center center","background-size":"auto","background-attachment":"scroll","background-type":"","background-media":"","overlay-type":"","overlay-color":"","overlay-opacity":"","overlay-gradient":""},"mobile":{"background-color":"var(--ast-global-color-4)","background-image":"","background-repeat":"repeat","background-position":"center center","background-size":"auto","background-attachment":"scroll","background-type":"","background-media":"","overlay-type":"","overlay-color":"","overlay-opacity":"","overlay-gradient":""}}},"product_brand":[],"product_cat":[20,149],"product_tag":[],"class_list":{"0":"post-1984","1":"product","2":"type-product","3":"status-publish","4":"has-post-thumbnail","6":"product_cat-shredding-and-crushing-machine","7":"product_cat-double-shaft-shredder","8":"desktop-align-left","9":"tablet-align-left","10":"mobile-align-left","12":"first","13":"instock","14":"shipping-taxable","15":"product-type-simple"},"_links":{"self":[{"href":"https:\/\/www.gigapa.com\/pt\/wp-json\/wp\/v2\/product\/1984","targetHints":{"allow":["GET"]}}],"collection":[{"href":"https:\/\/www.gigapa.com\/pt\/wp-json\/wp\/v2\/product"}],"about":[{"href":"https:\/\/www.gigapa.com\/pt\/wp-json\/wp\/v2\/types\/product"}],"version-history":[{"count":3,"href":"https:\/\/www.gigapa.com\/pt\/wp-json\/wp\/v2\/product\/1984\/revisions"}],"predecessor-version":[{"id":2148,"href":"https:\/\/www.gigapa.com\/pt\/wp-json\/wp\/v2\/product\/1984\/revisions\/2148"}],"wp:featuredmedia":[{"embeddable":true,"href":"https:\/\/www.gigapa.com\/pt\/wp-json\/wp\/v2\/media\/2147"}],"wp:attachment":[{"href":"https:\/\/www.gigapa.com\/pt\/wp-json\/wp\/v2\/media?parent=1984"}],"wp:term":[{"taxonomy":"product_brand","embeddable":true,"href":"https:\/\/www.gigapa.com\/pt\/wp-json\/wp\/v2\/product_brand?post=1984"},{"taxonomy":"product_cat","embeddable":true,"href":"https:\/\/www.gigapa.com\/pt\/wp-json\/wp\/v2\/product_cat?post=1984"},{"taxonomy":"product_tag","embeddable":true,"href":"https:\/\/www.gigapa.com\/pt\/wp-json\/wp\/v2\/product_tag?post=1984"}],"curies":[{"name":"wp","href":"https:\/\/api.w.org\/{rel}","templated":true}]}}