{"id":1986,"date":"2025-06-19T09:01:21","date_gmt":"2025-06-19T01:01:21","guid":{"rendered":"https:\/\/www.gigapa.com\/?post_type=product&#038;p=1986"},"modified":"2025-10-13T09:15:24","modified_gmt":"2025-10-13T01:15:24","slug":"fully-automatic-horizontal-baler-pp-pet-strap","status":"publish","type":"product","link":"https:\/\/www.gigapa.com\/pt\/produto\/fully-automatic-horizontal-baler-pp-pet-strap\/","title":{"rendered":"Enfardadeira horizontal totalmente autom\u00e1tica - (cinta PP\/PET)"},"content":{"rendered":"<p data-start=\"256\" data-end=\"739\" data-immersive-translate-walked=\"e6b01ccc-ff44-428b-9be7-c36321e56974\" data-immersive-translate-paragraph=\"1\">Nos ambientes industriais modernos, a gest\u00e3o eficiente de res\u00edduos j\u00e1 n\u00e3o \u00e9 opcional - \u00e9 essencial. A enfardadeira horizontal totalmente autom\u00e1tica (cinta PP\/PET) foi concebida para satisfazer as exig\u00eancias de opera\u00e7\u00f5es de grande volume que requerem solu\u00e7\u00f5es de enfardamento consistentes, fi\u00e1veis e r\u00e1pidas. Quer esteja a gerir papel recicl\u00e1vel, cart\u00e3o, pel\u00edcula de pl\u00e1stico, restos de t\u00eaxteis ou outros materiais compress\u00edveis, esta enfardadeira proporciona automa\u00e7\u00e3o, precis\u00e3o e produtividade, tudo num sistema simplificado.<\/p>\n<p data-start=\"741\" data-end=\"1089\" data-immersive-translate-walked=\"e6b01ccc-ff44-428b-9be7-c36321e56974\" data-immersive-translate-paragraph=\"1\">Constru\u00edda para funcionamento cont\u00ednuo, esta m\u00e1quina est\u00e1 equipada com alimenta\u00e7\u00e3o autom\u00e1tica, compress\u00e3o, cintagem e eje\u00e7\u00e3o de fardos - reduzindo a necessidade de interven\u00e7\u00e3o manual e aumentando o rendimento e a efici\u00eancia operacional. Combinada com um sistema de cintagem PP\/PET, produz fardos compactos e firmemente atados que s\u00e3o f\u00e1ceis de empilhar, armazenar e transportar.<\/p>\n<h3 data-start=\"1096\" data-end=\"1164\" data-immersive-translate-walked=\"e6b01ccc-ff44-428b-9be7-c36321e56974\">O que \u00e9 uma enfardadeira horizontal totalmente autom\u00e1tica com cinta de PP\/PET?<\/h3>\n<p data-start=\"1166\" data-end=\"1519\" data-immersive-translate-walked=\"e6b01ccc-ff44-428b-9be7-c36321e56974\" data-immersive-translate-paragraph=\"1\">Uma enfardadeira horizontal totalmente autom\u00e1tica \u00e9 uma m\u00e1quina industrial robusta que automatiza o processo de compacta\u00e7\u00e3o de res\u00edduos soltos em fardos densos e uniformes. Ao contr\u00e1rio das enfardadeiras verticais que requerem carregamento manual e cintagem, as enfardadeiras horizontais funcionam continuamente e s\u00e3o mais adequadas para centros de reciclagem de grande escala, f\u00e1bricas e centros de log\u00edstica.<\/p>\n<p data-start=\"1521\" data-end=\"1840\" data-immersive-translate-walked=\"e6b01ccc-ff44-428b-9be7-c36321e56974\" data-immersive-translate-paragraph=\"1\">A integra\u00e7\u00e3o de um sistema de cintas PP\/PET permite o atamento autom\u00e1tico de fardos utilizando materiais de cintagem de pl\u00e1stico duradouros. Estas cintas oferecem uma excelente resist\u00eancia \u00e0 tra\u00e7\u00e3o, resist\u00eancia \u00e0s intemp\u00e9ries e seguran\u00e7a em compara\u00e7\u00e3o com os fios met\u00e1licos tradicionais. O resultado \u00e9 um processo de enfardamento r\u00e1pido, eficiente e seguro do in\u00edcio ao fim.<\/p>\n<h3 data-start=\"1847\" data-end=\"1906\" data-immersive-translate-walked=\"e6b01ccc-ff44-428b-9be7-c36321e56974\">Principais carater\u00edsticas da enfardadeira horizontal totalmente autom\u00e1tica<\/h3>\n<p data-start=\"1908\" data-end=\"1949\" data-immersive-translate-walked=\"e6b01ccc-ff44-428b-9be7-c36321e56974\" data-immersive-translate-paragraph=\"1\"><strong>Alimenta\u00e7\u00e3o e compress\u00e3o autom\u00e1ticas<\/strong><\/p>\n<p data-start=\"1950\" data-end=\"2109\" data-immersive-translate-walked=\"e6b01ccc-ff44-428b-9be7-c36321e56974\" data-immersive-translate-paragraph=\"1\">O sistema possui um transportador de alimenta\u00e7\u00e3o totalmente automatizado e um ciclo de compacta\u00e7\u00e3o hidr\u00e1ulico, assegurando uma entrada cont\u00ednua de material sem paragens para ajustes manuais.<\/p>\n<p data-start=\"2111\" data-end=\"2144\" data-immersive-translate-walked=\"e6b01ccc-ff44-428b-9be7-c36321e56974\" data-immersive-translate-paragraph=\"1\"><strong>Sistema de cintagem PP\/PET<\/strong><\/p>\n<p data-start=\"2145\" data-end=\"2328\" data-immersive-translate-walked=\"e6b01ccc-ff44-428b-9be7-c36321e56974\" data-immersive-translate-paragraph=\"1\">Utilizando cintas de pl\u00e1stico - polipropileno (PP) ou politereftalato de etileno (PET) - a m\u00e1quina amarra cada fardo com cintas fortes e resistentes \u00e0s intemp\u00e9ries, que s\u00e3o seguras e ecol\u00f3gicas.<\/p>\n<p data-start=\"2330\" data-end=\"2363\" data-immersive-translate-walked=\"e6b01ccc-ff44-428b-9be7-c36321e56974\" data-immersive-translate-paragraph=\"1\"><strong>Controlo por ecr\u00e3 t\u00e1til PLC<\/strong><\/p>\n<p data-start=\"2364\" data-end=\"2542\" data-immersive-translate-walked=\"e6b01ccc-ff44-428b-9be7-c36321e56974\" data-immersive-translate-paragraph=\"1\">Um sistema de controlo inteligente com um ecr\u00e3 t\u00e1til PLC de f\u00e1cil utiliza\u00e7\u00e3o permite aos operadores ajustar as defini\u00e7\u00f5es, monitorizar as opera\u00e7\u00f5es e receber alertas para manuten\u00e7\u00e3o ou resolu\u00e7\u00e3o de problemas.<\/p>\n<p data-start=\"2544\" data-end=\"2581\" data-immersive-translate-walked=\"e6b01ccc-ff44-428b-9be7-c36321e56974\" data-immersive-translate-paragraph=\"1\"><strong>Sistema hidr\u00e1ulico para trabalhos pesados<\/strong><\/p>\n<p data-start=\"2582\" data-end=\"2737\" data-immersive-translate-walked=\"e6b01ccc-ff44-428b-9be7-c36321e56974\" data-immersive-translate-paragraph=\"1\">A enfardadeira \u00e9 acionada por uma unidade hidr\u00e1ulica de alta press\u00e3o que assegura uma compacta\u00e7\u00e3o poderosa, produzindo fardos de alta densidade ideais para armazenamento e transporte.<\/p>\n<p data-start=\"2739\" data-end=\"2774\" data-immersive-translate-walked=\"e6b01ccc-ff44-428b-9be7-c36321e56974\" data-immersive-translate-paragraph=\"1\"><strong>Funcionamento cont\u00ednuo 24\/7<\/strong><\/p>\n<p data-start=\"2775\" data-end=\"2911\" data-immersive-translate-walked=\"e6b01ccc-ff44-428b-9be7-c36321e56974\" data-immersive-translate-paragraph=\"1\">Concebida para ambientes exigentes, a enfardadeira suporta um funcionamento cont\u00ednuo, maximizando a produtividade e minimizando os custos de m\u00e3o de obra.<\/p>\n<p data-start=\"2913\" data-end=\"2944\" data-immersive-translate-walked=\"e6b01ccc-ff44-428b-9be7-c36321e56974\" data-immersive-translate-paragraph=\"1\"><strong>Tamanhos de fardos ajust\u00e1veis<\/strong><\/p>\n<p data-start=\"2945\" data-end=\"3084\" data-immersive-translate-walked=\"e6b01ccc-ff44-428b-9be7-c36321e56974\" data-immersive-translate-paragraph=\"1\">Dependendo do tipo de material e das necessidades log\u00edsticas, \u00e9 poss\u00edvel definir o comprimento e a densidade do fardo, permitindo um controlo total sobre a produ\u00e7\u00e3o de res\u00edduos.<\/p>\n<h3 data-start=\"3091\" data-end=\"3139\" data-immersive-translate-walked=\"e6b01ccc-ff44-428b-9be7-c36321e56974\">Porqu\u00ea escolher cintas de PP\/PET em vez de arame de a\u00e7o?<\/h3>\n<p data-start=\"3141\" data-end=\"3289\" data-immersive-translate-walked=\"e6b01ccc-ff44-428b-9be7-c36321e56974\" data-immersive-translate-paragraph=\"1\">Uma das carater\u00edsticas mais inovadoras desta enfardadeira \u00e9 a utiliza\u00e7\u00e3o de cintas de pl\u00e1stico PP ou PET. Em compara\u00e7\u00e3o com o tradicional fio de a\u00e7o, as cintas de pl\u00e1stico:<\/p>\n<ul>\n<li data-start=\"3293\" data-end=\"3329\" data-immersive-translate-walked=\"e6b01ccc-ff44-428b-9be7-c36321e56974\" data-immersive-translate-paragraph=\"1\">S\u00e3o mais seguros de manusear (sem arestas vivas)<\/li>\n<li data-start=\"3332\" data-end=\"3377\" data-immersive-translate-walked=\"e6b01ccc-ff44-428b-9be7-c36321e56974\" data-immersive-translate-paragraph=\"1\">Oferecem melhor flexibilidade e absor\u00e7\u00e3o de choques<\/li>\n<li data-start=\"3380\" data-end=\"3419\" data-immersive-translate-walked=\"e6b01ccc-ff44-428b-9be7-c36321e56974\" data-immersive-translate-paragraph=\"1\">S\u00e3o resistentes \u00e0 humidade e \u00e0 corros\u00e3o<\/li>\n<li data-start=\"3422\" data-end=\"3466\" data-immersive-translate-walked=\"e6b01ccc-ff44-428b-9be7-c36321e56974\" data-immersive-translate-paragraph=\"1\">Pode ser reciclado juntamente com o conte\u00fado do fardo<\/li>\n<li data-start=\"3469\" data-end=\"3528\" data-immersive-translate-walked=\"e6b01ccc-ff44-428b-9be7-c36321e56974\" data-immersive-translate-paragraph=\"1\">N\u00e3o requerem equipamento de prote\u00e7\u00e3o especializado durante o manuseamento<\/li>\n<\/ul>\n<p data-start=\"3530\" data-end=\"3631\" data-immersive-translate-walked=\"e6b01ccc-ff44-428b-9be7-c36321e56974\" data-immersive-translate-paragraph=\"1\">Isto torna-os ideais para empresas que se concentram na seguran\u00e7a, efici\u00eancia e responsabilidade ambiental.<\/p>\n<h3 data-start=\"3638\" data-end=\"3699\" data-immersive-translate-walked=\"e6b01ccc-ff44-428b-9be7-c36321e56974\">Vantagens da utiliza\u00e7\u00e3o da enfardadeira horizontal totalmente autom\u00e1tica<\/h3>\n<p data-start=\"3701\" data-end=\"3733\" data-immersive-translate-walked=\"e6b01ccc-ff44-428b-9be7-c36321e56974\" data-immersive-translate-paragraph=\"1\"><strong>Custos operacionais mais baixos<\/strong><\/p>\n<p data-start=\"3734\" data-end=\"3853\" data-immersive-translate-walked=\"e6b01ccc-ff44-428b-9be7-c36321e56974\" data-immersive-translate-paragraph=\"1\">Reduzir os custos de m\u00e3o de obra com a automatiza\u00e7\u00e3o total. Um operador pode supervisionar todo o processo, libertando o pessoal para outras tarefas.<\/p>\n<p data-start=\"3855\" data-end=\"3886\" data-immersive-translate-walked=\"e6b01ccc-ff44-428b-9be7-c36321e56974\" data-immersive-translate-paragraph=\"1\"><strong>Aumento da efici\u00eancia<\/strong><\/p>\n<p data-start=\"3887\" data-end=\"4030\" data-immersive-translate-walked=\"e6b01ccc-ff44-428b-9be7-c36321e56974\" data-immersive-translate-paragraph=\"1\">A alimenta\u00e7\u00e3o cont\u00ednua e a cintagem autom\u00e1tica asseguram que o processamento do material \u00e9 mais r\u00e1pido e mais consistente do que os sistemas manuais ou semi-autom\u00e1ticos.<\/p>\n<p data-start=\"4032\" data-end=\"4066\" data-immersive-translate-walked=\"e6b01ccc-ff44-428b-9be7-c36321e56974\" data-immersive-translate-paragraph=\"1\"><strong>Manuseamento optimizado de fardos<\/strong><\/p>\n<p data-start=\"4067\" data-end=\"4199\" data-immersive-translate-walked=\"e6b01ccc-ff44-428b-9be7-c36321e56974\" data-immersive-translate-paragraph=\"1\">Os fardos uniformes poupam espa\u00e7o e melhoram a efici\u00eancia do empilhamento no armazenamento e durante o transporte, reduzindo os custos de envio e o tempo de manuseamento.<\/p>\n<p data-start=\"4201\" data-end=\"4236\" data-immersive-translate-walked=\"e6b01ccc-ff44-428b-9be7-c36321e56974\" data-immersive-translate-paragraph=\"1\"><strong>Amigo do ambiente<\/strong><\/p>\n<p data-start=\"4237\" data-end=\"4348\" data-immersive-translate-walked=\"e6b01ccc-ff44-428b-9be7-c36321e56974\" data-immersive-translate-paragraph=\"1\">Esta m\u00e1quina apoia as iniciativas ecol\u00f3gicas da sua empresa, tornando a reciclagem mais simples e econ\u00f3mica.<\/p>\n<p data-start=\"4350\" data-end=\"4377\" data-immersive-translate-walked=\"e6b01ccc-ff44-428b-9be7-c36321e56974\" data-immersive-translate-paragraph=\"1\"><strong>Menos tempo de inatividade<\/strong><\/p>\n<p data-start=\"4378\" data-end=\"4500\" data-immersive-translate-walked=\"e6b01ccc-ff44-428b-9be7-c36321e56974\" data-immersive-translate-paragraph=\"1\">Com alertas inteligentes, acesso f\u00e1cil \u00e0 manuten\u00e7\u00e3o e componentes dur\u00e1veis, a m\u00e1quina minimiza as avarias e maximiza o tempo de atividade.<\/p>\n<h3 data-start=\"4507\" data-end=\"4553\" data-immersive-translate-walked=\"e6b01ccc-ff44-428b-9be7-c36321e56974\">Aplica\u00e7\u00f5es em v\u00e1rios sectores<\/h3>\n<p data-start=\"4555\" data-end=\"4665\" data-immersive-translate-walked=\"e6b01ccc-ff44-428b-9be7-c36321e56974\" data-immersive-translate-paragraph=\"1\">A enfardadeira horizontal totalmente autom\u00e1tica (cinta PP\/PET) \u00e9 adequada para uma vasta gama de ind\u00fastrias, incluindo:<\/p>\n<ul>\n<li data-start=\"4669\" data-end=\"4746\" data-immersive-translate-walked=\"e6b01ccc-ff44-428b-9be7-c36321e56974\" data-immersive-translate-paragraph=\"1\">Centros de reciclagem - Para enfardar papel misturado, garrafas PET e pel\u00edcula de pl\u00e1stico<\/li>\n<li data-start=\"4749\" data-end=\"4827\" data-immersive-translate-walked=\"e6b01ccc-ff44-428b-9be7-c36321e56974\" data-immersive-translate-paragraph=\"1\">Instala\u00e7\u00f5es de embalagem e impress\u00e3o - Para compactar aparas de papel e cart\u00e3o<\/li>\n<li data-start=\"4830\" data-end=\"4897\" data-immersive-translate-walked=\"e6b01ccc-ff44-428b-9be7-c36321e56974\" data-immersive-translate-paragraph=\"1\">Centros de Log\u00edstica e Distribui\u00e7\u00e3o - Para a gest\u00e3o de res\u00edduos de embalagens<\/li>\n<li data-start=\"4900\" data-end=\"4952\" data-immersive-translate-walked=\"e6b01ccc-ff44-428b-9be7-c36321e56974\" data-immersive-translate-paragraph=\"1\">Ind\u00fastria t\u00eaxtil - Para comprimir restos de tecido<\/li>\n<li data-start=\"4955\" data-end=\"5038\" data-immersive-translate-walked=\"e6b01ccc-ff44-428b-9be7-c36321e56974\" data-immersive-translate-paragraph=\"1\">Processamento agr\u00edcola - Para comprimir material vegetal seco ou res\u00edduos de embalagens<\/li>\n<\/ul>\n<p data-start=\"5040\" data-end=\"5136\" data-immersive-translate-walked=\"e6b01ccc-ff44-428b-9be7-c36321e56974\" data-immersive-translate-paragraph=\"1\">Sempre que s\u00e3o gerados grandes volumes de material compress\u00edvel, esta m\u00e1quina \u00e9 um ativo valioso.<\/p>\n<h3 data-start=\"5143\" data-end=\"5181\" data-immersive-translate-walked=\"e6b01ccc-ff44-428b-9be7-c36321e56974\">Op\u00e7\u00f5es de personaliza\u00e7\u00e3o dispon\u00edveis<\/h3>\n<p data-start=\"5183\" data-end=\"5249\" data-immersive-translate-walked=\"e6b01ccc-ff44-428b-9be7-c36321e56974\" data-immersive-translate-paragraph=\"1\">Oferecemos v\u00e1rias op\u00e7\u00f5es de personaliza\u00e7\u00e3o para satisfazer as suas necessidades espec\u00edficas:<\/p>\n<ul>\n<li data-start=\"5253\" data-end=\"5283\" data-immersive-translate-walked=\"e6b01ccc-ff44-428b-9be7-c36321e56974\" data-immersive-translate-paragraph=\"1\">Largura e comprimento do tapete transportador<\/li>\n<li data-start=\"5286\" data-end=\"5315\" data-immersive-translate-walked=\"e6b01ccc-ff44-428b-9be7-c36321e56974\" data-immersive-translate-paragraph=\"1\">Defini\u00e7\u00f5es de tamanho e peso do fardo<\/li>\n<li data-start=\"5318\" data-end=\"5342\" data-immersive-translate-walked=\"e6b01ccc-ff44-428b-9be7-c36321e56974\" data-immersive-translate-paragraph=\"1\">N\u00edveis de for\u00e7a de compress\u00e3o<\/li>\n<li data-start=\"5345\" data-end=\"5370\" data-immersive-translate-walked=\"e6b01ccc-ff44-428b-9be7-c36321e56974\" data-immersive-translate-paragraph=\"1\">N\u00famero de linhas de cintagem<\/li>\n<li data-start=\"5373\" data-end=\"5406\" data-immersive-translate-walked=\"e6b01ccc-ff44-428b-9be7-c36321e56974\" data-immersive-translate-paragraph=\"1\">Sistema de amarra\u00e7\u00e3o manual vs. autom\u00e1tico<\/li>\n<li data-start=\"5409\" data-end=\"5433\" data-immersive-translate-walked=\"e6b01ccc-ff44-428b-9be7-c36321e56974\" data-immersive-translate-paragraph=\"1\">Projectos de caixas de seguran\u00e7a<\/li>\n<li data-start=\"5436\" data-end=\"5462\" data-immersive-translate-walked=\"e6b01ccc-ff44-428b-9be7-c36321e56974\" data-immersive-translate-paragraph=\"1\">Cor da m\u00e1quina e marca<\/li>\n<\/ul>\n<p data-start=\"5464\" data-end=\"5614\" data-immersive-translate-walked=\"e6b01ccc-ff44-428b-9be7-c36321e56974\" data-immersive-translate-paragraph=\"1\">Quer necessite de integrar a enfardadeira numa linha existente ou necessite de uma solu\u00e7\u00e3o aut\u00f3noma, podemos adaptar a m\u00e1quina ao fluxo de trabalho das suas instala\u00e7\u00f5es.<\/p>\n<h3 data-start=\"5621\" data-end=\"5664\" data-immersive-translate-walked=\"e6b01ccc-ff44-428b-9be7-c36321e56974\">Garantia de qualidade e certifica\u00e7\u00f5es<\/h3>\n<p data-start=\"5666\" data-end=\"5728\" data-immersive-translate-walked=\"e6b01ccc-ff44-428b-9be7-c36321e56974\" data-immersive-translate-paragraph=\"1\">As nossas m\u00e1quinas s\u00e3o constru\u00eddas de acordo com as normas internacionais e incluem:<\/p>\n<ul>\n<li data-start=\"5732\" data-end=\"5761\" data-immersive-translate-walked=\"e6b01ccc-ff44-428b-9be7-c36321e56974\">Certifica\u00e7\u00f5es CE e ISO<\/li>\n<li data-start=\"5764\" data-end=\"5810\" data-immersive-translate-walked=\"e6b01ccc-ff44-428b-9be7-c36321e56974\" data-immersive-translate-paragraph=\"1\">Componentes hidr\u00e1ulicos e el\u00e9ctricos de alta qualidade<\/li>\n<li data-start=\"5813\" data-end=\"5857\" data-immersive-translate-walked=\"e6b01ccc-ff44-428b-9be7-c36321e56974\" data-immersive-translate-paragraph=\"1\">Rigorosos testes de f\u00e1brica e controlo de qualidade<\/li>\n<li data-start=\"5860\" data-end=\"5899\" data-immersive-translate-walked=\"e6b01ccc-ff44-428b-9be7-c36321e56974\" data-immersive-translate-paragraph=\"1\">Conformidade com as normas de seguran\u00e7a globais<\/li>\n<\/ul>\n<p data-start=\"5901\" data-end=\"5999\" data-immersive-translate-walked=\"e6b01ccc-ff44-428b-9be7-c36321e56974\" data-immersive-translate-paragraph=\"1\">Cada unidade \u00e9 submetida a uma inspe\u00e7\u00e3o rigorosa antes da expedi\u00e7\u00e3o para garantir um desempenho e uma durabilidade ideais.<\/p>\n<h3 data-start=\"6006\" data-end=\"6048\" data-immersive-translate-walked=\"e6b01ccc-ff44-428b-9be7-c36321e56974\">Apoio p\u00f3s-venda em que pode confiar<\/h3>\n<p data-start=\"6050\" data-end=\"6149\" data-immersive-translate-walked=\"e6b01ccc-ff44-428b-9be7-c36321e56974\" data-immersive-translate-paragraph=\"1\">Quando investe na nossa enfardadeira totalmente autom\u00e1tica, est\u00e1 tamb\u00e9m a investir num apoio a longo prazo. Oferecemos:<\/p>\n<ul>\n<li data-start=\"6153\" data-end=\"6193\" data-immersive-translate-walked=\"e6b01ccc-ff44-428b-9be7-c36321e56974\" data-immersive-translate-paragraph=\"1\">Orienta\u00e7\u00e3o de instala\u00e7\u00e3o remota e no local<\/li>\n<li data-start=\"6196\" data-end=\"6222\" data-immersive-translate-walked=\"e6b01ccc-ff44-428b-9be7-c36321e56974\" data-immersive-translate-paragraph=\"1\">Programas de forma\u00e7\u00e3o de operadores<\/li>\n<li data-start=\"6225\" data-end=\"6253\" data-immersive-translate-walked=\"e6b01ccc-ff44-428b-9be7-c36321e56974\" data-immersive-translate-paragraph=\"1\">Pacotes de servi\u00e7os de manuten\u00e7\u00e3o<\/li>\n<li data-start=\"6256\" data-end=\"6290\" data-immersive-translate-walked=\"e6b01ccc-ff44-428b-9be7-c36321e56974\" data-immersive-translate-paragraph=\"1\">Disponibilidade de pe\u00e7as sobresselentes em todo o mundo<\/li>\n<li data-start=\"6293\" data-end=\"6345\" data-immersive-translate-walked=\"e6b01ccc-ff44-428b-9be7-c36321e56974\" data-immersive-translate-paragraph=\"1\">Assist\u00eancia t\u00e9cnica 24 horas por dia, 7 dias por semana, por telefone, correio eletr\u00f3nico ou v\u00eddeo<\/li>\n<\/ul>\n<h3 data-start=\"6352\" data-end=\"6369\" data-immersive-translate-walked=\"e6b01ccc-ff44-428b-9be7-c36321e56974\">Conclus\u00e3o<\/h3>\n<p data-start=\"6371\" data-end=\"6751\" data-immersive-translate-walked=\"e6b01ccc-ff44-428b-9be7-c36321e56974\" data-immersive-translate-paragraph=\"1\">A enfardadeira horizontal totalmente autom\u00e1tica com cinta PP\/PET \u00e9 a solu\u00e7\u00e3o ideal para empresas que exigem um elevado desempenho, fiabilidade e processamento de res\u00edduos ecol\u00f3gico. Com a sua automa\u00e7\u00e3o avan\u00e7ada, cintas de pl\u00e1stico seguras e resistentes e carater\u00edsticas personaliz\u00e1veis, \u00e9 a m\u00e1quina perfeita para otimizar a gest\u00e3o de res\u00edduos, apoiando simultaneamente os objectivos de sustentabilidade da sua empresa.<\/p>\n<p data-start=\"6753\" data-end=\"6889\" data-immersive-translate-walked=\"e6b01ccc-ff44-428b-9be7-c36321e56974\" data-immersive-translate-paragraph=\"1\">Se a sua empresa est\u00e1 pronta para reduzir custos, melhorar a produtividade e atualizar as suas capacidades de reciclagem, esta enfardadeira \u00e9 a escolha inteligente.<\/p>","protected":false},"excerpt":{"rendered":"<p>Esta enfardadeira horizontal totalmente autom\u00e1tica com sistema de cintas PP\/PET foi concebida para o processamento de res\u00edduos de elevado volume. Automatiza a compress\u00e3o, a cintagem e a eje\u00e7\u00e3o do fardo, reduzindo os custos de m\u00e3o de obra e aumentando a produtividade. Adequada para papel\u00e3o, pl\u00e1sticos, t\u00eaxteis e muito mais, a enfardadeira fornece fardos consistentes e densos para f\u00e1cil armazenamento e transporte. Concebida para utiliza\u00e7\u00e3o industrial 24 horas por dia, 7 dias por semana, apresenta uma constru\u00e7\u00e3o duradoura, sistemas de controlo avan\u00e7ados e defini\u00e7\u00f5es personaliz\u00e1veis para satisfazer necessidades operacionais espec\u00edficas. Ideal para centros de reciclagem, f\u00e1bricas e instala\u00e7\u00f5es de log\u00edstica, esta m\u00e1quina simplifica a gest\u00e3o de res\u00edduos e apoia pr\u00e1ticas empresariais sustent\u00e1veis.<\/p>","protected":false},"featured_media":1951,"template":"","meta":{"site-sidebar-layout":"default","site-content-layout":"","ast-site-content-layout":"default","site-content-style":"default","site-sidebar-style":"default","ast-global-header-display":"","ast-banner-title-visibility":"","ast-main-header-display":"","ast-hfb-above-header-display":"","ast-hfb-below-header-display":"","ast-hfb-mobile-header-display":"","site-post-title":"","ast-breadcrumbs-content":"","ast-featured-img":"","footer-sml-layout":"","ast-disable-related-posts":"","theme-transparent-header-meta":"default","adv-header-id-meta":"","stick-header-meta":"","header-above-stick-meta":"","header-main-stick-meta":"","header-below-stick-meta":"","astra-migrate-meta-layouts":"set","ast-page-background-enabled":"default","ast-page-background-meta":{"desktop":{"background-color":"var(--ast-global-color-5)","background-image":"","background-repeat":"repeat","background-position":"center center","background-size":"auto","background-attachment":"scroll","background-type":"","background-media":"","overlay-type":"","overlay-color":"","overlay-opacity":"","overlay-gradient":""},"tablet":{"background-color":"","background-image":"","background-repeat":"repeat","background-position":"center center","background-size":"auto","background-attachment":"scroll","background-type":"","background-media":"","overlay-type":"","overlay-color":"","overlay-opacity":"","overlay-gradient":""},"mobile":{"background-color":"","background-image":"","background-repeat":"repeat","background-position":"center center","background-size":"auto","background-attachment":"scroll","background-type":"","background-media":"","overlay-type":"","overlay-color":"","overlay-opacity":"","overlay-gradient":""}},"ast-content-background-meta":{"desktop":{"background-color":"var(--ast-global-color-4)","background-image":"","background-repeat":"repeat","background-position":"center center","background-size":"auto","background-attachment":"scroll","background-type":"","background-media":"","overlay-type":"","overlay-color":"","overlay-opacity":"","overlay-gradient":""},"tablet":{"background-color":"var(--ast-global-color-4)","background-image":"","background-repeat":"repeat","background-position":"center center","background-size":"auto","background-attachment":"scroll","background-type":"","background-media":"","overlay-type":"","overlay-color":"","overlay-opacity":"","overlay-gradient":""},"mobile":{"background-color":"var(--ast-global-color-4)","background-image":"","background-repeat":"repeat","background-position":"center center","background-size":"auto","background-attachment":"scroll","background-type":"","background-media":"","overlay-type":"","overlay-color":"","overlay-opacity":"","overlay-gradient":""}}},"product_brand":[],"product_cat":[21,153],"product_tag":[],"class_list":{"0":"post-1986","1":"product","2":"type-product","3":"status-publish","4":"has-post-thumbnail","6":"product_cat-baling-machine","7":"product_cat-horizontal-baler","8":"desktop-align-left","9":"tablet-align-left","10":"mobile-align-left","12":"first","13":"instock","14":"shipping-taxable","15":"product-type-simple"},"_links":{"self":[{"href":"https:\/\/www.gigapa.com\/pt\/wp-json\/wp\/v2\/product\/1986","targetHints":{"allow":["GET"]}}],"collection":[{"href":"https:\/\/www.gigapa.com\/pt\/wp-json\/wp\/v2\/product"}],"about":[{"href":"https:\/\/www.gigapa.com\/pt\/wp-json\/wp\/v2\/types\/product"}],"version-history":[{"count":3,"href":"https:\/\/www.gigapa.com\/pt\/wp-json\/wp\/v2\/product\/1986\/revisions"}],"predecessor-version":[{"id":2387,"href":"https:\/\/www.gigapa.com\/pt\/wp-json\/wp\/v2\/product\/1986\/revisions\/2387"}],"wp:featuredmedia":[{"embeddable":true,"href":"https:\/\/www.gigapa.com\/pt\/wp-json\/wp\/v2\/media\/1951"}],"wp:attachment":[{"href":"https:\/\/www.gigapa.com\/pt\/wp-json\/wp\/v2\/media?parent=1986"}],"wp:term":[{"taxonomy":"product_brand","embeddable":true,"href":"https:\/\/www.gigapa.com\/pt\/wp-json\/wp\/v2\/product_brand?post=1986"},{"taxonomy":"product_cat","embeddable":true,"href":"https:\/\/www.gigapa.com\/pt\/wp-json\/wp\/v2\/product_cat?post=1986"},{"taxonomy":"product_tag","embeddable":true,"href":"https:\/\/www.gigapa.com\/pt\/wp-json\/wp\/v2\/product_tag?post=1986"}],"curies":[{"name":"wp","href":"https:\/\/api.w.org\/{rel}","templated":true}]}}