{"id":1988,"date":"2025-06-19T08:44:15","date_gmt":"2025-06-19T00:44:15","guid":{"rendered":"https:\/\/www.gigapa.com\/?post_type=product&#038;p=1988"},"modified":"2025-10-13T09:15:31","modified_gmt":"2025-10-13T01:15:31","slug":"vertical-baling-press-machine","status":"publish","type":"product","link":"https:\/\/www.gigapa.com\/pt\/produto\/vertical-baling-press-machine\/","title":{"rendered":"M\u00e1quina de prensagem vertical para enfardar"},"content":{"rendered":"<p data-start=\"165\" data-end=\"614\" data-immersive-translate-walked=\"662ace0b-dde6-4a57-8ef9-d70211bd73a1\" data-immersive-translate-paragraph=\"1\">A gest\u00e3o de res\u00edduos j\u00e1 n\u00e3o \u00e9 apenas uma tarefa de retaguarda - \u00e9 uma parte estrat\u00e9gica da gest\u00e3o de uma empresa moderna e sustent\u00e1vel. A prensa enfardadeira vertical foi concebida para enfrentar este desafio de frente. Quer opere um armaz\u00e9m movimentado, uma loja de retalho movimentada, um centro de log\u00edstica ou uma instala\u00e7\u00e3o de reciclagem, esta m\u00e1quina oferece uma solu\u00e7\u00e3o compacta mas potente para comprimir uma grande variedade de materiais recicl\u00e1veis - cart\u00e3o, pl\u00e1stico, restos de t\u00eaxteis e muito mais.<\/p>\n<p data-start=\"616\" data-end=\"913\" data-immersive-translate-walked=\"662ace0b-dde6-4a57-8ef9-d70211bd73a1\" data-immersive-translate-paragraph=\"1\">Com o seu sistema hidr\u00e1ulico de alta resist\u00eancia, estrutura de a\u00e7o robusta e interface de f\u00e1cil utiliza\u00e7\u00e3o, esta enfardadeira vertical transforma res\u00edduos soltos e volumosos em fardos compactos que s\u00e3o f\u00e1ceis de armazenar, transportar e reciclar. O resultado? Um espa\u00e7o de trabalho mais limpo, custos de transporte reduzidos e uma pegada mais ecol\u00f3gica para a sua empresa.<\/p>\n<h3 data-start=\"920\" data-end=\"976\" data-immersive-translate-walked=\"662ace0b-dde6-4a57-8ef9-d70211bd73a1\" data-immersive-translate-paragraph=\"1\">Ent\u00e3o, o que \u00e9 exatamente uma m\u00e1quina de prensagem vertical?<\/h3>\n<p data-start=\"978\" data-end=\"1364\" data-immersive-translate-walked=\"662ace0b-dde6-4a57-8ef9-d70211bd73a1\" data-immersive-translate-paragraph=\"1\">Na sua ess\u00eancia, uma prensa enfardadeira vertical \u00e9 um compactador. Utiliza press\u00e3o hidr\u00e1ulica vertical para comprimir materiais residuais - como caixas de cart\u00e3o achatadas ou pel\u00edcula retr\u00e1til - em fardos empilh\u00e1veis. Ao contr\u00e1rio dos modelos horizontais, que tendem a exigir mais espa\u00e7o e a custar mais, as enfardadeiras verticais s\u00e3o ideais para empresas que necessitam de um elevado desempenho sem sacrificar uma \u00e1rea \u00fatil valiosa.<\/p>\n<p data-start=\"1366\" data-end=\"1652\" data-immersive-translate-walked=\"662ace0b-dde6-4a57-8ef9-d70211bd73a1\" data-immersive-translate-paragraph=\"1\">A m\u00e1quina possui uma porta de carregamento frontal, uma placa de prensagem forte e um painel de controlo. Alguns modelos oferecem eje\u00e7\u00e3o autom\u00e1tica dos fardos; outros utilizam sistemas manuais. O processo \u00e9 simples: colocar os res\u00edduos, fechar a c\u00e2mara, premir um bot\u00e3o e deixar a m\u00e1quina fazer o trabalho pesado.<\/p>\n<h3 data-start=\"1659\" data-end=\"1699\" data-immersive-translate-walked=\"662ace0b-dde6-4a57-8ef9-d70211bd73a1\" data-immersive-translate-paragraph=\"1\">Carater\u00edsticas principais que fazem a diferen\u00e7a<\/h3>\n<p data-start=\"1701\" data-end=\"1918\" data-immersive-translate-walked=\"662ace0b-dde6-4a57-8ef9-d70211bd73a1\" data-immersive-translate-paragraph=\"1\">Press\u00e3o hidr\u00e1ulica potente<br data-start=\"1732\" data-end=\"1735\" data-immersive-translate-walked=\"662ace0b-dde6-4a57-8ef9-d70211bd73a1\" \/>N\u00e3o se deixe enganar pelo design vertical - esta m\u00e1quina proporciona uma grande for\u00e7a de compacta\u00e7\u00e3o. Garante que os materiais s\u00e3o pressionados firmemente em fardos, minimizando os espa\u00e7os de ar e maximizando a densidade.<\/p>\n<p data-start=\"1920\" data-end=\"2112\" data-immersive-translate-walked=\"662ace0b-dde6-4a57-8ef9-d70211bd73a1\" data-immersive-translate-paragraph=\"1\">Disposi\u00e7\u00e3o vertical consciente do espa\u00e7o<br data-start=\"1955\" data-end=\"1958\" data-immersive-translate-walked=\"662ace0b-dde6-4a57-8ef9-d70211bd73a1\" \/>Pouco espa\u00e7o? N\u00e3o h\u00e1 problema. O formato vertical adapta-se perfeitamente a cantos estreitos, tornando-o ideal para opera\u00e7\u00f5es mais pequenas ou locais com \u00e1rea de ch\u00e3o limitada.<\/p>\n<p data-start=\"2114\" data-end=\"2320\" data-immersive-translate-walked=\"662ace0b-dde6-4a57-8ef9-d70211bd73a1\" data-immersive-translate-paragraph=\"1\">Controlos simplificados<br data-start=\"2137\" data-end=\"2140\" data-immersive-translate-walked=\"662ace0b-dde6-4a57-8ef9-d70211bd73a1\" \/>A opera\u00e7\u00e3o da enfardadeira \u00e9 intuitiva. O painel inclui bot\u00f5es claros e carater\u00edsticas de seguran\u00e7a como fun\u00e7\u00f5es de paragem de emerg\u00eancia e luzes indicadoras. Mesmo os novos funcion\u00e1rios podem receber forma\u00e7\u00e3o em minutos.<\/p>\n<p data-start=\"2322\" data-end=\"2513\" data-immersive-translate-walked=\"662ace0b-dde6-4a57-8ef9-d70211bd73a1\" data-immersive-translate-paragraph=\"1\">Modos de funcionamento flex\u00edveis<br data-start=\"2350\" data-end=\"2353\" data-immersive-translate-walked=\"662ace0b-dde6-4a57-8ef9-d70211bd73a1\" \/>Precisa de controlo total? Opte pela vers\u00e3o manual. Prefere uma abordagem mais simples? Escolha um modelo semi-autom\u00e1tico. De qualquer forma, a enfardadeira adapta-se ao seu fluxo de trabalho.<\/p>\n<p data-start=\"2515\" data-end=\"2698\" data-immersive-translate-walked=\"662ace0b-dde6-4a57-8ef9-d70211bd73a1\" data-immersive-translate-paragraph=\"1\">Constru\u00eddo para durar<br data-start=\"2532\" data-end=\"2535\" data-immersive-translate-walked=\"662ace0b-dde6-4a57-8ef9-d70211bd73a1\" \/>Fabricada em a\u00e7o refor\u00e7ado e equipada com encravamentos de seguran\u00e7a, esta enfardadeira est\u00e1 preparada para uma utiliza\u00e7\u00e3o industrial pesada. N\u00e3o se trata apenas de uma m\u00e1quina - \u00e9 um ativo a longo prazo.<\/p>\n<h3 data-start=\"2705\" data-end=\"2762\" data-immersive-translate-walked=\"662ace0b-dde6-4a57-8ef9-d70211bd73a1\" data-immersive-translate-paragraph=\"1\">Porque \u00e9 que as empresas confiam nas m\u00e1quinas de prensagem vertical<\/h3>\n<p data-start=\"2764\" data-end=\"2947\" data-immersive-translate-walked=\"662ace0b-dde6-4a57-8ef9-d70211bd73a1\" data-immersive-translate-paragraph=\"1\">1. Menos volume, mais espa\u00e7o<br data-start=\"2794\" data-end=\"2797\" data-immersive-translate-walked=\"662ace0b-dde6-4a57-8ef9-d70211bd73a1\" \/>Ao comprimir os res\u00edduos soltos em fardos s\u00f3lidos, pode reduzir drasticamente o volume. Isto significa menos desordem e mais espa\u00e7o utiliz\u00e1vel nas suas instala\u00e7\u00f5es.<\/p>\n<p data-start=\"2949\" data-end=\"3107\" data-immersive-translate-walked=\"662ace0b-dde6-4a57-8ef9-d70211bd73a1\" data-immersive-translate-paragraph=\"1\">2. Poupe dinheiro na remo\u00e7\u00e3o de res\u00edduos<br data-start=\"2983\" data-end=\"2986\" data-immersive-translate-walked=\"662ace0b-dde6-4a57-8ef9-d70211bd73a1\" \/>Menor volume de res\u00edduos = menos recolhas = menos despesas de elimina\u00e7\u00e3o. Al\u00e9m disso, pode at\u00e9 ganhar com a venda dos seus materiais recicl\u00e1veis enfardados.<\/p>\n<p data-start=\"3109\" data-end=\"3277\" data-immersive-translate-walked=\"662ace0b-dde6-4a57-8ef9-d70211bd73a1\" data-immersive-translate-paragraph=\"1\">3. Arrumar e manter-se seguro<br data-start=\"3137\" data-end=\"3140\" data-immersive-translate-walked=\"662ace0b-dde6-4a57-8ef9-d70211bd73a1\" \/>Um espa\u00e7o de trabalho desarrumado n\u00e3o \u00e9 apenas pouco profissional - \u00e9 inseguro. Manter os materiais organizados em fardos aumenta a limpeza e a seguran\u00e7a no local de trabalho.<\/p>\n<p data-start=\"3279\" data-end=\"3453\" data-immersive-translate-walked=\"662ace0b-dde6-4a57-8ef9-d70211bd73a1\" data-immersive-translate-paragraph=\"1\">4. Bom para o planeta<br data-start=\"3305\" data-end=\"3308\" data-immersive-translate-walked=\"662ace0b-dde6-4a57-8ef9-d70211bd73a1\" \/>A reciclagem \u00e9 mais eficaz quando os materiais s\u00e3o pr\u00e9-embalados. \u00c9 mais f\u00e1cil para os recicladores e a sua empresa contribui positivamente para o ambiente.<\/p>\n<p data-start=\"3455\" data-end=\"3640\" data-immersive-translate-walked=\"662ace0b-dde6-4a57-8ef9-d70211bd73a1\" data-immersive-translate-paragraph=\"1\">5. Manter a conformidade com facilidade<br data-start=\"3486\" data-end=\"3489\" data-immersive-translate-walked=\"662ace0b-dde6-4a57-8ef9-d70211bd73a1\" \/>Com a crescente press\u00e3o dos regulamentos locais sobre a gest\u00e3o de res\u00edduos, uma m\u00e1quina de enfardar ajuda a garantir que est\u00e1 a seguir os protocolos adequados de triagem e manuseamento.<\/p>\n<h3 data-start=\"3647\" data-end=\"3682\" data-immersive-translate-walked=\"662ace0b-dde6-4a57-8ef9-d70211bd73a1\" data-immersive-translate-paragraph=\"1\">Onde \u00e9 que esta m\u00e1quina pode ser utilizada?<\/h3>\n<p data-start=\"3684\" data-end=\"3759\" data-immersive-translate-walked=\"662ace0b-dde6-4a57-8ef9-d70211bd73a1\" data-immersive-translate-paragraph=\"1\">A sua versatilidade \u00e9 um dos seus maiores pontos fortes. Casos de utiliza\u00e7\u00e3o comuns incluem:<\/p>\n<ul>\n<li data-start=\"3763\" data-end=\"3836\" data-immersive-translate-walked=\"662ace0b-dde6-4a57-8ef9-d70211bd73a1\" data-immersive-translate-paragraph=\"1\">Retalho e supermercados - Enfardamento de embalagens de cart\u00e3o e de pl\u00e1stico<\/li>\n<li data-start=\"3839\" data-end=\"3909\" data-immersive-translate-walked=\"662ace0b-dde6-4a57-8ef9-d70211bd73a1\" data-immersive-translate-paragraph=\"1\">Armaz\u00e9ns e centros de distribui\u00e7\u00e3o - Gest\u00e3o dos res\u00edduos de embalagem di\u00e1rios<\/li>\n<li data-start=\"3912\" data-end=\"3980\" data-immersive-translate-walked=\"662ace0b-dde6-4a57-8ef9-d70211bd73a1\" data-immersive-translate-paragraph=\"1\">Fabrico - Compress\u00e3o de restos de materiais de produ\u00e7\u00e3o<\/li>\n<li data-start=\"3983\" data-end=\"4055\" data-immersive-translate-walked=\"662ace0b-dde6-4a57-8ef9-d70211bd73a1\" data-immersive-translate-paragraph=\"1\">Esta\u00e7\u00f5es de Reciclagem - Organiza\u00e7\u00e3o e prepara\u00e7\u00e3o de materiais para revenda<\/li>\n<li data-start=\"4058\" data-end=\"4127\" data-immersive-translate-walked=\"662ace0b-dde6-4a57-8ef9-d70211bd73a1\" data-immersive-translate-paragraph=\"1\">Ind\u00fastrias t\u00eaxteis e do vestu\u00e1rio - Manuseamento de desperd\u00edcios ou aparas de tecidos<\/li>\n<\/ul>\n<p data-start=\"4129\" data-end=\"4252\" data-immersive-translate-walked=\"662ace0b-dde6-4a57-8ef9-d70211bd73a1\" data-immersive-translate-paragraph=\"1\">Quer esteja a produzir apenas um par de fardos por dia ou a lidar com volumes mais elevados, existe um modelo adequado \u00e0s suas necessidades.<\/p>\n<h3 data-start=\"4259\" data-end=\"4292\" data-immersive-translate-walked=\"662ace0b-dde6-4a57-8ef9-d70211bd73a1\" data-immersive-translate-paragraph=\"1\">Adaptado \u00e0s suas necessidades<\/h3>\n<p data-start=\"4294\" data-end=\"4425\" data-immersive-translate-walked=\"662ace0b-dde6-4a57-8ef9-d70211bd73a1\" data-immersive-translate-paragraph=\"1\">Compreendemos que as opera\u00e7\u00f5es variam de uma empresa para outra. \u00c9 por isso que as nossas m\u00e1quinas oferecem v\u00e1rias op\u00e7\u00f5es de personaliza\u00e7\u00e3o, tais como:<\/p>\n<ul>\n<li data-start=\"4429\" data-end=\"4463\" data-immersive-translate-walked=\"662ace0b-dde6-4a57-8ef9-d70211bd73a1\" data-immersive-translate-paragraph=\"1\">Diferentes tamanhos e pesos de fardos<\/li>\n<li data-start=\"4466\" data-end=\"4496\" data-immersive-translate-walked=\"662ace0b-dde6-4a57-8ef9-d70211bd73a1\" data-immersive-translate-paragraph=\"1\">For\u00e7a de compress\u00e3o ajust\u00e1vel<\/li>\n<li data-start=\"4499\" data-end=\"4542\" data-immersive-translate-walked=\"662ace0b-dde6-4a57-8ef9-d70211bd73a1\" data-immersive-translate-paragraph=\"1\">Sistemas de eje\u00e7\u00e3o de fardos manuais ou hidr\u00e1ulicos<\/li>\n<li data-start=\"4545\" data-end=\"4574\" data-immersive-translate-walked=\"662ace0b-dde6-4a57-8ef9-d70211bd73a1\" data-immersive-translate-paragraph=\"1\">Pain\u00e9is de controlo multilingues<\/li>\n<li data-start=\"4577\" data-end=\"4605\" data-immersive-translate-walked=\"662ace0b-dde6-4a57-8ef9-d70211bd73a1\" data-immersive-translate-paragraph=\"1\">Cores e marcas personalizadas<\/li>\n<\/ul>\n<p data-start=\"4607\" data-end=\"4701\" data-immersive-translate-walked=\"662ace0b-dde6-4a57-8ef9-d70211bd73a1\" data-immersive-translate-paragraph=\"1\">Precisa de algo \u00fanico? Tamb\u00e9m oferecemos servi\u00e7os OEM e ODM para corresponder ao seu fluxo de trabalho espec\u00edfico.<\/p>\n<h3 data-start=\"4708\" data-end=\"4726\" data-immersive-translate-walked=\"662ace0b-dde6-4a57-8ef9-d70211bd73a1\" data-immersive-translate-paragraph=\"1\">Porqu\u00ea escolher-nos?<\/h3>\n<p data-start=\"4728\" data-end=\"4848\" data-immersive-translate-walked=\"662ace0b-dde6-4a57-8ef9-d70211bd73a1\" data-immersive-translate-paragraph=\"1\">Com uma d\u00e9cada de experi\u00eancia em solu\u00e7\u00f5es para res\u00edduos industriais, apoiamos cada enfardadeira que fabricamos. As nossas m\u00e1quinas s\u00e3o:<\/p>\n<ul>\n<li data-start=\"4852\" data-end=\"4876\" data-immersive-translate-walked=\"662ace0b-dde6-4a57-8ef9-d70211bd73a1\">Certifica\u00e7\u00e3o CE e ISO<\/li>\n<li data-start=\"4879\" data-end=\"4910\" data-immersive-translate-walked=\"662ace0b-dde6-4a57-8ef9-d70211bd73a1\" data-immersive-translate-paragraph=\"1\">Constru\u00eddo com componentes de primeira qualidade<\/li>\n<li data-start=\"4913\" data-end=\"4962\" data-immersive-translate-walked=\"662ace0b-dde6-4a57-8ef9-d70211bd73a1\" data-immersive-translate-paragraph=\"1\">Fornecido com forma\u00e7\u00e3o e manuais abrangentes<\/li>\n<li data-start=\"4965\" data-end=\"5006\" data-immersive-translate-walked=\"662ace0b-dde6-4a57-8ef9-d70211bd73a1\" data-immersive-translate-paragraph=\"1\">Com o apoio de equipas t\u00e9cnicas competentes<\/li>\n<li data-start=\"5009\" data-end=\"5059\" data-immersive-translate-walked=\"662ace0b-dde6-4a57-8ef9-d70211bd73a1\" data-immersive-translate-paragraph=\"1\">Dispon\u00edvel a pre\u00e7os competitivos com entrega r\u00e1pida<\/li>\n<\/ul>\n<p data-start=\"5061\" data-end=\"5183\" data-immersive-translate-walked=\"662ace0b-dde6-4a57-8ef9-d70211bd73a1\" data-immersive-translate-paragraph=\"1\">A nossa base global de clientes - desde pequenas lojas a f\u00e1bricas multinacionais - confia em n\u00f3s para um equipamento duradouro e um servi\u00e7o fi\u00e1vel.<\/p>\n<h3 data-start=\"5190\" data-end=\"5231\" data-immersive-translate-walked=\"662ace0b-dde6-4a57-8ef9-d70211bd73a1\" data-immersive-translate-paragraph=\"1\">Apoio fi\u00e1vel, mesmo ap\u00f3s a venda<\/h3>\n<p data-start=\"5233\" data-end=\"5320\" data-immersive-translate-walked=\"662ace0b-dde6-4a57-8ef9-d70211bd73a1\" data-immersive-translate-paragraph=\"1\">N\u00e3o nos limitamos a vender m\u00e1quinas - apoiamos o seu neg\u00f3cio. O nosso servi\u00e7o p\u00f3s-venda inclui:<\/p>\n<ul>\n<li data-start=\"5324\" data-end=\"5354\" data-immersive-translate-walked=\"662ace0b-dde6-4a57-8ef9-d70211bd73a1\" data-immersive-translate-paragraph=\"1\">Orienta\u00e7\u00e3o de instala\u00e7\u00e3o remota<\/li>\n<li data-start=\"5357\" data-end=\"5400\" data-immersive-translate-walked=\"662ace0b-dde6-4a57-8ef9-d70211bd73a1\" data-immersive-translate-paragraph=\"1\">Tutoriais em v\u00eddeo sobre funcionamento e manuten\u00e7\u00e3o<\/li>\n<li data-start=\"5403\" data-end=\"5434\" data-immersive-translate-walked=\"662ace0b-dde6-4a57-8ef9-d70211bd73a1\" data-immersive-translate-paragraph=\"1\">Pe\u00e7as sobressalentes prontamente dispon\u00edveis<\/li>\n<li data-start=\"5437\" data-end=\"5469\" data-immersive-translate-walked=\"662ace0b-dde6-4a57-8ef9-d70211bd73a1\" data-immersive-translate-paragraph=\"1\">Manuten\u00e7\u00e3o programada a pedido<\/li>\n<\/ul>\n<p data-start=\"5471\" data-end=\"5512\" data-immersive-translate-walked=\"662ace0b-dde6-4a57-8ef9-d70211bd73a1\" data-immersive-translate-paragraph=\"1\">O seu sucesso \u00e9 o nosso compromisso a longo prazo.<\/p>\n<h3 data-start=\"5519\" data-end=\"5537\" data-immersive-translate-walked=\"662ace0b-dde6-4a57-8ef9-d70211bd73a1\" data-immersive-translate-paragraph=\"1\">Considera\u00e7\u00f5es finais<\/h3>\n<p data-start=\"5539\" data-end=\"5892\" data-immersive-translate-walked=\"662ace0b-dde6-4a57-8ef9-d70211bd73a1\" data-immersive-translate-paragraph=\"1\">No mundo empresarial atual, de ritmo acelerado e com consci\u00eancia ecol\u00f3gica, uma prensa enfardadeira vertical \u00e9 mais do que uma simples ferramenta - \u00e9 um investimento inteligente. Simplifica a gest\u00e3o de res\u00edduos, reduz os custos e apoia os objectivos ambientais. Quer pretenda melhorar a sua estrat\u00e9gia de res\u00edduos ou procurar um espa\u00e7o de trabalho mais limpo e eficiente, a nossa enfardadeira vertical tem tudo o que precisa.<\/p>","protected":false},"excerpt":{"rendered":"<p>A nossa prensa de enfardamento vertical compacta cart\u00e3o, t\u00eaxteis e res\u00edduos de pl\u00e1stico em fardos densos, reduzindo o volume at\u00e9 90%. Concebida para armaz\u00e9ns, centros de reciclagem e f\u00e1bricas, apresenta uma elevada for\u00e7a de compress\u00e3o (10-50 toneladas), baixo consumo de energia e bloqueios de seguran\u00e7a. O design vertical poupa espa\u00e7o no ch\u00e3o e melhora a efici\u00eancia do manuseamento de res\u00edduos. As op\u00e7\u00f5es incluem sistemas de amarra\u00e7\u00e3o autom\u00e1tica, controlos PLC e tamanhos de fardos personalizados. Reduza os custos de elimina\u00e7\u00e3o e aumente as receitas da reciclagem com esta solu\u00e7\u00e3o resistente e de baixa manuten\u00e7\u00e3o.<\/p>","protected":false},"featured_media":1950,"template":"","meta":{"site-sidebar-layout":"default","site-content-layout":"","ast-site-content-layout":"default","site-content-style":"default","site-sidebar-style":"default","ast-global-header-display":"","ast-banner-title-visibility":"","ast-main-header-display":"","ast-hfb-above-header-display":"","ast-hfb-below-header-display":"","ast-hfb-mobile-header-display":"","site-post-title":"","ast-breadcrumbs-content":"","ast-featured-img":"","footer-sml-layout":"","ast-disable-related-posts":"","theme-transparent-header-meta":"default","adv-header-id-meta":"","stick-header-meta":"","header-above-stick-meta":"","header-main-stick-meta":"","header-below-stick-meta":"","astra-migrate-meta-layouts":"set","ast-page-background-enabled":"default","ast-page-background-meta":{"desktop":{"background-color":"var(--ast-global-color-5)","background-image":"","background-repeat":"repeat","background-position":"center center","background-size":"auto","background-attachment":"scroll","background-type":"","background-media":"","overlay-type":"","overlay-color":"","overlay-opacity":"","overlay-gradient":""},"tablet":{"background-color":"","background-image":"","background-repeat":"repeat","background-position":"center center","background-size":"auto","background-attachment":"scroll","background-type":"","background-media":"","overlay-type":"","overlay-color":"","overlay-opacity":"","overlay-gradient":""},"mobile":{"background-color":"","background-image":"","background-repeat":"repeat","background-position":"center center","background-size":"auto","background-attachment":"scroll","background-type":"","background-media":"","overlay-type":"","overlay-color":"","overlay-opacity":"","overlay-gradient":""}},"ast-content-background-meta":{"desktop":{"background-color":"var(--ast-global-color-4)","background-image":"","background-repeat":"repeat","background-position":"center center","background-size":"auto","background-attachment":"scroll","background-type":"","background-media":"","overlay-type":"","overlay-color":"","overlay-opacity":"","overlay-gradient":""},"tablet":{"background-color":"var(--ast-global-color-4)","background-image":"","background-repeat":"repeat","background-position":"center center","background-size":"auto","background-attachment":"scroll","background-type":"","background-media":"","overlay-type":"","overlay-color":"","overlay-opacity":"","overlay-gradient":""},"mobile":{"background-color":"var(--ast-global-color-4)","background-image":"","background-repeat":"repeat","background-position":"center center","background-size":"auto","background-attachment":"scroll","background-type":"","background-media":"","overlay-type":"","overlay-color":"","overlay-opacity":"","overlay-gradient":""}}},"product_brand":[],"product_cat":[21,152],"product_tag":[],"class_list":{"0":"post-1988","1":"product","2":"type-product","3":"status-publish","4":"has-post-thumbnail","6":"product_cat-baling-machine","7":"product_cat-vertical-baler","8":"desktop-align-left","9":"tablet-align-left","10":"mobile-align-left","12":"first","13":"instock","14":"shipping-taxable","15":"product-type-simple"},"_links":{"self":[{"href":"https:\/\/www.gigapa.com\/pt\/wp-json\/wp\/v2\/product\/1988","targetHints":{"allow":["GET"]}}],"collection":[{"href":"https:\/\/www.gigapa.com\/pt\/wp-json\/wp\/v2\/product"}],"about":[{"href":"https:\/\/www.gigapa.com\/pt\/wp-json\/wp\/v2\/types\/product"}],"version-history":[{"count":2,"href":"https:\/\/www.gigapa.com\/pt\/wp-json\/wp\/v2\/product\/1988\/revisions"}],"predecessor-version":[{"id":2140,"href":"https:\/\/www.gigapa.com\/pt\/wp-json\/wp\/v2\/product\/1988\/revisions\/2140"}],"wp:featuredmedia":[{"embeddable":true,"href":"https:\/\/www.gigapa.com\/pt\/wp-json\/wp\/v2\/media\/1950"}],"wp:attachment":[{"href":"https:\/\/www.gigapa.com\/pt\/wp-json\/wp\/v2\/media?parent=1988"}],"wp:term":[{"taxonomy":"product_brand","embeddable":true,"href":"https:\/\/www.gigapa.com\/pt\/wp-json\/wp\/v2\/product_brand?post=1988"},{"taxonomy":"product_cat","embeddable":true,"href":"https:\/\/www.gigapa.com\/pt\/wp-json\/wp\/v2\/product_cat?post=1988"},{"taxonomy":"product_tag","embeddable":true,"href":"https:\/\/www.gigapa.com\/pt\/wp-json\/wp\/v2\/product_tag?post=1988"}],"curies":[{"name":"wp","href":"https:\/\/api.w.org\/{rel}","templated":true}]}}