{"id":1992,"date":"2025-06-18T14:27:01","date_gmt":"2025-06-18T06:27:01","guid":{"rendered":"https:\/\/www.gigapa.com\/?post_type=product&#038;p=1992"},"modified":"2025-10-13T09:15:52","modified_gmt":"2025-10-13T01:15:52","slug":"standard-vertical-hydraulic-baler-manual-door-opening","status":"publish","type":"product","link":"https:\/\/www.gigapa.com\/pt\/produto\/standard-vertical-hydraulic-baler-manual-door-opening\/","title":{"rendered":"Enfardadeira Hidr\u00e1ulica Vertical Standard - (Abertura Manual da Porta)"},"content":{"rendered":"<p data-start=\"274\" data-end=\"799\">No ambiente industrial atual, cada vez mais consciente do ambiente e orientado para a efici\u00eancia, a gest\u00e3o de res\u00edduos tornou-se uma prioridade cr\u00edtica em muitos sectores. Quer se trate de fabrico, retalho, distribui\u00e7\u00e3o ou log\u00edstica, as empresas est\u00e3o constantemente \u00e0 procura de solu\u00e7\u00f5es rent\u00e1veis, que poupem espa\u00e7o e sejam ambientalmente respons\u00e1veis. A enfardadeira hidr\u00e1ulica vertical standard com abertura manual da porta oferece uma solu\u00e7\u00e3o fi\u00e1vel, f\u00e1cil de utilizar e econ\u00f3mica para compactar uma vasta gama de materiais de res\u00edduos recicl\u00e1veis.<\/p>\n<p data-start=\"801\" data-end=\"1217\">Esta enfardadeira vertical foi especificamente concebida para satisfazer as necessidades das empresas que produzem volumes moderados de res\u00edduos como cart\u00e3o, papel, t\u00eaxteis, pel\u00edcula de pl\u00e1stico e embalagens flex\u00edveis. Comprime estes materiais em fardos bem compactados que s\u00e3o mais f\u00e1ceis de armazenar, transportar ou reciclar, permitindo \u00e0s empresas reduzir os custos de elimina\u00e7\u00e3o, manter espa\u00e7os de trabalho mais arrumados e demonstrar responsabilidade ambiental.<\/p>\n<h3 data-start=\"1224\" data-end=\"1260\"><strong data-start=\"1228\" data-end=\"1260\">Design vertical que poupa espa\u00e7o<\/strong><\/h3>\n<p data-start=\"1262\" data-end=\"1688\">A configura\u00e7\u00e3o vertical desta enfardadeira \u00e9 ideal para empresas com espa\u00e7o limitado. A sua estrutura vertical significa que pode ser instalada em \u00e1reas mais pequenas, como armaz\u00e9ns, espa\u00e7os de retaguarda de lojas e cais de carga estreitos, sem interferir com as opera\u00e7\u00f5es di\u00e1rias. A pegada compacta n\u00e3o sacrifica o desempenho e continua a proporcionar uma elevada for\u00e7a de compacta\u00e7\u00e3o, tornando-a uma escolha preferida para pequenas e m\u00e9dias empresas.<\/p>\n<h3 data-start=\"1695\" data-end=\"1752\"><strong data-start=\"1699\" data-end=\"1752\">Abertura manual da porta para um funcionamento seguro e simples<\/strong><\/h3>\n<p data-start=\"1754\" data-end=\"2128\">O <strong data-start=\"1758\" data-end=\"1781\">abertura manual da porta<\/strong> oferece um acesso controlado e seguro \u00e0 c\u00e2mara de carga. Este design permite que os operadores abram e fechem manualmente a porta frontal quando carregam materiais ou retiram os fardos acabados. Ao contr\u00e1rio das portas automatizadas que requerem mecanismos e manuten\u00e7\u00e3o mais complexos, o sistema manual reduz a complexidade mec\u00e2nica e aumenta a fiabilidade da m\u00e1quina.<\/p>\n<p data-start=\"2130\" data-end=\"2452\">Al\u00e9m disso, o funcionamento manual da porta aumenta o controlo do utilizador, o que pode ser particularmente ben\u00e9fico quando se processam materiais inconsistentes ou irregulares, tais como restos de t\u00eaxteis ou cart\u00e3o amachucado. Os operadores podem monitorizar a c\u00e2mara de perto, posicionar os materiais corretamente e garantir a m\u00e1xima efici\u00eancia da carga antes da compress\u00e3o.<\/p>\n<h3 data-start=\"2459\" data-end=\"2502\"><strong data-start=\"2463\" data-end=\"2502\">Ideal para uma vasta gama de materiais<\/strong><\/h3>\n<p data-start=\"2504\" data-end=\"2617\">A enfardadeira hidr\u00e1ulica vertical standard foi concebida para a compacta\u00e7\u00e3o de v\u00e1rios materiais. \u00c9 amplamente utilizada no manuseamento:<\/p>\n<ul>\n<li data-start=\"2621\" data-end=\"2653\">Caixas de cart\u00e3o canelado (OCC)<\/li>\n<li data-start=\"2656\" data-end=\"2691\">Papel de escrit\u00f3rio e documentos triturados<\/li>\n<li data-start=\"2694\" data-end=\"2742\">Pel\u00edculas de pl\u00e1stico, pel\u00edculas retr\u00e1cteis e res\u00edduos de embalagens<\/li>\n<li data-start=\"2745\" data-end=\"2779\">T\u00eaxteis, trapos e restos de vestu\u00e1rio<\/li>\n<li data-start=\"2782\" data-end=\"2817\">Latas de alum\u00ednio e garrafas PET (secas)<\/li>\n<li data-start=\"2820\" data-end=\"2843\">Res\u00edduos s\u00f3lidos secos em geral<\/li>\n<\/ul>\n<p data-start=\"2845\" data-end=\"3096\">Esta versatilidade torna a m\u00e1quina numa excelente enfardadeira vers\u00e1til para empresas com diversos fluxos de res\u00edduos. Tamb\u00e9m promove a separa\u00e7\u00e3o de materiais na fonte, ajudando as empresas a cumprir os regulamentos de reciclagem locais e a melhorar a efici\u00eancia da reciclagem.<\/p>\n<h3 data-start=\"3103\" data-end=\"3141\"><strong data-start=\"3107\" data-end=\"3141\">Redu\u00e7\u00e3o de res\u00edduos com boa rela\u00e7\u00e3o custo-benef\u00edcio<\/strong><\/h3>\n<p data-start=\"3143\" data-end=\"3278\">Ao comprimir grandes volumes de res\u00edduos soltos em fardos mais pequenos e mais densos, a enfardadeira vertical oferece benef\u00edcios financeiros diretos, incluindo:<\/p>\n<ul>\n<li data-start=\"3282\" data-end=\"3316\">Menor frequ\u00eancia de recolha de res\u00edduos<\/li>\n<li data-start=\"3319\" data-end=\"3361\">Redu\u00e7\u00e3o das taxas de transporte e de deposi\u00e7\u00e3o em aterro<\/li>\n<li data-start=\"3364\" data-end=\"3396\">Requisitos de armazenamento minimizados<\/li>\n<li data-start=\"3399\" data-end=\"3439\">Melhoria da limpeza e seguran\u00e7a das instala\u00e7\u00f5es<\/li>\n<\/ul>\n<p data-start=\"3441\" data-end=\"3639\">Estas poupan\u00e7as acumulam-se rapidamente, especialmente para empresas com res\u00edduos de embalagens recorrentes. Al\u00e9m disso, os fardos bem formados podem ser vendidos ou transportados para recicladores, transformando os res\u00edduos em potenciais receitas.<\/p>\n<h3 data-start=\"3646\" data-end=\"3687\"><strong data-start=\"3650\" data-end=\"3687\">F\u00e1cil de utilizar e de baixa manuten\u00e7\u00e3o<\/strong><\/h3>\n<p data-start=\"3689\" data-end=\"4066\">A enfardadeira foi concebida com a simplicidade em mente, tornando-a f\u00e1cil de utilizar pelos operadores com um m\u00ednimo de forma\u00e7\u00e3o. As fun\u00e7\u00f5es b\u00e1sicas s\u00e3o intuitivas, permitindo uma r\u00e1pida integra\u00e7\u00e3o e um funcionamento consistente, mesmo em ambientes de elevada rota\u00e7\u00e3o. O mecanismo de porta operado manualmente tamb\u00e9m contribui para menos avarias e menores necessidades de manuten\u00e7\u00e3o ao longo do tempo, reduzindo o tempo de inatividade e os custos de assist\u00eancia.<\/p>\n<p data-start=\"4068\" data-end=\"4099\">As principais vantagens para os utilizadores incluem:<\/p>\n<ul>\n<li data-start=\"4103\" data-end=\"4141\">Interface de controlo f\u00e1cil de compreender<\/li>\n<li data-start=\"4144\" data-end=\"4180\">Sistema de alimenta\u00e7\u00e3o manual \u00e0 altura da cintura<\/li>\n<li data-start=\"4183\" data-end=\"4224\">Processo simples de remo\u00e7\u00e3o e amarra\u00e7\u00e3o de fardos<\/li>\n<li data-start=\"4227\" data-end=\"4270\">Componentes duradouros concebidos para uma longa vida \u00fatil<\/li>\n<\/ul>\n<p data-start=\"4272\" data-end=\"4391\">Estas carater\u00edsticas tornam-no especialmente adequado para pequenas empresas ou opera\u00e7\u00f5es sem pessoal dedicado \u00e0 gest\u00e3o de res\u00edduos.<\/p>\n<h3 data-start=\"5077\" data-end=\"5124\"><strong data-start=\"5081\" data-end=\"5124\">Aplica\u00e7\u00f5es em v\u00e1rios sectores<\/strong><\/h3>\n<p data-start=\"5126\" data-end=\"5260\">A flexibilidade, a fiabilidade e a acessibilidade desta enfardadeira tornam-na adequada para uma vasta gama de ind\u00fastrias e sectores, incluindo:<\/p>\n<ul>\n<li data-start=\"5264\" data-end=\"5361\"><strong data-start=\"5264\" data-end=\"5291\">Retalho e supermercados<\/strong> - Para res\u00edduos de embalagens di\u00e1rias, como caixas de cart\u00e3o e pel\u00edcula retr\u00e1til<\/li>\n<li data-start=\"5364\" data-end=\"5447\"><strong data-start=\"5364\" data-end=\"5393\">Armazenagem e log\u00edstica<\/strong> - Para pel\u00edculas de pl\u00e1stico, papel e embalagens fora de uso<\/li>\n<li data-start=\"5450\" data-end=\"5528\"><strong data-start=\"5450\" data-end=\"5483\">F\u00e1bricas de vestu\u00e1rio e t\u00eaxteis<\/strong> - Para restos de tecido e roupas com defeito<\/li>\n<li data-start=\"5531\" data-end=\"5601\"><strong data-start=\"5531\" data-end=\"5560\">Estabelecimentos de restaura\u00e7\u00e3o e bebidas<\/strong> - Para materiais de embalagem secos e latas<\/li>\n<li data-start=\"5604\" data-end=\"5704\"><strong data-start=\"5604\" data-end=\"5626\">Setor da hotelaria<\/strong> - Hot\u00e9is e est\u00e2ncias de f\u00e9rias que gerem grandes volumes de res\u00edduos de embalagens relacionados com os h\u00f3spedes<\/li>\n<li data-start=\"5707\" data-end=\"5781\"><strong data-start=\"5707\" data-end=\"5729\">Escrit\u00f3rios comerciais<\/strong> - Para res\u00edduos de papel e programas internos de reciclagem<\/li>\n<\/ul>\n<p data-start=\"5783\" data-end=\"5907\">A sua conce\u00e7\u00e3o de porta manual permite uma f\u00e1cil integra\u00e7\u00e3o nos fluxos de trabalho existentes, sem necessidade de actualiza\u00e7\u00f5es complexas ou de automatiza\u00e7\u00e3o.<\/p>\n<h3 data-start=\"5914\" data-end=\"5963\"><strong data-start=\"5918\" data-end=\"5963\">Um investimento inteligente para um crescimento sustent\u00e1vel<\/strong><\/h3>\n<p data-start=\"5965\" data-end=\"6307\">A enfardadeira hidr\u00e1ulica vertical standard - (abertura manual da porta) \u00e9 mais do que uma simples m\u00e1quina - \u00e9 um investimento estrat\u00e9gico em efici\u00eancia, limpeza e sustentabilidade. Com o aumento dos custos de elimina\u00e7\u00e3o de res\u00edduos e a crescente procura por parte dos consumidores de opera\u00e7\u00f5es com consci\u00eancia ecol\u00f3gica, as empresas t\u00eam de implementar estrat\u00e9gias de redu\u00e7\u00e3o de res\u00edduos que proporcionem um valor real.<\/p>\n<p data-start=\"6309\" data-end=\"6576\">Esta enfardadeira oferece exatamente isso: desempenho fi\u00e1vel, manuten\u00e7\u00e3o m\u00ednima, opera\u00e7\u00e3o simples e poupan\u00e7a imediata de custos. Quer esteja apenas a come\u00e7ar a organizar os seus res\u00edduos ou a procurar uma atualiza\u00e7\u00e3o da elimina\u00e7\u00e3o de contentores soltos, esta enfardadeira oferece uma solu\u00e7\u00e3o inteligente e escal\u00e1vel.<\/p>\n<h3 data-start=\"6583\" data-end=\"6601\"><strong data-start=\"6587\" data-end=\"6601\">Conclus\u00e3o<\/strong><\/h3>\n<p data-start=\"6603\" data-end=\"7007\">Se a sua empresa produz res\u00edduos recicl\u00e1veis e procura uma forma econ\u00f3mica, eficiente e ecol\u00f3gica de os gerir, a enfardadeira hidr\u00e1ulica vertical standard com abertura manual da porta \u00e9 a escolha ideal. Concebida para equilibrar simplicidade e funcionalidade, esta enfardadeira \u00e9 a companhia perfeita para qualquer empresa que pretenda simplificar as opera\u00e7\u00f5es, reduzir custos e apoiar um futuro mais ecol\u00f3gico.<\/p>","protected":false},"excerpt":{"rendered":"<p data-start=\"480\" data-end=\"1132\">A prensa enfardadeira hidr\u00e1ulica vertical standard com abertura manual da porta \u00e9 uma solu\u00e7\u00e3o fi\u00e1vel para compactar cart\u00e3o, pl\u00e1sticos, t\u00eaxteis e outros materiais recicl\u00e1veis. Concebida para facilidade de utiliza\u00e7\u00e3o e baixa manuten\u00e7\u00e3o, esta enfardadeira possui uma porta frontal de acionamento manual para carga e descarga seguras. O seu design vertical poupa espa\u00e7o, tornando-a ideal para lojas de retalho, armaz\u00e9ns, f\u00e1bricas e centros de reciclagem. Com uma poderosa press\u00e3o hidr\u00e1ulica, reduz o volume de res\u00edduos de forma eficiente e apoia opera\u00e7\u00f5es sustent\u00e1veis. Econ\u00f3mica e f\u00e1cil de utilizar, \u00e9 perfeita para empresas que procuram gerir os seus res\u00edduos de forma mais respons\u00e1vel e melhorar a limpeza do local.<\/p>","protected":false},"featured_media":1948,"template":"","meta":{"site-sidebar-layout":"default","site-content-layout":"","ast-site-content-layout":"default","site-content-style":"default","site-sidebar-style":"default","ast-global-header-display":"","ast-banner-title-visibility":"","ast-main-header-display":"","ast-hfb-above-header-display":"","ast-hfb-below-header-display":"","ast-hfb-mobile-header-display":"","site-post-title":"","ast-breadcrumbs-content":"","ast-featured-img":"","footer-sml-layout":"","ast-disable-related-posts":"","theme-transparent-header-meta":"default","adv-header-id-meta":"","stick-header-meta":"","header-above-stick-meta":"","header-main-stick-meta":"","header-below-stick-meta":"","astra-migrate-meta-layouts":"set","ast-page-background-enabled":"default","ast-page-background-meta":{"desktop":{"background-color":"var(--ast-global-color-5)","background-image":"","background-repeat":"repeat","background-position":"center center","background-size":"auto","background-attachment":"scroll","background-type":"","background-media":"","overlay-type":"","overlay-color":"","overlay-opacity":"","overlay-gradient":""},"tablet":{"background-color":"","background-image":"","background-repeat":"repeat","background-position":"center center","background-size":"auto","background-attachment":"scroll","background-type":"","background-media":"","overlay-type":"","overlay-color":"","overlay-opacity":"","overlay-gradient":""},"mobile":{"background-color":"","background-image":"","background-repeat":"repeat","background-position":"center center","background-size":"auto","background-attachment":"scroll","background-type":"","background-media":"","overlay-type":"","overlay-color":"","overlay-opacity":"","overlay-gradient":""}},"ast-content-background-meta":{"desktop":{"background-color":"var(--ast-global-color-4)","background-image":"","background-repeat":"repeat","background-position":"center center","background-size":"auto","background-attachment":"scroll","background-type":"","background-media":"","overlay-type":"","overlay-color":"","overlay-opacity":"","overlay-gradient":""},"tablet":{"background-color":"var(--ast-global-color-4)","background-image":"","background-repeat":"repeat","background-position":"center center","background-size":"auto","background-attachment":"scroll","background-type":"","background-media":"","overlay-type":"","overlay-color":"","overlay-opacity":"","overlay-gradient":""},"mobile":{"background-color":"var(--ast-global-color-4)","background-image":"","background-repeat":"repeat","background-position":"center center","background-size":"auto","background-attachment":"scroll","background-type":"","background-media":"","overlay-type":"","overlay-color":"","overlay-opacity":"","overlay-gradient":""}}},"product_brand":[],"product_cat":[21,152],"product_tag":[],"class_list":{"0":"post-1992","1":"product","2":"type-product","3":"status-publish","4":"has-post-thumbnail","6":"product_cat-baling-machine","7":"product_cat-vertical-baler","8":"desktop-align-left","9":"tablet-align-left","10":"mobile-align-left","12":"first","13":"instock","14":"shipping-taxable","15":"product-type-simple"},"_links":{"self":[{"href":"https:\/\/www.gigapa.com\/pt\/wp-json\/wp\/v2\/product\/1992","targetHints":{"allow":["GET"]}}],"collection":[{"href":"https:\/\/www.gigapa.com\/pt\/wp-json\/wp\/v2\/product"}],"about":[{"href":"https:\/\/www.gigapa.com\/pt\/wp-json\/wp\/v2\/types\/product"}],"version-history":[{"count":2,"href":"https:\/\/www.gigapa.com\/pt\/wp-json\/wp\/v2\/product\/1992\/revisions"}],"predecessor-version":[{"id":2138,"href":"https:\/\/www.gigapa.com\/pt\/wp-json\/wp\/v2\/product\/1992\/revisions\/2138"}],"wp:featuredmedia":[{"embeddable":true,"href":"https:\/\/www.gigapa.com\/pt\/wp-json\/wp\/v2\/media\/1948"}],"wp:attachment":[{"href":"https:\/\/www.gigapa.com\/pt\/wp-json\/wp\/v2\/media?parent=1992"}],"wp:term":[{"taxonomy":"product_brand","embeddable":true,"href":"https:\/\/www.gigapa.com\/pt\/wp-json\/wp\/v2\/product_brand?post=1992"},{"taxonomy":"product_cat","embeddable":true,"href":"https:\/\/www.gigapa.com\/pt\/wp-json\/wp\/v2\/product_cat?post=1992"},{"taxonomy":"product_tag","embeddable":true,"href":"https:\/\/www.gigapa.com\/pt\/wp-json\/wp\/v2\/product_tag?post=1992"}],"curies":[{"name":"wp","href":"https:\/\/api.w.org\/{rel}","templated":true}]}}