{"id":1994,"date":"2025-06-18T09:49:58","date_gmt":"2025-06-18T01:49:58","guid":{"rendered":"https:\/\/www.gigapa.com\/?post_type=product&#038;p=1994"},"modified":"2025-10-13T09:15:52","modified_gmt":"2025-10-13T01:15:52","slug":"vertical-solid-waste-baler","status":"publish","type":"product","link":"https:\/\/www.gigapa.com\/pt\/produto\/vertical-solid-waste-baler\/","title":{"rendered":"Enfardadeira vertical de res\u00edduos s\u00f3lidos"},"content":{"rendered":"<h3 data-start=\"215\" data-end=\"239\" data-immersive-translate-walked=\"d031e606-b67d-4f5f-96db-1fa1e624d354\"><strong data-start=\"215\" data-end=\"239\" data-immersive-translate-walked=\"d031e606-b67d-4f5f-96db-1fa1e624d354\" data-immersive-translate-paragraph=\"1\">Descri\u00e7\u00e3o do produto:<\/strong><\/h3>\n<p data-start=\"241\" data-end=\"678\" data-immersive-translate-walked=\"d031e606-b67d-4f5f-96db-1fa1e624d354\" data-immersive-translate-paragraph=\"1\">A enfardadeira vertical de res\u00edduos s\u00f3lidos \u00e9 uma pe\u00e7a essencial de equipamento para empresas e instala\u00e7\u00f5es que geram grandes volumes de res\u00edduos s\u00f3lidos e materiais recicl\u00e1veis. Concebida para fornecer uma solu\u00e7\u00e3o fi\u00e1vel e economizadora de espa\u00e7o para compactar materiais como cart\u00e3o, papel, pel\u00edcula de pl\u00e1stico, t\u00eaxteis e res\u00edduos s\u00f3lidos em geral, esta enfardadeira vertical ajuda a reduzir os custos de elimina\u00e7\u00e3o, a melhorar a limpeza no local e a apoiar os objectivos de sustentabilidade.<\/p>\n<p data-start=\"680\" data-end=\"1036\" data-immersive-translate-walked=\"d031e606-b67d-4f5f-96db-1fa1e624d354\" data-immersive-translate-paragraph=\"1\">Numa era em que a responsabilidade ambiental e a efici\u00eancia operacional s\u00e3o as principais prioridades, a gest\u00e3o eficiente dos res\u00edduos \u00e9 mais importante do que nunca. A enfardadeira vertical de res\u00edduos s\u00f3lidos oferece uma solu\u00e7\u00e3o simples mas poderosa para estas necessidades, permitindo \u00e0s organiza\u00e7\u00f5es otimizar o manuseamento de res\u00edduos, aumentar as taxas de reciclagem e manter a conformidade regulamentar.<\/p>\n<h3 data-start=\"1038\" data-end=\"1070\" data-immersive-translate-walked=\"d031e606-b67d-4f5f-96db-1fa1e624d354\"><strong data-start=\"1038\" data-end=\"1070\" data-immersive-translate-walked=\"d031e606-b67d-4f5f-96db-1fa1e624d354\" data-immersive-translate-paragraph=\"1\">Principais carater\u00edsticas e vantagens:<\/strong><\/h3>\n<p data-start=\"1077\" data-end=\"1505\" data-immersive-translate-walked=\"d031e606-b67d-4f5f-96db-1fa1e624d354\" data-immersive-translate-paragraph=\"1\"><strong data-start=\"1077\" data-end=\"1115\" data-immersive-translate-walked=\"d031e606-b67d-4f5f-96db-1fa1e624d354\" data-immersive-translate-paragraph=\"1\">1. Conce\u00e7\u00e3o vertical eficiente em termos de espa\u00e7o<\/strong><br data-start=\"1115\" data-end=\"1118\" data-immersive-translate-walked=\"d031e606-b67d-4f5f-96db-1fa1e624d354\" \/>Uma das vantagens mais not\u00e1veis desta enfardadeira \u00e9 a sua estrutura vertical, que reduz significativamente o espa\u00e7o necess\u00e1rio para a instala\u00e7\u00e3o e funcionamento. Ideal para instala\u00e7\u00f5es com \u00e1reas de trabalho limitadas - tais como armaz\u00e9ns, lojas de retalho, centros de distribui\u00e7\u00e3o e hot\u00e9is - pode ser colocada contra uma parede ou num canto, maximizando o espa\u00e7o utiliz\u00e1vel enquanto lida com elevados volumes de res\u00edduos.<\/p>\n<p data-start=\"1512\" data-end=\"1644\" data-immersive-translate-walked=\"d031e606-b67d-4f5f-96db-1fa1e624d354\" data-immersive-translate-paragraph=\"1\"><strong data-start=\"1512\" data-end=\"1556\" data-immersive-translate-walked=\"d031e606-b67d-4f5f-96db-1fa1e624d354\" data-immersive-translate-paragraph=\"1\">2. Capacidades vers\u00e1teis de manuseamento de res\u00edduos<\/strong><br data-start=\"1556\" data-end=\"1559\" data-immersive-translate-walked=\"d031e606-b67d-4f5f-96db-1fa1e624d354\" \/>Esta enfardadeira foi concebida para processar uma vasta gama de materiais de res\u00edduos s\u00f3lidos, incluindo:<\/p>\n<ul>\n<li data-start=\"1648\" data-end=\"1670\" data-immersive-translate-walked=\"d031e606-b67d-4f5f-96db-1fa1e624d354\" data-immersive-translate-paragraph=\"1\">Cart\u00e3o canelado<\/li>\n<li data-start=\"1673\" data-end=\"1710\" data-immersive-translate-walked=\"d031e606-b67d-4f5f-96db-1fa1e624d354\" data-immersive-translate-paragraph=\"1\">Papel de escrit\u00f3rio e documentos triturados<\/li>\n<li data-start=\"1713\" data-end=\"1751\" data-immersive-translate-walked=\"d031e606-b67d-4f5f-96db-1fa1e624d354\" data-immersive-translate-paragraph=\"1\">Pel\u00edcula pl\u00e1stica, pel\u00edcula extens\u00edvel e sacos<\/li>\n<li data-start=\"1754\" data-end=\"1780\" data-immersive-translate-walked=\"d031e606-b67d-4f5f-96db-1fa1e624d354\" data-immersive-translate-paragraph=\"1\">Materiais de embalagem macios<\/li>\n<li data-start=\"1783\" data-end=\"1816\" data-immersive-translate-walked=\"d031e606-b67d-4f5f-96db-1fa1e624d354\" data-immersive-translate-paragraph=\"1\">Restos de t\u00eaxteis e desperd\u00edcios de tecidos<\/li>\n<li data-start=\"1819\" data-end=\"1870\" data-immersive-translate-walked=\"d031e606-b67d-4f5f-96db-1fa1e624d354\" data-immersive-translate-paragraph=\"1\">Latas de alum\u00ednio e garrafas PET (n\u00e3o cheias de l\u00edquido)<\/li>\n<li data-start=\"1873\" data-end=\"1898\" data-immersive-translate-walked=\"d031e606-b67d-4f5f-96db-1fa1e624d354\" data-immersive-translate-paragraph=\"1\">Res\u00edduos s\u00f3lidos secos em geral<\/li>\n<\/ul>\n<p data-start=\"1900\" data-end=\"2050\" data-immersive-translate-walked=\"d031e606-b67d-4f5f-96db-1fa1e624d354\" data-immersive-translate-paragraph=\"1\">A sua capacidade de gerir v\u00e1rios materiais torna-o uma solu\u00e7\u00e3o universal para as empresas que pretendem centralizar e simplificar o seu processo de gest\u00e3o de res\u00edduos.<\/p>\n<p data-start=\"2057\" data-end=\"2281\" data-immersive-translate-walked=\"d031e606-b67d-4f5f-96db-1fa1e624d354\" data-immersive-translate-paragraph=\"1\"><strong data-start=\"2057\" data-end=\"2105\" data-immersive-translate-walked=\"d031e606-b67d-4f5f-96db-1fa1e624d354\" data-immersive-translate-paragraph=\"1\">3. Redu\u00e7\u00e3o de custos atrav\u00e9s da compress\u00e3o de volumes<\/strong><br data-start=\"2105\" data-end=\"2108\" data-immersive-translate-walked=\"d031e606-b67d-4f5f-96db-1fa1e624d354\" \/>Uma das maiores vantagens da utiliza\u00e7\u00e3o de uma enfardadeira vertical \u00e9 a redu\u00e7\u00e3o significativa do volume de res\u00edduos. Ao comprimir os materiais em fardos densos e manej\u00e1veis, as empresas podem:<\/p>\n<ul>\n<li data-start=\"2285\" data-end=\"2338\" data-immersive-translate-walked=\"d031e606-b67d-4f5f-96db-1fa1e624d354\" data-immersive-translate-paragraph=\"1\">Minimizar a frequ\u00eancia e o custo da recolha de res\u00edduos<\/li>\n<li data-start=\"2341\" data-end=\"2395\" data-immersive-translate-walked=\"d031e606-b67d-4f5f-96db-1fa1e624d354\" data-immersive-translate-paragraph=\"1\">Reduzir os custos de transporte de materiais recicl\u00e1veis<\/li>\n<li data-start=\"2398\" data-end=\"2453\" data-immersive-translate-walked=\"d031e606-b67d-4f5f-96db-1fa1e624d354\" data-immersive-translate-paragraph=\"1\">Eliminar a necessidade de contentores de armazenamento de res\u00edduos volumosos<\/li>\n<li data-start=\"2456\" data-end=\"2505\" data-immersive-translate-walked=\"d031e606-b67d-4f5f-96db-1fa1e624d354\" data-immersive-translate-paragraph=\"1\">Melhorar a efici\u00eancia do armazenamento e a limpeza do local<\/li>\n<\/ul>\n<p data-start=\"2507\" data-end=\"2584\" data-immersive-translate-walked=\"d031e606-b67d-4f5f-96db-1fa1e624d354\" data-immersive-translate-paragraph=\"1\">Isto conduz diretamente a poupan\u00e7as de custos mensur\u00e1veis e a um melhor fluxo operacional.<\/p>\n<p data-start=\"2591\" data-end=\"3109\" data-immersive-translate-walked=\"d031e606-b67d-4f5f-96db-1fa1e624d354\" data-immersive-translate-paragraph=\"1\"><strong data-start=\"2591\" data-end=\"2653\" data-immersive-translate-walked=\"d031e606-b67d-4f5f-96db-1fa1e624d354\" data-immersive-translate-paragraph=\"1\">4. Apoia os esfor\u00e7os de conformidade ambiental e de reciclagem<\/strong><br data-start=\"2653\" data-end=\"2656\" data-immersive-translate-walked=\"d031e606-b67d-4f5f-96db-1fa1e624d354\" \/>Os governos e as ag\u00eancias ambientais de todo o mundo est\u00e3o a tornar mais rigorosos os regulamentos relativos \u00e0 elimina\u00e7\u00e3o e reciclagem de res\u00edduos. A enfardadeira vertical de res\u00edduos s\u00f3lidos ajuda as empresas a manterem-se em conformidade com estes regulamentos, facilitando a separa\u00e7\u00e3o de res\u00edduos e preparando os materiais recicl\u00e1veis para um processamento eficiente a jusante. Muitos centros de reciclagem oferecem descontos para materiais bem enfardados, dando \u00e0s empresas uma fonte adicional de receitas e reduzindo o impacto ambiental.<\/p>\n<p data-start=\"3116\" data-end=\"3612\" data-immersive-translate-walked=\"d031e606-b67d-4f5f-96db-1fa1e624d354\" data-immersive-translate-paragraph=\"1\"><strong data-start=\"3116\" data-end=\"3153\" data-immersive-translate-walked=\"d031e606-b67d-4f5f-96db-1fa1e624d354\" data-immersive-translate-paragraph=\"1\">5. F\u00e1cil de utilizar e economiza trabalho<\/strong><br data-start=\"3153\" data-end=\"3156\" data-immersive-translate-walked=\"d031e606-b67d-4f5f-96db-1fa1e624d354\" \/>A enfardadeira possui um sistema de controlo simples e uma opera\u00e7\u00e3o segura e f\u00e1cil de utilizar. Com uma c\u00e2mara de carga vertical, os operadores podem carregar manualmente os materiais ao n\u00edvel da cintura, sem necessidade de se curvarem ou levantarem excessivamente. A eje\u00e7\u00e3o autom\u00e1tica do fardo simplifica o processo de remo\u00e7\u00e3o, reduzindo a necessidade de interven\u00e7\u00e3o manual e diminuindo o risco de les\u00f5es no local de trabalho. Mesmo o pessoal com experi\u00eancia t\u00e9cnica m\u00ednima pode oper\u00e1-la de forma segura e eficiente ap\u00f3s uma breve forma\u00e7\u00e3o.<\/p>\n<p data-start=\"3619\" data-end=\"3772\" data-immersive-translate-walked=\"d031e606-b67d-4f5f-96db-1fa1e624d354\" data-immersive-translate-paragraph=\"1\"><strong data-start=\"3619\" data-end=\"3672\" data-immersive-translate-walked=\"d031e606-b67d-4f5f-96db-1fa1e624d354\" data-immersive-translate-paragraph=\"1\">6. Ideal para uma s\u00e9rie de ind\u00fastrias e instala\u00e7\u00f5es<\/strong><br data-start=\"3672\" data-end=\"3675\" data-immersive-translate-walked=\"d031e606-b67d-4f5f-96db-1fa1e624d354\" \/>A enfardadeira vertical de res\u00edduos s\u00f3lidos \u00e9 altamente adapt\u00e1vel e serve uma vasta gama de sectores, incluindo:<\/p>\n<ul>\n<li data-start=\"3776\" data-end=\"3842\" data-immersive-translate-walked=\"d031e606-b67d-4f5f-96db-1fa1e624d354\" data-immersive-translate-paragraph=\"1\"><strong data-start=\"3776\" data-end=\"3803\" data-immersive-translate-walked=\"d031e606-b67d-4f5f-96db-1fa1e624d354\">Retalho e supermercados<\/strong>: Embalagem em cart\u00e3o e pel\u00edcula retr\u00e1til<\/li>\n<li data-start=\"3845\" data-end=\"3932\" data-immersive-translate-walked=\"d031e606-b67d-4f5f-96db-1fa1e624d354\" data-immersive-translate-paragraph=\"1\"><strong data-start=\"3845\" data-end=\"3874\" data-immersive-translate-walked=\"d031e606-b67d-4f5f-96db-1fa1e624d354\">Log\u00edstica e armazenamento<\/strong>: Embalagem de paletes, caixas de cart\u00e3o canelado e embalagens fora de uso<\/li>\n<li data-start=\"3935\" data-end=\"4007\" data-immersive-translate-walked=\"d031e606-b67d-4f5f-96db-1fa1e624d354\" data-immersive-translate-paragraph=\"1\"><strong data-start=\"3935\" data-end=\"3968\" data-immersive-translate-walked=\"d031e606-b67d-4f5f-96db-1fa1e624d354\">F\u00e1bricas de t\u00eaxteis e vestu\u00e1rio<\/strong>: Retalhos de tecidos e res\u00edduos de produ\u00e7\u00e3o<\/li>\n<li data-start=\"4010\" data-end=\"4084\" data-immersive-translate-walked=\"d031e606-b67d-4f5f-96db-1fa1e624d354\" data-immersive-translate-paragraph=\"1\"><strong data-start=\"4010\" data-end=\"4042\" data-immersive-translate-walked=\"d031e606-b67d-4f5f-96db-1fa1e624d354\">Instala\u00e7\u00f5es para alimentos e bebidas<\/strong>: Res\u00edduos secos de embalagens, garrafas e latas<\/li>\n<li data-start=\"4087\" data-end=\"4164\" data-immersive-translate-walked=\"d031e606-b67d-4f5f-96db-1fa1e624d354\" data-immersive-translate-paragraph=\"1\"><strong data-start=\"4087\" data-end=\"4109\" data-immersive-translate-walked=\"d031e606-b67d-4f5f-96db-1fa1e624d354\">Escrit\u00f3rios comerciais<\/strong>: Res\u00edduos de papel, tritura\u00e7\u00e3o de ficheiros e elimina\u00e7\u00e3o de documentos<\/li>\n<li data-start=\"4167\" data-end=\"4256\" data-immersive-translate-walked=\"d031e606-b67d-4f5f-96db-1fa1e624d354\" data-immersive-translate-paragraph=\"1\"><strong data-start=\"4167\" data-end=\"4189\" data-immersive-translate-walked=\"d031e606-b67d-4f5f-96db-1fa1e624d354\">Setor da hotelaria<\/strong>: Hot\u00e9is, resorts e restaurantes que gerem os res\u00edduos de embalagens di\u00e1rios<\/li>\n<\/ul>\n<p data-start=\"4258\" data-end=\"4366\" data-immersive-translate-walked=\"d031e606-b67d-4f5f-96db-1fa1e624d354\" data-immersive-translate-paragraph=\"1\">A sua versatilidade torna-o um trunfo valioso tanto para pequenas empresas como para opera\u00e7\u00f5es industriais em grande escala.<\/p>\n<p data-start=\"4373\" data-end=\"4768\" data-immersive-translate-walked=\"d031e606-b67d-4f5f-96db-1fa1e624d354\" data-immersive-translate-paragraph=\"1\"><strong data-start=\"4373\" data-end=\"4426\" data-immersive-translate-walked=\"d031e606-b67d-4f5f-96db-1fa1e624d354\" data-immersive-translate-paragraph=\"1\">7. Ambiente de trabalho limpo, arrumado e profissional<\/strong><br data-start=\"4426\" data-end=\"4429\" data-immersive-translate-walked=\"d031e606-b67d-4f5f-96db-1fa1e624d354\" \/>Os res\u00edduos soltos ocupam um espa\u00e7o valioso, desorganizam o ambiente de trabalho e representam um risco de inc\u00eandio e de seguran\u00e7a. Ao compactar os res\u00edduos em fardos apertados e empilh\u00e1veis, a enfardadeira vertical contribui para uma instala\u00e7\u00e3o mais limpa e organizada. Isto n\u00e3o s\u00f3 melhora a efici\u00eancia dos trabalhadores, como tamb\u00e9m melhora a imagem da empresa junto dos clientes e dos inspectores regulamentares.<\/p>\n<p data-start=\"4775\" data-end=\"5162\" data-immersive-translate-walked=\"d031e606-b67d-4f5f-96db-1fa1e624d354\" data-immersive-translate-paragraph=\"1\"><strong data-start=\"4775\" data-end=\"4817\" data-immersive-translate-walked=\"d031e606-b67d-4f5f-96db-1fa1e624d354\" data-immersive-translate-paragraph=\"1\">8. Sustentabilidade e reputa\u00e7\u00e3o da marca<\/strong><br data-start=\"4817\" data-end=\"4820\" data-immersive-translate-walked=\"d031e606-b67d-4f5f-96db-1fa1e624d354\" \/>\u00c0 medida que mais consumidores e parceiros comerciais d\u00e3o \u00eanfase \u00e0 responsabilidade ambiental, ter pr\u00e1ticas de gest\u00e3o de res\u00edduos vis\u00edveis e respons\u00e1veis pode melhorar a perce\u00e7\u00e3o da marca e dar \u00e0 sua empresa uma vantagem competitiva. A utiliza\u00e7\u00e3o de uma enfardadeira vertical demonstra uma abordagem proactiva \u00e0 sustentabilidade e posiciona a sua empresa como ambientalmente consciente.<\/p>\n<p data-start=\"5169\" data-end=\"5578\" data-immersive-translate-walked=\"d031e606-b67d-4f5f-96db-1fa1e624d354\" data-immersive-translate-paragraph=\"1\"><strong data-start=\"5169\" data-end=\"5216\" data-immersive-translate-walked=\"d031e606-b67d-4f5f-96db-1fa1e624d354\" data-immersive-translate-paragraph=\"1\">9. Constru\u00e7\u00e3o dur\u00e1vel e de baixa manuten\u00e7\u00e3o<\/strong><br data-start=\"5216\" data-end=\"5219\" data-immersive-translate-walked=\"d031e606-b67d-4f5f-96db-1fa1e624d354\" \/>Constru\u00edda com componentes de alta qualidade e uma estrutura de a\u00e7o robusta, a enfardadeira vertical de res\u00edduos s\u00f3lidos foi concebida para uma utiliza\u00e7\u00e3o a longo prazo em ambientes de elevada procura. Requer uma manuten\u00e7\u00e3o m\u00ednima, reduzindo o tempo de inatividade e prolongando a vida \u00fatil operacional. Com os devidos cuidados, esta m\u00e1quina proporciona um desempenho consistente durante anos, oferecendo um excelente retorno do investimento.<\/p>\n<h3 data-start=\"5585\" data-end=\"5600\" data-immersive-translate-walked=\"d031e606-b67d-4f5f-96db-1fa1e624d354\"><strong data-start=\"5585\" data-end=\"5600\" data-immersive-translate-walked=\"d031e606-b67d-4f5f-96db-1fa1e624d354\" data-immersive-translate-paragraph=\"1\">Conclus\u00e3o:<\/strong><\/h3>\n<p data-start=\"5602\" data-end=\"5937\" data-immersive-translate-walked=\"d031e606-b67d-4f5f-96db-1fa1e624d354\" data-immersive-translate-paragraph=\"1\">A enfardadeira vertical de res\u00edduos s\u00f3lidos \u00e9 uma solu\u00e7\u00e3o inteligente, eficiente em termos de espa\u00e7o e econ\u00f3mica para qualquer empresa que pretenda melhorar a sua estrat\u00e9gia de gest\u00e3o de res\u00edduos. Ao reduzir o volume de res\u00edduos, diminuir os custos de elimina\u00e7\u00e3o e melhorar os processos de reciclagem, esta prensa contribui diretamente para o seu resultado final, apoiando simultaneamente os objectivos de sustentabilidade.<\/p>\n<p data-start=\"5939\" data-end=\"6181\" data-immersive-translate-walked=\"d031e606-b67d-4f5f-96db-1fa1e624d354\" data-immersive-translate-paragraph=\"1\">Quer seja um retalhista que lida com res\u00edduos de embalagens, um fabricante que gere restos de produ\u00e7\u00e3o ou uma propriedade comercial que pretende manter as suas instala\u00e7\u00f5es limpas e eficientes, esta enfardadeira oferece a flexibilidade, a seguran\u00e7a e o desempenho de que necessita.<\/p>\n<p data-start=\"6183\" data-end=\"6331\" data-immersive-translate-walked=\"d031e606-b67d-4f5f-96db-1fa1e624d354\" data-immersive-translate-paragraph=\"1\">Invista hoje na enfardadeira vertical de res\u00edduos s\u00f3lidos para transformar o seu processo de gest\u00e3o de res\u00edduos numa opera\u00e7\u00e3o simplificada e ambientalmente respons\u00e1vel.<\/p>","protected":false},"excerpt":{"rendered":"<p>A enfardadeira vertical de res\u00edduos s\u00f3lidos \u00e9 uma solu\u00e7\u00e3o compacta e potente para comprimir cart\u00e3o, pl\u00e1stico, embalagens e outros res\u00edduos s\u00f3lidos secos. O seu design vertical permite poupar espa\u00e7o no ch\u00e3o, ao mesmo tempo que proporciona uma elevada efici\u00eancia de compacta\u00e7\u00e3o, tornando-a ideal para o com\u00e9rcio a retalho, armaz\u00e9ns, ind\u00fastria transformadora e estabelecimentos comerciais. Esta enfardadeira ajuda a reduzir o volume de res\u00edduos, a diminuir os custos de elimina\u00e7\u00e3o e a apoiar iniciativas de reciclagem. De f\u00e1cil utiliza\u00e7\u00e3o e baixa manuten\u00e7\u00e3o, adapta-se facilmente aos fluxos de trabalho existentes e promove um ambiente de trabalho limpo e organizado. Uma excelente escolha para empresas que procuram uma gest\u00e3o sustent\u00e1vel dos res\u00edduos sem comprometer o espa\u00e7o operacional ou o or\u00e7amento.<\/p>","protected":false},"featured_media":1947,"template":"","meta":{"site-sidebar-layout":"default","site-content-layout":"","ast-site-content-layout":"default","site-content-style":"default","site-sidebar-style":"default","ast-global-header-display":"","ast-banner-title-visibility":"","ast-main-header-display":"","ast-hfb-above-header-display":"","ast-hfb-below-header-display":"","ast-hfb-mobile-header-display":"","site-post-title":"","ast-breadcrumbs-content":"","ast-featured-img":"","footer-sml-layout":"","ast-disable-related-posts":"","theme-transparent-header-meta":"default","adv-header-id-meta":"","stick-header-meta":"","header-above-stick-meta":"","header-main-stick-meta":"","header-below-stick-meta":"","astra-migrate-meta-layouts":"set","ast-page-background-enabled":"default","ast-page-background-meta":{"desktop":{"background-color":"var(--ast-global-color-5)","background-image":"","background-repeat":"repeat","background-position":"center center","background-size":"auto","background-attachment":"scroll","background-type":"","background-media":"","overlay-type":"","overlay-color":"","overlay-opacity":"","overlay-gradient":""},"tablet":{"background-color":"","background-image":"","background-repeat":"repeat","background-position":"center center","background-size":"auto","background-attachment":"scroll","background-type":"","background-media":"","overlay-type":"","overlay-color":"","overlay-opacity":"","overlay-gradient":""},"mobile":{"background-color":"","background-image":"","background-repeat":"repeat","background-position":"center center","background-size":"auto","background-attachment":"scroll","background-type":"","background-media":"","overlay-type":"","overlay-color":"","overlay-opacity":"","overlay-gradient":""}},"ast-content-background-meta":{"desktop":{"background-color":"var(--ast-global-color-4)","background-image":"","background-repeat":"repeat","background-position":"center center","background-size":"auto","background-attachment":"scroll","background-type":"","background-media":"","overlay-type":"","overlay-color":"","overlay-opacity":"","overlay-gradient":""},"tablet":{"background-color":"var(--ast-global-color-4)","background-image":"","background-repeat":"repeat","background-position":"center center","background-size":"auto","background-attachment":"scroll","background-type":"","background-media":"","overlay-type":"","overlay-color":"","overlay-opacity":"","overlay-gradient":""},"mobile":{"background-color":"var(--ast-global-color-4)","background-image":"","background-repeat":"repeat","background-position":"center center","background-size":"auto","background-attachment":"scroll","background-type":"","background-media":"","overlay-type":"","overlay-color":"","overlay-opacity":"","overlay-gradient":""}}},"product_brand":[],"product_cat":[21,152],"product_tag":[],"class_list":{"0":"post-1994","1":"product","2":"type-product","3":"status-publish","4":"has-post-thumbnail","6":"product_cat-baling-machine","7":"product_cat-vertical-baler","8":"desktop-align-left","9":"tablet-align-left","10":"mobile-align-left","12":"first","13":"instock","14":"shipping-taxable","15":"product-type-simple"},"_links":{"self":[{"href":"https:\/\/www.gigapa.com\/pt\/wp-json\/wp\/v2\/product\/1994","targetHints":{"allow":["GET"]}}],"collection":[{"href":"https:\/\/www.gigapa.com\/pt\/wp-json\/wp\/v2\/product"}],"about":[{"href":"https:\/\/www.gigapa.com\/pt\/wp-json\/wp\/v2\/types\/product"}],"version-history":[{"count":2,"href":"https:\/\/www.gigapa.com\/pt\/wp-json\/wp\/v2\/product\/1994\/revisions"}],"predecessor-version":[{"id":2137,"href":"https:\/\/www.gigapa.com\/pt\/wp-json\/wp\/v2\/product\/1994\/revisions\/2137"}],"wp:featuredmedia":[{"embeddable":true,"href":"https:\/\/www.gigapa.com\/pt\/wp-json\/wp\/v2\/media\/1947"}],"wp:attachment":[{"href":"https:\/\/www.gigapa.com\/pt\/wp-json\/wp\/v2\/media?parent=1994"}],"wp:term":[{"taxonomy":"product_brand","embeddable":true,"href":"https:\/\/www.gigapa.com\/pt\/wp-json\/wp\/v2\/product_brand?post=1994"},{"taxonomy":"product_cat","embeddable":true,"href":"https:\/\/www.gigapa.com\/pt\/wp-json\/wp\/v2\/product_cat?post=1994"},{"taxonomy":"product_tag","embeddable":true,"href":"https:\/\/www.gigapa.com\/pt\/wp-json\/wp\/v2\/product_tag?post=1994"}],"curies":[{"name":"wp","href":"https:\/\/api.w.org\/{rel}","templated":true}]}}