{"id":1998,"date":"2025-06-18T09:28:09","date_gmt":"2025-06-18T01:28:09","guid":{"rendered":"https:\/\/www.gigapa.com\/?post_type=product&#038;p=1998"},"modified":"2025-10-13T09:16:13","modified_gmt":"2025-10-13T01:16:13","slug":"medical-waste-single-shaft-shredder","status":"publish","type":"product","link":"https:\/\/www.gigapa.com\/pt\/produto\/medical-waste-single-shaft-shredder\/","title":{"rendered":"Triturador de eixo \u00fanico para res\u00edduos hospitalares"},"content":{"rendered":"<h3 data-start=\"373\" data-end=\"397\"><strong data-start=\"373\" data-end=\"397\">Descri\u00e7\u00e3o do produto:<\/strong><\/h3>\n<p data-start=\"399\" data-end=\"793\">A trituradora de res\u00edduos hospitalares de veio \u00fanico \u00e9 uma solu\u00e7\u00e3o altamente eficaz adaptada aos desafios espec\u00edficos da gest\u00e3o de res\u00edduos perigosos nos sectores da sa\u00fade e m\u00e9dico. Concebida para durabilidade, precis\u00e3o e higiene, esta trituradora desempenha um papel crucial na redu\u00e7\u00e3o do volume de res\u00edduos infecciosos, facilitando uma elimina\u00e7\u00e3o mais segura e garantindo a conformidade com normas regulamentares rigorosas.<\/p>\n<p data-start=\"795\" data-end=\"1337\">Os res\u00edduos hospitalares s\u00e3o um dos fluxos de res\u00edduos mais complexos e sens\u00edveis gerados em hospitais, cl\u00ednicas, laborat\u00f3rios e instala\u00e7\u00f5es farmac\u00eauticas. Inclui uma vasta gama de materiais perigosos, tais como seringas, bisturis, gaze contaminada, embalagens de pl\u00e1stico, medicamentos fora de prazo e outros res\u00edduos biocontaminados. O manuseamento incorreto destes res\u00edduos representa s\u00e9rios riscos para a sa\u00fade p\u00fablica, para os trabalhadores do sector sanit\u00e1rio e para o ambiente. \u00c9 por isso que a tritura\u00e7\u00e3o fi\u00e1vel e em conformidade \u00e9 um primeiro passo essencial no processo de tratamento de res\u00edduos hospitalares.<\/p>\n<p data-start=\"1339\" data-end=\"1675\">O triturador de veio \u00fanico foi especificamente concebido para satisfazer estes requisitos cr\u00edticos. Ao contr\u00e1rio dos sistemas de tritura\u00e7\u00e3o convencionais, que podem ter dificuldades com materiais de alimenta\u00e7\u00e3o inconsistentes ou exigir uma manuten\u00e7\u00e3o extensiva, esta m\u00e1quina oferece um processo de tritura\u00e7\u00e3o robusto e optimizado, adequado para funcionamento cont\u00ednuo em ambientes exigentes.<\/p>\n<h3 data-start=\"1677\" data-end=\"1737\"><strong data-start=\"1677\" data-end=\"1737\">Principais vantagens do triturador de eixo \u00fanico para res\u00edduos hospitalares:<\/strong><\/h3>\n<p data-start=\"1739\" data-end=\"2231\"><strong data-start=\"1739\" data-end=\"1773\">1. Refor\u00e7o da seguran\u00e7a e da higiene<\/strong><br data-start=\"1773\" data-end=\"1776\" \/>A seguran\u00e7a \u00e9 uma prioridade m\u00e1xima quando se lida com res\u00edduos m\u00e9dicos infecciosos. O triturador possui uma c\u00e2mara de tritura\u00e7\u00e3o totalmente fechada e um design que minimiza o contacto humano direto com materiais perigosos. O seu sistema automatizado de alimenta\u00e7\u00e3o e descarga reduz a necessidade de manuseamento manual, diminuindo significativamente o risco de ferimentos e contamina\u00e7\u00e3o. As estruturas de veda\u00e7\u00e3o anti-fugas e as superf\u00edcies f\u00e1ceis de limpar ajudam a garantir elevados n\u00edveis de higiene durante todo o funcionamento.<\/p>\n<p data-start=\"2233\" data-end=\"2624\"><strong data-start=\"2233\" data-end=\"2266\">2. Redu\u00e7\u00e3o eficiente do volume<\/strong><br data-start=\"2266\" data-end=\"2269\" \/>O principal objetivo da tritura\u00e7\u00e3o de res\u00edduos hospitalares \u00e9 reduzir o seu volume antes das etapas de tratamento subsequentes, como a autoclavagem, a incinera\u00e7\u00e3o ou a desinfe\u00e7\u00e3o qu\u00edmica. A trituradora de res\u00edduos hospitalares de veio \u00fanico \u00e9 excelente na fragmenta\u00e7\u00e3o de res\u00edduos volumosos em peda\u00e7os uniformes e manej\u00e1veis, optimizando o processamento a jusante e reduzindo drasticamente os custos de armazenamento e transporte.<\/p>\n<p data-start=\"2626\" data-end=\"3099\"><strong data-start=\"2626\" data-end=\"2663\">3. Versatilidade em todos os tipos de res\u00edduos<\/strong><br data-start=\"2663\" data-end=\"2666\" \/>Este triturador \u00e9 capaz de lidar com uma grande variedade de materiais de res\u00edduos hospitalares - desde pl\u00e1sticos macios e embalagens at\u00e9 itens mais duros, como ferramentas de metal e recipientes de vidro. O seu design de veio \u00fanico garante um desempenho de tritura\u00e7\u00e3o uniforme e controlado, tornando-a ideal para cargas de res\u00edduos mistos sem necessidade de triagem pr\u00e9via. Quer se trate de res\u00edduos de sacos vermelhos, objectos cortantes em contentores ou EPI descart\u00e1veis, a trituradora oferece um desempenho fi\u00e1vel.<\/p>\n<p data-start=\"3101\" data-end=\"3548\"><strong data-start=\"3101\" data-end=\"3149\">4. Conformidade com a regulamenta\u00e7\u00e3o ambiental<\/strong><br data-start=\"3149\" data-end=\"3152\" \/>A tritura\u00e7\u00e3o correta dos res\u00edduos hospitalares n\u00e3o \u00e9 apenas uma quest\u00e3o de efici\u00eancia operacional - \u00e9 um requisito legal em muitas jurisdi\u00e7\u00f5es. A trituradora de res\u00edduos hospitalares de veio \u00fanico apoia a total conformidade com os regulamentos ambientais e de sa\u00fade internacionais e locais, proporcionando uma destrui\u00e7\u00e3o fi\u00e1vel de materiais contaminados. Isto ajuda as institui\u00e7\u00f5es de cuidados de sa\u00fade a manter as suas licen\u00e7as e a proteger a sua reputa\u00e7\u00e3o.<\/p>\n<p data-start=\"3550\" data-end=\"4054\"><strong data-start=\"3550\" data-end=\"3602\">5. Concebida para um rendimento elevado e um tempo de inatividade reduzido<\/strong><br data-start=\"3602\" data-end=\"3605\" \/>Em ambientes hospitalares ou cl\u00ednicos movimentados, os res\u00edduos acumulam-se rapidamente. O triturador de res\u00edduos hospitalares de veio \u00fanico foi concebido para lidar com grandes volumes de forma cont\u00ednua com um m\u00ednimo de supervis\u00e3o. O sistema est\u00e1 equipado com fun\u00e7\u00f5es automatizadas, como a invers\u00e3o autom\u00e1tica, para evitar encravamentos e obstru\u00e7\u00f5es. Os pontos de acesso para manuten\u00e7\u00e3o est\u00e3o estrategicamente posicionados e os componentes resistentes ao desgaste reduzem a frequ\u00eancia de manuten\u00e7\u00e3o, assegurando um tempo de atividade prolongado e interrup\u00e7\u00f5es operacionais reduzidas.<\/p>\n<p data-start=\"4056\" data-end=\"4574\"><strong data-start=\"4056\" data-end=\"4091\">6. Gest\u00e3o sustent\u00e1vel dos res\u00edduos<\/strong><br data-start=\"4091\" data-end=\"4094\" \/>A sustentabilidade est\u00e1 a tornar-se um princ\u00edpio fundamental nas infra-estruturas modernas dos cuidados de sa\u00fade. Ao incorporar a tritura\u00e7\u00e3o no processo de gest\u00e3o de res\u00edduos, as instala\u00e7\u00f5es podem reduzir drasticamente o volume de res\u00edduos que acabam em aterros. Nalguns casos, os res\u00edduos hospitalares triturados podem mesmo ser tornados inertes e reutilizados como combust\u00edvel alternativo ou material reciclado, dependendo dos regulamentos locais. A trituradora de res\u00edduos hospitalares de veio \u00fanico contribui, portanto, para opera\u00e7\u00f5es mais conscientes do ponto de vista ecol\u00f3gico e econ\u00f3micas.<\/p>\n<p data-start=\"4576\" data-end=\"5088\"><strong data-start=\"4576\" data-end=\"4617\">7. Pegada compacta, design escal\u00e1vel<\/strong><br data-start=\"4617\" data-end=\"4620\" \/>Muitas instala\u00e7\u00f5es m\u00e9dicas t\u00eam um espa\u00e7o limitado para o equipamento de gest\u00e3o de res\u00edduos. O design compacto do triturador de res\u00edduos hospitalares de veio \u00fanico torna-o adequado para instala\u00e7\u00e3o mesmo em ambientes restritos. Para hospitais de grande escala ou instala\u00e7\u00f5es centralizadas de tratamento de res\u00edduos, podem ser configuradas v\u00e1rias unidades para satisfazer exig\u00eancias de elevada capacidade. O sistema tamb\u00e9m \u00e9 compat\u00edvel com correias transportadoras, contentores e unidades de esteriliza\u00e7\u00e3o, tornando a integra\u00e7\u00e3o nos fluxos de trabalho existentes f\u00e1cil e eficiente.<\/p>\n<p data-start=\"5090\" data-end=\"5498\"><strong data-start=\"5090\" data-end=\"5127\">8. Funcionamento silencioso e controlado<\/strong><br data-start=\"5127\" data-end=\"5130\" \/>Ao contr\u00e1rio dos trituradores industriais de grandes dimens\u00f5es, que podem ser ruidosos e perturbadores, este modelo foi concebido com isolamento ac\u00fastico e um motor de baixo ru\u00eddo. Isto torna-o ideal para funcionar perto de ambientes sens\u00edveis, como alas de hospitais ou zonas de laborat\u00f3rios. A sa\u00edda de bin\u00e1rio constante do veio \u00fanico assegura um corte suave e consistente sem vibra\u00e7\u00e3o ou esfor\u00e7o mec\u00e2nico elevado.<\/p>\n<h3 data-start=\"5500\" data-end=\"5532\"><strong data-start=\"5500\" data-end=\"5532\">Cen\u00e1rios de aplica\u00e7\u00e3o ideais:<\/strong><\/h3>\n<ul>\n<li data-start=\"5536\" data-end=\"5580\">Hospitais gerais e unidades de cuidados urgentes<\/li>\n<li data-start=\"5583\" data-end=\"5627\">Cl\u00ednicas especializadas e centros ambulat\u00f3rios<\/li>\n<li data-start=\"5630\" data-end=\"5654\">Laborat\u00f3rios de patologia<\/li>\n<li data-start=\"5657\" data-end=\"5693\">Bancos de sangue e instala\u00e7\u00f5es de an\u00e1lise<\/li>\n<li data-start=\"5696\" data-end=\"5726\">Fabricantes de produtos farmac\u00eauticos<\/li>\n<li data-start=\"5729\" data-end=\"5773\">Esta\u00e7\u00f5es de tratamento de res\u00edduos hospitalares centralizadas<\/li>\n<li data-start=\"5776\" data-end=\"5825\">Empreiteiros de elimina\u00e7\u00e3o de res\u00edduos regulamentados pelo governo<\/li>\n<\/ul>\n<h3 data-start=\"5827\" data-end=\"5842\"><strong data-start=\"5827\" data-end=\"5842\">Conclus\u00e3o:<\/strong><\/h3>\n<p data-start=\"5844\" data-end=\"6208\">O triturador de res\u00edduos hospitalares de veio \u00fanico \u00e9 uma ferramenta indispens\u00e1vel para qualquer organiza\u00e7\u00e3o que pretenda gerir o seu fluxo de res\u00edduos de cuidados de sa\u00fade de uma forma mais segura, mais limpa e mais eficiente. Com um enfoque na seguran\u00e7a, desempenho, conformidade e sustentabilidade, esta m\u00e1quina representa um investimento inteligente para as necessidades de gest\u00e3o de res\u00edduos a longo prazo das institui\u00e7\u00f5es m\u00e9dicas modernas.<\/p>\n<p data-start=\"6210\" data-end=\"6558\">Quer esteja a atualizar o seu sistema de tratamento de res\u00edduos ou a criar uma nova instala\u00e7\u00e3o, a escolha do equipamento de tritura\u00e7\u00e3o adequado \u00e9 uma decis\u00e3o cr\u00edtica. Com a Retalhadora de Eixo Simples para Res\u00edduos M\u00e9dicos, ganha um parceiro fi\u00e1vel que ajuda a proteger o seu pessoal, os seus pacientes e o ambiente - ao mesmo tempo que simplifica as suas opera\u00e7\u00f5es para uma efici\u00eancia m\u00e1xima.<\/p>","protected":false},"excerpt":{"rendered":"<p>O triturador de eixo \u00fanico para res\u00edduos m\u00e9dicos oferece uma solu\u00e7\u00e3o fi\u00e1vel e higi\u00e9nica para a gest\u00e3o de res\u00edduos m\u00e9dicos perigosos. Concebida para hospitais, laborat\u00f3rios e cl\u00ednicas, reduz eficazmente o volume de materiais contaminados, tais como seringas, embalagens e medicamentos fora de prazo. Com alimenta\u00e7\u00e3o automatizada, baixo ru\u00eddo e uma pegada compacta, este triturador garante seguran\u00e7a, efici\u00eancia e conformidade com os regulamentos ambientais. Apoia a gest\u00e3o sustent\u00e1vel de res\u00edduos e integra-se facilmente com sistemas de esteriliza\u00e7\u00e3o ou incinera\u00e7\u00e3o, tornando-se uma parte essencial do fluxo de trabalho de processamento de res\u00edduos de qualquer unidade de sa\u00fade.<\/p>","protected":false},"featured_media":1945,"template":"","meta":{"site-sidebar-layout":"default","site-content-layout":"","ast-site-content-layout":"default","site-content-style":"default","site-sidebar-style":"default","ast-global-header-display":"","ast-banner-title-visibility":"","ast-main-header-display":"","ast-hfb-above-header-display":"","ast-hfb-below-header-display":"","ast-hfb-mobile-header-display":"","site-post-title":"","ast-breadcrumbs-content":"","ast-featured-img":"","footer-sml-layout":"","theme-transparent-header-meta":"default","adv-header-id-meta":"","stick-header-meta":"","header-above-stick-meta":"","header-main-stick-meta":"","header-below-stick-meta":"","astra-migrate-meta-layouts":"set","ast-page-background-enabled":"default","ast-page-background-meta":{"desktop":{"background-color":"var(--ast-global-color-5)","background-image":"","background-repeat":"repeat","background-position":"center center","background-size":"auto","background-attachment":"scroll","background-type":"","background-media":"","overlay-type":"","overlay-color":"","overlay-opacity":"","overlay-gradient":""},"tablet":{"background-color":"","background-image":"","background-repeat":"repeat","background-position":"center center","background-size":"auto","background-attachment":"scroll","background-type":"","background-media":"","overlay-type":"","overlay-color":"","overlay-opacity":"","overlay-gradient":""},"mobile":{"background-color":"","background-image":"","background-repeat":"repeat","background-position":"center center","background-size":"auto","background-attachment":"scroll","background-type":"","background-media":"","overlay-type":"","overlay-color":"","overlay-opacity":"","overlay-gradient":""}},"ast-content-background-meta":{"desktop":{"background-color":"var(--ast-global-color-4)","background-image":"","background-repeat":"repeat","background-position":"center center","background-size":"auto","background-attachment":"scroll","background-type":"","background-media":"","overlay-type":"","overlay-color":"","overlay-opacity":"","overlay-gradient":""},"tablet":{"background-color":"var(--ast-global-color-4)","background-image":"","background-repeat":"repeat","background-position":"center center","background-size":"auto","background-attachment":"scroll","background-type":"","background-media":"","overlay-type":"","overlay-color":"","overlay-opacity":"","overlay-gradient":""},"mobile":{"background-color":"var(--ast-global-color-4)","background-image":"","background-repeat":"repeat","background-position":"center center","background-size":"auto","background-attachment":"scroll","background-type":"","background-media":"","overlay-type":"","overlay-color":"","overlay-opacity":"","overlay-gradient":""}}},"product_brand":[],"product_cat":[20,148],"product_tag":[],"class_list":{"0":"post-1998","1":"product","2":"type-product","3":"status-publish","4":"has-post-thumbnail","6":"product_cat-shredding-and-crushing-machine","7":"product_cat-single-shaft-shredder","8":"desktop-align-left","9":"tablet-align-left","10":"mobile-align-left","12":"first","13":"instock","14":"shipping-taxable","15":"product-type-simple"},"_links":{"self":[{"href":"https:\/\/www.gigapa.com\/pt\/wp-json\/wp\/v2\/product\/1998","targetHints":{"allow":["GET"]}}],"collection":[{"href":"https:\/\/www.gigapa.com\/pt\/wp-json\/wp\/v2\/product"}],"about":[{"href":"https:\/\/www.gigapa.com\/pt\/wp-json\/wp\/v2\/types\/product"}],"version-history":[{"count":2,"href":"https:\/\/www.gigapa.com\/pt\/wp-json\/wp\/v2\/product\/1998\/revisions"}],"predecessor-version":[{"id":2135,"href":"https:\/\/www.gigapa.com\/pt\/wp-json\/wp\/v2\/product\/1998\/revisions\/2135"}],"wp:featuredmedia":[{"embeddable":true,"href":"https:\/\/www.gigapa.com\/pt\/wp-json\/wp\/v2\/media\/1945"}],"wp:attachment":[{"href":"https:\/\/www.gigapa.com\/pt\/wp-json\/wp\/v2\/media?parent=1998"}],"wp:term":[{"taxonomy":"product_brand","embeddable":true,"href":"https:\/\/www.gigapa.com\/pt\/wp-json\/wp\/v2\/product_brand?post=1998"},{"taxonomy":"product_cat","embeddable":true,"href":"https:\/\/www.gigapa.com\/pt\/wp-json\/wp\/v2\/product_cat?post=1998"},{"taxonomy":"product_tag","embeddable":true,"href":"https:\/\/www.gigapa.com\/pt\/wp-json\/wp\/v2\/product_tag?post=1998"}],"curies":[{"name":"wp","href":"https:\/\/api.w.org\/{rel}","templated":true}]}}