{"id":2002,"date":"2025-06-18T09:03:44","date_gmt":"2025-06-18T01:03:44","guid":{"rendered":"https:\/\/www.gigapa.com\/?post_type=product&#038;p=2002"},"modified":"2025-11-05T08:52:01","modified_gmt":"2025-11-05T00:52:01","slug":"fully-automatic-baler-for-textile-waste","status":"publish","type":"product","link":"https:\/\/www.gigapa.com\/pt\/produto\/fully-automatic-baler-for-textile-waste\/","title":{"rendered":"Enfardadeira semi-autom\u00e1tica para res\u00edduos t\u00eaxteis"},"content":{"rendered":"<p data-start=\"213\" data-end=\"853\">Na atual ind\u00fastria t\u00eaxtil em r\u00e1pida evolu\u00e7\u00e3o, a gest\u00e3o eficaz e sustent\u00e1vel dos res\u00edduos tornou-se uma preocupa\u00e7\u00e3o fundamental. Os res\u00edduos t\u00eaxteis, se n\u00e3o forem corretamente tratados, podem contribuir significativamente para a polui\u00e7\u00e3o ambiental e para o aumento dos custos operacionais. A enfardadeira semi-autom\u00e1tica para res\u00edduos t\u00eaxteis oferece uma solu\u00e7\u00e3o avan\u00e7ada, fi\u00e1vel e econ\u00f3mica para estes desafios. Concebida para simplificar o manuseamento e a elimina\u00e7\u00e3o de res\u00edduos t\u00eaxteis, esta m\u00e1quina de enfardamento de \u00faltima gera\u00e7\u00e3o fornece aos fabricantes de t\u00eaxteis, centros de reciclagem e empresas de gest\u00e3o de res\u00edduos uma abordagem automatizada para comprimir e agrupar os res\u00edduos t\u00eaxteis de forma eficiente.<\/p>\n<h3 data-start=\"855\" data-end=\"909\">O que \u00e9 uma enfardadeira semi-autom\u00e1tica para res\u00edduos t\u00eaxteis?<\/h3>\n<p data-start=\"911\" data-end=\"1442\">Uma enfardadeira semi-autom\u00e1tica \u00e9 uma m\u00e1quina altamente projectada para compactar res\u00edduos t\u00eaxteis soltos em fardos densos e manej\u00e1veis, sem necessidade de interven\u00e7\u00e3o humana constante. Ao contr\u00e1rio das enfardadeiras tradicionais, que requerem alimenta\u00e7\u00e3o e opera\u00e7\u00e3o manuais, esta m\u00e1quina automatiza todo o processo, desde a alimenta\u00e7\u00e3o, compress\u00e3o, at\u00e9 ao atamento e eje\u00e7\u00e3o do fardo. Esta automatiza\u00e7\u00e3o n\u00e3o s\u00f3 poupa custos de m\u00e3o de obra, como tamb\u00e9m aumenta a seguran\u00e7a operacional e a produtividade, permitindo que as empresas se concentrem noutras actividades essenciais enquanto os res\u00edduos s\u00e3o tratados de forma eficiente.<\/p>\n<h3 data-start=\"1444\" data-end=\"1507\">Principais benef\u00edcios da utiliza\u00e7\u00e3o de uma enfardadeira de res\u00edduos t\u00eaxteis semi-autom\u00e1tica<\/h3>\n<p data-start=\"1509\" data-end=\"1949\"><strong data-start=\"1509\" data-end=\"1555\">1. Efici\u00eancia maximizada atrav\u00e9s da automatiza\u00e7\u00e3o<\/strong><br data-start=\"1555\" data-end=\"1558\" \/>A enfardadeira semi-autom\u00e1tica integra sistemas de controlo inteligentes que gerem cada etapa do processo de enfardamento sem problemas. Desde o carregamento autom\u00e1tico das aparas t\u00eaxteis at\u00e9 \u00e0 compress\u00e3o hidr\u00e1ulica e ao atamento final, a m\u00e1quina funciona continuamente sem necessidade de interven\u00e7\u00e3o manual. Isto reduz o tempo de inatividade e aumenta o rendimento global, tornando-a ideal para f\u00e1bricas t\u00eaxteis com elevada produ\u00e7\u00e3o de res\u00edduos.<\/p>\n<p data-start=\"1951\" data-end=\"2351\"><strong data-start=\"1951\" data-end=\"1993\">2. Melhoria do manuseamento e armazenamento de res\u00edduos<\/strong><br data-start=\"1993\" data-end=\"1996\" \/>Os res\u00edduos t\u00eaxteis s\u00e3o frequentemente volumosos e dif\u00edceis de armazenar ou transportar. Ao comprimir estes materiais em fardos compactos, a enfardadeira reduz significativamente o volume, tornando o armazenamento mais eficiente em termos de espa\u00e7o e reduzindo os custos de transporte. Os fardos densos s\u00e3o mais f\u00e1ceis de manusear, empilhar e enviar, o que ajuda a otimizar a log\u00edstica e a reduzir a pegada de carbono durante o transporte.<\/p>\n<p data-start=\"2353\" data-end=\"2718\"><strong data-start=\"2353\" data-end=\"2400\">3. Melhoria da seguran\u00e7a no local de trabalho e da ergonomia<\/strong><br data-start=\"2400\" data-end=\"2403\" \/>O manuseamento manual de res\u00edduos t\u00eaxteis soltos pode levar a les\u00f5es e fadiga no local de trabalho. A enfardadeira semi-autom\u00e1tica reduz a necessidade de contacto humano direto com os res\u00edduos, minimizando assim o risco de acidentes. Os processos automatizados tamb\u00e9m reduzem as tarefas manuais repetitivas, melhorando a ergonomia e o bem-estar dos trabalhadores.<\/p>\n<p data-start=\"2720\" data-end=\"3074\"><strong data-start=\"2720\" data-end=\"2768\">4. Versatilidade para v\u00e1rios materiais t\u00eaxteis<\/strong><br data-start=\"2768\" data-end=\"2771\" \/>Esta enfardadeira foi concebida para lidar com uma vasta gama de tipos de res\u00edduos t\u00eaxteis, incluindo restos de algod\u00e3o, fios, retalhos de tecidos e pe\u00e7as de vestu\u00e1rio usadas. O seu design adapt\u00e1vel permite-lhe processar eficazmente materiais de diferentes formas e densidades, garantindo uma qualidade consistente dos fardos, independentemente da composi\u00e7\u00e3o dos res\u00edduos.<\/p>\n<p data-start=\"3076\" data-end=\"3548\"><strong data-start=\"3076\" data-end=\"3111\">5. Sustentabilidade ambiental<\/strong><br data-start=\"3111\" data-end=\"3114\" \/>Com o aumento da press\u00e3o regulamentar e dos compromissos de responsabilidade empresarial no sentido da sustentabilidade, as empresas t\u00eam de adotar pr\u00e1ticas de gest\u00e3o de res\u00edduos mais ecol\u00f3gicas. A enfardadeira semi-autom\u00e1tica para res\u00edduos t\u00eaxteis ajuda as empresas a atingir os objectivos ambientais, facilitando a compacta\u00e7\u00e3o dos res\u00edduos e os esfor\u00e7os de reutiliza\u00e7\u00e3o ou reciclagem. Ao reduzir o volume de res\u00edduos, contribui para uma menor utiliza\u00e7\u00e3o dos aterros sanit\u00e1rios e para a redu\u00e7\u00e3o das emiss\u00f5es de gases com efeito de estufa provenientes do transporte.<\/p>\n<h3 data-start=\"3550\" data-end=\"3610\">Aplica\u00e7\u00f5es nas ind\u00fastrias t\u00eaxtil e de reciclagem<\/h3>\n<p data-start=\"3612\" data-end=\"3731\">Esta m\u00e1quina de enfardar avan\u00e7ada encontra aplica\u00e7\u00f5es em numerosos sectores relacionados com a produ\u00e7\u00e3o t\u00eaxtil e a gest\u00e3o de res\u00edduos:<\/p>\n<ul>\n<li data-start=\"3735\" data-end=\"3878\"><strong data-start=\"3735\" data-end=\"3768\">Instala\u00e7\u00f5es de fabrico de t\u00eaxteis:<\/strong> Gerir eficazmente as sobras geradas durante a produ\u00e7\u00e3o de tecidos, reduzindo a desordem e optimizando a elimina\u00e7\u00e3o de res\u00edduos.<\/li>\n<li data-start=\"3881\" data-end=\"4043\"><strong data-start=\"3881\" data-end=\"3906\">Instala\u00e7\u00f5es de reciclagem:<\/strong> Preparar os res\u00edduos t\u00eaxteis para a reciclagem, comprimindo e agrupando os materiais, tornando o processo de reciclagem mais racional e econ\u00f3mico.<\/li>\n<li data-start=\"4046\" data-end=\"4197\"><strong data-start=\"4046\" data-end=\"4075\">Unidades de produ\u00e7\u00e3o de vestu\u00e1rio:<\/strong> Trate os restos de tecido e as pe\u00e7as de vestu\u00e1rio defeituosas atrav\u00e9s do enfardamento compacto, melhorando a limpeza e reduzindo o desperd\u00edcio de material.<\/li>\n<li data-start=\"4200\" data-end=\"4358\"><strong data-start=\"4200\" data-end=\"4231\">Empresas de gest\u00e3o de res\u00edduos:<\/strong> Fornecer aos clientes uma solu\u00e7\u00e3o fi\u00e1vel para a compacta\u00e7\u00e3o de res\u00edduos t\u00eaxteis, melhorando a oferta de servi\u00e7os e a efici\u00eancia operacional.<\/li>\n<\/ul>\n<h3 data-start=\"4360\" data-end=\"4415\">Por que escolher a nossa enfardadeira de res\u00edduos t\u00eaxteis semi autom\u00e1tica?<\/h3>\n<p data-start=\"4417\" data-end=\"4593\">Orgulhamo-nos de fornecer solu\u00e7\u00f5es de enfardamento de vanguarda que combinam tecnologia inovadora com durabilidade e facilidade de utiliza\u00e7\u00e3o. A nossa enfardadeira semi-autom\u00e1tica destaca-se porque:<\/p>\n<ul>\n<li data-start=\"4597\" data-end=\"4733\"><strong data-start=\"4597\" data-end=\"4621\">Automatiza\u00e7\u00e3o superior:<\/strong> Permite uma opera\u00e7\u00e3o m\u00e3os-livres com sistemas de controlo inteligentes, reduzindo as necessidades de m\u00e3o de obra e a complexidade operacional.<\/li>\n<li data-start=\"4736\" data-end=\"4889\"><strong data-start=\"4736\" data-end=\"4761\">Qualidade de constru\u00e7\u00e3o robusta:<\/strong> Fabricado com materiais e componentes de alta qualidade para garantir um desempenho duradouro, mesmo em condi\u00e7\u00f5es de utiliza\u00e7\u00e3o industrial intensiva.<\/li>\n<li data-start=\"4892\" data-end=\"5007\"><strong data-start=\"4892\" data-end=\"4920\">Interface de f\u00e1cil utiliza\u00e7\u00e3o:<\/strong> Concebida para uma opera\u00e7\u00e3o e manuten\u00e7\u00e3o f\u00e1ceis, reduzindo a curva de aprendizagem e o tempo de inatividade.<\/li>\n<li data-start=\"5010\" data-end=\"5177\"><strong data-start=\"5010\" data-end=\"5036\">Apoio global:<\/strong> Fornecemos instala\u00e7\u00e3o especializada, forma\u00e7\u00e3o de operadores e servi\u00e7o p\u00f3s-venda para garantir que a sua enfardadeira funciona de forma \u00f3ptima durante todo o seu ciclo de vida.<\/li>\n<li data-start=\"5180\" data-end=\"5329\"><strong data-start=\"5180\" data-end=\"5207\">Solu\u00e7\u00f5es personaliz\u00e1veis:<\/strong> Trabalhamos em estreita colabora\u00e7\u00e3o com os clientes para adaptar a configura\u00e7\u00e3o da enfardadeira com base no seu volume espec\u00edfico de res\u00edduos e nas carater\u00edsticas do material.<\/li>\n<\/ul>\n<h3 data-start=\"5331\" data-end=\"5401\">Como \u00e9 que a enfardadeira semi-autom\u00e1tica contribui para o sucesso do seu neg\u00f3cio<\/h3>\n<p data-start=\"5403\" data-end=\"5930\">A ado\u00e7\u00e3o de uma enfardadeira semi-autom\u00e1tica para res\u00edduos t\u00eaxteis \u00e9 mais do que uma simples atualiza\u00e7\u00e3o operacional - \u00e9 uma medida estrat\u00e9gica que melhora a sustentabilidade, a efici\u00eancia de custos e a produtividade da sua empresa. Ao automatizar o processo de compacta\u00e7\u00e3o de res\u00edduos, liberta recursos humanos valiosos para outras tarefas, reduz os custos de gest\u00e3o de res\u00edduos e melhora a seguran\u00e7a geral do local. Al\u00e9m disso, o volume reduzido e o melhor manuseamento dos res\u00edduos traduzem-se diretamente em despesas de transporte mais baixas e numa melhor utiliza\u00e7\u00e3o do espa\u00e7o em armaz\u00e9ns e estaleiros.<\/p>\n<p data-start=\"5932\" data-end=\"6319\">Al\u00e9m disso, com a ind\u00fastria t\u00eaxtil global cada vez mais escrutinada pela sua pegada ambiental, a implementa\u00e7\u00e3o de solu\u00e7\u00f5es avan\u00e7adas de gest\u00e3o de res\u00edduos, como a nossa enfardadeira semi-autom\u00e1tica, demonstra o seu compromisso com pr\u00e1ticas de produ\u00e7\u00e3o respons\u00e1veis. Isto n\u00e3o s\u00f3 refor\u00e7a a reputa\u00e7\u00e3o da sua marca, como tamb\u00e9m pode abrir portas a parcerias com compradores e partes interessadas com consci\u00eancia ambiental.<\/p>\n<h3 data-start=\"6321\" data-end=\"6335\">Conclus\u00e3o<\/h3>\n<p data-start=\"6337\" data-end=\"6649\">A enfardadeira semi-autom\u00e1tica para res\u00edduos t\u00eaxteis representa o futuro da gest\u00e3o sustent\u00e1vel e eficiente dos res\u00edduos t\u00eaxteis. A sua automatiza\u00e7\u00e3o, fiabilidade e versatilidade fazem dela um trunfo indispens\u00e1vel para qualquer empresa do sector t\u00eaxtil que pretenda otimizar os processos de tratamento de res\u00edduos, minimizando o impacto ambiental.<\/p>\n<p data-start=\"6651\" data-end=\"6926\">Se pretende melhorar o seu sistema de gest\u00e3o de res\u00edduos t\u00eaxteis com uma enfardadeira semi-autom\u00e1tica de \u00faltima gera\u00e7\u00e3o que garante uma maior produtividade, poupan\u00e7a de custos e sustentabilidade, contacte-nos hoje mesmo para obter mais informa\u00e7\u00f5es e solu\u00e7\u00f5es personalizadas adaptadas \u00e0s suas necessidades espec\u00edficas.<\/p>","protected":false},"excerpt":{"rendered":"<p>A enfardadeira semi-autom\u00e1tica para res\u00edduos t\u00eaxteis oferece enfardamento automatizado e de alta efici\u00eancia de res\u00edduos t\u00eaxteis. Comprime os res\u00edduos em fardos densos, reduzindo os custos de armazenamento e transporte e aumentando a seguran\u00e7a e a sustentabilidade do local de trabalho. Ideal para fabricantes de t\u00eaxteis e centros de reciclagem que procuram solu\u00e7\u00f5es inteligentes para os res\u00edduos.<\/p>","protected":false},"featured_media":1943,"template":"","meta":{"site-sidebar-layout":"default","site-content-layout":"","ast-site-content-layout":"default","site-content-style":"default","site-sidebar-style":"default","ast-global-header-display":"","ast-banner-title-visibility":"","ast-main-header-display":"","ast-hfb-above-header-display":"","ast-hfb-below-header-display":"","ast-hfb-mobile-header-display":"","site-post-title":"","ast-breadcrumbs-content":"","ast-featured-img":"","footer-sml-layout":"","ast-disable-related-posts":"","theme-transparent-header-meta":"default","adv-header-id-meta":"","stick-header-meta":"","header-above-stick-meta":"","header-main-stick-meta":"","header-below-stick-meta":"","astra-migrate-meta-layouts":"set","ast-page-background-enabled":"default","ast-page-background-meta":{"desktop":{"background-color":"var(--ast-global-color-5)","background-image":"","background-repeat":"repeat","background-position":"center center","background-size":"auto","background-attachment":"scroll","background-type":"","background-media":"","overlay-type":"","overlay-color":"","overlay-opacity":"","overlay-gradient":""},"tablet":{"background-color":"","background-image":"","background-repeat":"repeat","background-position":"center center","background-size":"auto","background-attachment":"scroll","background-type":"","background-media":"","overlay-type":"","overlay-color":"","overlay-opacity":"","overlay-gradient":""},"mobile":{"background-color":"","background-image":"","background-repeat":"repeat","background-position":"center center","background-size":"auto","background-attachment":"scroll","background-type":"","background-media":"","overlay-type":"","overlay-color":"","overlay-opacity":"","overlay-gradient":""}},"ast-content-background-meta":{"desktop":{"background-color":"var(--ast-global-color-4)","background-image":"","background-repeat":"repeat","background-position":"center center","background-size":"auto","background-attachment":"scroll","background-type":"","background-media":"","overlay-type":"","overlay-color":"","overlay-opacity":"","overlay-gradient":""},"tablet":{"background-color":"var(--ast-global-color-4)","background-image":"","background-repeat":"repeat","background-position":"center center","background-size":"auto","background-attachment":"scroll","background-type":"","background-media":"","overlay-type":"","overlay-color":"","overlay-opacity":"","overlay-gradient":""},"mobile":{"background-color":"var(--ast-global-color-4)","background-image":"","background-repeat":"repeat","background-position":"center center","background-size":"auto","background-attachment":"scroll","background-type":"","background-media":"","overlay-type":"","overlay-color":"","overlay-opacity":"","overlay-gradient":""}}},"product_brand":[],"product_cat":[21,153],"product_tag":[],"class_list":{"0":"post-2002","1":"product","2":"type-product","3":"status-publish","4":"has-post-thumbnail","6":"product_cat-baling-machine","7":"product_cat-horizontal-baler","8":"desktop-align-left","9":"tablet-align-left","10":"mobile-align-left","12":"first","13":"instock","14":"shipping-taxable","15":"product-type-simple"},"_links":{"self":[{"href":"https:\/\/www.gigapa.com\/pt\/wp-json\/wp\/v2\/product\/2002","targetHints":{"allow":["GET"]}}],"collection":[{"href":"https:\/\/www.gigapa.com\/pt\/wp-json\/wp\/v2\/product"}],"about":[{"href":"https:\/\/www.gigapa.com\/pt\/wp-json\/wp\/v2\/types\/product"}],"version-history":[{"count":4,"href":"https:\/\/www.gigapa.com\/pt\/wp-json\/wp\/v2\/product\/2002\/revisions"}],"predecessor-version":[{"id":2796,"href":"https:\/\/www.gigapa.com\/pt\/wp-json\/wp\/v2\/product\/2002\/revisions\/2796"}],"wp:featuredmedia":[{"embeddable":true,"href":"https:\/\/www.gigapa.com\/pt\/wp-json\/wp\/v2\/media\/1943"}],"wp:attachment":[{"href":"https:\/\/www.gigapa.com\/pt\/wp-json\/wp\/v2\/media?parent=2002"}],"wp:term":[{"taxonomy":"product_brand","embeddable":true,"href":"https:\/\/www.gigapa.com\/pt\/wp-json\/wp\/v2\/product_brand?post=2002"},{"taxonomy":"product_cat","embeddable":true,"href":"https:\/\/www.gigapa.com\/pt\/wp-json\/wp\/v2\/product_cat?post=2002"},{"taxonomy":"product_tag","embeddable":true,"href":"https:\/\/www.gigapa.com\/pt\/wp-json\/wp\/v2\/product_tag?post=2002"}],"curies":[{"name":"wp","href":"https:\/\/api.w.org\/{rel}","templated":true}]}}