{"id":2004,"date":"2025-06-18T08:34:31","date_gmt":"2025-06-18T00:34:31","guid":{"rendered":"https:\/\/www.gigapa.com\/?post_type=product&#038;p=2004"},"modified":"2025-10-13T09:16:39","modified_gmt":"2025-10-13T01:16:39","slug":"gfw-c-wood-shavings-machine-chain","status":"publish","type":"product","link":"https:\/\/www.gigapa.com\/pt\/produto\/gfw-c-wood-shavings-machine-chain\/","title":{"rendered":"M\u00e1quina de aparas de madeira GFW-C\uff08Chain\uff09"},"content":{"rendered":"<p data-start=\"227\" data-end=\"639\" data-immersive-translate-walked=\"9ec46095-6f33-46d5-a55c-91c5fae88c58\" data-immersive-translate-paragraph=\"1\">O <em data-start=\"231\" data-end=\"262\" data-immersive-translate-walked=\"9ec46095-6f33-46d5-a55c-91c5fae88c58\">M\u00e1quina de aparas de madeira (corrente)<\/em> \u00e9 uma m\u00e1quina industrial de alto desempenho concebida para produzir aparas de madeira limpas, uniformes e sem p\u00f3 a partir de troncos, restos de madeira, ramos ou outras pe\u00e7as de madeira. Com um sistema de alimenta\u00e7\u00e3o por corrente dur\u00e1vel e uma estrutura de corte de precis\u00e3o, \u00e9 amplamente utilizada na produ\u00e7\u00e3o de camas para animais, avicultura, embalagem de madeira, prepara\u00e7\u00e3o de combust\u00edvel de biomassa e ind\u00fastrias de fabrico \u00e0 base de madeira.<\/p>\n<p data-start=\"641\" data-end=\"859\" data-immersive-translate-walked=\"9ec46095-6f33-46d5-a55c-91c5fae88c58\" data-immersive-translate-paragraph=\"1\">Este modelo de corrente assegura uma alimenta\u00e7\u00e3o est\u00e1vel, uma espessura de corte precisa e uma intensidade de trabalho reduzida, tornando-o a escolha preferida para f\u00e1bricas que procuram uma produ\u00e7\u00e3o automatizada e cont\u00ednua de aparas de madeira com o m\u00ednimo de desperd\u00edcio.<\/p>\n<h3 data-start=\"866\" data-end=\"913\" data-immersive-translate-walked=\"9ec46095-6f33-46d5-a55c-91c5fae88c58\" data-immersive-translate-paragraph=\"1\">O que \u00e9 uma m\u00e1quina de alimenta\u00e7\u00e3o por corrente para aparas de madeira?<\/h3>\n<p data-start=\"915\" data-end=\"1323\" data-immersive-translate-walked=\"9ec46095-6f33-46d5-a55c-91c5fae88c58\" data-immersive-translate-paragraph=\"1\">Ao contr\u00e1rio das m\u00e1quinas acionadas por rolos ou correias, a m\u00e1quina de aparas de madeira do tipo corrente est\u00e1 equipada com um sistema de transportador de corrente que segura e transporta com seguran\u00e7a a madeira em bruto para a cabe\u00e7a de corte. Esta estrutura evita o deslizamento ou a alimenta\u00e7\u00e3o irregular, o que melhora diretamente a consist\u00eancia do corte e a capacidade de produ\u00e7\u00e3o. \u00c9 particularmente adequada para o processamento de materiais de gr\u00e3o reto e segmentos de toros de comprimento fixo.<\/p>\n<p data-start=\"1325\" data-end=\"1582\" data-immersive-translate-walked=\"9ec46095-6f33-46d5-a55c-91c5fae88c58\" data-immersive-translate-paragraph=\"1\">Depois de a madeira ser fixada pela plataforma de alimenta\u00e7\u00e3o da corrente, avan\u00e7a de forma constante em dire\u00e7\u00e3o \u00e0s l\u00e2minas rotativas de alta velocidade que raspam a superf\u00edcie camada a camada. As aparas finais s\u00e3o macias, finas e de tamanho uniforme - ideais para cama de animais ou enchimento de embalagens.<\/p>\n<h3 data-start=\"1589\" data-end=\"1642\" data-immersive-translate-walked=\"9ec46095-6f33-46d5-a55c-91c5fae88c58\" data-immersive-translate-paragraph=\"1\">Principais carater\u00edsticas da m\u00e1quina de aparas de madeira (corrente)<\/h3>\n<ul data-start=\"1644\" data-end=\"2469\" data-immersive-translate-walked=\"9ec46095-6f33-46d5-a55c-91c5fae88c58\">\n<li data-start=\"1644\" data-end=\"1804\" data-immersive-translate-walked=\"9ec46095-6f33-46d5-a55c-91c5fae88c58\">\n<p data-start=\"1646\" data-end=\"1804\" data-immersive-translate-walked=\"9ec46095-6f33-46d5-a55c-91c5fae88c58\" data-immersive-translate-paragraph=\"1\">Alimentador de corrente transportadora dur\u00e1vel<br data-start=\"1680\" data-end=\"1683\" data-immersive-translate-walked=\"9ec46095-6f33-46d5-a55c-91c5fae88c58\" \/>Proporciona uma alimenta\u00e7\u00e3o suave e precisa do material, garantindo um corte uniforme e evitando que a madeira em bruto se mova durante o funcionamento.<\/p>\n<\/li>\n<li data-start=\"1806\" data-end=\"1966\" data-immersive-translate-walked=\"9ec46095-6f33-46d5-a55c-91c5fae88c58\">\n<p data-start=\"1808\" data-end=\"1966\" data-immersive-translate-walked=\"9ec46095-6f33-46d5-a55c-91c5fae88c58\" data-immersive-translate-paragraph=\"1\">Espessura de barbear ajust\u00e1vel<br data-start=\"1840\" data-end=\"1843\" data-immersive-translate-walked=\"9ec46095-6f33-46d5-a55c-91c5fae88c58\" \/>A altura e a posi\u00e7\u00e3o da l\u00e2mina podem ser ajustadas com precis\u00e3o para obter a espessura de corte desejada, que varia entre 0,2 mm e 2 mm.<\/p>\n<\/li>\n<li data-start=\"1968\" data-end=\"2120\" data-immersive-translate-walked=\"9ec46095-6f33-46d5-a55c-91c5fae88c58\">\n<p data-start=\"1970\" data-end=\"2120\" data-immersive-translate-walked=\"9ec46095-6f33-46d5-a55c-91c5fae88c58\" data-immersive-translate-paragraph=\"1\">Sistema de cabe\u00e7a de corte de alta efici\u00eancia<br data-start=\"2007\" data-end=\"2010\" data-immersive-translate-walked=\"9ec46095-6f33-46d5-a55c-91c5fae88c58\" \/>Equipado com l\u00e2minas de a\u00e7o afiadas e resistentes ao desgaste que produzem aparas limpas e encaracoladas com baixa produ\u00e7\u00e3o de p\u00f3.<\/p>\n<\/li>\n<li data-start=\"2122\" data-end=\"2300\" data-immersive-translate-walked=\"9ec46095-6f33-46d5-a55c-91c5fae88c58\">\n<p data-start=\"2124\" data-end=\"2300\" data-immersive-translate-walked=\"9ec46095-6f33-46d5-a55c-91c5fae88c58\" data-immersive-translate-paragraph=\"1\">Constru\u00e7\u00e3o de estrutura resistente<br data-start=\"2157\" data-end=\"2160\" data-immersive-translate-walked=\"9ec46095-6f33-46d5-a55c-91c5fae88c58\" \/>O corpo da m\u00e1quina \u00e9 feito de chapas grossas de a\u00e7o carbono, proporcionando durabilidade a longo prazo e resist\u00eancia \u00e0 vibra\u00e7\u00e3o em funcionamento cont\u00ednuo.<\/p>\n<\/li>\n<li data-start=\"2302\" data-end=\"2469\" data-immersive-translate-walked=\"9ec46095-6f33-46d5-a55c-91c5fae88c58\">\n<p data-start=\"2304\" data-end=\"2469\" data-immersive-translate-walked=\"9ec46095-6f33-46d5-a55c-91c5fae88c58\" data-immersive-translate-paragraph=\"1\">Manuten\u00e7\u00e3o f\u00e1cil e conce\u00e7\u00e3o de seguran\u00e7a<br data-start=\"2342\" data-end=\"2345\" data-immersive-translate-walked=\"9ec46095-6f33-46d5-a55c-91c5fae88c58\" \/>Concebida com ranhuras de acesso r\u00e1pido para substitui\u00e7\u00e3o da l\u00e2mina, encravamentos de seguran\u00e7a e bot\u00f5es de paragem de emerg\u00eancia para prote\u00e7\u00e3o do operador.<\/p>\n<\/li>\n<\/ul>\n<h3 data-start=\"2476\" data-end=\"2492\" data-immersive-translate-walked=\"9ec46095-6f33-46d5-a55c-91c5fae88c58\" data-immersive-translate-paragraph=\"1\">Aplica\u00e7\u00f5es<\/h3>\n<p data-start=\"2494\" data-end=\"2589\" data-immersive-translate-walked=\"9ec46095-6f33-46d5-a55c-91c5fae88c58\" data-immersive-translate-paragraph=\"1\">O <em data-start=\"2498\" data-end=\"2529\" data-immersive-translate-walked=\"9ec46095-6f33-46d5-a55c-91c5fae88c58\">M\u00e1quina de aparas de madeira (corrente)<\/em> \u00e9 ideal para uma variedade de utiliza\u00e7\u00f5es industriais e agr\u00edcolas:<\/p>\n<ul data-start=\"2591\" data-end=\"3207\" data-immersive-translate-walked=\"9ec46095-6f33-46d5-a55c-91c5fae88c58\">\n<li data-start=\"2591\" data-end=\"2712\" data-immersive-translate-walked=\"9ec46095-6f33-46d5-a55c-91c5fae88c58\">\n<p data-start=\"2593\" data-end=\"2712\" data-immersive-translate-walked=\"9ec46095-6f33-46d5-a55c-91c5fae88c58\" data-immersive-translate-paragraph=\"1\">Produ\u00e7\u00e3o de cama para animais<br data-start=\"2622\" data-end=\"2625\" data-immersive-translate-walked=\"9ec46095-6f33-46d5-a55c-91c5fae88c58\" \/>Produz aparas macias e sem p\u00f3 para aves de capoeira, cavalos, vacas leiteiras e pequenos animais de estima\u00e7\u00e3o.<\/p>\n<\/li>\n<li data-start=\"2714\" data-end=\"2820\" data-immersive-translate-walked=\"9ec46095-6f33-46d5-a55c-91c5fae88c58\">\n<p data-start=\"2716\" data-end=\"2820\" data-immersive-translate-walked=\"9ec46095-6f33-46d5-a55c-91c5fae88c58\" data-immersive-translate-paragraph=\"1\">Material de embalagem<br data-start=\"2738\" data-end=\"2741\" data-immersive-translate-walked=\"9ec46095-6f33-46d5-a55c-91c5fae88c58\" \/>Utilizado como enchimento almofadado em caixotes ou caixas de madeira para proteger bens fr\u00e1geis.<\/p>\n<\/li>\n<li data-start=\"2822\" data-end=\"2946\" data-immersive-translate-walked=\"9ec46095-6f33-46d5-a55c-91c5fae88c58\">\n<p data-start=\"2824\" data-end=\"2946\" data-immersive-translate-walked=\"9ec46095-6f33-46d5-a55c-91c5fae88c58\" data-immersive-translate-paragraph=\"1\">Compostagem e biomassa<br data-start=\"2850\" data-end=\"2853\" data-immersive-translate-walked=\"9ec46095-6f33-46d5-a55c-91c5fae88c58\" \/>Converte res\u00edduos de madeira em part\u00edculas uniformes adequadas para compostagem ou processamento de biocombust\u00edvel.<\/p>\n<\/li>\n<li data-start=\"2948\" data-end=\"3074\" data-immersive-translate-walked=\"9ec46095-6f33-46d5-a55c-91c5fae88c58\">\n<p data-start=\"2950\" data-end=\"3074\" data-immersive-translate-walked=\"9ec46095-6f33-46d5-a55c-91c5fae88c58\" data-immersive-translate-paragraph=\"1\">Ind\u00fastrias de m\u00f3veis e pain\u00e9is<br data-start=\"2984\" data-end=\"2987\" data-immersive-translate-walked=\"9ec46095-6f33-46d5-a55c-91c5fae88c58\" \/>Gera aparas uniformes para posterior produ\u00e7\u00e3o de pain\u00e9is de aglomerado ou de isolamento.<\/p>\n<\/li>\n<li data-start=\"3076\" data-end=\"3207\" data-immersive-translate-walked=\"9ec46095-6f33-46d5-a55c-91c5fae88c58\">\n<p data-start=\"3078\" data-end=\"3207\" data-immersive-translate-walked=\"9ec46095-6f33-46d5-a55c-91c5fae88c58\" data-immersive-translate-paragraph=\"1\">Fabrico de paletes de madeira<br data-start=\"3109\" data-end=\"3112\" data-immersive-translate-walked=\"9ec46095-6f33-46d5-a55c-91c5fae88c58\" \/>Utiliza eficientemente os res\u00edduos de madeira das paletes e dos cortes, reduzindo o desperd\u00edcio nas linhas de produ\u00e7\u00e3o.<\/p>\n<\/li>\n<\/ul>\n<h3 data-start=\"3214\" data-end=\"3243\" data-immersive-translate-walked=\"9ec46095-6f33-46d5-a55c-91c5fae88c58\" data-immersive-translate-paragraph=\"1\">Vantagens<\/h3>\n<ol data-start=\"3245\" data-end=\"3906\" data-immersive-translate-walked=\"9ec46095-6f33-46d5-a55c-91c5fae88c58\">\n<li data-start=\"3245\" data-end=\"3361\" data-immersive-translate-walked=\"9ec46095-6f33-46d5-a55c-91c5fae88c58\">\n<p data-start=\"3248\" data-end=\"3361\" data-immersive-translate-walked=\"9ec46095-6f33-46d5-a55c-91c5fae88c58\" data-immersive-translate-paragraph=\"1\">Qualidade de produ\u00e7\u00e3o consistente<br data-start=\"3277\" data-end=\"3280\" data-immersive-translate-walked=\"9ec46095-6f33-46d5-a55c-91c5fae88c58\" \/>Obtenha aparas uniformes e de qualidade superior adequadas para revenda comercial ou utiliza\u00e7\u00e3o final.<\/p>\n<\/li>\n<li data-start=\"3363\" data-end=\"3473\" data-immersive-translate-walked=\"9ec46095-6f33-46d5-a55c-91c5fae88c58\">\n<p data-start=\"3366\" data-end=\"3473\" data-immersive-translate-walked=\"9ec46095-6f33-46d5-a55c-91c5fae88c58\" data-immersive-translate-paragraph=\"1\">Redu\u00e7\u00e3o dos custos de m\u00e3o de obra<br data-start=\"3388\" data-end=\"3391\" data-immersive-translate-walked=\"9ec46095-6f33-46d5-a55c-91c5fae88c58\" \/>A alimenta\u00e7\u00e3o em cadeia assegura um funcionamento semi-autom\u00e1tico com menos interven\u00e7\u00f5es manuais.<\/p>\n<\/li>\n<li data-start=\"3475\" data-end=\"3611\" data-immersive-translate-walked=\"9ec46095-6f33-46d5-a55c-91c5fae88c58\">\n<p data-start=\"3478\" data-end=\"3611\" data-immersive-translate-walked=\"9ec46095-6f33-46d5-a55c-91c5fae88c58\" data-immersive-translate-paragraph=\"1\">Elevada produ\u00e7\u00e3o di\u00e1ria<br data-start=\"3499\" data-end=\"3502\" data-immersive-translate-walked=\"9ec46095-6f33-46d5-a55c-91c5fae88c58\" \/>Capaz de processar v\u00e1rios metros c\u00fabicos de madeira por hora, dependendo do tamanho da m\u00e1quina e das dimens\u00f5es dos troncos.<\/p>\n<\/li>\n<li data-start=\"3613\" data-end=\"3757\" data-immersive-translate-walked=\"9ec46095-6f33-46d5-a55c-91c5fae88c58\">\n<p data-start=\"3616\" data-end=\"3757\" data-immersive-translate-walked=\"9ec46095-6f33-46d5-a55c-91c5fae88c58\" data-immersive-translate-paragraph=\"1\">Personaliz\u00e1vel de acordo com as suas necessidades<br data-start=\"3646\" data-end=\"3649\" data-immersive-translate-walked=\"9ec46095-6f33-46d5-a55c-91c5fae88c58\" \/>V\u00e1rios modelos dispon\u00edveis com diferentes espessuras de corte, tamanhos de alimenta\u00e7\u00e3o e configura\u00e7\u00f5es de pot\u00eancia do motor.<\/p>\n<\/li>\n<li data-start=\"3759\" data-end=\"3906\" data-immersive-translate-walked=\"9ec46095-6f33-46d5-a55c-91c5fae88c58\">\n<p data-start=\"3762\" data-end=\"3906\" data-immersive-translate-walked=\"9ec46095-6f33-46d5-a55c-91c5fae88c58\" data-immersive-translate-paragraph=\"1\">Manuten\u00e7\u00e3o reduzida, ROI elevado<br data-start=\"3791\" data-end=\"3794\" data-immersive-translate-walked=\"9ec46095-6f33-46d5-a55c-91c5fae88c58\" \/>Concebida para uma longa vida \u00fatil com pe\u00e7as de desgaste f\u00e1ceis de substituir, reduzindo o tempo de inatividade e o custo total de propriedade.<\/p>\n<\/li>\n<\/ol>\n<h3 data-start=\"84\" data-end=\"137\" data-immersive-translate-walked=\"0ff46864-e9bc-4926-86d7-982219388fa6\" data-immersive-translate-paragraph=\"1\">Dispon\u00edvel nos modelos de alimenta\u00e7\u00e3o por corrente e hidr\u00e1ulico<\/h3>\n<p data-start=\"139\" data-end=\"537\" data-immersive-translate-walked=\"0ff46864-e9bc-4926-86d7-982219388fa6\" data-immersive-translate-paragraph=\"1\">Para al\u00e9m da vers\u00e3o de alimenta\u00e7\u00e3o por corrente, tamb\u00e9m oferecemos uma m\u00e1quina de aparas de madeira hidr\u00e1ulica, proporcionando ainda mais flexibilidade para diferentes ambientes de produ\u00e7\u00e3o e necessidades de manuseamento de materiais. A vers\u00e3o hidr\u00e1ulica est\u00e1 equipada com um sistema de empurrador hidr\u00e1ulico que pressiona o material de madeira para a frente na cabe\u00e7a de corte, garantindo uma alimenta\u00e7\u00e3o est\u00e1vel, especialmente para blocos de madeira irregulares ou mais curtos.<\/p>\n<h4 data-start=\"539\" data-end=\"580\" data-immersive-translate-walked=\"0ff46864-e9bc-4926-86d7-982219388fa6\" data-immersive-translate-paragraph=\"1\">Principais vantagens do modelo hidr\u00e1ulico:<\/h4>\n<ul>\n<li data-start=\"584\" data-end=\"691\" data-immersive-translate-walked=\"0ff46864-e9bc-4926-86d7-982219388fa6\" data-immersive-translate-paragraph=\"1\">Alimenta\u00e7\u00e3o mais adapt\u00e1vel: Ideal para formas de madeira n\u00e3o uniformes, como blocos, toros curtos ou restos de madeira.<\/li>\n<li data-start=\"694\" data-end=\"793\" data-immersive-translate-walked=\"0ff46864-e9bc-4926-86d7-982219388fa6\" data-immersive-translate-paragraph=\"1\">Pegada compacta: Optimizado para um espa\u00e7o de oficina limitado sem sacrificar o desempenho de sa\u00edda.<\/li>\n<li data-start=\"796\" data-end=\"902\" data-immersive-translate-walked=\"0ff46864-e9bc-4926-86d7-982219388fa6\" data-immersive-translate-paragraph=\"1\">Funcionamento silencioso e suave: A alimenta\u00e7\u00e3o hidr\u00e1ulica proporciona um movimento mais suave com menos vibra\u00e7\u00e3o e ru\u00eddo.<\/li>\n<li data-start=\"905\" data-end=\"1036\" data-immersive-translate-walked=\"0ff46864-e9bc-4926-86d7-982219388fa6\" data-immersive-translate-paragraph=\"1\">Opera\u00e7\u00e3o e manuten\u00e7\u00e3o f\u00e1ceis: Controlos hidr\u00e1ulicos simples e menos pe\u00e7as m\u00f3veis reduzem a carga de trabalho do operador e o tempo de manuten\u00e7\u00e3o.<\/li>\n<\/ul>\n<p data-start=\"1038\" data-end=\"1227\" data-immersive-translate-walked=\"0ff46864-e9bc-4926-86d7-982219388fa6\" data-immersive-translate-paragraph=\"1\">Esta dupla oferta - m\u00e1quinas de corte de madeira em cadeia e hidr\u00e1ulicas - permite aos clientes escolher a m\u00e1quina mais adequada com base no tipo de material, volume de produ\u00e7\u00e3o e requisitos de automatiza\u00e7\u00e3o.<\/p>","protected":false},"excerpt":{"rendered":"<p>As nossas m\u00e1quinas de aparas de madeira est\u00e3o dispon\u00edveis em modelos de alimenta\u00e7\u00e3o por corrente e hidr\u00e1ulicos, concebidos para lidar com v\u00e1rios tipos e tamanhos de madeira. Produzem aparas limpas e consistentes, ideais para camas de animais, embalagens e combust\u00edvel de biomassa. Constru\u00eddas com materiais dur\u00e1veis e l\u00e2minas eficientes, estas m\u00e1quinas garantem uma elevada produtividade, baixa manuten\u00e7\u00e3o e um funcionamento seguro em ambientes industriais.<\/p>","protected":false},"featured_media":1942,"template":"","meta":{"site-sidebar-layout":"default","site-content-layout":"","ast-site-content-layout":"default","site-content-style":"default","site-sidebar-style":"default","ast-global-header-display":"","ast-banner-title-visibility":"","ast-main-header-display":"","ast-hfb-above-header-display":"","ast-hfb-below-header-display":"","ast-hfb-mobile-header-display":"","site-post-title":"","ast-breadcrumbs-content":"","ast-featured-img":"","footer-sml-layout":"","ast-disable-related-posts":"","theme-transparent-header-meta":"default","adv-header-id-meta":"","stick-header-meta":"","header-above-stick-meta":"","header-main-stick-meta":"","header-below-stick-meta":"","astra-migrate-meta-layouts":"set","ast-page-background-enabled":"default","ast-page-background-meta":{"desktop":{"background-color":"var(--ast-global-color-5)","background-image":"","background-repeat":"repeat","background-position":"center center","background-size":"auto","background-attachment":"scroll","background-type":"","background-media":"","overlay-type":"","overlay-color":"","overlay-opacity":"","overlay-gradient":""},"tablet":{"background-color":"","background-image":"","background-repeat":"repeat","background-position":"center center","background-size":"auto","background-attachment":"scroll","background-type":"","background-media":"","overlay-type":"","overlay-color":"","overlay-opacity":"","overlay-gradient":""},"mobile":{"background-color":"","background-image":"","background-repeat":"repeat","background-position":"center center","background-size":"auto","background-attachment":"scroll","background-type":"","background-media":"","overlay-type":"","overlay-color":"","overlay-opacity":"","overlay-gradient":""}},"ast-content-background-meta":{"desktop":{"background-color":"var(--ast-global-color-4)","background-image":"","background-repeat":"repeat","background-position":"center center","background-size":"auto","background-attachment":"scroll","background-type":"","background-media":"","overlay-type":"","overlay-color":"","overlay-opacity":"","overlay-gradient":""},"tablet":{"background-color":"var(--ast-global-color-4)","background-image":"","background-repeat":"repeat","background-position":"center center","background-size":"auto","background-attachment":"scroll","background-type":"","background-media":"","overlay-type":"","overlay-color":"","overlay-opacity":"","overlay-gradient":""},"mobile":{"background-color":"var(--ast-global-color-4)","background-image":"","background-repeat":"repeat","background-position":"center center","background-size":"auto","background-attachment":"scroll","background-type":"","background-media":"","overlay-type":"","overlay-color":"","overlay-opacity":"","overlay-gradient":""}}},"product_brand":[],"product_cat":[20,150],"product_tag":[],"class_list":{"0":"post-2004","1":"product","2":"type-product","3":"status-publish","4":"has-post-thumbnail","6":"product_cat-shredding-and-crushing-machine","7":"product_cat-wood-shavings-machine","8":"desktop-align-left","9":"tablet-align-left","10":"mobile-align-left","12":"first","13":"instock","14":"shipping-taxable","15":"product-type-simple"},"_links":{"self":[{"href":"https:\/\/www.gigapa.com\/pt\/wp-json\/wp\/v2\/product\/2004","targetHints":{"allow":["GET"]}}],"collection":[{"href":"https:\/\/www.gigapa.com\/pt\/wp-json\/wp\/v2\/product"}],"about":[{"href":"https:\/\/www.gigapa.com\/pt\/wp-json\/wp\/v2\/types\/product"}],"version-history":[{"count":3,"href":"https:\/\/www.gigapa.com\/pt\/wp-json\/wp\/v2\/product\/2004\/revisions"}],"predecessor-version":[{"id":2132,"href":"https:\/\/www.gigapa.com\/pt\/wp-json\/wp\/v2\/product\/2004\/revisions\/2132"}],"wp:featuredmedia":[{"embeddable":true,"href":"https:\/\/www.gigapa.com\/pt\/wp-json\/wp\/v2\/media\/1942"}],"wp:attachment":[{"href":"https:\/\/www.gigapa.com\/pt\/wp-json\/wp\/v2\/media?parent=2004"}],"wp:term":[{"taxonomy":"product_brand","embeddable":true,"href":"https:\/\/www.gigapa.com\/pt\/wp-json\/wp\/v2\/product_brand?post=2004"},{"taxonomy":"product_cat","embeddable":true,"href":"https:\/\/www.gigapa.com\/pt\/wp-json\/wp\/v2\/product_cat?post=2004"},{"taxonomy":"product_tag","embeddable":true,"href":"https:\/\/www.gigapa.com\/pt\/wp-json\/wp\/v2\/product_tag?post=2004"}],"curies":[{"name":"wp","href":"https:\/\/api.w.org\/{rel}","templated":true}]}}