{"id":2012,"date":"2025-06-17T16:08:51","date_gmt":"2025-06-17T08:08:51","guid":{"rendered":"https:\/\/www.gigapa.com\/?post_type=product&#038;p=2012"},"modified":"2025-10-13T09:17:02","modified_gmt":"2025-10-13T01:17:02","slug":"dual-shaft-shredder-for-waste-recycling","status":"publish","type":"product","link":"https:\/\/www.gigapa.com\/pt\/produto\/dual-shaft-shredder-for-waste-recycling\/","title":{"rendered":"Triturador de duplo eixo para reciclagem de res\u00edduos"},"content":{"rendered":"<p data-start=\"212\" data-end=\"598\" data-immersive-translate-walked=\"cc814a56-c726-41fa-87f3-90e3d83f536c\" data-immersive-translate-paragraph=\"1\">O triturador de veio duplo para reciclagem de res\u00edduos \u00e9 uma m\u00e1quina altamente vers\u00e1til e robusta, concebida para lidar com uma grande variedade de materiais residuais. Constru\u00edda com componentes de qualidade industrial e projectada para uma efici\u00eancia m\u00e1xima, esta trituradora de veio duplo \u00e9 a solu\u00e7\u00e3o ideal para as ind\u00fastrias que procuram reduzir o volume de res\u00edduos, melhorar a efici\u00eancia da reciclagem e garantir a conformidade ambiental.<\/p>\n<h3 data-start=\"600\" data-end=\"657\" data-immersive-translate-walked=\"cc814a56-c726-41fa-87f3-90e3d83f536c\" data-immersive-translate-paragraph=\"1\">Desempenho inigual\u00e1vel para o processamento de res\u00edduos pesados<\/h3>\n<p data-start=\"659\" data-end=\"1132\" data-immersive-translate-walked=\"cc814a56-c726-41fa-87f3-90e3d83f536c\" data-immersive-translate-paragraph=\"1\">No centro desta trituradora est\u00e3o dois eixos contra-rotativos equipados com motores de bin\u00e1rio elevado e baixa velocidade. Esta conce\u00e7\u00e3o permite que a trituradora processe facilmente at\u00e9 os materiais mais dif\u00edceis, como tambores de pl\u00e1stico, sucatas met\u00e1licas, res\u00edduos electr\u00f3nicos, paletes de madeira, pneus de borracha, t\u00eaxteis e res\u00edduos s\u00f3lidos urbanos (RSU). O funcionamento a baixa velocidade minimiza o ru\u00eddo e a produ\u00e7\u00e3o de poeiras, ao mesmo tempo que evita o encravamento e o sobreaquecimento, tornando-a ideal para o funcionamento cont\u00ednuo em ambientes exigentes.<\/p>\n<h3 data-start=\"1134\" data-end=\"1182\" data-immersive-translate-walked=\"cc814a56-c726-41fa-87f3-90e3d83f536c\" data-immersive-translate-paragraph=\"1\">Constru\u00e7\u00e3o dur\u00e1vel, concebida para a longevidade<\/h3>\n<p data-start=\"1184\" data-end=\"1556\" data-immersive-translate-walked=\"cc814a56-c726-41fa-87f3-90e3d83f536c\" data-immersive-translate-paragraph=\"1\">O triturador de veio duplo para reciclagem de res\u00edduos \u00e9 constru\u00eddo com uma caixa de a\u00e7o resistente e l\u00e2minas resistentes ao desgaste que garantem uma durabilidade a longo prazo. As l\u00e2minas s\u00e3o feitas de a\u00e7o endurecido de alta liga e s\u00e3o totalmente substitu\u00edveis, o que reduz os custos de manuten\u00e7\u00e3o e o tempo de inatividade. A caixa de velocidades e o motor est\u00e3o integrados para um desempenho compacto e uma transmiss\u00e3o de pot\u00eancia optimizada.<\/p>\n<h3 data-start=\"1558\" data-end=\"1602\" data-immersive-translate-walked=\"cc814a56-c726-41fa-87f3-90e3d83f536c\" data-immersive-translate-paragraph=\"1\">Aplica\u00e7\u00f5es vers\u00e1teis em todos os sectores<\/h3>\n<p data-start=\"1604\" data-end=\"1774\" data-immersive-translate-walked=\"cc814a56-c726-41fa-87f3-90e3d83f536c\" data-immersive-translate-paragraph=\"1\">Este triturador de eixo duplo \u00e9 amplamente utilizado em instala\u00e7\u00f5es de reciclagem, instala\u00e7\u00f5es de fabrico, instala\u00e7\u00f5es de produ\u00e7\u00e3o de energia a partir de res\u00edduos e armaz\u00e9ns de log\u00edstica. Suporta aplica\u00e7\u00f5es como:<\/p>\n<ul>\n<li data-start=\"1778\" data-end=\"1842\" data-immersive-translate-walked=\"cc814a56-c726-41fa-87f3-90e3d83f536c\" data-immersive-translate-paragraph=\"1\">Reciclagem de pl\u00e1sticos - tritura\u00e7\u00e3o de HDPE, PP, PET, PVC e muito mais<\/li>\n<li data-start=\"1845\" data-end=\"1917\" data-immersive-translate-walked=\"cc814a56-c726-41fa-87f3-90e3d83f536c\" data-immersive-translate-paragraph=\"1\">Reciclagem de metais - manuseamento de materiais ferrosos e n\u00e3o ferrosos ligeiros<\/li>\n<li data-start=\"1920\" data-end=\"2010\" data-immersive-translate-walked=\"cc814a56-c726-41fa-87f3-90e3d83f536c\" data-immersive-translate-paragraph=\"1\">Res\u00edduos electr\u00f3nicos (e-waste) - desmantelamento de placas de circuitos, fios e pequenos aparelhos<\/li>\n<li data-start=\"2013\" data-end=\"2082\" data-immersive-translate-walked=\"cc814a56-c726-41fa-87f3-90e3d83f536c\" data-immersive-translate-paragraph=\"1\">Processamento de borracha - tritura\u00e7\u00e3o de pneus e folhas de borracha para reutiliza\u00e7\u00e3o<\/li>\n<li data-start=\"2085\" data-end=\"2148\" data-immersive-translate-walked=\"cc814a56-c726-41fa-87f3-90e3d83f536c\" data-immersive-translate-paragraph=\"1\">Reciclagem de madeira - decomposi\u00e7\u00e3o de paletes e embalagens de madeira<\/li>\n<li data-start=\"2151\" data-end=\"2230\" data-immersive-translate-walked=\"cc814a56-c726-41fa-87f3-90e3d83f536c\" data-immersive-translate-paragraph=\"1\">Tritura\u00e7\u00e3o de t\u00eaxteis - redu\u00e7\u00e3o de roupa velha, tecidos e materiais n\u00e3o tecidos<\/li>\n<\/ul>\n<h3 data-start=\"2232\" data-end=\"2276\" data-immersive-translate-walked=\"cc814a56-c726-41fa-87f3-90e3d83f536c\" data-immersive-translate-paragraph=\"1\">Controlos inteligentes e carater\u00edsticas de seguran\u00e7a<\/h3>\n<p data-start=\"2278\" data-end=\"2670\" data-immersive-translate-walked=\"cc814a56-c726-41fa-87f3-90e3d83f536c\" data-immersive-translate-paragraph=\"1\">Equipado com um painel de controlo de f\u00e1cil utiliza\u00e7\u00e3o e um sistema PLC, o triturador permite que os operadores ajustem facilmente as defini\u00e7\u00f5es e monitorizem as opera\u00e7\u00f5es em tempo real. Possui prote\u00e7\u00e3o autom\u00e1tica contra sobrecarga, bot\u00f5es de paragem de emerg\u00eancia e funcionalidade de rota\u00e7\u00e3o inversa para evitar danos provocados por bloqueios inesperados. Estas carater\u00edsticas de seguran\u00e7a garantem um funcionamento seguro e protegem tanto a m\u00e1quina como o operador.<\/p>\n<h3 data-start=\"2672\" data-end=\"2713\" data-immersive-translate-walked=\"cc814a56-c726-41fa-87f3-90e3d83f536c\" data-immersive-translate-paragraph=\"1\">Solu\u00e7\u00e3o ecol\u00f3gica de redu\u00e7\u00e3o de res\u00edduos<\/h3>\n<p data-start=\"2715\" data-end=\"3126\" data-immersive-translate-walked=\"cc814a56-c726-41fa-87f3-90e3d83f536c\" data-immersive-translate-paragraph=\"1\">O triturador de veio duplo para reciclagem de res\u00edduos desempenha um papel crucial na minimiza\u00e7\u00e3o dos res\u00edduos depositados em aterros e na maximiza\u00e7\u00e3o da recupera\u00e7\u00e3o de materiais. Ao decompor eficazmente os res\u00edduos volumosos em peda\u00e7os mais pequenos e manej\u00e1veis, simplifica o processamento a jusante e ajuda a cumprir as normas ambientais. As empresas que procuram reduzir a sua pegada de carbono e promover uma economia circular considerar\u00e3o este triturador um ativo essencial.<\/p>\n<h3 data-start=\"3128\" data-end=\"3174\" data-immersive-translate-walked=\"cc814a56-c726-41fa-87f3-90e3d83f536c\" data-immersive-translate-paragraph=\"1\">Manuten\u00e7\u00e3o f\u00e1cil e op\u00e7\u00f5es de personaliza\u00e7\u00e3o<\/h3>\n<p data-start=\"3176\" data-end=\"3598\" data-immersive-translate-walked=\"cc814a56-c726-41fa-87f3-90e3d83f536c\" data-immersive-translate-paragraph=\"1\">O triturador foi concebido com a acessibilidade em mente, permitindo uma r\u00e1pida substitui\u00e7\u00e3o da l\u00e2mina e limpeza interna. Est\u00e1 dispon\u00edvel em v\u00e1rios modelos com configura\u00e7\u00f5es personaliz\u00e1veis, como a largura da l\u00e2mina, a pot\u00eancia do motor, o tamanho da tremonha e as op\u00e7\u00f5es de descarga para satisfazer necessidades de reciclagem espec\u00edficas. Quer se trate de uma pequena f\u00e1brica de reciclagem ou de uma instala\u00e7\u00e3o industrial de grande escala, este triturador pode ser adaptado \u00e0s suas necessidades exactas.<\/p>\n<h3 data-start=\"3605\" data-end=\"3664\" data-immersive-translate-walked=\"cc814a56-c726-41fa-87f3-90e3d83f536c\">Porqu\u00ea escolher o nosso triturador de duplo veio para a reciclagem de res\u00edduos?<\/h3>\n<ul data-start=\"3666\" data-end=\"3975\" data-immersive-translate-walked=\"cc814a56-c726-41fa-87f3-90e3d83f536c\">\n<li data-start=\"3666\" data-end=\"3739\" data-immersive-translate-walked=\"cc814a56-c726-41fa-87f3-90e3d83f536c\">\n<p data-start=\"3668\" data-end=\"3739\" data-immersive-translate-walked=\"cc814a56-c726-41fa-87f3-90e3d83f536c\">Tritura\u00e7\u00e3o de alto bin\u00e1rio e baixa velocidade para uma pot\u00eancia e precis\u00e3o superiores<\/p>\n<\/li>\n<li data-start=\"3740\" data-end=\"3788\" data-immersive-translate-walked=\"cc814a56-c726-41fa-87f3-90e3d83f536c\">\n<p data-start=\"3742\" data-end=\"3788\" data-immersive-translate-walked=\"cc814a56-c726-41fa-87f3-90e3d83f536c\">Lida com uma vasta gama de res\u00edduos<\/p>\n<\/li>\n<li data-start=\"3789\" data-end=\"3848\" data-immersive-translate-walked=\"cc814a56-c726-41fa-87f3-90e3d83f536c\">\n<p data-start=\"3791\" data-end=\"3848\" data-immersive-translate-walked=\"cc814a56-c726-41fa-87f3-90e3d83f536c\">Concebida para um tempo de inatividade m\u00ednimo e uma manuten\u00e7\u00e3o reduzida<\/p>\n<\/li>\n<li data-start=\"3849\" data-end=\"3912\" data-immersive-translate-walked=\"cc814a56-c726-41fa-87f3-90e3d83f536c\">\n<p data-start=\"3851\" data-end=\"3912\" data-immersive-translate-walked=\"cc814a56-c726-41fa-87f3-90e3d83f536c\">Apoia iniciativas ecol\u00f3gicas e objectivos de minimiza\u00e7\u00e3o de res\u00edduos<\/p>\n<\/li>\n<li data-start=\"3913\" data-end=\"3975\" data-immersive-translate-walked=\"cc814a56-c726-41fa-87f3-90e3d83f536c\">\n<p data-start=\"3915\" data-end=\"3975\" data-immersive-translate-walked=\"cc814a56-c726-41fa-87f3-90e3d83f536c\">Em conformidade com as normas internacionais de qualidade e seguran\u00e7a<\/p>\n<\/li>\n<\/ul>\n<h3 data-start=\"3982\" data-end=\"3996\" data-immersive-translate-walked=\"cc814a56-c726-41fa-87f3-90e3d83f536c\">Conclus\u00e3o<\/h3>\n<p data-start=\"3998\" data-end=\"4396\" data-immersive-translate-walked=\"cc814a56-c726-41fa-87f3-90e3d83f536c\" data-immersive-translate-paragraph=\"1\">Se procura uma solu\u00e7\u00e3o fi\u00e1vel e de elevado desempenho para processar res\u00edduos de uma forma ambientalmente respons\u00e1vel e rent\u00e1vel, o triturador de duplo veio para reciclagem de res\u00edduos \u00e9 a sua melhor escolha. Concebida para enfrentar os desafios da gest\u00e3o moderna de res\u00edduos, oferece durabilidade, efici\u00eancia e flexibilidade que ir\u00e3o melhorar as suas opera\u00e7\u00f5es de reciclagem e ajudar a construir um futuro sustent\u00e1vel.<\/p>","protected":false},"excerpt":{"rendered":"<p>O nosso triturador de veio duplo foi concebido para uma reciclagem de res\u00edduos de elevado desempenho, processando sem esfor\u00e7o pl\u00e1sticos, madeira, borracha e metais ligeiros. Com eixos duplos robustos e l\u00e2minas endurecidas, garante uma tritura\u00e7\u00e3o consistente com uma manuten\u00e7\u00e3o m\u00ednima. Ideal para instala\u00e7\u00f5es industriais, municipais e de reciclagem, este triturador maximiza a produ\u00e7\u00e3o, reduzindo o consumo de energia. A sua constru\u00e7\u00e3o duradoura e os tamanhos de ecr\u00e3 personaliz\u00e1veis permitem um controlo preciso do tamanho do material de sa\u00edda. Quer se trate de res\u00edduos volumosos ou da prepara\u00e7\u00e3o de materiais para posterior reciclagem, esta m\u00e1quina oferece uma fiabilidade inigual\u00e1vel.<\/p>","protected":false},"featured_media":2151,"template":"","meta":{"site-sidebar-layout":"default","site-content-layout":"","ast-site-content-layout":"default","site-content-style":"default","site-sidebar-style":"default","ast-global-header-display":"","ast-banner-title-visibility":"","ast-main-header-display":"","ast-hfb-above-header-display":"","ast-hfb-below-header-display":"","ast-hfb-mobile-header-display":"","site-post-title":"","ast-breadcrumbs-content":"","ast-featured-img":"","footer-sml-layout":"","ast-disable-related-posts":"","theme-transparent-header-meta":"default","adv-header-id-meta":"","stick-header-meta":"","header-above-stick-meta":"","header-main-stick-meta":"","header-below-stick-meta":"","astra-migrate-meta-layouts":"set","ast-page-background-enabled":"default","ast-page-background-meta":{"desktop":{"background-color":"var(--ast-global-color-5)","background-image":"","background-repeat":"repeat","background-position":"center center","background-size":"auto","background-attachment":"scroll","background-type":"","background-media":"","overlay-type":"","overlay-color":"","overlay-opacity":"","overlay-gradient":""},"tablet":{"background-color":"","background-image":"","background-repeat":"repeat","background-position":"center center","background-size":"auto","background-attachment":"scroll","background-type":"","background-media":"","overlay-type":"","overlay-color":"","overlay-opacity":"","overlay-gradient":""},"mobile":{"background-color":"","background-image":"","background-repeat":"repeat","background-position":"center center","background-size":"auto","background-attachment":"scroll","background-type":"","background-media":"","overlay-type":"","overlay-color":"","overlay-opacity":"","overlay-gradient":""}},"ast-content-background-meta":{"desktop":{"background-color":"var(--ast-global-color-4)","background-image":"","background-repeat":"repeat","background-position":"center center","background-size":"auto","background-attachment":"scroll","background-type":"","background-media":"","overlay-type":"","overlay-color":"","overlay-opacity":"","overlay-gradient":""},"tablet":{"background-color":"var(--ast-global-color-4)","background-image":"","background-repeat":"repeat","background-position":"center center","background-size":"auto","background-attachment":"scroll","background-type":"","background-media":"","overlay-type":"","overlay-color":"","overlay-opacity":"","overlay-gradient":""},"mobile":{"background-color":"var(--ast-global-color-4)","background-image":"","background-repeat":"repeat","background-position":"center center","background-size":"auto","background-attachment":"scroll","background-type":"","background-media":"","overlay-type":"","overlay-color":"","overlay-opacity":"","overlay-gradient":""}}},"product_brand":[],"product_cat":[20,149],"product_tag":[],"class_list":{"0":"post-2012","1":"product","2":"type-product","3":"status-publish","4":"has-post-thumbnail","6":"product_cat-shredding-and-crushing-machine","7":"product_cat-double-shaft-shredder","8":"desktop-align-left","9":"tablet-align-left","10":"mobile-align-left","12":"first","13":"instock","14":"shipping-taxable","15":"product-type-simple"},"_links":{"self":[{"href":"https:\/\/www.gigapa.com\/pt\/wp-json\/wp\/v2\/product\/2012","targetHints":{"allow":["GET"]}}],"collection":[{"href":"https:\/\/www.gigapa.com\/pt\/wp-json\/wp\/v2\/product"}],"about":[{"href":"https:\/\/www.gigapa.com\/pt\/wp-json\/wp\/v2\/types\/product"}],"version-history":[{"count":2,"href":"https:\/\/www.gigapa.com\/pt\/wp-json\/wp\/v2\/product\/2012\/revisions"}],"predecessor-version":[{"id":2152,"href":"https:\/\/www.gigapa.com\/pt\/wp-json\/wp\/v2\/product\/2012\/revisions\/2152"}],"wp:featuredmedia":[{"embeddable":true,"href":"https:\/\/www.gigapa.com\/pt\/wp-json\/wp\/v2\/media\/2151"}],"wp:attachment":[{"href":"https:\/\/www.gigapa.com\/pt\/wp-json\/wp\/v2\/media?parent=2012"}],"wp:term":[{"taxonomy":"product_brand","embeddable":true,"href":"https:\/\/www.gigapa.com\/pt\/wp-json\/wp\/v2\/product_brand?post=2012"},{"taxonomy":"product_cat","embeddable":true,"href":"https:\/\/www.gigapa.com\/pt\/wp-json\/wp\/v2\/product_cat?post=2012"},{"taxonomy":"product_tag","embeddable":true,"href":"https:\/\/www.gigapa.com\/pt\/wp-json\/wp\/v2\/product_tag?post=2012"}],"curies":[{"name":"wp","href":"https:\/\/api.w.org\/{rel}","templated":true}]}}