{"id":2014,"date":"2025-06-18T08:21:38","date_gmt":"2025-06-18T00:21:38","guid":{"rendered":"https:\/\/www.gigapa.com\/?post_type=product&#038;p=2014"},"modified":"2025-10-13T09:16:53","modified_gmt":"2025-10-13T01:16:53","slug":"metal-scrap-baling-press-machine","status":"publish","type":"product","link":"https:\/\/www.gigapa.com\/pt\/produto\/metal-scrap-baling-press-machine\/","title":{"rendered":"M\u00e1quina de prensagem de sucata met\u00e1lica"},"content":{"rendered":"<p data-start=\"211\" data-end=\"708\">O <a href=\"https:\/\/www.gigapa.com\/pt\/1-minute-understand-door-type-metal-briquetting-machine\/\"><i>m\u00e1quina de prensagem de sucata met\u00e1lica<\/i><\/a>\u00a0\u00e9 um dispositivo industrial altamente eficiente e dur\u00e1vel, concebido para comprimir v\u00e1rios tipos de sucata met\u00e1lica em fardos densos e manej\u00e1veis. Esta m\u00e1quina \u00e9 amplamente utilizada em ind\u00fastrias como a reciclagem de metais, desmantelamento de autom\u00f3veis, fabrico de a\u00e7o e f\u00e1bricas de processamento de metais. Ao reduzir o volume de materiais de sucata, simplifica o manuseamento, o armazenamento, o transporte e a reciclagem, contribuindo, em \u00faltima an\u00e1lise, para um ambiente industrial mais limpo e sustent\u00e1vel.<\/p>\n<h3 data-start=\"710\" data-end=\"759\">Engenharia de precis\u00e3o para o m\u00e1ximo desempenho<\/h3>\n<p data-start=\"761\" data-end=\"1098\">A nossa prensa enfardadeira de sucata met\u00e1lica \u00e9 projectada com sistemas hidr\u00e1ulicos avan\u00e7ados e materiais de alta resist\u00eancia para fornecer uma for\u00e7a de compress\u00e3o poderosa, garantindo uma densidade de fardo consistente. O equipamento \u00e9 capaz de lidar com sucatas de metais ferrosos e n\u00e3o ferrosos, incluindo alum\u00ednio, cobre, ferro, a\u00e7o, a\u00e7o inoxid\u00e1vel e materiais de liga.<\/p>\n<p data-start=\"1100\" data-end=\"1419\">O sistema hidr\u00e1ulico gera uma press\u00e3o significativa para comprimir sucata volumosa e de forma irregular em blocos compactos, optimizando a capacidade de carga para cami\u00f5es ou contentores. Esta redu\u00e7\u00e3o de volume ajuda os recicladores a poupar nos custos de transporte e armazenamento, ao mesmo tempo que aumenta o valor da sucata processada para revenda ou fundi\u00e7\u00e3o.<\/p>\n<h3 data-start=\"1421\" data-end=\"1452\">Principais carater\u00edsticas e vantagens<\/h3>\n<ul>\n<li data-start=\"1456\" data-end=\"1594\"><strong data-start=\"1456\" data-end=\"1482\">For\u00e7a de compress\u00e3o elevada<\/strong>: Utiliza um sistema hidr\u00e1ulico de alta resist\u00eancia para exercer uma press\u00e3o que varia entre 63 toneladas e 200 toneladas, consoante o modelo.<\/li>\n<li data-start=\"1597\" data-end=\"1766\"><strong data-start=\"1597\" data-end=\"1623\">Tamanho do fardo personaliz\u00e1vel<\/strong>: As dimens\u00f5es e o peso dos fardos podem ser adaptados de acordo com os requisitos do cliente, tornando a m\u00e1quina adequada para diferentes fluxos de trabalho de reciclagem.<\/li>\n<li data-start=\"1769\" data-end=\"1936\"><strong data-start=\"1769\" data-end=\"1803\">Op\u00e7\u00f5es de controlo manual e PLC<\/strong>: Dispon\u00edvel em vers\u00f5es manuais com alavanca e modelos totalmente autom\u00e1ticos controlados por PLC para se adaptar a v\u00e1rias prefer\u00eancias operacionais.<\/li>\n<li data-start=\"1939\" data-end=\"2090\"><strong data-start=\"1939\" data-end=\"1962\">Constru\u00e7\u00e3o robusta<\/strong>: Fabricado com chapas de a\u00e7o de alta resist\u00eancia para uma durabilidade a longo prazo e uma manuten\u00e7\u00e3o m\u00ednima, mesmo em funcionamento cont\u00ednuo.<\/li>\n<li data-start=\"2093\" data-end=\"2241\"><strong data-start=\"2093\" data-end=\"2128\">F\u00e1cil instala\u00e7\u00e3o e funcionamento<\/strong>: Concebida para uma configura\u00e7\u00e3o, opera\u00e7\u00e3o e manuten\u00e7\u00e3o de rotina f\u00e1ceis de utilizar; adequada para utiliza\u00e7\u00e3o no interior e no exterior.<\/li>\n<\/ul>\n<h3 data-start=\"2243\" data-end=\"2268\">Cen\u00e1rios de aplica\u00e7\u00e3o<\/h3>\n<p data-start=\"2270\" data-end=\"2320\">A m\u00e1quina de prensagem de sucata met\u00e1lica \u00e9 ideal para:<\/p>\n<ul>\n<li data-start=\"2324\" data-end=\"2392\"><strong data-start=\"2324\" data-end=\"2345\">Centros de reciclagem<\/strong> procurando racionalizar o processamento e a log\u00edstica<\/li>\n<li data-start=\"2395\" data-end=\"2472\"><strong data-start=\"2395\" data-end=\"2421\">Desmantelamento de autom\u00f3veis<\/strong> manuseamento de cascos de autom\u00f3veis, pe\u00e7as de motor e pain\u00e9is de carro\u00e7aria<\/li>\n<li data-start=\"2475\" data-end=\"2548\"><strong data-start=\"2475\" data-end=\"2506\">Oficinas de fabrico de metais<\/strong> tratamento das sobras e dos res\u00edduos de produ\u00e7\u00e3o<\/li>\n<li data-start=\"2551\" data-end=\"2610\"><strong data-start=\"2551\" data-end=\"2566\">Siderurgias<\/strong> com o objetivo de reciclar os res\u00edduos da produ\u00e7\u00e3o interna<\/li>\n<li data-start=\"2613\" data-end=\"2676\"><strong data-start=\"2613\" data-end=\"2635\">Estaleiros de desmantelamento de navios<\/strong> compacta\u00e7\u00e3o dos res\u00edduos do desmantelamento de navios<\/li>\n<\/ul>\n<p data-start=\"2678\" data-end=\"2862\">Independentemente do tipo de sucata met\u00e1lica - quer sejam aparas de metal leve, latas de alum\u00ednio, barras de a\u00e7o ou fios de cobre - esta prensa garante um enfardamento uniforme para uma produ\u00e7\u00e3o empilh\u00e1vel e de alta densidade.<\/p>\n<h3 data-start=\"2864\" data-end=\"2894\">Vantagens para a sua empresa<\/h3>\n<ol>\n<li data-start=\"2899\" data-end=\"3036\"><strong data-start=\"2899\" data-end=\"2933\">Melhorar a efici\u00eancia operacional<\/strong>: Automatiza o processo de compacta\u00e7\u00e3o de res\u00edduos met\u00e1licos, reduzindo significativamente os custos de m\u00e3o de obra e o tempo de processamento.<\/li>\n<li data-start=\"3040\" data-end=\"3170\"><strong data-start=\"3040\" data-end=\"3071\">Reduzir os custos de transporte<\/strong>: Volumes de fardos mais pequenos significam mais material por expedi\u00e7\u00e3o, reduzindo o consumo de combust\u00edvel e as despesas de log\u00edstica.<\/li>\n<li data-start=\"3174\" data-end=\"3291\"><strong data-start=\"3174\" data-end=\"3192\">Refor\u00e7ar a seguran\u00e7a<\/strong>: Mant\u00e9m as \u00e1reas de sucata limpas e reduz o risco de ferimentos ao consolidar as pe\u00e7as de metal soltas e afiadas.<\/li>\n<li data-start=\"3295\" data-end=\"3411\"><strong data-start=\"3295\" data-end=\"3319\">Aumentar o valor da sucata<\/strong>: Os fardos comprimidos obt\u00eam pre\u00e7os de mercado mais elevados devido \u00e0 facilidade de fus\u00e3o e ao seu aspeto mais limpo.<\/li>\n<li data-start=\"3415\" data-end=\"3549\"><strong data-start=\"3415\" data-end=\"3443\">Conformidade ambiental<\/strong>: Ajuda a cumprir os regulamentos ambientais e de reciclagem, promovendo pr\u00e1ticas sustent\u00e1veis de manuseamento de materiais.<\/li>\n<\/ol>\n<h3 data-start=\"3551\" data-end=\"3569\">Porqu\u00ea escolher-nos?<\/h3>\n<p data-start=\"3571\" data-end=\"3807\">Somos um fabricante e exportador de confian\u00e7a de equipamento de enfardamento de metal, com anos de experi\u00eancia no fornecimento de solu\u00e7\u00f5es para clientes em toda a Europa, \u00c1sia, M\u00e9dio Oriente e Am\u00e9rica do Sul. As nossas m\u00e1quinas de enfardamento de sucata met\u00e1lica v\u00eam com:<\/p>\n<ul>\n<li data-start=\"3811\" data-end=\"3860\">Certifica\u00e7\u00f5es CE e ISO para garantia de qualidade<\/li>\n<li data-start=\"3863\" data-end=\"3929\">Uma vasta sele\u00e7\u00e3o de modelos (horizontal, vertical)<\/li>\n<li data-start=\"3932\" data-end=\"3996\">Op\u00e7\u00f5es de personaliza\u00e7\u00e3o OEM para requisitos de produ\u00e7\u00e3o espec\u00edficos<\/li>\n<li data-start=\"3999\" data-end=\"4096\">Apoio p\u00f3s-venda abrangente, incluindo orienta\u00e7\u00e3o online, pe\u00e7as sobresselentes e forma\u00e7\u00e3o no local<\/li>\n<\/ul>","protected":false},"excerpt":{"rendered":"<p data-start=\"449\" data-end=\"840\">A nossa prensa de enfardamento de sucata met\u00e1lica \u00e9 uma solu\u00e7\u00e3o hidr\u00e1ulica potente para comprimir todos os tipos de res\u00edduos met\u00e1licos, incluindo a\u00e7o, alum\u00ednio e cobre. Concebida para f\u00e1bricas de reciclagem e ind\u00fastrias de processamento de metais, proporciona uma elevada efici\u00eancia, tamanhos de fardos personaliz\u00e1veis e uma durabilidade robusta. Perfeita para poupar espa\u00e7o, reduzir os custos de transporte e maximizar o valor da sucata.<\/p>","protected":false},"featured_media":2010,"template":"","meta":{"site-sidebar-layout":"default","site-content-layout":"","ast-site-content-layout":"default","site-content-style":"default","site-sidebar-style":"default","ast-global-header-display":"","ast-banner-title-visibility":"","ast-main-header-display":"","ast-hfb-above-header-display":"","ast-hfb-below-header-display":"","ast-hfb-mobile-header-display":"","site-post-title":"","ast-breadcrumbs-content":"","ast-featured-img":"","footer-sml-layout":"","ast-disable-related-posts":"","theme-transparent-header-meta":"default","adv-header-id-meta":"","stick-header-meta":"","header-above-stick-meta":"","header-main-stick-meta":"","header-below-stick-meta":"","astra-migrate-meta-layouts":"set","ast-page-background-enabled":"default","ast-page-background-meta":{"desktop":{"background-color":"var(--ast-global-color-5)","background-image":"","background-repeat":"repeat","background-position":"center center","background-size":"auto","background-attachment":"scroll","background-type":"","background-media":"","overlay-type":"","overlay-color":"","overlay-opacity":"","overlay-gradient":""},"tablet":{"background-color":"","background-image":"","background-repeat":"repeat","background-position":"center center","background-size":"auto","background-attachment":"scroll","background-type":"","background-media":"","overlay-type":"","overlay-color":"","overlay-opacity":"","overlay-gradient":""},"mobile":{"background-color":"","background-image":"","background-repeat":"repeat","background-position":"center center","background-size":"auto","background-attachment":"scroll","background-type":"","background-media":"","overlay-type":"","overlay-color":"","overlay-opacity":"","overlay-gradient":""}},"ast-content-background-meta":{"desktop":{"background-color":"var(--ast-global-color-4)","background-image":"","background-repeat":"repeat","background-position":"center center","background-size":"auto","background-attachment":"scroll","background-type":"","background-media":"","overlay-type":"","overlay-color":"","overlay-opacity":"","overlay-gradient":""},"tablet":{"background-color":"var(--ast-global-color-4)","background-image":"","background-repeat":"repeat","background-position":"center center","background-size":"auto","background-attachment":"scroll","background-type":"","background-media":"","overlay-type":"","overlay-color":"","overlay-opacity":"","overlay-gradient":""},"mobile":{"background-color":"var(--ast-global-color-4)","background-image":"","background-repeat":"repeat","background-position":"center center","background-size":"auto","background-attachment":"scroll","background-type":"","background-media":"","overlay-type":"","overlay-color":"","overlay-opacity":"","overlay-gradient":""}}},"product_brand":[],"product_cat":[21,155],"product_tag":[132,135,133,131,134],"class_list":{"0":"post-2014","1":"product","2":"type-product","3":"status-publish","4":"has-post-thumbnail","6":"product_cat-baling-machine","7":"product_cat-metal-baler","8":"product_tag-aluminum-can-baler","9":"product_tag-copper-baler","10":"product_tag-metal-briquetting-machine","11":"product_tag-scrap-metal-baler","12":"product_tag-steel-baler","13":"desktop-align-left","14":"tablet-align-left","15":"mobile-align-left","17":"first","18":"instock","19":"shipping-taxable","20":"product-type-simple"},"_links":{"self":[{"href":"https:\/\/www.gigapa.com\/pt\/wp-json\/wp\/v2\/product\/2014","targetHints":{"allow":["GET"]}}],"collection":[{"href":"https:\/\/www.gigapa.com\/pt\/wp-json\/wp\/v2\/product"}],"about":[{"href":"https:\/\/www.gigapa.com\/pt\/wp-json\/wp\/v2\/types\/product"}],"version-history":[{"count":3,"href":"https:\/\/www.gigapa.com\/pt\/wp-json\/wp\/v2\/product\/2014\/revisions"}],"predecessor-version":[{"id":2322,"href":"https:\/\/www.gigapa.com\/pt\/wp-json\/wp\/v2\/product\/2014\/revisions\/2322"}],"wp:featuredmedia":[{"embeddable":true,"href":"https:\/\/www.gigapa.com\/pt\/wp-json\/wp\/v2\/media\/2010"}],"wp:attachment":[{"href":"https:\/\/www.gigapa.com\/pt\/wp-json\/wp\/v2\/media?parent=2014"}],"wp:term":[{"taxonomy":"product_brand","embeddable":true,"href":"https:\/\/www.gigapa.com\/pt\/wp-json\/wp\/v2\/product_brand?post=2014"},{"taxonomy":"product_cat","embeddable":true,"href":"https:\/\/www.gigapa.com\/pt\/wp-json\/wp\/v2\/product_cat?post=2014"},{"taxonomy":"product_tag","embeddable":true,"href":"https:\/\/www.gigapa.com\/pt\/wp-json\/wp\/v2\/product_tag?post=2014"}],"curies":[{"name":"wp","href":"https:\/\/api.w.org\/{rel}","templated":true}]}}