{"id":2016,"date":"2025-06-17T14:42:33","date_gmt":"2025-06-17T06:42:33","guid":{"rendered":"https:\/\/www.gigapa.com\/?post_type=product&#038;p=2016"},"modified":"2025-10-13T09:19:00","modified_gmt":"2025-10-13T01:19:00","slug":"door-cover-hydraulic-metal-baling-press","status":"publish","type":"product","link":"https:\/\/www.gigapa.com\/pt\/produto\/door-cover-hydraulic-metal-baling-press\/","title":{"rendered":"Prensa de enfardamento de metal hidr\u00e1ulica com tampa de porta"},"content":{"rendered":"<p data-start=\"216\" data-end=\"639\" data-immersive-translate-walked=\"9fa03a8b-0bd0-4f86-b251-1ba77676cccc\" data-immersive-translate-paragraph=\"1\">A prensa enfardadeira de metais hidr\u00e1ulica com tampa de porta \u00e9 uma solu\u00e7\u00e3o de enfardamento para trabalhos pesados, concebida para compactar uma grande variedade de sucatas met\u00e1licas em fardos de alta densidade e f\u00e1ceis de transportar. Equipada com uma tampa de porta frontal e cilindros hidr\u00e1ulicos de alta for\u00e7a, esta enfardadeira \u00e9 ideal para centros de reciclagem, f\u00e1bricas de processamento de metais e estaleiros de sucata que procuram reduzir o volume de material, melhorar a log\u00edstica e aumentar a rentabilidade da reciclagem.<\/p>\n<h3 data-start=\"646\" data-end=\"666\" data-immersive-translate-walked=\"9fa03a8b-0bd0-4f86-b251-1ba77676cccc\">Carater\u00edsticas principais<\/h3>\n<p data-start=\"668\" data-end=\"704\" data-immersive-translate-walked=\"9fa03a8b-0bd0-4f86-b251-1ba77676cccc\" data-immersive-translate-paragraph=\"1\"><strong>Estrutura robusta da tampa da porta<\/strong><\/p>\n<p data-start=\"705\" data-end=\"976\" data-immersive-translate-walked=\"9fa03a8b-0bd0-4f86-b251-1ba77676cccc\" data-immersive-translate-paragraph=\"1\">Esta enfardadeira de metal possui uma tampa de porta com dobradi\u00e7a frontal que fecha de forma segura a c\u00e2mara de compress\u00e3o antes da prensagem final. O design aumenta a seguran\u00e7a operacional e garante que a sucata permanece no lugar durante o processo de compress\u00e3o, produzindo fardos bem formados e uniformes.<\/p>\n<p data-start=\"978\" data-end=\"1017\" data-immersive-translate-walked=\"9fa03a8b-0bd0-4f86-b251-1ba77676cccc\" data-immersive-translate-paragraph=\"1\"><strong>Sistema hidr\u00e1ulico de alta press\u00e3o<\/strong><\/p>\n<p data-start=\"1018\" data-end=\"1312\" data-immersive-translate-walked=\"9fa03a8b-0bd0-4f86-b251-1ba77676cccc\" data-immersive-translate-paragraph=\"1\">Alimentada por um sistema hidr\u00e1ulico de alta efici\u00eancia, a enfardadeira fornece uma for\u00e7a de prensagem forte e est\u00e1vel, capaz de comprimir sucata de a\u00e7o, alum\u00ednio, cobre e a\u00e7o inoxid\u00e1vel. O cilindro principal gera n\u00edveis de for\u00e7a at\u00e9 1250kN ou mais (dependendo do modelo), assegurando uma produ\u00e7\u00e3o de fardos densos e empilh\u00e1veis.<\/p>\n<p data-start=\"1314\" data-end=\"1355\" data-immersive-translate-walked=\"9fa03a8b-0bd0-4f86-b251-1ba77676cccc\" data-immersive-translate-paragraph=\"1\"><strong>Compatibilidade vers\u00e1til de materiais<\/strong><\/p>\n<p data-start=\"1356\" data-end=\"1437\" data-immersive-translate-walked=\"9fa03a8b-0bd0-4f86-b251-1ba77676cccc\" data-immersive-translate-paragraph=\"1\">Esta m\u00e1quina \u00e9 adequada para compactar v\u00e1rios materiais de sucata met\u00e1lica, incluindo:<\/p>\n<ul>\n<li data-start=\"1441\" data-end=\"1470\" data-immersive-translate-walked=\"9fa03a8b-0bd0-4f86-b251-1ba77676cccc\" data-immersive-translate-paragraph=\"1\">Chapas de a\u00e7o leves e finas<\/li>\n<li data-start=\"1473\" data-end=\"1501\" data-immersive-translate-walked=\"9fa03a8b-0bd0-4f86-b251-1ba77676cccc\" data-immersive-translate-paragraph=\"1\">Latas e perfis de alum\u00ednio<\/li>\n<li data-start=\"1504\" data-end=\"1528\" data-immersive-translate-walked=\"9fa03a8b-0bd0-4f86-b251-1ba77676cccc\" data-immersive-translate-paragraph=\"1\">Tubos e fios de cobre<\/li>\n<li data-start=\"1531\" data-end=\"1559\" data-immersive-translate-walked=\"9fa03a8b-0bd0-4f86-b251-1ba77676cccc\" data-immersive-translate-paragraph=\"1\">Carca\u00e7as de autom\u00f3veis e produtos de linha branca<\/li>\n<li data-start=\"1562\" data-end=\"1607\" data-immersive-translate-walked=\"9fa03a8b-0bd0-4f86-b251-1ba77676cccc\" data-immersive-translate-paragraph=\"1\">Res\u00edduos estruturais e res\u00edduos met\u00e1licos industriais<\/li>\n<\/ul>\n<p data-start=\"1609\" data-end=\"1776\" data-immersive-translate-walked=\"9fa03a8b-0bd0-4f86-b251-1ba77676cccc\" data-immersive-translate-paragraph=\"1\">Quer esteja a processar sucata de produ\u00e7\u00e3o nova ou sucata mista de opera\u00e7\u00f5es de desmantelamento, a prensa enfardadeira de metal hidr\u00e1ulica com tampa de porta oferece resultados consistentes.<\/p>\n<p data-start=\"1778\" data-end=\"1817\" data-immersive-translate-walked=\"9fa03a8b-0bd0-4f86-b251-1ba77676cccc\" data-immersive-translate-paragraph=\"1\"><strong>Op\u00e7\u00f5es de controlo manual e PLC<\/strong><\/p>\n<p data-start=\"1818\" data-end=\"2091\" data-immersive-translate-walked=\"9fa03a8b-0bd0-4f86-b251-1ba77676cccc\" data-immersive-translate-paragraph=\"1\">Dispon\u00edvel com opera\u00e7\u00e3o manual por alavanca ou com automa\u00e7\u00e3o controlada por PLC, a enfardadeira oferece flexibilidade para diferentes necessidades operacionais. Com o controlo PLC, os operadores podem beneficiar da prensagem autom\u00e1tica do ciclo, do funcionamento com um toque e das fun\u00e7\u00f5es de auto-prote\u00e7\u00e3o do sistema hidr\u00e1ulico.<\/p>\n<p data-start=\"2093\" data-end=\"2121\" data-immersive-translate-walked=\"9fa03a8b-0bd0-4f86-b251-1ba77676cccc\" data-immersive-translate-paragraph=\"1\"><strong>Descarga f\u00e1cil dos fardos<\/strong><\/p>\n<p data-start=\"2122\" data-end=\"2380\" data-immersive-translate-walked=\"9fa03a8b-0bd0-4f86-b251-1ba77676cccc\" data-immersive-translate-paragraph=\"1\">A m\u00e1quina possui um ejetor mec\u00e2nico ou hidr\u00e1ulico que empurra automaticamente o fardo acabado para fora da c\u00e2mara de compress\u00e3o, tornando a opera\u00e7\u00e3o mais r\u00e1pida e eficiente. Os fardos podem ser ejectados horizontalmente ou lateralmente, dependendo da configura\u00e7\u00e3o do modelo.<\/p>\n<h3 data-start=\"2387\" data-end=\"2428\" data-immersive-translate-walked=\"9fa03a8b-0bd0-4f86-b251-1ba77676cccc\">Especifica\u00e7\u00f5es t\u00e9cnicas (amostra)<\/h3>\n<div class=\"_tableContainer_16hzy_1\" data-immersive-translate-walked=\"9fa03a8b-0bd0-4f86-b251-1ba77676cccc\">\n<div class=\"_tableWrapper_16hzy_14 group flex w-fit flex-col-reverse\" tabindex=\"-1\" data-immersive-translate-walked=\"9fa03a8b-0bd0-4f86-b251-1ba77676cccc\">\n<table class=\"w-fit min-w-(--thread-content-width)\" data-start=\"2430\" data-end=\"3020\" data-immersive-translate-walked=\"9fa03a8b-0bd0-4f86-b251-1ba77676cccc\">\n<thead data-start=\"2430\" data-end=\"2489\" data-immersive-translate-walked=\"9fa03a8b-0bd0-4f86-b251-1ba77676cccc\">\n<tr data-start=\"2430\" data-end=\"2489\" data-immersive-translate-walked=\"9fa03a8b-0bd0-4f86-b251-1ba77676cccc\">\n<th style=\"text-align: left;\" data-start=\"2430\" data-end=\"2456\" data-col-size=\"sm\" data-immersive-translate-walked=\"9fa03a8b-0bd0-4f86-b251-1ba77676cccc\" data-immersive-translate-paragraph=\"1\">Par\u00e2metro<\/th>\n<th style=\"text-align: left;\" data-start=\"2456\" data-end=\"2489\" data-col-size=\"sm\" data-immersive-translate-walked=\"9fa03a8b-0bd0-4f86-b251-1ba77676cccc\" data-immersive-translate-paragraph=\"1\">Valor<\/th>\n<\/tr>\n<\/thead>\n<tbody data-start=\"2549\" data-end=\"3020\" data-immersive-translate-walked=\"9fa03a8b-0bd0-4f86-b251-1ba77676cccc\">\n<tr data-start=\"2549\" data-end=\"2607\" data-immersive-translate-walked=\"9fa03a8b-0bd0-4f86-b251-1ba77676cccc\">\n<td data-start=\"2549\" data-end=\"2574\" data-col-size=\"sm\" data-immersive-translate-walked=\"9fa03a8b-0bd0-4f86-b251-1ba77676cccc\" data-immersive-translate-paragraph=\"1\">For\u00e7a de press\u00e3o<\/td>\n<td data-col-size=\"sm\" data-start=\"2574\" data-end=\"2607\" data-immersive-translate-walked=\"9fa03a8b-0bd0-4f86-b251-1ba77676cccc\" data-immersive-translate-paragraph=\"1\">125 - 315 toneladas (personaliz\u00e1vel)<\/td>\n<\/tr>\n<tr data-start=\"2608\" data-end=\"2666\" data-immersive-translate-walked=\"9fa03a8b-0bd0-4f86-b251-1ba77676cccc\">\n<td data-start=\"2608\" data-end=\"2633\" data-col-size=\"sm\" data-immersive-translate-walked=\"9fa03a8b-0bd0-4f86-b251-1ba77676cccc\" data-immersive-translate-paragraph=\"1\">Tamanho do fardo<\/td>\n<td data-col-size=\"sm\" data-start=\"2633\" data-end=\"2666\" data-immersive-translate-walked=\"9fa03a8b-0bd0-4f86-b251-1ba77676cccc\" data-immersive-translate-paragraph=\"1\">300\u00d7300mm \/ 400\u00d7400mm etc.<\/td>\n<\/tr>\n<tr data-start=\"2667\" data-end=\"2725\" data-immersive-translate-walked=\"9fa03a8b-0bd0-4f86-b251-1ba77676cccc\">\n<td data-start=\"2667\" data-end=\"2692\" data-col-size=\"sm\" data-immersive-translate-walked=\"9fa03a8b-0bd0-4f86-b251-1ba77676cccc\" data-immersive-translate-paragraph=\"1\">Peso do fardo<\/td>\n<td data-col-size=\"sm\" data-start=\"2692\" data-end=\"2725\" data-immersive-translate-walked=\"9fa03a8b-0bd0-4f86-b251-1ba77676cccc\" data-immersive-translate-paragraph=\"1\">40 - 200 kg<\/td>\n<\/tr>\n<tr data-start=\"2726\" data-end=\"2784\" data-immersive-translate-walked=\"9fa03a8b-0bd0-4f86-b251-1ba77676cccc\">\n<td data-start=\"2726\" data-end=\"2751\" data-col-size=\"sm\" data-immersive-translate-walked=\"9fa03a8b-0bd0-4f86-b251-1ba77676cccc\" data-immersive-translate-paragraph=\"1\">Tempo de ciclo<\/td>\n<td data-col-size=\"sm\" data-start=\"2751\" data-end=\"2784\" data-immersive-translate-walked=\"9fa03a8b-0bd0-4f86-b251-1ba77676cccc\" data-immersive-translate-paragraph=\"1\">60 - 90 segundos<\/td>\n<\/tr>\n<tr data-start=\"2785\" data-end=\"2843\" data-immersive-translate-walked=\"9fa03a8b-0bd0-4f86-b251-1ba77676cccc\">\n<td data-start=\"2785\" data-end=\"2810\" data-col-size=\"sm\" data-immersive-translate-walked=\"9fa03a8b-0bd0-4f86-b251-1ba77676cccc\" data-immersive-translate-paragraph=\"1\">Pot\u00eancia do motor<\/td>\n<td data-col-size=\"sm\" data-start=\"2810\" data-end=\"2843\" data-immersive-translate-walked=\"9fa03a8b-0bd0-4f86-b251-1ba77676cccc\" data-immersive-translate-paragraph=\"1\">15 - 45 kW<\/td>\n<\/tr>\n<tr data-start=\"2844\" data-end=\"2902\" data-immersive-translate-walked=\"9fa03a8b-0bd0-4f86-b251-1ba77676cccc\">\n<td data-start=\"2844\" data-end=\"2869\" data-col-size=\"sm\" data-immersive-translate-walked=\"9fa03a8b-0bd0-4f86-b251-1ba77676cccc\" data-immersive-translate-paragraph=\"1\">Modo de funcionamento<\/td>\n<td data-col-size=\"sm\" data-start=\"2869\" data-end=\"2902\" data-immersive-translate-walked=\"9fa03a8b-0bd0-4f86-b251-1ba77676cccc\" data-immersive-translate-paragraph=\"1\">Manual \/ PLC Auto<\/td>\n<\/tr>\n<tr data-start=\"2903\" data-end=\"2961\" data-immersive-translate-walked=\"9fa03a8b-0bd0-4f86-b251-1ba77676cccc\">\n<td data-start=\"2903\" data-end=\"2928\" data-col-size=\"sm\" data-immersive-translate-walked=\"9fa03a8b-0bd0-4f86-b251-1ba77676cccc\" data-immersive-translate-paragraph=\"1\">M\u00e9todo de eje\u00e7\u00e3o<\/td>\n<td data-col-size=\"sm\" data-start=\"2928\" data-end=\"2961\" data-immersive-translate-walked=\"9fa03a8b-0bd0-4f86-b251-1ba77676cccc\" data-immersive-translate-paragraph=\"1\">Empurrador lateral hidr\u00e1ulico<\/td>\n<\/tr>\n<tr data-start=\"2962\" data-end=\"3020\" data-immersive-translate-walked=\"9fa03a8b-0bd0-4f86-b251-1ba77676cccc\">\n<td data-start=\"2962\" data-end=\"2987\" data-col-size=\"sm\" data-immersive-translate-walked=\"9fa03a8b-0bd0-4f86-b251-1ba77676cccc\" data-immersive-translate-paragraph=\"1\">Tipo de c\u00e2mara<\/td>\n<td data-col-size=\"sm\" data-start=\"2987\" data-end=\"3020\" data-immersive-translate-walked=\"9fa03a8b-0bd0-4f86-b251-1ba77676cccc\" data-immersive-translate-paragraph=\"1\">Fechado com porta articulada<\/td>\n<\/tr>\n<\/tbody>\n<\/table>\n<div class=\"sticky end-(--thread-content-margin) h-0 self-end select-none\" data-immersive-translate-walked=\"9fa03a8b-0bd0-4f86-b251-1ba77676cccc\">\n<h3 class=\"absolute end-0 flex items-end\" data-immersive-translate-walked=\"9fa03a8b-0bd0-4f86-b251-1ba77676cccc\"><span style=\"font-size: 1.5em; font-weight: bold;\">Cen\u00e1rios de aplica\u00e7\u00e3o<\/span><\/h3>\n<\/div>\n<\/div>\n<\/div>\n<p data-start=\"3058\" data-end=\"3124\" data-immersive-translate-walked=\"9fa03a8b-0bd0-4f86-b251-1ba77676cccc\" data-immersive-translate-paragraph=\"1\">A Prensa Hidr\u00e1ulica para Enfardamento de Metal com Tampa de Porta \u00e9 amplamente utilizada em:<\/p>\n<ul>\n<li data-start=\"3128\" data-end=\"3208\" data-immersive-translate-walked=\"9fa03a8b-0bd0-4f86-b251-1ba77676cccc\" data-immersive-translate-paragraph=\"1\">Parques de reciclagem de sucata - para reduzir o volume e aumentar a densidade de armazenamento<\/li>\n<li data-start=\"3211\" data-end=\"3277\" data-immersive-translate-walked=\"9fa03a8b-0bd0-4f86-b251-1ba77676cccc\" data-immersive-translate-paragraph=\"1\">Siderurgias e fundi\u00e7\u00f5es - para compacta\u00e7\u00e3o de sucata antes da fus\u00e3o<\/li>\n<li data-start=\"3280\" data-end=\"3362\" data-immersive-translate-walked=\"9fa03a8b-0bd0-4f86-b251-1ba77676cccc\" data-immersive-translate-paragraph=\"1\">Empresas de com\u00e9rcio de metais - para facilitar o transporte e melhorar o valor da sucata<\/li>\n<li data-start=\"3365\" data-end=\"3445\" data-immersive-translate-walked=\"9fa03a8b-0bd0-4f86-b251-1ba77676cccc\" data-immersive-translate-paragraph=\"1\">Opera\u00e7\u00f5es de desmantelamento de ve\u00edculos - para o tratamento de pain\u00e9is e quadros de carro\u00e7arias de autom\u00f3veis<\/li>\n<li data-start=\"3448\" data-end=\"3521\" data-immersive-translate-walked=\"9fa03a8b-0bd0-4f86-b251-1ba77676cccc\" data-immersive-translate-paragraph=\"1\">Instala\u00e7\u00f5es de fabrico - para comprimir retalhos e res\u00edduos de chapas met\u00e1licas<\/li>\n<\/ul>\n<p data-start=\"3523\" data-end=\"3680\" data-immersive-translate-walked=\"9fa03a8b-0bd0-4f86-b251-1ba77676cccc\" data-immersive-translate-paragraph=\"1\">Ao reduzir a sucata solta em fardos compactos, minimiza os custos de transporte, reduz os requisitos de espa\u00e7o em armaz\u00e9m e melhora o fluxo de trabalho global de reciclagem.<\/p>\n<h3 data-start=\"3687\" data-end=\"3717\" data-immersive-translate-walked=\"9fa03a8b-0bd0-4f86-b251-1ba77676cccc\">Vantagens num relance<\/h3>\n<ul>\n<li data-start=\"3721\" data-end=\"3764\" data-immersive-translate-walked=\"9fa03a8b-0bd0-4f86-b251-1ba77676cccc\" data-immersive-translate-paragraph=\"1\">Design robusto da estrutura para uma longa vida \u00fatil<\/li>\n<li data-start=\"3767\" data-end=\"3834\" data-immersive-translate-walked=\"9fa03a8b-0bd0-4f86-b251-1ba77676cccc\" data-immersive-translate-paragraph=\"1\">A cobertura da porta garante fardos limpos e quadrados com perdas m\u00ednimas de material<\/li>\n<li data-start=\"3837\" data-end=\"3895\" data-immersive-translate-walked=\"9fa03a8b-0bd0-4f86-b251-1ba77676cccc\" data-immersive-translate-paragraph=\"1\">Componentes hidr\u00e1ulicos eficientes reduzem o consumo de energia<\/li>\n<li data-start=\"3898\" data-end=\"3959\" data-immersive-translate-walked=\"9fa03a8b-0bd0-4f86-b251-1ba77676cccc\" data-immersive-translate-paragraph=\"1\">Controlos opcionais por interrutor remoto ou de p\u00e9 para maior seguran\u00e7a<\/li>\n<li data-start=\"3962\" data-end=\"4007\" data-immersive-translate-walked=\"9fa03a8b-0bd0-4f86-b251-1ba77676cccc\" data-immersive-translate-paragraph=\"1\">F\u00e1cil instala\u00e7\u00e3o, opera\u00e7\u00e3o e manuten\u00e7\u00e3o<\/li>\n<\/ul>\n<h3 data-start=\"4014\" data-end=\"4064\" data-immersive-translate-walked=\"9fa03a8b-0bd0-4f86-b251-1ba77676cccc\">Porqu\u00ea escolher a nossa enfardadeira hidr\u00e1ulica com tampa de porta?<\/h3>\n<ul>\n<li data-start=\"4068\" data-end=\"4118\" data-immersive-translate-walked=\"9fa03a8b-0bd0-4f86-b251-1ba77676cccc\" data-immersive-translate-paragraph=\"1\">Certifica\u00e7\u00e3o ISO e CE para utiliza\u00e7\u00e3o industrial global<\/li>\n<li data-start=\"4121\" data-end=\"4199\" data-immersive-translate-walked=\"9fa03a8b-0bd0-4f86-b251-1ba77676cccc\" data-immersive-translate-paragraph=\"1\">Especifica\u00e7\u00f5es personaliz\u00e1veis para se adaptarem a diferentes materiais e tamanhos de sa\u00edda<\/li>\n<li data-start=\"4202\" data-end=\"4263\" data-immersive-translate-walked=\"9fa03a8b-0bd0-4f86-b251-1ba77676cccc\" data-immersive-translate-paragraph=\"1\">Equipa de engenharia experiente com apoio de resposta r\u00e1pida<\/li>\n<li data-start=\"4266\" data-end=\"4345\" data-immersive-translate-walked=\"9fa03a8b-0bd0-4f86-b251-1ba77676cccc\" data-immersive-translate-paragraph=\"1\">Instala\u00e7\u00f5es bem sucedidas no Sudeste Asi\u00e1tico, Europa e Am\u00e9rica do Sul<\/li>\n<li data-start=\"4348\" data-end=\"4421\" data-immersive-translate-walked=\"9fa03a8b-0bd0-4f86-b251-1ba77676cccc\" data-immersive-translate-paragraph=\"1\">Pre\u00e7os competitivos com pe\u00e7as sobressalentes e servi\u00e7o p\u00f3s-venda inclu\u00eddos<\/li>\n<\/ul>\n<h3 data-start=\"4428\" data-end=\"4446\" data-immersive-translate-walked=\"9fa03a8b-0bd0-4f86-b251-1ba77676cccc\">Conclus\u00e3o<\/h3>\n<p data-start=\"4448\" data-end=\"4841\" data-immersive-translate-walked=\"9fa03a8b-0bd0-4f86-b251-1ba77676cccc\">A prensa enfardadeira de metal hidr\u00e1ulica com tampa de porta \u00e9 uma solu\u00e7\u00e3o econ\u00f3mica e de elevado desempenho para o manuseamento de sucata met\u00e1lica. Com a sua estrutura de porta segura, sistema hidr\u00e1ulico potente e op\u00e7\u00f5es de configura\u00e7\u00e3o flex\u00edveis, esta m\u00e1quina proporciona uma qualidade de fardo consistente, reduzindo o tempo de funcionamento e os custos de m\u00e3o de obra. \u00c9 o equipamento ideal para qualquer instala\u00e7\u00e3o que pretenda otimizar o seu processo de reciclagem de metais.<\/p>","protected":false},"excerpt":{"rendered":"<p>A prensa hidr\u00e1ulica para enfardamento de metais com tampa de porta \u00e9 uma poderosa m\u00e1quina de compacta\u00e7\u00e3o de sucata concebida para comprimir v\u00e1rios res\u00edduos met\u00e1licos, incluindo a\u00e7o, alum\u00ednio e cobre, em fardos densos e empilh\u00e1veis. O seu design seguro da tampa da porta garante uma forma\u00e7\u00e3o uniforme dos fardos e uma maior seguran\u00e7a do operador. Ideal para instala\u00e7\u00f5es de reciclagem e f\u00e1bricas de processamento de metais, esta prensa enfardadeira aumenta a efici\u00eancia do armazenamento e reduz os custos de transporte.<\/p>","protected":false},"featured_media":2009,"template":"","meta":{"site-sidebar-layout":"default","site-content-layout":"","ast-site-content-layout":"default","site-content-style":"default","site-sidebar-style":"default","ast-global-header-display":"","ast-banner-title-visibility":"","ast-main-header-display":"","ast-hfb-above-header-display":"","ast-hfb-below-header-display":"","ast-hfb-mobile-header-display":"","site-post-title":"","ast-breadcrumbs-content":"","ast-featured-img":"","footer-sml-layout":"","theme-transparent-header-meta":"default","adv-header-id-meta":"","stick-header-meta":"","header-above-stick-meta":"","header-main-stick-meta":"","header-below-stick-meta":"","astra-migrate-meta-layouts":"set","ast-page-background-enabled":"default","ast-page-background-meta":{"desktop":{"background-color":"var(--ast-global-color-5)","background-image":"","background-repeat":"repeat","background-position":"center center","background-size":"auto","background-attachment":"scroll","background-type":"","background-media":"","overlay-type":"","overlay-color":"","overlay-opacity":"","overlay-gradient":""},"tablet":{"background-color":"","background-image":"","background-repeat":"repeat","background-position":"center center","background-size":"auto","background-attachment":"scroll","background-type":"","background-media":"","overlay-type":"","overlay-color":"","overlay-opacity":"","overlay-gradient":""},"mobile":{"background-color":"","background-image":"","background-repeat":"repeat","background-position":"center center","background-size":"auto","background-attachment":"scroll","background-type":"","background-media":"","overlay-type":"","overlay-color":"","overlay-opacity":"","overlay-gradient":""}},"ast-content-background-meta":{"desktop":{"background-color":"var(--ast-global-color-4)","background-image":"","background-repeat":"repeat","background-position":"center center","background-size":"auto","background-attachment":"scroll","background-type":"","background-media":"","overlay-type":"","overlay-color":"","overlay-opacity":"","overlay-gradient":""},"tablet":{"background-color":"var(--ast-global-color-4)","background-image":"","background-repeat":"repeat","background-position":"center center","background-size":"auto","background-attachment":"scroll","background-type":"","background-media":"","overlay-type":"","overlay-color":"","overlay-opacity":"","overlay-gradient":""},"mobile":{"background-color":"var(--ast-global-color-4)","background-image":"","background-repeat":"repeat","background-position":"center center","background-size":"auto","background-attachment":"scroll","background-type":"","background-media":"","overlay-type":"","overlay-color":"","overlay-opacity":"","overlay-gradient":""}}},"product_brand":[],"product_cat":[21,155],"product_tag":[144,143,131],"class_list":{"0":"post-2016","1":"product","2":"type-product","3":"status-publish","4":"has-post-thumbnail","6":"product_cat-baling-machine","7":"product_cat-metal-baler","8":"product_tag-hydraulic-metal-baler","9":"product_tag-metal-baling-machine","10":"product_tag-scrap-metal-baler","11":"desktop-align-left","12":"tablet-align-left","13":"mobile-align-left","15":"first","16":"instock","17":"shipping-taxable","18":"product-type-simple"},"_links":{"self":[{"href":"https:\/\/www.gigapa.com\/pt\/wp-json\/wp\/v2\/product\/2016","targetHints":{"allow":["GET"]}}],"collection":[{"href":"https:\/\/www.gigapa.com\/pt\/wp-json\/wp\/v2\/product"}],"about":[{"href":"https:\/\/www.gigapa.com\/pt\/wp-json\/wp\/v2\/types\/product"}],"version-history":[{"count":2,"href":"https:\/\/www.gigapa.com\/pt\/wp-json\/wp\/v2\/product\/2016\/revisions"}],"predecessor-version":[{"id":2032,"href":"https:\/\/www.gigapa.com\/pt\/wp-json\/wp\/v2\/product\/2016\/revisions\/2032"}],"wp:featuredmedia":[{"embeddable":true,"href":"https:\/\/www.gigapa.com\/pt\/wp-json\/wp\/v2\/media\/2009"}],"wp:attachment":[{"href":"https:\/\/www.gigapa.com\/pt\/wp-json\/wp\/v2\/media?parent=2016"}],"wp:term":[{"taxonomy":"product_brand","embeddable":true,"href":"https:\/\/www.gigapa.com\/pt\/wp-json\/wp\/v2\/product_brand?post=2016"},{"taxonomy":"product_cat","embeddable":true,"href":"https:\/\/www.gigapa.com\/pt\/wp-json\/wp\/v2\/product_cat?post=2016"},{"taxonomy":"product_tag","embeddable":true,"href":"https:\/\/www.gigapa.com\/pt\/wp-json\/wp\/v2\/product_tag?post=2016"}],"curies":[{"name":"wp","href":"https:\/\/api.w.org\/{rel}","templated":true}]}}