{"id":2018,"date":"2025-06-17T14:38:08","date_gmt":"2025-06-17T06:38:08","guid":{"rendered":"https:\/\/www.gigapa.com\/?post_type=product&#038;p=2018"},"modified":"2025-10-13T10:25:08","modified_gmt":"2025-10-13T02:25:08","slug":"single-shaft-granulator-multi-leaf-clover-shaped","status":"publish","type":"product","link":"https:\/\/www.gigapa.com\/pt\/produto\/single-shaft-granulator-multi-leaf-clover-shaped\/","title":{"rendered":"Granulador de veio \u00fanico (em forma de trevo de v\u00e1rias folhas)"},"content":{"rendered":"<p data-start=\"245\" data-end=\"774\">O Granulador de veio \u00fanico (em forma de trevo de v\u00e1rias folhas) \u00e9 uma m\u00e1quina avan\u00e7ada de tritura\u00e7\u00e3o e granula\u00e7\u00e3o concebida para uma redu\u00e7\u00e3o eficiente do tamanho do material nas ind\u00fastrias de reciclagem e processamento. Concebido com um rotor em forma de trevo estruturado de forma \u00fanica, este granulador proporciona um desempenho de corte superior e uma sa\u00edda de part\u00edculas uniforme. Quer esteja a processar pl\u00e1sticos, borracha, pel\u00edcula, fibras ou outros materiais de densidade suave a m\u00e9dia, esta m\u00e1quina oferece uma efici\u00eancia extraordin\u00e1ria, baixo consumo de energia e uma longa vida \u00fatil.<\/p>\n<h3 data-start=\"781\" data-end=\"801\">Carater\u00edsticas principais<\/h3>\n<p data-start=\"803\" data-end=\"856\"><strong>Design exclusivo do rotor em forma de trevo com v\u00e1rias folhas<\/strong><\/p>\n<p data-start=\"857\" data-end=\"1204\">O rotor em forma de trevo \u00e9 a carater\u00edstica que define este granulador de veio \u00fanico. Os seus m\u00faltiplos pontos de corte curvos aumentam a \u00e1rea de superf\u00edcie de contacto, proporcionando uma maior for\u00e7a de corte e uma granula\u00e7\u00e3o mais consistente. O design tamb\u00e9m reduz o risco de deslizamento ou entupimento do material, permitindo um rendimento est\u00e1vel mesmo com mat\u00e9rias-primas de formato irregular.<\/p>\n<p data-start=\"1206\" data-end=\"1246\"><strong>C\u00e2mara de corte de alta efici\u00eancia<\/strong><\/p>\n<p data-start=\"1247\" data-end=\"1547\">A c\u00e2mara interna foi concebida para melhorar o fluxo de material e reduzir a resist\u00eancia. As facas fixas e rotativas s\u00e3o alinhadas com precis\u00e3o para manter toler\u00e2ncias apertadas, assegurando cortes limpos e redu\u00e7\u00e3o de poeira ou finos. As facas s\u00e3o facilmente ajust\u00e1veis e substitu\u00edveis, minimizando o tempo de paragem e os custos de manuten\u00e7\u00e3o.<\/p>\n<p data-start=\"1549\" data-end=\"1589\"><strong>Motor e transmiss\u00e3o de engrenagens para trabalhos pesados<\/strong><\/p>\n<p data-start=\"1590\" data-end=\"1855\">Equipado com um motor potente e uma caixa de velocidades para trabalhos pesados, o granulador \u00e9 capaz de processar v\u00e1rios materiais a velocidades e n\u00edveis de bin\u00e1rio controlados. O funcionamento a baixa velocidade reduz o ru\u00eddo e a produ\u00e7\u00e3o de calor, melhorando as condi\u00e7\u00f5es do local de trabalho e a longevidade da m\u00e1quina.<\/p>\n<p data-start=\"1857\" data-end=\"1886\"><strong>Sistema de controlo inteligente<\/strong><\/p>\n<p data-start=\"1887\" data-end=\"2130\">Um sistema de controlo PLC integrado permite o arranque e paragem autom\u00e1ticos, a prote\u00e7\u00e3o contra sobrecargas e a invers\u00e3o do rotor para evitar encravamentos. Isto assegura um funcionamento mais seguro e inteligente e protege os componentes internos de danos devidos a varia\u00e7\u00f5es de carga inesperadas.<\/p>\n<p data-start=\"2132\" data-end=\"2165\"><strong>Seguran\u00e7a e acessibilidade<\/strong><\/p>\n<p data-start=\"2166\" data-end=\"2374\">O granulador apresenta um design compacto mas acess\u00edvel, com bloqueios de seguran\u00e7a em todas as portas de manuten\u00e7\u00e3o. Os sistemas de abertura hidr\u00e1ulica e a substitui\u00e7\u00e3o do crivo sem ferramentas permitem uma limpeza r\u00e1pida e um r\u00e1pido reequipamento.<\/p>\n<h3 data-start=\"2381\" data-end=\"2422\">Especifica\u00e7\u00f5es t\u00e9cnicas (amostra)<\/h3>\n<div class=\"_tableContainer_16hzy_1\">\n<div class=\"_tableWrapper_16hzy_14 group flex w-fit flex-col-reverse\" tabindex=\"-1\">\n<table class=\"w-fit min-w-(--thread-content-width)\" data-start=\"2424\" data-end=\"3034\">\n<thead data-start=\"2424\" data-end=\"2484\">\n<tr data-start=\"2424\" data-end=\"2484\">\n<th style=\"text-align: left;\" data-start=\"2424\" data-end=\"2450\" data-col-size=\"sm\">Par\u00e2metro<\/th>\n<th style=\"text-align: left;\" data-start=\"2450\" data-end=\"2484\" data-col-size=\"sm\">Valor<\/th>\n<\/tr>\n<\/thead>\n<tbody data-start=\"2547\" data-end=\"3034\">\n<tr data-start=\"2547\" data-end=\"2607\">\n<td data-start=\"2547\" data-end=\"2573\" data-col-size=\"sm\">Tipo de rotor<\/td>\n<td data-col-size=\"sm\" data-start=\"2573\" data-end=\"2607\">Forma de trevo de v\u00e1rias folhas<\/td>\n<\/tr>\n<tr data-start=\"2608\" data-end=\"2668\">\n<td data-start=\"2608\" data-end=\"2634\" data-col-size=\"sm\">Pot\u00eancia do motor<\/td>\n<td data-col-size=\"sm\" data-start=\"2634\" data-end=\"2668\">22 - 90 kW (personaliz\u00e1vel)<\/td>\n<\/tr>\n<tr data-start=\"2669\" data-end=\"2729\">\n<td data-start=\"2669\" data-end=\"2695\" data-col-size=\"sm\">Di\u00e2metro do rotor<\/td>\n<td data-col-size=\"sm\" data-start=\"2695\" data-end=\"2729\">400 - 600 mm<\/td>\n<\/tr>\n<tr data-start=\"2730\" data-end=\"2790\">\n<td data-start=\"2730\" data-end=\"2756\" data-col-size=\"sm\">Capacidade<\/td>\n<td data-col-size=\"sm\" data-start=\"2756\" data-end=\"2790\">300 - 2000 kg\/h<\/td>\n<\/tr>\n<tr data-start=\"2791\" data-end=\"2851\">\n<td data-start=\"2791\" data-end=\"2817\" data-col-size=\"sm\">Material da faca<\/td>\n<td data-col-size=\"sm\" data-start=\"2817\" data-end=\"2851\">D2 \/ SKD-11 \/ 9CrSi<\/td>\n<\/tr>\n<tr data-start=\"2852\" data-end=\"2912\">\n<td data-start=\"2852\" data-end=\"2878\" data-col-size=\"sm\">Tamanho do ecr\u00e3<\/td>\n<td data-col-size=\"sm\" data-start=\"2878\" data-end=\"2912\">10 - 60 mm (ajust\u00e1vel)<\/td>\n<\/tr>\n<tr data-start=\"2913\" data-end=\"2973\">\n<td data-start=\"2913\" data-end=\"2939\" data-col-size=\"sm\">Sistema de controlo<\/td>\n<td data-col-size=\"sm\" data-start=\"2939\" data-end=\"2973\">PLC da Siemens<\/td>\n<\/tr>\n<tr data-start=\"2974\" data-end=\"3034\">\n<td data-start=\"2974\" data-end=\"3000\" data-col-size=\"sm\">M\u00e9todo de alimenta\u00e7\u00e3o<\/td>\n<td data-col-size=\"sm\" data-start=\"3000\" data-end=\"3034\">Transportador \/ Manual \/ Hidr\u00e1ulico<\/td>\n<\/tr>\n<\/tbody>\n<\/table>\n<\/div>\n<\/div>\n<h3 data-start=\"3041\" data-end=\"3067\">Campos de aplica\u00e7\u00e3o<\/h3>\n<p data-start=\"3069\" data-end=\"3183\">O granulador de veio \u00fanico (em forma de trevo de v\u00e1rias folhas) \u00e9 adequado para uma vasta gama de aplica\u00e7\u00f5es, incluindo:<\/p>\n<ul>\n<li data-start=\"3187\" data-end=\"3231\">Reciclagem de pel\u00edculas, tubos e garrafas de pl\u00e1stico<\/li>\n<li data-start=\"3234\" data-end=\"3276\">Sacos tecidos, fibras e tritura\u00e7\u00e3o de t\u00eaxteis<\/li>\n<li data-start=\"3279\" data-end=\"3327\">Folhas de borracha e restos de granula\u00e7\u00e3o de aparas<\/li>\n<li data-start=\"3330\" data-end=\"3392\">Processamento de espuma, isolamento e materiais de constru\u00e7\u00e3o ligeiros<\/li>\n<li data-start=\"3395\" data-end=\"3447\">Pr\u00e9-tritura\u00e7\u00e3o de cabos e res\u00edduos el\u00e9ctricos<\/li>\n<li data-start=\"3450\" data-end=\"3486\">Granula\u00e7\u00e3o de res\u00edduos industriais gerais<\/li>\n<\/ul>\n<p data-start=\"3488\" data-end=\"3693\">Esta versatilidade faz com que seja uma escolha de topo para f\u00e1bricas de reciclagem de pl\u00e1stico, empresas de gest\u00e3o de res\u00edduos industriais e instala\u00e7\u00f5es de fabrico que procuram reduzir o volume de material e melhorar a efici\u00eancia do processamento.<\/p>\n<h3 data-start=\"3700\" data-end=\"3765\">Vantagens do rotor em forma de trevo em rela\u00e7\u00e3o \u00e0s concep\u00e7\u00f5es tradicionais<\/h3>\n<ul>\n<li data-start=\"3769\" data-end=\"3843\">Superf\u00edcie de corte aumentada - Mais l\u00e2minas agarram o material por rota\u00e7\u00e3o<\/li>\n<li data-start=\"3846\" data-end=\"3915\">Melhor ader\u00eancia do material - A forma \u00fanica minimiza o deslizamento da alimenta\u00e7\u00e3o<\/li>\n<li data-start=\"3918\" data-end=\"3991\">Melhoria do rendimento - Maior efici\u00eancia de corte com energia reduzida<\/li>\n<li data-start=\"3994\" data-end=\"4063\">Vida \u00fatil mais longa da l\u00e2mina - Desgaste reduzido devido \u00e0 press\u00e3o de corte equilibrada<\/li>\n<\/ul>\n<h3 data-start=\"4070\" data-end=\"4117\">Por que escolher nosso granulador de eixo \u00fanico?<\/h3>\n<ul>\n<li data-start=\"4121\" data-end=\"4204\">Durabilidade comprovada com componentes resistentes ao desgaste e caixa de a\u00e7o para trabalhos pesados<\/li>\n<li data-start=\"4207\" data-end=\"4275\">Manuten\u00e7\u00e3o f\u00e1cil com sistema de gaveta hidr\u00e1ulica e acesso \u00e0 l\u00e2mina<\/li>\n<li data-start=\"4278\" data-end=\"4352\">Configura\u00e7\u00e3o personaliz\u00e1vel para corresponder \u00e0s suas necessidades de material e capacidade<\/li>\n<li data-start=\"4355\" data-end=\"4412\">Suporte de servi\u00e7o global e disponibilidade de pe\u00e7as sobressalentes<\/li>\n<li data-start=\"4415\" data-end=\"4451\">Concebido para utiliza\u00e7\u00e3o industrial 24\/7<\/li>\n<\/ul>\n<h3 data-start=\"4458\" data-end=\"4476\">Conclus\u00e3o<\/h3>\n<p data-start=\"4478\" data-end=\"4850\">O granulador de veio \u00fanico (em forma de trevo de v\u00e1rias folhas) \u00e9 mais do que uma ferramenta b\u00e1sica de redu\u00e7\u00e3o de tamanho - \u00e9 uma m\u00e1quina concebida com precis\u00e3o que aumenta a efici\u00eancia da reciclagem, reduz os custos de funcionamento e melhora a qualidade da produ\u00e7\u00e3o. A sua constru\u00e7\u00e3o robusta, os controlos inteligentes e o design exclusivo do rotor fazem dele uma escolha fi\u00e1vel para aplica\u00e7\u00f5es industriais e ambientais modernas.<\/p>\n<p data-start=\"4852\" data-end=\"5095\">Contacte-nos hoje para obter mais detalhes t\u00e9cnicos, um or\u00e7amento personalizado ou para organizar um teste. Quer esteja a atualizar a sua linha de reciclagem ou a iniciar um novo projeto de gest\u00e3o de res\u00edduos, este granulador oferece um desempenho a longo prazo em que pode confiar.<\/p>","protected":false},"excerpt":{"rendered":"<p>Este granulador de veio \u00fanico possui um rotor em forma de trevo que proporciona um corte eficiente e limpo de pl\u00e1stico, borracha e res\u00edduos industriais macios. Constru\u00eddo para um elevado rendimento e baixa manuten\u00e7\u00e3o.<\/p>","protected":false},"featured_media":2008,"template":"","meta":{"site-sidebar-layout":"default","site-content-layout":"","ast-site-content-layout":"default","site-content-style":"default","site-sidebar-style":"default","ast-global-header-display":"","ast-banner-title-visibility":"","ast-main-header-display":"","ast-hfb-above-header-display":"","ast-hfb-below-header-display":"","ast-hfb-mobile-header-display":"","site-post-title":"","ast-breadcrumbs-content":"","ast-featured-img":"","footer-sml-layout":"","ast-disable-related-posts":"","theme-transparent-header-meta":"default","adv-header-id-meta":"","stick-header-meta":"","header-above-stick-meta":"","header-main-stick-meta":"","header-below-stick-meta":"","astra-migrate-meta-layouts":"set","ast-page-background-enabled":"default","ast-page-background-meta":{"desktop":{"background-color":"var(--ast-global-color-5)","background-image":"","background-repeat":"repeat","background-position":"center center","background-size":"auto","background-attachment":"scroll","background-type":"","background-media":"","overlay-type":"","overlay-color":"","overlay-opacity":"","overlay-gradient":""},"tablet":{"background-color":"","background-image":"","background-repeat":"repeat","background-position":"center center","background-size":"auto","background-attachment":"scroll","background-type":"","background-media":"","overlay-type":"","overlay-color":"","overlay-opacity":"","overlay-gradient":""},"mobile":{"background-color":"","background-image":"","background-repeat":"repeat","background-position":"center center","background-size":"auto","background-attachment":"scroll","background-type":"","background-media":"","overlay-type":"","overlay-color":"","overlay-opacity":"","overlay-gradient":""}},"ast-content-background-meta":{"desktop":{"background-color":"var(--ast-global-color-4)","background-image":"","background-repeat":"repeat","background-position":"center center","background-size":"auto","background-attachment":"scroll","background-type":"","background-media":"","overlay-type":"","overlay-color":"","overlay-opacity":"","overlay-gradient":""},"tablet":{"background-color":"var(--ast-global-color-4)","background-image":"","background-repeat":"repeat","background-position":"center center","background-size":"auto","background-attachment":"scroll","background-type":"","background-media":"","overlay-type":"","overlay-color":"","overlay-opacity":"","overlay-gradient":""},"mobile":{"background-color":"var(--ast-global-color-4)","background-image":"","background-repeat":"repeat","background-position":"center center","background-size":"auto","background-attachment":"scroll","background-type":"","background-media":"","overlay-type":"","overlay-color":"","overlay-opacity":"","overlay-gradient":""}}},"product_brand":[],"product_cat":[20],"product_tag":[],"class_list":{"0":"post-2018","1":"product","2":"type-product","3":"status-publish","4":"has-post-thumbnail","6":"product_cat-shredding-and-crushing-machine","7":"desktop-align-left","8":"tablet-align-left","9":"mobile-align-left","11":"first","12":"instock","13":"shipping-taxable","14":"product-type-simple"},"_links":{"self":[{"href":"https:\/\/www.gigapa.com\/pt\/wp-json\/wp\/v2\/product\/2018","targetHints":{"allow":["GET"]}}],"collection":[{"href":"https:\/\/www.gigapa.com\/pt\/wp-json\/wp\/v2\/product"}],"about":[{"href":"https:\/\/www.gigapa.com\/pt\/wp-json\/wp\/v2\/types\/product"}],"version-history":[{"count":4,"href":"https:\/\/www.gigapa.com\/pt\/wp-json\/wp\/v2\/product\/2018\/revisions"}],"predecessor-version":[{"id":2715,"href":"https:\/\/www.gigapa.com\/pt\/wp-json\/wp\/v2\/product\/2018\/revisions\/2715"}],"wp:featuredmedia":[{"embeddable":true,"href":"https:\/\/www.gigapa.com\/pt\/wp-json\/wp\/v2\/media\/2008"}],"wp:attachment":[{"href":"https:\/\/www.gigapa.com\/pt\/wp-json\/wp\/v2\/media?parent=2018"}],"wp:term":[{"taxonomy":"product_brand","embeddable":true,"href":"https:\/\/www.gigapa.com\/pt\/wp-json\/wp\/v2\/product_brand?post=2018"},{"taxonomy":"product_cat","embeddable":true,"href":"https:\/\/www.gigapa.com\/pt\/wp-json\/wp\/v2\/product_cat?post=2018"},{"taxonomy":"product_tag","embeddable":true,"href":"https:\/\/www.gigapa.com\/pt\/wp-json\/wp\/v2\/product_tag?post=2018"}],"curies":[{"name":"wp","href":"https:\/\/api.w.org\/{rel}","templated":true}]}}