{"id":2298,"date":"2025-06-26T08:53:55","date_gmt":"2025-06-26T00:53:55","guid":{"rendered":"https:\/\/www.gigapa.com\/?post_type=product&#038;p=2298"},"modified":"2025-10-13T09:14:45","modified_gmt":"2025-10-13T01:14:45","slug":"industrial-hydraulic-press-baler","status":"publish","type":"product","link":"https:\/\/www.gigapa.com\/pt\/produto\/industrial-hydraulic-press-baler\/","title":{"rendered":"Prensa enfardadeira hidr\u00e1ulica industrial"},"content":{"rendered":"<h3 data-start=\"96\" data-end=\"112\">Introdu\u00e7\u00e3o<\/h3>\n<p data-start=\"114\" data-end=\"619\">A prensa enfardadeira hidr\u00e1ulica industrial \u00e9 uma m\u00e1quina de alto desempenho, para trabalhos pesados, concebida para a compress\u00e3o e enfardamento eficientes de v\u00e1rios materiais, incluindo cart\u00e3o, pl\u00e1stico, metal e res\u00edduos de papel. Esta m\u00e1quina \u00e9 amplamente utilizada em centros de reciclagem, armaz\u00e9ns, parques de sucata e instala\u00e7\u00f5es industriais. Assegura a otimiza\u00e7\u00e3o do espa\u00e7o, a redu\u00e7\u00e3o de custos e a sustentabilidade ambiental, compactando grandes volumes de res\u00edduos em fardos manej\u00e1veis, que podem depois ser facilmente armazenados, transportados ou reciclados.<\/p>\n<p data-start=\"621\" data-end=\"951\">Com a sua tecnologia hidr\u00e1ulica avan\u00e7ada, a prensa enfardadeira de res\u00edduos industriais oferece um desempenho poderoso, fiabilidade e versatilidade para uma vasta gama de ind\u00fastrias. \u00c9 uma ferramenta essencial para as empresas que pretendem otimizar os seus processos de gest\u00e3o de res\u00edduos e contribuir para uma opera\u00e7\u00e3o mais sustent\u00e1vel e rent\u00e1vel.<\/p>\n<h3 data-start=\"958\" data-end=\"1014\">Principais carater\u00edsticas da enfardadeira de prensa hidr\u00e1ulica industrial<\/h3>\n<ol data-start=\"1016\" data-end=\"3305\">\n<li data-start=\"1016\" data-end=\"1400\">\n<p data-start=\"1019\" data-end=\"1400\">Sistema hidr\u00e1ulico de alta press\u00e3o<br \/>\nA carater\u00edstica principal da prensa enfardadeira de res\u00edduos industriais \u00e9 o seu sistema de prensa hidr\u00e1ulica, que utiliza mecanismos de alta press\u00e3o para comprimir firmemente os materiais. Isto resulta em fardos de alta densidade que s\u00e3o f\u00e1ceis de armazenar e transportar. O sistema hidr\u00e1ulico proporciona um desempenho consistente, tornando-a adequada para opera\u00e7\u00f5es cont\u00ednuas e pesadas.<\/p>\n<\/li>\n<li data-start=\"1402\" data-end=\"1730\">\n<p data-start=\"1405\" data-end=\"1730\">Versatilidade no manuseamento de materiais<br \/>\nEsta m\u00e1quina \u00e9 capaz de manusear uma variedade de materiais, incluindo cart\u00e3o, papel, pl\u00e1stico, t\u00eaxteis, latas de alum\u00ednio e muito mais. A sua adaptabilidade torna-a um ativo inestim\u00e1vel para ind\u00fastrias que v\u00e3o desde a reciclagem de res\u00edduos \u00e0 ind\u00fastria transformadora, onde a gest\u00e3o eficiente de res\u00edduos \u00e9 fundamental.<\/p>\n<\/li>\n<li data-start=\"1732\" data-end=\"2088\">\n<p data-start=\"1735\" data-end=\"2088\">Funcionamento totalmente autom\u00e1tico<br \/>\nA prensa enfardadeira hidr\u00e1ulica industrial est\u00e1 equipada com funcionalidades autom\u00e1ticas avan\u00e7adas que reduzem a necessidade de interven\u00e7\u00e3o manual. Com opera\u00e7\u00f5es totalmente autom\u00e1ticas, a enfardadeira pode alimentar, comprimir e descarregar eficazmente os res\u00edduos com o m\u00ednimo de interven\u00e7\u00e3o do operador, melhorando assim a efici\u00eancia e reduzindo os custos de m\u00e3o de obra.<\/p>\n<\/li>\n<li data-start=\"2090\" data-end=\"2367\">\n<p data-start=\"2093\" data-end=\"2367\">Alta densidade de fardos<br \/>\nA m\u00e1quina foi concebida para produzir fardos de alta densidade, o que ajuda a poupar espa\u00e7o de armazenamento valioso e reduz os custos de transporte. Os fardos densos s\u00e3o mais f\u00e1ceis de manusear e podem ser empilhados de forma segura, optimizando ainda mais a utiliza\u00e7\u00e3o do espa\u00e7o nas suas instala\u00e7\u00f5es.<\/p>\n<\/li>\n<li data-start=\"2369\" data-end=\"2720\">\n<p data-start=\"2372\" data-end=\"2720\">Design dur\u00e1vel e fi\u00e1vel<br \/>\nConstru\u00edda com materiais de alta qualidade, a prensa enfardadeira hidr\u00e1ulica industrial foi concebida para um desempenho duradouro. A constru\u00e7\u00e3o robusta garante que a m\u00e1quina pode suportar os rigores da utiliza\u00e7\u00e3o di\u00e1ria em ambientes exigentes, proporcionando \u00e0s empresas uma solu\u00e7\u00e3o fi\u00e1vel para as suas necessidades de gest\u00e3o de res\u00edduos.<\/p>\n<\/li>\n<li data-start=\"2722\" data-end=\"3012\">\n<p data-start=\"2725\" data-end=\"3012\">Carater\u00edsticas de seguran\u00e7a<br \/>\nA m\u00e1quina foi concebida com v\u00e1rias carater\u00edsticas de seguran\u00e7a para garantir a prote\u00e7\u00e3o do operador e minimizar o risco de acidentes. Estas carater\u00edsticas incluem bot\u00f5es de paragem de emerg\u00eancia, desligamento autom\u00e1tico e protec\u00e7\u00f5es de seguran\u00e7a, tornando-a uma m\u00e1quina segura para operar em ambientes industriais.<\/p>\n<\/li>\n<li data-start=\"3014\" data-end=\"3305\">\n<p data-start=\"3017\" data-end=\"3305\">Controlos f\u00e1ceis de utilizar<br \/>\nA enfardadeira est\u00e1 equipada com um painel de controlo intuitivo, facilitando aos operadores a monitoriza\u00e7\u00e3o e o ajuste das defini\u00e7\u00f5es. Mesmo para utilizadores com forma\u00e7\u00e3o m\u00ednima, a m\u00e1quina pode ser operada de forma eficiente, reduzindo o risco de erros e melhorando a produtividade geral.<\/p>\n<\/li>\n<\/ol>\n<h3 data-start=\"3312\" data-end=\"3368\">Aplica\u00e7\u00f5es da prensa enfardadeira de res\u00edduos industriais<\/h3>\n<p data-start=\"3370\" data-end=\"3568\">A prensa enfardadeira hidr\u00e1ulica industrial \u00e9 uma m\u00e1quina muito vers\u00e1til, adequada para uma grande variedade de aplica\u00e7\u00f5es. Algumas das principais ind\u00fastrias e sectores que beneficiam desta tecnologia incluem:<\/p>\n<ol data-start=\"3570\" data-end=\"5120\">\n<li data-start=\"3570\" data-end=\"3861\">\n<p data-start=\"3573\" data-end=\"3861\">Reciclagem de res\u00edduos<br \/>\nOs centros de reciclagem utilizam a prensa enfardadeira de res\u00edduos industriais para processar eficientemente grandes volumes de materiais recicl\u00e1veis. Ao comprimir materiais como o cart\u00e3o, o pl\u00e1stico e o papel, a prensa enfardadeira reduz o volume de res\u00edduos e facilita o seu transporte e reciclagem.<\/p>\n<\/li>\n<li data-start=\"3863\" data-end=\"4163\">\n<p data-start=\"3866\" data-end=\"4163\">Processamento de sucata met\u00e1lica<br \/>\nOs parques de sucata e as instala\u00e7\u00f5es de processamento de metais utilizam esta enfardadeira para compactar res\u00edduos met\u00e1licos, incluindo latas de alum\u00ednio e sucatas de a\u00e7o, em fardos densos. Estes fardos s\u00e3o ent\u00e3o mais f\u00e1ceis de manusear e podem ser vendidos como sucata para reciclagem ou reutilizados em processos de fabrico.<\/p>\n<\/li>\n<li data-start=\"4165\" data-end=\"4490\">\n<p data-start=\"4168\" data-end=\"4490\">Com\u00e9rcio retalhista e ind\u00fastria transformadora<br \/>\nAs empresas de retalho e as f\u00e1bricas que geram uma grande quantidade de res\u00edduos de embalagens podem beneficiar da prensa enfardadeira hidr\u00e1ulica industrial. Esta ajuda a compactar caixas de cart\u00e3o, embalagens de pl\u00e1stico e outros materiais, reduzindo os custos de elimina\u00e7\u00e3o de res\u00edduos e melhorando a efici\u00eancia operacional.<\/p>\n<\/li>\n<li data-start=\"4492\" data-end=\"4760\">\n<p data-start=\"4495\" data-end=\"4760\">Ind\u00fastria t\u00eaxtil<br \/>\nNo fabrico de t\u00eaxteis, a enfardadeira \u00e9 utilizada para comprimir res\u00edduos t\u00eaxteis, tais como restos de tecido e fibras. Os fardos compactados s\u00e3o mais f\u00e1ceis de armazenar, gerir e reciclar, contribuindo para a redu\u00e7\u00e3o de res\u00edduos e para a sustentabilidade na ind\u00fastria t\u00eaxtil.<\/p>\n<\/li>\n<li data-start=\"4762\" data-end=\"5120\">\n<p data-start=\"4765\" data-end=\"5120\">Gest\u00e3o de res\u00edduos de papel e cart\u00e3o<br \/>\nAs empresas do sector do papel e do cart\u00e3o utilizam enfardadeiras de prensa hidr\u00e1ulica para reduzir o volume de res\u00edduos gerados pelos materiais de embalagem. Os fardos de alta densidade produzidos pela enfardadeira facilitam o transporte e a reciclagem de papel e cart\u00e3o, reduzindo a utiliza\u00e7\u00e3o de aterros e contribuindo para a economia circular.<\/p>\n<\/li>\n<\/ol>\n<h3 data-start=\"5127\" data-end=\"5177\">Como funciona a enfardadeira de prensa hidr\u00e1ulica industrial<\/h3>\n<p data-start=\"5179\" data-end=\"5359\">A prensa enfardadeira hidr\u00e1ulica industrial funciona atrav\u00e9s de um processo simples mas eficiente que maximiza a compress\u00e3o de materiais residuais. Eis um resumo b\u00e1sico do seu funcionamento:<\/p>\n<ol data-start=\"5361\" data-end=\"6415\">\n<li data-start=\"5361\" data-end=\"5624\">\n<p data-start=\"5364\" data-end=\"5624\">Alimentar o material<br \/>\nOs res\u00edduos s\u00e3o carregados na tremonha, a partir da qual s\u00e3o introduzidos na c\u00e2mara de compress\u00e3o. A m\u00e1quina foi concebida com um sistema de alimenta\u00e7\u00e3o autom\u00e1tico, permitindo que os materiais sejam processados continuamente sem interven\u00e7\u00e3o manual.<\/p>\n<\/li>\n<li data-start=\"5626\" data-end=\"5944\">\n<p data-start=\"5629\" data-end=\"5944\">Compress\u00e3o<br \/>\nUma vez dentro da c\u00e2mara de compress\u00e3o, os materiais s\u00e3o pressionados por pist\u00f5es hidr\u00e1ulicos. A alta press\u00e3o for\u00e7a os materiais a compactarem-se firmemente, formando fardos de alta densidade. O sistema hidr\u00e1ulico garante uma compress\u00e3o consistente e potente, mesmo para materiais dif\u00edceis de comprimir, como sucata met\u00e1lica.<\/p>\n<\/li>\n<li data-start=\"5946\" data-end=\"6200\">\n<p data-start=\"5949\" data-end=\"6200\">Eje\u00e7\u00e3o de fardos<br \/>\nUma vez compactados os materiais, o fardo formado \u00e9 ejectado automaticamente atrav\u00e9s da calha de descarga. Dependendo da conce\u00e7\u00e3o, os fardos podem ser ejectados na horizontal ou na vertical, facilitando o seu empilhamento e armazenamento.<\/p>\n<\/li>\n<li data-start=\"6202\" data-end=\"6415\">\n<p data-start=\"6205\" data-end=\"6415\">Cortar e atar<br \/>\nA enfardadeira pode incluir um sistema autom\u00e1tico de atamento, que envolve o fardo com arame ou cordel para o fixar no lugar. Isto assegura que o fardo mant\u00e9m a sua forma durante o armazenamento e o transporte.<\/p>\n<\/li>\n<\/ol>\n<h3 data-start=\"6422\" data-end=\"6479\">Benef\u00edcios da utiliza\u00e7\u00e3o de uma prensa enfardadeira hidr\u00e1ulica industrial<\/h3>\n<ol data-start=\"6481\" data-end=\"7546\">\n<li data-start=\"6481\" data-end=\"6735\">\n<p data-start=\"6484\" data-end=\"6735\">Poupan\u00e7a de custos<br \/>\nAo reduzir o volume de materiais residuais, a prensa enfardadeira de res\u00edduos industriais diminui os custos de elimina\u00e7\u00e3o e transporte de res\u00edduos. Os fardos de alta densidade s\u00e3o mais f\u00e1ceis de manusear e requerem menos espa\u00e7o, reduzindo tamb\u00e9m os custos de armazenamento.<\/p>\n<\/li>\n<li data-start=\"6737\" data-end=\"6991\">\n<p data-start=\"6740\" data-end=\"6991\">Impacto ambiental<br \/>\nA enfardadeira promove a sustentabilidade ambiental, ajudando no processo de reciclagem. A m\u00e1quina ajuda a desviar os res\u00edduos dos aterros, tornando-a uma ferramenta essencial para as empresas que pretendem minimizar a sua pegada ambiental.<\/p>\n<\/li>\n<li data-start=\"6993\" data-end=\"7256\">\n<p data-start=\"6996\" data-end=\"7256\">Aumento da efici\u00eancia<br \/>\nCom carater\u00edsticas automatizadas e funcionamento a alta velocidade, a prensa enfardadeira hidr\u00e1ulica industrial melhora a produtividade e a efici\u00eancia dos processos de gest\u00e3o de res\u00edduos. A m\u00e1quina reduz a necessidade de trabalho manual, poupando tempo e recursos.<\/p>\n<\/li>\n<li data-start=\"7258\" data-end=\"7546\">\n<p data-start=\"7261\" data-end=\"7546\">Otimiza\u00e7\u00e3o do espa\u00e7o<br \/>\nOs fardos compactos produzidos pela enfardadeira fazem melhor uso do espa\u00e7o de armazenamento dispon\u00edvel. Isto \u00e9 especialmente importante para as empresas com \u00e1reas de armazenamento limitadas, uma vez que lhes permite armazenar maiores quantidades de res\u00edduos de uma forma mais organizada e ger\u00edvel.<\/p>\n<\/li>\n<\/ol>\n<h3 data-start=\"7553\" data-end=\"7567\">Conclus\u00e3o<\/h3>\n<p data-start=\"7569\" data-end=\"8200\">A prensa enfardadeira hidr\u00e1ulica industrial \u00e9 uma pe\u00e7a essencial de equipamento para empresas em sectores como a reciclagem, o processamento de sucata e a ind\u00fastria transformadora. O seu potente sistema hidr\u00e1ulico, versatilidade e carater\u00edsticas automatizadas fazem dela uma solu\u00e7\u00e3o altamente eficiente para comprimir e gerir materiais residuais. Ao investir nesta m\u00e1quina, as empresas podem reduzir os custos de elimina\u00e7\u00e3o de res\u00edduos, melhorar os esfor\u00e7os de reciclagem e contribuir para um ambiente mais sustent\u00e1vel. Com o seu design dur\u00e1vel e f\u00e1cil opera\u00e7\u00e3o, a prensa enfardadeira hidr\u00e1ulica industrial \u00e9 uma escolha inteligente e econ\u00f3mica para melhorar as opera\u00e7\u00f5es de gest\u00e3o de res\u00edduos.<\/p>","protected":false},"excerpt":{"rendered":"<p>A prensa enfardadeira hidr\u00e1ulica industrial \u00e9 uma solu\u00e7\u00e3o poderosa para comprimir e compactar materiais residuais em fardos de alta densidade. Perfeita para centros de reciclagem, parques de sucata e f\u00e1bricas, lida com uma variedade de materiais, incluindo cart\u00e3o, metal e pl\u00e1sticos. O funcionamento totalmente autom\u00e1tico da m\u00e1quina aumenta a produtividade, reduz os custos de elimina\u00e7\u00e3o de res\u00edduos e promove a sustentabilidade ambiental.<\/p>","protected":false},"featured_media":2292,"template":"","meta":{"site-sidebar-layout":"default","site-content-layout":"","ast-site-content-layout":"default","site-content-style":"default","site-sidebar-style":"default","ast-global-header-display":"","ast-banner-title-visibility":"","ast-main-header-display":"","ast-hfb-above-header-display":"","ast-hfb-below-header-display":"","ast-hfb-mobile-header-display":"","site-post-title":"","ast-breadcrumbs-content":"","ast-featured-img":"","footer-sml-layout":"","ast-disable-related-posts":"","theme-transparent-header-meta":"default","adv-header-id-meta":"","stick-header-meta":"","header-above-stick-meta":"","header-main-stick-meta":"","header-below-stick-meta":"","astra-migrate-meta-layouts":"set","ast-page-background-enabled":"default","ast-page-background-meta":{"desktop":{"background-color":"var(--ast-global-color-5)","background-image":"","background-repeat":"repeat","background-position":"center center","background-size":"auto","background-attachment":"scroll","background-type":"","background-media":"","overlay-type":"","overlay-color":"","overlay-opacity":"","overlay-gradient":""},"tablet":{"background-color":"","background-image":"","background-repeat":"repeat","background-position":"center center","background-size":"auto","background-attachment":"scroll","background-type":"","background-media":"","overlay-type":"","overlay-color":"","overlay-opacity":"","overlay-gradient":""},"mobile":{"background-color":"","background-image":"","background-repeat":"repeat","background-position":"center center","background-size":"auto","background-attachment":"scroll","background-type":"","background-media":"","overlay-type":"","overlay-color":"","overlay-opacity":"","overlay-gradient":""}},"ast-content-background-meta":{"desktop":{"background-color":"var(--ast-global-color-4)","background-image":"","background-repeat":"repeat","background-position":"center center","background-size":"auto","background-attachment":"scroll","background-type":"","background-media":"","overlay-type":"","overlay-color":"","overlay-opacity":"","overlay-gradient":""},"tablet":{"background-color":"var(--ast-global-color-4)","background-image":"","background-repeat":"repeat","background-position":"center center","background-size":"auto","background-attachment":"scroll","background-type":"","background-media":"","overlay-type":"","overlay-color":"","overlay-opacity":"","overlay-gradient":""},"mobile":{"background-color":"var(--ast-global-color-4)","background-image":"","background-repeat":"repeat","background-position":"center center","background-size":"auto","background-attachment":"scroll","background-type":"","background-media":"","overlay-type":"","overlay-color":"","overlay-opacity":"","overlay-gradient":""}}},"product_brand":[],"product_cat":[21,153],"product_tag":[136],"class_list":{"0":"post-2298","1":"product","2":"type-product","3":"status-publish","4":"has-post-thumbnail","6":"product_cat-baling-machine","7":"product_cat-horizontal-baler","8":"product_tag-automatic-cardboard-baler","9":"desktop-align-left","10":"tablet-align-left","11":"mobile-align-left","13":"first","14":"instock","15":"shipping-taxable","16":"product-type-simple"},"_links":{"self":[{"href":"https:\/\/www.gigapa.com\/pt\/wp-json\/wp\/v2\/product\/2298","targetHints":{"allow":["GET"]}}],"collection":[{"href":"https:\/\/www.gigapa.com\/pt\/wp-json\/wp\/v2\/product"}],"about":[{"href":"https:\/\/www.gigapa.com\/pt\/wp-json\/wp\/v2\/types\/product"}],"version-history":[{"count":2,"href":"https:\/\/www.gigapa.com\/pt\/wp-json\/wp\/v2\/product\/2298\/revisions"}],"predecessor-version":[{"id":2489,"href":"https:\/\/www.gigapa.com\/pt\/wp-json\/wp\/v2\/product\/2298\/revisions\/2489"}],"wp:featuredmedia":[{"embeddable":true,"href":"https:\/\/www.gigapa.com\/pt\/wp-json\/wp\/v2\/media\/2292"}],"wp:attachment":[{"href":"https:\/\/www.gigapa.com\/pt\/wp-json\/wp\/v2\/media?parent=2298"}],"wp:term":[{"taxonomy":"product_brand","embeddable":true,"href":"https:\/\/www.gigapa.com\/pt\/wp-json\/wp\/v2\/product_brand?post=2298"},{"taxonomy":"product_cat","embeddable":true,"href":"https:\/\/www.gigapa.com\/pt\/wp-json\/wp\/v2\/product_cat?post=2298"},{"taxonomy":"product_tag","embeddable":true,"href":"https:\/\/www.gigapa.com\/pt\/wp-json\/wp\/v2\/product_tag?post=2298"}],"curies":[{"name":"wp","href":"https:\/\/api.w.org\/{rel}","templated":true}]}}