{"id":2526,"date":"2025-09-01T15:01:11","date_gmt":"2025-09-01T07:01:11","guid":{"rendered":"https:\/\/www.gigapa.com\/?post_type=product&#038;p=2526"},"modified":"2026-04-27T15:35:10","modified_gmt":"2026-04-27T07:35:10","slug":"explosion-proof-vertical-baler","status":"publish","type":"product","link":"https:\/\/www.gigapa.com\/pt\/produto\/explosion-proof-vertical-baler\/","title":{"rendered":"Enfardadeira vertical \u00e0 prova de explos\u00e3o"},"content":{"rendered":"<p data-start=\"205\" data-end=\"596\">A enfardadeira vertical \u00e0 prova de explos\u00e3o \u00e9 uma m\u00e1quina de compacta\u00e7\u00e3o de res\u00edduos especializada, concebida para manusear com seguran\u00e7a materiais em ambientes perigosos, onde podem estar presentes gases inflam\u00e1veis, poeiras ou subst\u00e2ncias vol\u00e1teis. Ao contr\u00e1rio das enfardadeiras normais, esta m\u00e1quina avan\u00e7ada integra tecnologia \u00e0 prova de explos\u00e3o, tornando-a a solu\u00e7\u00e3o perfeita para ind\u00fastrias que d\u00e3o prioridade \u00e0 seguran\u00e7a e \u00e0 efici\u00eancia.<\/p>\n<div class=\"ast-oembed-container\" style=\"height: 100%;\"><iframe title=\"Enfardadeira vertical \u00e0 prova de explos\u00e3o\" width=\"422\" height=\"750\" src=\"https:\/\/www.youtube.com\/embed\/qyOOLYYF24E?feature=oembed\" frameborder=\"0\" allow=\"accelerometer; autoplay; clipboard-write; encrypted-media; gyroscope; picture-in-picture; web-share\" referrerpolicy=\"strict-origin-when-cross-origin\" allowfullscreen><\/iframe><\/div>\n<h3 data-start=\"598\" data-end=\"648\">Princ\u00edpio de funcionamento da enfardadeira vertical \u00e0 prova de explos\u00e3o<\/h3>\n<p data-start=\"598\" data-end=\"648\">1\ufe0f\u20e3 Alimentar o material<br \/>\nOs res\u00edduos como o cart\u00e3o, o pl\u00e1stico, os t\u00eaxteis ou as embalagens s\u00e3o carregados na c\u00e2mara de enfardamento.<br \/>\n2\ufe0f\u20e3 Compress\u00e3o hidr\u00e1ulica<br \/>\nO motor \u00e0 prova de explos\u00e3o acciona a bomba hidr\u00e1ulica, gerando \u00f3leo a alta press\u00e3o. O cilindro hidr\u00e1ulico acciona a placa de compacta\u00e7\u00e3o para baixo, pressionando o material verticalmente.<br \/>\n3\ufe0f\u20e3 Compacta\u00e7\u00e3o cont\u00ednua<br \/>\nO material \u00e9 comprimido camada a camada at\u00e9 atingir a press\u00e3o definida. Os componentes el\u00e9ctricos \u00e0 prova de explos\u00e3o garantem um funcionamento seguro mesmo em ambientes perigosos.<br \/>\n4\ufe0f\u20e3 Cintagem e fixa\u00e7\u00e3o<br \/>\nQuando o fardo est\u00e1 totalmente compactado, a m\u00e1quina mant\u00e9m a press\u00e3o. Os operadores utilizam cintas ou arames para atar e fixar bem o fardo.<br \/>\n5\ufe0f\u20e3 Eje\u00e7\u00e3o de fardos<br \/>\nO fardo denso acabado \u00e9 ejectado autom\u00e1tica ou manualmente da c\u00e2mara, pronto para ser armazenado, transportado ou reciclado.<\/p>\n<h3 data-start=\"598\" data-end=\"648\">Porqu\u00ea escolher uma enfardadeira vertical \u00e0 prova de explos\u00e3o?<\/h3>\n<p data-start=\"650\" data-end=\"1108\">A seguran\u00e7a \u00e9 a principal prioridade em ind\u00fastrias como a ind\u00fastria qu\u00edmica, farmac\u00eautica, mineira, de petr\u00f3leo e g\u00e1s e de processamento de alimentos. As enfardadeiras tradicionais podem representar um risco quando utilizadas em \u00e1reas perigosas, uma vez que as fa\u00edscas el\u00e9ctricas ou o calor elevado podem provocar acidentes. A enfardadeira vertical \u00e0 prova de explos\u00e3o foi concebida com motores certificados \u00e0 prova de explos\u00e3o, componentes el\u00e9ctricos e sistemas de controlo selados para garantir um funcionamento fi\u00e1vel mesmo em ambientes sens\u00edveis.<\/p>\n<p data-start=\"1110\" data-end=\"1440\">Ao mesmo tempo, esta enfardadeira proporciona um elevado poder de compacta\u00e7\u00e3o com uma estrutura de prensagem vertical. Ao reduzir os res\u00edduos volumosos, como papel, cart\u00e3o, pl\u00e1sticos, t\u00eaxteis e materiais de embalagem em fardos densos, ajuda as empresas a poupar espa\u00e7o de armazenamento, a reduzir os custos de transporte e a melhorar a efici\u00eancia global da gest\u00e3o de res\u00edduos.<\/p>\n<p><img fetchpriority=\"high\" decoding=\"async\" class=\"wp-image-2527 alignleft\" src=\"https:\/\/www.gigapa.com\/wp-content\/uploads\/2025\/09\/50702-2.png\" alt=\"Enfardadeira vertical \u00e0 prova de explos\u00e3o\" width=\"500\" height=\"500\" srcset=\"https:\/\/www.gigapa.com\/wp-content\/uploads\/2025\/09\/50702-2.png 1024w, https:\/\/www.gigapa.com\/wp-content\/uploads\/2025\/09\/50702-2-300x300.png 300w, https:\/\/www.gigapa.com\/wp-content\/uploads\/2025\/09\/50702-2-150x150.png 150w, https:\/\/www.gigapa.com\/wp-content\/uploads\/2025\/09\/50702-2-768x768.png 768w, https:\/\/www.gigapa.com\/wp-content\/uploads\/2025\/09\/50702-2-12x12.png 12w, https:\/\/www.gigapa.com\/wp-content\/uploads\/2025\/09\/50702-2-600x600.png 600w, https:\/\/www.gigapa.com\/wp-content\/uploads\/2025\/09\/50702-2-100x100.png 100w\" sizes=\"(max-width: 500px) 100vw, 500px\" \/><img decoding=\"async\" class=\"alignnone wp-image-2528\" src=\"https:\/\/www.gigapa.com\/wp-content\/uploads\/2025\/09\/50702-6.png\" alt=\"Enfardadeira vertical \u00e0 prova de explos\u00e3o\" width=\"500\" height=\"500\" srcset=\"https:\/\/www.gigapa.com\/wp-content\/uploads\/2025\/09\/50702-6.png 1024w, https:\/\/www.gigapa.com\/wp-content\/uploads\/2025\/09\/50702-6-300x300.png 300w, https:\/\/www.gigapa.com\/wp-content\/uploads\/2025\/09\/50702-6-150x150.png 150w, https:\/\/www.gigapa.com\/wp-content\/uploads\/2025\/09\/50702-6-768x768.png 768w, https:\/\/www.gigapa.com\/wp-content\/uploads\/2025\/09\/50702-6-12x12.png 12w, https:\/\/www.gigapa.com\/wp-content\/uploads\/2025\/09\/50702-6-600x600.png 600w, https:\/\/www.gigapa.com\/wp-content\/uploads\/2025\/09\/50702-6-100x100.png 100w\" sizes=\"(max-width: 500px) 100vw, 500px\" \/><\/p>\n<h3>Par\u00e2metros do modelo:<\/h3>\n<table border=\"0\" width=\"972\" cellspacing=\"0\" cellpadding=\"0\">\n<tbody>\n<tr>\n<td class=\"et3\" width=\"313\" height=\"18\">Modelo<\/td>\n<td class=\"et4\" width=\"165\">GSB-V0604<\/td>\n<td class=\"et4\" width=\"159\">GSB-V0806<\/td>\n<td class=\"et4\" width=\"167\">GSB-V1107<\/td>\n<td class=\"et4\" width=\"168\">GSB-V1208<\/td>\n<\/tr>\n<tr>\n<td class=\"et3\" width=\"313\" height=\"18\">Tamanho da abertura de alimenta\u00e7\u00e3o (L\u00d7H) (mm)<\/td>\n<td class=\"et4\" width=\"165\">600\u00d7360<\/td>\n<td class=\"et4\" width=\"159\">800\u00d7450<\/td>\n<td class=\"et4\" width=\"167\">1100\u00d7550<\/td>\n<td class=\"et4\" width=\"168\">1200\u00d7550<\/td>\n<\/tr>\n<tr>\n<td class=\"et3\" width=\"313\" height=\"18\">Tamanho da embalagem (C\u00d7L\u00d7A) (mm)<\/td>\n<td class=\"et4\" width=\"165\">600\u00d7400\u00d7(400-640)<\/td>\n<td class=\"et4\" width=\"159\">800\u00d7600\u00d7(300-800)<\/td>\n<td class=\"et4\" width=\"167\">1100\u00d7700\u00d7(500-950)<\/td>\n<td class=\"et4\" width=\"168\">1200\u00d7800\u00d7(500-950)<\/td>\n<\/tr>\n<tr>\n<td class=\"et3\" width=\"313\" height=\"18\">Dura\u00e7\u00e3o do ciclo (s)<\/td>\n<td class=\"et4\" width=\"165\">25<\/td>\n<td class=\"et4\" width=\"159\">50<\/td>\n<td class=\"et4\" width=\"167\">50<\/td>\n<td class=\"et4\" width=\"168\">47<\/td>\n<\/tr>\n<tr>\n<td class=\"et3\" width=\"313\" height=\"18\">N\u00famero de vias de cintagem (PCS)<\/td>\n<td class=\"et4\" width=\"165\">4<\/td>\n<td class=\"et4\" width=\"159\">4<\/td>\n<td class=\"et4\" width=\"167\">4<\/td>\n<td class=\"et4\" width=\"168\">4<\/td>\n<\/tr>\n<tr>\n<td class=\"et3\" width=\"313\" height=\"18\">Di\u00e2metro interior do cilindro principal (mm)<\/td>\n<td class=\"et4\" width=\"165\">\u03c690<\/td>\n<td class=\"et4\" width=\"159\">\u03c6125<\/td>\n<td class=\"et4\" width=\"167\">\u03c6110<\/td>\n<td class=\"et4\" width=\"168\">\u03c6125<\/td>\n<\/tr>\n<tr>\n<td class=\"et3\" width=\"313\" height=\"18\">Press\u00e3o do cilindro principal (T)<\/td>\n<td class=\"et4\" width=\"165\">16<\/td>\n<td class=\"et4\" width=\"159\">31.5<\/td>\n<td class=\"et4\" width=\"167\">25\u00d72<\/td>\n<td class=\"et4\" width=\"168\">31.5\u00d72<\/td>\n<\/tr>\n<tr>\n<td class=\"et3\" width=\"313\" height=\"18\">Pot\u00eancia hidr\u00e1ulica (kW)<\/td>\n<td class=\"et4\" width=\"165\">2.2<\/td>\n<td class=\"et4\" width=\"159\">4<\/td>\n<td class=\"et4\" width=\"167\">5.5<\/td>\n<td class=\"et4\" width=\"168\">7.5<\/td>\n<\/tr>\n<tr>\n<td class=\"et3\" width=\"313\" height=\"18\">Dimens\u00f5es (C\u00d7L\u00d7A) (mm)<\/td>\n<td class=\"et4\" width=\"165\">950\u00d7760\u00d72070<\/td>\n<td class=\"et4\" width=\"159\">1150\u00d7960\u00d72850<\/td>\n<td class=\"et4\" width=\"167\">1580\u00d71080\u00d73140<\/td>\n<td class=\"et4\" width=\"168\">1680\u00d71160\u00d73280<\/td>\n<\/tr>\n<tr>\n<td class=\"et3\" width=\"313\" height=\"18\">Peso total (kg)<\/td>\n<td class=\"et4\" width=\"165\">Cerca de 500<\/td>\n<td class=\"et4\" width=\"159\">Cerca de 850<\/td>\n<td class=\"et4\" width=\"167\">Cerca de 1500<\/td>\n<td class=\"et4\" width=\"168\">Aproximadamente 1850<\/td>\n<\/tr>\n<\/tbody>\n<\/table>\n<p>Os modelos acima s\u00e3o modelos universais padr\u00e3o. Se necessitar de outros modelos, contacte o nosso pessoal, e tamb\u00e9m podemos fornecer servi\u00e7os personalizados de acordo com as suas necessidades.<\/p>\n<h3 data-start=\"1442\" data-end=\"1497\">Principais carater\u00edsticas da enfardadeira vertical \u00e0 prova de explos\u00e3o<\/h3>\n<ul>\n<li data-start=\"1501\" data-end=\"1655\">Design \u00e0 prova de explos\u00e3o - Equipado com sistemas el\u00e9ctricos \u00e0 prova de explos\u00e3o, pain\u00e9is de controlo selados e cablagem segura para evitar fa\u00edscas e sobreaquecimento.<\/li>\n<li data-start=\"1658\" data-end=\"1799\">Compacta\u00e7\u00e3o vertical - A prensagem vertical de alta press\u00e3o reduz significativamente o volume de material, criando fardos uniformes e f\u00e1ceis de manusear.<\/li>\n<li data-start=\"1802\" data-end=\"1940\">Estrutura duradoura - Estrutura de a\u00e7o resistente e sistema hidr\u00e1ulico refor\u00e7ado concebidos para um funcionamento a longo prazo em ind\u00fastrias exigentes.<\/li>\n<li data-start=\"1943\" data-end=\"2054\">Controlo de f\u00e1cil utiliza\u00e7\u00e3o - Opera\u00e7\u00e3o simples com arranque de um toque e encravamentos de seguran\u00e7a para proteger os operadores.<\/li>\n<li data-start=\"2057\" data-end=\"2168\">Efici\u00eancia energ\u00e9tica - Motor e sistema hidr\u00e1ulico optimizados para um elevado rendimento com um consumo de energia reduzido.<\/li>\n<\/ul>\n<h3 data-start=\"2170\" data-end=\"2222\">Aplica\u00e7\u00f5es das enfardadeiras verticais \u00e0 prova de explos\u00e3o<\/h3>\n<p data-start=\"2224\" data-end=\"2360\">Esta m\u00e1quina \u00e9 adequada para empresas que requerem compacta\u00e7\u00e3o de res\u00edduos e seguran\u00e7a contra explos\u00e3o. Os campos de aplica\u00e7\u00e3o mais comuns incluem:<\/p>\n<ul>\n<li data-start=\"2364\" data-end=\"2461\">Ind\u00fastria qu\u00edmica - Compacta\u00e7\u00e3o de materiais de embalagem e res\u00edduos de produ\u00e7\u00e3o em f\u00e1bricas de produtos qu\u00edmicos.<\/li>\n<li data-start=\"2464\" data-end=\"2551\">Petr\u00f3leo e g\u00e1s - Manuseamento de res\u00edduos perto de materiais inflam\u00e1veis sem risco de fa\u00edscas.<\/li>\n<li data-start=\"2554\" data-end=\"2652\">Produtos farmac\u00eauticos - Elimina\u00e7\u00e3o segura de res\u00edduos de embalagens e subprodutos de produ\u00e7\u00e3o n\u00e3o perigosos.<\/li>\n<li data-start=\"2655\" data-end=\"2747\">Processamento de alimentos - Redu\u00e7\u00e3o dos res\u00edduos de embalagens a granel em ambientes com poeiras combust\u00edveis.<\/li>\n<li data-start=\"2750\" data-end=\"2834\">Minas e metalurgia - Manuseamento de sucata e embalagens em zonas potencialmente explosivas.<\/li>\n<\/ul>\n<p data-start=\"2836\" data-end=\"2986\">Ao integrar uma prensa enfardadeira \u00e0 prova de explos\u00e3o, as empresas garantem o cumprimento das normas de seguran\u00e7a, melhorando simultaneamente a efici\u00eancia da gest\u00e3o de res\u00edduos.<\/p>\n<p><img decoding=\"async\" class=\"alignnone wp-image-2530 size-full\" src=\"https:\/\/www.gigapa.com\/wp-content\/uploads\/2025\/09\/50702-9.png\" alt=\"Enfardadeira vertical \u00e0 prova de explos\u00e3o\" width=\"500\" height=\"500\" srcset=\"https:\/\/www.gigapa.com\/wp-content\/uploads\/2025\/09\/50702-9.png 500w, https:\/\/www.gigapa.com\/wp-content\/uploads\/2025\/09\/50702-9-300x300.png 300w, https:\/\/www.gigapa.com\/wp-content\/uploads\/2025\/09\/50702-9-150x150.png 150w, https:\/\/www.gigapa.com\/wp-content\/uploads\/2025\/09\/50702-9-12x12.png 12w, https:\/\/www.gigapa.com\/wp-content\/uploads\/2025\/09\/50702-9-100x100.png 100w\" sizes=\"(max-width: 500px) 100vw, 500px\" \/><img loading=\"lazy\" decoding=\"async\" class=\"wp-image-2529 size-full\" src=\"https:\/\/www.gigapa.com\/wp-content\/uploads\/2025\/09\/50702-7.png\" alt=\"Enfardadeira vertical \u00e0 prova de explos\u00e3o\" width=\"500\" height=\"500\" srcset=\"https:\/\/www.gigapa.com\/wp-content\/uploads\/2025\/09\/50702-7.png 500w, https:\/\/www.gigapa.com\/wp-content\/uploads\/2025\/09\/50702-7-300x300.png 300w, https:\/\/www.gigapa.com\/wp-content\/uploads\/2025\/09\/50702-7-150x150.png 150w, https:\/\/www.gigapa.com\/wp-content\/uploads\/2025\/09\/50702-7-12x12.png 12w, https:\/\/www.gigapa.com\/wp-content\/uploads\/2025\/09\/50702-7-100x100.png 100w\" sizes=\"(max-width: 500px) 100vw, 500px\" \/><\/p>\n<h3 data-start=\"2988\" data-end=\"3019\">Vantagens para a sua empresa<\/h3>\n<p data-start=\"3021\" data-end=\"3099\">O investimento numa enfardadeira vertical \u00e0 prova de explos\u00e3o oferece m\u00faltiplas vantagens:<\/p>\n<ul>\n<li data-start=\"3103\" data-end=\"3194\">Seguran\u00e7a melhorada - Elimina os riscos de inc\u00eandio e explos\u00e3o provocados por m\u00e1quinas normais.<\/li>\n<li data-start=\"3197\" data-end=\"3284\">Redu\u00e7\u00e3o de custos - Reduz o volume de res\u00edduos, diminuindo os custos de transporte e armazenamento.<\/li>\n<li data-start=\"3287\" data-end=\"3373\">Conformidade regulamentar - Cumpre as normas de seguran\u00e7a exigidas em ind\u00fastrias perigosas.<\/li>\n<li data-start=\"3376\" data-end=\"3459\">Sustentabilidade - Ajuda as empresas a atingir objectivos de gest\u00e3o de res\u00edduos amigos do ambiente.<\/li>\n<li data-start=\"3462\" data-end=\"3556\">Produtividade melhorada - Equipamento fi\u00e1vel que minimiza o tempo de paragem e maximiza a produ\u00e7\u00e3o.<\/li>\n<\/ul>\n<h3 data-start=\"3558\" data-end=\"3573\">Conclus\u00e3o<\/h3>\n<p data-start=\"3575\" data-end=\"3890\">A enfardadeira vertical \u00e0 prova de explos\u00e3o n\u00e3o \u00e9 apenas uma m\u00e1quina de compacta\u00e7\u00e3o de res\u00edduos - \u00e9 uma solu\u00e7\u00e3o de seguran\u00e7a em primeiro lugar, concebida para ind\u00fastrias perigosas. Com a sua tecnologia \u00e0 prova de explos\u00e3o, forte compacta\u00e7\u00e3o vertical e design de f\u00e1cil utiliza\u00e7\u00e3o, proporciona um equil\u00edbrio ideal entre seguran\u00e7a, efici\u00eancia e rentabilidade.<\/p>\n<p data-start=\"3892\" data-end=\"4057\">Se procura uma forma segura e eficiente de gerir os res\u00edduos em ambientes onde a seguran\u00e7a \u00e9 fundamental, a enfardadeira vertical \u00e0 prova de explos\u00e3o \u00e9 a sua melhor escolha.<\/p>","protected":false},"excerpt":{"rendered":"<p>A enfardadeira vertical \u00e0 prova de explos\u00e3o \u00e9 uma m\u00e1quina de compacta\u00e7\u00e3o de res\u00edduos especializada, concebida para ambientes perigosos. Com motores \u00e0 prova de explos\u00e3o, componentes el\u00e9ctricos selados e um sistema de prensagem vertical duradouro, garante seguran\u00e7a e efici\u00eancia na compacta\u00e7\u00e3o de cart\u00e3o, pl\u00e1stico, t\u00eaxteis e outros materiais. Ideal para ind\u00fastrias como a qu\u00edmica, petr\u00f3leo e g\u00e1s, farmac\u00eautica e de processamento de alimentos, esta enfardadeira ajuda a reduzir o volume de res\u00edduos, a cortar os custos de transporte e a cumprir normas de seguran\u00e7a rigorosas.<\/p>","protected":false},"featured_media":2528,"template":"","meta":{"site-sidebar-layout":"default","site-content-layout":"","ast-site-content-layout":"default","site-content-style":"default","site-sidebar-style":"default","ast-global-header-display":"","ast-banner-title-visibility":"","ast-main-header-display":"","ast-hfb-above-header-display":"","ast-hfb-below-header-display":"","ast-hfb-mobile-header-display":"","site-post-title":"","ast-breadcrumbs-content":"","ast-featured-img":"","footer-sml-layout":"","ast-disable-related-posts":"","theme-transparent-header-meta":"default","adv-header-id-meta":"","stick-header-meta":"","header-above-stick-meta":"","header-main-stick-meta":"","header-below-stick-meta":"","astra-migrate-meta-layouts":"set","ast-page-background-enabled":"default","ast-page-background-meta":{"desktop":{"background-color":"var(--ast-global-color-5)","background-image":"","background-repeat":"repeat","background-position":"center center","background-size":"auto","background-attachment":"scroll","background-type":"","background-media":"","overlay-type":"","overlay-color":"","overlay-opacity":"","overlay-gradient":""},"tablet":{"background-color":"","background-image":"","background-repeat":"repeat","background-position":"center center","background-size":"auto","background-attachment":"scroll","background-type":"","background-media":"","overlay-type":"","overlay-color":"","overlay-opacity":"","overlay-gradient":""},"mobile":{"background-color":"","background-image":"","background-repeat":"repeat","background-position":"center center","background-size":"auto","background-attachment":"scroll","background-type":"","background-media":"","overlay-type":"","overlay-color":"","overlay-opacity":"","overlay-gradient":""}},"ast-content-background-meta":{"desktop":{"background-color":"var(--ast-global-color-4)","background-image":"","background-repeat":"repeat","background-position":"center center","background-size":"auto","background-attachment":"scroll","background-type":"","background-media":"","overlay-type":"","overlay-color":"","overlay-opacity":"","overlay-gradient":""},"tablet":{"background-color":"var(--ast-global-color-4)","background-image":"","background-repeat":"repeat","background-position":"center center","background-size":"auto","background-attachment":"scroll","background-type":"","background-media":"","overlay-type":"","overlay-color":"","overlay-opacity":"","overlay-gradient":""},"mobile":{"background-color":"var(--ast-global-color-4)","background-image":"","background-repeat":"repeat","background-position":"center center","background-size":"auto","background-attachment":"scroll","background-type":"","background-media":"","overlay-type":"","overlay-color":"","overlay-opacity":"","overlay-gradient":""}}},"product_brand":[],"product_cat":[21,152],"product_tag":[145],"class_list":{"0":"post-2526","1":"product","2":"type-product","3":"status-publish","4":"has-post-thumbnail","6":"product_cat-baling-machine","7":"product_cat-vertical-baler","8":"product_tag-anti-explosion-vertical-baler","9":"desktop-align-left","10":"tablet-align-left","11":"mobile-align-left","13":"first","14":"instock","15":"shipping-taxable","16":"product-type-simple"},"_links":{"self":[{"href":"https:\/\/www.gigapa.com\/pt\/wp-json\/wp\/v2\/product\/2526","targetHints":{"allow":["GET"]}}],"collection":[{"href":"https:\/\/www.gigapa.com\/pt\/wp-json\/wp\/v2\/product"}],"about":[{"href":"https:\/\/www.gigapa.com\/pt\/wp-json\/wp\/v2\/types\/product"}],"version-history":[{"count":1,"href":"https:\/\/www.gigapa.com\/pt\/wp-json\/wp\/v2\/product\/2526\/revisions"}],"predecessor-version":[{"id":2531,"href":"https:\/\/www.gigapa.com\/pt\/wp-json\/wp\/v2\/product\/2526\/revisions\/2531"}],"wp:featuredmedia":[{"embeddable":true,"href":"https:\/\/www.gigapa.com\/pt\/wp-json\/wp\/v2\/media\/2528"}],"wp:attachment":[{"href":"https:\/\/www.gigapa.com\/pt\/wp-json\/wp\/v2\/media?parent=2526"}],"wp:term":[{"taxonomy":"product_brand","embeddable":true,"href":"https:\/\/www.gigapa.com\/pt\/wp-json\/wp\/v2\/product_brand?post=2526"},{"taxonomy":"product_cat","embeddable":true,"href":"https:\/\/www.gigapa.com\/pt\/wp-json\/wp\/v2\/product_cat?post=2526"},{"taxonomy":"product_tag","embeddable":true,"href":"https:\/\/www.gigapa.com\/pt\/wp-json\/wp\/v2\/product_tag?post=2526"}],"curies":[{"name":"wp","href":"https:\/\/api.w.org\/{rel}","templated":true}]}}