{"id":2710,"date":"2025-10-10T14:48:40","date_gmt":"2025-10-10T06:48:40","guid":{"rendered":"https:\/\/www.gigapa.com\/?post_type=product&#038;p=2710"},"modified":"2026-04-27T14:57:37","modified_gmt":"2026-04-27T06:57:37","slug":"steel-swarf-compactor","status":"publish","type":"product","link":"https:\/\/www.gigapa.com\/pt\/produto\/steel-swarf-compactor\/","title":{"rendered":"Compactador de aparas de a\u00e7o"},"content":{"rendered":"<p data-start=\"242\" data-end=\"813\">Um compactador de limalha de a\u00e7o \u00e9 uma pe\u00e7a essencial de equipamento em f\u00e1bricas modernas de metalurgia e reciclagem. Foi concebido para comprimir limalhas de a\u00e7o soltas, aparas e outras limalhas met\u00e1licas em briquetes densos, secos e f\u00e1ceis de manusear. Isto n\u00e3o s\u00f3 reduz o espa\u00e7o de armazenamento necess\u00e1rio para os res\u00edduos met\u00e1licos, como tamb\u00e9m torna o material mais valioso para reciclagem ou fundi\u00e7\u00e3o. Para os fabricantes que processam a\u00e7o, a\u00e7o inoxid\u00e1vel, ferro fundido ou alum\u00ednio, o investimento num compactador de aparas de a\u00e7o melhora significativamente a conformidade ambiental e a efici\u00eancia operacional.<\/p>\n<div class=\"ast-oembed-container\" style=\"height: 100%;\"><iframe title=\"M\u00e1quina de briquetagem de cavacos de metal | M\u00e1quina de briquetagem de cavacos de alum\u00ednio\" width=\"500\" height=\"281\" src=\"https:\/\/www.youtube.com\/embed\/9eDjw4K6_lM?feature=oembed\" frameborder=\"0\" allow=\"accelerometer; autoplay; clipboard-write; encrypted-media; gyroscope; picture-in-picture; web-share\" referrerpolicy=\"strict-origin-when-cross-origin\" allowfullscreen><\/iframe><\/div>\n<h3 data-start=\"820\" data-end=\"874\">Princ\u00edpio de funcionamento do compactador de aparas de a\u00e7o<\/h3>\n<p data-start=\"876\" data-end=\"1346\">O compactador de aparas de a\u00e7o funciona atrav\u00e9s de uma combina\u00e7\u00e3o de press\u00e3o hidr\u00e1ulica e compress\u00e3o mec\u00e2nica. Depois de as limalhas serem recolhidas das opera\u00e7\u00f5es de maquinagem ou retifica\u00e7\u00e3o, s\u00e3o introduzidas na tremonha do compactador. Dentro da c\u00e2mara de compress\u00e3o, um cilindro hidr\u00e1ulico potente exerce uma press\u00e3o elevada - muitas vezes superior a 2000 psi - sobre as aparas de a\u00e7o soltas. Esta press\u00e3o espreme os fluidos de corte, os l\u00edquidos de refrigera\u00e7\u00e3o e outros \u00f3leos residuais, formando briquetes compactos e s\u00f3lidos.<\/p>\n<p data-start=\"1348\" data-end=\"1706\">Os briquetes resultantes s\u00e3o tipicamente cil\u00edndricos ou em forma de bloco e t\u00eam uma densidade muito mais elevada em compara\u00e7\u00e3o com as aparas soltas. Podem ser facilmente empilhados, armazenados ou transportados para instala\u00e7\u00f5es de fundi\u00e7\u00e3o sem contamina\u00e7\u00e3o ou fuga de fluido. O l\u00edquido de refrigera\u00e7\u00e3o extra\u00eddo tamb\u00e9m pode ser filtrado e reutilizado, contribuindo para um processo de produ\u00e7\u00e3o mais limpo e sustent\u00e1vel.<\/p>\n<h3 data-start=\"1713\" data-end=\"1764\">Vantagens da utiliza\u00e7\u00e3o de um compactador de aparas de a\u00e7o<\/h3>\n<ol data-start=\"1766\" data-end=\"2793\">\n<li data-start=\"1766\" data-end=\"1983\">\n<p data-start=\"1769\" data-end=\"1983\">Poupan\u00e7a de espa\u00e7o e de custos<br data-start=\"1795\" data-end=\"1798\" \/>As aparas de a\u00e7o soltas ocupam um grande volume. Ao compact\u00e1-las em briquetes s\u00f3lidos, os requisitos de armazenamento podem ser reduzidos em at\u00e9 80%. Isto leva a menores custos de log\u00edstica e manuseamento.<\/p>\n<\/li>\n<li data-start=\"1985\" data-end=\"2210\">\n<p data-start=\"1988\" data-end=\"2210\">Efici\u00eancia de reciclagem<br data-start=\"2012\" data-end=\"2015\" \/>Os briquetes compactos t\u00eam uma densidade aparente mais elevada, o que melhora a efici\u00eancia do carregamento do forno durante a refus\u00e3o. Como resultado, o consumo de energia \u00e9 reduzido e a taxa de reciclagem global aumenta.<\/p>\n<\/li>\n<li data-start=\"2212\" data-end=\"2409\">\n<p data-start=\"2215\" data-end=\"2409\">Recupera\u00e7\u00e3o de \u00f3leo e l\u00edquido de refrigera\u00e7\u00e3o<br data-start=\"2243\" data-end=\"2246\" \/>O processo de compacta\u00e7\u00e3o separa e recupera os fluidos de corte residuais das aparas. Estes fluidos podem ser reutilizados, minimizando os res\u00edduos e melhorando a sustentabilidade.<\/p>\n<\/li>\n<li data-start=\"2411\" data-end=\"2596\">\n<p data-start=\"2414\" data-end=\"2596\">Ambiente de trabalho limpo e seguro<br data-start=\"2452\" data-end=\"2455\" \/>A briquetagem elimina os pingos de \u00f3leo e as aparas espalhadas pelo ch\u00e3o da oficina, criando um espa\u00e7o de trabalho mais limpo, mais seguro e mais organizado.<\/p>\n<\/li>\n<li data-start=\"2598\" data-end=\"2793\">\n<p data-start=\"2601\" data-end=\"2793\">Conformidade ambiental<br data-start=\"2629\" data-end=\"2632\" \/>O compactador de aparas de a\u00e7o apoia o cumprimento das normas ambientais modernas, reduzindo o volume de res\u00edduos, evitando fugas de fluidos e promovendo a reciclagem.<\/p>\n<\/li>\n<\/ol>\n<h3 data-start=\"2800\" data-end=\"2826\">Carater\u00edsticas t\u00e9cnicas<\/h3>\n<ul>\n<li data-start=\"2830\" data-end=\"2935\">Sistema hidr\u00e1ulico de alta press\u00e3o - Garante a m\u00e1xima densidade de compacta\u00e7\u00e3o e a forma\u00e7\u00e3o est\u00e1vel de briquetes.<\/li>\n<li data-start=\"2938\" data-end=\"3043\">Alimenta\u00e7\u00e3o e descarga autom\u00e1ticas - Reduz a necessidade de m\u00e3o de obra e aumenta a efici\u00eancia da produ\u00e7\u00e3o.<\/li>\n<li data-start=\"3046\" data-end=\"3144\">Controlo program\u00e1vel (PLC) - Permite um funcionamento total ou semi-autom\u00e1tico com defini\u00e7\u00f5es simples.<\/li>\n<li data-start=\"3147\" data-end=\"3246\">C\u00e2mara de compress\u00e3o duradoura - Fabricada em a\u00e7o resistente ao desgaste para garantir uma fiabilidade a longo prazo.<\/li>\n<li data-start=\"3249\" data-end=\"3337\">Sistema de recupera\u00e7\u00e3o de \u00f3leo - Recolhe e separa os l\u00edquidos de refrigera\u00e7\u00e3o ou lubrificantes para reciclagem.<\/li>\n<li data-start=\"3340\" data-end=\"3442\">Sistema de arrefecimento e filtragem opcional - Mant\u00e9m o \u00f3leo hidr\u00e1ulico limpo e prolonga a vida \u00fatil da m\u00e1quina.<\/li>\n<\/ul>\n<p><img fetchpriority=\"high\" decoding=\"async\" class=\"wp-image-2711 size-full aligncenter\" src=\"https:\/\/www.gigapa.com\/wp-content\/uploads\/2025\/10\/\u538b\u997c\u673a1.jpg\" alt=\"Compactador de aparas de a\u00e7o\" width=\"500\" height=\"500\" srcset=\"https:\/\/www.gigapa.com\/wp-content\/uploads\/2025\/10\/\u538b\u997c\u673a1.jpg 500w, https:\/\/www.gigapa.com\/wp-content\/uploads\/2025\/10\/\u538b\u997c\u673a1-300x300.jpg 300w, https:\/\/www.gigapa.com\/wp-content\/uploads\/2025\/10\/\u538b\u997c\u673a1-150x150.jpg 150w, https:\/\/www.gigapa.com\/wp-content\/uploads\/2025\/10\/\u538b\u997c\u673a1-12x12.jpg 12w, https:\/\/www.gigapa.com\/wp-content\/uploads\/2025\/10\/\u538b\u997c\u673a1-100x100.jpg 100w\" sizes=\"(max-width: 500px) 100vw, 500px\" \/><\/p>\n<h3 data-start=\"3449\" data-end=\"3469\">Aplica\u00e7\u00f5es<\/h3>\n<p data-start=\"3471\" data-end=\"3540\">O compactador de aparas de a\u00e7o \u00e9 amplamente utilizado em ind\u00fastrias como:<\/p>\n<ul>\n<li data-start=\"3543\" data-end=\"3579\">Centros de usinagem e usinagem de metais<\/li>\n<li data-start=\"3582\" data-end=\"3632\">Fabrico de componentes para o sector autom\u00f3vel e aeroespacial<\/li>\n<li data-start=\"3635\" data-end=\"3681\">Instala\u00e7\u00f5es de fabrico de a\u00e7o e de a\u00e7o inoxid\u00e1vel<\/li>\n<li data-start=\"3684\" data-end=\"3719\">Fundi\u00e7\u00f5es e opera\u00e7\u00f5es de fundi\u00e7\u00e3o<\/li>\n<li data-start=\"3722\" data-end=\"3765\">Instala\u00e7\u00f5es de reciclagem e gest\u00e3o de res\u00edduos<\/li>\n<\/ul>\n<p data-start=\"3767\" data-end=\"3928\">Quer o material seja a\u00e7o, ferro fundido ou metais n\u00e3o ferrosos, o compactador converte efetivamente os res\u00edduos em recursos valiosos, apoiando uma economia circular.<\/p>\n<h3 data-start=\"3935\" data-end=\"3979\">Porqu\u00ea escolher o nosso compactador de aparas de a\u00e7o<\/h3>\n<p data-start=\"3981\" data-end=\"4396\">A nossa empresa \u00e9 especializada na conce\u00e7\u00e3o e fabrico de equipamento industrial de briquetagem e reciclagem com mais de dez anos de experi\u00eancia em engenharia. Cada compactador de aparas de a\u00e7o \u00e9 concebido para um desempenho de servi\u00e7o pesado, manuten\u00e7\u00e3o f\u00e1cil e funcionamento consistente. Est\u00e3o dispon\u00edveis solu\u00e7\u00f5es personalizadas de acordo com os requisitos do cliente, incluindo sistemas de alimenta\u00e7\u00e3o, transportadores autom\u00e1ticos ou linhas de reciclagem totalmente integradas.<\/p>\n<p data-start=\"4398\" data-end=\"4611\">Fornecemos apoio t\u00e9cnico abrangente, desde a sele\u00e7\u00e3o do equipamento at\u00e9 \u00e0 instala\u00e7\u00e3o e ao servi\u00e7o p\u00f3s-venda. O nosso objetivo \u00e9 ajudar os fabricantes a reduzir o desperd\u00edcio, melhorar a efici\u00eancia e alcan\u00e7ar uma produ\u00e7\u00e3o sustent\u00e1vel.<\/p>\n<h3 data-start=\"4618\" data-end=\"4636\">Conclus\u00e3o<\/h3>\n<p data-start=\"4638\" data-end=\"4989\">Um compactador de aparas de a\u00e7o n\u00e3o \u00e9 apenas uma m\u00e1quina de gest\u00e3o de res\u00edduos - \u00e9 um investimento inteligente que traz benef\u00edcios mensur\u00e1veis na redu\u00e7\u00e3o de custos, prote\u00e7\u00e3o ambiental e melhoria da produtividade. Ao transformar as aparas de a\u00e7o soltas em briquetes densos, pode simplificar o armazenamento, recuperar fluidos valiosos e contribuir para um processo industrial mais limpo.<\/p>\n<p data-start=\"4991\" data-end=\"5264\">Se procura um fabricante ou fornecedor fi\u00e1vel de compactadores de aparas de a\u00e7o, contacte-nos hoje mesmo para discutir os requisitos do seu projeto. A nossa equipa de profissionais recomendar\u00e1 o modelo mais adequado e fornecer\u00e1 uma solu\u00e7\u00e3o completa de reciclagem de metais adaptada \u00e0s suas necessidades.<\/p>","protected":false},"excerpt":{"rendered":"<p>O compactador de limalhas de a\u00e7o \u00e9 uma m\u00e1quina de briquetagem hidr\u00e1ulica concebida para comprimir limalhas de a\u00e7o soltas e aparas em briquetes densos e secos. Ajuda a reduzir o volume de armazenamento, a recuperar fluidos de corte valiosos e a melhorar a efici\u00eancia da reciclagem. Com tecnologia hidr\u00e1ulica de alta press\u00e3o, funcionamento autom\u00e1tico e constru\u00e7\u00e3o duradoura, este compactador \u00e9 ideal para as ind\u00fastrias metal\u00fargica, de maquinagem e de reciclagem. N\u00e3o s\u00f3 poupa espa\u00e7o e custos de transporte, como tamb\u00e9m contribui para um ambiente de produ\u00e7\u00e3o mais limpo e sustent\u00e1vel.<\/p>","protected":false},"featured_media":2711,"template":"","meta":{"site-sidebar-layout":"default","site-content-layout":"","ast-site-content-layout":"default","site-content-style":"default","site-sidebar-style":"default","ast-global-header-display":"","ast-banner-title-visibility":"","ast-main-header-display":"","ast-hfb-above-header-display":"","ast-hfb-below-header-display":"","ast-hfb-mobile-header-display":"","site-post-title":"","ast-breadcrumbs-content":"","ast-featured-img":"","footer-sml-layout":"","ast-disable-related-posts":"","theme-transparent-header-meta":"default","adv-header-id-meta":"","stick-header-meta":"","header-above-stick-meta":"","header-main-stick-meta":"","header-below-stick-meta":"","astra-migrate-meta-layouts":"set","ast-page-background-enabled":"default","ast-page-background-meta":{"desktop":{"background-color":"var(--ast-global-color-5)","background-image":"","background-repeat":"repeat","background-position":"center center","background-size":"auto","background-attachment":"scroll","background-type":"","background-media":"","overlay-type":"","overlay-color":"","overlay-opacity":"","overlay-gradient":""},"tablet":{"background-color":"","background-image":"","background-repeat":"repeat","background-position":"center center","background-size":"auto","background-attachment":"scroll","background-type":"","background-media":"","overlay-type":"","overlay-color":"","overlay-opacity":"","overlay-gradient":""},"mobile":{"background-color":"","background-image":"","background-repeat":"repeat","background-position":"center center","background-size":"auto","background-attachment":"scroll","background-type":"","background-media":"","overlay-type":"","overlay-color":"","overlay-opacity":"","overlay-gradient":""}},"ast-content-background-meta":{"desktop":{"background-color":"var(--ast-global-color-4)","background-image":"","background-repeat":"repeat","background-position":"center center","background-size":"auto","background-attachment":"scroll","background-type":"","background-media":"","overlay-type":"","overlay-color":"","overlay-opacity":"","overlay-gradient":""},"tablet":{"background-color":"var(--ast-global-color-4)","background-image":"","background-repeat":"repeat","background-position":"center center","background-size":"auto","background-attachment":"scroll","background-type":"","background-media":"","overlay-type":"","overlay-color":"","overlay-opacity":"","overlay-gradient":""},"mobile":{"background-color":"var(--ast-global-color-4)","background-image":"","background-repeat":"repeat","background-position":"center center","background-size":"auto","background-attachment":"scroll","background-type":"","background-media":"","overlay-type":"","overlay-color":"","overlay-opacity":"","overlay-gradient":""}}},"product_brand":[],"product_cat":[21,156],"product_tag":[193,160,191,192,159,190],"class_list":{"0":"post-2710","1":"product","2":"type-product","3":"status-publish","4":"has-post-thumbnail","6":"product_cat-baling-machine","7":"product_cat-briquetting-press-machine","8":"product_tag-automatic-swarf-compactor","9":"product_tag-chip-briquetting-machine","10":"product_tag-hydraulic-metal-chip-compactor","11":"product_tag-metal-briquette-press-machine","12":"product_tag-scrap-briquetting-machine","13":"product_tag-steel-swarf-compactor","14":"desktop-align-left","15":"tablet-align-left","16":"mobile-align-left","18":"first","19":"instock","20":"shipping-taxable","21":"product-type-simple"},"_links":{"self":[{"href":"https:\/\/www.gigapa.com\/pt\/wp-json\/wp\/v2\/product\/2710","targetHints":{"allow":["GET"]}}],"collection":[{"href":"https:\/\/www.gigapa.com\/pt\/wp-json\/wp\/v2\/product"}],"about":[{"href":"https:\/\/www.gigapa.com\/pt\/wp-json\/wp\/v2\/types\/product"}],"version-history":[{"count":2,"href":"https:\/\/www.gigapa.com\/pt\/wp-json\/wp\/v2\/product\/2710\/revisions"}],"predecessor-version":[{"id":2714,"href":"https:\/\/www.gigapa.com\/pt\/wp-json\/wp\/v2\/product\/2710\/revisions\/2714"}],"wp:featuredmedia":[{"embeddable":true,"href":"https:\/\/www.gigapa.com\/pt\/wp-json\/wp\/v2\/media\/2711"}],"wp:attachment":[{"href":"https:\/\/www.gigapa.com\/pt\/wp-json\/wp\/v2\/media?parent=2710"}],"wp:term":[{"taxonomy":"product_brand","embeddable":true,"href":"https:\/\/www.gigapa.com\/pt\/wp-json\/wp\/v2\/product_brand?post=2710"},{"taxonomy":"product_cat","embeddable":true,"href":"https:\/\/www.gigapa.com\/pt\/wp-json\/wp\/v2\/product_cat?post=2710"},{"taxonomy":"product_tag","embeddable":true,"href":"https:\/\/www.gigapa.com\/pt\/wp-json\/wp\/v2\/product_tag?post=2710"}],"curies":[{"name":"wp","href":"https:\/\/api.w.org\/{rel}","templated":true}]}}