{"id":2754,"date":"2025-10-20T11:28:17","date_gmt":"2025-10-20T03:28:17","guid":{"rendered":"https:\/\/www.gigapa.com\/?post_type=product&#038;p=2754"},"modified":"2025-12-25T09:18:27","modified_gmt":"2025-12-25T01:18:27","slug":"silage-alfalfa-straw-bagging-baler","status":"publish","type":"product","link":"https:\/\/www.gigapa.com\/pt\/produto\/silage-alfalfa-straw-bagging-baler\/","title":{"rendered":"Enfardadeira de ensacamento de silagem\/alfafa\/tralha"},"content":{"rendered":"<p data-start=\"222\" data-end=\"774\">A enfardadeira de ensacamento de silagem\/alfafa\/palha \u00e9 um equipamento agr\u00edcola e de reciclagem avan\u00e7ado concebido para comprimir e embalar eficazmente materiais fibrosos soltos em fardos ou sacos densos e uniformes. Esta m\u00e1quina \u00e9 ideal para agricultores, produtores de ra\u00e7\u00f5es e empresas agr\u00edcolas que necessitam de uma solu\u00e7\u00e3o fi\u00e1vel para o manuseamento de silagem, alfafa, palha, feno e outros materiais de biomassa semelhantes. Ao combinar compress\u00e3o, enfardamento e ensacamento numa \u00fanica opera\u00e7\u00e3o, esta enfardadeira melhora significativamente a efici\u00eancia de armazenamento, transporte e manuseamento.<\/p>\n<div class=\"ast-oembed-container\" style=\"height: 100%;\"><iframe title=\"M\u00e1quina de ensacamento por compress\u00e3o de casca\" width=\"500\" height=\"281\" src=\"https:\/\/www.youtube.com\/embed\/AoxfxcMR80w?feature=oembed\" frameborder=\"0\" allow=\"accelerometer; autoplay; clipboard-write; encrypted-media; gyroscope; picture-in-picture; web-share\" referrerpolicy=\"strict-origin-when-cross-origin\" allowfullscreen><\/iframe><\/div>\n<h3 data-start=\"781\" data-end=\"806\">Princ\u00edpio de funcionamento<\/h3>\n<p data-start=\"808\" data-end=\"1367\">A enfardadeira de sacos funciona com um sistema de compress\u00e3o hidr\u00e1ulica de bin\u00e1rio elevado que comprime os materiais soltos em fardos compactos. Os materiais s\u00e3o carregados na m\u00e1quina atrav\u00e9s de uma tremonha ou de um transportador de alimenta\u00e7\u00e3o, onde os cilindros hidr\u00e1ulicos aplicam uma press\u00e3o consistente para comprimir o produto. Uma vez atingida a densidade desejada, a m\u00e1quina embrulha automaticamente o fardo num saco de pl\u00e1stico ou ata-o com fio ou arame, dependendo do modelo. Este processo n\u00e3o s\u00f3 mant\u00e9m a integridade do fardo, como tamb\u00e9m evita a humidade, o p\u00f3 e a perda durante o armazenamento ou o transporte.<\/p>\n<p data-start=\"1369\" data-end=\"1761\">A enfardadeira de ensacamento de silagem\/alfafa\/palha tem uma conce\u00e7\u00e3o vertical ou horizontal, permitindo um funcionamento cont\u00ednuo ou semi-autom\u00e1tico com base nos requisitos de produ\u00e7\u00e3o. Est\u00e1 equipada com controlos PLC e encravamentos de seguran\u00e7a, garantindo um funcionamento suave, seguro e fi\u00e1vel. Os operadores podem ajustar facilmente a press\u00e3o de compress\u00e3o, o tamanho do saco e a velocidade de alimenta\u00e7\u00e3o para corresponder \u00e0s carater\u00edsticas espec\u00edficas do material e \u00e0s necessidades de produ\u00e7\u00e3o.<\/p>\n<h3 data-start=\"1768\" data-end=\"1803\">Principais carater\u00edsticas e vantagens<\/h3>\n<ol data-start=\"1805\" data-end=\"3404\">\n<li data-start=\"1805\" data-end=\"2118\">\n<p data-start=\"1808\" data-end=\"2118\">Elevada efici\u00eancia e produtividade<br data-start=\"1844\" data-end=\"1847\" \/>A enfardadeira pode comprimir e embalar grandes quantidades de silagem, alfafa ou palha num curto espa\u00e7o de tempo, reduzindo os custos de m\u00e3o de obra e aumentando o rendimento. O funcionamento cont\u00ednuo assegura um tempo de inatividade m\u00ednimo, tornando-a adequada tanto para opera\u00e7\u00f5es agr\u00edcolas de pequena como de grande escala.<\/p>\n<\/li>\n<li data-start=\"2120\" data-end=\"2363\">\n<p data-start=\"2123\" data-end=\"2363\">Densidade e tamanho uniformes dos fardos<br data-start=\"2156\" data-end=\"2159\" \/>O sistema de compress\u00e3o hidr\u00e1ulica garante uma densidade de fardo consistente, assegurando que cada fardo mant\u00e9m um tamanho e peso uniformes. Esta carater\u00edstica \u00e9 fundamental para o empilhamento, armazenamento e transporte eficiente.<\/p>\n<\/li>\n<li data-start=\"2365\" data-end=\"2602\">\n<p data-start=\"2368\" data-end=\"2602\">Versatilidade<br data-start=\"2383\" data-end=\"2386\" \/>A enfardadeira pode manusear uma vasta gama de materiais, incluindo silagem, feno, palha, alfafa e outra biomassa fibrosa. Esta flexibilidade torna-a uma solu\u00e7\u00e3o fi\u00e1vel para m\u00faltiplas aplica\u00e7\u00f5es agr\u00edcolas e industriais.<\/p>\n<\/li>\n<li data-start=\"2604\" data-end=\"2887\">\n<p data-start=\"2607\" data-end=\"2887\">F\u00e1cil opera\u00e7\u00e3o e manuten\u00e7\u00e3o<br data-start=\"2641\" data-end=\"2644\" \/>Equipada com controlos f\u00e1ceis de utilizar e sistemas automatizados de alimenta\u00e7\u00e3o e compress\u00e3o, a m\u00e1quina \u00e9 f\u00e1cil de operar. A manuten\u00e7\u00e3o \u00e9 simples, com pain\u00e9is de acesso r\u00e1pido e pe\u00e7as de desgaste substitu\u00edveis, reduzindo o tempo de inatividade e os custos operacionais.<\/p>\n<\/li>\n<li data-start=\"2889\" data-end=\"3106\">\n<p data-start=\"2892\" data-end=\"3106\">Constru\u00e7\u00e3o duradoura<br data-start=\"2916\" data-end=\"2919\" \/>Constru\u00edda com estruturas de a\u00e7o para trabalhos pesados, componentes hidr\u00e1ulicos de alta qualidade e l\u00e2minas resistentes ao desgaste, a enfardadeira foi concebida para um desempenho a longo prazo em ambientes agr\u00edcolas exigentes.<\/p>\n<\/li>\n<li data-start=\"3108\" data-end=\"3404\">\n<p data-start=\"3111\" data-end=\"3404\">Seguro e amigo do ambiente<br data-start=\"3136\" data-end=\"3139\" \/>As carater\u00edsticas de seguran\u00e7a, tais como bot\u00f5es de paragem de emerg\u00eancia, encravamentos e prote\u00e7\u00e3o contra sobrecarga, garantem a seguran\u00e7a do operador. Ao comprimir eficientemente os materiais soltos, a enfardadeira tamb\u00e9m minimiza a poeira e reduz a perda de material, contribuindo para uma opera\u00e7\u00e3o mais limpa e sustent\u00e1vel.<\/p>\n<\/li>\n<\/ol>\n<p data-start=\"3411\" data-end=\"3431\"><img fetchpriority=\"high\" decoding=\"async\" class=\"alignnone wp-image-2755 size-full\" src=\"https:\/\/www.gigapa.com\/wp-content\/uploads\/2025\/10\/\u5957\u888b\u673a4.png\" alt=\"Enfardadeira de ensacamento de silagem\/alfafa\" width=\"500\" height=\"500\" srcset=\"https:\/\/www.gigapa.com\/wp-content\/uploads\/2025\/10\/\u5957\u888b\u673a4.png 500w, https:\/\/www.gigapa.com\/wp-content\/uploads\/2025\/10\/\u5957\u888b\u673a4-300x300.png 300w, https:\/\/www.gigapa.com\/wp-content\/uploads\/2025\/10\/\u5957\u888b\u673a4-150x150.png 150w, https:\/\/www.gigapa.com\/wp-content\/uploads\/2025\/10\/\u5957\u888b\u673a4-12x12.png 12w, https:\/\/www.gigapa.com\/wp-content\/uploads\/2025\/10\/\u5957\u888b\u673a4-100x100.png 100w\" sizes=\"(max-width: 500px) 100vw, 500px\" \/><\/p>\n<h3 data-start=\"3411\" data-end=\"3431\">Aplica\u00e7\u00f5es<\/h3>\n<p data-start=\"3433\" data-end=\"3496\">A enfardadeira para ensacamento de silagem\/alfafa\/palha \u00e9 amplamente utilizada em..:<\/p>\n<ul>\n<li data-start=\"3499\" data-end=\"3589\">Explora\u00e7\u00f5es agr\u00edcolas - Compress\u00e3o de feno, alfafa, palha e silagem para alimenta\u00e7\u00e3o do gado.<\/li>\n<li data-start=\"3592\" data-end=\"3688\">F\u00e1bricas de produ\u00e7\u00e3o de alimentos para animais - Prepara\u00e7\u00e3o de mat\u00e9ria-prima em fardos uniformes para transporte ou processamento.<\/li>\n<li data-start=\"3691\" data-end=\"3809\">Gest\u00e3o de res\u00edduos agr\u00edcolas - Manuseamento eficiente de res\u00edduos de culturas e biomassa para armazenamento ou produ\u00e7\u00e3o de energia.<\/li>\n<li data-start=\"3812\" data-end=\"3901\">Uso Comercial e Industrial - Embalagem de materiais para venda ou distribui\u00e7\u00e3o a granel.<\/li>\n<\/ul>\n<p data-start=\"3903\" data-end=\"4078\">Esta m\u00e1quina \u00e9 particularmente valiosa para opera\u00e7\u00f5es que requerem fardos de alta densidade que s\u00e3o f\u00e1ceis de manusear, armazenar e transportar, preservando a qualidade do material.<\/p>\n<h3 data-start=\"4085\" data-end=\"4103\">Conclus\u00e3o<\/h3>\n<p data-start=\"4105\" data-end=\"4596\">A enfardadeira de ensacamento de silagem\/alfafa\/palha \u00e9 uma solu\u00e7\u00e3o vers\u00e1til, eficiente e duradoura para a agricultura moderna e para as ind\u00fastrias de produ\u00e7\u00e3o de alimentos para animais. O seu sistema de compress\u00e3o hidr\u00e1ulica, a alimenta\u00e7\u00e3o automatizada e o mecanismo de ensacamento garantem uma elevada produtividade, uma qualidade consistente dos fardos e um funcionamento seguro. Ao investir nesta enfardadeira, os agricultores e produtores podem otimizar as suas opera\u00e7\u00f5es, reduzir os custos de m\u00e3o de obra e melhorar a gest\u00e3o global da silagem, alfafa, palha e outros materiais de biomassa.<\/p>\n<p data-start=\"4598\" data-end=\"4782\">Quer se trate de pequenas explora\u00e7\u00f5es agr\u00edcolas ou de grandes produ\u00e7\u00f5es industriais de ra\u00e7\u00f5es, esta enfardadeira oferece uma solu\u00e7\u00e3o fi\u00e1vel e econ\u00f3mica para satisfazer as crescentes exig\u00eancias do manuseamento de materiais agr\u00edcolas.<\/p>","protected":false},"excerpt":{"rendered":"<p>A enfardadeira de ensacamento de silagem\/alfafa\/palha comprime e embala eficazmente materiais agr\u00edcolas soltos, como silagem, feno, alfafa e palha, em fardos ou sacos uniformes. Com elevada produtividade, compress\u00e3o hidr\u00e1ulica e f\u00e1cil opera\u00e7\u00e3o, \u00e9 ideal para quintas, f\u00e1bricas de ra\u00e7\u00f5es e gest\u00e3o de res\u00edduos agr\u00edcolas.<\/p>","protected":false},"featured_media":2755,"template":"","meta":{"site-sidebar-layout":"default","site-content-layout":"","ast-site-content-layout":"default","site-content-style":"default","site-sidebar-style":"default","ast-global-header-display":"","ast-banner-title-visibility":"","ast-main-header-display":"","ast-hfb-above-header-display":"","ast-hfb-below-header-display":"","ast-hfb-mobile-header-display":"","site-post-title":"","ast-breadcrumbs-content":"","ast-featured-img":"","footer-sml-layout":"","ast-disable-related-posts":"","theme-transparent-header-meta":"default","adv-header-id-meta":"","stick-header-meta":"","header-above-stick-meta":"","header-main-stick-meta":"","header-below-stick-meta":"","astra-migrate-meta-layouts":"set","ast-page-background-enabled":"default","ast-page-background-meta":{"desktop":{"background-color":"var(--ast-global-color-5)","background-image":"","background-repeat":"repeat","background-position":"center center","background-size":"auto","background-attachment":"scroll","background-type":"","background-media":"","overlay-type":"","overlay-color":"","overlay-opacity":"","overlay-gradient":""},"tablet":{"background-color":"","background-image":"","background-repeat":"repeat","background-position":"center center","background-size":"auto","background-attachment":"scroll","background-type":"","background-media":"","overlay-type":"","overlay-color":"","overlay-opacity":"","overlay-gradient":""},"mobile":{"background-color":"","background-image":"","background-repeat":"repeat","background-position":"center center","background-size":"auto","background-attachment":"scroll","background-type":"","background-media":"","overlay-type":"","overlay-color":"","overlay-opacity":"","overlay-gradient":""}},"ast-content-background-meta":{"desktop":{"background-color":"var(--ast-global-color-4)","background-image":"","background-repeat":"repeat","background-position":"center center","background-size":"auto","background-attachment":"scroll","background-type":"","background-media":"","overlay-type":"","overlay-color":"","overlay-opacity":"","overlay-gradient":""},"tablet":{"background-color":"var(--ast-global-color-4)","background-image":"","background-repeat":"repeat","background-position":"center center","background-size":"auto","background-attachment":"scroll","background-type":"","background-media":"","overlay-type":"","overlay-color":"","overlay-opacity":"","overlay-gradient":""},"mobile":{"background-color":"var(--ast-global-color-4)","background-image":"","background-repeat":"repeat","background-position":"center center","background-size":"auto","background-attachment":"scroll","background-type":"","background-media":"","overlay-type":"","overlay-color":"","overlay-opacity":"","overlay-gradient":""}}},"product_brand":[],"product_cat":[21,154],"product_tag":[158,128,157],"class_list":{"0":"post-2754","1":"product","2":"type-product","3":"status-publish","4":"has-post-thumbnail","6":"product_cat-baling-machine","7":"product_cat-bagging-baler","8":"product_tag-alfalfa-bagging-baler","9":"product_tag-silage-bagging-baler","10":"product_tag-straw-bagging-baler","11":"desktop-align-left","12":"tablet-align-left","13":"mobile-align-left","15":"first","16":"instock","17":"shipping-taxable","18":"product-type-simple"},"_links":{"self":[{"href":"https:\/\/www.gigapa.com\/pt\/wp-json\/wp\/v2\/product\/2754","targetHints":{"allow":["GET"]}}],"collection":[{"href":"https:\/\/www.gigapa.com\/pt\/wp-json\/wp\/v2\/product"}],"about":[{"href":"https:\/\/www.gigapa.com\/pt\/wp-json\/wp\/v2\/types\/product"}],"version-history":[{"count":2,"href":"https:\/\/www.gigapa.com\/pt\/wp-json\/wp\/v2\/product\/2754\/revisions"}],"predecessor-version":[{"id":2757,"href":"https:\/\/www.gigapa.com\/pt\/wp-json\/wp\/v2\/product\/2754\/revisions\/2757"}],"wp:featuredmedia":[{"embeddable":true,"href":"https:\/\/www.gigapa.com\/pt\/wp-json\/wp\/v2\/media\/2755"}],"wp:attachment":[{"href":"https:\/\/www.gigapa.com\/pt\/wp-json\/wp\/v2\/media?parent=2754"}],"wp:term":[{"taxonomy":"product_brand","embeddable":true,"href":"https:\/\/www.gigapa.com\/pt\/wp-json\/wp\/v2\/product_brand?post=2754"},{"taxonomy":"product_cat","embeddable":true,"href":"https:\/\/www.gigapa.com\/pt\/wp-json\/wp\/v2\/product_cat?post=2754"},{"taxonomy":"product_tag","embeddable":true,"href":"https:\/\/www.gigapa.com\/pt\/wp-json\/wp\/v2\/product_tag?post=2754"}],"curies":[{"name":"wp","href":"https:\/\/api.w.org\/{rel}","templated":true}]}}