{"id":2783,"date":"2025-11-06T17:11:30","date_gmt":"2025-11-06T09:11:30","guid":{"rendered":"https:\/\/www.gigapa.com\/?post_type=product&#038;p=2783"},"modified":"2026-04-27T14:44:51","modified_gmt":"2026-04-27T06:44:51","slug":"fully-automatic-horizontal-cotton-baler","status":"publish","type":"product","link":"https:\/\/www.gigapa.com\/pt\/produto\/fully-automatic-horizontal-cotton-baler\/","title":{"rendered":"Enfardadeira de algod\u00e3o horizontal totalmente autom\u00e1tica"},"content":{"rendered":"<h3>Introdu\u00e7\u00e3o do equipamento:<\/h3>\n<p>A enfardadeira de algod\u00e3o horizontal totalmente autom\u00e1tica \u00e9 constitu\u00edda por uma caixa, uma esta\u00e7\u00e3o hidr\u00e1ulica, um cilindro hidr\u00e1ulico, uma cabe\u00e7a de press\u00e3o e um mecanismo de atamento. A press\u00e3o hidr\u00e1ulica fornecida pela esta\u00e7\u00e3o hidr\u00e1ulica acciona o cilindro principal para comprimir o material utilizando a cabe\u00e7a de press\u00e3o. Ap\u00f3s a compress\u00e3o, o fardo \u00e9 ejectado pelo cilindro hidr\u00e1ulico de eje\u00e7\u00e3o e o mecanismo de atamento prende o fardo. Todo o processo de compress\u00e3o e atamento do fardo \u00e9 controlado por um PLC. O mecanismo de atamento completa automaticamente os processos de alimenta\u00e7\u00e3o, atamento e aperto sem interven\u00e7\u00e3o manual, resultando num elevado grau de automatiza\u00e7\u00e3o. Isto torna-a n\u00e3o s\u00f3 altamente eficiente, mas tamb\u00e9m poupa custos de m\u00e3o de obra. Por conseguinte, \u00e9 amplamente utilizado em aplica\u00e7\u00f5es que requerem um grande rendimento e uma elevada velocidade de processamento, tais como f\u00e1bricas de algod\u00e3o, f\u00e1bricas t\u00eaxteis e esta\u00e7\u00f5es de tratamento de res\u00edduos.<\/p>\n<h3>Sele\u00e7\u00e3o de par\u00e2metros:<\/h3>\n<table style=\"border-collapse: collapse; width: 558.02pt;\" border=\"0\" width=\"744\" cellspacing=\"0\" cellpadding=\"0\">\n<tbody>\n<tr style=\"height: 13.50pt;\">\n<td class=\"et2\" style=\"height: 13.50pt; width: 196.50pt;\" width=\"262\" height=\"18\">Modelo<\/td>\n<td class=\"et2\" style=\"width: 180.75pt;\" width=\"241\">GSB-P0505<\/td>\n<td class=\"et2\" style=\"width: 180.75pt;\" width=\"241\">GSB-P0606<\/td>\n<\/tr>\n<tr style=\"height: 13.50pt;\">\n<td class=\"et3\" style=\"height: 13.50pt; width: 196.50pt;\" width=\"262\" height=\"18\">Tamanho do fardo (L\u00d7A\u00d7L) (mm)<\/td>\n<td class=\"et3\" style=\"width: 180.75pt;\" width=\"241\">500\u00d7500\u00d7500<\/td>\n<td class=\"et3\" style=\"width: 180.75pt;\" width=\"241\">600\u00d7600\u00d7750<\/td>\n<\/tr>\n<tr style=\"height: 13.50pt;\">\n<td class=\"et3\" style=\"height: 13.50pt; width: 196.50pt;\" width=\"262\" height=\"18\">N\u00famero de fios de liga\u00e7\u00e3o (PCS)<\/td>\n<td class=\"et4\" style=\"width: 180.75pt;\" width=\"241\">2-5<\/td>\n<td class=\"et3\" style=\"width: 180.75pt;\" width=\"241\">3-5<\/td>\n<\/tr>\n<tr style=\"height: 13.50pt;\">\n<td class=\"et3\" style=\"height: 13.50pt; width: 196.50pt;\" width=\"262\" height=\"18\">Press\u00e3o do cilindro principal (T)<\/td>\n<td class=\"et3\" style=\"width: 180.75pt;\" width=\"241\">40<\/td>\n<td class=\"et3\" style=\"width: 180.75pt;\" width=\"241\">50<\/td>\n<\/tr>\n<tr style=\"height: 13.50pt;\">\n<td class=\"et3\" style=\"height: 13.50pt; width: 196.50pt;\" width=\"262\" height=\"18\">Pot\u00eancia hidr\u00e1ulica (kW)<\/td>\n<td class=\"et3\" style=\"width: 180.75pt;\" width=\"241\">7.5<\/td>\n<td class=\"et3\" style=\"width: 180.75pt;\" width=\"241\">15<\/td>\n<\/tr>\n<tr style=\"height: 13.50pt;\">\n<td class=\"et3\" style=\"height: 13.50pt; width: 196.50pt;\" width=\"262\" height=\"18\">Tamanho da m\u00e1quina (L\u00d7A\u00d7L) (mm)<\/td>\n<td class=\"et3\" style=\"width: 180.75pt;\" width=\"241\">3990\u00d73960\u00d72220<\/td>\n<td class=\"et3\" style=\"width: 180.75pt;\" width=\"241\">5980\u00d74680\u00d72430<\/td>\n<\/tr>\n<tr style=\"height: 13.50pt;\">\n<td class=\"et3\" style=\"height: 13.50pt; width: 196.50pt;\" width=\"262\" height=\"18\">Peso da m\u00e1quina (Kg)<\/td>\n<td class=\"et3\" style=\"width: 180.75pt;\" width=\"241\">2600<\/td>\n<td class=\"et3\" style=\"width: 180.75pt;\" width=\"241\">4500<\/td>\n<\/tr>\n<\/tbody>\n<\/table>\n<h3>Aplica\u00e7\u00f5es:<\/h3>\n<p>Algod\u00e3o, linters de algod\u00e3o, fibras qu\u00edmicas, c\u00e2nhamo, l\u00e3, erva, materiais medicinais e materiais reciclados (como res\u00edduos de papel e pl\u00e1sticos) e outros materiais leves e soltos.<\/p>\n<h3>Destaques t\u00e9cnicos:<\/h3>\n<ol>\n<li>Elevada fiabilidade: Toda a estrutura da m\u00e1quina adopta um design com elevado fator de seguran\u00e7a, evitando deforma\u00e7\u00f5es permanentes ou fissuras.<\/li>\n<li>Alta Intelig\u00eancia: Um programa de controlo PLC rigoroso e fi\u00e1vel, combinado com sensores, melhora a efici\u00eancia e a efic\u00e1cia da embalagem.<\/li>\n<li>Boa estabilidade: O dispositivo de corte de material equipado reduz eficazmente o risco de tempo de paragem causado por encravamento de material.<\/li>\n<\/ol>\n<h3>Compara\u00e7\u00e3o de efeitos:<\/h3>\n<p><img fetchpriority=\"high\" decoding=\"async\" class=\"alignnone wp-image-2803\" src=\"https:\/\/www.gigapa.com\/wp-content\/uploads\/2025\/11\/\u68c9\u82b12.png\" alt=\"\" width=\"400\" height=\"251\" srcset=\"https:\/\/www.gigapa.com\/wp-content\/uploads\/2025\/11\/\u68c9\u82b12.png 1034w, https:\/\/www.gigapa.com\/wp-content\/uploads\/2025\/11\/\u68c9\u82b12-300x188.png 300w, https:\/\/www.gigapa.com\/wp-content\/uploads\/2025\/11\/\u68c9\u82b12-1024x643.png 1024w, https:\/\/www.gigapa.com\/wp-content\/uploads\/2025\/11\/\u68c9\u82b12-768x482.png 768w, https:\/\/www.gigapa.com\/wp-content\/uploads\/2025\/11\/\u68c9\u82b12-18x12.png 18w, https:\/\/www.gigapa.com\/wp-content\/uploads\/2025\/11\/\u68c9\u82b12-600x377.png 600w\" sizes=\"(max-width: 400px) 100vw, 400px\" \/> <img decoding=\"async\" class=\"alignnone wp-image-2804\" src=\"https:\/\/www.gigapa.com\/wp-content\/uploads\/2025\/11\/\u68c9\u82b1.png\" alt=\"\" width=\"400\" height=\"251\" srcset=\"https:\/\/www.gigapa.com\/wp-content\/uploads\/2025\/11\/\u68c9\u82b1.png 1034w, https:\/\/www.gigapa.com\/wp-content\/uploads\/2025\/11\/\u68c9\u82b1-300x188.png 300w, https:\/\/www.gigapa.com\/wp-content\/uploads\/2025\/11\/\u68c9\u82b1-1024x643.png 1024w, https:\/\/www.gigapa.com\/wp-content\/uploads\/2025\/11\/\u68c9\u82b1-768x482.png 768w, https:\/\/www.gigapa.com\/wp-content\/uploads\/2025\/11\/\u68c9\u82b1-18x12.png 18w, https:\/\/www.gigapa.com\/wp-content\/uploads\/2025\/11\/\u68c9\u82b1-600x377.png 600w\" sizes=\"(max-width: 400px) 100vw, 400px\" \/><\/p>\n<h3>Vantagens da enfardadeira de algod\u00e3o horizontal totalmente autom\u00e1tica<\/h3>\n<p>Elevada automatiza\u00e7\u00e3o e produtividade: Elimina a alimenta\u00e7\u00e3o manual e a eje\u00e7\u00e3o de fardos atrav\u00e9s da integra\u00e7\u00e3o da correia transportadora, permitindo um funcionamento cont\u00ednuo. Isto reduz os custos de m\u00e3o de obra e aumenta o rendimento, ideal para instala\u00e7\u00f5es de processamento de algod\u00e3o em grande escala que lidam com grandes volumes di\u00e1rios.<\/p>\n<p>Densidade e uniformidade superiores dos fardos: O design de compress\u00e3o horizontal proporciona uma compacta\u00e7\u00e3o consistente e de alta press\u00e3o, produzindo fardos densos e uniformes. Os fardos mais densos minimizam os requisitos de espa\u00e7o de armazenamento e reduzem os custos de transporte, maximizando a capacidade de carga por remessa.<\/p>\n<p>Fluxo de trabalho eficiente em termos de espa\u00e7o: Apesar do seu maior tamanho, a sua disposi\u00e7\u00e3o horizontal integra-se perfeitamente nas linhas de produ\u00e7\u00e3o (por exemplo, descaro\u00e7amento de algod\u00e3o ou processamento de res\u00edduos t\u00eaxteis), optimizando a utiliza\u00e7\u00e3o do espa\u00e7o em compara\u00e7\u00e3o com as configura\u00e7\u00f5es manuais ou semi-autom\u00e1ticas desarticuladas.<\/p>\n<p>Conveni\u00eancia e seguran\u00e7a operacional: Os controlos automatizados (por exemplo, sistemas PLC) simplificam o funcionamento, enquanto as carater\u00edsticas de seguran\u00e7a incorporadas (paragens de emerg\u00eancia, encravamentos) asseguram o cumprimento das normas de seguran\u00e7a no local de trabalho. A redu\u00e7\u00e3o da interven\u00e7\u00e3o manual tamb\u00e9m diminui os riscos de acidentes.<\/p>\n<p>Poupan\u00e7a de custos ao longo do tempo: Custos de m\u00e3o de obra mais baixos, despesas de log\u00edstica reduzidas e tempo de inatividade m\u00ednimo (devido \u00e0 automatiza\u00e7\u00e3o fi\u00e1vel) contribuem para um custo total de propriedade mais baixo, tornando-o um investimento rent\u00e1vel a longo prazo para opera\u00e7\u00f5es de grande volume.<\/p>","protected":false},"excerpt":{"rendered":"<p>A enfardadeira de algod\u00e3o horizontal totalmente autom\u00e1tica \u00e9 uma m\u00e1quina hidr\u00e1ulica controlada por PLC. Ela comprime e amarra automaticamente o algod\u00e3o ou res\u00edduos t\u00eaxteis sem opera\u00e7\u00e3o manual, oferecendo alta efici\u00eancia e economia de trabalho.<\/p>","protected":false},"featured_media":2784,"template":"","meta":{"site-sidebar-layout":"default","site-content-layout":"","ast-site-content-layout":"default","site-content-style":"default","site-sidebar-style":"default","ast-global-header-display":"","ast-banner-title-visibility":"","ast-main-header-display":"","ast-hfb-above-header-display":"","ast-hfb-below-header-display":"","ast-hfb-mobile-header-display":"","site-post-title":"","ast-breadcrumbs-content":"","ast-featured-img":"","footer-sml-layout":"","ast-disable-related-posts":"","theme-transparent-header-meta":"default","adv-header-id-meta":"","stick-header-meta":"","header-above-stick-meta":"","header-main-stick-meta":"","header-below-stick-meta":"","astra-migrate-meta-layouts":"set","ast-page-background-enabled":"default","ast-page-background-meta":{"desktop":{"background-color":"var(--ast-global-color-5)","background-image":"","background-repeat":"repeat","background-position":"center center","background-size":"auto","background-attachment":"scroll","background-type":"","background-media":"","overlay-type":"","overlay-color":"","overlay-opacity":"","overlay-gradient":""},"tablet":{"background-color":"","background-image":"","background-repeat":"repeat","background-position":"center center","background-size":"auto","background-attachment":"scroll","background-type":"","background-media":"","overlay-type":"","overlay-color":"","overlay-opacity":"","overlay-gradient":""},"mobile":{"background-color":"","background-image":"","background-repeat":"repeat","background-position":"center center","background-size":"auto","background-attachment":"scroll","background-type":"","background-media":"","overlay-type":"","overlay-color":"","overlay-opacity":"","overlay-gradient":""}},"ast-content-background-meta":{"desktop":{"background-color":"var(--ast-global-color-4)","background-image":"","background-repeat":"repeat","background-position":"center center","background-size":"auto","background-attachment":"scroll","background-type":"","background-media":"","overlay-type":"","overlay-color":"","overlay-opacity":"","overlay-gradient":""},"tablet":{"background-color":"var(--ast-global-color-4)","background-image":"","background-repeat":"repeat","background-position":"center center","background-size":"auto","background-attachment":"scroll","background-type":"","background-media":"","overlay-type":"","overlay-color":"","overlay-opacity":"","overlay-gradient":""},"mobile":{"background-color":"var(--ast-global-color-4)","background-image":"","background-repeat":"repeat","background-position":"center center","background-size":"auto","background-attachment":"scroll","background-type":"","background-media":"","overlay-type":"","overlay-color":"","overlay-opacity":"","overlay-gradient":""}}},"product_brand":[],"product_cat":[153,21],"product_tag":[189,183,188,185,186,187,184],"class_list":{"0":"post-2783","1":"product","2":"type-product","3":"status-publish","4":"has-post-thumbnail","6":"product_cat-horizontal-baler","7":"product_cat-baling-machine","8":"product_tag-cotton-baler-for-sale","9":"product_tag-cotton-baler-machine","10":"product_tag-cotton-baler-manufacturer","11":"product_tag-cotton-compress-machine","12":"product_tag-cotton-packing-machine","13":"product_tag-horizontal-baler-machine","14":"product_tag-plc-control-cotton-baler","15":"desktop-align-left","16":"tablet-align-left","17":"mobile-align-left","19":"first","20":"instock","21":"shipping-taxable","22":"product-type-simple"},"_links":{"self":[{"href":"https:\/\/www.gigapa.com\/pt\/wp-json\/wp\/v2\/product\/2783","targetHints":{"allow":["GET"]}}],"collection":[{"href":"https:\/\/www.gigapa.com\/pt\/wp-json\/wp\/v2\/product"}],"about":[{"href":"https:\/\/www.gigapa.com\/pt\/wp-json\/wp\/v2\/types\/product"}],"version-history":[{"count":7,"href":"https:\/\/www.gigapa.com\/pt\/wp-json\/wp\/v2\/product\/2783\/revisions"}],"predecessor-version":[{"id":2885,"href":"https:\/\/www.gigapa.com\/pt\/wp-json\/wp\/v2\/product\/2783\/revisions\/2885"}],"wp:featuredmedia":[{"embeddable":true,"href":"https:\/\/www.gigapa.com\/pt\/wp-json\/wp\/v2\/media\/2784"}],"wp:attachment":[{"href":"https:\/\/www.gigapa.com\/pt\/wp-json\/wp\/v2\/media?parent=2783"}],"wp:term":[{"taxonomy":"product_brand","embeddable":true,"href":"https:\/\/www.gigapa.com\/pt\/wp-json\/wp\/v2\/product_brand?post=2783"},{"taxonomy":"product_cat","embeddable":true,"href":"https:\/\/www.gigapa.com\/pt\/wp-json\/wp\/v2\/product_cat?post=2783"},{"taxonomy":"product_tag","embeddable":true,"href":"https:\/\/www.gigapa.com\/pt\/wp-json\/wp\/v2\/product_tag?post=2783"}],"curies":[{"name":"wp","href":"https:\/\/api.w.org\/{rel}","templated":true}]}}