{"id":2865,"date":"2025-12-12T17:17:34","date_gmt":"2025-12-12T09:17:34","guid":{"rendered":"https:\/\/www.gigapa.com\/?post_type=product&#038;p=2865"},"modified":"2026-03-18T17:17:13","modified_gmt":"2026-03-18T09:17:13","slug":"gsg-q204-plastic-granulator-machine","status":"publish","type":"product","link":"https:\/\/www.gigapa.com\/pt\/produto\/gsg-q204-plastic-granulator-machine\/","title":{"rendered":"M\u00e1quina Granuladora para Pl\u00e1stico GSG-Q204"},"content":{"rendered":"<h3>Vis\u00e3o geral do produto<\/h3>\n<p>A m\u00e1quina granuladora de pl\u00e1stico GSG-Q204 \u00e9 uma m\u00e1quina de granula\u00e7\u00e3o compacta e de alto desempenho, concebida para uma redu\u00e7\u00e3o eficiente do tamanho de restos de pl\u00e1stico, res\u00edduos de moldagem por inje\u00e7\u00e3o, sprues, canais, materiais de pel\u00edcula e v\u00e1rios pl\u00e1sticos reciclados leves. Com uma estrutura de corte robusta, produ\u00e7\u00e3o est\u00e1vel e baixo consumo de energia, este modelo \u00e9 ideal para f\u00e1bricas de reciclagem de pequena e m\u00e9dia escala, f\u00e1bricas de processamento de pl\u00e1stico e instala\u00e7\u00f5es de recupera\u00e7\u00e3o de materiais.<\/p>\n<p>A m\u00e1quina utiliza um sistema de corte de baixo ru\u00eddo e elevado bin\u00e1rio para garantir um tamanho de part\u00edcula uniforme e um funcionamento cont\u00ednuo e fi\u00e1vel - ajudando-o a transformar res\u00edduos de pl\u00e1stico em mat\u00e9ria-prima reutiliz\u00e1vel e reduzindo os custos de produ\u00e7\u00e3o.<\/p>\n<div class=\"ast-oembed-container\" style=\"height: 100%;\"><iframe title=\"M\u00e1quina Granuladora para Pl\u00e1stico GSG-Q204\" width=\"422\" height=\"750\" src=\"https:\/\/www.youtube.com\/embed\/23k9o8xtIgg?feature=oembed\" frameborder=\"0\" allow=\"accelerometer; autoplay; clipboard-write; encrypted-media; gyroscope; picture-in-picture; web-share\" referrerpolicy=\"strict-origin-when-cross-origin\" allowfullscreen><\/iframe><\/div>\n<h3>Especifica\u00e7\u00e3o Par\u00e2metro<\/h3>\n<table style=\"border-collapse: collapse; width: 509px; height: 542px;\" border=\"0\" width=\"362\" cellspacing=\"0\" cellpadding=\"0\">\n<tbody>\n<tr style=\"height: 13.50pt;\">\n<td style=\"height: 13.50pt; width: 194.25pt;\" width=\"259\" height=\"18\">Modelo<\/td>\n<td style=\"width: 77.25pt;\" width=\"103\">GSG-Q204<\/td>\n<\/tr>\n<tr style=\"height: 13.50pt;\">\n<td style=\"height: 13.50pt;\" height=\"18\">Tamanho da porta de alimenta\u00e7\u00e3o (L\u00d7A) (mm)<\/td>\n<td>400 \u00d7 230<\/td>\n<\/tr>\n<tr style=\"height: 13.50pt;\">\n<td style=\"height: 13.50pt;\" height=\"18\">Di\u00e2metro de rota\u00e7\u00e3o (mm)<\/td>\n<td>245<\/td>\n<\/tr>\n<tr style=\"height: 13.50pt;\">\n<td style=\"height: 13.50pt;\" height=\"18\">Comprimento do rolo de corte (mm)<\/td>\n<td>400<\/td>\n<\/tr>\n<tr style=\"height: 13.50pt;\">\n<td style=\"height: 13.50pt;\" height=\"18\">Velocidade do rolo de corte (RPM)<\/td>\n<td>580<\/td>\n<\/tr>\n<tr style=\"height: 13.50pt;\">\n<td style=\"height: 13.50pt;\" height=\"18\">Abertura da malha do crivo (mm)<\/td>\n<td>20<\/td>\n<\/tr>\n<tr style=\"height: 13.50pt;\">\n<td style=\"height: 13.50pt;\" height=\"18\">N\u00famero de l\u00e2minas m\u00f3veis (unidades)<\/td>\n<td>12<\/td>\n<\/tr>\n<tr style=\"height: 13.50pt;\">\n<td style=\"height: 13.50pt;\" height=\"18\">N\u00famero de l\u00e2minas fixas (unidades)<\/td>\n<td>2<\/td>\n<\/tr>\n<tr style=\"height: 13.50pt;\">\n<td style=\"height: 13.50pt;\" height=\"18\">Pot\u00eancia do motor (KW)<\/td>\n<td>7.5<\/td>\n<\/tr>\n<\/tbody>\n<\/table>\n<p><img fetchpriority=\"high\" decoding=\"async\" class=\"alignnone wp-image-2866\" src=\"https:\/\/www.gigapa.com\/wp-content\/uploads\/2025\/12\/\u7c89\u788e\u673a4-scaled.jpg\" alt=\"\" width=\"400\" height=\"533\" srcset=\"https:\/\/www.gigapa.com\/wp-content\/uploads\/2025\/12\/\u7c89\u788e\u673a4-scaled.jpg 1920w, https:\/\/www.gigapa.com\/wp-content\/uploads\/2025\/12\/\u7c89\u788e\u673a4-225x300.jpg 225w, https:\/\/www.gigapa.com\/wp-content\/uploads\/2025\/12\/\u7c89\u788e\u673a4-768x1024.jpg 768w, https:\/\/www.gigapa.com\/wp-content\/uploads\/2025\/12\/\u7c89\u788e\u673a4-1152x1536.jpg 1152w, https:\/\/www.gigapa.com\/wp-content\/uploads\/2025\/12\/\u7c89\u788e\u673a4-1536x2048.jpg 1536w, https:\/\/www.gigapa.com\/wp-content\/uploads\/2025\/12\/\u7c89\u788e\u673a4-9x12.jpg 9w, https:\/\/www.gigapa.com\/wp-content\/uploads\/2025\/12\/\u7c89\u788e\u673a4-600x800.jpg 600w\" sizes=\"(max-width: 400px) 100vw, 400px\" \/> <img decoding=\"async\" class=\"alignnone wp-image-2869\" src=\"https:\/\/www.gigapa.com\/wp-content\/uploads\/2025\/12\/\u7c89\u788e\u673a1-scaled.jpg\" alt=\"\" width=\"400\" height=\"533\" srcset=\"https:\/\/www.gigapa.com\/wp-content\/uploads\/2025\/12\/\u7c89\u788e\u673a1-scaled.jpg 1920w, https:\/\/www.gigapa.com\/wp-content\/uploads\/2025\/12\/\u7c89\u788e\u673a1-225x300.jpg 225w, https:\/\/www.gigapa.com\/wp-content\/uploads\/2025\/12\/\u7c89\u788e\u673a1-768x1024.jpg 768w, https:\/\/www.gigapa.com\/wp-content\/uploads\/2025\/12\/\u7c89\u788e\u673a1-1152x1536.jpg 1152w, https:\/\/www.gigapa.com\/wp-content\/uploads\/2025\/12\/\u7c89\u788e\u673a1-1536x2048.jpg 1536w, https:\/\/www.gigapa.com\/wp-content\/uploads\/2025\/12\/\u7c89\u788e\u673a1-9x12.jpg 9w, https:\/\/www.gigapa.com\/wp-content\/uploads\/2025\/12\/\u7c89\u788e\u673a1-600x800.jpg 600w\" sizes=\"(max-width: 400px) 100vw, 400px\" \/><\/p>\n<h3 data-start=\"913\" data-end=\"931\"><strong data-start=\"915\" data-end=\"931\">Carater\u00edsticas principais<\/strong><\/h3>\n<p data-start=\"933\" data-end=\"970\"><strong data-start=\"937\" data-end=\"970\">Design compacto mas potente<\/strong><\/p>\n<p data-start=\"971\" data-end=\"1107\">A m\u00e1quina granuladora de pl\u00e1stico GSG-Q204 combina um di\u00e2metro de rota\u00e7\u00e3o de 245 mm com um motor de 7,5 kW, proporcionando um excelente desempenho de corte e poupando espa\u00e7o no ch\u00e3o.<\/p>\n<p data-start=\"1109\" data-end=\"1149\"><strong data-start=\"1113\" data-end=\"1149\">Sistema de corte de alta efici\u00eancia<\/strong><\/p>\n<p data-start=\"1150\" data-end=\"1164\">Equipado com:<\/p>\n<ul>\n<li data-start=\"1167\" data-end=\"1187\">12 l\u00e2minas m\u00f3veis<\/li>\n<li data-start=\"1190\" data-end=\"1208\">2 l\u00e2minas fixas<\/li>\n<li data-start=\"1211\" data-end=\"1242\">Velocidade do rolo de corte de 580 RPM<\/li>\n<\/ul>\n<p data-start=\"1244\" data-end=\"1331\">O granulador produz gr\u00e2nulos limpos e uniformes, ideais para reprocessamento e composi\u00e7\u00e3o.<\/p>\n<p data-start=\"1333\" data-end=\"1368\"><strong data-start=\"1337\" data-end=\"1368\">Qualidade de produ\u00e7\u00e3o consistente<\/strong><\/p>\n<p data-start=\"1369\" data-end=\"1537\">Uma abertura de malha de peneira de 20 mm garante um tamanho de part\u00edcula est\u00e1vel, tornando os pellets reciclados adequados para moldagem por inje\u00e7\u00e3o, extrus\u00e3o ou mistura com materiais virgens.<\/p>\n<p data-start=\"1539\" data-end=\"1563\"><strong data-start=\"1543\" data-end=\"1563\">Porta de alimenta\u00e7\u00e3o larga<\/strong><\/p>\n<p data-start=\"1564\" data-end=\"1645\">A porta de alimenta\u00e7\u00e3o de 400 \u00d7 230 mm acomoda v\u00e1rios materiais pl\u00e1sticos, incluindo<\/p>\n<ul>\n<li data-start=\"1648\" data-end=\"1673\">Sucata de moldagem por inje\u00e7\u00e3o<\/li>\n<li data-start=\"1676\" data-end=\"1702\">Blocos e grumos de pl\u00e1stico<\/li>\n<li data-start=\"1705\" data-end=\"1743\">Pel\u00edculas, folhas e pequenos objectos ocos<\/li>\n<li data-start=\"1746\" data-end=\"1769\">Guarni\u00e7\u00f5es e corredi\u00e7as<\/li>\n<\/ul>\n<p data-start=\"1771\" data-end=\"1797\"><strong data-start=\"1775\" data-end=\"1797\">Manuten\u00e7\u00e3o f\u00e1cil<\/strong><\/p>\n<p data-start=\"1798\" data-end=\"1915\">A c\u00e2mara de corte foi concebida para uma r\u00e1pida substitui\u00e7\u00e3o e limpeza da l\u00e2mina, reduzindo o tempo de inatividade e melhorando a produtividade.<\/p>\n<p data-start=\"1917\" data-end=\"1947\"><strong data-start=\"1921\" data-end=\"1947\">Constru\u00e7\u00e3o duradoura<\/strong><\/p>\n<p data-start=\"1948\" data-end=\"2072\">Fabricado com materiais de alta qualidade e engenharia de precis\u00e3o, garantindo uma longa vida \u00fatil em ambientes industriais exigentes.<\/p>\n<h3>Detalhes de manuseamento<\/h3>\n<p><img decoding=\"async\" class=\"alignnone wp-image-2872\" src=\"https:\/\/www.gigapa.com\/wp-content\/uploads\/2025\/12\/\u7c89\u788e\u673a\u7269\u6599-scaled.jpg\" alt=\"\" width=\"400\" height=\"533\" srcset=\"https:\/\/www.gigapa.com\/wp-content\/uploads\/2025\/12\/\u7c89\u788e\u673a\u7269\u6599-scaled.jpg 1920w, https:\/\/www.gigapa.com\/wp-content\/uploads\/2025\/12\/\u7c89\u788e\u673a\u7269\u6599-225x300.jpg 225w, https:\/\/www.gigapa.com\/wp-content\/uploads\/2025\/12\/\u7c89\u788e\u673a\u7269\u6599-768x1024.jpg 768w, https:\/\/www.gigapa.com\/wp-content\/uploads\/2025\/12\/\u7c89\u788e\u673a\u7269\u6599-1152x1536.jpg 1152w, https:\/\/www.gigapa.com\/wp-content\/uploads\/2025\/12\/\u7c89\u788e\u673a\u7269\u6599-1536x2048.jpg 1536w, https:\/\/www.gigapa.com\/wp-content\/uploads\/2025\/12\/\u7c89\u788e\u673a\u7269\u6599-9x12.jpg 9w, https:\/\/www.gigapa.com\/wp-content\/uploads\/2025\/12\/\u7c89\u788e\u673a\u7269\u6599-600x800.jpg 600w\" sizes=\"(max-width: 400px) 100vw, 400px\" \/> <img loading=\"lazy\" decoding=\"async\" class=\"alignnone wp-image-2871\" src=\"https:\/\/www.gigapa.com\/wp-content\/uploads\/2025\/12\/\u7c89\u788e\u673a\u7269\u65991-scaled.jpg\" alt=\"\" width=\"400\" height=\"533\" srcset=\"https:\/\/www.gigapa.com\/wp-content\/uploads\/2025\/12\/\u7c89\u788e\u673a\u7269\u65991-scaled.jpg 1920w, https:\/\/www.gigapa.com\/wp-content\/uploads\/2025\/12\/\u7c89\u788e\u673a\u7269\u65991-225x300.jpg 225w, https:\/\/www.gigapa.com\/wp-content\/uploads\/2025\/12\/\u7c89\u788e\u673a\u7269\u65991-768x1024.jpg 768w, https:\/\/www.gigapa.com\/wp-content\/uploads\/2025\/12\/\u7c89\u788e\u673a\u7269\u65991-1152x1536.jpg 1152w, https:\/\/www.gigapa.com\/wp-content\/uploads\/2025\/12\/\u7c89\u788e\u673a\u7269\u65991-1536x2048.jpg 1536w, https:\/\/www.gigapa.com\/wp-content\/uploads\/2025\/12\/\u7c89\u788e\u673a\u7269\u65991-9x12.jpg 9w, https:\/\/www.gigapa.com\/wp-content\/uploads\/2025\/12\/\u7c89\u788e\u673a\u7269\u65991-600x800.jpg 600w\" sizes=\"(max-width: 400px) 100vw, 400px\" \/><\/p>\n<h3 data-start=\"2425\" data-end=\"2443\"><strong data-start=\"2427\" data-end=\"2443\">Aplica\u00e7\u00f5es<\/strong><\/h3>\n<p data-start=\"2445\" data-end=\"2511\">A m\u00e1quina granuladora de pl\u00e1stico GSG-Q204 \u00e9 adequada para uma vasta gama de materiais, incluindo:<\/p>\n<ul>\n<li data-start=\"2515\" data-end=\"2546\">Pl\u00e1sticos duros (ABS, PP, PS, PE)<\/li>\n<li data-start=\"2549\" data-end=\"2581\">Pl\u00e1sticos moles (pel\u00edculas LDPE, HDPE)<\/li>\n<li data-start=\"2584\" data-end=\"2607\">Res\u00edduos de moldagem por inje\u00e7\u00e3o<\/li>\n<li data-start=\"2610\" data-end=\"2628\">Tubos e calhas<\/li>\n<li data-start=\"2631\" data-end=\"2658\">Folhas e perfis de pl\u00e1stico<\/li>\n<li data-start=\"2661\" data-end=\"2686\">Pequenos recipientes ocos<\/li>\n<li data-start=\"2689\" data-end=\"2710\">Materiais de embalagem<\/li>\n<\/ul>\n<p data-start=\"2712\" data-end=\"2731\">Ideal para utilizar em:<\/p>\n<ul>\n<li data-start=\"2734\" data-end=\"2764\">F\u00e1bricas de transforma\u00e7\u00e3o de pl\u00e1sticos<\/li>\n<li data-start=\"2767\" data-end=\"2789\">Instala\u00e7\u00f5es de reciclagem<\/li>\n<li data-start=\"2792\" data-end=\"2821\">Oficinas de moldagem por inje\u00e7\u00e3o<\/li>\n<li data-start=\"2824\" data-end=\"2850\">Instala\u00e7\u00f5es de recupera\u00e7\u00e3o de materiais<\/li>\n<\/ul>","protected":false},"excerpt":{"rendered":"<p>A m\u00e1quina granuladora de pl\u00e1stico GSG-Q204 \u00e9 uma m\u00e1quina de tritura\u00e7\u00e3o de alta efici\u00eancia concebida para processar restos de pl\u00e1stico, res\u00edduos de moldagem por inje\u00e7\u00e3o, materiais de pel\u00edcula e aplica\u00e7\u00f5es de reciclagem ligeira.<\/p>","protected":false},"featured_media":2873,"template":"","meta":{"site-sidebar-layout":"default","site-content-layout":"","ast-site-content-layout":"default","site-content-style":"default","site-sidebar-style":"default","ast-global-header-display":"","ast-banner-title-visibility":"","ast-main-header-display":"","ast-hfb-above-header-display":"","ast-hfb-below-header-display":"","ast-hfb-mobile-header-display":"","site-post-title":"","ast-breadcrumbs-content":"","ast-featured-img":"","footer-sml-layout":"","ast-disable-related-posts":"","theme-transparent-header-meta":"default","adv-header-id-meta":"","stick-header-meta":"","header-above-stick-meta":"","header-main-stick-meta":"","header-below-stick-meta":"","astra-migrate-meta-layouts":"set","ast-page-background-enabled":"default","ast-page-background-meta":{"desktop":{"background-color":"var(--ast-global-color-5)","background-image":"","background-repeat":"repeat","background-position":"center center","background-size":"auto","background-attachment":"scroll","background-type":"","background-media":"","overlay-type":"","overlay-color":"","overlay-opacity":"","overlay-gradient":""},"tablet":{"background-color":"","background-image":"","background-repeat":"repeat","background-position":"center center","background-size":"auto","background-attachment":"scroll","background-type":"","background-media":"","overlay-type":"","overlay-color":"","overlay-opacity":"","overlay-gradient":""},"mobile":{"background-color":"","background-image":"","background-repeat":"repeat","background-position":"center center","background-size":"auto","background-attachment":"scroll","background-type":"","background-media":"","overlay-type":"","overlay-color":"","overlay-opacity":"","overlay-gradient":""}},"ast-content-background-meta":{"desktop":{"background-color":"var(--ast-global-color-4)","background-image":"","background-repeat":"repeat","background-position":"center center","background-size":"auto","background-attachment":"scroll","background-type":"","background-media":"","overlay-type":"","overlay-color":"","overlay-opacity":"","overlay-gradient":""},"tablet":{"background-color":"var(--ast-global-color-4)","background-image":"","background-repeat":"repeat","background-position":"center center","background-size":"auto","background-attachment":"scroll","background-type":"","background-media":"","overlay-type":"","overlay-color":"","overlay-opacity":"","overlay-gradient":""},"mobile":{"background-color":"var(--ast-global-color-4)","background-image":"","background-repeat":"repeat","background-position":"center center","background-size":"auto","background-attachment":"scroll","background-type":"","background-media":"","overlay-type":"","overlay-color":"","overlay-opacity":"","overlay-gradient":""}}},"product_brand":[],"product_cat":[20,151],"product_tag":[178,174,176,175,177,179],"class_list":{"0":"post-2865","1":"product","2":"type-product","3":"status-publish","4":"has-post-thumbnail","6":"product_cat-shredding-and-crushing-machine","7":"product_cat-single-shaft-crusher","8":"product_tag-pet-bottle-granulator","9":"product_tag-plastic-granulator-machine","10":"product_tag-plastic-granulator-machine-for-recycling","11":"product_tag-plastic-recycling-equipment","12":"product_tag-plastic-recycling-machine","13":"product_tag-pp-pe-granulator","14":"desktop-align-left","15":"tablet-align-left","16":"mobile-align-left","18":"first","19":"instock","20":"shipping-taxable","21":"product-type-simple"},"_links":{"self":[{"href":"https:\/\/www.gigapa.com\/pt\/wp-json\/wp\/v2\/product\/2865","targetHints":{"allow":["GET"]}}],"collection":[{"href":"https:\/\/www.gigapa.com\/pt\/wp-json\/wp\/v2\/product"}],"about":[{"href":"https:\/\/www.gigapa.com\/pt\/wp-json\/wp\/v2\/types\/product"}],"version-history":[{"count":2,"href":"https:\/\/www.gigapa.com\/pt\/wp-json\/wp\/v2\/product\/2865\/revisions"}],"predecessor-version":[{"id":2886,"href":"https:\/\/www.gigapa.com\/pt\/wp-json\/wp\/v2\/product\/2865\/revisions\/2886"}],"wp:featuredmedia":[{"embeddable":true,"href":"https:\/\/www.gigapa.com\/pt\/wp-json\/wp\/v2\/media\/2873"}],"wp:attachment":[{"href":"https:\/\/www.gigapa.com\/pt\/wp-json\/wp\/v2\/media?parent=2865"}],"wp:term":[{"taxonomy":"product_brand","embeddable":true,"href":"https:\/\/www.gigapa.com\/pt\/wp-json\/wp\/v2\/product_brand?post=2865"},{"taxonomy":"product_cat","embeddable":true,"href":"https:\/\/www.gigapa.com\/pt\/wp-json\/wp\/v2\/product_cat?post=2865"},{"taxonomy":"product_tag","embeddable":true,"href":"https:\/\/www.gigapa.com\/pt\/wp-json\/wp\/v2\/product_tag?post=2865"}],"curies":[{"name":"wp","href":"https:\/\/api.w.org\/{rel}","templated":true}]}}