{"id":3000,"date":"2026-03-31T17:31:18","date_gmt":"2026-03-31T09:31:18","guid":{"rendered":"https:\/\/www.gigapa.com\/?post_type=product&#038;p=3000"},"modified":"2026-04-01T11:17:09","modified_gmt":"2026-04-01T03:17:09","slug":"gbb-gs405marine-baler","status":"publish","type":"product","link":"https:\/\/www.gigapa.com\/pt\/produto\/gbb-gs405marine-baler\/","title":{"rendered":"GBB-GS405Enfardadeira mar\u00edtima"},"content":{"rendered":"<h3>Vis\u00e3o geral do produto<\/h3>\n<p data-start=\"974\" data-end=\"1237\">A enfardadeira mar\u00edtima \u00e9 uma m\u00e1quina de compacta\u00e7\u00e3o de res\u00edduos hidr\u00e1ulica concebida para utiliza\u00e7\u00e3o em ambientes mar\u00edtimos. \u00c9 constru\u00edda com materiais robustos e componentes resistentes \u00e0 corros\u00e3o para suportar condi\u00e7\u00f5es mar\u00edtimas adversas, incluindo humidade, ar salgado e funcionamento cont\u00ednuo.<\/p>\n<p data-start=\"1239\" data-end=\"1538\">Este equipamento comprime v\u00e1rios tipos de res\u00edduos gerados em navios em fardos densos e manej\u00e1veis, tornando o armazenamento e o transporte mais f\u00e1ceis e econ\u00f3micos. A sua estrutura compacta permite uma instala\u00e7\u00e3o f\u00e1cil em espa\u00e7os limitados a bordo, como casas das m\u00e1quinas, zonas de tratamento de res\u00edduos ou conveses de servi\u00e7o.<\/p>\n<div class=\"ast-oembed-container\" style=\"height: 100%;\"><iframe title=\"Enfardadeira mar\u00edtima\" width=\"500\" height=\"281\" src=\"https:\/\/www.youtube.com\/embed\/gbMM4ntNNHA?feature=oembed\" frameborder=\"0\" allow=\"accelerometer; autoplay; clipboard-write; encrypted-media; gyroscope; picture-in-picture; web-share\" referrerpolicy=\"strict-origin-when-cross-origin\" allowfullscreen><\/iframe><\/div>\n<h3>Especifica\u00e7\u00e3o Par\u00e2metro<\/h3>\n<table style=\"height: 461px;\" width=\"823\">\n<tbody>\n<tr>\n<td width=\"334\">Modelo<\/td>\n<td width=\"207\">GBB-GS405<\/td>\n<\/tr>\n<tr>\n<td width=\"334\">Tamanho da tremonha (C\u00d7L\u00d7A) (mm)<\/td>\n<td width=\"207\">440 \u00d7 440 \u00d7 600<\/td>\n<\/tr>\n<tr>\n<td width=\"334\">Volume da tremonha (L)<\/td>\n<td width=\"207\">100<\/td>\n<\/tr>\n<tr>\n<td width=\"334\">Press\u00e3o do cilindro principal (T)<\/td>\n<td width=\"207\">5<\/td>\n<\/tr>\n<tr>\n<td width=\"334\">Pot\u00eancia hidr\u00e1ulica (kw)<\/td>\n<td width=\"207\">0.75<\/td>\n<\/tr>\n<tr>\n<td width=\"334\">Dimens\u00f5es gerais (C\u00d7L\u00d7A) (mm)<\/td>\n<td width=\"207\">800\u00d7670\u00d71730<\/td>\n<\/tr>\n<tr>\n<td width=\"334\">Peso total (kg)<\/td>\n<td width=\"207\">Aprox. 220<\/td>\n<\/tr>\n<\/tbody>\n<\/table>\n<p><img fetchpriority=\"high\" decoding=\"async\" class=\"alignnone size-medium wp-image-3001\" src=\"https:\/\/www.gigapa.com\/wp-content\/uploads\/2026\/03\/c15d80ee127b3c3ff4822da68d5a1b12-225x300.jpg\" alt=\"\" width=\"225\" height=\"300\" srcset=\"https:\/\/www.gigapa.com\/wp-content\/uploads\/2026\/03\/c15d80ee127b3c3ff4822da68d5a1b12-225x300.jpg 225w, https:\/\/www.gigapa.com\/wp-content\/uploads\/2026\/03\/c15d80ee127b3c3ff4822da68d5a1b12-768x1024.jpg 768w, https:\/\/www.gigapa.com\/wp-content\/uploads\/2026\/03\/c15d80ee127b3c3ff4822da68d5a1b12-1152x1536.jpg 1152w, https:\/\/www.gigapa.com\/wp-content\/uploads\/2026\/03\/c15d80ee127b3c3ff4822da68d5a1b12-9x12.jpg 9w, https:\/\/www.gigapa.com\/wp-content\/uploads\/2026\/03\/c15d80ee127b3c3ff4822da68d5a1b12-600x800.jpg 600w, https:\/\/www.gigapa.com\/wp-content\/uploads\/2026\/03\/c15d80ee127b3c3ff4822da68d5a1b12.jpg 1280w\" sizes=\"(max-width: 225px) 100vw, 225px\" \/><img decoding=\"async\" class=\"alignnone size-medium wp-image-3004\" src=\"https:\/\/www.gigapa.com\/wp-content\/uploads\/2026\/03\/430fd4ce52a5e8d283012e40897a6cc0-225x300.jpg\" alt=\"\" width=\"225\" height=\"300\" srcset=\"https:\/\/www.gigapa.com\/wp-content\/uploads\/2026\/03\/430fd4ce52a5e8d283012e40897a6cc0-225x300.jpg 225w, https:\/\/www.gigapa.com\/wp-content\/uploads\/2026\/03\/430fd4ce52a5e8d283012e40897a6cc0-768x1024.jpg 768w, https:\/\/www.gigapa.com\/wp-content\/uploads\/2026\/03\/430fd4ce52a5e8d283012e40897a6cc0-1152x1536.jpg 1152w, https:\/\/www.gigapa.com\/wp-content\/uploads\/2026\/03\/430fd4ce52a5e8d283012e40897a6cc0-9x12.jpg 9w, https:\/\/www.gigapa.com\/wp-content\/uploads\/2026\/03\/430fd4ce52a5e8d283012e40897a6cc0-600x800.jpg 600w, https:\/\/www.gigapa.com\/wp-content\/uploads\/2026\/03\/430fd4ce52a5e8d283012e40897a6cc0.jpg 1280w\" sizes=\"(max-width: 225px) 100vw, 225px\" \/><img decoding=\"async\" class=\"alignnone size-medium wp-image-3002\" src=\"https:\/\/www.gigapa.com\/wp-content\/uploads\/2026\/03\/094167fcebd99dc46c9db1ffc33aac4d-225x300.jpg\" alt=\"\" width=\"225\" height=\"300\" srcset=\"https:\/\/www.gigapa.com\/wp-content\/uploads\/2026\/03\/094167fcebd99dc46c9db1ffc33aac4d-225x300.jpg 225w, https:\/\/www.gigapa.com\/wp-content\/uploads\/2026\/03\/094167fcebd99dc46c9db1ffc33aac4d-768x1024.jpg 768w, https:\/\/www.gigapa.com\/wp-content\/uploads\/2026\/03\/094167fcebd99dc46c9db1ffc33aac4d-1152x1536.jpg 1152w, https:\/\/www.gigapa.com\/wp-content\/uploads\/2026\/03\/094167fcebd99dc46c9db1ffc33aac4d-9x12.jpg 9w, https:\/\/www.gigapa.com\/wp-content\/uploads\/2026\/03\/094167fcebd99dc46c9db1ffc33aac4d-600x800.jpg 600w, https:\/\/www.gigapa.com\/wp-content\/uploads\/2026\/03\/094167fcebd99dc46c9db1ffc33aac4d.jpg 1280w\" sizes=\"(max-width: 225px) 100vw, 225px\" \/><\/p>\n<h3 data-start=\"913\" data-end=\"931\"><strong data-start=\"915\" data-end=\"931\">Carater\u00edsticas principais<\/strong><\/h3>\n<ol>\n<li>\n<p data-start=\"1563\" data-end=\"1604\"><strong>Design compacto e economizador de espa\u00e7o<\/strong><\/p>\n<p data-start=\"1605\" data-end=\"1843\">O espa\u00e7o a bordo dos navios \u00e9 extremamente valioso. A enfardadeira mar\u00edtima foi concebida com uma pegada compacta, permitindo a sua instala\u00e7\u00e3o mesmo em espa\u00e7os apertados. A sua configura\u00e7\u00e3o vertical ou horizontal garante flexibilidade para diferentes layouts de navios.<\/p>\n<\/li>\n<li>\n<p data-start=\"1845\" data-end=\"1882\"><strong>Elevada efici\u00eancia de compress\u00e3o<\/strong><\/p>\n<p data-start=\"1883\" data-end=\"2133\">Equipada com um potente sistema hidr\u00e1ulico, a enfardadeira mar\u00edtima proporciona uma forte for\u00e7a de compress\u00e3o, reduzindo significativamente o volume de res\u00edduos. Isto ajuda os navios a armazenar mais res\u00edduos em menos espa\u00e7o e reduz a frequ\u00eancia da elimina\u00e7\u00e3o de res\u00edduos nos portos.<\/p>\n<\/li>\n<li>\n<p data-start=\"2135\" data-end=\"2174\"><strong>Estrutura resistente \u00e0 corros\u00e3o<\/strong><\/p>\n<p data-start=\"2175\" data-end=\"2334\">Todos os componentes principais s\u00e3o tratados com revestimentos anti-corros\u00e3o ou fabricados com materiais de qualidade mar\u00edtima para garantir uma durabilidade a longo prazo em ambientes salgados e h\u00famidos.<\/p>\n<\/li>\n<li>\n<p data-start=\"2336\" data-end=\"2360\"><strong>Opera\u00e7\u00e3o f\u00e1cil<\/strong><\/p>\n<p data-start=\"2361\" data-end=\"2576\">A m\u00e1quina possui um sistema de controlo de f\u00e1cil utiliza\u00e7\u00e3o, permitindo que os membros da equipa a operem de forma segura e eficiente com um m\u00ednimo de forma\u00e7\u00e3o. Est\u00e3o dispon\u00edveis modos autom\u00e1ticos e semi-autom\u00e1ticos, consoante as necessidades operacionais.<\/p>\n<\/li>\n<li>\n<p data-start=\"2807\" data-end=\"2845\"><strong>Requisitos de manuten\u00e7\u00e3o reduzidos<\/strong><\/p>\n<p data-start=\"2846\" data-end=\"3032\">Concebida para ser fi\u00e1vel, a enfardadeira mar\u00edtima requer uma manuten\u00e7\u00e3o m\u00ednima. Os principais componentes hidr\u00e1ulicos e mec\u00e2nicos s\u00e3o constru\u00eddos para uma longa vida \u00fatil, reduzindo o tempo de inatividade e os custos operacionais.<\/p>\n<\/li>\n<li>\n<p data-start=\"3034\" data-end=\"3064\"><strong>Op\u00e7\u00f5es personaliz\u00e1veis<\/strong><\/p>\n<p data-start=\"3065\" data-end=\"3222\">A m\u00e1quina pode ser personalizada de acordo com os requisitos espec\u00edficos do recipiente, incluindo o tamanho do fardo, as dimens\u00f5es da c\u00e2mara, a tens\u00e3o e as configura\u00e7\u00f5es do sistema de controlo.<\/p>\n<\/li>\n<li>\n<p data-start=\"2578\" data-end=\"2612\"><strong>Sistema de prote\u00e7\u00e3o de seguran\u00e7a<\/strong><\/p>\n<p data-start=\"2613\" data-end=\"2805\">A seguran\u00e7a \u00e9 uma prioridade m\u00e1xima nas opera\u00e7\u00f5es mar\u00edtimas. A enfardadeira mar\u00edtima est\u00e1 equipada com v\u00e1rias carater\u00edsticas de seguran\u00e7a, incluindo bot\u00f5es de paragem de emerg\u00eancia, encravamentos de seguran\u00e7a e sistemas de prote\u00e7\u00e3o contra sobrecarga.<\/p>\n<\/li>\n<\/ol>\n<h3 data-start=\"2425\" data-end=\"2443\"><strong data-start=\"2427\" data-end=\"2443\">Aplica\u00e7\u00f5es<\/strong><\/h3>\n<p>A enfardadeira mar\u00edtima \u00e9 amplamente utilizada em v\u00e1rios tipos de embarca\u00e7\u00f5es e instala\u00e7\u00f5es offshore:<\/p>\n<ul>\n<li>Navios de carga<\/li>\n<li>Navios de contentores<\/li>\n<li>Navios de cruzeiro<\/li>\n<li>Plataformas offshore<\/li>\n<li>Navios de pesca<\/li>\n<li>Navios de guerra<\/li>\n<\/ul>\n<p>\u00c9 adequado para comprimir uma vasta gama de materiais residuais produzidos a bordo, incluindo<\/p>\n<ul>\n<li>Garrafas de pl\u00e1stico (PET, PEAD)<\/li>\n<li>Materiais de embalagem<\/li>\n<li>Cart\u00e3o e papel<\/li>\n<li>Latas de alum\u00ednio e sucata met\u00e1lica<\/li>\n<li>Res\u00edduos de embalagens de alimentos<\/li>\n<li>Res\u00edduos dom\u00e9sticos gerais<\/li>\n<\/ul>\n<p>Ao comprimir estes materiais em fardos densos, a enfardadeira mar\u00edtima ajuda a reduzir os requisitos de espa\u00e7o de armazenamento e simplifica a log\u00edstica de manuseamento de res\u00edduos.<\/p>\n<h3><strong>Benef\u00edcios<\/strong><\/h3>\n<ol>\n<li>\n<p data-start=\"3878\" data-end=\"3929\"><strong>Conformidade com os regulamentos ambientais<\/strong><\/p>\n<p data-start=\"3930\" data-end=\"4108\">A enfardadeira mar\u00edtima ajuda os operadores de navios a cumprir os regulamentos mar\u00edtimos internacionais, como a MARPOL, permitindo uma gest\u00e3o adequada dos res\u00edduos e reduzindo o risco de elimina\u00e7\u00e3o ilegal.<\/p>\n<\/li>\n<li>\n<p data-start=\"4110\" data-end=\"4140\"><strong>Redu\u00e7\u00e3o do volume de res\u00edduos<\/strong><\/p>\n<p data-start=\"4141\" data-end=\"4277\">Ao comprimir os res\u00edduos, a m\u00e1quina pode reduzir o volume de res\u00edduos at\u00e9 80-90%, melhorando significativamente a efici\u00eancia do armazenamento a bordo.<\/p>\n<\/li>\n<li>\n<p data-start=\"4279\" data-end=\"4309\"><strong>Custos de elimina\u00e7\u00e3o mais baixos<\/strong><\/p>\n<p data-start=\"4310\" data-end=\"4435\">Os fardos compactos s\u00e3o mais f\u00e1ceis e mais baratos de transportar e eliminar nas instala\u00e7\u00f5es portu\u00e1rias, reduzindo os custos globais de gest\u00e3o de res\u00edduos.<\/p>\n<\/li>\n<li>\n<p data-start=\"4437\" data-end=\"4471\"><strong>Melhoria da higiene a bordo<\/strong><\/p>\n<p data-start=\"4472\" data-end=\"4589\">O manuseamento eficiente dos res\u00edduos reduz a desarruma\u00e7\u00e3o e ajuda a manter um ambiente de trabalho mais limpo e seguro para os membros da tripula\u00e7\u00e3o.<\/p>\n<\/li>\n<li>\n<p data-start=\"4591\" data-end=\"4632\"><strong>Efici\u00eancia operacional melhorada<\/strong><\/p>\n<p data-start=\"4633\" data-end=\"4780\">Com a redu\u00e7\u00e3o do volume de res\u00edduos e uma melhor organiza\u00e7\u00e3o, os membros da equipa passam menos tempo a gerir os res\u00edduos, permitindo-lhes concentrarem-se nas tarefas operacionais essenciais.<\/p>\n<\/li>\n<\/ol>\n<h3><strong>Instala\u00e7\u00e3o e suporte<\/strong><\/h3>\n<p>A nossa equipa presta um apoio abrangente, incluindo:<\/p>\n<ul>\n<li>Orienta\u00e7\u00e3o para a sele\u00e7\u00e3o de equipamento<\/li>\n<li>Solu\u00e7\u00f5es de conce\u00e7\u00e3o personalizadas<\/li>\n<li>Assist\u00eancia \u00e0 instala\u00e7\u00e3o<\/li>\n<li>Forma\u00e7\u00e3o operacional<\/li>\n<li>Fornecimento de pe\u00e7as sobressalentes<\/li>\n<li>Apoio t\u00e9cnico<\/li>\n<\/ul>\n<p>Garantimos que cada enfardadeira mar\u00edtima \u00e9 entregue pronta para uma integra\u00e7\u00e3o perfeita no sistema de gest\u00e3o de res\u00edduos da sua embarca\u00e7\u00e3o.<\/p>\n<h3><strong>Conclus\u00e3o<\/strong><\/h3>\n<p data-start=\"6204\" data-end=\"6521\">A enfardadeira mar\u00edtima \u00e9 uma pe\u00e7a de equipamento essencial para os navios modernos que pretendem alcan\u00e7ar uma gest\u00e3o de res\u00edduos eficiente, conforme e econ\u00f3mica. Com o seu design compacto, desempenho potente e constru\u00e7\u00e3o duradoura, proporciona uma solu\u00e7\u00e3o fi\u00e1vel para o manuseamento de res\u00edduos a bordo em ambientes mar\u00edtimos exigentes.<\/p>\n<p data-start=\"6523\" data-end=\"6738\">Quer opere navios de carga, navios de cruzeiro ou plataformas offshore, a enfardadeira mar\u00edtima \u00e9 a escolha ideal para otimizar o seu processo de gest\u00e3o de res\u00edduos e contribuir para uma ind\u00fastria mar\u00edtima mais limpa e sustent\u00e1vel.<\/p>","protected":false},"excerpt":{"rendered":"<p>A Marine Baler \u00e9 um compactador de res\u00edduos de bordo robusto, concebido para comprimir eficientemente pl\u00e1sticos, papel, cart\u00e3o e res\u00edduos met\u00e1licos em fardos densos, poupando espa\u00e7o, reduzindo os custos de elimina\u00e7\u00e3o e assegurando a conformidade com os regulamentos ambientais mar\u00edtimos.<\/p>","protected":false},"featured_media":3007,"template":"","meta":{"site-sidebar-layout":"default","site-content-layout":"","ast-site-content-layout":"default","site-content-style":"default","site-sidebar-style":"default","ast-global-header-display":"","ast-banner-title-visibility":"","ast-main-header-display":"","ast-hfb-above-header-display":"","ast-hfb-below-header-display":"","ast-hfb-mobile-header-display":"","site-post-title":"","ast-breadcrumbs-content":"","ast-featured-img":"","footer-sml-layout":"","ast-disable-related-posts":"","theme-transparent-header-meta":"default","adv-header-id-meta":"","stick-header-meta":"","header-above-stick-meta":"","header-main-stick-meta":"","header-below-stick-meta":"","astra-migrate-meta-layouts":"set","ast-page-background-enabled":"default","ast-page-background-meta":{"desktop":{"background-color":"var(--ast-global-color-5)","background-image":"","background-repeat":"repeat","background-position":"center center","background-size":"auto","background-attachment":"scroll","background-type":"","background-media":"","overlay-type":"","overlay-color":"","overlay-opacity":"","overlay-gradient":""},"tablet":{"background-color":"","background-image":"","background-repeat":"repeat","background-position":"center center","background-size":"auto","background-attachment":"scroll","background-type":"","background-media":"","overlay-type":"","overlay-color":"","overlay-opacity":"","overlay-gradient":""},"mobile":{"background-color":"","background-image":"","background-repeat":"repeat","background-position":"center center","background-size":"auto","background-attachment":"scroll","background-type":"","background-media":"","overlay-type":"","overlay-color":"","overlay-opacity":"","overlay-gradient":""}},"ast-content-background-meta":{"desktop":{"background-color":"var(--ast-global-color-4)","background-image":"","background-repeat":"repeat","background-position":"center center","background-size":"auto","background-attachment":"scroll","background-type":"","background-media":"","overlay-type":"","overlay-color":"","overlay-opacity":"","overlay-gradient":""},"tablet":{"background-color":"var(--ast-global-color-4)","background-image":"","background-repeat":"repeat","background-position":"center center","background-size":"auto","background-attachment":"scroll","background-type":"","background-media":"","overlay-type":"","overlay-color":"","overlay-opacity":"","overlay-gradient":""},"mobile":{"background-color":"var(--ast-global-color-4)","background-image":"","background-repeat":"repeat","background-position":"center center","background-size":"auto","background-attachment":"scroll","background-type":"","background-media":"","overlay-type":"","overlay-color":"","overlay-opacity":"","overlay-gradient":""}}},"product_brand":[],"product_cat":[21,152],"product_tag":[180,115,181,182],"class_list":{"0":"post-3000","1":"product","2":"type-product","3":"status-publish","4":"has-post-thumbnail","6":"product_cat-baling-machine","7":"product_cat-vertical-baler","8":"product_tag-garbage-compactor","9":"product_tag-marine-baler","10":"product_tag-marine-baler-manufacturer","11":"product_tag-marine-trash-compactors","12":"desktop-align-left","13":"tablet-align-left","14":"mobile-align-left","16":"first","17":"instock","18":"shipping-taxable","19":"product-type-simple"},"_links":{"self":[{"href":"https:\/\/www.gigapa.com\/pt\/wp-json\/wp\/v2\/product\/3000","targetHints":{"allow":["GET"]}}],"collection":[{"href":"https:\/\/www.gigapa.com\/pt\/wp-json\/wp\/v2\/product"}],"about":[{"href":"https:\/\/www.gigapa.com\/pt\/wp-json\/wp\/v2\/types\/product"}],"version-history":[{"count":3,"href":"https:\/\/www.gigapa.com\/pt\/wp-json\/wp\/v2\/product\/3000\/revisions"}],"predecessor-version":[{"id":3011,"href":"https:\/\/www.gigapa.com\/pt\/wp-json\/wp\/v2\/product\/3000\/revisions\/3011"}],"wp:featuredmedia":[{"embeddable":true,"href":"https:\/\/www.gigapa.com\/pt\/wp-json\/wp\/v2\/media\/3007"}],"wp:attachment":[{"href":"https:\/\/www.gigapa.com\/pt\/wp-json\/wp\/v2\/media?parent=3000"}],"wp:term":[{"taxonomy":"product_brand","embeddable":true,"href":"https:\/\/www.gigapa.com\/pt\/wp-json\/wp\/v2\/product_brand?post=3000"},{"taxonomy":"product_cat","embeddable":true,"href":"https:\/\/www.gigapa.com\/pt\/wp-json\/wp\/v2\/product_cat?post=3000"},{"taxonomy":"product_tag","embeddable":true,"href":"https:\/\/www.gigapa.com\/pt\/wp-json\/wp\/v2\/product_tag?post=3000"}],"curies":[{"name":"wp","href":"https:\/\/api.w.org\/{rel}","templated":true}]}}