{"id":855,"date":"2025-05-06T16:32:50","date_gmt":"2025-05-06T08:32:50","guid":{"rendered":"https:\/\/gigapa.com\/?post_type=product&#038;p=855"},"modified":"2025-12-02T13:55:31","modified_gmt":"2025-12-02T05:55:31","slug":"trituradores-de-veio-unico","status":"publish","type":"product","link":"https:\/\/www.gigapa.com\/pt\/produto\/trituradores-de-veio-unico\/","title":{"rendered":"Trituradores de veio \u00fanico GSG-M"},"content":{"rendered":"<h3>Introdu\u00e7\u00e3o do equipamento:<\/h3>\n<p>Um triturador de veio \u00fanico, tamb\u00e9m conhecido como granulador de veio \u00fanico. As l\u00e2minas rotativas de alta velocidade do triturador de veio \u00fanico cortam continuamente contra as l\u00e2minas fixas at\u00e9 que o tamanho do material seja suficientemente reduzido para passar pela abertura mais pequena da malha do crivo. Devido \u00e0 sua elevada velocidade de rota\u00e7\u00e3o e \u00e0 pequena dimens\u00e3o da malha do crivo, \u00e9 normalmente utilizado como m\u00e9todo de tritura\u00e7\u00e3o secund\u00e1ria. Os gr\u00e2nulos mais pequenos e uniformes s\u00e3o ben\u00e9ficos para o funcionamento do equipamento subsequente, como os granuladores. A utiliza\u00e7\u00e3o de um dispositivo de descarga de ar pode resolver eficazmente o problema do grande espa\u00e7o ocupado pelos transportadores, e a posi\u00e7\u00e3o final de descarga \u00e9 mais flex\u00edvel. Devido a estas vantagens, o triturador de veio \u00fanico \u00e9 amplamente utilizado na ind\u00fastria de reciclagem de recursos que exigem uma elevada qualidade das part\u00edculas.<\/p>\n<div class=\"ast-oembed-container\" style=\"height: 100%;\"><iframe title=\"#plasticcrusher #plasticgranulator\" width=\"422\" height=\"750\" src=\"https:\/\/www.youtube.com\/embed\/4GzPAiCfg3Y?feature=oembed\" frameborder=\"0\" allow=\"accelerometer; autoplay; clipboard-write; encrypted-media; gyroscope; picture-in-picture; web-share\" referrerpolicy=\"strict-origin-when-cross-origin\" allowfullscreen><\/iframe><\/div>\n<h3>Gama de aplica\u00e7\u00f5es:<\/h3>\n<table style=\"border-collapse: collapse; width: 1402px; height: 349px;\" border=\"0\" width=\"1563\" cellspacing=\"0\" cellpadding=\"0\">\n<tbody>\n<tr style=\"height: 13.50pt;\">\n<td style=\"height: 13.50pt; width: 155.25pt;\" width=\"207\" height=\"18\">Pl\u00e1sticos<\/td>\n<td style=\"width: 1017.00pt;\" width=\"1356\">Moldagem por inje\u00e7\u00e3o, extrus\u00e3o, moldagem por sopro e outros pl\u00e1sticos em geral; cones de tr\u00e2nsito, carca\u00e7as de pequenos aparelhos, garrafas de bebidas, sacos de tecido e outros produtos de pl\u00e1stico.<\/td>\n<\/tr>\n<tr style=\"height: 13.50pt;\">\n<td style=\"height: 13.50pt;\" height=\"18\">Madeira<\/td>\n<td>Res\u00edduos de madeira, restos de madeira, moldes de madeira, paletes de madeira, portas de madeira, mesas de madeira, cadeiras de madeira, etc.<\/td>\n<\/tr>\n<tr style=\"height: 13.50pt;\">\n<td style=\"height: 13.50pt;\" height=\"18\">Borracha<\/td>\n<td>Borracha de pneus, borracha reciclada, tiras de veda\u00e7\u00e3o, etc.<\/td>\n<\/tr>\n<tr style=\"height: 13.50pt;\">\n<td style=\"height: 13.50pt;\" height=\"18\">Papel<\/td>\n<td>Papel de documentos, papel de embrulho, cart\u00e3o, livros, etc.<\/td>\n<\/tr>\n<tr style=\"height: 13.50pt;\">\n<td style=\"height: 13.50pt;\" height=\"18\">Tecido e couro<\/td>\n<td>Restos de couro, tecidos sint\u00e9ticos, tapetes, vestu\u00e1rio, cortinas, etc.<\/td>\n<\/tr>\n<tr style=\"height: 13.50pt;\">\n<td style=\"height: 13.50pt;\" height=\"18\">Outros<\/td>\n<td>Placas de circuitos, fios, cabos, esponja, espuma, l\u00e1tex, fibra de vidro, etc.<\/td>\n<\/tr>\n<\/tbody>\n<\/table>\n<h3>Par\u00e2metros do modelo:<\/h3>\n<table style=\"border-collapse: collapse; width: 1344px; height: 429px;\" border=\"0\" width=\"1103\" cellspacing=\"0\" cellpadding=\"0\">\n<tbody>\n<tr style=\"height: 13.50pt;\">\n<td class=\"et2\" style=\"height: 13.50pt; width: 155.25pt;\" width=\"207\" height=\"18\">Modelo<\/td>\n<td class=\"et2\" style=\"width: 153.00pt;\" width=\"204\">GSG-M806<\/td>\n<td class=\"et2\" style=\"width: 97.50pt;\" width=\"130\">GSG-M808<\/td>\n<td class=\"et2\" style=\"width: 111.00pt;\" width=\"148\">GSG-M408<\/td>\n<td class=\"et2\" style=\"width: 102.00pt;\" width=\"136\">GSG-M508<\/td>\n<td class=\"et2\" style=\"width: 100.50pt;\" width=\"134\">GSG-M512<\/td>\n<td class=\"et2\" style=\"width: 108.00pt;\" width=\"144\">GSG-M612<\/td>\n<\/tr>\n<tr style=\"height: 13.50pt;\">\n<td class=\"et2\" style=\"height: 13.50pt;\" height=\"18\">Di\u00e2metro de oscila\u00e7\u00e3o (mm)<\/td>\n<td class=\"et2\">\u03c6320<\/td>\n<td class=\"et2\">\u03c6320<\/td>\n<td class=\"et2\">\u03c6420<\/td>\n<td class=\"et2\">\u03c6520<\/td>\n<td class=\"et2\">\u03c6520<\/td>\n<td class=\"et2\">\u03c6660<\/td>\n<\/tr>\n<tr style=\"height: 13.50pt;\">\n<td class=\"et2\" style=\"height: 13.50pt;\" height=\"18\">Comprimento do rolo (mm)<\/td>\n<td class=\"et2\">600<\/td>\n<td class=\"et2\">800<\/td>\n<td class=\"et2\">800<\/td>\n<td class=\"et2\">800<\/td>\n<td class=\"et2\">1200<\/td>\n<td class=\"et2\">1200<\/td>\n<\/tr>\n<tr style=\"height: 13.50pt;\">\n<td class=\"et2\" style=\"height: 13.50pt;\" height=\"18\">Abertura da malha (mm)<\/td>\n<td class=\"et2\">\u03c612<\/td>\n<td class=\"et2\">\u03c612<\/td>\n<td class=\"et2\">\u03c612<\/td>\n<td class=\"et2\">\u03c612<\/td>\n<td class=\"et2\">\u03c612<\/td>\n<td class=\"et2\">\u03c612<\/td>\n<\/tr>\n<tr style=\"height: 13.50pt;\">\n<td class=\"et2\" style=\"height: 13.50pt;\" height=\"18\">Pot\u00eancia do motor (kW)<\/td>\n<td class=\"et2\">22<\/td>\n<td class=\"et2\">30<\/td>\n<td class=\"et2\">37<\/td>\n<td class=\"et2\">45<\/td>\n<td class=\"et2\">75<\/td>\n<td class=\"et2\">90<\/td>\n<\/tr>\n<tr style=\"height: 13.50pt;\">\n<td class=\"et2\" style=\"height: 13.50pt;\" height=\"18\">Dimens\u00f5es (L-W-H)(mm)<\/td>\n<td class=\"et2\">1400\u00d71180\u00d72220<\/td>\n<td class=\"et2\">1400\u00d71380\u00d72220<\/td>\n<td class=\"et2\">1580\u00d71450\u00d72310<\/td>\n<td class=\"et2\">2170\u00d71780\u00d73100<\/td>\n<td class=\"et2\">2170\u00d72180\u00d73100<\/td>\n<td class=\"et2\">2490\u00d72280\u00d73350<\/td>\n<\/tr>\n<tr style=\"height: 13.50pt;\">\n<td class=\"et2\" style=\"height: 13.50pt;\" height=\"18\">Peso total (kg)<\/td>\n<td class=\"et2\">Cerca de 1500<\/td>\n<td class=\"et2\">Cerca de 1800<\/td>\n<td class=\"et2\">Cerca de 3100<\/td>\n<td class=\"et2\">Cerca de 4300<\/td>\n<td class=\"et2\">Aproximadamente 5400<\/td>\n<td class=\"et2\">Aproximadamente 7200<\/td>\n<\/tr>\n<\/tbody>\n<\/table>\n<p>Os modelos acima s\u00e3o modelos universais padr\u00e3o. Se necessitar de outros modelos, contacte o nosso pessoal, e tamb\u00e9m podemos fornecer servi\u00e7os personalizados de acordo com as suas necessidades.<\/p>\n<h3>Destaques t\u00e9cnicos:<\/h3>\n<p>1. Elevada fiabilidade<br \/>\nS\u00e3o utilizados rolamentos de alta velocidade com elevado fator de seguran\u00e7a, o que torna os rolamentos mais est\u00e1veis e duradouros.<\/p>\n<p>2. Boa economia<br \/>\nTanto as l\u00e2minas m\u00f3veis como as fixas podem ser rectificadas v\u00e1rias vezes, reduzindo efetivamente o custo das pe\u00e7as de desgaste.<\/p>\n<p>3. Excelente capacidade de manuten\u00e7\u00e3o<br \/>\nA conce\u00e7\u00e3o da caixa dividida est\u00e1 equipada com um mecanismo de abertura e fecho, tornando a manuten\u00e7\u00e3o simples, eficiente e segura.<\/p>\n<p><img fetchpriority=\"high\" decoding=\"async\" class=\"alignnone wp-image-1002\" title=\"Trituradores de veio \u00fanico\" src=\"https:\/\/www.gigapa.com\/wp-content\/uploads\/2025\/05\/\u5e9f\u8f6e\u80ce\u7834\u788e.jpg\" alt=\"Trituradores de veio \u00fanico\" width=\"500\" height=\"314\" srcset=\"https:\/\/www.gigapa.com\/wp-content\/uploads\/2025\/05\/\u5e9f\u8f6e\u80ce\u7834\u788e.jpg 1034w, https:\/\/www.gigapa.com\/wp-content\/uploads\/2025\/05\/\u5e9f\u8f6e\u80ce\u7834\u788e-300x188.jpg 300w, https:\/\/www.gigapa.com\/wp-content\/uploads\/2025\/05\/\u5e9f\u8f6e\u80ce\u7834\u788e-1024x643.jpg 1024w, https:\/\/www.gigapa.com\/wp-content\/uploads\/2025\/05\/\u5e9f\u8f6e\u80ce\u7834\u788e-768x482.jpg 768w, https:\/\/www.gigapa.com\/wp-content\/uploads\/2025\/05\/\u5e9f\u8f6e\u80ce\u7834\u788e-600x377.jpg 600w\" sizes=\"(max-width: 500px) 100vw, 500px\" \/> <img decoding=\"async\" class=\"alignnone wp-image-1003\" title=\"Trituradores de veio \u00fanico\" src=\"https:\/\/www.gigapa.com\/wp-content\/uploads\/2025\/05\/\u5e9f\u5851\u6599\u7834\u788e.jpg\" alt=\"Trituradores de veio \u00fanico\" width=\"500\" height=\"314\" srcset=\"https:\/\/www.gigapa.com\/wp-content\/uploads\/2025\/05\/\u5e9f\u5851\u6599\u7834\u788e.jpg 1034w, https:\/\/www.gigapa.com\/wp-content\/uploads\/2025\/05\/\u5e9f\u5851\u6599\u7834\u788e-300x188.jpg 300w, https:\/\/www.gigapa.com\/wp-content\/uploads\/2025\/05\/\u5e9f\u5851\u6599\u7834\u788e-1024x643.jpg 1024w, https:\/\/www.gigapa.com\/wp-content\/uploads\/2025\/05\/\u5e9f\u5851\u6599\u7834\u788e-768x482.jpg 768w, https:\/\/www.gigapa.com\/wp-content\/uploads\/2025\/05\/\u5e9f\u5851\u6599\u7834\u788e-600x377.jpg 600w\" sizes=\"(max-width: 500px) 100vw, 500px\" \/><\/p>\n<p><img decoding=\"async\" class=\"alignnone wp-image-1004\" title=\"Trituradores de veio \u00fanico\" src=\"https:\/\/www.gigapa.com\/wp-content\/uploads\/2025\/05\/\u5e9f\u7eb8\u7834\u788e.jpg\" alt=\"Trituradores de veio \u00fanico\" width=\"500\" height=\"314\" srcset=\"https:\/\/www.gigapa.com\/wp-content\/uploads\/2025\/05\/\u5e9f\u7eb8\u7834\u788e.jpg 1034w, https:\/\/www.gigapa.com\/wp-content\/uploads\/2025\/05\/\u5e9f\u7eb8\u7834\u788e-300x188.jpg 300w, https:\/\/www.gigapa.com\/wp-content\/uploads\/2025\/05\/\u5e9f\u7eb8\u7834\u788e-1024x643.jpg 1024w, https:\/\/www.gigapa.com\/wp-content\/uploads\/2025\/05\/\u5e9f\u7eb8\u7834\u788e-768x482.jpg 768w, https:\/\/www.gigapa.com\/wp-content\/uploads\/2025\/05\/\u5e9f\u7eb8\u7834\u788e-600x377.jpg 600w\" sizes=\"(max-width: 500px) 100vw, 500px\" \/> <img loading=\"lazy\" decoding=\"async\" class=\"alignnone wp-image-1005\" title=\"Trituradores de veio \u00fanico\" src=\"https:\/\/www.gigapa.com\/wp-content\/uploads\/2025\/05\/\u6d77\u7ef5\u7834\u788e.jpg\" alt=\"Trituradores de veio \u00fanico\" width=\"500\" height=\"314\" srcset=\"https:\/\/www.gigapa.com\/wp-content\/uploads\/2025\/05\/\u6d77\u7ef5\u7834\u788e.jpg 1034w, https:\/\/www.gigapa.com\/wp-content\/uploads\/2025\/05\/\u6d77\u7ef5\u7834\u788e-300x188.jpg 300w, https:\/\/www.gigapa.com\/wp-content\/uploads\/2025\/05\/\u6d77\u7ef5\u7834\u788e-1024x643.jpg 1024w, https:\/\/www.gigapa.com\/wp-content\/uploads\/2025\/05\/\u6d77\u7ef5\u7834\u788e-768x482.jpg 768w, https:\/\/www.gigapa.com\/wp-content\/uploads\/2025\/05\/\u6d77\u7ef5\u7834\u788e-600x377.jpg 600w\" sizes=\"(max-width: 500px) 100vw, 500px\" \/><\/p>\n<h3>Princ\u00edpio de funcionamento<\/h3>\n<p data-start=\"449\" data-end=\"476\"><strong>1. Alimenta\u00e7\u00e3o de material<\/strong><\/p>\n<ul>\n<li data-start=\"479\" data-end=\"701\">Entrada de material: O material \u00e9 introduzido na c\u00e2mara de tritura\u00e7\u00e3o do triturador atrav\u00e9s de uma entrada. Dependendo do projeto, os materiais podem ser introduzidos manual ou automaticamente na m\u00e1quina atrav\u00e9s de um transportador ou de outros dispositivos.<\/li>\n<li data-start=\"704\" data-end=\"841\">Materiais aplic\u00e1veis: Este triturador pode lidar com uma variedade de materiais, tais como pl\u00e1sticos, borracha, res\u00edduos electr\u00f3nicos, metais, madeira, papel, etc.<\/li>\n<\/ul>\n<p data-start=\"843\" data-end=\"894\"><strong>2. Corte e tritura\u00e7\u00e3o por l\u00e2minas rotativas<\/strong><\/p>\n<ul>\n<li data-start=\"897\" data-end=\"1114\">L\u00e2minas rotativas: O triturador de eixo \u00fanico \u00e9 equipado com um eixo principal que aciona v\u00e1rias l\u00e2minas fortes. O eixo principal \u00e9 normalmente acionado por um motor el\u00e9trico, fazendo com que as l\u00e2minas girem a altas velocidades.<\/li>\n<li data-start=\"1117\" data-end=\"1341\">A\u00e7\u00e3o de cisalhamento: Quando o material entra na c\u00e2mara de tritura\u00e7\u00e3o, as l\u00e2minas rotativas entram em contacto com o material. As l\u00e2minas aplicam uma for\u00e7a de corte, rasgamento e compress\u00e3o para partir o material em part\u00edculas mais pequenas.<\/li>\n<li data-start=\"1344\" data-end=\"1575\">Intera\u00e7\u00e3o entre o material e as l\u00e2minas: O material \u00e9 empurrado para a \u00e1rea da l\u00e2mina, onde as l\u00e2minas o cortam e trituram rapidamente. O movimento relativo das l\u00e2minas contra o material cria fortes for\u00e7as de corte e tritura\u00e7\u00e3o.<\/li>\n<\/ul>\n<p data-start=\"1577\" data-end=\"1610\"><strong>3. Tritura\u00e7\u00e3o e crivagem<\/strong><\/p>\n<ul>\n<li data-start=\"1613\" data-end=\"1868\">Processo de tritura\u00e7\u00e3o: \u00c0 medida que o material passa atrav\u00e9s das l\u00e2minas, \u00e9 rapidamente triturado e esmagado. O material triturado flui ent\u00e3o para fora da c\u00e2mara, passando por um crivo ou sendo submetido a uma nova tritura\u00e7\u00e3o para um processamento mais fino.<\/li>\n<li data-start=\"1871\" data-end=\"2207\">Fun\u00e7\u00e3o de crivagem: Alguns modelos do triturador de veio \u00fanico est\u00e3o equipados com crivos para controlar o tamanho do material triturado. O material tem de passar pelo crivo e, se o tamanho das part\u00edculas corresponder \u00e0s especifica\u00e7\u00f5es exigidas, \u00e9 expulso. Caso contr\u00e1rio, o material voltar\u00e1 a entrar na c\u00e2mara de tritura\u00e7\u00e3o para uma nova redu\u00e7\u00e3o.<\/li>\n<\/ul>\n<p data-start=\"2209\" data-end=\"2235\"><strong>4. Sa\u00edda de material<\/strong><\/p>\n<ul>\n<li data-start=\"2238\" data-end=\"2512\">Part\u00edculas trituradas: O material \u00e9 continuamente triturado e esmagado pelas l\u00e2minas rotativas e \u00e9 ejectado do triturador atrav\u00e9s da sa\u00edda. Devido \u00e0 a\u00e7\u00e3o de corte e tritura\u00e7\u00e3o a alta velocidade, a sa\u00edda resultante apresenta-se normalmente sob a forma de part\u00edculas mais pequenas e uniformes.<\/li>\n<li data-start=\"2515\" data-end=\"2744\">Tamanho das part\u00edculas: O tamanho final das part\u00edculas depende da conce\u00e7\u00e3o da l\u00e2mina, da dureza do material e das condi\u00e7\u00f5es de funcionamento. Se forem necess\u00e1rias part\u00edculas mais pequenas, a precis\u00e3o da l\u00e2mina pode ser ajustada ou as defini\u00e7\u00f5es operacionais podem ser afinadas.<\/li>\n<\/ul>","protected":false},"excerpt":{"rendered":"<p>Os trituradores de eixo \u00fanico s\u00e3o utilizados principalmente para pl\u00e1sticos - pl\u00e1sticos em geral, tais como moldagem por inje\u00e7\u00e3o, extrus\u00e3o, pel\u00edcula soprada, blocos de molde, etc.; cabos - n\u00facleo de cobre, cabos com n\u00facleo de alum\u00ednio e cabos compostos; alum\u00ednio - latas, aparas de alum\u00ednio, etc.<\/p>","protected":false},"featured_media":754,"template":"","meta":{"site-sidebar-layout":"default","site-content-layout":"","ast-site-content-layout":"default","site-content-style":"default","site-sidebar-style":"default","ast-global-header-display":"","ast-banner-title-visibility":"","ast-main-header-display":"","ast-hfb-above-header-display":"","ast-hfb-below-header-display":"","ast-hfb-mobile-header-display":"","site-post-title":"","ast-breadcrumbs-content":"","ast-featured-img":"","footer-sml-layout":"","ast-disable-related-posts":"","theme-transparent-header-meta":"default","adv-header-id-meta":"","stick-header-meta":"","header-above-stick-meta":"","header-main-stick-meta":"","header-below-stick-meta":"","astra-migrate-meta-layouts":"set","ast-page-background-enabled":"default","ast-page-background-meta":{"desktop":{"background-color":"var(--ast-global-color-5)","background-image":"","background-repeat":"repeat","background-position":"center center","background-size":"auto","background-attachment":"scroll","background-type":"","background-media":"","overlay-type":"","overlay-color":"","overlay-opacity":"","overlay-gradient":""},"tablet":{"background-color":"","background-image":"","background-repeat":"repeat","background-position":"center center","background-size":"auto","background-attachment":"scroll","background-type":"","background-media":"","overlay-type":"","overlay-color":"","overlay-opacity":"","overlay-gradient":""},"mobile":{"background-color":"","background-image":"","background-repeat":"repeat","background-position":"center center","background-size":"auto","background-attachment":"scroll","background-type":"","background-media":"","overlay-type":"","overlay-color":"","overlay-opacity":"","overlay-gradient":""}},"ast-content-background-meta":{"desktop":{"background-color":"var(--ast-global-color-4)","background-image":"","background-repeat":"repeat","background-position":"center center","background-size":"auto","background-attachment":"scroll","background-type":"","background-media":"","overlay-type":"","overlay-color":"","overlay-opacity":"","overlay-gradient":""},"tablet":{"background-color":"var(--ast-global-color-4)","background-image":"","background-repeat":"repeat","background-position":"center center","background-size":"auto","background-attachment":"scroll","background-type":"","background-media":"","overlay-type":"","overlay-color":"","overlay-opacity":"","overlay-gradient":""},"mobile":{"background-color":"var(--ast-global-color-4)","background-image":"","background-repeat":"repeat","background-position":"center center","background-size":"auto","background-attachment":"scroll","background-type":"","background-media":"","overlay-type":"","overlay-color":"","overlay-opacity":"","overlay-gradient":""}}},"product_brand":[],"product_cat":[20,151],"product_tag":[57,59,61,60,58],"class_list":{"0":"post-855","1":"product","2":"type-product","3":"status-publish","4":"has-post-thumbnail","6":"product_cat-shredding-and-crushing-machine","7":"product_cat-single-shaft-crusher","8":"product_tag-china-single-shaft-crusher-factory","9":"product_tag-single-shaft-crusher-machine","10":"product_tag-single-shaft-crusher-machine-price","11":"product_tag-single-shaft-metal-crusher-machine","12":"product_tag-single-shaft-waste-plastic-crusher","13":"desktop-align-left","14":"tablet-align-left","15":"mobile-align-left","17":"first","18":"instock","19":"shipping-taxable","20":"product-type-simple"},"_links":{"self":[{"href":"https:\/\/www.gigapa.com\/pt\/wp-json\/wp\/v2\/product\/855","targetHints":{"allow":["GET"]}}],"collection":[{"href":"https:\/\/www.gigapa.com\/pt\/wp-json\/wp\/v2\/product"}],"about":[{"href":"https:\/\/www.gigapa.com\/pt\/wp-json\/wp\/v2\/types\/product"}],"version-history":[{"count":12,"href":"https:\/\/www.gigapa.com\/pt\/wp-json\/wp\/v2\/product\/855\/revisions"}],"predecessor-version":[{"id":2833,"href":"https:\/\/www.gigapa.com\/pt\/wp-json\/wp\/v2\/product\/855\/revisions\/2833"}],"wp:featuredmedia":[{"embeddable":true,"href":"https:\/\/www.gigapa.com\/pt\/wp-json\/wp\/v2\/media\/754"}],"wp:attachment":[{"href":"https:\/\/www.gigapa.com\/pt\/wp-json\/wp\/v2\/media?parent=855"}],"wp:term":[{"taxonomy":"product_brand","embeddable":true,"href":"https:\/\/www.gigapa.com\/pt\/wp-json\/wp\/v2\/product_brand?post=855"},{"taxonomy":"product_cat","embeddable":true,"href":"https:\/\/www.gigapa.com\/pt\/wp-json\/wp\/v2\/product_cat?post=855"},{"taxonomy":"product_tag","embeddable":true,"href":"https:\/\/www.gigapa.com\/pt\/wp-json\/wp\/v2\/product_tag?post=855"}],"curies":[{"name":"wp","href":"https:\/\/api.w.org\/{rel}","templated":true}]}}