{"id":857,"date":"2025-05-06T16:35:58","date_gmt":"2025-05-06T08:35:58","guid":{"rendered":"https:\/\/gigapa.com\/?post_type=product&#038;p=857"},"modified":"2025-10-20T13:53:09","modified_gmt":"2025-10-20T05:53:09","slug":"maquinas-de-enfardar-verticais","status":"publish","type":"product","link":"https:\/\/www.gigapa.com\/pt\/produto\/maquinas-de-enfardar-verticais\/","title":{"rendered":"M\u00e1quinas de enfardar verticais GSB-V"},"content":{"rendered":"<h3>Introdu\u00e7\u00e3o do equipamento:<\/h3>\n<p>A m\u00e1quina de enfardar vertical \u00e9 alimentada por uma bomba hidr\u00e1ulica para acionar o movimento do cilindro hidr\u00e1ulico, movendo assim a cabe\u00e7a de compress\u00e3o para executar a a\u00e7\u00e3o de compress\u00e3o, atingindo o objetivo de reduzir o volume dos materiais e aumentar a densidade aparente. Ap\u00f3s a compress\u00e3o, estes materiais geralmente n\u00e3o conseguem manter a sua forma atrav\u00e9s de uma deforma\u00e7\u00e3o completa, pelo que necessitam de ser assistidos para manter o efeito de compress\u00e3o atrav\u00e9s de m\u00e9todos de liga\u00e7\u00e3o. Devido \u00e0 sua forte versatilidade, pequena pegada e opera\u00e7\u00e3o simples, a m\u00e1quina de enfardamento vertical \u00e9 amplamente utilizada em empresas com pequenos volumes de processamento, especialmente supermercados e pequenas esta\u00e7\u00f5es de reciclagem que fazem uso extensivo deste tipo de enfardadeira vertical.<\/p>\n<div class=\"ast-oembed-container\" style=\"height: 100%;\"><iframe title=\"Res\u00edduos de cart\u00e3o compactados em tijolos! Enfardadeira vertical com capacidade para 2 toneladas por hora #verticalbaler\" width=\"500\" height=\"375\" src=\"https:\/\/www.youtube.com\/embed\/az3REtxEzkA?feature=oembed\" frameborder=\"0\" allow=\"accelerometer; autoplay; clipboard-write; encrypted-media; gyroscope; picture-in-picture; web-share\" referrerpolicy=\"strict-origin-when-cross-origin\" allowfullscreen><\/iframe><\/div>\n<h3>Gama de aplica\u00e7\u00f5es:<\/h3>\n<table style=\"border-collapse: collapse; width: 1325px; height: 313px;\" border=\"0\" width=\"1409\" cellspacing=\"0\" cellpadding=\"0\">\n<tbody>\n<tr style=\"height: 13.50pt;\">\n<td style=\"height: 13.50pt; width: 155.25pt;\" width=\"207\" height=\"18\">Papel<\/td>\n<td style=\"width: 901.50pt;\" width=\"1202\">Jornais, revistas, livros, papel de embrulho, cart\u00e3o ondulado, caixas de cart\u00e3o, caixas de papel, papel publicit\u00e1rio, diversos res\u00edduos de f\u00e1bricas de papel, etc.<\/td>\n<\/tr>\n<tr style=\"height: 13.50pt;\">\n<td style=\"height: 13.50pt;\" height=\"18\">Pl\u00e1stico<\/td>\n<td>Sacos de pl\u00e1stico, embalagens de pl\u00e1stico, garrafas de pl\u00e1stico, garrafas de bebidas, pel\u00edcula de cobertura vegetal, pel\u00edcula de pl\u00e1stico, sacos de tecido, etc.<\/td>\n<\/tr>\n<tr style=\"height: 13.50pt;\">\n<td style=\"height: 13.50pt;\" height=\"18\">Tecido e couro<\/td>\n<td>Restos de couro, restos de f\u00e1bricas t\u00eaxteis, restos de f\u00e1bricas de vestu\u00e1rio, tapetes, vestu\u00e1rio, cortinas, peluches, etc.<\/td>\n<\/tr>\n<tr style=\"height: 13.50pt;\">\n<td style=\"height: 13.50pt;\" height=\"18\">Plantas<\/td>\n<td>Diversas palhinhas, ramos de \u00e1rvores, cascas de arroz, etc.<\/td>\n<\/tr>\n<tr style=\"height: 13.50pt;\">\n<td style=\"height: 13.50pt;\" height=\"18\">Metal<\/td>\n<td>Latas de alum\u00ednio, perfis de alum\u00ednio, etc.<\/td>\n<\/tr>\n<tr style=\"height: 13.50pt;\">\n<td style=\"height: 13.50pt;\" height=\"18\">Outros<\/td>\n<td>Lixo dom\u00e9stico, esponjas, tiras de borracha, telhas de a\u00e7o revestidas a cores, etc.<\/td>\n<\/tr>\n<\/tbody>\n<\/table>\n<h3>Par\u00e2metros do modelo:<\/h3>\n<table style=\"border-collapse: collapse; width: 1178px; height: 543px;\" border=\"0\" width=\"972\" cellspacing=\"0\" cellpadding=\"0\">\n<tbody>\n<tr style=\"height: 13.50pt;\">\n<td class=\"et3\" style=\"height: 13.50pt; width: 234.75pt;\" width=\"313\" height=\"18\">Modelo<\/td>\n<td class=\"et4\" style=\"width: 123.75pt;\" width=\"165\">GSB-V0604<\/td>\n<td class=\"et4\" style=\"width: 119.25pt;\" width=\"159\">GSB-V0806<\/td>\n<td class=\"et4\" style=\"width: 125.25pt;\" width=\"167\">GSB-V1107<\/td>\n<td class=\"et4\" style=\"width: 126.00pt;\" width=\"168\">GSB-V1208<\/td>\n<\/tr>\n<tr style=\"height: 13.50pt;\">\n<td class=\"et3\" style=\"height: 13.50pt; width: 234.75pt;\" width=\"313\" height=\"18\">Tamanho da abertura de alimenta\u00e7\u00e3o (L\u00d7H) (mm)<\/td>\n<td class=\"et4\" style=\"width: 123.75pt;\" width=\"165\">600\u00d7360<\/td>\n<td class=\"et4\" style=\"width: 119.25pt;\" width=\"159\">800\u00d7450<\/td>\n<td class=\"et4\" style=\"width: 125.25pt;\" width=\"167\">1100\u00d7550<\/td>\n<td class=\"et4\" style=\"width: 126.00pt;\" width=\"168\">1200\u00d7550<\/td>\n<\/tr>\n<tr style=\"height: 13.50pt;\">\n<td class=\"et3\" style=\"height: 13.50pt; width: 234.75pt;\" width=\"313\" height=\"18\">Tamanho da embalagem (C\u00d7L\u00d7A) (mm)<\/td>\n<td class=\"et4\" style=\"width: 123.75pt;\" width=\"165\">600\u00d7400\u00d7(400-640)<\/td>\n<td class=\"et4\" style=\"width: 119.25pt;\" width=\"159\">800\u00d7600\u00d7(300-800)<\/td>\n<td class=\"et4\" style=\"width: 125.25pt;\" width=\"167\">1100\u00d7700\u00d7(500-950)<\/td>\n<td class=\"et4\" style=\"width: 126.00pt;\" width=\"168\">1200\u00d7800\u00d7(500-950)<\/td>\n<\/tr>\n<tr style=\"height: 13.50pt;\">\n<td class=\"et3\" style=\"height: 13.50pt; width: 234.75pt;\" width=\"313\" height=\"18\">Dura\u00e7\u00e3o do ciclo (s)<\/td>\n<td class=\"et4\" style=\"width: 123.75pt;\" width=\"165\">25<\/td>\n<td class=\"et4\" style=\"width: 119.25pt;\" width=\"159\">50<\/td>\n<td class=\"et4\" style=\"width: 125.25pt;\" width=\"167\">50<\/td>\n<td class=\"et4\" style=\"width: 126.00pt;\" width=\"168\">47<\/td>\n<\/tr>\n<tr style=\"height: 13.50pt;\">\n<td class=\"et3\" style=\"height: 13.50pt; width: 234.75pt;\" width=\"313\" height=\"18\">N\u00famero de vias de cintagem (PCS)<\/td>\n<td class=\"et4\" style=\"width: 123.75pt;\" width=\"165\">4<\/td>\n<td class=\"et4\" style=\"width: 119.25pt;\" width=\"159\">4<\/td>\n<td class=\"et4\" style=\"width: 125.25pt;\" width=\"167\">4<\/td>\n<td class=\"et4\" style=\"width: 126.00pt;\" width=\"168\">4<\/td>\n<\/tr>\n<tr style=\"height: 13.50pt;\">\n<td class=\"et3\" style=\"height: 13.50pt; width: 234.75pt;\" width=\"313\" height=\"18\">Di\u00e2metro interior do cilindro principal (mm)<\/td>\n<td class=\"et4\" style=\"width: 123.75pt;\" width=\"165\">\u03c690<\/td>\n<td class=\"et4\" style=\"width: 119.25pt;\" width=\"159\">\u03c6125<\/td>\n<td class=\"et4\" style=\"width: 125.25pt;\" width=\"167\">\u03c6110<\/td>\n<td class=\"et4\" style=\"width: 126.00pt;\" width=\"168\">\u03c6125<\/td>\n<\/tr>\n<tr style=\"height: 13.50pt;\">\n<td class=\"et3\" style=\"height: 13.50pt; width: 234.75pt;\" width=\"313\" height=\"18\">Press\u00e3o do cilindro principal (T)<\/td>\n<td class=\"et4\" style=\"width: 123.75pt;\" width=\"165\">16<\/td>\n<td class=\"et4\" style=\"width: 119.25pt;\" width=\"159\">31.5<\/td>\n<td class=\"et4\" style=\"width: 125.25pt;\" width=\"167\">25\u00d72<\/td>\n<td class=\"et4\" style=\"width: 126.00pt;\" width=\"168\">31.5\u00d72<\/td>\n<\/tr>\n<tr style=\"height: 13.50pt;\">\n<td class=\"et3\" style=\"height: 13.50pt; width: 234.75pt;\" width=\"313\" height=\"18\">Pot\u00eancia hidr\u00e1ulica (kW)<\/td>\n<td class=\"et4\" style=\"width: 123.75pt;\" width=\"165\">2.2<\/td>\n<td class=\"et4\" style=\"width: 119.25pt;\" width=\"159\">4<\/td>\n<td class=\"et4\" style=\"width: 125.25pt;\" width=\"167\">5.5<\/td>\n<td class=\"et4\" style=\"width: 126.00pt;\" width=\"168\">7.5<\/td>\n<\/tr>\n<tr style=\"height: 13.50pt;\">\n<td class=\"et3\" style=\"height: 13.50pt; width: 234.75pt;\" width=\"313\" height=\"18\">Dimens\u00f5es (C\u00d7L\u00d7A) (mm)<\/td>\n<td class=\"et4\" style=\"width: 123.75pt;\" width=\"165\">950\u00d7760\u00d72070<\/td>\n<td class=\"et4\" style=\"width: 119.25pt;\" width=\"159\">1150\u00d7960\u00d72850<\/td>\n<td class=\"et4\" style=\"width: 125.25pt;\" width=\"167\">1580\u00d71080\u00d73140<\/td>\n<td class=\"et4\" style=\"width: 126.00pt;\" width=\"168\">1680\u00d71160\u00d73280<\/td>\n<\/tr>\n<tr style=\"height: 13.50pt;\">\n<td class=\"et3\" style=\"height: 13.50pt; width: 234.75pt;\" width=\"313\" height=\"18\">Peso total (kg)<\/td>\n<td class=\"et4\" style=\"width: 123.75pt;\" width=\"165\">Cerca de 500<\/td>\n<td class=\"et4\" style=\"width: 119.25pt;\" width=\"159\">Cerca de 850<\/td>\n<td class=\"et4\" style=\"width: 125.25pt;\" width=\"167\">Cerca de 1500<\/td>\n<td class=\"et4\" style=\"width: 126.00pt;\" width=\"168\">Aproximadamente 1850<\/td>\n<\/tr>\n<\/tbody>\n<\/table>\n<p>Os modelos acima s\u00e3o modelos universais padr\u00e3o. Se necessitar de outros modelos, contacte o nosso pessoal, e tamb\u00e9m podemos fornecer servi\u00e7os personalizados de acordo com as suas necessidades.<\/p>\n<h3>Destaques t\u00e9cnicos:<\/h3>\n<p>1. Longa vida \u00fatil da m\u00e1quina<br \/>\nFabricado em a\u00e7o de alta qualidade e em chapas de a\u00e7o espessadas, mant\u00e9m-se sem fadiga e n\u00e3o se deforma com a utiliza\u00e7\u00e3o a longo prazo.<\/p>\n<p>2. Prote\u00e7\u00e3o global da seguran\u00e7a<br \/>\nEst\u00e3o em vigor v\u00e1rias medidas de seguran\u00e7a para evitar riscos potenciais.<\/p>\n<p>3. Opera\u00e7\u00e3o f\u00e1cil para os trabalhadores<br \/>\nUm programa de funcionamento inteligente bem desenvolvido garante um funcionamento simples e sem preocupa\u00e7\u00f5es e uma elevada efici\u00eancia<\/p>\n<p><img fetchpriority=\"high\" decoding=\"async\" class=\"alignnone wp-image-1018\" title=\"M\u00e1quinas de enfardar verticais\" src=\"https:\/\/www.gigapa.com\/wp-content\/uploads\/2025\/05\/\u5e9f\u7eb82.jpg\" alt=\"M\u00e1quinas de enfardar verticais\" width=\"500\" height=\"314\" srcset=\"https:\/\/www.gigapa.com\/wp-content\/uploads\/2025\/05\/\u5e9f\u7eb82.jpg 1034w, https:\/\/www.gigapa.com\/wp-content\/uploads\/2025\/05\/\u5e9f\u7eb82-300x188.jpg 300w, https:\/\/www.gigapa.com\/wp-content\/uploads\/2025\/05\/\u5e9f\u7eb82-1024x643.jpg 1024w, https:\/\/www.gigapa.com\/wp-content\/uploads\/2025\/05\/\u5e9f\u7eb82-768x482.jpg 768w, https:\/\/www.gigapa.com\/wp-content\/uploads\/2025\/05\/\u5e9f\u7eb82-600x377.jpg 600w\" sizes=\"(max-width: 500px) 100vw, 500px\" \/> <img decoding=\"async\" class=\"alignnone wp-image-1019\" title=\"M\u00e1quinas de enfardar verticais\" src=\"https:\/\/www.gigapa.com\/wp-content\/uploads\/2025\/05\/\u79f8\u79c6\u6253\u5305.jpg\" alt=\"M\u00e1quinas de enfardar verticais\" width=\"500\" height=\"314\" srcset=\"https:\/\/www.gigapa.com\/wp-content\/uploads\/2025\/05\/\u79f8\u79c6\u6253\u5305.jpg 1034w, https:\/\/www.gigapa.com\/wp-content\/uploads\/2025\/05\/\u79f8\u79c6\u6253\u5305-300x188.jpg 300w, https:\/\/www.gigapa.com\/wp-content\/uploads\/2025\/05\/\u79f8\u79c6\u6253\u5305-1024x643.jpg 1024w, https:\/\/www.gigapa.com\/wp-content\/uploads\/2025\/05\/\u79f8\u79c6\u6253\u5305-768x482.jpg 768w, https:\/\/www.gigapa.com\/wp-content\/uploads\/2025\/05\/\u79f8\u79c6\u6253\u5305-600x377.jpg 600w\" sizes=\"(max-width: 500px) 100vw, 500px\" \/><\/p>\n<p><img decoding=\"async\" class=\"alignnone wp-image-1020\" title=\"M\u00e1quinas de enfardar verticais\" src=\"https:\/\/www.gigapa.com\/wp-content\/uploads\/2025\/05\/\u5851\u6599\u74f64.jpg\" alt=\"M\u00e1quinas de enfardar verticais\" width=\"500\" height=\"314\" srcset=\"https:\/\/www.gigapa.com\/wp-content\/uploads\/2025\/05\/\u5851\u6599\u74f64.jpg 1034w, https:\/\/www.gigapa.com\/wp-content\/uploads\/2025\/05\/\u5851\u6599\u74f64-300x188.jpg 300w, https:\/\/www.gigapa.com\/wp-content\/uploads\/2025\/05\/\u5851\u6599\u74f64-1024x643.jpg 1024w, https:\/\/www.gigapa.com\/wp-content\/uploads\/2025\/05\/\u5851\u6599\u74f64-768x482.jpg 768w, https:\/\/www.gigapa.com\/wp-content\/uploads\/2025\/05\/\u5851\u6599\u74f64-600x377.jpg 600w\" sizes=\"(max-width: 500px) 100vw, 500px\" \/> <img loading=\"lazy\" decoding=\"async\" class=\"alignnone wp-image-1021\" title=\"M\u00e1quinas de enfardar verticais\" src=\"https:\/\/www.gigapa.com\/wp-content\/uploads\/2025\/05\/\u6613\u62c9\u7f503.jpg\" alt=\"M\u00e1quinas de enfardar verticais\" width=\"500\" height=\"314\" srcset=\"https:\/\/www.gigapa.com\/wp-content\/uploads\/2025\/05\/\u6613\u62c9\u7f503.jpg 1034w, https:\/\/www.gigapa.com\/wp-content\/uploads\/2025\/05\/\u6613\u62c9\u7f503-300x188.jpg 300w, https:\/\/www.gigapa.com\/wp-content\/uploads\/2025\/05\/\u6613\u62c9\u7f503-1024x643.jpg 1024w, https:\/\/www.gigapa.com\/wp-content\/uploads\/2025\/05\/\u6613\u62c9\u7f503-768x482.jpg 768w, https:\/\/www.gigapa.com\/wp-content\/uploads\/2025\/05\/\u6613\u62c9\u7f503-600x377.jpg 600w\" sizes=\"(max-width: 500px) 100vw, 500px\" \/><\/p>\n<h3>Princ\u00edpio de funcionamento<\/h3>\n<p data-immersive-translate-walked=\"f154a824-f1fc-46e7-bb58-d103bf037719\">1. Carregamento de material<\/p>\n<ul>\n<li class=\"ds-markdown-paragraph\" data-immersive-translate-paragraph=\"1\" data-immersive-translate-walked=\"f154a824-f1fc-46e7-bb58-d103bf037719\">c\u00e2mara de enfardamento vertical a partir do topo ou do lado.<\/li>\n<li class=\"ds-markdown-paragraph\" data-immersive-translate-walked=\"f154a824-f1fc-46e7-bb58-d103bf037719\" data-immersive-translate-paragraph=\"1\">A c\u00e2mara \u00e9 normalmente uma estrutura de a\u00e7o robusta com um cilindro hidr\u00e1ulico na parte inferior.<\/li>\n<\/ul>\n<p data-immersive-translate-walked=\"f154a824-f1fc-46e7-bb58-d103bf037719\">2. Processo de compress\u00e3o<\/p>\n<ul>\n<li class=\"ds-markdown-paragraph\" data-immersive-translate-walked=\"f154a824-f1fc-46e7-bb58-d103bf037719\" data-immersive-translate-paragraph=\"1\">Um cilindro hidr\u00e1ulico acciona o cilindro, que se move para cima para comprimir o material contra uma placa superior fixa.<\/li>\n<li class=\"ds-markdown-paragraph\" data-immersive-translate-walked=\"f154a824-f1fc-46e7-bb58-d103bf037719\" data-immersive-translate-paragraph=\"1\">A for\u00e7a de compress\u00e3o pode variar de 10 a mais de 100 toneladas, dependendo do tamanho da m\u00e1quina e do tipo de material.<\/li>\n<li class=\"ds-markdown-paragraph\" data-immersive-translate-walked=\"f154a824-f1fc-46e7-bb58-d103bf037719\" data-immersive-translate-paragraph=\"1\">Podem ocorrer v\u00e1rios ciclos de compress\u00e3o para obter uma densidade \u00f3ptima.<\/li>\n<\/ul>\n<p data-immersive-translate-walked=\"f154a824-f1fc-46e7-bb58-d103bf037719\">3. Amarra\u00e7\u00e3o de fardos<\/p>\n<ul>\n<li class=\"ds-markdown-paragraph\" data-immersive-translate-walked=\"f154a824-f1fc-46e7-bb58-d103bf037719\" data-immersive-translate-paragraph=\"1\">Quando o material estiver totalmente comprimido, o operador (ou um sistema automatizado) insere arame de enfardamento, cintas ou cordel atrav\u00e9s de ranhuras pr\u00e9-desenhadas.<\/li>\n<li class=\"ds-markdown-paragraph\" data-immersive-translate-walked=\"f154a824-f1fc-46e7-bb58-d103bf037719\" data-immersive-translate-paragraph=\"1\">O fardo atado mant\u00e9m a sua forma depois de a press\u00e3o ser libertada.<\/li>\n<\/ul>\n<p data-immersive-translate-walked=\"f154a824-f1fc-46e7-bb58-d103bf037719\">4. Eje\u00e7\u00e3o<\/p>\n<ul>\n<li class=\"ds-markdown-paragraph\" data-immersive-translate-walked=\"f154a824-f1fc-46e7-bb58-d103bf037719\" data-immersive-translate-paragraph=\"1\">O cilindro hidr\u00e1ulico retrai-se e o fardo acabado \u00e9 ejectado da c\u00e2mara (manualmente ou atrav\u00e9s de um mecanismo de inclina\u00e7\u00e3o).<\/li>\n<li class=\"ds-markdown-paragraph\" data-immersive-translate-walked=\"f154a824-f1fc-46e7-bb58-d103bf037719\" data-immersive-translate-paragraph=\"1\">Alguns modelos incluem um empurrador de fardos para empurrar o fardo para uma palete ou transportador.<\/li>\n<\/ul>\n<p data-immersive-translate-walked=\"f154a824-f1fc-46e7-bb58-d103bf037719\">5. Reiniciar o ciclo<\/p>\n<ul>\n<li class=\"ds-markdown-paragraph\" data-immersive-translate-walked=\"f154a824-f1fc-46e7-bb58-d103bf037719\" data-immersive-translate-paragraph=\"1\">A m\u00e1quina \u00e9 reiniciada e o processo repete-se para o lote seguinte.<\/li>\n<\/ul>\n<h3>FAQs<\/h3>\n<p>Q: 1. Qual \u00e9 a diferen\u00e7a entre uma m\u00e1quina de enfardar vertical e uma enfardadeira horizontal?<\/p>\n<ul>\n<li>Vertical: econ\u00f3mico em termos de espa\u00e7o, adequado para pequenas f\u00e1bricas, supermercados, etc., barato e de funcionamento mais manual.<\/li>\n<li>Horizontal: grande produ\u00e7\u00e3o, totalmente autom\u00e1tica, adequada para grandes esta\u00e7\u00f5es de reciclagem, mas \u00e9 mais cara e ocupa mais espa\u00e7o.<\/li>\n<\/ul>\n<p>Q: 2. Quanto tempo \u00e9 necess\u00e1rio para embalar uma caixa de res\u00edduos de papel?<\/p>\n<ul>\n<li>Normalmente 3-5 minutos (incluindo carregamento, compress\u00e3o e agrupamento), a velocidade depende da profici\u00eancia do operador e do desempenho da m\u00e1quina.<\/li>\n<\/ul>\n<p>Q: 3. como fazer a manuten\u00e7\u00e3o de uma m\u00e1quina de enfardar vertical?<\/p>\n<ul>\n<li>Adicionar regularmente \u00f3leo lubrificante<\/li>\n<li>Verificar se o \u00f3leo hidr\u00e1ulico \u00e9 suficiente<\/li>\n<li>Limpar os detritos no contentor de enfardamento<\/li>\n<li>Prestar aten\u00e7\u00e3o ao facto de o cabo\/fio de enfardamento estar normal<\/li>\n<\/ul>\n<p>Q: 4. A m\u00e1quina de enfardamento vertical pode ser enfardada automaticamente?<\/p>\n<ul>\n<li>Semi-autom\u00e1tico: requer enfiamento manual do fio ou da cinta (comum em m\u00e1quinas econ\u00f3micas).<\/li>\n<li>Totalmente autom\u00e1tico: com dispositivo de agrupamento autom\u00e1tico (pre\u00e7o mais elevado, adequado para utiliza\u00e7\u00e3o frequente).<\/li>\n<\/ul>\n<p data-start=\"1754\" data-end=\"1939\">Q: 5. a m\u00e1quina pode ser personalizada?<br data-start=\"1791\" data-end=\"1794\" \/>Sim. A for\u00e7a de compress\u00e3o, o tamanho do fardo, a abertura de alimenta\u00e7\u00e3o e o sistema el\u00e9trico podem ser personalizados com base no tipo de material e na capacidade de produ\u00e7\u00e3o.<\/p>\n<p data-start=\"1754\" data-end=\"1939\">Q: 6. Qual \u00e9 o tempo de vida \u00fatil da m\u00e1quina?<br data-start=\"2185\" data-end=\"2188\" \/>Com uma manuten\u00e7\u00e3o regular, uma m\u00e1quina de enfardar vertical de qualidade pode durar mais de 8-10 anos, dependendo da utiliza\u00e7\u00e3o e do tipo de material.<\/p>\n<p data-start=\"151\" data-end=\"339\">P: 7) Quais s\u00e3o os m\u00e9todos de pagamento aceites?<br data-start=\"193\" data-end=\"196\" \/>Aceitamos principalmente T\/T . Um dep\u00f3sito de 30% \u00e9 exigido antecipadamente, e o saldo restante de 70% \u00e9 pago antes do envio.<\/p>\n<p data-start=\"346\" data-end=\"503\">P: 8) Quais s\u00e3o as vossas condi\u00e7\u00f5es comerciais?<br data-start=\"379\" data-end=\"382\" \/>O nosso termo comercial padr\u00e3o \u00e9 FOB Shanghai.<\/p>","protected":false},"excerpt":{"rendered":"<p>A m\u00e1quina de enfardar vertical hidr\u00e1ulica \u00e9 uma solu\u00e7\u00e3o altamente eficiente para compactar e enfardar v\u00e1rios materiais, como cart\u00e3o, pl\u00e1stico, papel e t\u00eaxteis. Concebida com uma estrutura vertical, maximiza a efici\u00eancia do espa\u00e7o ao mesmo tempo que proporciona uma compress\u00e3o poderosa. Esta m\u00e1quina \u00e9 ideal para ind\u00fastrias que requerem a reciclagem e elimina\u00e7\u00e3o de materiais residuais. Ajuda a reduzir o espa\u00e7o de armazenamento, a melhorar a efici\u00eancia do manuseamento e a criar fardos bem compactados para facilitar o transporte.<\/p>","protected":false},"featured_media":1884,"template":"","meta":{"site-sidebar-layout":"default","site-content-layout":"","ast-site-content-layout":"default","site-content-style":"default","site-sidebar-style":"default","ast-global-header-display":"","ast-banner-title-visibility":"","ast-main-header-display":"","ast-hfb-above-header-display":"","ast-hfb-below-header-display":"","ast-hfb-mobile-header-display":"","site-post-title":"","ast-breadcrumbs-content":"","ast-featured-img":"","footer-sml-layout":"","ast-disable-related-posts":"","theme-transparent-header-meta":"default","adv-header-id-meta":"","stick-header-meta":"","header-above-stick-meta":"","header-main-stick-meta":"","header-below-stick-meta":"","astra-migrate-meta-layouts":"set","ast-page-background-enabled":"default","ast-page-background-meta":{"desktop":{"background-color":"var(--ast-global-color-5)","background-image":"","background-repeat":"repeat","background-position":"center center","background-size":"auto","background-attachment":"scroll","background-type":"","background-media":"","overlay-type":"","overlay-color":"","overlay-opacity":"","overlay-gradient":""},"tablet":{"background-color":"","background-image":"","background-repeat":"repeat","background-position":"center center","background-size":"auto","background-attachment":"scroll","background-type":"","background-media":"","overlay-type":"","overlay-color":"","overlay-opacity":"","overlay-gradient":""},"mobile":{"background-color":"","background-image":"","background-repeat":"repeat","background-position":"center center","background-size":"auto","background-attachment":"scroll","background-type":"","background-media":"","overlay-type":"","overlay-color":"","overlay-opacity":"","overlay-gradient":""}},"ast-content-background-meta":{"desktop":{"background-color":"var(--ast-global-color-4)","background-image":"","background-repeat":"repeat","background-position":"center center","background-size":"auto","background-attachment":"scroll","background-type":"","background-media":"","overlay-type":"","overlay-color":"","overlay-opacity":"","overlay-gradient":""},"tablet":{"background-color":"var(--ast-global-color-4)","background-image":"","background-repeat":"repeat","background-position":"center center","background-size":"auto","background-attachment":"scroll","background-type":"","background-media":"","overlay-type":"","overlay-color":"","overlay-opacity":"","overlay-gradient":""},"mobile":{"background-color":"var(--ast-global-color-4)","background-image":"","background-repeat":"repeat","background-position":"center center","background-size":"auto","background-attachment":"scroll","background-type":"","background-media":"","overlay-type":"","overlay-color":"","overlay-opacity":"","overlay-gradient":""}}},"product_brand":[],"product_cat":[21,152],"product_tag":[71,75,70,69,73,74,72],"class_list":{"0":"post-857","1":"product","2":"type-product","3":"status-publish","4":"has-post-thumbnail","6":"product_cat-baling-machine","7":"product_cat-vertical-baler","8":"product_tag-china-hydraulic-vertical-baler","9":"product_tag-hydraulic-baling-press-machine","10":"product_tag-hydraulic-vertical-baler-for-waste-recycling","11":"product_tag-hydraulic-vertical-plastic-baling-machine","12":"product_tag-hydraulic-vertical-waste-paper-baler","13":"product_tag-vertical-hydraulic-baler-factory","14":"product_tag-vertical-hydraulic-baler-machine","15":"desktop-align-left","16":"tablet-align-left","17":"mobile-align-left","19":"first","20":"instock","21":"featured","22":"shipping-taxable","23":"product-type-simple"},"_links":{"self":[{"href":"https:\/\/www.gigapa.com\/pt\/wp-json\/wp\/v2\/product\/857","targetHints":{"allow":["GET"]}}],"collection":[{"href":"https:\/\/www.gigapa.com\/pt\/wp-json\/wp\/v2\/product"}],"about":[{"href":"https:\/\/www.gigapa.com\/pt\/wp-json\/wp\/v2\/types\/product"}],"version-history":[{"count":13,"href":"https:\/\/www.gigapa.com\/pt\/wp-json\/wp\/v2\/product\/857\/revisions"}],"predecessor-version":[{"id":2760,"href":"https:\/\/www.gigapa.com\/pt\/wp-json\/wp\/v2\/product\/857\/revisions\/2760"}],"wp:featuredmedia":[{"embeddable":true,"href":"https:\/\/www.gigapa.com\/pt\/wp-json\/wp\/v2\/media\/1884"}],"wp:attachment":[{"href":"https:\/\/www.gigapa.com\/pt\/wp-json\/wp\/v2\/media?parent=857"}],"wp:term":[{"taxonomy":"product_brand","embeddable":true,"href":"https:\/\/www.gigapa.com\/pt\/wp-json\/wp\/v2\/product_brand?post=857"},{"taxonomy":"product_cat","embeddable":true,"href":"https:\/\/www.gigapa.com\/pt\/wp-json\/wp\/v2\/product_cat?post=857"},{"taxonomy":"product_tag","embeddable":true,"href":"https:\/\/www.gigapa.com\/pt\/wp-json\/wp\/v2\/product_tag?post=857"}],"curies":[{"name":"wp","href":"https:\/\/api.w.org\/{rel}","templated":true}]}}