{"id":858,"date":"2025-05-06T16:37:52","date_gmt":"2025-05-06T08:37:52","guid":{"rendered":"https:\/\/gigapa.com\/?post_type=product&#038;p=858"},"modified":"2025-10-13T09:21:20","modified_gmt":"2025-10-13T01:21:20","slug":"maquinas-de-enfardar-totalmente-automaticas","status":"publish","type":"product","link":"https:\/\/www.gigapa.com\/pt\/produto\/maquinas-de-enfardar-totalmente-automaticas\/","title":{"rendered":"GSB-F M\u00e1quina de enfardar horizontal totalmente autom\u00e1tica"},"content":{"rendered":"<h3>Introdu\u00e7\u00e3o do equipamento:<\/h3>\n<p>A m\u00e1quina de enfardar horizontal totalmente autom\u00e1tica \u00e9 constitu\u00edda por uma caixa, uma esta\u00e7\u00e3o hidr\u00e1ulica, cilindros hidr\u00e1ulicos, uma cabe\u00e7a de press\u00e3o, um mecanismo de enfiamento do fio, um mecanismo de tor\u00e7\u00e3o do fio e um mecanismo de estrangulamento, entre outros componentes. O cilindro principal acciona a cabe\u00e7a de press\u00e3o para comprimir o material, enquanto o mecanismo de estrangulamento proporciona resist\u00eancia \u00e0 passagem do bloco de embalagem. O mecanismo de enfiamento do fio e o mecanismo de tor\u00e7\u00e3o do fio trabalham em conjunto para atar o bloco de embalagem. Todo o processo de compress\u00e3o e atamento do bloco de embalagem \u00e9 controlado por um PLC, eliminando a necessidade de interven\u00e7\u00e3o manual, e o elevado n\u00edvel de automatiza\u00e7\u00e3o significa que n\u00e3o s\u00f3 \u00e9 eficiente como tamb\u00e9m poupa nos custos de m\u00e3o de obra. Consequentemente, \u00e9 muito utilizada em situa\u00e7\u00f5es em que \u00e9 necess\u00e1rio um grande volume de processamento e a velocidade de processamento tem de ser r\u00e1pida.<\/p>\n<div class=\"ast-oembed-container\" style=\"height: 100%;\"><iframe title=\"M\u00e1quina de enfardamento totalmente autom\u00e1tica para reciclagem de res\u00edduos de alta velocidade\" width=\"500\" height=\"281\" src=\"https:\/\/www.youtube.com\/embed\/J7RRuvnytnc?feature=oembed\" frameborder=\"0\" allow=\"accelerometer; autoplay; clipboard-write; encrypted-media; gyroscope; picture-in-picture; web-share\" referrerpolicy=\"strict-origin-when-cross-origin\" allowfullscreen><\/iframe><\/div>\n<h3>Gama de aplica\u00e7\u00f5es:<\/h3>\n<table style=\"border-collapse: collapse; width: 1026px; height: 318px;\" border=\"0\" width=\"1409\" cellspacing=\"0\" cellpadding=\"0\">\n<tbody>\n<tr style=\"height: 13.50pt;\">\n<td style=\"height: 13.50pt; width: 155.25pt;\" width=\"207\" height=\"18\">Papel<\/td>\n<td style=\"width: 901.50pt;\" width=\"1202\">Caixas de cart\u00e3o, caixas de papel, papel publicit\u00e1rio, diversos res\u00edduos de f\u00e1bricas de papel e de impress\u00e3o, etc.<\/td>\n<\/tr>\n<tr style=\"height: 13.50pt;\">\n<td style=\"height: 13.50pt;\" height=\"18\">Pl\u00e1sticos<\/td>\n<td>Sacos de pl\u00e1stico, embalagens de pl\u00e1stico, garrafas de pl\u00e1stico, garrafas de bebidas, pel\u00edcula mo\u00edda, pel\u00edcula de pl\u00e1stico, sacos de tecido, etc.<\/td>\n<\/tr>\n<tr style=\"height: 13.50pt;\">\n<td style=\"height: 13.50pt;\" height=\"18\">Tecido e couro<\/td>\n<td>Restos de couro, restos de f\u00e1bricas t\u00eaxteis, restos de f\u00e1bricas de vestu\u00e1rio, tapetes, vestu\u00e1rio, cortinas, peluches, etc.<\/td>\n<\/tr>\n<tr style=\"height: 13.50pt;\">\n<td style=\"height: 13.50pt;\" height=\"18\">Plantas<\/td>\n<td>V\u00e1rias palhinhas, ramos de \u00e1rvores, etc.<\/td>\n<\/tr>\n<tr style=\"height: 13.50pt;\">\n<td style=\"height: 13.50pt;\" height=\"18\">Metais<\/td>\n<td>Latas de alum\u00ednio, etc.<\/td>\n<\/tr>\n<tr style=\"height: 13.50pt;\">\n<td style=\"height: 13.50pt;\" height=\"18\">Outros<\/td>\n<td>Lixo dom\u00e9stico, esponjas, tiras de borracha, res\u00edduos industriais, etc.<\/td>\n<\/tr>\n<\/tbody>\n<\/table>\n<h3>Par\u00e2metros do modelo:<\/h3>\n<table style=\"border-collapse: collapse; width: 1142px; height: 400px;\" border=\"0\" width=\"989\" cellspacing=\"0\" cellpadding=\"0\">\n<tbody>\n<tr style=\"height: 13.50pt;\">\n<td class=\"et2\" style=\"height: 13.50pt; width: 199.50pt;\" width=\"266\" height=\"18\">Modelo<\/td>\n<td class=\"et2\" style=\"width: 131.25pt;\" width=\"175\">GSB-F0707<\/td>\n<td class=\"et2\" style=\"width: 135.75pt;\" width=\"181\">GSB-F1107<\/td>\n<td class=\"et2\" style=\"width: 140.25pt;\" width=\"187\">GSB-F1111<\/td>\n<td class=\"et2\" style=\"width: 135.00pt;\" width=\"180\">GSB-F1112<\/td>\n<\/tr>\n<tr style=\"height: 13.50pt;\">\n<td class=\"et2\" style=\"height: 13.50pt;\" height=\"18\">Tamanho da embalagem (L\u00d7A\u00d7U) (mm)<\/td>\n<td class=\"et2\">720\u00d7720\u00d7(500-1500)<\/td>\n<td class=\"et2\">1100\u00d7750\u00d7(500-1500)<\/td>\n<td class=\"et2\">1100\u00d71100\u00d7(500-1800)<\/td>\n<td class=\"et2\">1100\u00d71250\u00d7(500-1800)<\/td>\n<\/tr>\n<tr style=\"height: 13.50pt;\">\n<td class=\"et2\" style=\"height: 13.50pt;\" height=\"18\">N\u00famero de passagens de encaderna\u00e7\u00e3o (PCs)<\/td>\n<td class=\"et2\">4<\/td>\n<td class=\"et2\">4<\/td>\n<td class=\"et2\">5<\/td>\n<td class=\"et2\">5<\/td>\n<\/tr>\n<tr style=\"height: 13.50pt;\">\n<td class=\"et2\" style=\"height: 13.50pt;\" height=\"18\">Press\u00e3o do cilindro principal (T)<\/td>\n<td class=\"et2\">63<\/td>\n<td class=\"et2\">63<\/td>\n<td class=\"et2\">100<\/td>\n<td class=\"et2\">112<\/td>\n<\/tr>\n<tr style=\"height: 13.50pt;\">\n<td class=\"et2\" style=\"height: 13.50pt;\" height=\"18\">Pot\u00eancia hidr\u00e1ulica (kW)<\/td>\n<td class=\"et2\">22<\/td>\n<td class=\"et2\">22<\/td>\n<td class=\"et2\">45<\/td>\n<td class=\"et2\">55<\/td>\n<\/tr>\n<tr style=\"height: 13.50pt;\">\n<td class=\"et2\" style=\"height: 13.50pt;\" height=\"18\">Tamanho do hospedeiro (C\u00d7L\u00d7A) (mm)<\/td>\n<td class=\"et2\">6780\u00d73000\u00d73600<\/td>\n<td class=\"et2\">6880\u00d73800\u00d73600<\/td>\n<td class=\"et2\">8560\u00d73910\u00d74500<\/td>\n<td class=\"et2\">9260\u00d74120\u00d74850<\/td>\n<\/tr>\n<tr style=\"height: 13.50pt;\">\n<td class=\"et2\" style=\"height: 13.50pt;\" height=\"18\">Peso total (kg)<\/td>\n<td class=\"et2\">Aproximadamente 6800<\/td>\n<td class=\"et2\">Aproximadamente 9100<\/td>\n<td class=\"et2\">Aprox. 18600<\/td>\n<td class=\"et2\">Aproximadamente 21300<\/td>\n<\/tr>\n<\/tbody>\n<\/table>\n<p>Os modelos acima s\u00e3o modelos universais padr\u00e3o. Se necessitar de outros modelos, contacte o nosso pessoal, e tamb\u00e9m podemos fornecer servi\u00e7os personalizados de acordo com as suas necessidades.<\/p>\n<h3>Destaques t\u00e9cnicos:<\/h3>\n<p>1. Intelig\u00eancia elevada<br \/>\nO rigoroso e fi\u00e1vel programa de controlo PLC, combinado com sensores, melhora a efici\u00eancia e a efic\u00e1cia da embalagem, reduzindo a dificuldade operacional.<\/p>\n<p>2. Boa estabilidade<br \/>\nO dispositivo de corte de material equipado reduz eficazmente o risco de tempo de paragem causado por encravamento de material.<\/p>\n<p>3. Elevada fiabilidade<br \/>\nA estrutura global adopta um design com um grande fator de seguran\u00e7a, evitando deforma\u00e7\u00f5es permanentes ou fissuras.<\/p>\n<p><img fetchpriority=\"high\" decoding=\"async\" class=\"alignnone wp-image-1018\" title=\"M\u00e1quinas de enfardar totalmente autom\u00e1ticas\" src=\"https:\/\/www.gigapa.com\/wp-content\/uploads\/2025\/05\/\u5e9f\u7eb82.jpg\" alt=\"M\u00e1quinas de enfardar totalmente autom\u00e1ticas\" width=\"500\" height=\"314\" srcset=\"https:\/\/www.gigapa.com\/wp-content\/uploads\/2025\/05\/\u5e9f\u7eb82.jpg 1034w, https:\/\/www.gigapa.com\/wp-content\/uploads\/2025\/05\/\u5e9f\u7eb82-300x188.jpg 300w, https:\/\/www.gigapa.com\/wp-content\/uploads\/2025\/05\/\u5e9f\u7eb82-1024x643.jpg 1024w, https:\/\/www.gigapa.com\/wp-content\/uploads\/2025\/05\/\u5e9f\u7eb82-768x482.jpg 768w, https:\/\/www.gigapa.com\/wp-content\/uploads\/2025\/05\/\u5e9f\u7eb82-600x377.jpg 600w\" sizes=\"(max-width: 500px) 100vw, 500px\" \/> <img decoding=\"async\" class=\"alignnone wp-image-1021\" title=\"M\u00e1quinas de enfardar totalmente autom\u00e1ticas\" src=\"https:\/\/www.gigapa.com\/wp-content\/uploads\/2025\/05\/\u6613\u62c9\u7f503.jpg\" alt=\"M\u00e1quinas de enfardar totalmente autom\u00e1ticas\" width=\"500\" height=\"314\" srcset=\"https:\/\/www.gigapa.com\/wp-content\/uploads\/2025\/05\/\u6613\u62c9\u7f503.jpg 1034w, https:\/\/www.gigapa.com\/wp-content\/uploads\/2025\/05\/\u6613\u62c9\u7f503-300x188.jpg 300w, https:\/\/www.gigapa.com\/wp-content\/uploads\/2025\/05\/\u6613\u62c9\u7f503-1024x643.jpg 1024w, https:\/\/www.gigapa.com\/wp-content\/uploads\/2025\/05\/\u6613\u62c9\u7f503-768x482.jpg 768w, https:\/\/www.gigapa.com\/wp-content\/uploads\/2025\/05\/\u6613\u62c9\u7f503-600x377.jpg 600w\" sizes=\"(max-width: 500px) 100vw, 500px\" \/><\/p>\n<p><img decoding=\"async\" class=\"alignnone wp-image-1020\" title=\"M\u00e1quinas de enfardar totalmente autom\u00e1ticas\" src=\"https:\/\/www.gigapa.com\/wp-content\/uploads\/2025\/05\/\u5851\u6599\u74f64.jpg\" alt=\"M\u00e1quinas de enfardar totalmente autom\u00e1ticas\" width=\"500\" height=\"314\" srcset=\"https:\/\/www.gigapa.com\/wp-content\/uploads\/2025\/05\/\u5851\u6599\u74f64.jpg 1034w, https:\/\/www.gigapa.com\/wp-content\/uploads\/2025\/05\/\u5851\u6599\u74f64-300x188.jpg 300w, https:\/\/www.gigapa.com\/wp-content\/uploads\/2025\/05\/\u5851\u6599\u74f64-1024x643.jpg 1024w, https:\/\/www.gigapa.com\/wp-content\/uploads\/2025\/05\/\u5851\u6599\u74f64-768x482.jpg 768w, https:\/\/www.gigapa.com\/wp-content\/uploads\/2025\/05\/\u5851\u6599\u74f64-600x377.jpg 600w\" sizes=\"(max-width: 500px) 100vw, 500px\" \/> <img loading=\"lazy\" decoding=\"async\" class=\"alignnone wp-image-1019\" title=\"M\u00e1quinas de enfardar totalmente autom\u00e1ticas\" src=\"https:\/\/www.gigapa.com\/wp-content\/uploads\/2025\/05\/\u79f8\u79c6\u6253\u5305.jpg\" alt=\"M\u00e1quinas de enfardar totalmente autom\u00e1ticas\" width=\"500\" height=\"314\" srcset=\"https:\/\/www.gigapa.com\/wp-content\/uploads\/2025\/05\/\u79f8\u79c6\u6253\u5305.jpg 1034w, https:\/\/www.gigapa.com\/wp-content\/uploads\/2025\/05\/\u79f8\u79c6\u6253\u5305-300x188.jpg 300w, https:\/\/www.gigapa.com\/wp-content\/uploads\/2025\/05\/\u79f8\u79c6\u6253\u5305-1024x643.jpg 1024w, https:\/\/www.gigapa.com\/wp-content\/uploads\/2025\/05\/\u79f8\u79c6\u6253\u5305-768x482.jpg 768w, https:\/\/www.gigapa.com\/wp-content\/uploads\/2025\/05\/\u79f8\u79c6\u6253\u5305-600x377.jpg 600w\" sizes=\"(max-width: 500px) 100vw, 500px\" \/><\/p>\n<h3>FAQ<\/h3>\n<p>1. Oferecem solu\u00e7\u00f5es personalizadas?<br \/>\nPodemos fornecer solu\u00e7\u00f5es de equipamento personalizadas com base nas suas necessidades espec\u00edficas, incluindo o tamanho do equipamento, a configura\u00e7\u00e3o funcional e o n\u00edvel de automatiza\u00e7\u00e3o.<\/p>\n<p>2. Podem ser acrescentadas carater\u00edsticas ou acess\u00f3rios adicionais ao equipamento?<br \/>\nOferecemos uma variedade de acess\u00f3rios opcionais, permitindo-lhe adicionar carater\u00edsticas conforme necess\u00e1rio, tais como alimenta\u00e7\u00e3o autom\u00e1tica e actualiza\u00e7\u00f5es do sistema hidr\u00e1ulico.<\/p>\n<p>3. Qual \u00e9 a dura\u00e7\u00e3o do produto?<br \/>\nO nosso equipamento \u00e9 constru\u00eddo em a\u00e7o de alta resist\u00eancia e foi concebido para durar 10 a 20 anos. Com uma manuten\u00e7\u00e3o regular, pode funcionar de forma fi\u00e1vel.<\/p>\n<p>4. O funcionamento do equipamento \u00e9 complexo?<br \/>\nO nosso equipamento possui um sistema de controlo automatizado com uma interface simples e f\u00e1cil de compreender, permitindo que os operadores operem com um m\u00ednimo de forma\u00e7\u00e3o.<\/p>\n<p>5. O equipamento \u00e9 seguro durante o funcionamento?<br \/>\nO equipamento est\u00e1 equipado com v\u00e1rias carater\u00edsticas de seguran\u00e7a, incluindo a paragem autom\u00e1tica e a prote\u00e7\u00e3o contra sobrecargas, para garantir um funcionamento seguro.<\/p>\n<p>6. Oferecem descontos por volume ou or\u00e7amentos personalizados?<br \/>\nOferecemos descontos por volume para compras a granel. Al\u00e9m disso, se necessitar de equipamento personalizado, podemos fornecer um or\u00e7amento personalizado com base nas suas necessidades.<\/p>\n<p>7. Que m\u00e9todos de pagamento s\u00e3o aceites?<br \/>\nAceitamos TT (Transfer\u00eancia Telegr\u00e1fica) como m\u00e9todo de pagamento. Ap\u00f3s a rece\u00e7\u00e3o da nossa cota\u00e7\u00e3o oficial, os clientes s\u00e3o obrigados a pagar um dep\u00f3sito atrav\u00e9s de transfer\u00eancia banc\u00e1ria, de acordo com as condi\u00e7\u00f5es do contrato.<\/p>\n<p>8. Aceitamos condi\u00e7\u00f5es de entrega FOB?<br \/>\nSim, oferecemos condi\u00e7\u00f5es de entrega FOB.<\/p>\n<h3>Princ\u00edpio de funcionamento<\/h3>\n<p>A m\u00e1quina de enfardar horizontal totalmente autom\u00e1tica GIGAPA adopta um design integrado eletromec\u00e2nico e hidr\u00e1ulico, e realiza opera\u00e7\u00f5es de cintagem totalmente autom\u00e1ticas atrav\u00e9s de um sistema de controlo inteligente. O seu processo de trabalho pode ser dividido em quatro fases principais:<\/p>\n<p><strong>Fase de compress\u00e3o de alimenta\u00e7\u00e3o<\/strong><br \/>\nDepois de o material entrar na c\u00e2mara de enfardamento atrav\u00e9s do tapete transportador ou manualmente, o cilindro hidr\u00e1ulico principal acciona a cabe\u00e7a de press\u00e3o para comprimir os res\u00edduos horizontalmente. O dispositivo \u00fanico de enfardamento funciona de forma sincronizada para formar um tamanho de fardo padr\u00e3o durante o processo de compress\u00e3o.<\/p>\n<p><strong>Fase de prepara\u00e7\u00e3o do agrupamento<\/strong><br \/>\nQuando o fardo atinge a densidade predefinida, o mecanismo inteligente de enfiamento do arame passa automaticamente o arame de enfardamento pelo fundo do fardo. Sensores de alta precis\u00e3o monitorizam a posi\u00e7\u00e3o de enfiamento do fio em tempo real para garantir a exatid\u00e3o da cintagem.<\/p>\n<p><strong>Fase de cintagem autom\u00e1tica<\/strong><br \/>\nDepois de receber a instru\u00e7\u00e3o do PLC, o mecanismo de tor\u00e7\u00e3o do fio completa rapidamente as ac\u00e7\u00f5es de aperto e corte do fio. A tecnologia de bloqueio duplo \u00e9 utilizada para garantir que a firmeza da cintagem cumpre os requisitos de transporte.<\/p>\n<p><strong>Fase do ciclo de descarga<\/strong><br \/>\nOs fardos s\u00e3o automaticamente descarregados pelo mecanismo de eje\u00e7\u00e3o, e o sistema entra imediatamente no ciclo de trabalho seguinte. Toda a m\u00e1quina est\u00e1 equipada com um sistema de auto-diagn\u00f3stico de falhas, que pode monitorizar o estado de funcionamento de cada componente em tempo real.<\/p>\n<p>A m\u00e1quina de enfardamento horizontal adopta o controlo PLC de n\u00edvel industrial e tem as seguintes vantagens t\u00e9cnicas:<\/p>\n<ul>\n<li>A for\u00e7a de compress\u00e3o pode atingir 200-500 toneladas (dependendo do modelo)<\/li>\n<li>Efici\u00eancia de embalagem 6-12 embalagens\/hora<\/li>\n<li>Resist\u00eancia \u00e0 tra\u00e7\u00e3o do feixe de fios \u2265800N<\/li>\n<li>Sistema de pesagem autom\u00e1tica opcional<\/li>\n<li>Suporte \u00e0 fun\u00e7\u00e3o de monitoriza\u00e7\u00e3o remota<\/li>\n<\/ul>\n<h3>Enfardadeira Horizontal vs. Enfardadeira Vertical: Como escolher?<\/h3>\n<p>Na ind\u00fastria de reciclagem e enfardamento de res\u00edduos, as enfardadeiras horizontais e as enfardadeiras verticais s\u00e3o equipamentos comuns. Ambos comprimem e enfardam eficazmente os res\u00edduos, mas diferem significativamente em termos de estrutura, cen\u00e1rios de aplica\u00e7\u00e3o e capacidade de processamento.<\/p>\n<p>1. Enfardadeira horizontal<\/p>\n<ul>\n<li>Elevada capacidade de processamento: Adequado para necessidades de produ\u00e7\u00e3o m\u00e9dias a grandes, com alimenta\u00e7\u00e3o cont\u00ednua e enfardamento autom\u00e1tico.<\/li>\n<li>Elevado grau de automatiza\u00e7\u00e3o: A maioria dos modelos pode ser equipada com um tapete transportador para um enfardamento totalmente automatizado, poupando trabalho.<\/li>\n<li>Ampla aplica\u00e7\u00e3o: Adequado para materiais de grande dimens\u00e3o ou de alta densidade, como metal, cart\u00e3o, garrafas de pl\u00e1stico e fibra.<\/li>\n<li>Grande \u00e1rea de cobertura: Normalmente, requer uma instala\u00e7\u00e3o fixa, o que o torna mais adequado para ambientes industriais, como esta\u00e7\u00f5es de reciclagem e esta\u00e7\u00f5es de tratamento de res\u00edduos.<\/li>\n<\/ul>\n<p>2. Enfardadeira vertical<\/p>\n<ul>\n<li>Estrutura compacta: Tamanho pequeno, f\u00e1cil instala\u00e7\u00e3o e requisitos m\u00ednimos de espa\u00e7o.<\/li>\n<li>Funcionamento simples: O carregamento e o enfardamento manuais s\u00e3o necess\u00e1rios, o que o torna adequado para pequenas empresas ou para aquelas com baixos volumes de produ\u00e7\u00e3o.<\/li>\n<li>Elevada rela\u00e7\u00e3o custo-efic\u00e1cia: Baixo custo de investimento em equipamento e f\u00e1cil manuten\u00e7\u00e3o. Materiais aplic\u00e1veis: Ideal para cart\u00e3o, pel\u00edcula de pl\u00e1stico, res\u00edduos leves e muito mais.<\/li>\n<\/ul>\n<p>3. Como escolher?<\/p>\n<ul>\n<li>Se for uma f\u00e1brica de reciclagem de sucata em grande escala ou uma empresa de processamento de metais com elevados requisitos de produ\u00e7\u00e3o e efici\u00eancia, recomenda-se uma enfardadeira horizontal.<\/li>\n<li>Se se trata de uma pequena f\u00e1brica, armaz\u00e9m ou supermercado que processa principalmente res\u00edduos de embalagens leves, uma enfardadeira vertical \u00e9 mais econ\u00f3mica e pr\u00e1tica.<\/li>\n<\/ul>\n<p>Quer escolha uma enfardadeira horizontal ou uma enfardadeira vertical, oferecemos solu\u00e7\u00f5es personalizadas adaptadas \u00e0s suas necessidades, ajudando-o a conseguir uma gest\u00e3o de res\u00edduos mais eficiente e amiga do ambiente.<\/p>","protected":false},"excerpt":{"rendered":"<p>A m\u00e1quina de enfardamento horizontal totalmente autom\u00e1tica \u00e9 uma solu\u00e7\u00e3o avan\u00e7ada e de elevada efici\u00eancia para comprimir e enfardar uma vasta gama de materiais, incluindo cart\u00e3o, pl\u00e1sticos, papel e t\u00eaxteis. Equipada com carater\u00edsticas automatizadas, minimiza a interven\u00e7\u00e3o manual e optimiza todo o processo de enfardamento, garantindo fardos consistentes e de alta qualidade. A m\u00e1quina alimenta, comprime e ata automaticamente os materiais, reduzindo significativamente os custos de m\u00e3o de obra e melhorando a efici\u00eancia operacional.<\/p>","protected":false},"featured_media":582,"template":"","meta":{"site-sidebar-layout":"default","site-content-layout":"","ast-site-content-layout":"default","site-content-style":"default","site-sidebar-style":"default","ast-global-header-display":"","ast-banner-title-visibility":"","ast-main-header-display":"","ast-hfb-above-header-display":"","ast-hfb-below-header-display":"","ast-hfb-mobile-header-display":"","site-post-title":"","ast-breadcrumbs-content":"","ast-featured-img":"","footer-sml-layout":"","ast-disable-related-posts":"","theme-transparent-header-meta":"default","adv-header-id-meta":"","stick-header-meta":"","header-above-stick-meta":"","header-main-stick-meta":"","header-below-stick-meta":"","astra-migrate-meta-layouts":"set","ast-page-background-enabled":"default","ast-page-background-meta":{"desktop":{"background-color":"var(--ast-global-color-5)","background-image":"","background-repeat":"repeat","background-position":"center center","background-size":"auto","background-attachment":"scroll","background-type":"","background-media":"","overlay-type":"","overlay-color":"","overlay-opacity":"","overlay-gradient":""},"tablet":{"background-color":"","background-image":"","background-repeat":"repeat","background-position":"center center","background-size":"auto","background-attachment":"scroll","background-type":"","background-media":"","overlay-type":"","overlay-color":"","overlay-opacity":"","overlay-gradient":""},"mobile":{"background-color":"","background-image":"","background-repeat":"repeat","background-position":"center center","background-size":"auto","background-attachment":"scroll","background-type":"","background-media":"","overlay-type":"","overlay-color":"","overlay-opacity":"","overlay-gradient":""}},"ast-content-background-meta":{"desktop":{"background-color":"var(--ast-global-color-4)","background-image":"","background-repeat":"repeat","background-position":"center center","background-size":"auto","background-attachment":"scroll","background-type":"","background-media":"","overlay-type":"","overlay-color":"","overlay-opacity":"","overlay-gradient":""},"tablet":{"background-color":"var(--ast-global-color-4)","background-image":"","background-repeat":"repeat","background-position":"center center","background-size":"auto","background-attachment":"scroll","background-type":"","background-media":"","overlay-type":"","overlay-color":"","overlay-opacity":"","overlay-gradient":""},"mobile":{"background-color":"var(--ast-global-color-4)","background-image":"","background-repeat":"repeat","background-position":"center center","background-size":"auto","background-attachment":"scroll","background-type":"","background-media":"","overlay-type":"","overlay-color":"","overlay-opacity":"","overlay-gradient":""}}},"product_brand":[],"product_cat":[21,153],"product_tag":[80,79,81,77,78,76],"class_list":{"0":"post-858","1":"product","2":"type-product","3":"status-publish","4":"has-post-thumbnail","6":"product_cat-baling-machine","7":"product_cat-horizontal-baler","8":"product_tag-full-auto-paper-baler-machine","9":"product_tag-full-auto-pet-bottle-baler-machine","10":"product_tag-full-auto-straw-baler-machine","11":"product_tag-fully-automatic-baler-machine","12":"product_tag-fully-automatic-baling-press","13":"product_tag-fully-automatic-horizontal-baler","14":"desktop-align-left","15":"tablet-align-left","16":"mobile-align-left","18":"first","19":"instock","20":"featured","21":"shipping-taxable","22":"product-type-simple"},"_links":{"self":[{"href":"https:\/\/www.gigapa.com\/pt\/wp-json\/wp\/v2\/product\/858","targetHints":{"allow":["GET"]}}],"collection":[{"href":"https:\/\/www.gigapa.com\/pt\/wp-json\/wp\/v2\/product"}],"about":[{"href":"https:\/\/www.gigapa.com\/pt\/wp-json\/wp\/v2\/types\/product"}],"version-history":[{"count":14,"href":"https:\/\/www.gigapa.com\/pt\/wp-json\/wp\/v2\/product\/858\/revisions"}],"predecessor-version":[{"id":2659,"href":"https:\/\/www.gigapa.com\/pt\/wp-json\/wp\/v2\/product\/858\/revisions\/2659"}],"wp:featuredmedia":[{"embeddable":true,"href":"https:\/\/www.gigapa.com\/pt\/wp-json\/wp\/v2\/media\/582"}],"wp:attachment":[{"href":"https:\/\/www.gigapa.com\/pt\/wp-json\/wp\/v2\/media?parent=858"}],"wp:term":[{"taxonomy":"product_brand","embeddable":true,"href":"https:\/\/www.gigapa.com\/pt\/wp-json\/wp\/v2\/product_brand?post=858"},{"taxonomy":"product_cat","embeddable":true,"href":"https:\/\/www.gigapa.com\/pt\/wp-json\/wp\/v2\/product_cat?post=858"},{"taxonomy":"product_tag","embeddable":true,"href":"https:\/\/www.gigapa.com\/pt\/wp-json\/wp\/v2\/product_tag?post=858"}],"curies":[{"name":"wp","href":"https:\/\/api.w.org\/{rel}","templated":true}]}}