{"id":860,"date":"2025-05-06T16:39:26","date_gmt":"2025-05-06T08:39:26","guid":{"rendered":"https:\/\/gigapa.com\/?post_type=product&#038;p=860"},"modified":"2025-10-13T09:21:08","modified_gmt":"2025-10-13T01:21:08","slug":"maquinas-de-ensacamento-e-enfardamento","status":"publish","type":"product","link":"https:\/\/www.gigapa.com\/pt\/produto\/maquinas-de-ensacamento-e-enfardamento\/","title":{"rendered":"GBB-H M\u00e1quinas de ensacamento e enfardamento"},"content":{"rendered":"<h3>Introdu\u00e7\u00e3o do equipamento:<\/h3>\n<p>A m\u00e1quina de ensacar e enfardar utiliza um cilindro hidr\u00e1ulico para comprimir o material na c\u00e2mara de compress\u00e3o v\u00e1rias vezes em v\u00e1rias direc\u00e7\u00f5es antes de o empurrar para o saco. A m\u00e1quina de ensacar e enfardar \u00e9 utilizada principalmente para materiais que n\u00e3o podem ser enfardados ou para materiais que t\u00eam requisitos espec\u00edficos de armazenamento. Os blocos de material embalado formam uma forma retangular padr\u00e3o, que \u00e9 esteticamente agrad\u00e1vel e conveniente para empilhar e encaixotar, e n\u00e3o derrama durante o transporte. Se os sacos de pl\u00e1stico PE forem utilizados em conjunto com a embalagem a v\u00e1cuo, podem evitar eficazmente que o material fique h\u00famido e bolorento durante o transporte e o armazenamento. Quando utilizado em conjunto com um transportador de pesagem, pode controlar com precis\u00e3o o peso de cada saco, e quando combinado com um triturador, um peneirador, etc., pode formar uma linha completa de produ\u00e7\u00e3o e embalagem de aparas de madeira.<\/p>\n<div class=\"ast-oembed-container\" style=\"height: 100%;\"><iframe title=\"M\u00e1quina de ensacamento horizontal para enfardar\" width=\"500\" height=\"375\" src=\"https:\/\/www.youtube.com\/embed\/kUY5Pt-0R4Y?feature=oembed\" frameborder=\"0\" allow=\"accelerometer; autoplay; clipboard-write; encrypted-media; gyroscope; picture-in-picture; web-share\" referrerpolicy=\"strict-origin-when-cross-origin\" allowfullscreen><\/iframe><\/div>\n<h3>Gama de aplica\u00e7\u00f5es:<\/h3>\n<table style=\"border-collapse: collapse; width: 546.02pt;\" border=\"0\" width=\"728\" cellspacing=\"0\" cellpadding=\"0\">\n<tbody>\n<tr style=\"height: 13.50pt;\">\n<td style=\"height: 13.50pt; width: 129.00pt;\" width=\"172\" height=\"18\">Madeira<\/td>\n<td style=\"width: 417.00pt;\" width=\"556\">Aparas de madeira, serradura, etc.<\/td>\n<\/tr>\n<tr style=\"height: 13.50pt;\">\n<td style=\"height: 13.50pt;\" height=\"18\">Tecido e couro<\/td>\n<td>Vestu\u00e1rio, trapos, restos de f\u00e1brica, restos de t\u00eaxteis, restos de couro, etc.<\/td>\n<\/tr>\n<tr style=\"height: 13.50pt;\">\n<td style=\"height: 13.50pt;\" height=\"18\">Plantas<\/td>\n<td>Cascas de arroz, luzerna, alimentos para silagem, cascas de sementes de algod\u00e3o, etc.<\/td>\n<\/tr>\n<tr style=\"height: 13.50pt;\">\n<td style=\"height: 13.50pt;\" height=\"18\">Papel<\/td>\n<td>Moeda picada, restos de papel, etc.<\/td>\n<\/tr>\n<tr style=\"height: 13.50pt;\">\n<td style=\"height: 13.50pt;\" height=\"18\">Solo<\/td>\n<td>Terra de turfa, terra de coco, etc.<\/td>\n<\/tr>\n<tr style=\"height: 13.50pt;\">\n<td style=\"height: 13.50pt;\" height=\"18\">Outros<\/td>\n<td>Granulado de borracha, esponja, espuma, l\u00e1tex, etc.<\/td>\n<\/tr>\n<\/tbody>\n<\/table>\n<h3>Par\u00e2metros do modelo:<\/h3>\n<table style=\"border-collapse: collapse; width: 1141px; height: 403px;\" border=\"0\" width=\"1007\" cellspacing=\"0\" cellpadding=\"0\">\n<tbody>\n<tr style=\"height: 13.50pt;\">\n<td class=\"et2\" style=\"height: 13.50pt; width: 204.00pt;\" width=\"272\" height=\"18\">Modelo<\/td>\n<td class=\"et2\" style=\"width: 140.25pt;\" width=\"187\">GBB-H2515<\/td>\n<td class=\"et2\" style=\"width: 135.75pt;\" width=\"181\">GBB-H3323<\/td>\n<td class=\"et2\" style=\"width: 140.25pt;\" width=\"187\">GBB-H4030<\/td>\n<td class=\"et2\" style=\"width: 135.00pt;\" width=\"180\">GBB-H5050<\/td>\n<\/tr>\n<tr style=\"height: 13.50pt;\">\n<td class=\"et2\" style=\"height: 13.50pt;\" height=\"18\">Tamanho da embalagem (L\u00d7A\u00d7h) (mm)<\/td>\n<td class=\"et2\">250\u00d7150\u00d7(600-800)<\/td>\n<td class=\"et2\">330\u00d7230\u00d7(350-600)<\/td>\n<td class=\"et2\">400\u00d7300\u00d7(450-600)<\/td>\n<td class=\"et2\">500\u00d7500\u00d7(550-800)<\/td>\n<\/tr>\n<tr style=\"height: 13.50pt;\">\n<td class=\"et2\" style=\"height: 13.50pt;\" height=\"18\">Press\u00e3o do cilindro principal (T)<\/td>\n<td class=\"et2\">10<\/td>\n<td class=\"et2\">20<\/td>\n<td class=\"et2\">31.5<\/td>\n<td class=\"et2\">63<\/td>\n<\/tr>\n<tr style=\"height: 13.50pt;\">\n<td class=\"et2\" style=\"height: 13.50pt;\" height=\"18\">Press\u00e3o do sub-cilindro (T)<\/td>\n<td class=\"et2\">10<\/td>\n<td class=\"et2\">16<\/td>\n<td class=\"et2\">20<\/td>\n<td class=\"et2\">50<\/td>\n<\/tr>\n<tr style=\"height: 13.50pt;\">\n<td class=\"et2\" style=\"height: 13.50pt;\" height=\"18\">Pot\u00eancia hidr\u00e1ulica (kW)<\/td>\n<td class=\"et2\">5.5<\/td>\n<td class=\"et2\">7.5<\/td>\n<td class=\"et2\">11<\/td>\n<td class=\"et2\">30<\/td>\n<\/tr>\n<tr style=\"height: 13.50pt;\">\n<td class=\"et2\" style=\"height: 13.50pt;\" height=\"18\">Dimens\u00f5es (C\u00d7L\u00d7A) (mm)<\/td>\n<td class=\"et2\">2510\u00d72060\u00d72100<\/td>\n<td class=\"et2\">2660\u00d72360\u00d72100<\/td>\n<td class=\"et2\">2810\u00d72750\u00d72350<\/td>\n<td class=\"et2\">3210\u00d73210\u00d72680<\/td>\n<\/tr>\n<tr style=\"height: 13.50pt;\">\n<td class=\"et2\" style=\"height: 13.50pt;\" height=\"18\">Peso total (kg)<\/td>\n<td class=\"et2\">Cerca de 1300<\/td>\n<td class=\"et2\">Cerca de 1600<\/td>\n<td class=\"et2\">Aproximadamente 2100<\/td>\n<td class=\"et2\">Cerca de 3500<\/td>\n<\/tr>\n<\/tbody>\n<\/table>\n<p>Os modelos acima s\u00e3o modelos universais padr\u00e3o. Se necessitar de outros modelos, contacte o nosso pessoal, e tamb\u00e9m podemos fornecer servi\u00e7os personalizados de acordo com as suas necessidades.<\/p>\n<h3>Destaques t\u00e9cnicos:<\/h3>\n<p>1. Funcionamento simples<br \/>\nArranque em tr\u00eas etapas, conce\u00e7\u00e3o inteligente do controlo do programa PLC por engenheiros para garantir o funcionamento ideal do equipamento.<\/p>\n<p>2. F\u00e1cil ensacamento<br \/>\nConcebida com princ\u00edpios ergon\u00f3micos, facilita as opera\u00e7\u00f5es de ensacamento e reduz a fadiga.<\/p>\n<p>3. Par\u00e2metros ajust\u00e1veis<br \/>\nF\u00e1cil comuta\u00e7\u00e3o entre funcionamento \u00fanico\/cont\u00ednuo; ajuste livre entre as defini\u00e7\u00f5es de press\u00e3o solta\/press\u00e3o apertada.<\/p>\n<p><img fetchpriority=\"high\" decoding=\"async\" class=\"alignnone wp-image-1029\" title=\"M\u00e1quinas de ensacamento e enfardamento\" src=\"https:\/\/www.gigapa.com\/wp-content\/uploads\/2025\/05\/\u6728\u5c51\u5957\u888b\u6253\u5305.jpg\" alt=\"M\u00e1quinas de ensacamento e enfardamento\" width=\"500\" height=\"314\" srcset=\"https:\/\/www.gigapa.com\/wp-content\/uploads\/2025\/05\/\u6728\u5c51\u5957\u888b\u6253\u5305.jpg 1034w, https:\/\/www.gigapa.com\/wp-content\/uploads\/2025\/05\/\u6728\u5c51\u5957\u888b\u6253\u5305-300x188.jpg 300w, https:\/\/www.gigapa.com\/wp-content\/uploads\/2025\/05\/\u6728\u5c51\u5957\u888b\u6253\u5305-1024x643.jpg 1024w, https:\/\/www.gigapa.com\/wp-content\/uploads\/2025\/05\/\u6728\u5c51\u5957\u888b\u6253\u5305-768x482.jpg 768w, https:\/\/www.gigapa.com\/wp-content\/uploads\/2025\/05\/\u6728\u5c51\u5957\u888b\u6253\u5305-600x377.jpg 600w\" sizes=\"(max-width: 500px) 100vw, 500px\" \/> <img decoding=\"async\" class=\"alignnone wp-image-1030\" title=\"M\u00e1quinas de ensacamento e enfardamento\" src=\"https:\/\/www.gigapa.com\/wp-content\/uploads\/2025\/05\/\u6ce1\u6cab\u5957\u888b\u6253\u5305.jpg\" alt=\"M\u00e1quinas de ensacamento e enfardamento\" width=\"500\" height=\"314\" srcset=\"https:\/\/www.gigapa.com\/wp-content\/uploads\/2025\/05\/\u6ce1\u6cab\u5957\u888b\u6253\u5305.jpg 1034w, https:\/\/www.gigapa.com\/wp-content\/uploads\/2025\/05\/\u6ce1\u6cab\u5957\u888b\u6253\u5305-300x188.jpg 300w, https:\/\/www.gigapa.com\/wp-content\/uploads\/2025\/05\/\u6ce1\u6cab\u5957\u888b\u6253\u5305-1024x643.jpg 1024w, https:\/\/www.gigapa.com\/wp-content\/uploads\/2025\/05\/\u6ce1\u6cab\u5957\u888b\u6253\u5305-768x482.jpg 768w, https:\/\/www.gigapa.com\/wp-content\/uploads\/2025\/05\/\u6ce1\u6cab\u5957\u888b\u6253\u5305-600x377.jpg 600w\" sizes=\"(max-width: 500px) 100vw, 500px\" \/><\/p>\n<p><img decoding=\"async\" class=\"alignnone wp-image-1031\" title=\"M\u00e1quinas de ensacamento e enfardamento\" src=\"https:\/\/www.gigapa.com\/wp-content\/uploads\/2025\/05\/\u788e\u5e03\u5957\u888b\u6253\u5305.jpg\" alt=\"M\u00e1quinas de ensacamento e enfardamento\" width=\"500\" height=\"314\" srcset=\"https:\/\/www.gigapa.com\/wp-content\/uploads\/2025\/05\/\u788e\u5e03\u5957\u888b\u6253\u5305.jpg 1034w, https:\/\/www.gigapa.com\/wp-content\/uploads\/2025\/05\/\u788e\u5e03\u5957\u888b\u6253\u5305-300x188.jpg 300w, https:\/\/www.gigapa.com\/wp-content\/uploads\/2025\/05\/\u788e\u5e03\u5957\u888b\u6253\u5305-1024x643.jpg 1024w, https:\/\/www.gigapa.com\/wp-content\/uploads\/2025\/05\/\u788e\u5e03\u5957\u888b\u6253\u5305-768x482.jpg 768w, https:\/\/www.gigapa.com\/wp-content\/uploads\/2025\/05\/\u788e\u5e03\u5957\u888b\u6253\u5305-600x377.jpg 600w\" sizes=\"(max-width: 500px) 100vw, 500px\" \/> <img loading=\"lazy\" decoding=\"async\" class=\"alignnone wp-image-1032\" title=\"M\u00e1quinas de ensacamento e enfardamento\" src=\"https:\/\/www.gigapa.com\/wp-content\/uploads\/2025\/05\/\u5957\u888b\u673a\u5228\u82b1\u673a\u6253\u53052.jpg\" alt=\"M\u00e1quinas de ensacamento e enfardamento\" width=\"500\" height=\"314\" srcset=\"https:\/\/www.gigapa.com\/wp-content\/uploads\/2025\/05\/\u5957\u888b\u673a\u5228\u82b1\u673a\u6253\u53052.jpg 1034w, https:\/\/www.gigapa.com\/wp-content\/uploads\/2025\/05\/\u5957\u888b\u673a\u5228\u82b1\u673a\u6253\u53052-300x188.jpg 300w, https:\/\/www.gigapa.com\/wp-content\/uploads\/2025\/05\/\u5957\u888b\u673a\u5228\u82b1\u673a\u6253\u53052-1024x643.jpg 1024w, https:\/\/www.gigapa.com\/wp-content\/uploads\/2025\/05\/\u5957\u888b\u673a\u5228\u82b1\u673a\u6253\u53052-768x482.jpg 768w, https:\/\/www.gigapa.com\/wp-content\/uploads\/2025\/05\/\u5957\u888b\u673a\u5228\u82b1\u673a\u6253\u53052-600x377.jpg 600w\" sizes=\"(max-width: 500px) 100vw, 500px\" \/><\/p>\n<h3>FAQ<\/h3>\n<p>1. Que materiais podem ser processados?<br \/>\nOs materiais mais comuns incluem aparas de madeira, res\u00edduos agr\u00edcolas, pl\u00e1stico, papel, t\u00eaxteis e outros materiais soltos ou volumosos.<\/p>\n<p>2. A m\u00e1quina de ensacar e enfardar pode ser utilizada numa linha de produ\u00e7\u00e3o?<br \/>\nSim! Quando integrada com outras m\u00e1quinas, como um triturador, um crivo ou um transportador, a m\u00e1quina de ensacar e enfardar pode formar uma linha completa de produ\u00e7\u00e3o e embalagem. Isto \u00e9 especialmente ben\u00e9fico para ind\u00fastrias como a produ\u00e7\u00e3o de aparas de madeira, onde a automatiza\u00e7\u00e3o e a efici\u00eancia s\u00e3o cruciais.<\/p>\n<p>3. Quais s\u00e3o as vantagens de armazenamento da utiliza\u00e7\u00e3o de sacos de pl\u00e1stico PE?<br \/>\nA utiliza\u00e7\u00e3o de sacos de pl\u00e1stico PE, especialmente em conjunto com a embalagem a v\u00e1cuo, reduz significativamente o risco de humidade e bolor durante o transporte e armazenamento de materiais. Isto \u00e9 particularmente importante para as ind\u00fastrias que lidam com materiais sens\u00edveis que requerem condi\u00e7\u00f5es secas.<\/p>\n<p>4. A m\u00e1quina de ensacamento e enfardamento pode ser personalizada?<br \/>\nSim, a m\u00e1quina pode ser personalizada para satisfazer os requisitos espec\u00edficos dos seus materiais e do seu processo de produ\u00e7\u00e3o. As personaliza\u00e7\u00f5es podem incluir o tamanho da c\u00e2mara de compress\u00e3o, as dimens\u00f5es do saco e a integra\u00e7\u00e3o com outros equipamentos, como picadores e sistemas de transporte.<\/p>\n<p>5. O funcionamento do equipamento \u00e9 complexo?<br \/>\nO nosso equipamento possui um sistema de controlo automatizado com uma interface de utilizador simples e f\u00e1cil de compreender, permitindo que os operadores operem geralmente o equipamento com um m\u00ednimo de forma\u00e7\u00e3o.<\/p>\n<p>6. O equipamento \u00e9 seguro durante o funcionamento?<br \/>\nO equipamento est\u00e1 equipado com v\u00e1rias carater\u00edsticas de seguran\u00e7a, incluindo a paragem autom\u00e1tica e a prote\u00e7\u00e3o contra sobrecargas, para garantir um funcionamento seguro.<\/p>\n<p>7. Qual \u00e9 o pre\u00e7o do produto?<br \/>\nOs pre\u00e7os dos nossos produtos variam consoante as especifica\u00e7\u00f5es e as configura\u00e7\u00f5es. Os pre\u00e7os espec\u00edficos podem ser obtidos contactando a nossa equipa de vendas.<\/p>\n<p>8. Qual \u00e9 o prazo de entrega do produto?<br \/>\nO prazo de entrega do equipamento standard \u00e9 de quatro semanas. O prazo de entrega do equipamento personalizado varia consoante os requisitos espec\u00edficos.<\/p>\n<h3>Princ\u00edpio de funcionamento<\/h3>\n<p>A m\u00e1quina de enfardar com ensacamento hidr\u00e1ulico permite a compress\u00e3o eficiente e a embalagem padronizada de materiais soltos atrav\u00e9s de um sistema hidr\u00e1ulico inteligente e de um design modular. O seu processo t\u00e9cnico pode ser dividido em quatro fases principais:<\/p>\n<p><strong>1. Fase de compress\u00e3o multidirecional<\/strong><br \/>\nSistema de pr\u00e9-compress\u00e3o tridimensional<br \/>\nO cilindro hidr\u00e1ulico principal (gama de press\u00e3o 20-50MPa) acciona a cabe\u00e7a de press\u00e3o para realizar uma compress\u00e3o c\u00edclica multidirecional na c\u00e2mara de compress\u00e3o (normalmente 3-5 vezes) e, alternando a dire\u00e7\u00e3o de aplica\u00e7\u00e3o da for\u00e7a, os materiais soltos, tais como aparas de madeira e fibras, podem atingir uma densidade uniforme (300-800kg\/m\u00b3 ajust\u00e1vel).<\/p>\n<p>Controlo inteligente da press\u00e3o<br \/>\nO sistema PLC monitoriza a press\u00e3o do \u00f3leo e os dados do sensor de deslocamento em tempo real, ajusta dinamicamente o n\u00famero de compress\u00f5es e o tempo de espera (5-30 segundos) e assegura que os materiais com diferentes teores de humidade (15%-45%) podem formar blocos est\u00e1veis.<\/p>\n<p><strong>2. Fase de forma\u00e7\u00e3o e ensacamento<\/strong><br \/>\nForma\u00e7\u00e3o de moldes rectangulares<br \/>\nO material comprimido \u00e9 empurrado para o molde de sa\u00edda retangular padr\u00e3o (tamanho comum 600\u00d7400\u00d7300mm). O design modular permite a r\u00e1pida substitui\u00e7\u00e3o do molde para atender a diferentes especifica\u00e7\u00f5es.<\/p>\n<p>Dispositivo de ensacamento autom\u00e1tico<br \/>\nO sensor fotoel\u00e9trico acciona o mecanismo de ensacamento autom\u00e1tico do saco PE (interface de exaust\u00e3o de v\u00e1cuo opcional) e coopera com o dispositivo de selagem a quente para completar a selagem do saco. O n\u00edvel de prote\u00e7\u00e3o contra a humidade pode atingir IP65 (quando combinado com a embalagem a v\u00e1cuo).<\/p>\n<p><strong>3. Controlo integrado<\/strong><br \/>\nSistema de medi\u00e7\u00e3o preciso<br \/>\nAo trabalhar em conjunto com o transportador de pesagem, o peso de cada pacote \u00e9 controlado por uma c\u00e9lula de carga de alta precis\u00e3o (erro \u00b10,5kg), e o bloqueio do valor predefinido dentro do intervalo de 25-1000kg \u00e9 suportado.<\/p>\n<p>Colabora\u00e7\u00e3o na linha de produ\u00e7\u00e3o<br \/>\nAo formar uma linha de produ\u00e7\u00e3o inteligente com um triturador e uma m\u00e1quina de crivagem, a sincroniza\u00e7\u00e3o da velocidade \u00e9 conseguida atrav\u00e9s de um bus industrial (como o PROFINET), e a capacidade de processamento pode atingir 5-20 toneladas\/hora.<\/p>\n<p><strong>4. Conce\u00e7\u00e3o de aplica\u00e7\u00f5es especiais<\/strong><br \/>\nSolu\u00e7\u00e3o \u00e0 prova de humidade e anti-corros\u00e3o<br \/>\nUse sacos PE compostos de v\u00e1rias camadas (espessura 0,15-0,3 mm opcional) + grupo de bomba de v\u00e1cuo (opcional) para fazer a umidade interna da embalagem \u226410%, adequado para ambientes \u00famidos, como transporte mar\u00edtimo.<\/p>\n<p>Carater\u00edsticas de seguran\u00e7a e estabilidade<br \/>\nEquipado com uma v\u00e1lvula de prote\u00e7\u00e3o contra sobrecarga e um bot\u00e3o de retorno de emerg\u00eancia, liberta automaticamente a press\u00e3o quando sobrecarregado por 160%, e o ru\u00eddo do equipamento \u00e9 controlado abaixo de 75dB(A) (com uma cobertura \u00e0 prova de som).<\/p>","protected":false},"excerpt":{"rendered":"<p>As m\u00e1quinas de ensacamento e enfardamento s\u00e3o utilizadas principalmente para materiais volumosos e soltos que precisam de ser enfardados para manter a sua forma ap\u00f3s a compress\u00e3o, tais como res\u00edduos de papel, garrafas de bebidas, pel\u00edculas, sacos de tecido, res\u00edduos de tecido, palha, etc. Os produtos incluem vertical, horizontal, totalmente autom\u00e1tico, semi-autom\u00e1tico, etc.<\/p>","protected":false},"featured_media":573,"template":"","meta":{"site-sidebar-layout":"default","site-content-layout":"","ast-site-content-layout":"default","site-content-style":"default","site-sidebar-style":"default","ast-global-header-display":"","ast-banner-title-visibility":"","ast-main-header-display":"","ast-hfb-above-header-display":"","ast-hfb-below-header-display":"","ast-hfb-mobile-header-display":"","site-post-title":"","ast-breadcrumbs-content":"","ast-featured-img":"","footer-sml-layout":"","ast-disable-related-posts":"","theme-transparent-header-meta":"default","adv-header-id-meta":"","stick-header-meta":"","header-above-stick-meta":"","header-main-stick-meta":"","header-below-stick-meta":"","astra-migrate-meta-layouts":"set","ast-page-background-enabled":"default","ast-page-background-meta":{"desktop":{"background-color":"var(--ast-global-color-5)","background-image":"","background-repeat":"repeat","background-position":"center center","background-size":"auto","background-attachment":"scroll","background-type":"","background-media":"","overlay-type":"","overlay-color":"","overlay-opacity":"","overlay-gradient":""},"tablet":{"background-color":"","background-image":"","background-repeat":"repeat","background-position":"center center","background-size":"auto","background-attachment":"scroll","background-type":"","background-media":"","overlay-type":"","overlay-color":"","overlay-opacity":"","overlay-gradient":""},"mobile":{"background-color":"","background-image":"","background-repeat":"repeat","background-position":"center center","background-size":"auto","background-attachment":"scroll","background-type":"","background-media":"","overlay-type":"","overlay-color":"","overlay-opacity":"","overlay-gradient":""}},"ast-content-background-meta":{"desktop":{"background-color":"var(--ast-global-color-4)","background-image":"","background-repeat":"repeat","background-position":"center center","background-size":"auto","background-attachment":"scroll","background-type":"","background-media":"","overlay-type":"","overlay-color":"","overlay-opacity":"","overlay-gradient":""},"tablet":{"background-color":"var(--ast-global-color-4)","background-image":"","background-repeat":"repeat","background-position":"center center","background-size":"auto","background-attachment":"scroll","background-type":"","background-media":"","overlay-type":"","overlay-color":"","overlay-opacity":"","overlay-gradient":""},"mobile":{"background-color":"var(--ast-global-color-4)","background-image":"","background-repeat":"repeat","background-position":"center center","background-size":"auto","background-attachment":"scroll","background-type":"","background-media":"","overlay-type":"","overlay-color":"","overlay-opacity":"","overlay-gradient":""}}},"product_brand":[],"product_cat":[21,154],"product_tag":[130,89,88,91,90,128,129,92],"class_list":{"0":"post-860","1":"product","2":"type-product","3":"status-publish","4":"has-post-thumbnail","6":"product_cat-baling-machine","7":"product_cat-bagging-baler","8":"product_tag-alfalfa-baler","9":"product_tag-bagging-baling-machine-manufacturer","10":"product_tag-china-wood-shaving-baler","11":"product_tag-hydraulic-bagging-baling-machine","12":"product_tag-rag-bagging-baler-machine","13":"product_tag-silage-bagging-baler","14":"product_tag-straw-baler","15":"product_tag-waste-foam-bagging-baler","16":"desktop-align-left","17":"tablet-align-left","18":"mobile-align-left","20":"first","21":"instock","22":"featured","23":"shipping-taxable","24":"product-type-simple"},"_links":{"self":[{"href":"https:\/\/www.gigapa.com\/pt\/wp-json\/wp\/v2\/product\/860","targetHints":{"allow":["GET"]}}],"collection":[{"href":"https:\/\/www.gigapa.com\/pt\/wp-json\/wp\/v2\/product"}],"about":[{"href":"https:\/\/www.gigapa.com\/pt\/wp-json\/wp\/v2\/types\/product"}],"version-history":[{"count":10,"href":"https:\/\/www.gigapa.com\/pt\/wp-json\/wp\/v2\/product\/860\/revisions"}],"predecessor-version":[{"id":2658,"href":"https:\/\/www.gigapa.com\/pt\/wp-json\/wp\/v2\/product\/860\/revisions\/2658"}],"wp:featuredmedia":[{"embeddable":true,"href":"https:\/\/www.gigapa.com\/pt\/wp-json\/wp\/v2\/media\/573"}],"wp:attachment":[{"href":"https:\/\/www.gigapa.com\/pt\/wp-json\/wp\/v2\/media?parent=860"}],"wp:term":[{"taxonomy":"product_brand","embeddable":true,"href":"https:\/\/www.gigapa.com\/pt\/wp-json\/wp\/v2\/product_brand?post=860"},{"taxonomy":"product_cat","embeddable":true,"href":"https:\/\/www.gigapa.com\/pt\/wp-json\/wp\/v2\/product_cat?post=860"},{"taxonomy":"product_tag","embeddable":true,"href":"https:\/\/www.gigapa.com\/pt\/wp-json\/wp\/v2\/product_tag?post=860"}],"curies":[{"name":"wp","href":"https:\/\/api.w.org\/{rel}","templated":true}]}}