{"id":862,"date":"2025-05-06T16:41:20","date_gmt":"2025-05-06T08:41:20","guid":{"rendered":"https:\/\/gigapa.com\/?post_type=product&#038;p=862"},"modified":"2025-10-13T09:20:56","modified_gmt":"2025-10-13T01:20:56","slug":"maquinas-de-enfardamento-continuo-de-metais","status":"publish","type":"product","link":"https:\/\/www.gigapa.com\/pt\/produto\/maquinas-de-enfardamento-continuo-de-metais\/","title":{"rendered":"GFB-C M\u00e1quinas de enfardar metais em cont\u00ednuo"},"content":{"rendered":"<h3>Introdu\u00e7\u00e3o do equipamento:<\/h3>\n<p>As m\u00e1quinas de enfardamento cont\u00ednuo de metal tamb\u00e9m s\u00e3o conhecidas como prensas de briquetagem do tipo tremonha, utilizadas principalmente para comprimir sucata met\u00e1lica em blocos. Podem expelir algum l\u00edquido, aumentar a densidade aparente, facilitar o empilhamento e reciclar. S\u00e3o particularmente adequadas para materiais com uma densidade aparente original elevada. Ao utilizar uma tremonha para armazenamento de material, permitem uma alimenta\u00e7\u00e3o e compress\u00e3o cont\u00ednuas, reduzindo o tempo de paragem para carregamento e aumentando a efici\u00eancia da produ\u00e7\u00e3o. Quando combinados com transportadores, podem ser facilmente integrados no equipamento de produ\u00e7\u00e3o existente para formar uma linha de processamento automatizada. Por conseguinte, s\u00e3o amplamente utilizados em situa\u00e7\u00f5es em que os materiais s\u00e3o dif\u00edceis de comprimir, em que \u00e9 necess\u00e1rio um elevado grau de automatiza\u00e7\u00e3o e em que \u00e9 necess\u00e1rio formar uma linha de produ\u00e7\u00e3o com outro equipamento.<\/p>\n<div class=\"ast-oembed-container\" style=\"height: 100%;\"><iframe title=\"Enfardadeira de metal autom\u00e1tica que comprime latas de alum\u00ednio #metalbaler\" width=\"500\" height=\"281\" src=\"https:\/\/www.youtube.com\/embed\/yoVsOgq1rH8?feature=oembed\" frameborder=\"0\" allow=\"accelerometer; autoplay; clipboard-write; encrypted-media; gyroscope; picture-in-picture; web-share\" referrerpolicy=\"strict-origin-when-cross-origin\" allowfullscreen><\/iframe><\/div>\n<h3>Gama de aplica\u00e7\u00f5es:<\/h3>\n<table style=\"border-collapse: collapse; width: 1354px; height: 397px;\" border=\"0\" width=\"1470\" cellspacing=\"0\" cellpadding=\"0\">\n<tbody>\n<tr style=\"height: 13.50pt;\">\n<td style=\"height: 13.50pt; width: 177.00pt;\" width=\"236\" height=\"18\">Sucatas met\u00e1licas em geral<\/td>\n<td style=\"width: 925.50pt;\" width=\"1234\">Latas de alum\u00ednio, sucata de a\u00e7o, sucata de ferro, res\u00edduos de alum\u00ednio, res\u00edduos de cobre, res\u00edduos de telhas de a\u00e7o revestidas a cores, res\u00edduos de vergalh\u00f5es de constru\u00e7\u00e3o, res\u00edduos de perfis de alum\u00ednio<\/td>\n<\/tr>\n<tr style=\"height: 13.50pt;\">\n<td style=\"height: 13.50pt;\" height=\"18\">Granulados de metais ferrosos<\/td>\n<td>Aparas de a\u00e7o inoxid\u00e1vel granulado, aparas de a\u00e7o granulado, aparas de ferro granulado, aparas de estampagem<\/td>\n<\/tr>\n<tr style=\"height: 13.50pt;\">\n<td style=\"height: 13.50pt;\" height=\"18\">Granulados de metais n\u00e3o ferrosos<\/td>\n<td>Lascas de alum\u00ednio granulado, lascas de tit\u00e2nio granulado<\/td>\n<\/tr>\n<tr style=\"height: 13.50pt;\">\n<td style=\"height: 13.50pt;\" height=\"18\">Res\u00edduos met\u00e1licos estruturais<\/td>\n<td>Carro\u00e7arias de autom\u00f3veis desmontadas, inv\u00f3lucros de electrodom\u00e9sticos, inv\u00f3lucros de caixas de computadores; folha de alum\u00ednio separada de pe\u00e7as de el\u00e9ctrodos de baterias de l\u00edtio<\/td>\n<\/tr>\n<tr style=\"height: 13.50pt;\">\n<td style=\"height: 13.50pt;\" height=\"18\">Subprodutos do fabrico<\/td>\n<td>Aparas granuladas provenientes da produ\u00e7\u00e3o de chapas afinadas, chapas grossas de alum\u00ednio\/desperd\u00edcios de alum\u00ednio provenientes de maquina\u00e7\u00e3o em bruto<\/td>\n<\/tr>\n<tr style=\"height: 13.50pt;\">\n<td style=\"height: 13.50pt;\" height=\"18\">Res\u00edduos met\u00e1licos diversos<\/td>\n<td>Sucatas de chapas de a\u00e7o sil\u00edcio, filtros de \u00f3leo, tambores de \u00f3leo, latas de tinta, sucatas de produtos de folha de alum\u00ednio<\/td>\n<\/tr>\n<tr style=\"height: 13.50pt;\">\n<td style=\"height: 13.50pt;\" height=\"18\">Ind\u00fastrias de aplica\u00e7\u00e3o<\/td>\n<td>Reciclagem de metais, fabrico de autom\u00f3veis, ind\u00fastria aeroespacial, regenera\u00e7\u00e3o de recursos, fundi\u00e7\u00e3o de metais, outras ind\u00fastrias<\/td>\n<\/tr>\n<\/tbody>\n<\/table>\n<h3>Par\u00e2metros do modelo:<\/h3>\n<table style=\"border-collapse: collapse; width: 708.77pt;\" border=\"0\" width=\"945\" cellspacing=\"0\" cellpadding=\"0\">\n<tbody>\n<tr style=\"height: 13.50pt;\">\n<td class=\"et2\" style=\"height: 13.50pt; width: 177.00pt;\" width=\"236\" height=\"18\">Modelo<\/td>\n<td class=\"et2\" style=\"width: 120.75pt;\" width=\"161\">GFB-C2510<\/td>\n<td class=\"et2\" style=\"width: 135.75pt;\" width=\"181\">GFB-C3016<\/td>\n<td class=\"et2\" style=\"width: 140.25pt;\" width=\"187\">GFB-C3520<\/td>\n<td class=\"et2\" style=\"width: 135.00pt;\" width=\"180\">GFB-C4020<\/td>\n<\/tr>\n<tr style=\"height: 13.50pt;\">\n<td class=\"et2\" style=\"height: 13.50pt;\" height=\"18\">Tamanho da embalagem (L\u00d7A) (mm)<\/td>\n<td class=\"et2\">250\u00d7250<\/td>\n<td class=\"et2\">300\u00d7300<\/td>\n<td class=\"et2\">350\u00d7350<\/td>\n<td class=\"et2\">400\u00d7400<\/td>\n<\/tr>\n<tr style=\"height: 13.50pt;\">\n<td class=\"et2\" style=\"height: 13.50pt;\" height=\"18\">Press\u00e3o do cilindro principal (T)<\/td>\n<td class=\"et2\">100<\/td>\n<td class=\"et2\">160<\/td>\n<td class=\"et2\">200<\/td>\n<td class=\"et2\">250<\/td>\n<\/tr>\n<tr style=\"height: 13.50pt;\">\n<td class=\"et2\" style=\"height: 13.50pt;\" height=\"18\">Press\u00e3o do subcilindro (T)<\/td>\n<td class=\"et2\">50\u00d72<\/td>\n<td class=\"et2\">80\u00d72<\/td>\n<td class=\"et2\">100\u00d72<\/td>\n<td class=\"et2\">125\u00d72<\/td>\n<\/tr>\n<tr style=\"height: 13.50pt;\">\n<td class=\"et2\" style=\"height: 13.50pt;\" height=\"18\">Pot\u00eancia hidr\u00e1ulica (kW)<\/td>\n<td class=\"et2\">22<\/td>\n<td class=\"et2\">45<\/td>\n<td class=\"et2\">30\u00d72<\/td>\n<td class=\"et2\">45\u00d72<\/td>\n<\/tr>\n<tr style=\"height: 13.50pt;\">\n<td class=\"et2\" style=\"height: 13.50pt;\" height=\"18\">Tamanho do hospedeiro (C\u00d7L\u00d7A) (mm)<\/td>\n<td class=\"et2\">3150\u00d73300\u00d72150<\/td>\n<td class=\"et2\">3530\u00d73700\u00d72150<\/td>\n<td class=\"et2\">3950\u00d74130\u00d72450<\/td>\n<td class=\"et2\">4500\u00d74600\u00d72450<\/td>\n<\/tr>\n<tr style=\"height: 13.50pt;\">\n<td class=\"et2\" style=\"height: 13.50pt;\" height=\"18\">Peso total (kg)<\/td>\n<td class=\"et2\">Aprox. 6300<\/td>\n<td class=\"et2\">Aprox. 7500<\/td>\n<td class=\"et2\">Aprox. 9000<\/td>\n<td class=\"et2\">Aprox. 11100<\/td>\n<\/tr>\n<\/tbody>\n<\/table>\n<p>Os modelos acima s\u00e3o modelos universais padr\u00e3o. Se necessitar de outros modelos, contacte o nosso pessoal, e tamb\u00e9m podemos fornecer servi\u00e7os personalizados de acordo com as suas necessidades.<\/p>\n<h3>Destaques t\u00e9cnicos:<\/h3>\n<p>1. For\u00e7a infinita<br \/>\nUtilizando uma compress\u00e3o de cilindro de dupla face para aumentar a press\u00e3o de compress\u00e3o e melhorar o efeito de compress\u00e3o.<\/p>\n<p>2. Canal de l\u00edquidos residuais<br \/>\nOs canais exclusivos para l\u00edquidos e detritos garantem uma superf\u00edcie de solo limpa e arrumada.<\/p>\n<p>3. Controlo inteligente<br \/>\nOs engenheiros criaram um programa PLC inteligente que consegue facilmente uma integra\u00e7\u00e3o perfeita com outros equipamentos.<\/p>\n<p><img fetchpriority=\"high\" decoding=\"async\" class=\"alignnone wp-image-1039\" title=\"M\u00e1quinas de enfardar metais em cont\u00ednuo\" src=\"https:\/\/www.gigapa.com\/wp-content\/uploads\/2025\/05\/\u5e9f\u94a2\u7b4b\u4e00\u4f53\u6210\u578b.jpg\" alt=\"M\u00e1quinas de enfardar metais em cont\u00ednuo\" width=\"500\" height=\"314\" srcset=\"https:\/\/www.gigapa.com\/wp-content\/uploads\/2025\/05\/\u5e9f\u94a2\u7b4b\u4e00\u4f53\u6210\u578b.jpg 1034w, https:\/\/www.gigapa.com\/wp-content\/uploads\/2025\/05\/\u5e9f\u94a2\u7b4b\u4e00\u4f53\u6210\u578b-300x188.jpg 300w, https:\/\/www.gigapa.com\/wp-content\/uploads\/2025\/05\/\u5e9f\u94a2\u7b4b\u4e00\u4f53\u6210\u578b-1024x643.jpg 1024w, https:\/\/www.gigapa.com\/wp-content\/uploads\/2025\/05\/\u5e9f\u94a2\u7b4b\u4e00\u4f53\u6210\u578b-768x482.jpg 768w, https:\/\/www.gigapa.com\/wp-content\/uploads\/2025\/05\/\u5e9f\u94a2\u7b4b\u4e00\u4f53\u6210\u578b-600x377.jpg 600w\" sizes=\"(max-width: 500px) 100vw, 500px\" \/> <img decoding=\"async\" class=\"alignnone wp-image-1040\" title=\"M\u00e1quinas de enfardar metais em cont\u00ednuo\" src=\"https:\/\/www.gigapa.com\/wp-content\/uploads\/2025\/05\/\u5e9f\u94dd\u5c51\u4e00\u4f53\u6210\u578b.jpg\" alt=\"M\u00e1quinas de enfardar metais em cont\u00ednuo\" width=\"500\" height=\"314\" srcset=\"https:\/\/www.gigapa.com\/wp-content\/uploads\/2025\/05\/\u5e9f\u94dd\u5c51\u4e00\u4f53\u6210\u578b.jpg 1034w, https:\/\/www.gigapa.com\/wp-content\/uploads\/2025\/05\/\u5e9f\u94dd\u5c51\u4e00\u4f53\u6210\u578b-300x188.jpg 300w, https:\/\/www.gigapa.com\/wp-content\/uploads\/2025\/05\/\u5e9f\u94dd\u5c51\u4e00\u4f53\u6210\u578b-1024x643.jpg 1024w, https:\/\/www.gigapa.com\/wp-content\/uploads\/2025\/05\/\u5e9f\u94dd\u5c51\u4e00\u4f53\u6210\u578b-768x482.jpg 768w, https:\/\/www.gigapa.com\/wp-content\/uploads\/2025\/05\/\u5e9f\u94dd\u5c51\u4e00\u4f53\u6210\u578b-600x377.jpg 600w\" sizes=\"(max-width: 500px) 100vw, 500px\" \/><\/p>\n<p><img decoding=\"async\" class=\"alignnone wp-image-1041\" title=\"M\u00e1quinas de enfardar metais em cont\u00ednuo\" src=\"https:\/\/www.gigapa.com\/wp-content\/uploads\/2025\/05\/\u5e9f\u94dc\u7ebf.png\" alt=\"M\u00e1quinas de enfardar metais em cont\u00ednuo\" width=\"500\" height=\"314\" srcset=\"https:\/\/www.gigapa.com\/wp-content\/uploads\/2025\/05\/\u5e9f\u94dc\u7ebf.png 1034w, https:\/\/www.gigapa.com\/wp-content\/uploads\/2025\/05\/\u5e9f\u94dc\u7ebf-300x188.png 300w, https:\/\/www.gigapa.com\/wp-content\/uploads\/2025\/05\/\u5e9f\u94dc\u7ebf-1024x643.png 1024w, https:\/\/www.gigapa.com\/wp-content\/uploads\/2025\/05\/\u5e9f\u94dc\u7ebf-768x482.png 768w, https:\/\/www.gigapa.com\/wp-content\/uploads\/2025\/05\/\u5e9f\u94dc\u7ebf-600x377.png 600w\" sizes=\"(max-width: 500px) 100vw, 500px\" \/> <img loading=\"lazy\" decoding=\"async\" class=\"alignnone wp-image-1042\" title=\"M\u00e1quinas de enfardar metais em cont\u00ednuo\" src=\"https:\/\/www.gigapa.com\/wp-content\/uploads\/2025\/05\/\u6613\u62c9\u7f502.jpg\" alt=\"M\u00e1quinas de enfardar metais em cont\u00ednuo\" width=\"500\" height=\"314\" srcset=\"https:\/\/www.gigapa.com\/wp-content\/uploads\/2025\/05\/\u6613\u62c9\u7f502.jpg 1034w, https:\/\/www.gigapa.com\/wp-content\/uploads\/2025\/05\/\u6613\u62c9\u7f502-300x188.jpg 300w, https:\/\/www.gigapa.com\/wp-content\/uploads\/2025\/05\/\u6613\u62c9\u7f502-1024x643.jpg 1024w, https:\/\/www.gigapa.com\/wp-content\/uploads\/2025\/05\/\u6613\u62c9\u7f502-768x482.jpg 768w, https:\/\/www.gigapa.com\/wp-content\/uploads\/2025\/05\/\u6613\u62c9\u7f502-600x377.jpg 600w\" sizes=\"(max-width: 500px) 100vw, 500px\" \/><\/p>\n<h3>Princ\u00edpio de funcionamento<\/h3>\n<p data-start=\"548\" data-end=\"586\">1. <strong data-start=\"556\" data-end=\"586\">Carregamento atrav\u00e9s da tremonha<\/strong><\/p>\n<p data-start=\"590\" data-end=\"919\">A sucata met\u00e1lica \u00e9 primeiro carregada na tremonha da m\u00e1quina, manualmente ou atrav\u00e9s de uma correia transportadora. A tremonha proporciona um espa\u00e7o de armazenamento para a sucata met\u00e1lica e assegura que a sucata entra na c\u00e2mara de compress\u00e3o de forma homog\u00e9nea. O tamanho da tremonha pode variar consoante o modelo, determinando a quantidade de sucata met\u00e1lica que pode conter de cada vez.<\/p>\n<p data-start=\"921\" data-end=\"952\">2. <strong data-start=\"929\" data-end=\"952\">Processo de compress\u00e3o<\/strong><\/p>\n<ul>\n<li data-start=\"958\" data-end=\"1241\"><strong data-start=\"958\" data-end=\"981\">C\u00e2mara de compress\u00e3o<\/strong>: Assim que a sucata met\u00e1lica entra na c\u00e2mara de compress\u00e3o, o sistema hidr\u00e1ulico \u00e9 ativado para empurrar um pist\u00e3o que comprime o material at\u00e9 formar um bloco compacto. A for\u00e7a de compress\u00e3o \u00e9 aplicada atrav\u00e9s de um cilindro hidr\u00e1ulico para comprimir a sucata num bloco denso.<\/li>\n<li data-start=\"1247\" data-end=\"1583\"><strong data-start=\"1247\" data-end=\"1267\">Sistema hidr\u00e1ulico<\/strong>: O sistema hidr\u00e1ulico \u00e9 o n\u00facleo do processo de compress\u00e3o. O \u00f3leo hidr\u00e1ulico de alta press\u00e3o acciona o pist\u00e3o, que for\u00e7a a sucata met\u00e1lica a compactar-se num bloco bem compactado. Durante este processo, a sucata \u00e9 comprimida at\u00e9 atingir uma densidade elevada, resultando normalmente em blocos de forma retangular ou cil\u00edndrica.<\/li>\n<li data-start=\"1589\" data-end=\"1822\"><strong data-start=\"1589\" data-end=\"1610\">Controlo autom\u00e1tico<\/strong>: A maioria das enfardadeiras cont\u00ednuas de metal est\u00e1 equipada com um sistema de controlo autom\u00e1tico. O sistema controla a for\u00e7a de compress\u00e3o e o tempo com base no tamanho do fardo definido, garantindo a consist\u00eancia da densidade e do tamanho de cada fardo.<\/li>\n<\/ul>\n<p data-start=\"1824\" data-end=\"1855\">3. <strong data-start=\"1832\" data-end=\"1855\">Enfardamento e eje\u00e7\u00e3o<\/strong><\/p>\n<p data-start=\"1859\" data-end=\"2127\">Depois de a sucata met\u00e1lica ter sido comprimida at\u00e9 ao volume e densidade desejados, a m\u00e1quina ativa o sistema de amarra\u00e7\u00e3o. O sistema de amarra\u00e7\u00e3o utiliza normalmente arame de a\u00e7o ou cintas de pl\u00e1stico para dar forma ao bloco comprimido. Depois de atado, o fardo \u00e9 ejectado da m\u00e1quina.<\/p>\n<ul>\n<li data-start=\"2134\" data-end=\"2302\"><strong data-start=\"2134\" data-end=\"2150\">Sistema de amarra\u00e7\u00e3o<\/strong>: Um bra\u00e7o mec\u00e2nico ou hidr\u00e1ulico utiliza arame de a\u00e7o ou cintas de pl\u00e1stico para fixar o fardo, garantindo que este se mant\u00e9m intacto durante o transporte e a armazenagem.<\/li>\n<li data-start=\"2308\" data-end=\"2500\"><strong data-start=\"2308\" data-end=\"2327\">Sistema de eje\u00e7\u00e3o<\/strong>: Depois de atado, o fardo \u00e9 automaticamente empurrado para fora da m\u00e1quina atrav\u00e9s de um sistema de eje\u00e7\u00e3o hidr\u00e1ulico ou mec\u00e2nico, pronto para ser processado, transportado ou vendido.<\/li>\n<\/ul>\n<p data-start=\"2502\" data-end=\"2549\">4. <strong data-start=\"2510\" data-end=\"2549\">Funcionamento cont\u00ednuo e automatiza\u00e7\u00e3o<\/strong><\/p>\n<p data-start=\"2553\" data-end=\"2823\">A natureza \"cont\u00ednua\" da enfardadeira de metal cont\u00ednua permite-lhe funcionar sem interrup\u00e7\u00f5es. Com um sistema de controlo automatizado, a m\u00e1quina pode executar continuamente as fun\u00e7\u00f5es de carregamento, compress\u00e3o, amarra\u00e7\u00e3o e eje\u00e7\u00e3o, aumentando consideravelmente a efici\u00eancia da produ\u00e7\u00e3o.<\/p>\n<h3 data-start=\"2825\" data-end=\"2844\">Componentes principais<\/h3>\n<ol>\n<li data-start=\"2848\" data-end=\"2967\"><strong data-start=\"2848\" data-end=\"2868\">Sistema hidr\u00e1ulico<\/strong>: Fornece energia \u00e0 m\u00e1quina, utilizando cilindros hidr\u00e1ulicos e pist\u00f5es para comprimir a sucata.<\/li>\n<li data-start=\"2971\" data-end=\"3052\"><strong data-start=\"2971\" data-end=\"2981\">Tremonha<\/strong>: A \u00e1rea onde a sucata met\u00e1lica \u00e9 armazenada e carregada na m\u00e1quina.<\/li>\n<li data-start=\"3056\" data-end=\"3161\"><strong data-start=\"3056\" data-end=\"3079\">C\u00e2mara de compress\u00e3o<\/strong>: A \u00e1rea onde a sucata met\u00e1lica \u00e9 compactada sob alta press\u00e3o para formar um bloco.<\/li>\n<li data-start=\"3165\" data-end=\"3272\"><strong data-start=\"3165\" data-end=\"3181\">Sistema de amarra\u00e7\u00e3o<\/strong>: Prende o bloco compactado com arame de a\u00e7o ou cintas de pl\u00e1stico para evitar que se solte.<\/li>\n<li data-start=\"3276\" data-end=\"3359\"><strong data-start=\"3276\" data-end=\"3295\">Dispositivo de eje\u00e7\u00e3o<\/strong>: Empurra o bloco atado para fora da m\u00e1quina para posterior manuseamento.<\/li>\n<\/ol>","protected":false},"excerpt":{"rendered":"<p>A enfardadeira de metal cont\u00ednua \u00e9 uma solu\u00e7\u00e3o de alta efici\u00eancia para comprimir e enfardar sucata met\u00e1lica continuamente, sem interrup\u00e7\u00f5es. Concebida para processar grandes volumes de materiais como o alum\u00ednio, o a\u00e7o e o cobre, funciona com um tempo de inatividade m\u00ednimo, garantindo um fluxo de trabalho simplificado. Ideal para parques de sucata, instala\u00e7\u00f5es de reciclagem e f\u00e1bricas de processamento de metais, esta m\u00e1quina apresenta uma constru\u00e7\u00e3o robusta, elevado rendimento e excelente densidade de fardos. O seu funcionamento cont\u00ednuo reduz os custos de m\u00e3o de obra, aumenta a produtividade e melhora a seguran\u00e7a ao conter os materiais durante o processo de enfardamento.<\/p>","protected":false},"featured_media":1733,"template":"","meta":{"site-sidebar-layout":"default","site-content-layout":"","ast-site-content-layout":"default","site-content-style":"default","site-sidebar-style":"default","ast-global-header-display":"","ast-banner-title-visibility":"","ast-main-header-display":"","ast-hfb-above-header-display":"","ast-hfb-below-header-display":"","ast-hfb-mobile-header-display":"","site-post-title":"","ast-breadcrumbs-content":"","ast-featured-img":"","footer-sml-layout":"","ast-disable-related-posts":"","theme-transparent-header-meta":"default","adv-header-id-meta":"","stick-header-meta":"","header-above-stick-meta":"","header-main-stick-meta":"","header-below-stick-meta":"","astra-migrate-meta-layouts":"set","ast-page-background-enabled":"default","ast-page-background-meta":{"desktop":{"background-color":"var(--ast-global-color-5)","background-image":"","background-repeat":"repeat","background-position":"center center","background-size":"auto","background-attachment":"scroll","background-type":"","background-media":"","overlay-type":"","overlay-color":"","overlay-opacity":"","overlay-gradient":""},"tablet":{"background-color":"","background-image":"","background-repeat":"repeat","background-position":"center center","background-size":"auto","background-attachment":"scroll","background-type":"","background-media":"","overlay-type":"","overlay-color":"","overlay-opacity":"","overlay-gradient":""},"mobile":{"background-color":"","background-image":"","background-repeat":"repeat","background-position":"center center","background-size":"auto","background-attachment":"scroll","background-type":"","background-media":"","overlay-type":"","overlay-color":"","overlay-opacity":"","overlay-gradient":""}},"ast-content-background-meta":{"desktop":{"background-color":"var(--ast-global-color-4)","background-image":"","background-repeat":"repeat","background-position":"center center","background-size":"auto","background-attachment":"scroll","background-type":"","background-media":"","overlay-type":"","overlay-color":"","overlay-opacity":"","overlay-gradient":""},"tablet":{"background-color":"var(--ast-global-color-4)","background-image":"","background-repeat":"repeat","background-position":"center center","background-size":"auto","background-attachment":"scroll","background-type":"","background-media":"","overlay-type":"","overlay-color":"","overlay-opacity":"","overlay-gradient":""},"mobile":{"background-color":"var(--ast-global-color-4)","background-image":"","background-repeat":"repeat","background-position":"center center","background-size":"auto","background-attachment":"scroll","background-type":"","background-media":"","overlay-type":"","overlay-color":"","overlay-opacity":"","overlay-gradient":""}}},"product_brand":[],"product_cat":[21,155],"product_tag":[104,103,101,102,100,99],"class_list":{"0":"post-862","1":"product","2":"type-product","3":"status-publish","4":"has-post-thumbnail","6":"product_cat-baling-machine","7":"product_cat-metal-baler","8":"product_tag-china-continuous-metal-baler-factory","9":"product_tag-china-continuous-metal-baling-machine","10":"product_tag-continuous-baler-for-aluminum-shaving","11":"product_tag-continuous-baler-for-ubc","12":"product_tag-continuous-hydraulic-baler-machine","13":"product_tag-continuous-scrap-metal-baler","14":"desktop-align-left","15":"tablet-align-left","16":"mobile-align-left","18":"first","19":"instock","20":"featured","21":"shipping-taxable","22":"product-type-simple"},"_links":{"self":[{"href":"https:\/\/www.gigapa.com\/pt\/wp-json\/wp\/v2\/product\/862","targetHints":{"allow":["GET"]}}],"collection":[{"href":"https:\/\/www.gigapa.com\/pt\/wp-json\/wp\/v2\/product"}],"about":[{"href":"https:\/\/www.gigapa.com\/pt\/wp-json\/wp\/v2\/types\/product"}],"version-history":[{"count":7,"href":"https:\/\/www.gigapa.com\/pt\/wp-json\/wp\/v2\/product\/862\/revisions"}],"predecessor-version":[{"id":2483,"href":"https:\/\/www.gigapa.com\/pt\/wp-json\/wp\/v2\/product\/862\/revisions\/2483"}],"wp:featuredmedia":[{"embeddable":true,"href":"https:\/\/www.gigapa.com\/pt\/wp-json\/wp\/v2\/media\/1733"}],"wp:attachment":[{"href":"https:\/\/www.gigapa.com\/pt\/wp-json\/wp\/v2\/media?parent=862"}],"wp:term":[{"taxonomy":"product_brand","embeddable":true,"href":"https:\/\/www.gigapa.com\/pt\/wp-json\/wp\/v2\/product_brand?post=862"},{"taxonomy":"product_cat","embeddable":true,"href":"https:\/\/www.gigapa.com\/pt\/wp-json\/wp\/v2\/product_cat?post=862"},{"taxonomy":"product_tag","embeddable":true,"href":"https:\/\/www.gigapa.com\/pt\/wp-json\/wp\/v2\/product_tag?post=862"}],"curies":[{"name":"wp","href":"https:\/\/api.w.org\/{rel}","templated":true}]}}