{"id":864,"date":"2025-05-06T16:44:45","date_gmt":"2025-05-06T08:44:45","guid":{"rendered":"https:\/\/gigapa.com\/?post_type=product&#038;p=864"},"modified":"2025-10-28T08:28:35","modified_gmt":"2025-10-28T00:28:35","slug":"cilindro-hidraulico","status":"publish","type":"product","link":"https:\/\/www.gigapa.com\/pt\/produto\/cilindro-hidraulico\/","title":{"rendered":"Cilindro hidr\u00e1ulico"},"content":{"rendered":"<h3>Introdu\u00e7\u00e3o do equipamento:<\/h3>\n<p>Um cilindro hidr\u00e1ulico \u00e9 um dispositivo que converte energia hidr\u00e1ulica em energia mec\u00e2nica, utilizado principalmente para gerar movimento e for\u00e7a lineares. \u00c9 amplamente utilizado em equipamento hidr\u00e1ulico, maquinaria de constru\u00e7\u00e3o, equipamento metal\u00fargico, navios, aeroespacial e outros campos. A nossa empresa \u00e9 uma f\u00e1brica original com m\u00e1quinas de fresagem Gantry CNC e v\u00e1rios tornos grandes, possuindo uma vasta experi\u00eancia na produ\u00e7\u00e3o e fabrico de cilindros de \u00f3leo em grande escala. Tamb\u00e9m temos a capacidade de comunica\u00e7\u00e3o t\u00e9cnica e design, o que nos permite personalizar profundamente v\u00e1rios cilindros hidr\u00e1ulicos n\u00e3o padronizados para si.<\/p>\n<div style=\"width: 1280px;\" class=\"wp-video\"><!--[if lt IE 9]><script>document.createElement('video');<\/script><![endif]-->\n<video class=\"wp-video-shortcode\" id=\"video-864-1\" width=\"1280\" height=\"720\" preload=\"metadata\" controls=\"controls\"><source type=\"video\/mp4\" src=\"https:\/\/www.gigapa.com\/wp-content\/uploads\/2025\/05\/\u6db2\u538b\u7f38.mp4?_=1\" \/><a href=\"https:\/\/www.gigapa.com\/wp-content\/uploads\/2025\/05\/\u6db2\u538b\u7f38.mp4\">https:\/\/www.gigapa.com\/wp-content\/uploads\/2025\/05\/\u6db2\u538b\u7f38.mp4<\/a><\/video><\/div>\n<h3><\/h3>\n<h3>Gama de aplica\u00e7\u00f5es:<\/h3>\n<table style=\"border-collapse: collapse; width: 795.02pt;\" border=\"0\" width=\"1060\" cellspacing=\"0\" cellpadding=\"0\">\n<tbody>\n<tr style=\"height: 13.50pt;\">\n<td style=\"height: 13.50pt; width: 155.25pt;\" width=\"207\" height=\"18\">Enfardadeiras e tesouras<\/td>\n<td style=\"width: 639.75pt;\" width=\"853\">Enfardadeiras de carros, enfardadeiras de metal, enfardadeiras verticais, enfardadeiras horizontais, tesouras de p\u00f3rtico, tesouras de caixa, tesouras de crocodilo<\/td>\n<\/tr>\n<tr style=\"height: 13.50pt;\">\n<td style=\"height: 13.50pt;\" height=\"18\">M\u00e1quinas de constru\u00e7\u00e3o<\/td>\n<td>Escavadoras, bulldozers, carregadoras<\/td>\n<\/tr>\n<tr style=\"height: 13.50pt;\">\n<td style=\"height: 13.50pt;\" height=\"18\">Processamento de metais<\/td>\n<td>Laminadores, m\u00e1quinas de vazamento cont\u00ednuo, prensas de forja<\/td>\n<\/tr>\n<tr style=\"height: 13.50pt;\">\n<td style=\"height: 13.50pt;\" height=\"18\">M\u00e1quinas industriais<\/td>\n<td>M\u00e1quinas de corte, m\u00e1quinas de perfura\u00e7\u00e3o, m\u00e1quinas de moldagem por inje\u00e7\u00e3o<\/td>\n<\/tr>\n<tr style=\"height: 13.50pt;\">\n<td style=\"height: 13.50pt;\" height=\"18\">Componentes aeroespaciais<\/td>\n<td>Trem de aterragem, controlo do leme<\/td>\n<\/tr>\n<tr style=\"height: 13.50pt;\">\n<td style=\"height: 13.50pt;\" height=\"18\">Outros equipamentos<\/td>\n<td>Prensas, plataformas elevat\u00f3rias<\/td>\n<\/tr>\n<\/tbody>\n<\/table>\n<h3>Destaques t\u00e9cnicos:<\/h3>\n<p>1. Cilindro de forjamento integral:<br \/>\nO tambor dos grandes cilindros de \u00f3leo \u00e9 feito de forjamento integral, que \u00e9 forte, sem risco de fuga de \u00f3leo, e seguro e fi\u00e1vel.<\/p>\n<p>2. Revestimento de ligas \u00e0 base de cobre:<br \/>\nA posi\u00e7\u00e3o do pist\u00e3o da haste de pist\u00e3o integrada adopta o processo de soldadura de cobre, que pode n\u00e3o s\u00f3 garantir a resist\u00eancia da pr\u00f3pria haste de pist\u00e3o, mas tamb\u00e9m obter uma superf\u00edcie de trabalho com bom desempenho de deslizamento, melhorando a vida \u00fatil do cilindro hidr\u00e1ulico.<\/p>\n<p>3. Servi\u00e7os profissionais de personaliza\u00e7\u00e3o:<br \/>\nResposta r\u00e1pida, consulta t\u00e9cnica profissional, design personalizado e servi\u00e7os de personaliza\u00e7\u00e3o de acordo com as necessidades, para atender a cen\u00e1rios de aplica\u00e7\u00e3o especiais.<\/p>","protected":false},"excerpt":{"rendered":"<p>Um cilindro hidr\u00e1ulico \u00e9 um atuador mec\u00e2nico robusto que converte a energia hidr\u00e1ulica em for\u00e7a e movimento lineares. Concebido para durar, \u00e9 composto por um pist\u00e3o, haste, tambor e vedantes, garantindo um funcionamento suave em condi\u00e7\u00f5es de alta press\u00e3o. Amplamente utilizados na constru\u00e7\u00e3o, fabrico e agricultura, os cilindros hidr\u00e1ulicos s\u00e3o excelentes para levantar, empurrar e puxar cargas pesadas com precis\u00e3o. As principais carater\u00edsticas incluem materiais resistentes \u00e0 corros\u00e3o, comprimentos de curso personaliz\u00e1veis e elevada capacidade de carga. Quer seja para maquinaria industrial, escavadoras ou prensas hidr\u00e1ulicas, os nossos cilindros oferecem fiabilidade, efici\u00eancia e longa vida \u00fatil.<\/p>","protected":false},"featured_media":1335,"template":"","meta":{"site-sidebar-layout":"default","site-content-layout":"","ast-site-content-layout":"default","site-content-style":"default","site-sidebar-style":"default","ast-global-header-display":"","ast-banner-title-visibility":"","ast-main-header-display":"","ast-hfb-above-header-display":"","ast-hfb-below-header-display":"","ast-hfb-mobile-header-display":"","site-post-title":"","ast-breadcrumbs-content":"","ast-featured-img":"","footer-sml-layout":"","ast-disable-related-posts":"","theme-transparent-header-meta":"default","adv-header-id-meta":"","stick-header-meta":"","header-above-stick-meta":"","header-main-stick-meta":"","header-below-stick-meta":"","astra-migrate-meta-layouts":"set","ast-page-background-enabled":"default","ast-page-background-meta":{"desktop":{"background-color":"var(--ast-global-color-5)","background-image":"","background-repeat":"repeat","background-position":"center center","background-size":"auto","background-attachment":"scroll","background-type":"","background-media":"","overlay-type":"","overlay-color":"","overlay-opacity":"","overlay-gradient":""},"tablet":{"background-color":"","background-image":"","background-repeat":"repeat","background-position":"center center","background-size":"auto","background-attachment":"scroll","background-type":"","background-media":"","overlay-type":"","overlay-color":"","overlay-opacity":"","overlay-gradient":""},"mobile":{"background-color":"","background-image":"","background-repeat":"repeat","background-position":"center center","background-size":"auto","background-attachment":"scroll","background-type":"","background-media":"","overlay-type":"","overlay-color":"","overlay-opacity":"","overlay-gradient":""}},"ast-content-background-meta":{"desktop":{"background-color":"var(--ast-global-color-4)","background-image":"","background-repeat":"repeat","background-position":"center center","background-size":"auto","background-attachment":"scroll","background-type":"","background-media":"","overlay-type":"","overlay-color":"","overlay-opacity":"","overlay-gradient":""},"tablet":{"background-color":"var(--ast-global-color-4)","background-image":"","background-repeat":"repeat","background-position":"center center","background-size":"auto","background-attachment":"scroll","background-type":"","background-media":"","overlay-type":"","overlay-color":"","overlay-opacity":"","overlay-gradient":""},"mobile":{"background-color":"var(--ast-global-color-4)","background-image":"","background-repeat":"repeat","background-position":"center center","background-size":"auto","background-attachment":"scroll","background-type":"","background-media":"","overlay-type":"","overlay-color":"","overlay-opacity":"","overlay-gradient":""}}},"product_brand":[],"product_cat":[19],"product_tag":[31,34,35,33,32],"class_list":{"0":"post-864","1":"product","2":"type-product","3":"status-publish","4":"has-post-thumbnail","6":"product_cat-hydraulic-components","7":"product_tag-china-hydraulic-cylinder","8":"product_tag-hydraulic-cylinder-factory","9":"product_tag-hydraulic-cylinder-for-sale","10":"product_tag-hydraulic-cylinder-manufacturer","11":"product_tag-hydraulic-cylinder-supplier","12":"desktop-align-left","13":"tablet-align-left","14":"mobile-align-left","16":"first","17":"instock","18":"shipping-taxable","19":"product-type-simple"},"_links":{"self":[{"href":"https:\/\/www.gigapa.com\/pt\/wp-json\/wp\/v2\/product\/864","targetHints":{"allow":["GET"]}}],"collection":[{"href":"https:\/\/www.gigapa.com\/pt\/wp-json\/wp\/v2\/product"}],"about":[{"href":"https:\/\/www.gigapa.com\/pt\/wp-json\/wp\/v2\/types\/product"}],"version-history":[{"count":6,"href":"https:\/\/www.gigapa.com\/pt\/wp-json\/wp\/v2\/product\/864\/revisions"}],"predecessor-version":[{"id":2773,"href":"https:\/\/www.gigapa.com\/pt\/wp-json\/wp\/v2\/product\/864\/revisions\/2773"}],"wp:featuredmedia":[{"embeddable":true,"href":"https:\/\/www.gigapa.com\/pt\/wp-json\/wp\/v2\/media\/1335"}],"wp:attachment":[{"href":"https:\/\/www.gigapa.com\/pt\/wp-json\/wp\/v2\/media?parent=864"}],"wp:term":[{"taxonomy":"product_brand","embeddable":true,"href":"https:\/\/www.gigapa.com\/pt\/wp-json\/wp\/v2\/product_brand?post=864"},{"taxonomy":"product_cat","embeddable":true,"href":"https:\/\/www.gigapa.com\/pt\/wp-json\/wp\/v2\/product_cat?post=864"},{"taxonomy":"product_tag","embeddable":true,"href":"https:\/\/www.gigapa.com\/pt\/wp-json\/wp\/v2\/product_tag?post=864"}],"curies":[{"name":"wp","href":"https:\/\/api.w.org\/{rel}","templated":true}]}}