{"id":865,"date":"2025-05-06T16:44:31","date_gmt":"2025-05-06T08:44:31","guid":{"rendered":"https:\/\/gigapa.com\/?post_type=product&#038;p=865"},"modified":"2025-10-28T08:29:29","modified_gmt":"2025-10-28T00:29:29","slug":"unidade-de-potencia-hidraulica","status":"publish","type":"product","link":"https:\/\/www.gigapa.com\/pt\/produto\/unidade-de-potencia-hidraulica\/","title":{"rendered":"Unidade de energia hidr\u00e1ulica"},"content":{"rendered":"<h3>Introdu\u00e7\u00e3o do equipamento:<\/h3>\n<p>A esta\u00e7\u00e3o hidr\u00e1ulica \u00e9 o \"cora\u00e7\u00e3o\" do sistema hidr\u00e1ulico, utilizado principalmente para fornecer a energia hidr\u00e1ulica necess\u00e1ria ao equipamento hidr\u00e1ulico. Retira \u00f3leo hidr\u00e1ulico do dep\u00f3sito de \u00f3leo, accionando a bomba de \u00f3leo com um motor el\u00e9trico ou um motor de combust\u00e3o interna. A bomba de \u00f3leo converte a energia mec\u00e2nica do motor el\u00e9trico ou do motor de combust\u00e3o interna em energia hidr\u00e1ulica, que \u00e9 depois fornecida aos cilindros hidr\u00e1ulicos, aos motores hidr\u00e1ulicos e a outros actuadores atrav\u00e9s de componentes como v\u00e1lvulas de controlo da press\u00e3o, v\u00e1lvulas de controlo direcional e tubagens para os acionar e realizar v\u00e1rias ac\u00e7\u00f5es mec\u00e2nicas.<\/p>\n<h3>Gama de aplica\u00e7\u00f5es:<\/h3>\n<table style=\"border-collapse: collapse; width: 980px; height: 352px;\" border=\"0\" width=\"733\" cellspacing=\"0\" cellpadding=\"0\">\n<tbody>\n<tr style=\"height: 13.50pt;\">\n<td style=\"height: 13.50pt; width: 155.25pt;\" width=\"207\" height=\"18\">Enfardadeiras<\/td>\n<td style=\"width: 394.50pt;\" width=\"526\">Enfardadeiras de carros, enfardadeiras de metal, enfardadeiras verticais, enfardadeiras horizontais<\/td>\n<\/tr>\n<tr style=\"height: 13.50pt;\">\n<td style=\"height: 13.50pt;\" height=\"18\">Tesouras e trituradores<\/td>\n<td>Tesouras de p\u00f3rtico, tesouras de caixa, tesouras de crocodilo, trituradores hidr\u00e1ulicos<\/td>\n<\/tr>\n<tr style=\"height: 13.50pt;\">\n<td style=\"height: 13.50pt;\" height=\"18\">Equipamento de forjamento<\/td>\n<td>M\u00e1quinas de forjar, m\u00e1quinas de fundi\u00e7\u00e3o sob press\u00e3o<\/td>\n<\/tr>\n<tr style=\"height: 13.50pt;\">\n<td style=\"height: 13.50pt;\" height=\"18\">M\u00e1quinas para trabalhar madeira<\/td>\n<td>Plainas, m\u00e1quinas de serrar, m\u00e1quinas de fresar<\/td>\n<\/tr>\n<tr style=\"height: 13.50pt;\">\n<td style=\"height: 13.50pt;\" height=\"18\">Equipamento de processamento<\/td>\n<td>M\u00e1quinas de corte, m\u00e1quinas de perfura\u00e7\u00e3o<\/td>\n<\/tr>\n<tr style=\"height: 13.50pt;\">\n<td style=\"height: 13.50pt;\" height=\"18\">M\u00e1quinas de pl\u00e1stico<\/td>\n<td>M\u00e1quinas de moldagem por inje\u00e7\u00e3o<\/td>\n<\/tr>\n<tr style=\"height: 13.50pt;\">\n<td style=\"height: 13.50pt;\" height=\"18\">Outros campos<\/td>\n<td>Prensas, plataformas elevat\u00f3rias<\/td>\n<\/tr>\n<\/tbody>\n<\/table>\n<h3>Destaques t\u00e9cnicos:<\/h3>\n<p>1. Design personalizado:<br \/>\nA conce\u00e7\u00e3o profissional personalizada \u00e9 fornecida com base em cen\u00e1rios de aplica\u00e7\u00e3o, requisitos de carga, esquemas de controlo e trabalho.<\/p>\n<p>2. Apoio t\u00e9cnico:<br \/>\n\u00c9 oferecido apoio t\u00e9cnico e forma\u00e7\u00e3o abrangentes para ajudar os utilizadores a familiarizarem-se com a utiliza\u00e7\u00e3o e manuten\u00e7\u00e3o das esta\u00e7\u00f5es hidr\u00e1ulicas.<\/p>\n<p>3. Apoio p\u00f3s-venda:<br \/>\nO servi\u00e7o p\u00f3s-venda a longo prazo \u00e9 fornecido para garantir o funcionamento est\u00e1vel das esta\u00e7\u00f5es hidr\u00e1ulicas.<\/p>","protected":false},"excerpt":{"rendered":"<p>A Unidade de Energia Hidr\u00e1ulica (HPU) \u00e9 um componente crucial utilizado em sistemas hidr\u00e1ulicos para fornecer a energia necess\u00e1ria para v\u00e1rias aplica\u00e7\u00f5es industriais. \u00c9 constitu\u00edda por um motor, uma bomba, um reservat\u00f3rio e v\u00e1lvulas de controlo, que trabalham em conjunto para gerar, armazenar e regular a press\u00e3o hidr\u00e1ulica. As HPUs s\u00e3o normalmente utilizadas em m\u00e1quinas como enfardadeiras, prensas e elevadores, oferecendo elevada efici\u00eancia e fiabilidade. Concebidas para serem dur\u00e1veis, s\u00e3o capazes de lidar com opera\u00e7\u00f5es pesadas, garantindo um desempenho suave e cont\u00ednuo.<\/p>","protected":false},"featured_media":1906,"template":"","meta":{"site-sidebar-layout":"default","site-content-layout":"","ast-site-content-layout":"default","site-content-style":"default","site-sidebar-style":"default","ast-global-header-display":"","ast-banner-title-visibility":"","ast-main-header-display":"","ast-hfb-above-header-display":"","ast-hfb-below-header-display":"","ast-hfb-mobile-header-display":"","site-post-title":"","ast-breadcrumbs-content":"","ast-featured-img":"","footer-sml-layout":"","ast-disable-related-posts":"","theme-transparent-header-meta":"default","adv-header-id-meta":"","stick-header-meta":"","header-above-stick-meta":"","header-main-stick-meta":"","header-below-stick-meta":"","astra-migrate-meta-layouts":"set","ast-page-background-enabled":"default","ast-page-background-meta":{"desktop":{"background-color":"var(--ast-global-color-5)","background-image":"","background-repeat":"repeat","background-position":"center center","background-size":"auto","background-attachment":"scroll","background-type":"","background-media":"","overlay-type":"","overlay-color":"","overlay-opacity":"","overlay-gradient":""},"tablet":{"background-color":"","background-image":"","background-repeat":"repeat","background-position":"center center","background-size":"auto","background-attachment":"scroll","background-type":"","background-media":"","overlay-type":"","overlay-color":"","overlay-opacity":"","overlay-gradient":""},"mobile":{"background-color":"","background-image":"","background-repeat":"repeat","background-position":"center center","background-size":"auto","background-attachment":"scroll","background-type":"","background-media":"","overlay-type":"","overlay-color":"","overlay-opacity":"","overlay-gradient":""}},"ast-content-background-meta":{"desktop":{"background-color":"var(--ast-global-color-4)","background-image":"","background-repeat":"repeat","background-position":"center center","background-size":"auto","background-attachment":"scroll","background-type":"","background-media":"","overlay-type":"","overlay-color":"","overlay-opacity":"","overlay-gradient":""},"tablet":{"background-color":"var(--ast-global-color-4)","background-image":"","background-repeat":"repeat","background-position":"center center","background-size":"auto","background-attachment":"scroll","background-type":"","background-media":"","overlay-type":"","overlay-color":"","overlay-opacity":"","overlay-gradient":""},"mobile":{"background-color":"var(--ast-global-color-4)","background-image":"","background-repeat":"repeat","background-position":"center center","background-size":"auto","background-attachment":"scroll","background-type":"","background-media":"","overlay-type":"","overlay-color":"","overlay-opacity":"","overlay-gradient":""}}},"product_brand":[],"product_cat":[19],"product_tag":[36,39,41,38,40,37],"class_list":{"0":"post-865","1":"product","2":"type-product","3":"status-publish","4":"has-post-thumbnail","6":"product_cat-hydraulic-components","7":"product_tag-china-hydraulic-power-unit","8":"product_tag-hydraulic-power-unit-factory","9":"product_tag-hydraulic-power-unit-for-sale","10":"product_tag-hydraulic-power-unit-manufacturer","11":"product_tag-hydraulic-power-unit-price","12":"product_tag-hydraulic-power-unit-supplier","13":"desktop-align-left","14":"tablet-align-left","15":"mobile-align-left","17":"first","18":"instock","19":"shipping-taxable","20":"product-type-simple"},"_links":{"self":[{"href":"https:\/\/www.gigapa.com\/pt\/wp-json\/wp\/v2\/product\/865","targetHints":{"allow":["GET"]}}],"collection":[{"href":"https:\/\/www.gigapa.com\/pt\/wp-json\/wp\/v2\/product"}],"about":[{"href":"https:\/\/www.gigapa.com\/pt\/wp-json\/wp\/v2\/types\/product"}],"version-history":[{"count":4,"href":"https:\/\/www.gigapa.com\/pt\/wp-json\/wp\/v2\/product\/865\/revisions"}],"predecessor-version":[{"id":2774,"href":"https:\/\/www.gigapa.com\/pt\/wp-json\/wp\/v2\/product\/865\/revisions\/2774"}],"wp:featuredmedia":[{"embeddable":true,"href":"https:\/\/www.gigapa.com\/pt\/wp-json\/wp\/v2\/media\/1906"}],"wp:attachment":[{"href":"https:\/\/www.gigapa.com\/pt\/wp-json\/wp\/v2\/media?parent=865"}],"wp:term":[{"taxonomy":"product_brand","embeddable":true,"href":"https:\/\/www.gigapa.com\/pt\/wp-json\/wp\/v2\/product_brand?post=865"},{"taxonomy":"product_cat","embeddable":true,"href":"https:\/\/www.gigapa.com\/pt\/wp-json\/wp\/v2\/product_cat?post=865"},{"taxonomy":"product_tag","embeddable":true,"href":"https:\/\/www.gigapa.com\/pt\/wp-json\/wp\/v2\/product_tag?post=865"}],"curies":[{"name":"wp","href":"https:\/\/api.w.org\/{rel}","templated":true}]}}